{"id":1223,"date":"2025-07-18T02:29:44","date_gmt":"2025-07-18T02:29:44","guid":{"rendered":"https:\/\/customacrylicproduct.com\/?post_type=product&#038;p=1223"},"modified":"2025-07-22T08:30:21","modified_gmt":"2025-07-22T08:30:21","slug":"colored-transparent-acrylic-line-stick-stripe-stick","status":"publish","type":"product","link":"https:\/\/customacrylicproduct.com\/it\/colored-transparent-acrylic-line-stick-stripe-stick\/","title":{"rendered":"Linea acrilica trasparente colorata Stick Stripe Stick"},"content":{"rendered":"<h3 id=\"-presenting-the-colored-red-stripe-polymer-pole-where-clarity-fulfills-shade-in-perfect-consistency-\"><strong>Vi presentiamo l'asta polimerica colorata a strisce rosse: Dove la chiarezza si sposa con l'ombra in perfetta coerenza<\/strong><\/h3>\n<p>Immaginate una linea di tonalit\u00e0 pure e vibranti sospese senza peso in una forma cristallina. Immaginate un prodotto che cattura la luce, gioca con la comprensione e fornisce un'estetica elegante e contemporanea a qualsiasi attivit\u00e0 che valorizza. Questa \u00e8 la verit\u00e0 della nostra linea di strisce polimeriche trasparenti colorate: un prodotto innovativo realizzato per creatori, sviluppatori, designer e pionieri che richiedono fascino e prestazioni.<\/p>\n<p>Queste aste sono molto di pi\u00f9 di un semplice pezzo di plastica: sono un aspetto del layout, una fonte di idee e una testimonianza della moderna precisione di produzione. Grazie alla perfetta coestrusione di un'anima colorata all'interno di un'asta esterna in acrilico trasparente, abbiamo creato un prodotto che offre un effetto visivo sensazionale e speciale. Il colore non ricopre semplicemente la superficie, ma \u00e8 presente in profondit\u00e0 nel materiale, producendo una straordinaria sensazione di profondit\u00e0 e l'illusione ottica di una striscia rossa fluttuante. Che si tratti di un gioiello su misura, di un progetto architettonico all'avanguardia o di uno schermo per la vendita al dettaglio unico nel suo genere, queste aste in acrilico offrono un tocco di raffinatezza e una tonalit\u00e0 che non ha eguali.<\/p>\n<p><img fetchpriority=\"high\" decoding=\"async\" class=\"wp-image-1226 size-full aligncenter\" src=\"https:\/\/customacrylicproduct.com\/wp-content\/uploads\/2025\/07\/O1CN01X4vhTD1vK7j6eIzho_2208159816153-0-cib.jpg\" alt=\"Linea acrilica Stick\" width=\"800\" height=\"800\" srcset=\"https:\/\/customacrylicproduct.com\/wp-content\/uploads\/2025\/07\/O1CN01X4vhTD1vK7j6eIzho_2208159816153-0-cib.jpg 800w, https:\/\/customacrylicproduct.com\/wp-content\/uploads\/2025\/07\/O1CN01X4vhTD1vK7j6eIzho_2208159816153-0-cib-300x300.jpg 300w, https:\/\/customacrylicproduct.com\/wp-content\/uploads\/2025\/07\/O1CN01X4vhTD1vK7j6eIzho_2208159816153-0-cib-150x150.jpg 150w, https:\/\/customacrylicproduct.com\/wp-content\/uploads\/2025\/07\/O1CN01X4vhTD1vK7j6eIzho_2208159816153-0-cib-768x768.jpg 768w, https:\/\/customacrylicproduct.com\/wp-content\/uploads\/2025\/07\/O1CN01X4vhTD1vK7j6eIzho_2208159816153-0-cib-600x600.jpg 600w, https:\/\/customacrylicproduct.com\/wp-content\/uploads\/2025\/07\/O1CN01X4vhTD1vK7j6eIzho_2208159816153-0-cib-100x100.jpg 100w\" sizes=\"(max-width: 800px) 100vw, 800px\" \/><\/p>\n<p>&nbsp;<\/p>\n<h4 id=\"-the-core-of-the-issue-unparalleled-design-and-material-top-quality-\"><strong>Il cuore del problema: Design e qualit\u00e0 dei materiali senza precedenti<\/strong><\/h4>\n<p>Il cuore del nostro articolo \u00e8 il materiale stesso: polimetilmetacrilato (PMMA) di alta qualit\u00e0, pi\u00f9 frequentemente noto come acrilico o plexiglass. Famoso per le sue eccezionali caratteristiche costruttive, l'acrilico \u00e8 il mezzo migliore per questo ingegnoso design.<\/p>\n<ul>\n<li><strong>Chiarezza ottica:\u00a0<\/strong>Il nostro acrilico vanta un tasso di trasmittanza luminosa di oltre 92%, superando persino quello del vetro standard. Questo rivestimento esterno cristallino imita un'eccellente lente, ingrandendo e salvaguardando il vibrante colore interno senza alcuna distorsione o ingiallimento graduale. Il risultato \u00e8 un colore che appare pi\u00f9 puro e brillante che se fosse in superficie.<\/li>\n<li><strong>Colore dinamico e saturo:\u00a0<\/strong>La striscia interna non \u00e8 un tubo vuoto o una linea ridipinta. Si tratta di un robusto nucleo di polimero altamente pigmentato. Questo garantisce che la tonalit\u00e0 sia costante per tutta la dimensione dell'asta, dai blu profondi e dai rossi entusiasti ai gialli elettrici e ai viola eleganti. Se ridotta, la sezione trasversale rivela un eccellente e forte cerchio di colore racchiuso in un anello trasparente, un dettaglio attraente di per s\u00e9.<\/li>\n<li><strong>Resistenza e forza:\u00a0<\/strong>Pur avendo la bellezza del vetro, i nostri pali in acrilico sono molto pi\u00f9 duraturi e resistenti agli urti. Sono dieci volte pi\u00f9 resistenti agli urti rispetto al vetro dello stesso spessore, il che li rende una scelta pi\u00f9 sicura e funzionale per un'ampia variet\u00e0 di applicazioni, tra cui spettacoli e prodotti funzionali di home design.<\/li>\n<li><strong>Leggero e pratico:\u00a0<\/strong>Il polimero pesa meno della met\u00e0 del vetro e quindi \u00e8 pi\u00f9 facile da maneggiare, trasportare e installare. Inoltre, \u00e8 il sogno dei costruttori. Questi pali possono essere comodamente tagliati, forati, levigati, brillantati e anche piegati a caldo per creare forme e tipi personalizzati, il tutto mantenendo l'onest\u00e0 strutturale e il fascino estetico.<\/li>\n<\/ul>\n<p><img decoding=\"async\" class=\"size-full wp-image-1225 aligncenter\" src=\"https:\/\/customacrylicproduct.com\/wp-content\/uploads\/2025\/07\/O1CN01Tzz01z1vK7j34EWPB_2208159816153-0-cib.jpg\" alt=\"Linea acrilica Stick\" width=\"800\" height=\"800\" srcset=\"https:\/\/customacrylicproduct.com\/wp-content\/uploads\/2025\/07\/O1CN01Tzz01z1vK7j34EWPB_2208159816153-0-cib.jpg 800w, https:\/\/customacrylicproduct.com\/wp-content\/uploads\/2025\/07\/O1CN01Tzz01z1vK7j34EWPB_2208159816153-0-cib-300x300.jpg 300w, https:\/\/customacrylicproduct.com\/wp-content\/uploads\/2025\/07\/O1CN01Tzz01z1vK7j34EWPB_2208159816153-0-cib-150x150.jpg 150w, https:\/\/customacrylicproduct.com\/wp-content\/uploads\/2025\/07\/O1CN01Tzz01z1vK7j34EWPB_2208159816153-0-cib-768x768.jpg 768w, https:\/\/customacrylicproduct.com\/wp-content\/uploads\/2025\/07\/O1CN01Tzz01z1vK7j34EWPB_2208159816153-0-cib-600x600.jpg 600w, https:\/\/customacrylicproduct.com\/wp-content\/uploads\/2025\/07\/O1CN01Tzz01z1vK7j34EWPB_2208159816153-0-cib-100x100.jpg 100w\" sizes=\"(max-width: 800px) 100vw, 800px\" \/><\/p>\n<p>&nbsp;<\/p>\n<p>&nbsp;<\/p>\n<h4 id=\"-release-your-creative-thinking-an-universe-of-applications-\"><strong>Liberare il pensiero creativo: Un universo di applicazioni<\/strong><\/h4>\n<p>Le possibilit\u00e0 reali dei nostri bastoncini di polimero colorati a strisce rosse sono limitate solo dalla vostra creativit\u00e0. La loro flessibilit\u00e0 li rende un elemento importante in un'ampia variet\u00e0 di campi.<\/p>\n<p><strong>Per l'artista e il designer:\u00a0<\/strong>. Sviluppare sculture mozzafiato in cui le linee d'ombra sembrano sfidare la gravit\u00e0. Costruite allestimenti d'arte dettagliati che si fondono con la luce ambientale, proiettando l'oscurit\u00e0 colorata e producendo esperienze visive vibranti. L'estetica snella e minimalista \u00e8 ideale per gli oggetti d'arte contemporanea che controllano i temi del genere, dell'area e dell'ombra.<\/p>\n<p><strong>Per l'architetto e il creatore di versioni:\u00a0<\/strong>. Date vita ai modelli di edifici con informazioni eccezionali. Utilizzate i pali per rappresentare elementi strutturali, accenti ornamentali o idee astratte come il flusso di informazioni o le linee di energia all'interno di una struttura. L'accuratezza e le dimensioni regolari li rendono ideali per produrre versioni di gamma esperte e di grande impatto che collegano correttamente la vostra visione. Un sottile palo blu potrebbe rappresentare un elemento d'acqua, mentre uno rosso potrebbe indicare un fascio di luce strutturale essenziale.<\/p>\n<p><strong>Per gli amanti del fai-da-te e per i creativi:\u00a0<\/strong>. Elevate i vostri progetti di artigianato da fatti in casa a prodotti di alta qualit\u00e0. Tagliate le aste in grani per ottenere gioielli sensazionali e moderni. Producete cassetti e maniglie per armadietti unici per un angolo cottura o un mobile personalizzato. Create eleganti portafoto, eleganti portapenne o le gambe di un piccolo tavolino in acrilico. Le possibilit\u00e0 di personalizzare il vostro spazio e le vostre produzioni sono illimitate.<\/p>\n<p><strong>Per spazi commerciali e al dettaglio:\u00a0<\/strong>. Nel mondo della vendita al dettaglio visiva, l'attenzione del cliente \u00e8 estremamente importante. Utilizzate queste aste per creare schermi espositivi POP (Point-of-Purchase) accattivanti, sofisticati espositori per articoli o insegne uniche che rafforzino l'identificazione del vostro marchio. Il gioco di luci, trasparenze e ombre crea una sensazione di qualit\u00e0 che rende pi\u00f9 appetibile qualsiasi tipo di articolo.<\/p>\n<p><strong>Per l'illuminazione e la decorazione:\u00a0<\/strong>. Integrare questi pali in apparecchi di illuminazione personalizzati. Immaginate un lampadario costruito con tanti bastoncini, ognuno dei quali cattura la luce e sviluppa un bagliore colorato e sorprendente. Come elementi decorativi, possono essere utilizzati come bastoni per tende unici per piccole finestre, come balaustre per scale alla moda o semplicemente preparati in un portafiori come composizione permanente e contemporanea.<\/p>\n<p><img decoding=\"async\" class=\"size-full wp-image-1224 aligncenter\" src=\"https:\/\/customacrylicproduct.com\/wp-content\/uploads\/2025\/07\/O1CN01bTZVPL1vK7j5fOc9o_2208159816153-0-cib.jpg\" alt=\"Linea acrilica Stick\" width=\"800\" height=\"800\" srcset=\"https:\/\/customacrylicproduct.com\/wp-content\/uploads\/2025\/07\/O1CN01bTZVPL1vK7j5fOc9o_2208159816153-0-cib.jpg 800w, https:\/\/customacrylicproduct.com\/wp-content\/uploads\/2025\/07\/O1CN01bTZVPL1vK7j5fOc9o_2208159816153-0-cib-300x300.jpg 300w, https:\/\/customacrylicproduct.com\/wp-content\/uploads\/2025\/07\/O1CN01bTZVPL1vK7j5fOc9o_2208159816153-0-cib-150x150.jpg 150w, https:\/\/customacrylicproduct.com\/wp-content\/uploads\/2025\/07\/O1CN01bTZVPL1vK7j5fOc9o_2208159816153-0-cib-768x768.jpg 768w, https:\/\/customacrylicproduct.com\/wp-content\/uploads\/2025\/07\/O1CN01bTZVPL1vK7j5fOc9o_2208159816153-0-cib-600x600.jpg 600w, https:\/\/customacrylicproduct.com\/wp-content\/uploads\/2025\/07\/O1CN01bTZVPL1vK7j5fOc9o_2208159816153-0-cib-100x100.jpg 100w\" sizes=\"(max-width: 800px) 100vw, 800px\" \/><\/p>\n<p>&nbsp;<\/p>\n<h4 id=\"-precision-in-every-millimeter-\"><strong>Precisione in ogni millimetro<\/strong><\/h4>\n<p>Siamo consapevoli che per le applicazioni specialistiche la qualit\u00e0 e la coerenza non sono negoziabili. I nostri bastoncini colorati in polimero trasparente sono prodotti utilizzando un'avanzata procedura di co-estrusione che garantisce un nucleo interno perfettamente centrato e un diametro costante lungo l'intera dimensione del bastoncino. Ogni bastoncino viene controllato accuratamente per garantire l'assenza di bolle, vuoti e imperfezioni della superficie. Le rifiniture vengono tagliate in modo netto, esponendo l'attraente sezione trasversale, e la superficie viene lucidata fino a ottenere una finitura lucida e liscia al tatto.<\/p>\n<p>Disponibili in un'ampia gamma di tonalit\u00e0 e in una serie di diametri comuni, le nostre aste offrono l'adattabilit\u00e0 necessaria per qualsiasi tipo di progetto, grande o piccolo che sia. Offriamo inoltre la possibilit\u00e0 di richiedere misure personalizzate, riducendo al minimo gli sprechi e assicurandovi di ottenere il materiale specifico richiesto.<\/p>\n<h4 id=\"-technical-specs-\"><strong>Specifiche tecniche:<\/strong><\/h4>\n<ul>\n<li><strong>Prodotto:\u00a0<\/strong>Polimetilmetacrilato co-estruso (PMMA) di alta qualit\u00e0.<\/li>\n<li><strong>Struttura:\u00a0<\/strong>Asta esterna solida e trasparente con anima interna solida e colorata.<\/li>\n<li><strong>Colori disponibili:\u00a0<\/strong>Crystal Clear (con striscia rossa interna), Royal Blue, Sky Blue, Ruby Red, Sundown Orange, Canary Yellow, Deep Purple, Emerald Green Green e molti altri.<\/li>\n<li><strong>Fine:\u00a0<\/strong>Superficie altamente raffinata e lucida.<\/li>\n<li><strong>Caratteristiche:\u00a0<\/strong>Resistente ai raggi UV, agli agenti atmosferici, leggero e di facile produzione.<\/li>\n<\/ul>\n<h4 id=\"-boost-your-vision-\"><strong>Aumentare la vista<\/strong><\/h4>\n<p>Non scegliete materiali mediocri. Scegliete un prodotto che motiva, che esegue, che d\u00e0 una dimensione unica e sofisticata al vostro lavoro. I nostri bastoncini acrilici trasparenti colorati della linea Red Stripe sono pi\u00f9 di un semplice materiale di base: sono un motore per la creazione. Sono la linea pulita, l'accento dinamico e la chiara opzione per chiunque voglia superare i limiti dello stile.<\/p>\n<p>Ordinate il vostro oggi stesso e scoprite come una semplice linea d'ombra, perfettamente sospesa nella chiarezza del cristallo, possa trasformare il vostro prossimo lavoro da un'idea a una sorprendente verit\u00e0.<\/p>","protected":false},"excerpt":{"rendered":"<p class=\"ng-star-inserted\"><span class=\"ng-star-inserted\">Aggiungete un tocco di colore vivace con i nostri bastoncini in acrilico! Ogni bastoncino resistente e trasparente presenta un'unica striscia interna colorata per un look moderno e sorprendente. Perfetti per lavori di bricolage, modelli architettonici e decorazioni accattivanti. Di alta qualit\u00e0, trasparenti e infinitamente versatili.<\/span><\/p>\n<p class=\"ng-star-inserted\">","protected":false},"featured_media":1226,"template":"","meta":{"_kad_post_transparent":"default","_kad_post_title":"","_kad_post_layout":"default","_kad_post_sidebar_id":"","_kad_post_content_style":"default","_kad_post_vertical_padding":"default","_kad_post_feature":"","_kad_post_feature_position":"","_kad_post_header":false,"_kad_post_footer":false,"_kad_post_classname":""},"product_brand":[],"product_cat":[23],"product_tag":[116],"class_list":{"0":"post-1223","1":"product","2":"type-product","3":"status-publish","4":"has-post-thumbnail","6":"product_cat-custom-acrylic-rods-tubes","7":"product_tag-colored-transparent-acrylic","9":"first","10":"instock","11":"shipping-taxable","12":"product-type-simple","13":"entry","14":"content-bg","15":"loop-entry"},"_links":{"self":[{"href":"https:\/\/customacrylicproduct.com\/it\/wp-json\/wp\/v2\/product\/1223","targetHints":{"allow":["GET"]}}],"collection":[{"href":"https:\/\/customacrylicproduct.com\/it\/wp-json\/wp\/v2\/product"}],"about":[{"href":"https:\/\/customacrylicproduct.com\/it\/wp-json\/wp\/v2\/types\/product"}],"wp:featuredmedia":[{"embeddable":true,"href":"https:\/\/customacrylicproduct.com\/it\/wp-json\/wp\/v2\/media\/1226"}],"wp:attachment":[{"href":"https:\/\/customacrylicproduct.com\/it\/wp-json\/wp\/v2\/media?parent=1223"}],"wp:term":[{"taxonomy":"product_brand","embeddable":true,"href":"https:\/\/customacrylicproduct.com\/it\/wp-json\/wp\/v2\/product_brand?post=1223"},{"taxonomy":"product_cat","embeddable":true,"href":"https:\/\/customacrylicproduct.com\/it\/wp-json\/wp\/v2\/product_cat?post=1223"},{"taxonomy":"product_tag","embeddable":true,"href":"https:\/\/customacrylicproduct.com\/it\/wp-json\/wp\/v2\/product_tag?post=1223"}],"curies":[{"name":"wp","href":"https:\/\/api.w.org\/{rel}","templated":true}]}}