{"id":1227,"date":"2025-07-18T02:43:01","date_gmt":"2025-07-18T02:43:01","guid":{"rendered":"https:\/\/customacrylicproduct.com\/?post_type=product&#038;p=1227"},"modified":"2025-07-18T03:20:06","modified_gmt":"2025-07-18T03:20:06","slug":"trendy-custom-stone-pattern-transparent-color-acrylic-box-custom-made","status":"publish","type":"product","link":"https:\/\/customacrylicproduct.com\/it\/trendy-custom-stone-pattern-transparent-color-acrylic-box-custom-made\/","title":{"rendered":"Personalizzato alla moda modello di pietra trasparente scatola acrilica Custom"},"content":{"rendered":"<h3 id=\"sculpted-light-the-trendy-personalized-stone-patterned-acrylic-box\">Luce scolpita: La scatola personalizzata di tendenza in acrilico con motivi di pietra<\/h3>\n<p>Nel pianeta dello stile contemporaneo, uno degli oggetti pi\u00f9 accattivanti nasce dall'imprevista fusione di prodotti e strutture. Vi invitiamo a scoprire un cambio di paradigma nell'arte ornamentale e nello stile utile: la Scatola acrilica alla moda con motivo a pietra trasparente. Non si tratta di un semplice contenitore, ma di un pezzo di luce scolpito, un aspetto costruttivo che coniuga l'eleganza grezza e naturale della natura con la raffinatezza pulita e moderna dell'acrilico di ultima generazione. Pensata per la persona critica, lo sviluppatore di interni e il marchio di fascia alta, questa produzione su misura offre la possibilit\u00e0 di infondere a qualsiasi tipo di ambiente una personalit\u00e0 e uno stile eccezionali.<\/p>\n<figure id=\"attachment_1230\" aria-describedby=\"caption-attachment-1230\" style=\"width: 800px\" class=\"wp-caption aligncenter\"><img fetchpriority=\"high\" decoding=\"async\" class=\"size-full wp-image-1230\" src=\"https:\/\/customacrylicproduct.com\/wp-content\/uploads\/2025\/07\/O1CN01NY60Cs2D4hQz59M7R_2208409208556-0-cib.jpg\" alt=\"Scatola in acrilico\" width=\"800\" height=\"800\" srcset=\"https:\/\/customacrylicproduct.com\/wp-content\/uploads\/2025\/07\/O1CN01NY60Cs2D4hQz59M7R_2208409208556-0-cib.jpg 800w, https:\/\/customacrylicproduct.com\/wp-content\/uploads\/2025\/07\/O1CN01NY60Cs2D4hQz59M7R_2208409208556-0-cib-300x300.jpg 300w, https:\/\/customacrylicproduct.com\/wp-content\/uploads\/2025\/07\/O1CN01NY60Cs2D4hQz59M7R_2208409208556-0-cib-150x150.jpg 150w, https:\/\/customacrylicproduct.com\/wp-content\/uploads\/2025\/07\/O1CN01NY60Cs2D4hQz59M7R_2208409208556-0-cib-768x768.jpg 768w, https:\/\/customacrylicproduct.com\/wp-content\/uploads\/2025\/07\/O1CN01NY60Cs2D4hQz59M7R_2208409208556-0-cib-600x600.jpg 600w, https:\/\/customacrylicproduct.com\/wp-content\/uploads\/2025\/07\/O1CN01NY60Cs2D4hQz59M7R_2208409208556-0-cib-100x100.jpg 100w\" sizes=\"(max-width: 800px) 100vw, 800px\" \/><figcaption id=\"caption-attachment-1230\" class=\"wp-caption-text\">Scatola in acrilico<\/figcaption><\/figure>\n<p>&nbsp;<\/p>\n<h4 id=\"-the-aesthetic-a-harmony-of-light-and-structure-\"><strong>L'estetica: Un'armonia di luce e struttura<\/strong><\/h4>\n<p>Al primo sguardo, la scatola in acrilico stupisce per la sua straordinaria superficie. Non si ricorda il livello di levigatezza, prevedibile, del tipico acrilico. Questo pezzo vanta un motivo profondamente in rilievo, simile a una pietra, che evoca un'ampia variet\u00e0 di meraviglie naturali. \u00c8 la faccia robusta di una pietra appena estratta, l'intricata cristallizzazione del ghiaccio antartico e l'increspatura dolce e ondulata della superficie dell'acqua, il tutto registrato in un momento di animazione in attesa.<\/p>\n<p>Questa texture distinta \u00e8 il cuore del suo punto di vista stilistico. \u00c8 una superficie interattiva che si diverte con la luce in una danza vibrante e mutevole. Quando la luce del sole o dell'ambiente colpisce la scatola, non si limita a passarvi attraverso; viene catturata, rifratta e dispersa negli elementi cesellati, proiettando un complesso e ipnotico schema di luce e oscurit\u00e0 sulle superfici vicine. Questa diffusione della luce ammorbidisce l'ambiente circostante, creando un'atmosfera di calma e lusso. Il risultato \u00e8 un oggetto che sembra prendere vita, cambiando nel corso della giornata a seconda della luce.<\/p>\n<p>La lavorazione artigianale \u00e8 ulteriormente illustrata nelle informazioni. Mentre le facce esterne sono ricche di questo aspetto naturale, i bordi superiori e le pareti interne sono lucidati fino a raggiungere un'impeccabile levigatezza simile al vetro. Questo contrasto intenzionale evidenzia l'adattabilit\u00e0 del materiale e l'abilit\u00e0 degli artigiani. Le spesse e notevoli superfici delle pareti, evidenti nella sezione trasversale, conferiscono al pezzo un peso e una visibilit\u00e0 gratificanti, rafforzandone l'alta qualit\u00e0 e la robustezza. La sensazione \u00e8 quella di essere al tempo stesso elementare e levigato, un oggetto robusto trasformato in un'opera d'arte.<\/p>\n<figure id=\"attachment_1229\" aria-describedby=\"caption-attachment-1229\" style=\"width: 800px\" class=\"wp-caption aligncenter\"><img decoding=\"async\" class=\"size-full wp-image-1229\" src=\"https:\/\/customacrylicproduct.com\/wp-content\/uploads\/2025\/07\/O1CN01nrslN12D4hQz5AIJc_2208409208556-0-cib.jpg\" alt=\"Scatola in acrilico\" width=\"800\" height=\"800\" srcset=\"https:\/\/customacrylicproduct.com\/wp-content\/uploads\/2025\/07\/O1CN01nrslN12D4hQz5AIJc_2208409208556-0-cib.jpg 800w, https:\/\/customacrylicproduct.com\/wp-content\/uploads\/2025\/07\/O1CN01nrslN12D4hQz5AIJc_2208409208556-0-cib-300x300.jpg 300w, https:\/\/customacrylicproduct.com\/wp-content\/uploads\/2025\/07\/O1CN01nrslN12D4hQz5AIJc_2208409208556-0-cib-150x150.jpg 150w, https:\/\/customacrylicproduct.com\/wp-content\/uploads\/2025\/07\/O1CN01nrslN12D4hQz5AIJc_2208409208556-0-cib-768x768.jpg 768w, https:\/\/customacrylicproduct.com\/wp-content\/uploads\/2025\/07\/O1CN01nrslN12D4hQz5AIJc_2208409208556-0-cib-600x600.jpg 600w, https:\/\/customacrylicproduct.com\/wp-content\/uploads\/2025\/07\/O1CN01nrslN12D4hQz5AIJc_2208409208556-0-cib-100x100.jpg 100w\" sizes=\"(max-width: 800px) 100vw, 800px\" \/><figcaption id=\"caption-attachment-1229\" class=\"wp-caption-text\">Scatola in acrilico<\/figcaption><\/figure>\n<p>&nbsp;<\/p>\n<h4 id=\"-unparalleled-convenience-where-kind-meets-feature-\"><strong>Convenienza senza pari: Dove la gentilezza incontra la funzionalit\u00e0<\/strong><\/h4>\n<p>La verit\u00e0 brillante della scatola in polimero con motivo a pietra su misura sta nella sua illimitata adattabilit\u00e0. La sua magnifica estetica \u00e8 pari solo alla sua funzionalit\u00e0, che le consente di svolgere un'ampia variet\u00e0 di funzioni sia in ambito domestico che aziendale.<\/p>\n<p>&nbsp;<\/p>\n<p><strong>Per la casa moderna:<\/strong><\/p>\n<ul>\n<li><strong>Un centrotavola di dichiarazione:\u00a0<\/strong>Posizionata su una consolle, un tavolino o un caminetto, la scatola si basa su se stessa come un potente oggetto scultoreo. Il suo aspetto accattivante e la sua interazione con la luce lo rendono un punto focale immediato.<\/li>\n<li><strong>Una fioriera elegante:\u00a0<\/strong>Immaginate la poesia estetica di una delicata orchidea, di una collezione di piante grasse dinamiche o di una pianta d'aria minimalista ospitata all'interno. Le pareti trasparenti e strutturate sviluppano un effetto simile a un terrario, offrendo una visione alterata e artistica dei sistemi di origine e del terreno, trasformando il giardinaggio in arte.<\/li>\n<li><strong>Un vaso sofisticato:\u00a0<\/strong>Utilizzatelo per esporre uno stelo solitario notevole, un bouquet lussureggiante o una moderna pianta ikebana. L'aspetto gelido, simile a quello di una pietra, crea un contrasto sorprendente con la delicatezza e il colore dei fiori freschi.<\/li>\n<li><strong>Un organizzatore stravagante:\u00a0<\/strong>Per riporre cosmetici di alta gamma, profumi, articoli di cancelleria o ricordi cari, \u00e8 possibile elevare il proprio vanity o il proprio computer da tavolo. Trasforma la quotidianit\u00e0 in un'esposizione curata.<\/li>\n<li><strong>Un freddo distinto:\u00a0<\/strong>Per feste uniche, questo recipiente a tenuta stagna diventa uno straordinario contenitore per il ghiaccio, in grado di raffreddare una bottiglia di spumante o di vino rosso pregiato con un design ineguagliabile.<\/li>\n<\/ul>\n<p><strong>Per spazi commerciali e alberghieri:<\/strong><\/p>\n<ul>\n<li><strong>Il commercio al dettaglio di lusso presente:\u00a0<\/strong>Su o all'interno di queste scatole \u00e8 possibile esporre prodotti costosi come gioielli, orologi o cosmetici. La superficie distintiva offre una storia ricca e non distraente che aumenta il valore percepito dell'oggetto esposto.<\/li>\n<li><strong>Ingresso del resort e stile della sala da pranzo:\u00a0<\/strong>Utilizzate varianti pi\u00f9 grandi e personalizzate come accenti architettonici, fioriere nei luoghi di ricevimento o punti focali di tavoli speciali che rafforzano l'identificazione di un marchio moderno e di alto livello.<\/li>\n<li><strong>Piani di appoggio e rialzi per espositori:\u00a0<\/strong>Il tipo di blocco robusto, come si vede nelle immagini, costituisce un eccezionale zoccolo per schermi. Il suo aspetto cristallino \u00e8 in grado di esaltare qualsiasi prodotto o manufatto appoggiato su di esso, facendolo sembrare come se fosse appoggiato su un blocco di puro ghiaccio o quarzo.<\/li>\n<\/ul>\n<figure id=\"attachment_1228\" aria-describedby=\"caption-attachment-1228\" style=\"width: 800px\" class=\"wp-caption aligncenter\"><img decoding=\"async\" class=\"size-full wp-image-1228\" src=\"https:\/\/customacrylicproduct.com\/wp-content\/uploads\/2025\/07\/O1CN01C63EL62D4hQuyvjjN_2208409208556-0-cib.jpg\" alt=\"Scatola in acrilico\" width=\"800\" height=\"800\" srcset=\"https:\/\/customacrylicproduct.com\/wp-content\/uploads\/2025\/07\/O1CN01C63EL62D4hQuyvjjN_2208409208556-0-cib.jpg 800w, https:\/\/customacrylicproduct.com\/wp-content\/uploads\/2025\/07\/O1CN01C63EL62D4hQuyvjjN_2208409208556-0-cib-300x300.jpg 300w, https:\/\/customacrylicproduct.com\/wp-content\/uploads\/2025\/07\/O1CN01C63EL62D4hQuyvjjN_2208409208556-0-cib-150x150.jpg 150w, https:\/\/customacrylicproduct.com\/wp-content\/uploads\/2025\/07\/O1CN01C63EL62D4hQuyvjjN_2208409208556-0-cib-768x768.jpg 768w, https:\/\/customacrylicproduct.com\/wp-content\/uploads\/2025\/07\/O1CN01C63EL62D4hQuyvjjN_2208409208556-0-cib-600x600.jpg 600w, https:\/\/customacrylicproduct.com\/wp-content\/uploads\/2025\/07\/O1CN01C63EL62D4hQuyvjjN_2208409208556-0-cib-100x100.jpg 100w\" sizes=\"(max-width: 800px) 100vw, 800px\" \/><figcaption id=\"caption-attachment-1228\" class=\"wp-caption-text\">Scatola in acrilico<\/figcaption><\/figure>\n<h4 id=\"-the-power-of-customization-your-vision-understood-\"><strong>Il potere della personalizzazione: La vostra visione, compresa<\/strong><\/h4>\n<p>Questo prodotto \u00e8 specifico per la sua natura su misura. Siamo consapevoli che le dimensioni convenzionali non si adattano a qualsiasi visione. Per questo motivo offriamo un processo di produzione totalmente personalizzato, che vi permetter\u00e0 di scegliere un pezzo perfettamente adattato alle vostre specifiche e ai vostri intenti creativi.<\/p>\n<ul>\n<li><strong>Capacit\u00e0 personalizzate:\u00a0<\/strong>Come dimostra l'esempio del blocco di 80 x 120 x 200 mm, avete il pieno controllo delle dimensioni, della larghezza e dell'altezza. Che abbiate bisogno di un piccolo e delicato cubo per oggetti di valore inestimabile o di una grande vasca di comando per un allestimento architettonico, noi possiamo dargli vita.<\/li>\n<li><strong>Tipi personalizzati:\u00a0<\/strong>La scelta non \u00e8 limitata a una sola forma. Possiamo realizzare cassette cave a forma di rettangolo o quadrate, vaschette aperte, blocchi solidi per schermi e zoccoli su misura. Lo stile \u00e8 limitato solo dalla vostra immaginazione.<\/li>\n<li><strong>Spessore variabile:\u00a0<\/strong>Lo spessore delle superfici murali in acrilico pu\u00f2 essere utilizzato per ottenere diversi effetti estetici, da una sensazione pi\u00f9 leggera e delicata a una visibilit\u00e0 massiccia e considerevole, simile a un blocco.<\/li>\n<li><strong>Trasparente Colori:\u00a0<\/strong>Sebbene l'intramontabile variante cristallina non abbia et\u00e0, possiamo controllare i colori trasparenti personalizzati per adattarli alla palette di colori del vostro marchio o allo schema di design degli interni. Immaginate questa splendida texture in un delicato grigio fum\u00e9, in un caldo giallo-marrone o in un sorprendente blu zaffiro.<\/li>\n<\/ul>\n<p>Questa tecnica collettiva garantisce che il prodotto finale non sia semplicemente un oggetto acquistato, ma un pezzo co-creato, una vera e propria rappresentazione del design individuale o dell'etica del marchio.<\/p>\n<h4 id=\"-superior-material-and-craftsmanship-\"><strong>Materiale e artigianato di qualit\u00e0 superiore<\/strong><\/h4>\n<p>Utilizziamo la migliore qualit\u00e0 di polimero fuso (PMMA), rinomato per la sua chiarezza ottica superiore a quella del vetro. Questo prodotto di qualit\u00e0 superiore \u00e8 inoltre molto pi\u00f9 leggero e resistente ai frantumi rispetto al vetro, il che lo rende una scelta pi\u00f9 sicura e utile per una serie di applicazioni. Ogni articolo viene lavorato meticolosamente, assicurando che la struttura con motivi in pietra sia sempre bella e che i bordi lucidati siano perfettamente lisci e levigati.<\/p>\n<p>Elevate il vostro scenario con un oggetto che si oppone alle convenzioni. La scatola in polimero con motivo a pietra personalizzata \u00e8 pi\u00f9 di un prodotto: \u00e8 un'esperienza di luce, aspetto e lusso su misura. Chiamateci oggi stesso per iniziare la procedura di creazione di un pezzo unico e memorabile come la vostra visione.<\/p>","protected":false},"excerpt":{"rendered":"<p class=\"ng-star-inserted\"><span class=\"ng-star-inserted\">Elevate il vostro spazio con questa scatola in acrilico personalizzata e di tendenza. Caratterizzato da un'esclusiva texture di ghiaccio crepato simile alla pietra, questo contenitore trasparente \u00e8 perfetto per esposizioni moderne, come fioriera chic o come elegante contenitore. Un pezzo decorativo di alta qualit\u00e0 e di grande effetto, fatto su misura per le vostre esigenze.<\/span><\/p>","protected":false},"featured_media":1233,"template":"","meta":{"_kad_post_transparent":"default","_kad_post_title":"","_kad_post_layout":"default","_kad_post_sidebar_id":"","_kad_post_content_style":"default","_kad_post_vertical_padding":"default","_kad_post_feature":"","_kad_post_feature_position":"","_kad_post_header":false,"_kad_post_footer":false,"_kad_post_classname":""},"product_brand":[],"product_cat":[17],"product_tag":[117,45],"class_list":{"0":"post-1227","1":"product","2":"type-product","3":"status-publish","4":"has-post-thumbnail","6":"product_cat-custom-acrylic-boxes","7":"product_tag-acrylic-box","8":"product_tag-customized-acrylic-boxes","10":"first","11":"instock","12":"shipping-taxable","13":"product-type-simple","14":"entry","15":"content-bg","16":"loop-entry"},"_links":{"self":[{"href":"https:\/\/customacrylicproduct.com\/it\/wp-json\/wp\/v2\/product\/1227","targetHints":{"allow":["GET"]}}],"collection":[{"href":"https:\/\/customacrylicproduct.com\/it\/wp-json\/wp\/v2\/product"}],"about":[{"href":"https:\/\/customacrylicproduct.com\/it\/wp-json\/wp\/v2\/types\/product"}],"wp:featuredmedia":[{"embeddable":true,"href":"https:\/\/customacrylicproduct.com\/it\/wp-json\/wp\/v2\/media\/1233"}],"wp:attachment":[{"href":"https:\/\/customacrylicproduct.com\/it\/wp-json\/wp\/v2\/media?parent=1227"}],"wp:term":[{"taxonomy":"product_brand","embeddable":true,"href":"https:\/\/customacrylicproduct.com\/it\/wp-json\/wp\/v2\/product_brand?post=1227"},{"taxonomy":"product_cat","embeddable":true,"href":"https:\/\/customacrylicproduct.com\/it\/wp-json\/wp\/v2\/product_cat?post=1227"},{"taxonomy":"product_tag","embeddable":true,"href":"https:\/\/customacrylicproduct.com\/it\/wp-json\/wp\/v2\/product_tag?post=1227"}],"curies":[{"name":"wp","href":"https:\/\/api.w.org\/{rel}","templated":true}]}}