{"id":1238,"date":"2025-07-18T06:18:21","date_gmt":"2025-07-18T06:18:21","guid":{"rendered":"https:\/\/customacrylicproduct.com\/?post_type=product&#038;p=1238"},"modified":"2025-07-18T06:18:21","modified_gmt":"2025-07-18T06:18:21","slug":"acrylic-side-table-modern-table-small-space-transparent","status":"publish","type":"product","link":"https:\/\/customacrylicproduct.com\/it\/acrylic-side-table-modern-table-small-space-transparent\/","title":{"rendered":"Tavolino in acrilico Tavolino moderno Spazio ridotto Trasparente"},"content":{"rendered":"<h3 id=\"the-ethereal-touch-presenting-the-modern-transparent-polymer-rolling-side-table\">Il tocco etereo: Presentazione del moderno tavolino rotante in polimero trasparente<\/h3>\n<p>Nel pianeta del design moderno, la vera raffinatezza dipende spesso da ci\u00f2 che \u00e8 nascosto. Si trova nell'uso creativo della luce, nell'impressione di spazio e nella combinazione fluida di forma e funzione. Vi presentiamo il tavolino Polymer, un'opera d'arte dal design minimalista che \u00e8 pi\u00f9 di un semplice mobile: \u00e8 una dichiarazione di raffinatezza moderna e un'ottima opzione per gli spazi abitativi di oggi. Realizzato in acrilico cristallino di alta qualit\u00e0, questo carrello rotante incarna la tendenza dell'arredamento \u201cfantasma\u201d, con una versatilit\u00e0 senza pari e un'estetica eterea che si abbina a qualsiasi tipo di arredamento senza vanificarlo.<\/p>\n<p><img fetchpriority=\"high\" decoding=\"async\" class=\"size-full wp-image-1241\" src=\"https:\/\/customacrylicproduct.com\/wp-content\/uploads\/2025\/07\/Acrylic-Side-Table-3.jpg\" alt=\"Tavolino in acrilico 3\" width=\"800\" height=\"800\" srcset=\"https:\/\/customacrylicproduct.com\/wp-content\/uploads\/2025\/07\/Acrylic-Side-Table-3.jpg 800w, https:\/\/customacrylicproduct.com\/wp-content\/uploads\/2025\/07\/Acrylic-Side-Table-3-300x300.jpg 300w, https:\/\/customacrylicproduct.com\/wp-content\/uploads\/2025\/07\/Acrylic-Side-Table-3-150x150.jpg 150w, https:\/\/customacrylicproduct.com\/wp-content\/uploads\/2025\/07\/Acrylic-Side-Table-3-768x768.jpg 768w, https:\/\/customacrylicproduct.com\/wp-content\/uploads\/2025\/07\/Acrylic-Side-Table-3-600x600.jpg 600w, https:\/\/customacrylicproduct.com\/wp-content\/uploads\/2025\/07\/Acrylic-Side-Table-3-100x100.jpg 100w\" sizes=\"(max-width: 800px) 100vw, 800px\" \/><\/p>\n<h4 id=\"style-viewpoint-the-charm-of-invisibility\">Punto di vista sullo stile: Il fascino dell'invisibilit\u00e0<\/h4>\n<p>Questo tavolino \u00e8 una spedizione di apertura. L'intera struttura \u00e8 sviluppata per divertirsi con la luce e l'assunzione, producendo un effetto \u201cappena presente\u201d che \u00e8 allo stesso tempo affascinante e incredibilmente utile. L'alta qualit\u00e0 fantasmatica dell'acrilico immacolato gli permette di integrarsi in qualsiasi ambiente, da quello ultramoderno e minimalista a quello boh\u00e9mien e diverso. A differenza dei pesanti tavoli in legno o acciaio non trasparenti, che possono ridurre visivamente un'area, questo tavolo trasparente produce un'impressione di apertura e ariosit\u00e0. Non ostruisce la visuale e non proietta una pesante oscurit\u00e0, rendendolo la scelta di design ideale per piccoli appartamenti, spazi accoglienti e qualsiasi area in cui \u00e8 fondamentale proteggere la sensazione di spaziosit\u00e0.<\/p>\n<p>Le linee ordinate e la forma semplice e geometrica del tavolo - composto da 2 aliquote circolari sostenute da 3 resistenti gambe rotonde - strizzano l'occhio ai concetti classici del modernismo. Tuttavia, il suo materiale speciale e le sue prestazioni mobili lo spingono saldamente nel 21\u00b0 secolo. La luce che lo attraversa e che si riflette sulle sue superfici eleganti aggiunge un raffinato bagliore alla vostra zona, migliorando la luce ambientale e aggiungendo un tocco di silenzioso glamour. \u00c8 un pezzo camaleontico, che si adatta facilmente al carattere dell'ambiente circostante, aggiungendo al contempo il proprio tocco di design raffinato.<\/p>\n<p><img decoding=\"async\" class=\"size-full wp-image-1242\" src=\"https:\/\/customacrylicproduct.com\/wp-content\/uploads\/2025\/07\/Acrylic-Side-Table-4.jpg\" alt=\"Tavolino in acrilico 4\" width=\"800\" height=\"800\" srcset=\"https:\/\/customacrylicproduct.com\/wp-content\/uploads\/2025\/07\/Acrylic-Side-Table-4.jpg 800w, https:\/\/customacrylicproduct.com\/wp-content\/uploads\/2025\/07\/Acrylic-Side-Table-4-300x300.jpg 300w, https:\/\/customacrylicproduct.com\/wp-content\/uploads\/2025\/07\/Acrylic-Side-Table-4-150x150.jpg 150w, https:\/\/customacrylicproduct.com\/wp-content\/uploads\/2025\/07\/Acrylic-Side-Table-4-768x768.jpg 768w, https:\/\/customacrylicproduct.com\/wp-content\/uploads\/2025\/07\/Acrylic-Side-Table-4-600x600.jpg 600w, https:\/\/customacrylicproduct.com\/wp-content\/uploads\/2025\/07\/Acrylic-Side-Table-4-100x100.jpg 100w\" sizes=\"(max-width: 800px) 100vw, 800px\" \/><\/p>\n<h4 id=\"unequaled-versatility-a-table-for-every-single-space-and-reason\">Versatilit\u00e0 senza pari: Un tavolo per ogni spazio e per ogni ragione<\/h4>\n<p>La vera magia di questo tavolo in acrilico \u00e8 la sua incredibile adattabilit\u00e0. La combinazione di uno spazio di archiviazione a due livelli, di una pratica maniglia e di ruote scorrevoli lo trasforma da un tavolo di base in un ausilio mobile multifunzionale per ogni angolo della casa.<\/p>\n<p><strong>In salotto:\u00a0<\/strong>. Accanto al divano o alla poltrona preferita, \u00e8 un tavolino di tendenza. Il piano superiore \u00e8 il punto di appoggio ideale per una tazza di caff\u00e8, la vostra lettura o il telecomando. Il piano inferiore pu\u00f2 mostrare elegantemente una piccola pila di pubblicazioni d'arte, un oggetto attraente o una pianta verde. Avete bisogno di offrire bevande ai visitatori? Grazie alla maniglia e alle ruote integrate, il carrello pu\u00f2 essere facilmente trasformato in un bar improvvisato e di tendenza, che pu\u00f2 contenere uno shaker per bevande alcoliche, bicchieri e una bottiglia del vostro liquore preferito.<\/p>\n<p><strong>Nella stanza:\u00a0<\/strong>. Reimmaginate il vostro capezzale con questo moderno comodino. Il suo design trasparente mantiene il luogo in cui dormite ordinato e tranquillo. La superficie principale pu\u00f2 contenere una lampada minimale, il telefono e un bicchiere d'acqua, mentre il ripiano inferiore \u00e8 ottimale per tenere il tablet, i prodotti per la cura della pelle durante la notte o il diario. La sua flessibilit\u00e0 consente di spostarlo comodamente per la pulizia o per riorganizzarlo secondo le necessit\u00e0.<\/p>\n<p><strong>Nel bagno con doccia:\u00a0<\/strong>. Trasformate la vostra stanza della doccia in un rifugio simile a una spa. L'impermeabilit\u00e0 dell'acrilico rende questo carrello una soluzione di stoccaggio adatta agli ambienti umidi. Utilizzatelo per sistemare asciugamani arrotolati, articoli da bagno di lusso, candele profumate e articoli da toilette. Consente di tenere tutto a portata di mano nella vasca da bagno o nella doccia, aggiungendo un tocco di raffinatezza da hotel a cinque stelle alla vostra routine quotidiana.<\/p>\n<p><strong>In ufficio:\u00a0<\/strong>. Come mobile caddy, questo tavolo aiuta a mantenere l'ufficio organizzato e affidabile. Lo si pu\u00f2 utilizzare per contenere un computer tablet, blocchi per appunti, penne e altre forniture fondamentali. Quando non viene utilizzato, \u00e8 possibile farlo rotolare sotto la scrivania o portarlo con s\u00e9 per accedere facilmente ai propri strumenti, il tutto mantenendo un'estetica pulita e moderna che favorisce l'enfasi e il pensiero creativo.<\/p>\n<p><strong>Come supporto per le piante o come sistema attuale:\u00a0<\/strong>. Le piante d'appartamento preferite sono disposte su due livelli, in modo da creare un giardino verticale sensazionale. I ripiani trasparenti garantiscono a entrambe le piante una luce adeguata. Al contrario, utilizzatelo come espositore minimalista per rappresentare una collezione curata di oggetti d'arte, strutture per quadri o ricordi preziosi.<\/p>\n<p><img decoding=\"async\" class=\"aligncenter wp-image-1239 size-full\" src=\"https:\/\/customacrylicproduct.com\/wp-content\/uploads\/2025\/07\/Acrylic-Side-Table-1.jpg\" alt=\"Tavolino in acrilico 1\" width=\"800\" height=\"800\" srcset=\"https:\/\/customacrylicproduct.com\/wp-content\/uploads\/2025\/07\/Acrylic-Side-Table-1.jpg 800w, https:\/\/customacrylicproduct.com\/wp-content\/uploads\/2025\/07\/Acrylic-Side-Table-1-300x300.jpg 300w, https:\/\/customacrylicproduct.com\/wp-content\/uploads\/2025\/07\/Acrylic-Side-Table-1-150x150.jpg 150w, https:\/\/customacrylicproduct.com\/wp-content\/uploads\/2025\/07\/Acrylic-Side-Table-1-768x768.jpg 768w, https:\/\/customacrylicproduct.com\/wp-content\/uploads\/2025\/07\/Acrylic-Side-Table-1-600x600.jpg 600w, https:\/\/customacrylicproduct.com\/wp-content\/uploads\/2025\/07\/Acrylic-Side-Table-1-100x100.jpg 100w\" sizes=\"(max-width: 800px) 100vw, 800px\" \/><\/p>\n<h4 id=\"thoughtful-engineering-and-superior-high-quality-\">Ingegneria ponderata e alta qualit\u00e0 superiore<\/h4>\n<p>Questo tavolo non \u00e8 quasi un'apparenza: \u00e8 costruito per durare e progettato per essere facile. Ogni componente \u00e8 stato considerato con estrema attenzione per offrire un'esperienza individuale notevole.<\/p>\n<p><strong>Acrilico di alta qualit\u00e0:\u00a0<\/strong>Realizzato in acrilico (lucite) spesso, resistente e di prima qualit\u00e0, il tavolo offre l'apertura del vetro senza la sua fragilit\u00e0. \u00c8 resistente ai frantumi e sostanzialmente pi\u00f9 leggero, il che lo rende molto pi\u00f9 sicuro e facile da spostare. I bordi sono sapientemente lucidati fino a ottenere un rivestimento liscio e arrotondato, per garantire la sicurezza e migliorare l'aspetto aerodinamico del tavolo.<\/p>\n<p><strong>Forte edificio a due livelli:\u00a0<\/strong>La disposizione a due ripiani aumenta la superficie senza aumentare l'impatto. Come si vede nell'immagine ravvicinata, le gambe rotonde sono collegate a elementi in acciaio filettati e resistenti, installati all'interno dell'acrilico. Questo garantisce una struttura stabile e priva di oscillazioni, che pu\u00f2 essere assemblata con facilit\u00e0 e sicurezza.<\/p>\n<p><strong>Ergonomico e scorrevole:\u00a0<\/strong>L'impugnatura arrotondata con dignit\u00e0 non \u00e8 un ripensamento, ma una componente importante dello stile, che scaturisce senza soluzione di continuit\u00e0 da due delle gambe di assistenza. Offre una presa comoda e sicura, consentendo di spingere, tirare e guidare il carrello con uno sforzo marginale.<\/p>\n<p><strong>Rotelle scorrevoli:\u00a0<\/strong>Mobilit\u00e0 \u00e8 flessibilit\u00e0. Dotato di rotelle scorrevoli, questo tavolo pu\u00f2 essere spostato da un'area all'altra con una leggera spinta. Che si tratti di riorganizzare i mobili, pulire o portare un rinfresco ai visitatori, la sua flessibilit\u00e0 semplifica la vita. A seconda della versione, le ruote sono disponibili con un rivestimento trasparente e argentato, quasi invisibile, o con un audace e moderno nero, con meccanismi di fissaggio per mantenere il tavolo saldamente in posizione quando necessario.<\/p>\n<h4 id=\"treatment-and-maintenance-\">Trattamento e manutenzione<\/h4>\n<h4>Mantenere l'ottimo aspetto del vostro tavolo in acrilico \u00e8 semplice. Per pulirlo, strofinatelo con un tessuto in microfibra morbido e umido. Per le macchie o le impronte digitali, \u00e8 sufficiente una piccola quantit\u00e0 di acqua e sapone moderata. Evitate di utilizzare detergenti abrasivi, carta assorbente o solventi chimici come l'ammoniaca o l'alcol, perch\u00e9 possono danneggiare o opacizzare gradualmente la superficie. Con un trattamento delicato, il vostro tavolo manterr\u00e0 sicuramente il suo splendore cristallino per molti anni a venire.<\/h4>\n<h4 id=\"final-thought-redefine-your-area-\">Pensiero finale: Ridefinire la propria area<\/h4>\n<p>Il tavolino rotante Polymer \u00e8 pi\u00f9 di un semplice oggetto d'accento: \u00e8 un'aggiunta flessibile, elegante e intelligente alla casa moderna. Risolve la difficolt\u00e0 di aggiungere funzionalit\u00e0 a spazi ridotti, migliorandone al contempo l'estetica. \u00c8 una tela per il vostro design, un ausilio mobile per le vostre esigenze e un mormorio di raffinatezza contemporanea. Abbracciate il potere di uno stile chiaro e permettete a questo tavolo celestiale di potenziare il vostro arredamento, di semplificare la vostra vita e di portare un tocco di magia luminosa in casa vostra.<\/p>","protected":false},"excerpt":{"rendered":"<p class=\"ng-star-inserted\"><span class=\"ng-star-inserted\">Elevate il vostro spazio con questo elegante carrello in acrilico. Il design trasparente a due livelli crea un'atmosfera ariosa, perfetta per le stanze piccole. Con una maniglia di facile presa e rotelle scorrevoli, questo moderno tavolino porta stile e funzionalit\u00e0 ovunque sia necessario.<\/span><\/p>","protected":false},"featured_media":1241,"template":"","meta":{"_kad_post_transparent":"default","_kad_post_title":"","_kad_post_layout":"default","_kad_post_sidebar_id":"","_kad_post_content_style":"default","_kad_post_vertical_padding":"default","_kad_post_feature":"","_kad_post_feature_position":"","_kad_post_header":false,"_kad_post_footer":false,"_kad_post_classname":""},"product_brand":[],"product_cat":[21],"product_tag":[123],"class_list":{"0":"post-1238","1":"product","2":"type-product","3":"status-publish","4":"has-post-thumbnail","6":"product_cat-custom-acrylic-furnitures","7":"product_tag-acrylic-side-table","9":"first","10":"instock","11":"shipping-taxable","12":"product-type-simple","13":"entry","14":"content-bg","15":"loop-entry"},"_links":{"self":[{"href":"https:\/\/customacrylicproduct.com\/it\/wp-json\/wp\/v2\/product\/1238","targetHints":{"allow":["GET"]}}],"collection":[{"href":"https:\/\/customacrylicproduct.com\/it\/wp-json\/wp\/v2\/product"}],"about":[{"href":"https:\/\/customacrylicproduct.com\/it\/wp-json\/wp\/v2\/types\/product"}],"wp:featuredmedia":[{"embeddable":true,"href":"https:\/\/customacrylicproduct.com\/it\/wp-json\/wp\/v2\/media\/1241"}],"wp:attachment":[{"href":"https:\/\/customacrylicproduct.com\/it\/wp-json\/wp\/v2\/media?parent=1238"}],"wp:term":[{"taxonomy":"product_brand","embeddable":true,"href":"https:\/\/customacrylicproduct.com\/it\/wp-json\/wp\/v2\/product_brand?post=1238"},{"taxonomy":"product_cat","embeddable":true,"href":"https:\/\/customacrylicproduct.com\/it\/wp-json\/wp\/v2\/product_cat?post=1238"},{"taxonomy":"product_tag","embeddable":true,"href":"https:\/\/customacrylicproduct.com\/it\/wp-json\/wp\/v2\/product_tag?post=1238"}],"curies":[{"name":"wp","href":"https:\/\/api.w.org\/{rel}","templated":true}]}}