{"id":1243,"date":"2025-07-18T06:30:13","date_gmt":"2025-07-18T06:30:13","guid":{"rendered":"https:\/\/customacrylicproduct.com\/?post_type=product&#038;p=1243"},"modified":"2025-07-18T06:30:13","modified_gmt":"2025-07-18T06:30:13","slug":"custom-acrylic-entryway-bench-large-rainbow-ottoman-bench","status":"publish","type":"product","link":"https:\/\/customacrylicproduct.com\/it\/custom-acrylic-entryway-bench-large-rainbow-ottoman-bench\/","title":{"rendered":"Panchina acrilica personalizzata per l'ingresso Panchina ottomana arcobaleno grande"},"content":{"rendered":"<h3 id=\"-experience-a-spectrum-of-design-the-custom-rainbow-polymer-entryway-bench-\"><strong>Sperimentate uno spettro di design: La panca d'ingresso in polimero Rainbow personalizzata<\/strong><\/h3>\n<p>Entrate in un mondo in cui i mobili vanno oltre la semplice funzione e diventano un'opera d'arte mozzafiato. Vi presentiamo la Custom Acrylic Entryway Bench, un oggetto radioso e scultoreo realizzato non solo per abitare uno spazio, ma per trasformarlo. \u00c8 molto pi\u00f9 di una panca o di un pouf: \u00e8 un elemento di conversazione, una dichiarazione di stile individuale e una vibrante fonte di luce e ombra che rinvigorir\u00e0 qualsiasi tipo di stanza che abbellir\u00e0. Per le persone esigenti che cercano di combinare l'innovazione ludica con l'artigianato impeccabile, questa panca \u00e8 una scoperta eccezionale.<\/p>\n<p><img fetchpriority=\"high\" decoding=\"async\" class=\"size-full wp-image-1245\" src=\"https:\/\/customacrylicproduct.com\/wp-content\/uploads\/2025\/07\/Custom-Acrylic-Entryway-Bench-2.jpg\" alt=\"Panca d&#039;ingresso in acrilico personalizzata (2)\" width=\"800\" height=\"800\" srcset=\"https:\/\/customacrylicproduct.com\/wp-content\/uploads\/2025\/07\/Custom-Acrylic-Entryway-Bench-2.jpg 800w, https:\/\/customacrylicproduct.com\/wp-content\/uploads\/2025\/07\/Custom-Acrylic-Entryway-Bench-2-300x300.jpg 300w, https:\/\/customacrylicproduct.com\/wp-content\/uploads\/2025\/07\/Custom-Acrylic-Entryway-Bench-2-150x150.jpg 150w, https:\/\/customacrylicproduct.com\/wp-content\/uploads\/2025\/07\/Custom-Acrylic-Entryway-Bench-2-768x768.jpg 768w, https:\/\/customacrylicproduct.com\/wp-content\/uploads\/2025\/07\/Custom-Acrylic-Entryway-Bench-2-600x600.jpg 600w, https:\/\/customacrylicproduct.com\/wp-content\/uploads\/2025\/07\/Custom-Acrylic-Entryway-Bench-2-100x100.jpg 100w\" sizes=\"(max-width: 800px) 100vw, 800px\" \/><\/p>\n<p><strong>Un approccio progettuale di gioioso modernismo<\/strong><\/p>\n<p>Lo stile di questa panca \u00e8 un evento di contrasto e armonia. \u00c8 una rivisitazione vibrante della forma senza tempo della panca, decostruita e ricostruita con materiali all'avanguardia e un occhio da musicista per le sfumature. La struttura offre un dialogo estetico sensazionale tra i suoi due elementi primari: le gambe eteree e cristalline e il piano vibrante in tinta unita.<\/p>\n<p>Le gambe sono realizzate in acrilico spesso e perfettamente trasparente, con un bordo elegante e ondulato che stimola il dolce movimento dell'acqua o l'elegante curva di una classica gamba cabriole, reinterpretata per il XXI secolo. La loro completa apertura produce un risultato meraviglioso e fluttuante. Il piano della panca sembra fluttuare a mezz'aria, un'impressione che conferisce una sensazione di agilit\u00e0 e visibilit\u00e0 allo spazio, evitando di farlo sembrare caotico o pesante. Le gambe non sono semplici sostegni, ma sculture a s\u00e9 stanti, che catturano la luce e la piegano in modo attraente e imprevisto.<\/p>\n<p>In magnifica resistenza a questa trasparenza \u00e8 il piano della panca, un'armonia dinamica di ombre. Composto da un insieme di spesse doghe rettangolari in acrilico, organizzate in una radiosa sfumatura arcobaleno, il piano \u00e8 una testimonianza del potere dell'ombra di stimolare emozioni ed energia. Ogni doga \u00e8 una robusta barra di acrilico colorato di alta qualit\u00e0, ridotta con precisione e lucidata fino a ottenere una finitura simile a una gemma. Dal caldo magenta e dall'arancione infuocato al giallo solare, al lime vivace, al ciano impressionante e al viola profondo, la gamma si muove in modo impeccabile, creando un pezzo esteticamente stimolante da ogni angolazione.<\/p>\n<p><img decoding=\"async\" class=\"size-full wp-image-1247\" src=\"https:\/\/customacrylicproduct.com\/wp-content\/uploads\/2025\/07\/Custom-Acrylic-Entryway-Bench-4.jpg\" alt=\"Panchina acrilica personalizzata per l&#039;ingresso (4)\" width=\"800\" height=\"800\" srcset=\"https:\/\/customacrylicproduct.com\/wp-content\/uploads\/2025\/07\/Custom-Acrylic-Entryway-Bench-4.jpg 800w, https:\/\/customacrylicproduct.com\/wp-content\/uploads\/2025\/07\/Custom-Acrylic-Entryway-Bench-4-300x300.jpg 300w, https:\/\/customacrylicproduct.com\/wp-content\/uploads\/2025\/07\/Custom-Acrylic-Entryway-Bench-4-150x150.jpg 150w, https:\/\/customacrylicproduct.com\/wp-content\/uploads\/2025\/07\/Custom-Acrylic-Entryway-Bench-4-768x768.jpg 768w, https:\/\/customacrylicproduct.com\/wp-content\/uploads\/2025\/07\/Custom-Acrylic-Entryway-Bench-4-600x600.jpg 600w, https:\/\/customacrylicproduct.com\/wp-content\/uploads\/2025\/07\/Custom-Acrylic-Entryway-Bench-4-100x100.jpg 100w\" sizes=\"(max-width: 800px) 100vw, 800px\" \/><\/p>\n<p><strong>Un'interazione dinamica di luce e ombra<\/strong><\/p>\n<p>Forse la funzione pi\u00f9 affascinante di questa panchina in acrilico \u00e8 la sua collaborazione con la luce. Non si tratta di un oggetto fisso, ma di un'opera d'arte cinetica che si trasforma nel corso della giornata. Quando viene posizionata vicino a una finestra di casa o sotto una luce, prende vita. Immaginate la luce del sole del primo mattino che entra nel vostro ingresso, catturando le lamelle trasparenti e colorate. La luce non salta semplicemente via, ma viaggia attraverso di esse, si riempie di ombra e proietta un magnifico arcobaleno di oscurit\u00e0 sul pavimento e sulle pareti.<\/p>\n<p>Questo programma di luce quotidiano \u00e8 una fonte di gioia e meraviglia continua. L'impatto \u00e8 quello di un pezzo di vetro appannato o di un prisma di cristallo, ma con una sensibilit\u00e0 moderna e architettonica. Le linee ordinate delle lamelle sviluppano un motivo di strisce rosse parallele di colore, un elemento grafico e creativo che aggiunge un ulteriore livello di interesse visivo. Che sia immersa nello splendore dell'ora d'oro o nella luce sorprendente di un pomeriggio uggioso, la panca offre uno stato d'animo diverso e un punto di vista nuovo, facendo sentire la vostra casa ancora pi\u00f9 viva e dinamica.<\/p>\n<p><img decoding=\"async\" class=\"size-full wp-image-1244\" src=\"https:\/\/customacrylicproduct.com\/wp-content\/uploads\/2025\/07\/Custom-Acrylic-Entryway-Bench-1.jpg\" alt=\"Panca d&#039;ingresso in acrilico personalizzata (1)\" width=\"800\" height=\"800\" srcset=\"https:\/\/customacrylicproduct.com\/wp-content\/uploads\/2025\/07\/Custom-Acrylic-Entryway-Bench-1.jpg 800w, https:\/\/customacrylicproduct.com\/wp-content\/uploads\/2025\/07\/Custom-Acrylic-Entryway-Bench-1-300x300.jpg 300w, https:\/\/customacrylicproduct.com\/wp-content\/uploads\/2025\/07\/Custom-Acrylic-Entryway-Bench-1-150x150.jpg 150w, https:\/\/customacrylicproduct.com\/wp-content\/uploads\/2025\/07\/Custom-Acrylic-Entryway-Bench-1-768x768.jpg 768w, https:\/\/customacrylicproduct.com\/wp-content\/uploads\/2025\/07\/Custom-Acrylic-Entryway-Bench-1-600x600.jpg 600w, https:\/\/customacrylicproduct.com\/wp-content\/uploads\/2025\/07\/Custom-Acrylic-Entryway-Bench-1-100x100.jpg 100w\" sizes=\"(max-width: 800px) 100vw, 800px\" \/><\/p>\n<p><strong>Artigianato magistrale e alta qualit\u00e0 senza compromessi<\/strong><\/p>\n<p>Un pezzo di tale impatto visivo richiede la realizzazione della massima qualit\u00e0 possibile. Ogni informazione di Rainbow Acrylic Bench \u00e8 indice di una dedizione alla lavorazione superiore. L'acrilico utilizzato \u00e8 un prodotto di prima qualit\u00e0, riconosciuto per la sua fenomenale chiarezza, robustezza e resistenza al progressivo ingiallimento. Offre l'aspetto immacolato del vetro senza la sua fragilit\u00e0, rendendolo un'opzione utile per un mobile funzionale.<\/p>\n<p>La costruzione \u00e8 robusta e migliorata. Come si vede nelle immagini dettagliate, ogni doga colorata \u00e8 fissata in modo sicuro alle gambe trasparenti con attrezzature di prima qualit\u00e0 e ben visibili. Queste eleganti viti metalliche non sono nascoste, ma sono incorporate come un aspetto deliberato del layout, aggiungendo un tocco di onest\u00e0 industrial-chic che mette in risalto lo stile altrimenti aereo. Le aperture sono praticate con precisione, per garantire un'ottima vestibilit\u00e0 e una struttura robusta e stabile, sviluppata per durare nel tempo. I bordi delle gambe e delle doghe sono stati accuratamente lucidati per risultare lisci al tatto, esaltando la qualit\u00e0 glamour e gioiello del prodotto.<\/p>\n<p><strong>Versatilit\u00e0 senza pari: Oltre l'ingresso<\/strong><\/p>\n<p>Pur essendo etichettata come \u201cpanca d'ingresso\u201d, la sua magnifica disposizione e le sue proporzioni benefiche la rendono un oggetto estremamente funzionale, ideale per numerose applicazioni nella casa moderna.<\/p>\n<ul>\n<li><strong>Il Grande Invito:\u00a0<\/strong>In un ingresso o in un foyer, stabilisce un tono immediato di pensiero creativo e divertimento sofisticato. \u00c8 il luogo ideale per infilare o togliere le scarpe, appoggiare la borsa o semplicemente essere un'opera d'arte invitante che fa una prima impressione a lungo termine sui visitatori.<\/li>\n<li><strong>Il centrotavola del soggiorno:\u00a0<\/strong>Utilizzatelo come un grande poggiapiedi o come un tavolino unico. La sua ampia superficie pu\u00f2 contenere un vassoio ornamentale con bevande e accessori, mentre i suoi colori vivaci possono essere utilizzati in un design di colori diversi o come elemento chiave di tonalit\u00e0 in un'area molto pi\u00f9 neutra.<\/li>\n<li><strong>L'oasi personale:\u00a0<\/strong>Posizionatelo ai piedi di un letto della collezione master per un tocco di boutique-hotel chic. \u00c8 un ottimo punto d'appoggio per delineare un abito o semplicemente per dare un tocco di colore al vostro rifugio personale. In un ripostiglio a muro, diventa un accessorio di alta moda.<\/li>\n<li><strong>La stanza innovativa:\u00a0<\/strong>In un ufficio, in uno studio o in una stanza dei giochi, questa panca pu\u00f2 essere una risorsa ispiratrice di forza immaginativa. La sua natura vivace incoraggia il ragionamento fuori dagli schemi e aggiunge una sensazione di felicit\u00e0 a qualsiasi tipo di compito.<\/li>\n<\/ul>\n<p><strong>Una dichiarazione per ogni progetto<\/strong><\/p>\n<p>L'estetica unica di questa panca le permette di integrarsi perfettamente in una serie di stili di arredamento. In una stanza minimal o moderna, funge da centrotavola principale, un'esplosione di tonalit\u00e0 su uno sfondo pulito e neutro. Per i massimalisti, \u00e8 uno spirito affine, che si firma con un carosello di motivi e texture audaci. In una casa con influenze Hollywood Regency o glam, la sua superficie lucida e le sue tonalit\u00e0 vivaci si adattano perfettamente alla casa. Offre anche un contrappunto moderno e scioccante in aree extra standard o di transizione.<\/p>\n<p><strong>Acquistate arte che potete sopportare<\/strong><\/p>\n<p>La panca da ingresso in acrilico personalizzata \u00e8 molto pi\u00f9 di un semplice complemento d'arredo. \u00c8 un investimento in felicit\u00e0, una scultura pratica e una testimonianza della bellezza del design ingegnoso. \u00c8 per coloro che non temono i colori, che apprezzano l'artigianato e che credono che le cose di cui ci circondiamo debbano ispirarci ogni giorno. Portate questo spettro di design nella vostra casa e osservate come si carica di luce, vita e individualit\u00e0 illimitata.<\/p>","protected":false},"excerpt":{"rendered":"<p>Illuminate il vostro spazio con questa panca personalizzata in acrilico arcobaleno. Un'opera d'arte funzionale, le cui vibranti lamelle traslucide proiettano ombre colorate. Questo splendido pouf \u00e8 un pezzo moderno per qualsiasi ingresso, che aggiunge immediatamente un tocco giocoso e chic.<\/p>","protected":false},"featured_media":1245,"template":"","meta":{"_kad_post_transparent":"default","_kad_post_title":"","_kad_post_layout":"default","_kad_post_sidebar_id":"","_kad_post_content_style":"default","_kad_post_vertical_padding":"default","_kad_post_feature":"","_kad_post_feature_position":"","_kad_post_header":false,"_kad_post_footer":false,"_kad_post_classname":""},"product_brand":[],"product_cat":[21],"product_tag":[126],"class_list":{"0":"post-1243","1":"product","2":"type-product","3":"status-publish","4":"has-post-thumbnail","6":"product_cat-custom-acrylic-furnitures","7":"product_tag-acrylic-entryway-bench","9":"first","10":"instock","11":"shipping-taxable","12":"product-type-simple","13":"entry","14":"content-bg","15":"loop-entry"},"_links":{"self":[{"href":"https:\/\/customacrylicproduct.com\/it\/wp-json\/wp\/v2\/product\/1243","targetHints":{"allow":["GET"]}}],"collection":[{"href":"https:\/\/customacrylicproduct.com\/it\/wp-json\/wp\/v2\/product"}],"about":[{"href":"https:\/\/customacrylicproduct.com\/it\/wp-json\/wp\/v2\/types\/product"}],"wp:featuredmedia":[{"embeddable":true,"href":"https:\/\/customacrylicproduct.com\/it\/wp-json\/wp\/v2\/media\/1245"}],"wp:attachment":[{"href":"https:\/\/customacrylicproduct.com\/it\/wp-json\/wp\/v2\/media?parent=1243"}],"wp:term":[{"taxonomy":"product_brand","embeddable":true,"href":"https:\/\/customacrylicproduct.com\/it\/wp-json\/wp\/v2\/product_brand?post=1243"},{"taxonomy":"product_cat","embeddable":true,"href":"https:\/\/customacrylicproduct.com\/it\/wp-json\/wp\/v2\/product_cat?post=1243"},{"taxonomy":"product_tag","embeddable":true,"href":"https:\/\/customacrylicproduct.com\/it\/wp-json\/wp\/v2\/product_tag?post=1243"}],"curies":[{"name":"wp","href":"https:\/\/api.w.org\/{rel}","templated":true}]}}