{"id":1269,"date":"2025-07-18T07:56:11","date_gmt":"2025-07-18T07:56:11","guid":{"rendered":"https:\/\/customacrylicproduct.com\/?post_type=product&#038;p=1269"},"modified":"2025-07-18T07:56:11","modified_gmt":"2025-07-18T07:56:11","slug":"acrylic-door-signs-for-push-pull-signage-in-supermarkets","status":"publish","type":"product","link":"https:\/\/customacrylicproduct.com\/it\/acrylic-door-signs-for-push-pull-signage-in-supermarkets\/","title":{"rendered":"Segni di porta in acrilico per la segnaletica push pull nei supermercati"},"content":{"rendered":"<h3 id=\"-elevate-your-area-costs-polymer-door-signage-for-unmistakable-clearness-and-style-\"><strong>Elevate la vostra area: Costi della segnaletica per porte in polimero per una chiarezza e uno stile inconfondibili<\/strong><\/h3>\n<p>Nel mondo degli ambienti commerciali, retail e aziendali, ogni dettaglio contribuisce all'esperienza generale. Dall'illuminazione al formato, gli aspetti del vostro locale comunicano un messaggio di alta qualit\u00e0, professionalit\u00e0 e affidabilit\u00e0 del vostro marchio e attenzione alle informazioni. Uno degli elementi pi\u00f9 importanti, ma comunemente trascurato, \u00e8 la segnaletica. Una segnaletica chiara e ben progettata non \u00e8 solo un'esigenza utile, ma un elemento fondamentale della navigazione, della sicurezza e della comunicazione visiva.<\/p>\n<p>Siamo lieti di presentare la nostra collezione leader di cartelli per porte in polimero, realizzati con cura per soddisfare le esigenze dei settori moderni. Questo assortimento versatile, che comprende i cruciali cartelli \u201cPush\/Pull\u201d e gli identificativi avanzati delle stanze come \u201cBoardroom\u201d, \u00e8 il rimedio migliore per i negozi di alimentari, i luoghi di lavoro, gli hotel, i rivenditori e qualsiasi tipo di struttura che apprezzi la qualit\u00e0, la robustezza e il layout impeccabile.<\/p>\n<p><img fetchpriority=\"high\" decoding=\"async\" class=\"size-full wp-image-1273\" src=\"https:\/\/customacrylicproduct.com\/wp-content\/uploads\/2025\/07\/Acrylic-Door-Signs-4.jpg\" alt=\"Insegne per porte in acrilico (4)\" width=\"800\" height=\"800\" srcset=\"https:\/\/customacrylicproduct.com\/wp-content\/uploads\/2025\/07\/Acrylic-Door-Signs-4.jpg 800w, https:\/\/customacrylicproduct.com\/wp-content\/uploads\/2025\/07\/Acrylic-Door-Signs-4-300x300.jpg 300w, https:\/\/customacrylicproduct.com\/wp-content\/uploads\/2025\/07\/Acrylic-Door-Signs-4-150x150.jpg 150w, https:\/\/customacrylicproduct.com\/wp-content\/uploads\/2025\/07\/Acrylic-Door-Signs-4-768x768.jpg 768w, https:\/\/customacrylicproduct.com\/wp-content\/uploads\/2025\/07\/Acrylic-Door-Signs-4-600x600.jpg 600w, https:\/\/customacrylicproduct.com\/wp-content\/uploads\/2025\/07\/Acrylic-Door-Signs-4-100x100.jpg 100w\" sizes=\"(max-width: 800px) 100vw, 800px\" \/><\/p>\n<h4 id=\"-the-power-of-first-impressions-and-easy-navigating-\"><strong>Il potere della prima impressione e della facilit\u00e0 di navigazione<\/strong><\/h4>\n<p>Pensate a un consumatore che si avvicina all'ingresso del vostro supermercato con le mani occupate o a un cliente che cerca una sala riunioni in un posto di lavoro affollato. La confusione all'ingresso pu\u00f2 creare un disagio e un'impressione sfavorevole. Le nostre indicazioni Push\/Pull eliminano immediatamente questa ambiguit\u00e0. Sviluppate con testi forti e riconosciuti a livello mondiale e con un'iconografia istintiva, guidano i visitatori del sito con facilit\u00e0, incrementando il flusso di traffico e garantendo un'esperienza fluida e invitante fin dal loro arrivo.<\/p>\n<p>Questa collezione va oltre la semplice funzionalit\u00e0. Cambia le direzioni richieste in accenti di stile che migliorano ed elevano il vostro arredamento. Sono finiti i tempi degli adesivi fragili che si staccano o delle targhette di plastica generiche e poco interessanti. Le nostre indicazioni sono un investimento per l'estetica e l'efficienza del vostro immobile.<\/p>\n<p><img decoding=\"async\" class=\"size-full wp-image-1272\" src=\"https:\/\/customacrylicproduct.com\/wp-content\/uploads\/2025\/07\/Acrylic-Door-Signs-3.jpg\" alt=\"Insegne per porte in acrilico (3)\" width=\"800\" height=\"800\" srcset=\"https:\/\/customacrylicproduct.com\/wp-content\/uploads\/2025\/07\/Acrylic-Door-Signs-3.jpg 800w, https:\/\/customacrylicproduct.com\/wp-content\/uploads\/2025\/07\/Acrylic-Door-Signs-3-300x300.jpg 300w, https:\/\/customacrylicproduct.com\/wp-content\/uploads\/2025\/07\/Acrylic-Door-Signs-3-150x150.jpg 150w, https:\/\/customacrylicproduct.com\/wp-content\/uploads\/2025\/07\/Acrylic-Door-Signs-3-768x768.jpg 768w, https:\/\/customacrylicproduct.com\/wp-content\/uploads\/2025\/07\/Acrylic-Door-Signs-3-600x600.jpg 600w, https:\/\/customacrylicproduct.com\/wp-content\/uploads\/2025\/07\/Acrylic-Door-Signs-3-100x100.jpg 100w\" sizes=\"(max-width: 800px) 100vw, 800px\" \/><\/p>\n<h4 id=\"-uncompromising-quality-the-acrylic-advantage-\"><strong>Qualit\u00e0 senza compromessi: Il vantaggio dell'acrilico<\/strong><\/h4>\n<p>Il cuore della nostra collezione \u00e8 l'acrilico di ultima generazione, un materiale scelto per la sua straordinaria combinazione di eleganza e durata. A differenza del tipico vetro, l'acrilico \u00e8 resistente ai frantumi e leggero, il che lo rende pi\u00f9 sicuro e facile da montare. Le sue propriet\u00e0 lo rendono l'opzione perfetta per le aree ad alto traffico:.<\/p>\n<ul>\n<li><strong>Eccezionale resistenza:\u00a0<\/strong>Le nostre insegne in acrilico sono costruite per resistere ai danni quotidiani delle atmosfere dinamiche. Sono immuni a graffi, urti e sbiadimenti e mantengono il loro aspetto eccellente per molti anni a venire.<\/li>\n<li><strong>Cristallino Finitura:\u00a0<\/strong>La qualit\u00e0 intrinseca dell'acrilico conferisce alle nostre indicazioni un aspetto nitido e pregiato. Sia che si tratti di una storia nera lucida che fa risaltare le scritte in oro o di una superficie opaca elegante per una sensazione contemporanea, il materiale valorizza ogni dettaglio del layout.<\/li>\n<li><strong>Resistenza agli agenti atmosferici e all'umidit\u00e0:\u00a0<\/strong>Perfetto per le porte d'ingresso o per le insegne dei servizi igienici, l'acrilico non si deforma n\u00e9 si deteriora se sottoposto a umidit\u00e0 o a sbalzi di temperatura, rendendolo adatto a un'ampia gamma di applicazioni in interni.<\/li>\n<li><strong>Facile manutenzione:\u00a0<\/strong>\u00c8 sufficiente una facile pulizia con un tessuto morbido per mantenere queste indicazioni sempre nuove. Non sono porosi e resistono allo scolorimento, assicurando una presentazione sempre ordinata e specializzata.<\/li>\n<\/ul>\n<p><img decoding=\"async\" class=\"size-full wp-image-1275\" src=\"https:\/\/customacrylicproduct.com\/wp-content\/uploads\/2025\/07\/Acrylic-Door-Signs-6.jpg\" alt=\"Insegne per porte in acrilico (6)\" width=\"800\" height=\"800\" srcset=\"https:\/\/customacrylicproduct.com\/wp-content\/uploads\/2025\/07\/Acrylic-Door-Signs-6.jpg 800w, https:\/\/customacrylicproduct.com\/wp-content\/uploads\/2025\/07\/Acrylic-Door-Signs-6-300x300.jpg 300w, https:\/\/customacrylicproduct.com\/wp-content\/uploads\/2025\/07\/Acrylic-Door-Signs-6-150x150.jpg 150w, https:\/\/customacrylicproduct.com\/wp-content\/uploads\/2025\/07\/Acrylic-Door-Signs-6-768x768.jpg 768w, https:\/\/customacrylicproduct.com\/wp-content\/uploads\/2025\/07\/Acrylic-Door-Signs-6-600x600.jpg 600w, https:\/\/customacrylicproduct.com\/wp-content\/uploads\/2025\/07\/Acrylic-Door-Signs-6-100x100.jpg 100w\" sizes=\"(max-width: 800px) 100vw, 800px\" \/><\/p>\n<h4 id=\"-a-style-for-every-atmosphere-design-adaptability-\"><strong>Uno stile per ogni ambiente: Adattabilit\u00e0 del design<\/strong><\/h4>\n<p>La nostra collezione \u00e8 curata con attenzione per offrire una selezione di design che si integrano perfettamente in qualsiasi edificio o sistema di decorazione d'interni.<\/p>\n<p><strong>1. Il classico oro e nero:\u00a0<\/strong>. Come gi\u00e0 visto nelle nostre insegne di punta Push\/Pull, la combinazione di un nero profondo e lucido e di un testo dorato di grande impatto conferisce un aspetto classico di lusso e autorit\u00e0. I caratteri cinesi (\u63a8 per Push, \u62c9 per Pull) sono realizzati in un carattere vivace e ordinato, abbinato alle loro controparti inglesi. Questo layout \u00e8 perfetto per gli hotel di lusso, i ristoranti di alto livello, le suite executive e i punti vendita di alta gamma che desiderano dare un'immagine di bellezza ed eleganza.<\/p>\n<p><strong>2. L'oro pulito moderno:\u00a0<\/strong>. Per un aspetto metallico pi\u00f9 morbido e contemporaneo, le nostre indicazioni in oro pettinato offrono un'immagine calda e minimale. Caratterizzati da un testo nero nitido e da pittogrammi istintivi (una mano che preme e una che disegna), questi indicatori migliorano la comprensione in caso di ostacoli linguistici. L'aspetto sottile della finitura pettinata riduce i riflessi e nasconde le impronte digitali, rendendola una scelta sensata ed elegante per uffici moderni, caffetterie e boutique.<\/p>\n<p><strong>3. Il sofisticato accento di legno e nero:\u00a0<\/strong>. La nostra indicazione \u201cBoardroom\u201d (\u4f1a\u8bae\u5ba4) mette in mostra un sapiente mix di prodotti. L'insegna comprende scritte bianche e nitide in rilievo 3D su una lastra acrilica nera opaca, stratificata ad arte su una base pi\u00f9 grande con un'abbondante superficie a venatura di legno naturale. L'elegante curva in cui il nero si unisce al legno aggiunge un tocco dinamico e naturale. Questo design \u00e8 eccellente per gli spazi che vogliono essere contemporanei ma caldi e invitanti, come le aziende creative, i centri benessere e gli uffici domestici contemporanei.<\/p>\n<p><strong>4. Il cursore intercambiabile professionale:\u00a0<\/strong>. Sviluppata per ambienti vivaci, la nostra indicazione a scorrimento in alluminio spazzolato \u00e8 l'apice della funzionalit\u00e0. L'elegante supporto argentato \u00e8 completamente montato, mentre la targhetta interna - qui in un sapiente blu per \u201cConference Room\u201d - pu\u00f2 essere comodamente fatta scorrere dentro e fuori. Questo sistema \u00e8 ideale per le aree di lavoro, le sale per i clienti o gli uffici, e consente di aggiornare rapidamente la dicitura \u201cLibero\/utilizzato\u201d, \u201cProntamente disponibile\u201d o il nome dell'attuale occupante. \u00c8 un servizio ordinato, efficiente e molto esperto per la gestione degli spazi condivisi.<\/p>\n<h4 id=\"-clearness-in-communication-bilingual-and-universal-\"><strong>Chiarezza nella comunicazione: Bilingue e universale<\/strong><\/h4>\n<p>Nel nostro mondo progressivamente globalizzato, una comunicazione chiara \u00e8 fondamentale. I nostri indicatori sono caratterizzati da testi bilingue in cinese e in inglese, che li rendono perfettamente adatti alle aziende internazionali, alle localit\u00e0 turistiche e alle comunit\u00e0 pi\u00f9 diverse. La tipografia pulita e gli schemi di colori ad alto contrasto garantiscono la massima chiarezza da una gamma, mentre l'inclusione di icone in alcuni design fornisce un ulteriore livello di comprensione universale.<\/p>\n<h4 id=\"-straightforward-setup-enduring-impact-\"><strong>Impostazione semplice, impatto duraturo<\/strong><\/h4>\n<p>La nostra azienda \u00e8 convinta che l'ammodernamento della stanza debba essere un'esperienza comoda. Ecco perch\u00e9 le nostre indicazioni per porte in acrilico sono state sviluppate per un montaggio facile e sicuro. Ogni indicazione \u00e8 dotata di un supporto adesivo ad alta resistenza, che consente di montarla su qualsiasi superficie piana e ordinata (legno, vetro, acciaio e superfici murali verniciate) in pochi secondi. Nessuna esplorazione, nessuna vite, nessun danno alle porte.<\/p>\n<p><strong>Acquista la qualit\u00e0<\/strong><\/p>\n<p>Scegliere i nostri cartelli per porte in polimero \u00e8 pi\u00f9 di un'acquisizione: \u00e8 una dichiarazione. \u00c8 un impegno a fornire un'esperienza migliore ai vostri consumatori, clienti e dipendenti. \u00c8 un investimento nell'immagine del vostro marchio e una testimonianza della vostra dedizione alla massima qualit\u00e0 in ogni informazione.<\/p>\n<p>Guidate, istruite e impressionate con una segnaletica che funziona perfettamente come l'aspetto. Cercate oggi stesso nella nostra collezione e trovate il tocco finale ideale per la vostra area.<\/p>","protected":false},"excerpt":{"rendered":"<p class=\"ng-star-inserted\"><span class=\"ng-star-inserted\">Valorizzate i vostri ingressi con i nostri cartelli per porte push\/pull in acrilico di alta qualit\u00e0. Caratterizzate da un testo chiaro e bilingue e da un design moderno nelle finiture oro, nero e legno, queste insegne resistenti sono perfette per supermercati, uffici e negozi. Facili da installare per un look professionale e accogliente.<\/span><\/p>","protected":false},"featured_media":1270,"template":"","meta":{"_kad_post_transparent":"default","_kad_post_title":"","_kad_post_layout":"default","_kad_post_sidebar_id":"","_kad_post_content_style":"default","_kad_post_vertical_padding":"default","_kad_post_feature":"","_kad_post_feature_position":"","_kad_post_header":false,"_kad_post_footer":false,"_kad_post_classname":""},"product_brand":[],"product_cat":[18],"product_tag":[131],"class_list":{"0":"post-1269","1":"product","2":"type-product","3":"status-publish","4":"has-post-thumbnail","6":"product_cat-custom-acrylic-signs","7":"product_tag-acrylic-door-signs","9":"first","10":"instock","11":"shipping-taxable","12":"product-type-simple","13":"entry","14":"content-bg","15":"loop-entry"},"_links":{"self":[{"href":"https:\/\/customacrylicproduct.com\/it\/wp-json\/wp\/v2\/product\/1269","targetHints":{"allow":["GET"]}}],"collection":[{"href":"https:\/\/customacrylicproduct.com\/it\/wp-json\/wp\/v2\/product"}],"about":[{"href":"https:\/\/customacrylicproduct.com\/it\/wp-json\/wp\/v2\/types\/product"}],"wp:featuredmedia":[{"embeddable":true,"href":"https:\/\/customacrylicproduct.com\/it\/wp-json\/wp\/v2\/media\/1270"}],"wp:attachment":[{"href":"https:\/\/customacrylicproduct.com\/it\/wp-json\/wp\/v2\/media?parent=1269"}],"wp:term":[{"taxonomy":"product_brand","embeddable":true,"href":"https:\/\/customacrylicproduct.com\/it\/wp-json\/wp\/v2\/product_brand?post=1269"},{"taxonomy":"product_cat","embeddable":true,"href":"https:\/\/customacrylicproduct.com\/it\/wp-json\/wp\/v2\/product_cat?post=1269"},{"taxonomy":"product_tag","embeddable":true,"href":"https:\/\/customacrylicproduct.com\/it\/wp-json\/wp\/v2\/product_tag?post=1269"}],"curies":[{"name":"wp","href":"https:\/\/api.w.org\/{rel}","templated":true}]}}