{"id":1281,"date":"2025-07-18T08:22:12","date_gmt":"2025-07-18T08:22:12","guid":{"rendered":"https:\/\/customacrylicproduct.com\/?post_type=product&#038;p=1281"},"modified":"2025-07-18T08:30:55","modified_gmt":"2025-07-18T08:30:55","slug":"custom-generic-round-glass-vase-acrylic-vase-home-decoration","status":"publish","type":"product","link":"https:\/\/customacrylicproduct.com\/it\/custom-generic-round-glass-vase-acrylic-vase-home-decoration\/","title":{"rendered":"Vaso di vetro rotondo generico personalizzato Vaso acrilico Decorazione domestica"},"content":{"rendered":"<h3 id=\"the-arch-orb-sculptural-coordinator-where-practical-design-meets-spirited-creativity\">Il coordinatore scultoreo \u201cArch &amp; Orb\u201d: Dove il design pratico incontra la creativit\u00e0<\/h3>\n<p>In un mondo saturo di cose banali, crediamo che gli oggetti di cui ci si circonda debbano fare di pi\u00f9 che servire a uno scopo: devono ispirare, deliziare e raccontare una storia. Vi presentiamo l'organizzatore scultoreo \u201cArch &amp; Orb\u201d, una masterclass di design moderno che oscura senza sforzo le linee di demarcazione tra un accessorio funzionale per la scrivania, un elegante portafiori e un oggetto indipendente di arte contemporanea. Non si tratta di un semplice contenitore, ma di un'esperienza curata, un tocco di genialit\u00e0 costruttiva progettato per elevare il quotidiano e trasformare il vostro spazio personale in una galleria d'arte.<\/p>\n<p><img fetchpriority=\"high\" decoding=\"async\" class=\"size-full wp-image-1285 aligncenter\" src=\"https:\/\/customacrylicproduct.com\/wp-content\/uploads\/2025\/07\/Custom-Generic-Round-Glass-Vase-4.jpg\" alt=\"Vaso di vetro rotondo generico personalizzato (4)\" width=\"800\" height=\"800\" srcset=\"https:\/\/customacrylicproduct.com\/wp-content\/uploads\/2025\/07\/Custom-Generic-Round-Glass-Vase-4.jpg 800w, https:\/\/customacrylicproduct.com\/wp-content\/uploads\/2025\/07\/Custom-Generic-Round-Glass-Vase-4-300x300.jpg 300w, https:\/\/customacrylicproduct.com\/wp-content\/uploads\/2025\/07\/Custom-Generic-Round-Glass-Vase-4-150x150.jpg 150w, https:\/\/customacrylicproduct.com\/wp-content\/uploads\/2025\/07\/Custom-Generic-Round-Glass-Vase-4-768x768.jpg 768w, https:\/\/customacrylicproduct.com\/wp-content\/uploads\/2025\/07\/Custom-Generic-Round-Glass-Vase-4-600x600.jpg 600w, https:\/\/customacrylicproduct.com\/wp-content\/uploads\/2025\/07\/Custom-Generic-Round-Glass-Vase-4-100x100.jpg 100w\" sizes=\"(max-width: 800px) 100vw, 800px\" \/><\/p>\n<h4 id=\"a-harmony-of-kind-and-shade\">Un'armonia di gentilezza e ombra<\/h4>\n<p>Lo stile di \u201cArc &amp; Orb\u201d \u00e8 una festa di puro tipo geometrico. La struttura \u00e8 costituita da 2 pannelli paralleli di acrilico trasparente di alta qualit\u00e0, ognuno dei quali forma un arco perfetto ed elegante. Questi archi creano una sensazione di grazia architettonica e di apertura, stimolando immagini di pilastri tradizionali o di paesaggi urbani futuristici. La scelta di un blu elettrico e vivace \u00e8 deliberata e d'impatto. Non si tratta di un colore passivo, ma di un colore che comanda l'attenzione, irradiando fiducia, creativit\u00e0 e calma. La trasparenza dell'acrilico permette alla luce di passare attraverso di esso, producendo un'accattivante danza di buio e colore rifratto che cambia con la luce del giorno, facendo sentire l'oggetto attivo e dinamico.<\/p>\n<p>Tra questi due archi si trova un funzionale contenitore a forma di U, che fornisce il nucleo centrale dell'oggetto. Tuttavia, \u00e8 l'audace tocco finale che definisce veramente questo oggetto: una singola sfera lucida in un giallo solare e ottimista. Questa sfera si mostra alla deriva, catturata in un momento di vivace sospensione contro il sorprendente sfondo blu. Il contrasto \u00e8 elettrico. Il tondo rompe la simmetria ufficiale degli archi, introducendo una componente di sorpresa e fantasia. Questo gioco tra le linee organizzate degli archi e la curva naturale della sfera \u00e8 il cuore del mago del design, che simboleggia un perfetto equilibrio tra ordine e spontaneit\u00e0, classe e divertimento. \u00c8 un linguaggio stilistico che parla con l'influenza del Memphis Team, che sosteneva tonalit\u00e0 vivaci, forme geometriche e il rifiuto dell'austerit\u00e0 minimalista a favore di oggetti espressivi e pieni di carattere.<\/p>\n<p><img decoding=\"async\" class=\"size-full wp-image-1284 aligncenter\" src=\"https:\/\/customacrylicproduct.com\/wp-content\/uploads\/2025\/07\/Custom-Generic-Round-Glass-Vase-3.jpg\" alt=\"Vaso di vetro rotondo generico personalizzato (3)\" width=\"800\" height=\"800\" srcset=\"https:\/\/customacrylicproduct.com\/wp-content\/uploads\/2025\/07\/Custom-Generic-Round-Glass-Vase-3.jpg 800w, https:\/\/customacrylicproduct.com\/wp-content\/uploads\/2025\/07\/Custom-Generic-Round-Glass-Vase-3-300x300.jpg 300w, https:\/\/customacrylicproduct.com\/wp-content\/uploads\/2025\/07\/Custom-Generic-Round-Glass-Vase-3-150x150.jpg 150w, https:\/\/customacrylicproduct.com\/wp-content\/uploads\/2025\/07\/Custom-Generic-Round-Glass-Vase-3-768x768.jpg 768w, https:\/\/customacrylicproduct.com\/wp-content\/uploads\/2025\/07\/Custom-Generic-Round-Glass-Vase-3-600x600.jpg 600w, https:\/\/customacrylicproduct.com\/wp-content\/uploads\/2025\/07\/Custom-Generic-Round-Glass-Vase-3-100x100.jpg 100w\" sizes=\"(max-width: 800px) 100vw, 800px\" \/><\/p>\n<h4 id=\"unparalleled-flexibility-a-things-of-infinite-possibilities\">Flessibilit\u00e0 senza pari: Un oggetto dalle infinite possibilit\u00e0<\/h4>\n<p>Il vero fascino del coordinatore \u201cArch &amp; Orb\u201d dipende dalla sua straordinaria versatilit\u00e0. La sua accurata disposizione gli permette di adattarsi senza sforzo alle vostre esigenze, al vostro design e alla vostra vita.<\/p>\n<ul>\n<li><strong>Per l'esperto moderno:\u00a0<\/strong>Reimmaginate il vostro ufficio. Come portapenne e portamatite, questo oggetto conferisce alla vostra scrivania un livello di stile senza eguali. Dite addio alle tazze disordinate e prive di ispirazione e abbracciate un oggetto che organizza i vostri dispositivi cruciali e al tempo stesso funge da risorsa per la motivazione creativa. \u00c8 una dichiarazione di stima per il layout, il pensiero creativo e la mente libera.<\/li>\n<li><strong>Per gli intenditori di fascino:\u00a0<\/strong>Trasformate il vostro vanity in un rifugio elegante e ordinato. Il supporto \u00e8 perfettamente dimensionato per pennelli da trucco, eyeliner, lucidalabbra e altri strumenti cosmetici. I colori vivaci aggiungeranno un tocco glamour alla vostra routine mattutina, facendo sentire l'atto di prepararsi come un rituale creativo.<\/li>\n<li><strong>Per il decoratore esigente:\u00a0<\/strong>Utilizzatelo come portafiori contemporaneo per mostrare la bellezza della natura sotto una nuova luce. Sebbene non sia destinato a un bouquet completo, \u00e8 un contenitore eccellente per un singolo, notevole stelo, qualche rametto di eucalipto profumato o un pennacchio di fragile erba della pampa (come meravigliosamente suggerito nell'immagine di way of life). Il contrasto tra la struttura naturale delle piante e le linee snelle e sintetiche dell'acrilico produce una magnifica discussione estetica.<\/li>\n<li><strong>Per l'artista e il designer:\u00a0<\/strong>Tenete a portata di mano i pennelli, le formine o le matite colorate pi\u00f9 utilizzate. Questo proprietario \u00e8 un omaggio alla procedura innovativa stessa, una casa adatta per gli strumenti che danno vita alle vostre visioni.<\/li>\n<li><strong>Come scultura indipendente:\u00a0<\/strong>Spesso la funzione migliore di un oggetto \u00e8 semplicemente quella di stupire. Posizionate \u201cArc &amp; Orb\u201d su una libreria, un caminetto o una consolle d'ingresso e lasciate che parli da solo. Si tratta di un elemento di conversazione, un oggetto d'arte ottenibile che infonde individualit\u00e0 e un lato innovativo e contemporaneo in qualsiasi tipo di arredamento.<\/li>\n<\/ul>\n<p><img decoding=\"async\" class=\"size-full wp-image-1282 aligncenter\" src=\"https:\/\/customacrylicproduct.com\/wp-content\/uploads\/2025\/07\/Custom-Generic-Round-Glass-Vase-1.jpg\" alt=\"Vaso di vetro rotondo generico personalizzato (1)\" width=\"800\" height=\"800\" srcset=\"https:\/\/customacrylicproduct.com\/wp-content\/uploads\/2025\/07\/Custom-Generic-Round-Glass-Vase-1.jpg 800w, https:\/\/customacrylicproduct.com\/wp-content\/uploads\/2025\/07\/Custom-Generic-Round-Glass-Vase-1-300x300.jpg 300w, https:\/\/customacrylicproduct.com\/wp-content\/uploads\/2025\/07\/Custom-Generic-Round-Glass-Vase-1-150x150.jpg 150w, https:\/\/customacrylicproduct.com\/wp-content\/uploads\/2025\/07\/Custom-Generic-Round-Glass-Vase-1-768x768.jpg 768w, https:\/\/customacrylicproduct.com\/wp-content\/uploads\/2025\/07\/Custom-Generic-Round-Glass-Vase-1-600x600.jpg 600w, https:\/\/customacrylicproduct.com\/wp-content\/uploads\/2025\/07\/Custom-Generic-Round-Glass-Vase-1-100x100.jpg 100w\" sizes=\"(max-width: 800px) 100vw, 800px\" \/><\/p>\n<h4 id=\"superior-craftsmanship-and-product\">Artigianato e prodotti di qualit\u00e0 superiore<\/h4>\n<p>Questo pezzo \u00e8 realizzato in acrilico di prima qualit\u00e0 (chiamato anche plexiglass o lucite), scelto per le sue fenomenali qualit\u00e0. A differenza del vetro, il polimero \u00e8 leggero e resistente alla frantumazione, garantendo resilienza e tranquillit\u00e0. La sua caratteristica pi\u00f9 eccezionale \u00e8 la chiarezza ottica, che supera quella del vetro, consentendo una trasmissione dei colori e della luce pi\u00f9 pura e fantastica. I lati sono tagliati con precisione, per rivelare la profondit\u00e0 e la struttura del prodotto, mentre le aree superficiali sono illuminate con una finitura notevole. La dinamica sfera gialla si integra con sicurezza e senza sforzo nello stile, a testimonianza della qualit\u00e0 costruttiva e dell'attenzione alle informazioni.<\/p>\n<h4 id=\"the-power-of-modification\">Il potere della modifica<\/h4>\n<p>Siamo consapevoli che il design individuale \u00e8 speciale. A dimostrazione della natura \u201cpersonalizzata\u201d di questa offerta, l\u201c\u201dArc &amp; Orb\" pu\u00f2 essere adattato alla vostra particolare visione estetica. Immaginate questo splendido design in una tavolozza diversa: un grigio fumoso con un tocco di rosa neon, un innovativo acrilico trasparente con una sfera di smeraldo profondo, o un caldo ambra con un tradizionale tondo bianco. Le possibilit\u00e0 sono limitate solo dalla vostra immaginazione. Questa modifica la rende un'opzione perfetta per regali aziendali, collaborazioni di marca o per creare un oggetto assolutamente unico per la vostra casa.<\/p>\n<h4 id=\"an-invite-to-redefine-your-room\">Un invito a ridefinire la propria stanza<\/h4>\n<p>L'organizer scultoreo \u201cArc &amp; Orb\u201d \u00e8 pi\u00f9 di un semplice prodotto: \u00e8 un invito. \u00c8 un invito a liberarsi dalle convenzioni, a dare il benvenuto al colore e alla gentilezza e a trovare piacere nei piccoli, deliziosi dettagli del vostro ambiente. \u00c8 un pezzo per le persone forti, fantasiose e attente al design che capiscono che gli spazi che abitiamo sono estensioni di noi stessi.<\/p>\n<p>Acquistate un oggetto d'arte pratico. Portate a casa l\u201c\u201dArch &amp; Orb\" e lasciate che la sua vivace raffinatezza e il suo stile moderno vi influenzino quotidianamente.<\/p>","protected":false},"excerpt":{"rendered":"<p class=\"ng-star-inserted\"><span class=\"ng-star-inserted\">Aggiungete un tocco artistico al vostro spazio! Questo moderno portaoggetti in acrilico presenta un audace design geometrico con archi blu traslucidi e una giocosa sfera gialla. Versatile come portapenne chic, organizzatore di pennelli per il trucco o vaso unico a stelo per una casa o un ufficio contemporaneo.<\/span><\/p>","protected":false},"featured_media":1285,"template":"","meta":{"_kad_post_transparent":"default","_kad_post_title":"","_kad_post_layout":"default","_kad_post_sidebar_id":"","_kad_post_content_style":"default","_kad_post_vertical_padding":"default","_kad_post_feature":"","_kad_post_feature_position":"","_kad_post_header":false,"_kad_post_footer":false,"_kad_post_classname":""},"product_brand":[],"product_cat":[17],"product_tag":[133],"class_list":{"0":"post-1281","1":"product","2":"type-product","3":"status-publish","4":"has-post-thumbnail","6":"product_cat-custom-acrylic-boxes","7":"product_tag-custom-generic-round-glass-vase","9":"first","10":"instock","11":"shipping-taxable","12":"product-type-simple","13":"entry","14":"content-bg","15":"loop-entry"},"_links":{"self":[{"href":"https:\/\/customacrylicproduct.com\/it\/wp-json\/wp\/v2\/product\/1281","targetHints":{"allow":["GET"]}}],"collection":[{"href":"https:\/\/customacrylicproduct.com\/it\/wp-json\/wp\/v2\/product"}],"about":[{"href":"https:\/\/customacrylicproduct.com\/it\/wp-json\/wp\/v2\/types\/product"}],"wp:featuredmedia":[{"embeddable":true,"href":"https:\/\/customacrylicproduct.com\/it\/wp-json\/wp\/v2\/media\/1285"}],"wp:attachment":[{"href":"https:\/\/customacrylicproduct.com\/it\/wp-json\/wp\/v2\/media?parent=1281"}],"wp:term":[{"taxonomy":"product_brand","embeddable":true,"href":"https:\/\/customacrylicproduct.com\/it\/wp-json\/wp\/v2\/product_brand?post=1281"},{"taxonomy":"product_cat","embeddable":true,"href":"https:\/\/customacrylicproduct.com\/it\/wp-json\/wp\/v2\/product_cat?post=1281"},{"taxonomy":"product_tag","embeddable":true,"href":"https:\/\/customacrylicproduct.com\/it\/wp-json\/wp\/v2\/product_tag?post=1281"}],"curies":[{"name":"wp","href":"https:\/\/api.w.org\/{rel}","templated":true}]}}