{"id":1291,"date":"2025-07-18T08:56:31","date_gmt":"2025-07-18T08:56:31","guid":{"rendered":"https:\/\/customacrylicproduct.com\/?post_type=product&#038;p=1291"},"modified":"2025-07-18T08:56:31","modified_gmt":"2025-07-18T08:56:31","slug":"acrylic-gifts-with-bible-verse-prayers-religious-gifts","status":"publish","type":"product","link":"https:\/\/customacrylicproduct.com\/it\/acrylic-gifts-with-bible-verse-prayers-religious-gifts\/","title":{"rendered":"Regali in acrilico con preghiere in versi della Bibbia - Regali religiosi"},"content":{"rendered":"<h3 id=\"-a-sign-of-confidence-the-angelic-memento-of-divine-support-\"><strong>Un segno di fiducia: Il ricordo angelico del sostegno divino<\/strong><\/h3>\n<p>In un mondo che di solito \u00e8 rumoroso e poco chiaro, dove i nostri cuori e le nostre menti possono essere oscurati dalle battaglie quotidiane, dallo stress e dalle ansie, la maggior parte di noi cerca un'ancora concreta, un promemoria silenzioso e costante di un amore che non conosce soste e di una resistenza che non \u00e8 la nostra. Cerchiamo un sussurro di eleganza al centro di una giornata frenetica, un faro di speranza in una notte buia. Vi presentiamo il nostro affascinante\u00a0<strong>Angelo ricordo in acrilico con versi della Bibbia e preghiere\u00a0<\/strong>, Un'opera d'arte meravigliosamente realizzata non solo per decorare uno spazio, ma anche per elevare un'anima.<\/p>\n<p>\u00c8 molto pi\u00f9 di una semplice decorazione: \u00e8 un ministero in miniatura, una testimonianza profonda e individuale degli impegni duraturi di Dio, registrata in un formato elegante e duraturo. Con la forma di un angelo mite con le ali spiegate, questo ricordo funge da messaggero quotidiano di conforto, amore e identificazione divina, rendendolo il regalo religioso perfetto per voi stessi o per una persona cara.<\/p>\n<p><img fetchpriority=\"high\" decoding=\"async\" class=\"size-full wp-image-1292\" src=\"https:\/\/customacrylicproduct.com\/wp-content\/uploads\/2025\/07\/Acrylic-Gifts-1.jpg\" alt=\"Regali in acrilico (1)\" width=\"800\" height=\"800\" srcset=\"https:\/\/customacrylicproduct.com\/wp-content\/uploads\/2025\/07\/Acrylic-Gifts-1.jpg 800w, https:\/\/customacrylicproduct.com\/wp-content\/uploads\/2025\/07\/Acrylic-Gifts-1-300x300.jpg 300w, https:\/\/customacrylicproduct.com\/wp-content\/uploads\/2025\/07\/Acrylic-Gifts-1-150x150.jpg 150w, https:\/\/customacrylicproduct.com\/wp-content\/uploads\/2025\/07\/Acrylic-Gifts-1-768x768.jpg 768w, https:\/\/customacrylicproduct.com\/wp-content\/uploads\/2025\/07\/Acrylic-Gifts-1-600x600.jpg 600w, https:\/\/customacrylicproduct.com\/wp-content\/uploads\/2025\/07\/Acrylic-Gifts-1-100x100.jpg 100w\" sizes=\"(max-width: 800px) 100vw, 800px\" \/><\/p>\n<p><strong>Artigianato impeccabile, stile celestiale<\/strong><\/p>\n<p>Ogni angelo \u00e8 realizzato in acrilico cristallino di prima qualit\u00e0, che gli conferisce l'eccellente e luminosa qualit\u00e0 del vetro senza la sua delicatezza. Il design significativo e indipendente consente di collocarlo saldamente su qualsiasi superficie piana, sia essa un tavolo da lavoro, un comodino, una mensola o una mensola da camino. I bordi sono lucidati per ottenere una finitura liscia e priva di rischi e la stampa a colori ad alta definizione \u00e8 incorporata nell'acrilico, assicurando che le immagini vivaci e le parole spirituali non si sbiadiscano, non si scheggino e non si stacchino mai. In testa \u00e8 inciso il simbolo del cuore infinito, fragile ed elegante, che rappresenta la natura infinita e senza fine dell'amore di Dio.<\/p>\n<p>Forniamo 2 disegni unici e profondamente significativi, ognuno dei quali intreccia Bibbia e creativit\u00e0 per parlare al cuore con un metodo unico.<\/p>\n<p><img decoding=\"async\" class=\"wp-image-1293 size-large\" src=\"https:\/\/customacrylicproduct.com\/wp-content\/uploads\/2025\/07\/Acrylic-Gifts-2-1024x1024.jpg\" alt=\"Regali in acrilico (2)\" width=\"1024\" height=\"1024\" srcset=\"https:\/\/customacrylicproduct.com\/wp-content\/uploads\/2025\/07\/Acrylic-Gifts-2-1024x1024.jpg 1024w, https:\/\/customacrylicproduct.com\/wp-content\/uploads\/2025\/07\/Acrylic-Gifts-2-300x300.jpg 300w, https:\/\/customacrylicproduct.com\/wp-content\/uploads\/2025\/07\/Acrylic-Gifts-2-150x150.jpg 150w, https:\/\/customacrylicproduct.com\/wp-content\/uploads\/2025\/07\/Acrylic-Gifts-2-768x768.jpg 768w, https:\/\/customacrylicproduct.com\/wp-content\/uploads\/2025\/07\/Acrylic-Gifts-2-600x600.jpg 600w, https:\/\/customacrylicproduct.com\/wp-content\/uploads\/2025\/07\/Acrylic-Gifts-2-100x100.jpg 100w, https:\/\/customacrylicproduct.com\/wp-content\/uploads\/2025\/07\/Acrylic-Gifts-2.jpg 1500w\" sizes=\"(max-width: 1024px) 100vw, 1024px\" \/><\/p>\n<p>-.<\/p>\n<h3 id=\"-layout-1-the-continuous-visibility-angel-pink-floral-cross-\"><strong>Layout 1: L'angelo della visibilit\u00e0 continua (fiore rosa e croce)<\/strong><\/h3>\n<p><strong>\u201d Ogni giorno, ogni ora, ogni minuto, ogni secondo\u201d.\u201d\u00a0<\/strong><\/p>\n<p>Questo layout \u00e8 un grafico spettacolare della cura onnipresente e dell'amore incessante di Dio. Adornato con delicati fiori rosa e farfalle svolazzanti sullo sfondo di una croce di legno rustica, suggerisce che non siete mai soli e che siete tenuti in considerazione in ogni momento.<\/p>\n<ul>\n<li><strong>Ogni giorno, Dio vi considera. (Salmo 139:17)\u00a0<\/strong>. Questa efficace assicurazione tratta dai Salmi parla del vostro valore illimitato. Non \u00e8 solo un pensiero di breve durata, ma, come continua il sapiente, le sue idee nei vostri confronti sono preziose e superano i granelli di sabbia. Questo angelo funziona come una pietra di paragone fisica per tenere a mente che siete apprezzati e continuamente nella mente del vostro Sviluppatore.<\/li>\n<li><strong>Ogni ora, Dio si prende cura di voi. (2 Tessalonicesi 3:3)\u00a0<\/strong>. La vita pu\u00f2 portare prove inaspettate e minuti di preoccupazione. Questa sapienza \u00e8 uno scudo di fede, una ferma dichiarazione che \u201cil Signore \u00e8 fedele; egli certamente ti protegger\u00e0 e ti metter\u00e0 al sicuro dal maligno\u201d. Lasciate che questo messaggio fortifichi il vostro spirito ogni ora, riconoscendo che una guardia divina sorveglia il vostro cammino.<\/li>\n<li><strong>Ogni minuto, Dio si prende cura di voi. (1 Pietro 5:7)\u00a0<\/strong>. Il peso del globo pu\u00f2 sembrare pesante. Questo ricordo sussurra il mite comando di \u201cgettare su di Lui tutto il tuo stress e la tua ansia, perch\u00e9 Lui si prende cura di te\u201d. Le farfalle, segni di cambiamento e di lancio, riecheggiano esteticamente questo sentimento, incoraggiandovi a lasciar andare le vostre preoccupazioni e a riposare nelle Sue cure, minuto dopo minuto.<\/li>\n<li><strong>Da ogni 2, LUI TI AMA. (Geremia 31:3)\u00a0<\/strong>. Al centro di tutto c'\u00e8 la realt\u00e0 fondamentale del Vangelo: L'amore profondo e individuale di Dio. Questa conoscenza, \u201cMi sei piaciuto con un amore duraturo\u201d, \u00e8 l'ancora per tutte le altre promesse. \u00c8 la fonte massima della nostra speranza e della nostra sicurezza.<\/li>\n<\/ul>\n<p>Questo angelo, con le sue immagini morbide e aggraziate di fiori rosa che rappresentano una nuova vita e la croce che rappresenta il sacrificio e l'amore definitivo, \u00e8 il miglior regalo per una persona che sta attraversando una stagione difficile, fornendo una risorsa sostanziale di conforto e fiducia 24\/7.<\/p>\n<p><img decoding=\"async\" class=\"wp-image-1294 size-large\" src=\"https:\/\/customacrylicproduct.com\/wp-content\/uploads\/2025\/07\/Acrylic-Gifts-3-1024x1024.jpg\" alt=\"Regali in acrilico (3)\" width=\"1024\" height=\"1024\" srcset=\"https:\/\/customacrylicproduct.com\/wp-content\/uploads\/2025\/07\/Acrylic-Gifts-3-1024x1024.jpg 1024w, https:\/\/customacrylicproduct.com\/wp-content\/uploads\/2025\/07\/Acrylic-Gifts-3-300x300.jpg 300w, https:\/\/customacrylicproduct.com\/wp-content\/uploads\/2025\/07\/Acrylic-Gifts-3-150x150.jpg 150w, https:\/\/customacrylicproduct.com\/wp-content\/uploads\/2025\/07\/Acrylic-Gifts-3-768x768.jpg 768w, https:\/\/customacrylicproduct.com\/wp-content\/uploads\/2025\/07\/Acrylic-Gifts-3-600x600.jpg 600w, https:\/\/customacrylicproduct.com\/wp-content\/uploads\/2025\/07\/Acrylic-Gifts-3-100x100.jpg 100w, https:\/\/customacrylicproduct.com\/wp-content\/uploads\/2025\/07\/Acrylic-Gifts-3.jpg 1500w\" sizes=\"(max-width: 1024px) 100vw, 1024px\" \/><\/p>\n<p>-.<\/p>\n<h3 id=\"-design-2-the-identity-in-christ-angel-sunflower-affirmation-\"><strong>Disegno 2: L'angelo dell'identit\u00e0 in Cristo (girasole e affermazione)<\/strong><\/h3>\n<p><strong>\u201d Dio dice che sei...\u201d\u00a0<\/strong>.<\/p>\n<p>Questo stile \u00e8 una luminosa dichiarazione di identit\u00e0, sviluppata per combattere i sentimenti di incertezza, instabilit\u00e0 e indegnit\u00e0 con la realt\u00e0 inconfutabile della Parola di Dio. Immerso nell'allegro bagliore solare dei dinamici girasoli, che simboleggiano l'adorazione, l'impegno e la fede spirituale, questo angelo offre una raccolta di potenti affermazioni, ognuna radicata nella Bibbia.<\/p>\n<p>\u00c8 una telefonata quotidiana per vedere se stessi con gli occhi di Dio.<\/p>\n<ul>\n<li><strong>Scelto (Giovanni 15:16):\u00a0<\/strong>Non siete un contrattempo o un ripensamento. Lo Sviluppatore dello spazio profondo vi ha appositamente selezionati e vi ha assegnato il compito di prosperare. Questa verit\u00e0 conferisce obiettivit\u00e0 e sradica il senso di insignificanza.<\/li>\n<li><strong>Forte (Salmo 18:35):\u00a0<\/strong>La vostra forza non proviene da voi stessi, ma da una fonte magnifica. Questo versetto ci ricorda che la destra di Dio ci sostiene e il suo aiuto ci rende fantastici. \u00c8 un messaggio potente per chiunque si senta debole o sopraffatto.<\/li>\n<li><strong>Non ha prezzo (1 Corinzi 6:20):\u00a0<\/strong>Il vostro valore \u00e8 incommensurabile. Questa affermazione \u00e8 un suggerimento sul fatto che siete stati \u201ccomprati a caro prezzo\u201d, il costo pi\u00f9 alto che si possa immaginare. Si riferisce al vostro valore fondamentale agli occhi di Dio, un valore che non si basa sui vostri risultati o sulle opinioni degli altri.<\/li>\n<li><strong>Meraviglioso (Daniele 12:3):\u00a0<\/strong>In un mondo che tipicamente corteggia l'aspetto esteriore, questo versetto indica una bellezza molto pi\u00f9 profonda e radiosa: la lucentezza di un cuore che rispecchia la saggezza e la decenza di Dio, brillando come le stelle per sempre.<\/li>\n<li><strong>Unico (Salmo 139:13):\u00a0<\/strong>Non siete una copia. Siete un'opera d'arte originale, \u201cfatta con timore e in modo incredibile\u201d. Questa affermazione celebra la complessa disposizione individuale che Dio ha intessuto nel vostro essere.<\/li>\n<li><strong>Unico (Efesini 2:10):\u00a0<\/strong>Questa ultima, splendida realt\u00e0 avvolge tutto. Voi siete \u201cla creazione di Dio, creata in Cristo Ges\u00f9 per compiere opere buone\u201d. Avete una funzione distinta e unica che solo voi potete svolgere.<\/li>\n<\/ul>\n<p>Questo angelo a tema girasole \u00e8 un'esplosione di luce solare spirituale, un regalo ottimale per battesimi, cresime, lauree o per qualsiasi buon amico o parente che abbia bisogno di un suggerimento sulla sua reale identificazione e sul suo valore in Cristo.<\/p>\n<h3 id=\"-the-perfect-present-for-every-single-event-of-the-heart-\"><strong>Il regalo perfetto per ogni singolo evento del cuore<\/strong><\/h3>\n<p>Trovare un regalo che comunichi in modo assoluto la profondit\u00e0 dei vostri sentimenti pu\u00f2 essere difficile. Il nostro Angelo Memento in acrilico trascende l'ordinario, utilizzando un messaggio che rimane per fornire molto tempo dopo che l'occasione \u00e8 passata. \u00c8 la migliore espressione di fede, speranza e amore per:.<\/p>\n<ul>\n<li><strong>Supporto:\u00a0<\/strong>Per un amico o un parente che sta affrontando una malattia, una perdita o una difficile transizione di vita.<\/li>\n<li><strong>Celebrazioni:\u00a0<\/strong>Un regalo significativo per la festa della mamma, Natale, Pasqua, compleanni, battesimi o anniversari.<\/li>\n<li><strong>Riconoscimento:\u00a0<\/strong>Uno splendido mezzo per ringraziare un sacerdote, un partecipante alla chiesa, un mentore o una panoramica spirituale.<\/li>\n<li><strong>Anche se:\u00a0<\/strong>Un moto spontaneo per far capire a qualcuno che rimane nei vostri pensieri e nelle vostre petizioni.<\/li>\n<\/ul>\n<p>Mettetelo dove possa catturare la luce e, cosa ancora pi\u00f9 importante, attirare l'attenzione. Lasciate che sia la prima cosa che vedete al mattino o l'ultima cosa che vedete la sera: un predicatore silenzioso e inflessibile della bont\u00e0 di Dio. Portate questo attraente segno di fede nella vostra casa o offrite il dono di un incoraggiamento eterno oggi stesso, e lasciate che la sua esistenza angelica carichi la vostra zona di tranquillit\u00e0 e di fatti magnifici.<\/p>","protected":false},"excerpt":{"rendered":"<p class=\"ng-star-inserted\"><span class=\"ng-star-inserted\">Offrite conforto con il nostro bellissimo angelo portafortuna in acrilico. Stampato con versetti biblici e preghiere ispiranti, \u00e8 un regalo religioso toccante che serve a ricordare quotidianamente la fede e l'amore infinito di Dio. Un regalo perfetto e premuroso per ogni occasione, per dimostrare che ci tenete.<\/span><\/p>","protected":false},"featured_media":1292,"template":"","meta":{"_kad_post_transparent":"default","_kad_post_title":"","_kad_post_layout":"default","_kad_post_sidebar_id":"","_kad_post_content_style":"default","_kad_post_vertical_padding":"default","_kad_post_feature":"","_kad_post_feature_position":"","_kad_post_header":false,"_kad_post_footer":false,"_kad_post_classname":""},"product_brand":[],"product_cat":[20],"product_tag":[129],"class_list":{"0":"post-1291","1":"product","2":"type-product","3":"status-publish","4":"has-post-thumbnail","6":"product_cat-custom-acrylic-crafts","7":"product_tag-acrylic-crafts","9":"first","10":"instock","11":"shipping-taxable","12":"product-type-simple","13":"entry","14":"content-bg","15":"loop-entry"},"_links":{"self":[{"href":"https:\/\/customacrylicproduct.com\/it\/wp-json\/wp\/v2\/product\/1291","targetHints":{"allow":["GET"]}}],"collection":[{"href":"https:\/\/customacrylicproduct.com\/it\/wp-json\/wp\/v2\/product"}],"about":[{"href":"https:\/\/customacrylicproduct.com\/it\/wp-json\/wp\/v2\/types\/product"}],"wp:featuredmedia":[{"embeddable":true,"href":"https:\/\/customacrylicproduct.com\/it\/wp-json\/wp\/v2\/media\/1292"}],"wp:attachment":[{"href":"https:\/\/customacrylicproduct.com\/it\/wp-json\/wp\/v2\/media?parent=1291"}],"wp:term":[{"taxonomy":"product_brand","embeddable":true,"href":"https:\/\/customacrylicproduct.com\/it\/wp-json\/wp\/v2\/product_brand?post=1291"},{"taxonomy":"product_cat","embeddable":true,"href":"https:\/\/customacrylicproduct.com\/it\/wp-json\/wp\/v2\/product_cat?post=1291"},{"taxonomy":"product_tag","embeddable":true,"href":"https:\/\/customacrylicproduct.com\/it\/wp-json\/wp\/v2\/product_tag?post=1291"}],"curies":[{"name":"wp","href":"https:\/\/api.w.org\/{rel}","templated":true}]}}