{"id":1295,"date":"2025-07-18T09:12:45","date_gmt":"2025-07-18T09:12:45","guid":{"rendered":"https:\/\/customacrylicproduct.com\/?post_type=product&#038;p=1295"},"modified":"2025-07-18T09:24:46","modified_gmt":"2025-07-18T09:24:46","slug":"clear-acrylic-serving-tray-sturdy-huge-capacity-acrylic-tray","status":"publish","type":"product","link":"https:\/\/customacrylicproduct.com\/it\/clear-acrylic-serving-tray-sturdy-huge-capacity-acrylic-tray\/","title":{"rendered":"Vassoio di servizio in acrilico trasparente Vassoio in acrilico robusto di grande capacit\u00e0"},"content":{"rendered":"<h3 id=\"beauty-redefined-discover-the-ultimate-clear-polymer-offering-tray\">Bellezza ridefinita: Scoprite l'ultimo vassoio di offerta di polimeri trasparenti<\/h3>\n<p>Nel mondo dello stile domestico e del design funzionale, ci sono oggetti che si limitano a offrire uno scopo, e poi ci sono quelli che lo elevano. Sono quei pezzi che si integrano perfettamente nella vita di tutti i giorni e allo stesso tempo fanno una dichiarazione innovativa. Vi presentiamo il\u00a0<strong>Vassoio per offerte in polimero trasparente con metallo\u00a0<\/strong>- un'opera d'arte dal design moderno, dalla resistenza ineguagliabile e dall'adattabilit\u00e0 infinita. Questo non \u00e8 un semplice vassoio: \u00e8 una tela per la vostra vita, sviluppata per portare ordine, eleganza e un tocco di prestigio a qualsiasi spazio che abbellisce. Se siete un abile padrone di casa, un preciso organizzatore o un appassionato di layout elegante, questo vassoio \u00e8 il componente cruciale che stavate cercando.<\/p>\n<p><img fetchpriority=\"high\" decoding=\"async\" class=\"size-full wp-image-1296\" src=\"https:\/\/customacrylicproduct.com\/wp-content\/uploads\/2025\/07\/Clear-Acrylic-Serving-Tray-1.jpg\" alt=\"Vassoio da portata in acrilico trasparente (1)\" width=\"800\" height=\"800\" srcset=\"https:\/\/customacrylicproduct.com\/wp-content\/uploads\/2025\/07\/Clear-Acrylic-Serving-Tray-1.jpg 800w, https:\/\/customacrylicproduct.com\/wp-content\/uploads\/2025\/07\/Clear-Acrylic-Serving-Tray-1-300x300.jpg 300w, https:\/\/customacrylicproduct.com\/wp-content\/uploads\/2025\/07\/Clear-Acrylic-Serving-Tray-1-150x150.jpg 150w, https:\/\/customacrylicproduct.com\/wp-content\/uploads\/2025\/07\/Clear-Acrylic-Serving-Tray-1-768x768.jpg 768w, https:\/\/customacrylicproduct.com\/wp-content\/uploads\/2025\/07\/Clear-Acrylic-Serving-Tray-1-600x600.jpg 600w, https:\/\/customacrylicproduct.com\/wp-content\/uploads\/2025\/07\/Clear-Acrylic-Serving-Tray-1-100x100.jpg 100w\" sizes=\"(max-width: 800px) 100vw, 800px\" \/><\/p>\n<h4 id=\"a-vision-of-crystal-clear-class\">Una visione di classe cristallina<\/h4>\n<p>La prima impressione di questo vassoio da portata \u00e8 quella di una chiarezza spettacolare e di una grazia minimalista. Realizzato in acrilico cristallino di ultima generazione, ha una qualit\u00e0 luminescente che non ha nulla da invidiare al vetro pregiato, ma lo supera in robustezza e utilit\u00e0. A differenza del vetro, questo acrilico durevole \u00e8 resistente ai frantumi e notevolmente pi\u00f9 leggero, il che lo rende pi\u00f9 sicuro e comodo per l'uso quotidiano e per gli eventi speciali.<\/p>\n<p>L'approccio progettuale \u00e8 quello della \u201ccompagnia invisibile\u201d. Il corpo trasparente produce un'incredibile illusione ottica, facendo s\u00ec che gli oggetti collocati su di esso galleggino facilmente a mezz'aria. Questa particolarit\u00e0 fa s\u00ec che il vassoio non crei mai disordine estetico nell'ambiente. Piuttosto, si abbina all'arredamento esistente, permettendo ai colori e alle strutture della casa e ai prodotti sul vassoio stesso di essere al centro della scena. Immaginatelo su un tavolino da caff\u00e8 in legno scuro, su un bancone da cucina in marmo bianco o su un pouf dalle forme vivaci: non compete, ma completa.<\/p>\n<p>L'estetica \u00e8 ulteriormente migliorata dalle affascinanti maniglie metalliche. Costruite in uno stile contemporaneo con barra a T e rifinite in una tonalit\u00e0 calda e lucida come l'oro o l'ottone, queste maniglie offrono un confronto magnifico e lussuoso con l'eccellente chiarezza dell'acrilico. Sono molto pi\u00f9 di un semplice accento ornamentale: sono realizzate in modo ergonomico per una presa comoda e protetta, assicurando che possiate trasportare qualsiasi cosa, da un giro di drink misti a una decadente colazione a letto, con sicurezza e facilit\u00e0. La ferramenta \u00e8 fissata in modo sicuro e promette stabilit\u00e0 e longevit\u00e0, a testimonianza dell'alta qualit\u00e0 artigianale infusa in ogni dettaglio.<\/p>\n<p><img decoding=\"async\" class=\"size-full wp-image-1297\" src=\"https:\/\/customacrylicproduct.com\/wp-content\/uploads\/2025\/07\/Clear-Acrylic-Serving-Tray-2.jpg\" alt=\"Vassoio da portata in acrilico trasparente (2)\" width=\"800\" height=\"800\" srcset=\"https:\/\/customacrylicproduct.com\/wp-content\/uploads\/2025\/07\/Clear-Acrylic-Serving-Tray-2.jpg 800w, https:\/\/customacrylicproduct.com\/wp-content\/uploads\/2025\/07\/Clear-Acrylic-Serving-Tray-2-300x300.jpg 300w, https:\/\/customacrylicproduct.com\/wp-content\/uploads\/2025\/07\/Clear-Acrylic-Serving-Tray-2-150x150.jpg 150w, https:\/\/customacrylicproduct.com\/wp-content\/uploads\/2025\/07\/Clear-Acrylic-Serving-Tray-2-768x768.jpg 768w, https:\/\/customacrylicproduct.com\/wp-content\/uploads\/2025\/07\/Clear-Acrylic-Serving-Tray-2-600x600.jpg 600w, https:\/\/customacrylicproduct.com\/wp-content\/uploads\/2025\/07\/Clear-Acrylic-Serving-Tray-2-100x100.jpg 100w\" sizes=\"(max-width: 800px) 100vw, 800px\" \/><\/p>\n<h4 id=\"unmatched-durability-and-a-huge-ability-permanently\">Durata ineguagliabile ed enorme capacit\u00e0 permanente<\/h4>\n<p>Se la sua bellezza \u00e8 evidente, la vera genialit\u00e0 di questo vassoio dipende dalla sua notevole funzionalit\u00e0. Il termine \u201cDurable\u201d nel suo nome non \u00e8 una semplice indicazione, ma una garanzia. Creato in acrilico a pareti spesse, questo vassoio \u00e8 costruito per essere un affidabile cavallo di battaglia in casa vostra. Resiste alla flessione, all'inarcamento e alla flessione, anche quando \u00e8 riempito fino alla sua capacit\u00e0 di carico. Sentitevi sicuri di posizionare su di esso prodotti pesanti, come una caffettiera completa, una collezione di contenitori per profumi in vetro o una pila di pubblicazioni con copertina rigida. Il suo sviluppo solido e durevole garantisce che possa gestire le esigenze della vita quotidiana senza cedimenti.<\/p>\n<p>La \u201cBig Capability\u201d \u00e8 il luogo in cui la vostra immaginazione pu\u00f2 assolutamente prendere il volo. L'ampia superficie piana offre una piattaforma sufficiente per un'ampia gamma di utilizzi:<\/p>\n<ul>\n<li><strong>L'ospite perfetto:\u00a0<\/strong>Offrite facilmente una serie di bicchieri di vino bianco, una collezione di antipasti o un delizioso dessert per i vostri ospiti. Create un'innovativa postazione bar mobile per la vostra festa successiva, completa di shaker per bevande alcoliche, liquori e guarnizioni. I lati rialzati evitano le fuoriuscite e mantengono tutto in ordine.<\/li>\n<li><strong>L'organizzatore definitivo:\u00a0<\/strong>Domina il disordine su qualsiasi tipo di superficie. Sul vanity o sul com\u00f2, diventa un elegante contenitore per profumi, prodotti per la pelle, trucchi e gioielli preziosi. In salotto, accoglie con eleganza telecomandi, rollercoaster, candele e pubblicazioni. Nella postazione di lavoro, trasforma una scrivania disordinata in un'area di lavoro organizzata e motivante per la cancelleria e gli oggetti essenziali.<\/li>\n<li><strong>Un centrotavola attraente:\u00a0<\/strong>Utilizzatelo come elegante base per una vignetta curata sul tavolo o sull'isola della cucina. Come si vede nell'immagine di way of living, inquadra perfettamente un vaso di fiori freschi, un macinapepe rustico e altri oggetti attraenti, trasformandoli in uno schermo naturale e accattivante. La superficie riflettente conferisce profondit\u00e0 e luce al piano, aumentandone il fascino estetico.<\/li>\n<li><img decoding=\"async\" class=\"size-full wp-image-1299\" src=\"https:\/\/customacrylicproduct.com\/wp-content\/uploads\/2025\/07\/Clear-Acrylic-Serving-Tray-4.jpg\" alt=\"Vassoio da portata in acrilico trasparente (4)\" width=\"800\" height=\"800\" srcset=\"https:\/\/customacrylicproduct.com\/wp-content\/uploads\/2025\/07\/Clear-Acrylic-Serving-Tray-4.jpg 800w, https:\/\/customacrylicproduct.com\/wp-content\/uploads\/2025\/07\/Clear-Acrylic-Serving-Tray-4-300x300.jpg 300w, https:\/\/customacrylicproduct.com\/wp-content\/uploads\/2025\/07\/Clear-Acrylic-Serving-Tray-4-150x150.jpg 150w, https:\/\/customacrylicproduct.com\/wp-content\/uploads\/2025\/07\/Clear-Acrylic-Serving-Tray-4-768x768.jpg 768w, https:\/\/customacrylicproduct.com\/wp-content\/uploads\/2025\/07\/Clear-Acrylic-Serving-Tray-4-600x600.jpg 600w, https:\/\/customacrylicproduct.com\/wp-content\/uploads\/2025\/07\/Clear-Acrylic-Serving-Tray-4-100x100.jpg 100w\" sizes=\"(max-width: 800px) 100vw, 800px\" \/><\/li>\n<\/ul>\n<h4 id=\"a-canvas-for-your-creative-thinking-endless-flexibility\">Una tela per il vostro pensiero creativo: Flessibilit\u00e0 senza fine<\/h4>\n<p>Questo vassoio in acrilico \u00e8 uno degli oggetti pi\u00f9 flessibili che possiate mai possedere. La sua capacit\u00e0 camaleontica di adattarsi a qualsiasi tipo di funzione o ambiente lo rende un oggetto essenziale per la vita contemporanea.<\/p>\n<ul>\n<li><strong>Per il pasto mattutino a letto:\u00a0<\/strong>Trasformate una normale mattinata in un'esperienza elegante. Il vassoio \u00e8 sufficientemente grande per contenere un piatto, una tazza da caff\u00e8, un bicchiere di succo di frutta e un piccolo portafiori di fiori, creando un momento eccellente e degno di un hotel in casa.<\/li>\n<li><strong>Per la tranquillit\u00e0 del bagno:\u00a0<\/strong>Trasformate il vostro bagno in un rifugio da spa utilizzando il vassoio per organizzare articoli da toilette di alta gamma, asciugamani arrotolati e candele profumate accanto alla vasca o sul lavabo. Il polimero impermeabile \u00e8 ottimo per gli ambienti umidi.<\/li>\n<li><strong>Per l'ingresso:\u00a0<\/strong>Create una \u201czona di declino\u201d assegnata per i segreti, la posta e gli occhiali da sole. In questo modo si mantiene l'ingresso ordinato e si d\u00e0 un tocco di eleganza al momento in cui si varca la porta.<\/li>\n<li><strong>Per ogni periodo:\u00a0<\/strong>Questo vassoio \u00e8 il desiderio di ogni decoratore. Per le vacanze, potete abbinarlo a ornamenti e piante verdi, per l'autunno a piccole zucche e candele, o per la primavera a fiori freschi e oggetti dai colori pastello. La sua natura chiara implica che non si scontrer\u00e0 mai con la vostra combinazione di colori stagionali.<\/li>\n<\/ul>\n<h4 id=\"designed-for-you-quality-in-every-information\">Progettato per voi: Qualit\u00e0 in ogni informazione<\/h4>\n<p>La nostra azienda ritiene che il lusso si trovi nei dettagli. I lati del vassoio sono lucidati al diamante per essere completamente lisci e sicuri al tatto, mostrando la luce in modo splendido da ogni angolazione. Per proteggere i vostri mobili, il vassoio \u00e8 dotato di piccoli e discreti piedini in gomma antiscivolo che evitano di danneggiarlo e lo mantengono saldamente in posizione. La pulizia \u00e8 facile: basta una semplice passata con un panno morbido e umido e un sapone leggero per ritrovare la sua lucentezza immacolata e senza impronte.<\/p>\n<p>Riconoscendo che le dimensioni non vanno bene per tutti, questo splendido vassoio \u00e8 spesso disponibile in diverse misure. Come mostrato nell'immagine impilata, potete scegliere la dimensione perfetta per le vostre esigenze o riunirne un set di tre per creare un aspetto coeso e stratificato in tutta la casa. Utilizzate il pi\u00f9 grande per il poggiapiedi, il medio per il carrello da bar e il pi\u00f9 piccolo per il comodino. Per coloro il cui stile si allontana dalla completa trasparenza, questo stile \u00e8 disponibile anche in superfici non trasparenti e di tendenza, come il bianco, che offre la stessa silhouette contemporanea e la stessa attrezzatura dorata per un impatto diverso ma altrettanto innovativo.<\/p>\n<h4 id=\"an-investment-in-style-and-function\">Un investimento in stile e funzionalit\u00e0<\/h4>\n<p>Il vassoio di servizio in acrilico trasparente \u00e8 pi\u00f9 di un dispositivo: \u00e8 un'opzione. \u00c8 la risposta al disordine, la guida per splendidi schermi e la chiave per un facile intrattenimento. Rappresenta la stabilit\u00e0 ideale tra forma e funzionalit\u00e0, offrendo l'agilit\u00e0 estetica dello stile moderno con la resistenza affidabile della qualit\u00e0 costruttiva.<\/p>\n<p>Alzate la vostra casa, organizzate la vostra vita e offritevi con stile. Aggiungete questo pezzo fondamentale alla vostra collezione e scoprite le infinite possibilit\u00e0 che si aprono quando uno stile impeccabile soddisfa l'utilit\u00e0 quotidiana. Ordinate oggi stesso il vostro vassoio per offerte in acrilico trasparente e ridefinite il significato di eleganza.<\/p>","protected":false},"excerpt":{"rendered":"<p class=\"ng-star-inserted\"><span class=\"ng-star-inserted\">Servite ed esponete con stile questo elegante vassoio in acrilico trasparente. Caratterizzato da un design robusto e di grande capacit\u00e0 e da eleganti maniglie dorate, \u00e8 perfetto per intrattenere, organizzare la vostra vanit\u00e0 o come centrotavola decorativo. Un'aggiunta versatile e moderna a qualsiasi tavolino o cucina.<\/span><\/p>","protected":false},"featured_media":1296,"template":"","meta":{"_kad_post_transparent":"default","_kad_post_title":"","_kad_post_layout":"default","_kad_post_sidebar_id":"","_kad_post_content_style":"default","_kad_post_vertical_padding":"default","_kad_post_feature":"","_kad_post_feature_position":"","_kad_post_header":false,"_kad_post_footer":false,"_kad_post_classname":""},"product_brand":[],"product_cat":[22],"product_tag":[135],"class_list":{"0":"post-1295","1":"product","2":"type-product","3":"status-publish","4":"has-post-thumbnail","6":"product_cat-custom-acrylic-trays","7":"product_tag-clear-acrylic-serving-tray","9":"first","10":"instock","11":"shipping-taxable","12":"product-type-simple","13":"entry","14":"content-bg","15":"loop-entry"},"_links":{"self":[{"href":"https:\/\/customacrylicproduct.com\/it\/wp-json\/wp\/v2\/product\/1295","targetHints":{"allow":["GET"]}}],"collection":[{"href":"https:\/\/customacrylicproduct.com\/it\/wp-json\/wp\/v2\/product"}],"about":[{"href":"https:\/\/customacrylicproduct.com\/it\/wp-json\/wp\/v2\/types\/product"}],"wp:featuredmedia":[{"embeddable":true,"href":"https:\/\/customacrylicproduct.com\/it\/wp-json\/wp\/v2\/media\/1296"}],"wp:attachment":[{"href":"https:\/\/customacrylicproduct.com\/it\/wp-json\/wp\/v2\/media?parent=1295"}],"wp:term":[{"taxonomy":"product_brand","embeddable":true,"href":"https:\/\/customacrylicproduct.com\/it\/wp-json\/wp\/v2\/product_brand?post=1295"},{"taxonomy":"product_cat","embeddable":true,"href":"https:\/\/customacrylicproduct.com\/it\/wp-json\/wp\/v2\/product_cat?post=1295"},{"taxonomy":"product_tag","embeddable":true,"href":"https:\/\/customacrylicproduct.com\/it\/wp-json\/wp\/v2\/product_tag?post=1295"}],"curies":[{"name":"wp","href":"https:\/\/api.w.org\/{rel}","templated":true}]}}