{"id":1300,"date":"2025-07-18T09:35:43","date_gmt":"2025-07-18T09:35:43","guid":{"rendered":"https:\/\/customacrylicproduct.com\/?post_type=product&#038;p=1300"},"modified":"2025-07-18T09:35:43","modified_gmt":"2025-07-18T09:35:43","slug":"custom-acrylic-trophy-contest-champion-trophy-medals","status":"publish","type":"product","link":"https:\/\/customacrylicproduct.com\/it\/custom-acrylic-trophy-contest-champion-trophy-medals\/","title":{"rendered":"Medaglie personalizzate in acrilico per il trofeo del concorso"},"content":{"rendered":"<h3 id=\"-commemorate-every-triumph-introducing-our-costs-personalized-acrylic-trophies-honors-\"><strong>Commemorare ogni trionfo: ecco i nostri trofei personalizzati in acrilico e le nostre onorificenze<\/strong><\/h3>\n<p>In un mondo di momenti fugaci e distinzioni elettroniche, il potere di un'icona tangibile di un risultato rimane ineguagliato. Il riconoscimento \u00e8 un'esigenza umana essenziale; conferma l'iniziativa, influenza la qualit\u00e0 continua e trasforma un trionfo personale in un ricordo prezioso. Per molto tempo, il mondo dei premi \u00e8 stato controllato da scelte convenzionali, pesanti e spesso generiche. Oggi vi invitiamo a entrare nel futuro del riconoscimento con la nostra straordinaria collezione di trofei, onorificenze e medaglie in polimero su misura: il modo moderno, flessibile e profondamente individuale per celebrare ogni campione, ogni collaboratore e ogni momento straordinario.<\/p>\n<p>Realizzate in acrilico cristallino di prima qualit\u00e0, queste onorificenze offrono lo splendore del vetro con la resilienza e la flessibilit\u00e0 creativa di una meraviglia moderna. Che si tratti di riconoscere un campione di attivit\u00e0 sportive, di identificare una super star aziendale o di condividere una sincera gratitudine, i nostri articoli in acrilico personalizzati sono creati per essere pi\u00f9 che semplici premi: sono capolavori su misura che raccontano una storia speciale di successo.<\/p>\n<p><img fetchpriority=\"high\" decoding=\"async\" class=\"wp-image-1302 size-large\" src=\"https:\/\/customacrylicproduct.com\/wp-content\/uploads\/2025\/07\/Custom-Acrylic-Trophy-2-1024x1024.jpg\" alt=\"Trofeo acrilico personalizzato (2)\" width=\"1024\" height=\"1024\" srcset=\"https:\/\/customacrylicproduct.com\/wp-content\/uploads\/2025\/07\/Custom-Acrylic-Trophy-2-1024x1024.jpg 1024w, https:\/\/customacrylicproduct.com\/wp-content\/uploads\/2025\/07\/Custom-Acrylic-Trophy-2-300x300.jpg 300w, https:\/\/customacrylicproduct.com\/wp-content\/uploads\/2025\/07\/Custom-Acrylic-Trophy-2-150x150.jpg 150w, https:\/\/customacrylicproduct.com\/wp-content\/uploads\/2025\/07\/Custom-Acrylic-Trophy-2-768x768.jpg 768w, https:\/\/customacrylicproduct.com\/wp-content\/uploads\/2025\/07\/Custom-Acrylic-Trophy-2-600x600.jpg 600w, https:\/\/customacrylicproduct.com\/wp-content\/uploads\/2025\/07\/Custom-Acrylic-Trophy-2-100x100.jpg 100w, https:\/\/customacrylicproduct.com\/wp-content\/uploads\/2025\/07\/Custom-Acrylic-Trophy-2.jpg 1452w\" sizes=\"(max-width: 1024px) 100vw, 1024px\" \/><\/p>\n<h4 id=\"-the-power-of-polymer-a-modern-medium-for-timeless-acknowledgment-\"><strong>Il potere del polimero: Un mezzo moderno per un riconoscimento senza tempo<\/strong><\/h4>\n<p>Il primo aspetto che noterete dei nostri premi in acrilico \u00e8 la loro impeccabile qualit\u00e0 luminescente. Utilizziamo solo la migliore qualit\u00e0 di polimeri attori, che offrono una notevole trasparenza ottica, consentendo alla luce di attraversarlo per un effetto abbagliante e scintillante. A differenza del tipico vetro, l'acrilico \u00e8 molto pi\u00f9 resistente ai frantumi e leggero, il che lo rende pi\u00f9 sicuro da trattare, esporre e trasportare senza compromettere la sua sensazione di qualit\u00e0.<\/p>\n<p>Questo materiale contemporaneo \u00e8 la migliore tela per l'immaginazione. Le sue superfici lisce e raffinate e i suoi bordi netti producono un'immagine ordinata e moderna che si adatta perfettamente a qualsiasi ambiente, dalla scrivania di un dirigente aziendale alla mensola della camera da letto di un giovane atleta professionista. Lo stile intrinseco dell'acrilico fa s\u00ec che l'attenzione si concentri su ci\u00f2 che \u00e8 essenziale: il messaggio di successo e l'individuo che viene riconosciuto. \u00c8 un mezzo che non si limita a contenere un messaggio, ma lo eleva.<\/p>\n<figure id=\"attachment_1303\" aria-describedby=\"caption-attachment-1303\" style=\"width: 1024px\" class=\"wp-caption aligncenter\"><img decoding=\"async\" class=\"wp-image-1303 size-large\" src=\"https:\/\/customacrylicproduct.com\/wp-content\/uploads\/2025\/07\/Custom-Acrylic-Trophy-3-1024x1024.jpg\" alt=\"Trofeo acrilico personalizzato (3)\" width=\"1024\" height=\"1024\" srcset=\"https:\/\/customacrylicproduct.com\/wp-content\/uploads\/2025\/07\/Custom-Acrylic-Trophy-3-1024x1024.jpg 1024w, https:\/\/customacrylicproduct.com\/wp-content\/uploads\/2025\/07\/Custom-Acrylic-Trophy-3-300x300.jpg 300w, https:\/\/customacrylicproduct.com\/wp-content\/uploads\/2025\/07\/Custom-Acrylic-Trophy-3-150x150.jpg 150w, https:\/\/customacrylicproduct.com\/wp-content\/uploads\/2025\/07\/Custom-Acrylic-Trophy-3-768x768.jpg 768w, https:\/\/customacrylicproduct.com\/wp-content\/uploads\/2025\/07\/Custom-Acrylic-Trophy-3-600x600.jpg 600w, https:\/\/customacrylicproduct.com\/wp-content\/uploads\/2025\/07\/Custom-Acrylic-Trophy-3-100x100.jpg 100w, https:\/\/customacrylicproduct.com\/wp-content\/uploads\/2025\/07\/Custom-Acrylic-Trophy-3.jpg 1500w\" sizes=\"(max-width: 1024px) 100vw, 1024px\" \/><figcaption id=\"caption-attachment-1303\" class=\"wp-caption-text\">Trofeo acrilico personalizzato (3)<\/figcaption><\/figure>\n<h4 id=\"-unleash-your-creative-thinking-unparalleled-customization-at-your-fingertips-\"><strong>Liberate il vostro pensiero creativo: Una personalizzazione senza precedenti a portata di mano<\/strong><\/h4>\n<p>Il fascino delle nostre onorificenze in acrilico risiede nell'infinita possibilit\u00e0 di personalizzazione. Il nostro team ritiene che un premio debba essere unico come il risultato che rappresenta. Ecco perch\u00e9 offriamo un'ampia gamma di opzioni di personalizzazione per dare vita alla vostra visione.<\/p>\n<p><strong>1. Formare il vostro racconto unico:<\/strong><\/p>\n<p>Non ricordate il metodo della taglia unica. Grazie alle nostre innovative capacit\u00e0 di produzione, la forma del vostro premio \u00e8 limitata solo dalla vostra immaginazione creativa.<\/p>\n<ul>\n<li><strong>Forme standard ed eleganti:\u00a0<\/strong>Per un aspetto senza tempo e all'avanguardia, scegliete dalla nostra collezione di forme base. Le targhe rotonde e luminose, come quelle della nostra serie \u201cAmmirazione\u201d, offrono una cornice morbida ed elegante per messaggi sentiti come \u201cGrazie per essere stato notevole\u201d o \"Non dimenticare mai la differenza che hai fatto\". I nostri blocchi ottagonali sfaccettati e indipendenti, perfetti per le premiazioni sportive, forniscono un'esistenza significativa e dinamica che mostra fiducia in se stessi e trionfi.<\/li>\n<li><strong>Forme fustellate totalmente personalizzate:\u00a0<\/strong>\u00c8 qui che il vostro marchio e la vostra immaginazione possono davvero sfondare. Possiamo tagliare l'acrilico su misura in qualsiasi forma desideriate. Immaginate una onorificenza con il logo della vostra azienda, la silhouette di un prodotto, la mascotte di una scuola o un segno tematico per la vostra occasione. Come dimostra il nostro premio \u201cYou Are The Bomb\u201d, una forma unica pu\u00f2 includere un livello di arguzia, divertimento e memorabilit\u00e0 che una targa di base non pu\u00f2 eguagliare. Questo grado di personalizzazione rende il premio un pezzo di conversazione immediato e un potente strumento di branding.<\/li>\n<\/ul>\n<figure id=\"attachment_1301\" aria-describedby=\"caption-attachment-1301\" style=\"width: 800px\" class=\"wp-caption aligncenter\"><img decoding=\"async\" class=\"size-full wp-image-1301\" src=\"https:\/\/customacrylicproduct.com\/wp-content\/uploads\/2025\/07\/Custom-Acrylic-Trophy-1.jpg\" alt=\"Trofeo acrilico personalizzato (1)\" width=\"800\" height=\"800\" srcset=\"https:\/\/customacrylicproduct.com\/wp-content\/uploads\/2025\/07\/Custom-Acrylic-Trophy-1.jpg 800w, https:\/\/customacrylicproduct.com\/wp-content\/uploads\/2025\/07\/Custom-Acrylic-Trophy-1-300x300.jpg 300w, https:\/\/customacrylicproduct.com\/wp-content\/uploads\/2025\/07\/Custom-Acrylic-Trophy-1-150x150.jpg 150w, https:\/\/customacrylicproduct.com\/wp-content\/uploads\/2025\/07\/Custom-Acrylic-Trophy-1-768x768.jpg 768w, https:\/\/customacrylicproduct.com\/wp-content\/uploads\/2025\/07\/Custom-Acrylic-Trophy-1-600x600.jpg 600w, https:\/\/customacrylicproduct.com\/wp-content\/uploads\/2025\/07\/Custom-Acrylic-Trophy-1-100x100.jpg 100w\" sizes=\"(max-width: 800px) 100vw, 800px\" \/><figcaption id=\"caption-attachment-1301\" class=\"wp-caption-text\">Trofeo acrilico personalizzato (1)<\/figcaption><\/figure>\n<p><strong>2. Una gamma di espressioni: Dall'iscrizione elegante al colore vivace<\/strong><\/p>\n<p>Il modo in cui il messaggio e il layout vengono applicati all'acrilico \u00e8 fondamentale. Offriamo due tecniche principali che si adattano a qualsiasi stile.<\/p>\n<ul>\n<li><strong>Iscrizione laser di precisione:\u00a0<\/strong>Per una finitura tradizionale, lucida e avanzata, l'incisione laser \u00e8 la scelta ideale. I nostri moderni laser incidono delicatamente il vostro testo e la vostra grafica semplice nell'acrilico, sviluppando una superficie bianca e nitida che contrasta perfettamente con il materiale trasparente. Questa tecnica \u00e8 adatta per messaggi approfonditi, caratteri manoscritti di classe e design di logo minimali. \u00c8 la scelta migliore per i riconoscimenti aziendali, i premi accademici e i regali personalizzati in cui la sottigliezza e la classe sono fondamentali.<\/li>\n<li><strong>Abbagliante stampa UV a colori:\u00a0<\/strong>Quando avete bisogno che il vostro onore risalti con potenza e colore, la nostra tecnologia di stampa UV diretta fornisce risultati sorprendenti. Questo processo pubblica la grafica a colori direttamente sull'acrilico, ottenendo immagini abbondanti, vibranti e fotorealistiche. Come si \u00e8 visto nella serie \u201cBasketball Champion\u201d, questo approccio \u00e8 eccellente per riprodurre loghi sportivi dinamici, colori di squadra e disegni complessi. L'inchiostro viene trattato istantaneamente dalla luce UV, rendendolo resiliente, resistente allo sbiadimento e creando una spettacolare profondit\u00e0 estetica, in particolare quando viene pubblicato sul retro di blocchi acrilici pi\u00f9 spessi.<\/li>\n<\/ul>\n<p><strong>3. Parole che contano: Personalizzate per ottenere il massimo impatto<\/strong><\/p>\n<p>Il messaggio \u00e8 il cuore di qualsiasi tipo di premio. Noi ci assicuriamo che le vostre parole abbiano la qualit\u00e0 e l'impatto che dovrebbero avere. Personalizzate ogni articolo con nomi, date, risultati particolari, citazioni d'ispirazione o battute interne. Dalla profonda gratitudine di \u201cGrazie per l'attenzione, per l'assistenza, per l'ispirazione\u201d, al ruggito vittorioso di \u201cCampione di basket\u201d, fino al divertente e stimolante \u201cIn alcuni casi trascuri di essere fantastico, quindi questo \u00e8 il tuo suggerimento\u201d, le parole giuste trasformano uno splendido oggetto in un caro ricordo personale.<\/p>\n<h4 id=\"-adaptability-for-each-occasion-and-accomplishment-\"><strong>Adattabilit\u00e0 per ogni occasione e realizzazione<\/strong><\/h4>\n<p>I nostri premi personalizzati in acrilico sono creati per adattarsi a ogni occasione in cui \u00e8 previsto un riconoscimento.<\/p>\n<ul>\n<li><strong>Riconoscimento aziendale:\u00a0<\/strong>Aumentare il morale e promuovere una societ\u00e0 di riconoscimento con premi per il membro del personale del mese, il miglior venditore, la qualit\u00e0 della leadership, il completamento dei compiti e il pensionamento.<\/li>\n<li><strong>Campionati sportivi:\u00a0<\/strong>Dalle organizzazioni di quartiere alle competizioni nazionali, producete premi straordinari per gli MVP, i campioni e i singoli. La resistenza dell'acrilico lo rende ideale per commemorare l'esperienza atletica.<\/li>\n<li><strong>Risultati accademici:\u00a0<\/strong>Onorate alunni, istruttori e docenti con eleganti onorificenze per la laurea, i riconoscimenti scolastici e gli anni di servizio dedicato. Una targa di ringraziamento personalizzata \u00e8 un regalo che un educatore apprezzer\u00e0 per sempre.<\/li>\n<li><strong>Regali personali e pietre miliari:\u00a0<\/strong>Festeggiate compleanni, anniversari o semplicemente dimostrate a un amico, a un allenatore o a un familiare quanto vi sono cari con un ricordo personalizzato.<\/li>\n<li><strong>Concorsi e occasioni:\u00a0<\/strong>Che si tratti di una gara di chili, della celebrazione di un film o di una raccolta di fondi per la comunit\u00e0, create premi tematici con il vostro marchio per far risaltare la vostra occasione.<\/li>\n<\/ul>\n<h4 id=\"-quality-that-endures-a-memory-that-lasts-\"><strong>Una qualit\u00e0 che dura, un ricordo che dura nel tempo<\/strong><\/h4>\n<p>Ogni trofeo che realizziamo \u00e8 la testimonianza di una lavorazione di altissima qualit\u00e0. Partiamo da un acrilico senza difetti e utilizziamo le moderne tecnologie di taglio e stampa per assicurarci che ogni informazione sia eccellente. I bordi sono lucidati a fiamma per ottenere un rivestimento liscio, simile al vetro, e ogni premio \u00e8 abbinato a una base robusta e adeguatamente progettata per uno schermo stabile e attraente. Questi premi sono costruiti per durare nel tempo e rappresentano un ricordo a lungo termine di un lavoro ben fatto.<\/p>\n<p>Superate il generico e create un momento di riconoscimento che sia unico e brillante come la persona che lo riceve. Un premio deve essere pi\u00f9 di un segnaposto, deve essere una dichiarazione.<\/p>\n<p><strong>Contattateci oggi stesso per iniziare a creare i vostri premi in acrilico personalizzati e realizziamo insieme qualcosa di straordinario.<\/strong><\/p>","protected":false},"excerpt":{"rendered":"<p class=\"ng-star-inserted\"><span class=\"ng-star-inserted\">Celebrate il successo con i nostri splendidi trofei personalizzati in acrilico. Personalizzateli con qualsiasi testo, logo o forma unica. Da eleganti premi incisi a vivaci premi per campioni a colori, questi premi moderni e durevoli sono perfetti per qualsiasi concorso, squadra o evento di riconoscimento.<\/span><\/p>","protected":false},"featured_media":1302,"template":"","meta":{"_kad_post_transparent":"default","_kad_post_title":"","_kad_post_layout":"default","_kad_post_sidebar_id":"","_kad_post_content_style":"default","_kad_post_vertical_padding":"default","_kad_post_feature":"","_kad_post_feature_position":"","_kad_post_header":false,"_kad_post_footer":false,"_kad_post_classname":""},"product_brand":[],"product_cat":[19],"product_tag":[136],"class_list":{"0":"post-1300","1":"product","2":"type-product","3":"status-publish","4":"has-post-thumbnail","6":"product_cat-custom-acrylic-trophies-awards","7":"product_tag-custom-acrylic-trophy","9":"first","10":"instock","11":"shipping-taxable","12":"product-type-simple","13":"entry","14":"content-bg","15":"loop-entry"},"_links":{"self":[{"href":"https:\/\/customacrylicproduct.com\/it\/wp-json\/wp\/v2\/product\/1300","targetHints":{"allow":["GET"]}}],"collection":[{"href":"https:\/\/customacrylicproduct.com\/it\/wp-json\/wp\/v2\/product"}],"about":[{"href":"https:\/\/customacrylicproduct.com\/it\/wp-json\/wp\/v2\/types\/product"}],"wp:featuredmedia":[{"embeddable":true,"href":"https:\/\/customacrylicproduct.com\/it\/wp-json\/wp\/v2\/media\/1302"}],"wp:attachment":[{"href":"https:\/\/customacrylicproduct.com\/it\/wp-json\/wp\/v2\/media?parent=1300"}],"wp:term":[{"taxonomy":"product_brand","embeddable":true,"href":"https:\/\/customacrylicproduct.com\/it\/wp-json\/wp\/v2\/product_brand?post=1300"},{"taxonomy":"product_cat","embeddable":true,"href":"https:\/\/customacrylicproduct.com\/it\/wp-json\/wp\/v2\/product_cat?post=1300"},{"taxonomy":"product_tag","embeddable":true,"href":"https:\/\/customacrylicproduct.com\/it\/wp-json\/wp\/v2\/product_tag?post=1300"}],"curies":[{"name":"wp","href":"https:\/\/api.w.org\/{rel}","templated":true}]}}