{"id":1304,"date":"2025-07-18T09:52:21","date_gmt":"2025-07-18T09:52:21","guid":{"rendered":"https:\/\/customacrylicproduct.com\/?post_type=product&#038;p=1304"},"modified":"2025-07-18T09:52:21","modified_gmt":"2025-07-18T09:52:21","slug":"acrylic-tray-counter-ttop-organizer-tray-for-kitchen-box","status":"publish","type":"product","link":"https:\/\/customacrylicproduct.com\/it\/acrylic-tray-counter-ttop-organizer-tray-for-kitchen-box\/","title":{"rendered":"Vassoio acrilico da banco Vassoio organizzatore per scatola da cucina"},"content":{"rendered":"<h3 id=\"the-art-of-organization-discover-unmatched-style-and-adaptability-with-our-polymer-countertop-tray\">L'arte dell'organizzazione: Scoprite lo stile e l'adattabilit\u00e0 senza pari del nostro vassoio da banco in polimero<\/h3>\n<p>Nel ritmo della vita contemporanea, le nostre case sono i nostri rifugi. Tuttavia, questi rifugi individuali possono essere facilmente sopraffatti dalla danza quotidiana di piccoli oggetti: chiavi sul bancone, cosmetici sul vanity, gioielli preziosi sul comodino, spezie in cucina. Questo dolce accumulo di \u201ccose\u201d pu\u00f2 interferire con la calma e la chiarezza che desideriamo. E se esistesse un'unica, elegante soluzione per superare questo disturbo? Un dispositivo che non si limiti a conservare, ma che stilizzi?<\/p>\n<p>Vi presentiamo il vassoio organizzatore per il bancone della cucina in polimeri, un'opera d'arte dal design minimale e dalle prestazioni massime. Non si tratta semplicemente di un altro contenitore, ma di un sistema funzionale progettato per portare ordine, raffinatezza e un tocco di stile individuale in ogni angolo della casa. Realizzato in acrilico di alta qualit\u00e0, questo vassoio \u00e8 l'eccellente rapporto coniugale tra robustezza e stile, pronto a trasformare le superfici disordinate in esposizioni curate e intenzionali.<\/p>\n<p><img fetchpriority=\"high\" decoding=\"async\" class=\"size-full wp-image-1306\" src=\"https:\/\/customacrylicproduct.com\/wp-content\/uploads\/2025\/07\/Acrylic-Tray-Counter-2.jpg\" alt=\"Bancone a vassoio in acrilico\" width=\"800\" height=\"800\" srcset=\"https:\/\/customacrylicproduct.com\/wp-content\/uploads\/2025\/07\/Acrylic-Tray-Counter-2.jpg 800w, https:\/\/customacrylicproduct.com\/wp-content\/uploads\/2025\/07\/Acrylic-Tray-Counter-2-300x300.jpg 300w, https:\/\/customacrylicproduct.com\/wp-content\/uploads\/2025\/07\/Acrylic-Tray-Counter-2-150x150.jpg 150w, https:\/\/customacrylicproduct.com\/wp-content\/uploads\/2025\/07\/Acrylic-Tray-Counter-2-768x768.jpg 768w, https:\/\/customacrylicproduct.com\/wp-content\/uploads\/2025\/07\/Acrylic-Tray-Counter-2-600x600.jpg 600w, https:\/\/customacrylicproduct.com\/wp-content\/uploads\/2025\/07\/Acrylic-Tray-Counter-2-100x100.jpg 100w\" sizes=\"(max-width: 800px) 100vw, 800px\" \/><\/p>\n<h4 id=\"-exquisite-design-meets-superior-workmanship-\"><strong>Il design raffinato incontra una lavorazione di qualit\u00e0 superiore<\/strong><\/h4>\n<p>Il cuore del nostro vassoio coordinatore \u00e8 la dedizione a un'estetica pulita e moderna. La silhouette liscia e squadrata, con le sue linee nette e ordinate, fornisce una sensibilit\u00e0 moderna che si adatta a qualsiasi arredamento, da quello ultra-minimalista a quello lussuosamente stravagante. La struttura robusta e coerente offre un senso di sicurezza e durata, mentre i lati rialzati garantiscono che tutti gli oggetti di base rimangano al sicuro, evitando fuoriuscite e cadute.<\/p>\n<p>Un attributo fondamentale che eleva questo vassoio da semplice contenitore a elemento di design assolutamente funzionale \u00e8 l'aggiunta di due maniglie perfettamente integrate e ritagliate. Queste maniglie non sono solo un'aggiunta utile, ma sono un elemento di stile in s\u00e9, che mantiene il profilo elegante del vassoio e allo stesso tempo lo rende facilmente trasportabile. Portate con facilit\u00e0 il vostro caff\u00e8 mattutino fino al patio, trasportate la vostra collezione di prodotti per la pelle dalla camera da letto alla toilette o servite bevande miste agli ospiti con grazia e praticit\u00e0.<\/p>\n<p>La vera brillantezza di questo vassoio sta nel suo materiale. Costruito in acrilico di alta qualit\u00e0, offre l'eccellente chiarezza e bellezza del vetro senza la sua fragilit\u00e0. Questo prodotto durevole \u00e8 resistente ai frantumi, il che lo rende una scelta pi\u00f9 sicura e resistente per le famiglie attive, in particolare nelle cucine e nei bagni. \u00c8 straordinariamente leggero ma estremamente resistente e la sua superficie non porosa \u00e8 impermeabile e straordinariamente facile da pulire. Basta una semplice passata con un panno umido per eliminare fuoriuscite, polvere o macchie di trucco, mantenendo il vassoio come nuovo per molti anni.<\/p>\n<p><img decoding=\"async\" class=\"aligncenter wp-image-1308 size-large\" src=\"https:\/\/customacrylicproduct.com\/wp-content\/uploads\/2025\/07\/Acrylic-Tray-Counter-4-1024x1024.jpg\" alt=\"Vassoio acrilico da banco (4)\" width=\"1024\" height=\"1024\" srcset=\"https:\/\/customacrylicproduct.com\/wp-content\/uploads\/2025\/07\/Acrylic-Tray-Counter-4-1024x1024.jpg 1024w, https:\/\/customacrylicproduct.com\/wp-content\/uploads\/2025\/07\/Acrylic-Tray-Counter-4-300x300.jpg 300w, https:\/\/customacrylicproduct.com\/wp-content\/uploads\/2025\/07\/Acrylic-Tray-Counter-4-150x150.jpg 150w, https:\/\/customacrylicproduct.com\/wp-content\/uploads\/2025\/07\/Acrylic-Tray-Counter-4-768x768.jpg 768w, https:\/\/customacrylicproduct.com\/wp-content\/uploads\/2025\/07\/Acrylic-Tray-Counter-4-600x600.jpg 600w, https:\/\/customacrylicproduct.com\/wp-content\/uploads\/2025\/07\/Acrylic-Tray-Counter-4-100x100.jpg 100w, https:\/\/customacrylicproduct.com\/wp-content\/uploads\/2025\/07\/Acrylic-Tray-Counter-4.jpg 1500w\" sizes=\"(max-width: 1024px) 100vw, 1024px\" \/><\/p>\n<h4 id=\"-a-combination-to-perfect-your-space-\"><strong>Una combinazione che perfeziona il vostro spazio<\/strong><\/h4>\n<p>Siamo consapevoli che il design personale \u00e8 fondamentale. Ecco perch\u00e9 il nostro vassoio coordinatore in polimero \u00e8 disponibile in una serie di colori scelti con cura, ognuno dei quali \u00e8 stato creato per stimolare uno stato d'animo diverso e armonizzarsi con il vostro particolare design d'interni.<\/p>\n<ul>\n<li><strong>Bianco standard:\u00a0<\/strong>Il vassoio bianco non trasparente, che abbellisce un'eccellente superficie di marmo, \u00e8 l'epitome di un'eleganza pulita e pacata. Offre una tela brillante e neutra che fa risaltare gli oggetti al suo interno. Perfetto per creare un ambiente marino con conchiglie ornamentali, un'atmosfera da spa nella stanza della doccia o una ricerca di ordine in una cucina di ispirazione scandinava.<\/li>\n<li><strong>Nero sofisticato:\u00a0<\/strong>Per un tocco di drammaticit\u00e0 e di evidente eleganza, il vassoio nero lucido \u00e8 una scelta impeccabile. Crea un contrasto sensazionale con i banchi da cucina pi\u00f9 chiari, trasformando una collezione media di profumi e cosmetici in un'esposizione di alto livello che evoca un negozio di lusso. Il vassoio nero aggiunge profondit\u00e0 ed eleganza, rendendolo una scelta eccellente per un posto di lavoro contemporaneo, un salotto chic o un vanity glamour.<\/li>\n<li><strong>Cristallino:\u00a0<\/strong>Accettate il minimalismo moderno con il vassoio trasparente. Il suo aspetto \u201cappena accennato\u201d lascia trasparire il fascino delle superfici, che siano le abbondanti venature del legno o l'elegante marmo. Questa scelta \u00e8 eccellente per chi vuole compagnia senza peso visivo. Osservate come i vostri accessori preferiti, come un orologio tradizionale e degli occhiali da sole eleganti, appaiano come se galleggiassero in un'area meravigliosamente vissuta, aggiungendo uno strato di lucentezza senza sovrastare l'arredamento.<\/li>\n<li><strong>Arancione vivo:\u00a0<\/strong>Fate una dichiarazione audace con il nostro splendido vassoio arancione. Questo tocco di colore dinamico \u00e8 dedicato a chi ama l'arredamento positivo e non si preoccupa di condividere la propria personalit\u00e0. Pu\u00f2 ravvivare un'area neutra, fungere da fulcro per un tavolino da caff\u00e8 o aggiungere un tocco giocoso a un ufficio. \u00c8 un'affermazione del design, che dimostra che l'organizzazione pu\u00f2 essere piacevole e piena di vita.<\/li>\n<\/ul>\n<p><img decoding=\"async\" class=\"aligncenter wp-image-1307 size-large\" src=\"https:\/\/customacrylicproduct.com\/wp-content\/uploads\/2025\/07\/Acrylic-Tray-Counter-3-1024x1024.jpg\" alt=\"Vassoio in acrilico da banco (3)\" width=\"1024\" height=\"1024\" srcset=\"https:\/\/customacrylicproduct.com\/wp-content\/uploads\/2025\/07\/Acrylic-Tray-Counter-3-1024x1024.jpg 1024w, https:\/\/customacrylicproduct.com\/wp-content\/uploads\/2025\/07\/Acrylic-Tray-Counter-3-300x300.jpg 300w, https:\/\/customacrylicproduct.com\/wp-content\/uploads\/2025\/07\/Acrylic-Tray-Counter-3-150x150.jpg 150w, https:\/\/customacrylicproduct.com\/wp-content\/uploads\/2025\/07\/Acrylic-Tray-Counter-3-768x768.jpg 768w, https:\/\/customacrylicproduct.com\/wp-content\/uploads\/2025\/07\/Acrylic-Tray-Counter-3-600x600.jpg 600w, https:\/\/customacrylicproduct.com\/wp-content\/uploads\/2025\/07\/Acrylic-Tray-Counter-3-100x100.jpg 100w, https:\/\/customacrylicproduct.com\/wp-content\/uploads\/2025\/07\/Acrylic-Tray-Counter-3.jpg 1500w\" sizes=\"(max-width: 1024px) 100vw, 1024px\" \/><\/p>\n<h4 id=\"-infinite-possibilities-a-tray-for-every-single-space-\"><strong>Infinite possibilit\u00e0: Un vassoio per ogni spazio<\/strong><\/h4>\n<p>Il vero fascino di questo vassoio in acrilico \u00e8 la sua illimitata praticit\u00e0. Le sue caratteristiche sono limitate solo dalla vostra creativit\u00e0.<\/p>\n<ul>\n<li><strong>Il centro di comando dell'area cucina:\u00a0<\/strong>Come suggerisce il nome, questo vassoio \u00e8 un vero e proprio concentrato di energia in cucina. Utilizzatelo per creare una postazione pulita per il caff\u00e8 o il t\u00e8, per tenere in ordine la zuccheriera, la lozione e le tazze preferite. Accanto al piano di cottura, \u00e8 possibile riporre oli, aceti e condimenti per la preparazione dei cibi, in modo che siano facilmente accessibili e proteggano il piano di lavoro. Oppure, utilizzatelo come elegante vassoio da portata per antipasti e bevande in occasione di festeggiamenti.<\/li>\n<li><strong>Il santuario della toilette e del bagno:\u00a0<\/strong>Trasformate il bancone del bagno da un luogo disordinato a un rifugio tranquillo, simile a una spa. Preparate in modo ordinato i vostri prodotti per la cura della pelle, il trucco, i pennelli e i profumi. La superficie acrilica resistente all'acqua \u00e8 eccellente per l'ambiente umido del bagno. Abbinatelo a un diffusore di canne, come illustrato, per creare un'esperienza sensoriale completa di ordine e tranquillit\u00e0.<\/li>\n<li><strong>Il santuario della camera da letto e dell'armadio:\u00a0<\/strong>Finite la frenetica ricerca dei vostri dispositivi preferiti. Utilizzate il vassoio sul com\u00f2 o sul comodino come \u201ccontenitore\u201d avanzato per orologi, bracciali, anelli e occhiali da sole. Fornisce una sede ben definita per i vostri oggetti di base quotidiani, mantenendoli al sicuro, sistemati e presentati in modo meraviglioso.<\/li>\n<li><strong>L'ingresso accogliente:\u00a0<\/strong>Fate un'ottima impressione. Posizionate il vassoio su una consolle d'ingresso per creare un'area di appoggio organizzata per segreti, posta, portafogli e telefoni. In questo modo si riordina subito la prima stanza che si vede quando si torna a casa, dando un tono di pace e ordine al resto della casa.<\/li>\n<li><strong>Lo stilista del salotto:\u00a0<\/strong>Elevate il design del vostro tavolino o del vostro pouf. Utilizzate il vassoio per fissare le vostre decorazioni, organizzando insieme telecomandi, una candela profumata, una piccola pianta e i rollercoaster. Crea un aspetto naturale e volitivo, che sembra davvero curato nei minimi dettagli.<\/li>\n<li><strong>L'ufficio produttivo:\u00a0<\/strong>Aumentate la vostra concentrazione riordinando il vostro spazio di lavoro. Questo vassoio \u00e8 perfettamente dimensionato per sistemare penne, blocchi per appunti, graffette e altri prodotti da scrivania, aiutandovi a mantenere un'atmosfera pulita e motivante che favorisce la produttivit\u00e0.<\/li>\n<\/ul>\n<h3 id=\"-embrace-a-life-of-stylish-order-\"><strong>Abbracciare una vita di ordine elegante<\/strong><\/h3>\n<p>Questo vassoio organizzatore da banco in acrilico \u00e8 pi\u00f9 di un semplice oggetto: \u00e8 un aggiornamento del modo di vivere. \u00c8 un servizio semplice e grazioso al problema perenne del disordine. \u00c8 un investimento finanziario in tranquillit\u00e0, un'espressione di design personale e una testimonianza del concetto che gli oggetti sensibili possono e devono essere belli.<\/p>\n<p>Scegliete il colore che fa per voi e scoprite il potere trasformativo di un'azienda sofisticata. Portate l'armonia sui vostri piani d'appoggio, la qualit\u00e0 nella vostra routine e un tocco di design innovativo nella vostra vita quotidiana. Ordinate il vostro oggi stesso e iniziate il viaggio verso una casa pi\u00f9 attraente e organizzata.<\/p>","protected":false},"excerpt":{"rendered":"<p>Organizzate con stile grazie a questo moderno vassoio in acrilico. Il suo design elegante e resistente \u00e8 perfetto per riordinare qualsiasi piano di lavoro. Utilizzatelo in cucina per le spezie, su un mobile per i profumi o all'ingresso per le chiavi. Dispone di comode maniglie integrate per un facile trasporto.<\/p>","protected":false},"featured_media":1306,"template":"","meta":{"_kad_post_transparent":"default","_kad_post_title":"","_kad_post_layout":"default","_kad_post_sidebar_id":"","_kad_post_content_style":"default","_kad_post_vertical_padding":"default","_kad_post_feature":"","_kad_post_feature_position":"","_kad_post_header":false,"_kad_post_footer":false,"_kad_post_classname":""},"product_brand":[],"product_cat":[22],"product_tag":[125],"class_list":{"0":"post-1304","1":"product","2":"type-product","3":"status-publish","4":"has-post-thumbnail","6":"product_cat-custom-acrylic-trays","7":"product_tag-acrylic-tray","9":"first","10":"instock","11":"shipping-taxable","12":"product-type-simple","13":"entry","14":"content-bg","15":"loop-entry"},"_links":{"self":[{"href":"https:\/\/customacrylicproduct.com\/it\/wp-json\/wp\/v2\/product\/1304","targetHints":{"allow":["GET"]}}],"collection":[{"href":"https:\/\/customacrylicproduct.com\/it\/wp-json\/wp\/v2\/product"}],"about":[{"href":"https:\/\/customacrylicproduct.com\/it\/wp-json\/wp\/v2\/types\/product"}],"wp:featuredmedia":[{"embeddable":true,"href":"https:\/\/customacrylicproduct.com\/it\/wp-json\/wp\/v2\/media\/1306"}],"wp:attachment":[{"href":"https:\/\/customacrylicproduct.com\/it\/wp-json\/wp\/v2\/media?parent=1304"}],"wp:term":[{"taxonomy":"product_brand","embeddable":true,"href":"https:\/\/customacrylicproduct.com\/it\/wp-json\/wp\/v2\/product_brand?post=1304"},{"taxonomy":"product_cat","embeddable":true,"href":"https:\/\/customacrylicproduct.com\/it\/wp-json\/wp\/v2\/product_cat?post=1304"},{"taxonomy":"product_tag","embeddable":true,"href":"https:\/\/customacrylicproduct.com\/it\/wp-json\/wp\/v2\/product_tag?post=1304"}],"curies":[{"name":"wp","href":"https:\/\/api.w.org\/{rel}","templated":true}]}}