{"id":1322,"date":"2025-07-20T07:18:12","date_gmt":"2025-07-20T07:18:12","guid":{"rendered":"https:\/\/customacrylicproduct.com\/?post_type=product&#038;p=1322"},"modified":"2025-07-20T07:18:12","modified_gmt":"2025-07-20T07:18:12","slug":"acrylic-watch-stand-watch-displays-clear-single-display","status":"publish","type":"product","link":"https:\/\/customacrylicproduct.com\/it\/acrylic-watch-stand-watch-displays-clear-single-display\/","title":{"rendered":"Supporto acrilico per orologi Espositori per orologi Chiaro Display singolo"},"content":{"rendered":"<h3 id=\"elevate-your-treasures-the-ultimate-crystal-clear-polymer-present-stands-for-watches-jewelry-and-collectibles\">Elevate i vostri tesori: I migliori espositori in polimero cristallino per orologi, gioielli e oggetti da collezione<\/h3>\n<p>In un mondo di narrazione visiva, il modo in cui si presentano i prodotti pi\u00f9 preziosi \u00e8 essenziale quanto gli oggetti stessi. Un orologio straordinario, un gioiello fragile o un oggetto da collezione di valore possono perdere il loro effetto se appoggiati su un piano o su uno schermo disordinato. Ci\u00f2 di cui avete bisogno \u00e8 uno stand che fornisca prestigio senza distrarre, un palcoscenico che elevi senza sopraffare. Ecco i blocchi espositivi in polimero solido: il rimedio pi\u00f9 chiaro per trasformare qualsiasi oggetto in un'esposizione di qualit\u00e0 museale.<\/p>\n<p>Questi supporti in acrilico, perfettamente trasparenti e resistenti, sono l'incarnazione di un'eleganza minimale. Creati per venditori, fotografi, agenzie di collezionismo e chiunque abbia un occhio di riguardo per le presentazioni sofisticate, producono un sensazionale impatto \u201cfluttuante\u201d che attira tutto l'interesse sull'oggetto d'onore. Sia che stiate curando la vetrina di un negozio di alto livello, sia che stiate scattando fotografie digitali di prodotti esperti, sia che stiate sistemando la vostra collezione personale a casa vostra, questi supporti forniscono la base ordinata, contemporanea e versatile di cui avete bisogno per far risaltare i vostri prodotti.<\/p>\n<p><img fetchpriority=\"high\" decoding=\"async\" class=\"size-full wp-image-1325\" src=\"https:\/\/customacrylicproduct.com\/wp-content\/uploads\/2025\/07\/Acrylic-Watch-Stand-Watch-Displays-3.jpg\" alt=\"Espositori per orologi in acrilico (3)\" width=\"800\" height=\"800\" srcset=\"https:\/\/customacrylicproduct.com\/wp-content\/uploads\/2025\/07\/Acrylic-Watch-Stand-Watch-Displays-3.jpg 800w, https:\/\/customacrylicproduct.com\/wp-content\/uploads\/2025\/07\/Acrylic-Watch-Stand-Watch-Displays-3-300x300.jpg 300w, https:\/\/customacrylicproduct.com\/wp-content\/uploads\/2025\/07\/Acrylic-Watch-Stand-Watch-Displays-3-150x150.jpg 150w, https:\/\/customacrylicproduct.com\/wp-content\/uploads\/2025\/07\/Acrylic-Watch-Stand-Watch-Displays-3-768x768.jpg 768w, https:\/\/customacrylicproduct.com\/wp-content\/uploads\/2025\/07\/Acrylic-Watch-Stand-Watch-Displays-3-600x600.jpg 600w, https:\/\/customacrylicproduct.com\/wp-content\/uploads\/2025\/07\/Acrylic-Watch-Stand-Watch-Displays-3-100x100.jpg 100w\" sizes=\"(max-width: 800px) 100vw, 800px\" \/><\/p>\n<h4 id=\"-unparalleled-quality-premium-craftsmanship-\"><strong>Qualit\u00e0 impareggiabile e artigianato di prima qualit\u00e0<\/strong><\/h4>\n<p>Il cuore di questi espositori \u00e8 l'eccezionale qualit\u00e0 dei materiali. Ogni blocco \u00e8 ricavato da un unico, solido pezzo di acrilico cristallino di prima qualit\u00e0. Non si tratta della plastica vuota e leggera che si pu\u00f2 trovare in altri luoghi. I nostri supporti sono significativi, resistenti e hanno una bella apertura simile al vetro che permette alla luce di attraversare e illuminare i vostri prodotti da ogni angolazione. Il risultato \u00e8 un effetto brillante e luminescente che esalta la bellezza naturale, i dettagli dettagliati e i colori vivaci di ci\u00f2 che si sceglie di esporre.<\/p>\n<p>Ogni blocco viene sottoposto a un'accurata procedura di completamento, che comprende la diamantatura di tutti i bordi. Questo metodo consente di ottenere una superficie perfettamente liscia, priva di giunture e otticamente pura, senza spigoli vivi o imperfezioni. I lati raffinati catturano e rifrangono magnificamente la luce, aggiungendo un raffinato scintillio che completa uno dei prodotti pi\u00f9 glamour, dal luccichio di un orologio d'oro al fuoco di un anello di diamanti. A differenza del vetro, il nostro polimero ad alta densit\u00e0 \u00e8 molto pi\u00f9 resistente agli urti e leggero, il che lo rende una scelta pi\u00f9 sicura e sensata sia per gli ambienti di vendita al dettaglio che per le abitazioni. Inoltre, \u00e8 resistente ai raggi UV e non ingiallisce con il tempo, mantenendo la sua magnifica limpidezza per diversi anni di soluzione impeccabile.<\/p>\n<p><img decoding=\"async\" class=\"size-full wp-image-1324\" src=\"https:\/\/customacrylicproduct.com\/wp-content\/uploads\/2025\/07\/Acrylic-Watch-Stand-Watch-Displays-2.jpg\" alt=\"Espositori per orologi in acrilico (2)\" width=\"800\" height=\"800\" srcset=\"https:\/\/customacrylicproduct.com\/wp-content\/uploads\/2025\/07\/Acrylic-Watch-Stand-Watch-Displays-2.jpg 800w, https:\/\/customacrylicproduct.com\/wp-content\/uploads\/2025\/07\/Acrylic-Watch-Stand-Watch-Displays-2-300x300.jpg 300w, https:\/\/customacrylicproduct.com\/wp-content\/uploads\/2025\/07\/Acrylic-Watch-Stand-Watch-Displays-2-150x150.jpg 150w, https:\/\/customacrylicproduct.com\/wp-content\/uploads\/2025\/07\/Acrylic-Watch-Stand-Watch-Displays-2-768x768.jpg 768w, https:\/\/customacrylicproduct.com\/wp-content\/uploads\/2025\/07\/Acrylic-Watch-Stand-Watch-Displays-2-600x600.jpg 600w, https:\/\/customacrylicproduct.com\/wp-content\/uploads\/2025\/07\/Acrylic-Watch-Stand-Watch-Displays-2-100x100.jpg 100w\" sizes=\"(max-width: 800px) 100vw, 800px\" \/><\/p>\n<h4 id=\"-a-masterclass-in-minimalist-layout-\"><strong>Una masterclass sul layout minimalista<\/strong><\/h4>\n<p>L'ideologia alla base di questi blocchi di schermi \u00e8 semplice: la vera bellezza \u00e8 discreta. Le linee ordinate e la purezza geometrica dei cubi e delle alzate a forma di rettangolo sono volutamente minimaliste. Questa scelta stilistica fa s\u00ec che il supporto non assuma mai il ruolo di oggetto. Al contrario, diventa una struttura impercettibile che sostiene e potenzia. La natura chiara fa s\u00ec che lo stativo scompaia virtualmente, creando una presentazione eterea e fluttuante che stupisce il pubblico.<\/p>\n<p>Immaginate uno spettacolare orologio cronografo, come quello visualizzato con l'audace quadrante blu, relativamente sospeso a mezz'aria. Immaginate un delicato bracciale di perle, la cui morbida lucentezza \u00e8 amplificata dall'ordinata e brillante superficie sottostante. Questo \u00e8 il potere del design minimale. Elimina tutti i rumori estetici, permettendo alla maestria dell'orologio, al luccichio dei tesori e all'abilit\u00e0 del collezionista di mettersi in luce. La base riflettente del blocco conferisce inoltre una raffinata ed elegante foto a specchio, aggiungendo profondit\u00e0 e un tocco professionale all'esposizione.<\/p>\n<p><img decoding=\"async\" class=\"size-full wp-image-1323\" src=\"https:\/\/customacrylicproduct.com\/wp-content\/uploads\/2025\/07\/Acrylic-Watch-Stand-Watch-Displays-1.jpg\" alt=\"Espositori per orologi in acrilico (1)\" width=\"800\" height=\"800\" srcset=\"https:\/\/customacrylicproduct.com\/wp-content\/uploads\/2025\/07\/Acrylic-Watch-Stand-Watch-Displays-1.jpg 800w, https:\/\/customacrylicproduct.com\/wp-content\/uploads\/2025\/07\/Acrylic-Watch-Stand-Watch-Displays-1-300x300.jpg 300w, https:\/\/customacrylicproduct.com\/wp-content\/uploads\/2025\/07\/Acrylic-Watch-Stand-Watch-Displays-1-150x150.jpg 150w, https:\/\/customacrylicproduct.com\/wp-content\/uploads\/2025\/07\/Acrylic-Watch-Stand-Watch-Displays-1-768x768.jpg 768w, https:\/\/customacrylicproduct.com\/wp-content\/uploads\/2025\/07\/Acrylic-Watch-Stand-Watch-Displays-1-600x600.jpg 600w, https:\/\/customacrylicproduct.com\/wp-content\/uploads\/2025\/07\/Acrylic-Watch-Stand-Watch-Displays-1-100x100.jpg 100w\" sizes=\"(max-width: 800px) 100vw, 800px\" \/><\/p>\n<h4 id=\"-the-ultimate-display-remedy-unparalleled-convenience-\"><strong>Il rimedio definitivo per i display: Convenienza senza pari<\/strong><\/h4>\n<p>Anche se etichettati come supporti per orologi, le loro applicazioni sono limitate solo dalla vostra immaginazione. Le diverse forme e dimensioni, dai cubi imponenti alle eleganti alzate poco appariscenti, fanno di questa collezione uno dei dispositivi espositivi pi\u00f9 versatili sul mercato.<\/p>\n<ul>\n<li><strong>Per l'orologiaio e l'esperto di gioielli:\u00a0<\/strong>Questi supporti sono un elemento imprescindibile per qualsiasi tipo di esposizione di orologi o gioielli. I dadi pi\u00f9 grandi forniscono una piattaforma audace e maschile per gli orologi da dichiarazione, dai robusti subacquei agli eleganti orologi da abito. I cubi pi\u00f9 piccoli e le alzate a forma di rettangolo sono perfetti per esporre delicati orologi da donna, intricate fasce da braccio, anelli di coinvolgimento, fedi nuziali e persino piccoli orecchini. Come si vede nelle immagini, un singolo anello d'oro maggiorato diventa un oggetto di desiderio se posizionato sulla sua fase immacolata, mentre una collezione di bracciali pu\u00f2 essere sistemata ad arte su pi\u00f9 blocchi.<\/li>\n<li><strong>Per il fotografo professionista specializzato:\u00a0<\/strong>Realizzate facilmente scatti di prodotti degni di una rivista. Questi blocchi acrilici sono amici dei fotografi professionisti, in quanto forniscono una superficie ordinata, neutra e favorevole ai riflessi che rende la post-produzione un gioco da ragazzi. Eliminano le storie che distraggono e consentono di regolare l'illuminazione per evidenziare ogni elemento e informazione del prodotto. Utilizzateli per creare piani sicuri e multilivello per scatti di gruppo o per separare un singolo elemento protagonista per un effetto notevole.<\/li>\n<li><strong>Per gli amanti e le agenzie di recupero crediti:\u00a0<\/strong>Il vostro entusiasmo deve avere uno schermo degno di nota. Potrete esporre la vostra collezione di campioni di minerali, cristalli di recupero, monete antiche, statuette dettagliate o cosmetici di alta gamma come flaconi di profumo e tubetti di rossetto. I supporti proteggono i vostri oggetti dalle superfici e al contempo li dispongono in una galleria visivamente spettacolare su qualsiasi tipo di scaffale, scrivania o armadio da esposizione.<\/li>\n<li><strong>Per l'eccellenza del commercio al dettaglio e dell'industria:\u00a0<\/strong>In un contesto di vendita al dettaglio a prezzi accessibili, la presentazione \u00e8 fondamentale. Utilizzate questi blocchi per costruire interessanti schermi per le vetrine, per sviluppare una gerarchia visiva all'interno di un'istanza di vetro o per mettere in evidenza gli articoli inclusi in un bancone da cucina. Migliorano istantaneamente il valore del vostro prodotto, attirando i clienti e trasformando i visitatori in clienti. Sono uno strumento essenziale per esposizioni, fiere artigianali e negozi pop-up, dove la prima impressione \u00e8 fondamentale.<\/li>\n<\/ul>\n<h4 id=\"-curate-your-vision-mix-suit-and-mesmerize-\"><strong>Curate la vostra visione: Mescolare, adattare e mescolare<\/strong><\/h4>\n<p>La vera forza di questa collezione sta nella sua modularit\u00e0. Le immagini mostrano set di dimensioni diverse, che vi permettono di essere i curatori del vostro spazio. Utilizzate un blocco unico e grande per creare un punto focale coraggioso. Create una collezione di dimensioni decrescenti per guidare l'occhio in un viaggio visivo. Oppure, impilate le alzate rettangolari per creare schermi vibranti e multilivello che aggiungono profondit\u00e0 e interesse all'allestimento.<\/p>\n<p>Questo sistema consente di sviluppare una presentazione coesa ma vivace. Potete dividere i prodotti per concentrarvi su di essi o raggrupparli in collezioni tematiche. In casa, infine, \u00e8 possibile organizzare l'armadio o il mobiletto, offrendo a ciascuno dei dispositivi preferiti una posizione unica. In un negozio, \u00e8 possibile modificare l'esposizione in pochi minuti, mantenendo la vendita al dettaglio fresca, sorprendente e professionale.<\/p>\n<p>Date alle vostre cose pi\u00f9 preziose e utili il risalto che meritano. Superate la semplice conservazione e accettate l'arte della discussione.<\/p>\n<p><strong>Ordinate oggi stesso il vostro set di supporti per regali in acrilico solido e trasparente e trasformate il vostro schermo da normale a straordinario.<\/strong><\/p>","protected":false},"excerpt":{"rendered":"<p class=\"ng-star-inserted\"><span class=\"ng-star-inserted\">Questi blocchi in acrilico cristallino offrono ai vostri orologi e gioielli l'esposizione che meritano. Il design solido e lucido offre una vetrina elegante e moderna per la vostra collezione. Disponibili in varie dimensioni, creano un elegante effetto fluttuante, mettendo i vostri pezzi preferiti al centro dell'attenzione.<\/span><\/p>","protected":false},"featured_media":1324,"template":"","meta":{"_kad_post_transparent":"default","_kad_post_title":"","_kad_post_layout":"default","_kad_post_sidebar_id":"","_kad_post_content_style":"default","_kad_post_vertical_padding":"default","_kad_post_feature":"","_kad_post_feature_position":"","_kad_post_header":false,"_kad_post_footer":false,"_kad_post_classname":""},"product_brand":[],"product_cat":[15],"product_tag":[138],"class_list":{"0":"post-1322","1":"product","2":"type-product","3":"status-publish","4":"has-post-thumbnail","6":"product_cat-custom-acrylic-displays","7":"product_tag-acrylic-watch-stand-watch-displays","9":"first","10":"instock","11":"shipping-taxable","12":"product-type-simple","13":"entry","14":"content-bg","15":"loop-entry"},"_links":{"self":[{"href":"https:\/\/customacrylicproduct.com\/it\/wp-json\/wp\/v2\/product\/1322","targetHints":{"allow":["GET"]}}],"collection":[{"href":"https:\/\/customacrylicproduct.com\/it\/wp-json\/wp\/v2\/product"}],"about":[{"href":"https:\/\/customacrylicproduct.com\/it\/wp-json\/wp\/v2\/types\/product"}],"wp:featuredmedia":[{"embeddable":true,"href":"https:\/\/customacrylicproduct.com\/it\/wp-json\/wp\/v2\/media\/1324"}],"wp:attachment":[{"href":"https:\/\/customacrylicproduct.com\/it\/wp-json\/wp\/v2\/media?parent=1322"}],"wp:term":[{"taxonomy":"product_brand","embeddable":true,"href":"https:\/\/customacrylicproduct.com\/it\/wp-json\/wp\/v2\/product_brand?post=1322"},{"taxonomy":"product_cat","embeddable":true,"href":"https:\/\/customacrylicproduct.com\/it\/wp-json\/wp\/v2\/product_cat?post=1322"},{"taxonomy":"product_tag","embeddable":true,"href":"https:\/\/customacrylicproduct.com\/it\/wp-json\/wp\/v2\/product_tag?post=1322"}],"curies":[{"name":"wp","href":"https:\/\/api.w.org\/{rel}","templated":true}]}}