{"id":1326,"date":"2025-07-20T07:31:04","date_gmt":"2025-07-20T07:31:04","guid":{"rendered":"https:\/\/customacrylicproduct.com\/?post_type=product&#038;p=1326"},"modified":"2025-07-20T07:31:04","modified_gmt":"2025-07-20T07:31:04","slug":"acrylic-trophy-contest-award-halloween-costume-awards","status":"publish","type":"product","link":"https:\/\/customacrylicproduct.com\/it\/acrylic-trophy-contest-award-halloween-costume-awards\/","title":{"rendered":"Trofeo acrilico Premio per concorso Premi in costume di Halloween"},"content":{"rendered":"<h3 id=\"crown-your-champions-of-enjoyable-the-ultimate-polymer-trophies-for-unforgettable-halloween-christmas-parties\">Incoronate i vostri campioni di divertimento: I trofei in polimero pi\u00f9 belli per feste di Halloween e Natale indimenticabili<\/h3>\n<p>Ogni anno l'attesa cresce. Si saccheggiano gli armadi, si scaricano le armi adesive e si spinge l'immaginazione fino alla sua totale limitazione. Di cosa? Per quella gloriosa notte di eventi in cui l'immaginazione creativa regna sovrana. Che si tratti della creativit\u00e0 da brivido di un vestito di Halloween o della pacchianeria da far venire l'acquolina in bocca di un Ugly Xmas Sweater, queste iniziative hanno diritto a pi\u00f9 di un semplice elogio. Devono essere commemorate.<\/p>\n<p>La migliore ricompensa per le vostre competizioni festive: il\u00a0<strong>Collezione d'onore del concorso Polymer Prize\u00a0<\/strong>. Non si tratta di oggetti di celebrazione leggeri, ma di ricordi significativi e magnificamente realizzati per onorare i veri campioni dello spirito vacanziero. Si tratta di ricordi significativi e magnificamente realizzati per onorare i veri campioni dello spirito vacanziero. Con set impegnati sia per le gare di abbigliamento di Halloween sia per le gare di cappotti natalizi, questi trofei trasformano le gare amichevoli della vostra festa in un evento favoloso, lasciando ai vostri campioni un ricordo splendente che saranno onorati di esporre per molti anni a venire.<\/p>\n<p><img fetchpriority=\"high\" decoding=\"async\" class=\"aligncenter wp-image-1329 size-large\" src=\"https:\/\/customacrylicproduct.com\/wp-content\/uploads\/2025\/07\/Acrylic-Trophy-3-1024x1024.jpg\" alt=\"Trofeo in acrilico (3)\" width=\"1024\" height=\"1024\" srcset=\"https:\/\/customacrylicproduct.com\/wp-content\/uploads\/2025\/07\/Acrylic-Trophy-3-1024x1024.jpg 1024w, https:\/\/customacrylicproduct.com\/wp-content\/uploads\/2025\/07\/Acrylic-Trophy-3-300x300.jpg 300w, https:\/\/customacrylicproduct.com\/wp-content\/uploads\/2025\/07\/Acrylic-Trophy-3-150x150.jpg 150w, https:\/\/customacrylicproduct.com\/wp-content\/uploads\/2025\/07\/Acrylic-Trophy-3-768x768.jpg 768w, https:\/\/customacrylicproduct.com\/wp-content\/uploads\/2025\/07\/Acrylic-Trophy-3-600x600.jpg 600w, https:\/\/customacrylicproduct.com\/wp-content\/uploads\/2025\/07\/Acrylic-Trophy-3-100x100.jpg 100w, https:\/\/customacrylicproduct.com\/wp-content\/uploads\/2025\/07\/Acrylic-Trophy-3.jpg 1386w\" sizes=\"(max-width: 1024px) 100vw, 1024px\" \/><\/p>\n<h4 id=\"-a-new-requirement-for-event-prizes-high-quality-you-can-see-and-feel-\"><strong>Un nuovo requisito per i premi degli eventi: Alta qualit\u00e0 che si vede e si sente<\/strong><\/h4>\n<p>Non ricordate gli archi usa e getta o i comuni certificati. Questi premi sono fatti per stupire. Ogni premio \u00e8 realizzato in acrilico cristallino di qualit\u00e0 superiore, che gli conferisce un peso significativo e un aspetto sorprendente, simile al vetro, ma non fragile. La speciale forma ottagonale \u00e8 tagliata con precisione, con lati sfaccettati e lucidati al diamante che catturano e rifrangono la luce, dando un tocco di luminosit\u00e0 a qualsiasi schermo.<\/p>\n<p>Nel momento in cui il vincitore terr\u00e0 in mano uno di questi premi, sapr\u00e0 che si tratta di qualcosa di unico. La sensazione \u00e8 quella di una mano forte e di tendenza, una vera e propria testimonianza della loro vittoria. La superficie liscia e priva di imperfezioni offre la tela ideale per le vivaci grafiche ad alta risoluzione, stampate con notevole nitidezza e dettaglio. I disegni sono sigillati all'interno dell'acrilico, per cui non si staccheranno mai, non sbiadiranno e non si staccheranno mai. Questi trofei sono costruiti per durare nel tempo e rappresentano una suggestione a lungo termine di una serata piena di risate, pensieri creativi e divertimento.<\/p>\n<p><img decoding=\"async\" class=\"aligncenter wp-image-1330 size-large\" src=\"https:\/\/customacrylicproduct.com\/wp-content\/uploads\/2025\/07\/Acrylic-Trophy-4-1024x1024.jpg\" alt=\"Trofeo in acrilico (4)\" width=\"1024\" height=\"1024\" srcset=\"https:\/\/customacrylicproduct.com\/wp-content\/uploads\/2025\/07\/Acrylic-Trophy-4-1024x1024.jpg 1024w, https:\/\/customacrylicproduct.com\/wp-content\/uploads\/2025\/07\/Acrylic-Trophy-4-300x300.jpg 300w, https:\/\/customacrylicproduct.com\/wp-content\/uploads\/2025\/07\/Acrylic-Trophy-4-150x150.jpg 150w, https:\/\/customacrylicproduct.com\/wp-content\/uploads\/2025\/07\/Acrylic-Trophy-4-768x768.jpg 768w, https:\/\/customacrylicproduct.com\/wp-content\/uploads\/2025\/07\/Acrylic-Trophy-4-600x600.jpg 600w, https:\/\/customacrylicproduct.com\/wp-content\/uploads\/2025\/07\/Acrylic-Trophy-4-100x100.jpg 100w, https:\/\/customacrylicproduct.com\/wp-content\/uploads\/2025\/07\/Acrylic-Trophy-4.jpg 1427w\" sizes=\"(max-width: 1024px) 100vw, 1024px\" \/><\/p>\n<p>-.<\/p>\n<h4 id=\"-spooktacular-formality-the-halloween-costume-contest-honors-\"><strong>Formalit\u00e0 spettrali: Il concorso di costumi di Halloween<\/strong><\/h4>\n<p>Halloween \u00e8 l'apice del virtuosismo dei costumi. Da quelli terribilmente pratici a quelli felicemente intelligenti, i vostri ospiti hanno messo il cuore nelle loro evoluzioni. Ora potete dare loro il riconoscimento che desiderano con il nostro set di onorificenze a tema scheletro. Il design spiritoso e raffinato, che include un carismatico scheletro d'animazione che d\u00e0 il via libera con entusiasmo, raggiunge l'eccellente equilibrio tra il pauroso e il divertente, rendendolo adatto a qualsiasi tipo di evento.<\/p>\n<p>Questa collezione comprende premi per ogni tipo di genio creativo:.<\/p>\n<ul>\n<li><strong>Miglior costume:\u00a0<\/strong>Il gran premio! Per il costume perfettamente eseguito, originale e semplicemente straordinario.<\/li>\n<li><strong>Il costume pi\u00f9 spaventoso:\u00a0<\/strong>Per lo sviluppo che ha fatto correre brividi lungo la schiena e ha fatto sobbalzare i visitatori. Questo premio onora il maestro della paura tra di voi.<\/li>\n<li><strong>Il costume pi\u00f9 pazzo:\u00a0<\/strong>Ridere \u00e8 gi\u00e0 un premio di per s\u00e9, ma questo premio \u00e8 per l'individuo il cui costume era una battuta ambulante, un gioco di parole creativo o semplicemente isterico.<\/li>\n<li><strong>Miglior abbigliamento di coppia:\u00a0<\/strong>Celebriamo la sinergia e l'immaginazione per 2! Questo onore \u00e8 per il dinamico duo i cui outfit abbinati erano perfettamente in sintonia e meravigliosamente concepiti.<\/li>\n<\/ul>\n<p>Pensate al piacere dell'evento di premiazione alla fine della serata. Quando rivelate i vincitori, non state semplicemente consegnando loro un premio, ma state conferendo loro un titolo e un segno concreto della loro preminenza ad Halloween.<\/p>\n<p><img decoding=\"async\" class=\"aligncenter wp-image-1327 size-large\" src=\"https:\/\/customacrylicproduct.com\/wp-content\/uploads\/2025\/07\/Acrylic-Trophy-1-1024x1024.jpg\" alt=\"Trofeo in acrilico (1)\" width=\"1024\" height=\"1024\" srcset=\"https:\/\/customacrylicproduct.com\/wp-content\/uploads\/2025\/07\/Acrylic-Trophy-1-1024x1024.jpg 1024w, https:\/\/customacrylicproduct.com\/wp-content\/uploads\/2025\/07\/Acrylic-Trophy-1-300x300.jpg 300w, https:\/\/customacrylicproduct.com\/wp-content\/uploads\/2025\/07\/Acrylic-Trophy-1-150x150.jpg 150w, https:\/\/customacrylicproduct.com\/wp-content\/uploads\/2025\/07\/Acrylic-Trophy-1-768x768.jpg 768w, https:\/\/customacrylicproduct.com\/wp-content\/uploads\/2025\/07\/Acrylic-Trophy-1-600x600.jpg 600w, https:\/\/customacrylicproduct.com\/wp-content\/uploads\/2025\/07\/Acrylic-Trophy-1-100x100.jpg 100w, https:\/\/customacrylicproduct.com\/wp-content\/uploads\/2025\/07\/Acrylic-Trophy-1.jpg 1500w\" sizes=\"(max-width: 1024px) 100vw, 1024px\" \/><\/p>\n<p>-.<\/p>\n<h4 id=\"-commemorate-stylishly-the-ugly-christmas-sweatshirt-honors-\"><strong>Commemorare con stile: La felpa di Natale Brutta Onorificenza<\/strong><\/h4>\n<p>La celebrazione del cappotto di Natale \u00e8 diventata una preziosa tradizione natalizia, una deliziosa disobbedienza contro l'abbigliamento formale delle vacanze. \u00c8 un evento all'insegna del brutto, del cattivo gusto e del gloriosamente sgargiante. La nostra collezione di premi Ugly Christmas Sweater coglie appieno questo spirito con modelli vivaci e gioiosi, caratterizzati da un'abbagliante tazza d'oro e da illustrazioni di cappotti felicemente terribili.<\/p>\n<p>Fate in modo che la vostra gara di felpe diventi una competizione ufficiale con diversi gruppi, per assicurarvi che il marchio di bruttezza di ognuno abbia la possibilit\u00e0 di essere messo in risalto.<\/p>\n<ul>\n<li><strong>Il maglione pi\u00f9 brutto:\u00a0<\/strong>Uno dei titoli pi\u00f9 ambiti (e temuti). Per il cappotto che \u00e8 un vero e proprio attacco ai sensi, un'opera d'arte di scarsa preferenza.<\/li>\n<li><strong>Molti cappotti gioiosi:\u00a0<\/strong>Per chi non si \u00e8 limitato a indossare un maglione, ha indossato l'intera festa, con luci stroboscopiche, orpelli e forse anche una o due campanelle.<\/li>\n<li><strong>Un sacco di felpe innovative:\u00a0<\/strong>Questo onore va all'appassionato del fai-da-te, a colui che ha realizzato un layout assolutamente iniziale e intelligente che supera un semplice maglione comprato in negozio.<\/li>\n<li><strong>Il maglione pi\u00f9 strambo:\u00a0<\/strong>Parente stretto del \u201cPi\u00f9 brutto\u201d, questo premio commemora il maglione che accoglie felicemente tutti i tropi sgargianti del libro delle vacanze.<\/li>\n<li><strong>Maglione della coppia pi\u00f9 bella:\u00a0<\/strong>Per la coppia che ha confermato che 2 cappotti orribili sono molto meglio di uno. Questo \u00e8 il premio per il set della coppia meglio coordinata e pi\u00f9 meritevole.<\/li>\n<li><strong>Felpa classica ideale:\u00a0<\/strong>Un saluto ai classici! Questo premio \u00e8 destinato a chi ha portato alla luce un autentico tesoro decennale di orrore a maglia da un negozio di seconda mano o dall'armadio di un'antenata.<\/li>\n<\/ul>\n<p>Questi trofei costituiscono una cornice divertente e ufficiale alla vostra festa. I visitatori faranno campagna elettorale, mostreranno le loro luci lampeggianti e gli ornamenti appesi e aspetteranno con ansia il giudizio finale. Il vincitore otterr\u00e0 la massima libert\u00e0 di vantarsi e un grande trofeo da presentare ogni anno insieme alle decorazioni natalizie.<\/p>\n<h4 id=\"-more-than-a-prize-it-s-a-valued-keepsake-\"><strong>Pi\u00f9 che un premio, \u00e8 un ricordo prezioso<\/strong><\/h4>\n<p>La parte migliore di questi premi in acrilico \u00e8 la loro vita dopo l'evento. A differenza del contenitore di un bicchiere di vino che sparisce nel giro di una sera, questi premi sono progettati per essere esposti. Grazie alla loro struttura indipendente e sicura, possono essere collocati su una scrivania, una libreria, un caminetto o un armadio da esposizione.<\/p>\n<p>Per il vincitore, il premio diventa un ottimo spunto di discussione. Quando gli ospiti vedono sullo schermo il premio per il \u201cvestito pi\u00f9 spaventoso\u201d, si scatena un racconto su quell'impressionante festa di Halloween. Il premio \u201cMaglione pi\u00f9 brutto\u201d diventa una battuta ricorrente e un fattore di soddisfazione per ogni festa. \u00c8 la manifestazione fisica di un ricordo divertente, un mezzo per rivivere le risate e il cameratismo di un'occasione unica.<\/p>\n<h4 id=\"-perfect-for-any-kind-of-event-\"><strong>Perfetto per qualsiasi tipo di evento<\/strong><\/h4>\n<p>Pur essendo stati sviluppati per le feste in casa, la qualit\u00e0 specialistica di questi trofei li rende eccellenti per una vasta gamma di occasioni:.<\/p>\n<ul>\n<li><strong>Eventi in ufficio:\u00a0<\/strong>Aumentare il morale e motivare il coinvolgimento negli eventi di vacanza dell'azienda.<\/li>\n<li><strong>Funzioni universitarie:\u00a0<\/strong>Un premio sicuro e divertente per le celebrazioni in classe o per le cerimonie in costume di tutta la scuola.<\/li>\n<li><strong>Eventi di quartiere e raccolte fondi:\u00a0<\/strong>Aggiungete un tocco esperto e gioioso alle gare e alle celebrazioni di quartiere.<\/li>\n<li><strong>Locali notturni e ristoranti:\u00a0<\/strong>Organizzate una gara pubblica di abbigliamento o di maglioni e coinvolgete i gruppi con la promessa di una ricompensa unica e di alto livello.<\/li>\n<\/ul>\n<p>Smettete di offrire premi usa e getta per sforzi memorabili. Elevate la vostra prossima celebrazione, accendete alcuni concorrenti piacevoli e create ricordi duraturi.<\/p>\n<p><strong>Ordinate oggi stesso il vostro trofeo Polymer Trophy Contest Honors e preparatevi a ospitare l'evento pi\u00f9 chiacchierato della stagione!<\/strong><\/p>","protected":false},"excerpt":{"rendered":"<p class=\"ng-star-inserted\"><span class=\"ng-star-inserted\">Incoronate i vincitori delle feste di Halloween e Natale con questi divertenti trofei in acrilico! Perfetti per le gare in costume e le competizioni di maglioni brutti, ogni premio \u00e8 caratterizzato da una grafica vivace e festosa. Resistenti e ben realizzati, sono un premio memorabile e un simpatico ricordo per ogni sfida festosa.<\/span><\/p>","protected":false},"featured_media":1329,"template":"","meta":{"_kad_post_transparent":"default","_kad_post_title":"","_kad_post_layout":"default","_kad_post_sidebar_id":"","_kad_post_content_style":"default","_kad_post_vertical_padding":"default","_kad_post_feature":"","_kad_post_feature_position":"","_kad_post_header":false,"_kad_post_footer":false,"_kad_post_classname":""},"product_brand":[],"product_cat":[19],"product_tag":[136],"class_list":{"0":"post-1326","1":"product","2":"type-product","3":"status-publish","4":"has-post-thumbnail","6":"product_cat-custom-acrylic-trophies-awards","7":"product_tag-custom-acrylic-trophy","9":"first","10":"instock","11":"shipping-taxable","12":"product-type-simple","13":"entry","14":"content-bg","15":"loop-entry"},"_links":{"self":[{"href":"https:\/\/customacrylicproduct.com\/it\/wp-json\/wp\/v2\/product\/1326","targetHints":{"allow":["GET"]}}],"collection":[{"href":"https:\/\/customacrylicproduct.com\/it\/wp-json\/wp\/v2\/product"}],"about":[{"href":"https:\/\/customacrylicproduct.com\/it\/wp-json\/wp\/v2\/types\/product"}],"wp:featuredmedia":[{"embeddable":true,"href":"https:\/\/customacrylicproduct.com\/it\/wp-json\/wp\/v2\/media\/1329"}],"wp:attachment":[{"href":"https:\/\/customacrylicproduct.com\/it\/wp-json\/wp\/v2\/media?parent=1326"}],"wp:term":[{"taxonomy":"product_brand","embeddable":true,"href":"https:\/\/customacrylicproduct.com\/it\/wp-json\/wp\/v2\/product_brand?post=1326"},{"taxonomy":"product_cat","embeddable":true,"href":"https:\/\/customacrylicproduct.com\/it\/wp-json\/wp\/v2\/product_cat?post=1326"},{"taxonomy":"product_tag","embeddable":true,"href":"https:\/\/customacrylicproduct.com\/it\/wp-json\/wp\/v2\/product_tag?post=1326"}],"curies":[{"name":"wp","href":"https:\/\/api.w.org\/{rel}","templated":true}]}}