{"id":1346,"date":"2025-07-20T08:32:25","date_gmt":"2025-07-20T08:32:25","guid":{"rendered":"https:\/\/customacrylicproduct.com\/?post_type=product&#038;p=1346"},"modified":"2025-07-20T08:32:25","modified_gmt":"2025-07-20T08:32:25","slug":"custom-acrylic-high-quality-gold-embossed-metal-tag","status":"publish","type":"product","link":"https:\/\/customacrylicproduct.com\/it\/custom-acrylic-high-quality-gold-embossed-metal-tag\/","title":{"rendered":"Etichetta metallica personalizzata in acrilico di alta qualit\u00e0 con rilievi in oro"},"content":{"rendered":"<h3 id=\"elevate-your-brand-perfect-your-gift-the-ultimate-custom-high-quality-gold-metal-tag\">Elevate il vostro marchio, perfezionate il vostro regalo: l'ultima etichetta personalizzata in metallo dorato di alta qualit\u00e0<\/h3>\n<p>In un mondo di produzione di massa, un tocco individuale parla chiaro. \u00c8 il tocco finale, il marchio di fabbrica su un'opera d'arte, la dichiarazione pacifica di alta qualit\u00e0 che distingue un articolo, un regalo o una produzione. Vi presentiamo il servizio definitivo per i marchi e le persone che cercano quel marchio di distinzione senza pari: le nostre etichette personalizzate in acciaio dorato di alta qualit\u00e0. Non si tratta di semplici etichette, ma di mini capolavori, realizzati con cura per incarnare la vostra visione e trasformare le vostre produzioni da medie a memorabili.<\/p>\n<p>Che si tratti di un designer che inserisce un segno distintivo nella sua nuova collezione, di un artigiano che personalizza un tesoro fatto a mano o di un individuo alla ricerca di un regalo veramente distinto e duraturo, le nostre etichette personalizzate offrono un legame tangibile con la massima qualit\u00e0, il trattamento e l'identificazione.<\/p>\n<p><img fetchpriority=\"high\" decoding=\"async\" class=\"size-full wp-image-1349\" src=\"https:\/\/customacrylicproduct.com\/wp-content\/uploads\/2025\/07\/Custom-Acrylic-Sign-3.jpg\" alt=\"Segno acrilico personalizzato (3)\" width=\"800\" height=\"800\" srcset=\"https:\/\/customacrylicproduct.com\/wp-content\/uploads\/2025\/07\/Custom-Acrylic-Sign-3.jpg 800w, https:\/\/customacrylicproduct.com\/wp-content\/uploads\/2025\/07\/Custom-Acrylic-Sign-3-300x300.jpg 300w, https:\/\/customacrylicproduct.com\/wp-content\/uploads\/2025\/07\/Custom-Acrylic-Sign-3-150x150.jpg 150w, https:\/\/customacrylicproduct.com\/wp-content\/uploads\/2025\/07\/Custom-Acrylic-Sign-3-768x768.jpg 768w, https:\/\/customacrylicproduct.com\/wp-content\/uploads\/2025\/07\/Custom-Acrylic-Sign-3-600x600.jpg 600w, https:\/\/customacrylicproduct.com\/wp-content\/uploads\/2025\/07\/Custom-Acrylic-Sign-3-100x100.jpg 100w\" sizes=\"(max-width: 800px) 100vw, 800px\" \/><\/p>\n<h4 id=\"the-essence-of-unmatched-quality\">L'essenza della qualit\u00e0 ineguagliabile<\/h4>\n<p>Alla base del nostro articolo c'\u00e8 una dedizione incrollabile a materiali e lavorazioni di prima qualit\u00e0. Ogni targhetta \u00e8 forgiata con acciai di prima qualit\u00e0, scelti per la loro consistenza al tatto, l'impressionante robustezza e la brillantezza. La radiosa superficie dorata, disponibile in tonalit\u00e0 raffinate, spazzolate o addirittura maggiorate, non \u00e8 un semplice rivestimento, ma una stratificazione profonda e durevole fatta per resistere all'appannamento e all'uso. Il peso morbido e trendy dell'acciaio nella mano \u00e8 un segno immediato della sua natura di costo, una garanzia silenziosa della qualit\u00e0 contenuta nel prodotto che impreziosisce.<\/p>\n<p>Il nostro sofisticato processo di produzione consente un livello di accuratezza che d\u00e0 vita anche ai layout pi\u00f9 elaborati. Dalle linee nitide e ordinate di un logo moderno alle fragili volute di un nome scritto a mano, ogni informazione viene realizzata con una precisione impeccabile. \u00c8 qui che l'identit\u00e0 del vostro marchio o il vostro messaggio individuale si trasformano in un emblema fisico e duraturo.<\/p>\n<p><img decoding=\"async\" class=\"size-full wp-image-1348\" src=\"https:\/\/customacrylicproduct.com\/wp-content\/uploads\/2025\/07\/Custom-Acrylic-Sign-2.jpg\" alt=\"Segno acrilico personalizzato (2)\" width=\"800\" height=\"800\" srcset=\"https:\/\/customacrylicproduct.com\/wp-content\/uploads\/2025\/07\/Custom-Acrylic-Sign-2.jpg 800w, https:\/\/customacrylicproduct.com\/wp-content\/uploads\/2025\/07\/Custom-Acrylic-Sign-2-300x300.jpg 300w, https:\/\/customacrylicproduct.com\/wp-content\/uploads\/2025\/07\/Custom-Acrylic-Sign-2-150x150.jpg 150w, https:\/\/customacrylicproduct.com\/wp-content\/uploads\/2025\/07\/Custom-Acrylic-Sign-2-768x768.jpg 768w, https:\/\/customacrylicproduct.com\/wp-content\/uploads\/2025\/07\/Custom-Acrylic-Sign-2-600x600.jpg 600w, https:\/\/customacrylicproduct.com\/wp-content\/uploads\/2025\/07\/Custom-Acrylic-Sign-2-100x100.jpg 100w\" sizes=\"(max-width: 800px) 100vw, 800px\" \/><\/p>\n<h4 id=\"a-canvas-for-your-creativity-three-designs-of-expression\">Una tela per la vostra creativit\u00e0: Tre disegni di espressione<\/h4>\n<p>Il fascino delle nostre etichette personalizzate risiede nella loro versatilit\u00e0. Sappiamo che ogni marchio e ogni regalo ha una storia speciale da raccontare. Per aiutarvi a raccontarla in modo impeccabile, vi offriamo una gamma di stili di personalizzazione, ognuno con il suo carattere unico, perfettamente illustrato dalle nostre istanze.<\/p>\n<p><img decoding=\"async\" class=\"size-full wp-image-1347\" src=\"https:\/\/customacrylicproduct.com\/wp-content\/uploads\/2025\/07\/Custom-Acrylic-Sign-1.jpg\" alt=\"Segno acrilico personalizzato (1)\" width=\"800\" height=\"800\" srcset=\"https:\/\/customacrylicproduct.com\/wp-content\/uploads\/2025\/07\/Custom-Acrylic-Sign-1.jpg 800w, https:\/\/customacrylicproduct.com\/wp-content\/uploads\/2025\/07\/Custom-Acrylic-Sign-1-300x300.jpg 300w, https:\/\/customacrylicproduct.com\/wp-content\/uploads\/2025\/07\/Custom-Acrylic-Sign-1-150x150.jpg 150w, https:\/\/customacrylicproduct.com\/wp-content\/uploads\/2025\/07\/Custom-Acrylic-Sign-1-768x768.jpg 768w, https:\/\/customacrylicproduct.com\/wp-content\/uploads\/2025\/07\/Custom-Acrylic-Sign-1-600x600.jpg 600w, https:\/\/customacrylicproduct.com\/wp-content\/uploads\/2025\/07\/Custom-Acrylic-Sign-1-100x100.jpg 100w\" sizes=\"(max-width: 800px) 100vw, 800px\" \/><\/p>\n<p><strong>1. La targhetta standard incisa e goffrata: Sofisticatezza classica<\/strong><\/p>\n<p>Come si vede nella sofisticata targhetta \u201cmax bone\u201d, questo design \u00e8 l'epitome del lusso classico e discreto. Grazie a metodi di incisione e goffratura all'avanguardia, il logo, il nome del marchio o il testo personalizzato vengono incisi a fondo sulla superficie dell'acciaio. Il risultato \u00e8 un sottile effetto tridimensionale, visivamente accattivante e piacevole al tatto. Questo approccio \u00e8 ideale per:.<\/p>\n<ul>\n<li><strong>Accessori di lusso per animali:\u00a0<\/strong>Aggiunta di un marchio avanzato a collari, guinzagli e trasportini per animali.<\/li>\n<li><strong>Borse di alta gamma e prodotti in pelle naturale:\u00a0<\/strong>Lavorando come marchio di fabbrica distinto su borse, borsette e cartelle.<\/li>\n<li><strong>Mobili e articoli per la casa:\u00a0<\/strong>Una dichiarazione di qualit\u00e0 molto discreta ma efficace su arredi artigianali o decorazioni di design.<\/li>\n<li><strong>Marchiatura degli indumenti:\u00a0<\/strong>Un'etichetta raffinata per l'interno del colletto di una giacca o per la tasca di un jeans.<\/li>\n<\/ul>\n<p>I lati arrotondati e il semplice stile a due fori garantiscono un'aggiunta facile e sicura, che si integra senza problemi con il vostro articolo.<\/p>\n<p><strong>2. La moderna etichetta ritagliata al laser: Audace e architettonica<\/strong><\/p>\n<p>Per una dichiarazione contemporanea e di grande impatto, il design intermedio al laser non ha rivali. Il vostro stile, come l'esempio \u201cVVNVH\u201d, non \u00e8 pubblicato sulla targhetta ma \u00e8 tagliato con precisione.\u00a0<em>via\u00a0<\/em>it. In questo modo si ottiene un impatto straordinario del modello, utilizzando lo spazio sfavorevole per creare le lettere o il design del logo. Le linee nette e ordinate e la precisione geometrica danno una sensazione di modernit\u00e0 e di costruzione che \u00e8 difficile da trascurare. Questo disegno \u00e8 eccellente per:.<\/p>\n<ul>\n<li><strong>Streetwear e stile d'avanguardia:\u00a0<\/strong>Una vivace dichiarazione del marchio su abbigliamento, scarpe da tennis e dispositivi.<\/li>\n<li><strong>Prodotti di design industriale:\u00a0<\/strong>Migliorare l'aspetto visivo dell'elettronica moderna, dei dispositivi o delle situazioni personalizzate.<\/li>\n<li><strong>Branding di alta moda:\u00a0<\/strong>Creare una targhetta speciale e indimenticabile che finisca per essere parte integrante dello stile stesso.<\/li>\n<li><strong>Targhette personalizzate:\u00a0<\/strong>Per una rappresentazione vivace e visiva di un nome o di un'iniziale su borse, bagagli da viaggio o lavori artistici.<\/li>\n<\/ul>\n<p>Le aperture a quattro angoli con rivetti offrono un metodo di aggiunta sicuro e industrial-chic che aumenta il fascino moderno della targhetta.<\/p>\n<p><strong>3. L'etichetta di intermediario della scrittura intima: Personale ed elegante\u00a0<\/strong>.<\/p>\n<p>Quando il messaggio \u00e8 individuale, anche il tipo di carattere deve esserlo. Il nostro stile di scrittura intermedia, esemplificato dalla targhetta liquida \u201cKlove\u201d, trasforma un nome, una parola o una firma in un oggetto d'arte da indossare. Il metallo \u00e8 tagliato meticolosamente per assecondare le eleganti curve di un carattere corsivo, dando vita a una targhetta che \u00e8 allo stesso tempo un'etichetta e un richiamo. I passanti integrati su entrambe le estremit\u00e0 sono fatti per essere accessoriati a catene, cavi o grandi corde, rendendolo ideale per:.<\/p>\n<ul>\n<li><strong>Gioielli su misura:\u00a0<\/strong>Sviluppare medaglioni e fasce da braccio con targhetta personalizzata, che sono regali profondamente individuali.<\/li>\n<li><strong>Bomboniere per eventi e matrimoni:\u00a0<\/strong>Aggiungendo un fascino sontuoso e personalizzato ai regali per gli ospiti, agli inviti o all'allestimento della location.<\/li>\n<li><strong>Biancheria intima e indumenti delicati:\u00a0<\/strong>Un piccolo, bellissimo dettaglio che sottolinea la natura intima dell'indumento.<\/li>\n<li><strong>Artigianato fatto a mano:\u00a0<\/strong>Il marchio eccellente per un patchwork di valore, una sciarpa intrecciata o un album di ritagli, trasformando un'attivit\u00e0 di svago in un'eredit\u00e0.<\/li>\n<\/ul>\n<p>Questo design esprime l'importanza dell'unicit\u00e0, rendendolo la scelta migliore per i regali personalizzati e il branding artigianale.<\/p>\n<h4 id=\"beyond-metal-exploring-all-opportunities-\">Oltre il metallo: Esplorare tutte le opportunit\u00e0.<\/h4>\n<p>Sebbene il classico deluxe delle nostre targhette in acciaio dorato sia il nostro cavallo di battaglia, siamo consapevoli che diversi lavori richiedono prodotti diversi. Per soddisfare al meglio le vostre esigenze innovative, offriamo anche la creazione di etichette personalizzate in acrilico di alta qualit\u00e0. L'acrilico \u00e8 un'opzione leggera, flessibile e vivace, ideale per i progetti in cui il peso \u00e8 un problema o si desidera una tonalit\u00e0 dinamica.<\/p>\n<h4 id=\"a-smooth-personalization-experience-\">Un'esperienza di personalizzazione senza problemi.<\/h4>\n<p>Dare vita alla vostra visione \u00e8 il nostro entusiasmo. Il nostro processo di impaginazione \u00e8 comune e semplice:.<\/p>\n<ol>\n<li><strong>Condividete la vostra visione:\u00a0<\/strong>Forniteci il design del vostro logo, il testo, la scelta del carattere o il principio del design.<\/li>\n<li><strong>Scegliete le vostre specifiche:\u00a0<\/strong>Selezionare il prodotto consigliato (acciaio o acrilico), la finitura, le dimensioni, la forma e il design degli accessori (fori, feritoie, ecc.).<\/li>\n<li><strong>Approvare il progetto:\u00a0<\/strong>Creeremo sicuramente una prova elettronica per la vostra revisione, assicurandoci che ogni informazione sia ottimale prima dell'inizio della produzione.<\/li>\n<li><strong>Ricevete il vostro capolavoro:\u00a0<\/strong>Realizziamo meticolosamente le vostre etichette personalizzate e ve le forniamo, pronte per abbellire le vostre creazioni.<\/li>\n<\/ol>\n<h4 id=\"the-last-word-in-high-quality-\">L'ultima parola in alta qualit\u00e0.<\/h4>\n<p>Il vostro marchio merita pi\u00f9 di un'etichetta stampata. I vostri regali meritano pi\u00f9 di un cartellino non riutilizzabile. Le nostre etichette personalizzate in acciaio dorato di alta qualit\u00e0 sono un investimento finanziario in comprensione, una dedizione alla massima qualit\u00e0 e un evento di identit\u00e0. Sono le piccole informazioni che fanno la differenza.<\/p>\n<p>Permetteteci di aiutarvi a lasciare il segno. Contattate il nostro gruppo oggi stesso per iniziare a creare la targhetta personalizzata che racconter\u00e0 la vostra storia per molti anni a venire. Trasformate la normalit\u00e0 in straordinariet\u00e0 e lasciate che la vostra qualit\u00e0 risplenda.<\/p>","protected":false},"excerpt":{"rendered":"<p>Elevate il vostro marchio con le nostre etichette personalizzate in metallo dorato. Perfetti per aggiungere una finitura professionale di alto livello a capi di abbigliamento, borse e accessori. Scegliete tra gli eleganti stili incisi o i moderni ritagli per mostrare perfettamente il vostro logo. Resistenti, sofisticati e di ottima fattura.<\/p>","protected":false},"featured_media":1349,"template":"","meta":{"_kad_post_transparent":"default","_kad_post_title":"","_kad_post_layout":"default","_kad_post_sidebar_id":"","_kad_post_content_style":"default","_kad_post_vertical_padding":"default","_kad_post_feature":"","_kad_post_feature_position":"","_kad_post_header":false,"_kad_post_footer":false,"_kad_post_classname":""},"product_brand":[],"product_cat":[18],"product_tag":[51],"class_list":{"0":"post-1346","1":"product","2":"type-product","3":"status-publish","4":"has-post-thumbnail","6":"product_cat-custom-acrylic-signs","7":"product_tag-custom-acrylic-signs","9":"first","10":"instock","11":"shipping-taxable","12":"product-type-simple","13":"entry","14":"content-bg","15":"loop-entry"},"_links":{"self":[{"href":"https:\/\/customacrylicproduct.com\/it\/wp-json\/wp\/v2\/product\/1346","targetHints":{"allow":["GET"]}}],"collection":[{"href":"https:\/\/customacrylicproduct.com\/it\/wp-json\/wp\/v2\/product"}],"about":[{"href":"https:\/\/customacrylicproduct.com\/it\/wp-json\/wp\/v2\/types\/product"}],"wp:featuredmedia":[{"embeddable":true,"href":"https:\/\/customacrylicproduct.com\/it\/wp-json\/wp\/v2\/media\/1349"}],"wp:attachment":[{"href":"https:\/\/customacrylicproduct.com\/it\/wp-json\/wp\/v2\/media?parent=1346"}],"wp:term":[{"taxonomy":"product_brand","embeddable":true,"href":"https:\/\/customacrylicproduct.com\/it\/wp-json\/wp\/v2\/product_brand?post=1346"},{"taxonomy":"product_cat","embeddable":true,"href":"https:\/\/customacrylicproduct.com\/it\/wp-json\/wp\/v2\/product_cat?post=1346"},{"taxonomy":"product_tag","embeddable":true,"href":"https:\/\/customacrylicproduct.com\/it\/wp-json\/wp\/v2\/product_tag?post=1346"}],"curies":[{"name":"wp","href":"https:\/\/api.w.org\/{rel}","templated":true}]}}