{"id":1382,"date":"2025-07-21T03:23:33","date_gmt":"2025-07-21T03:23:33","guid":{"rendered":"https:\/\/customacrylicproduct.com\/?post_type=product&#038;p=1382"},"modified":"2025-07-21T03:23:33","modified_gmt":"2025-07-21T03:23:33","slug":"acrylic-cosmetic-makeup-products-display-holder-wholesales","status":"publish","type":"product","link":"https:\/\/customacrylicproduct.com\/it\/acrylic-cosmetic-makeup-products-display-holder-wholesales\/","title":{"rendered":"Supporto acrilico dell'esposizione dei prodotti di trucco cosmetici all'ingrosso"},"content":{"rendered":"<h3 id=\"-the-apex-of-beauty-introducing-the-suisuale-gold-onyx-acrylic-aesthetic-present-owner-\"><strong>L'apice della bellezza: Presentazione del regalo estetico Suisuale\u00ae Oro e Onice in acrilico<\/strong><\/h3>\n<p>Nel mondo dei cosmetici, accessibile e guidato dalla vista, la discussione non \u00e8 solo essenziale, ma \u00e8 ogni cosa. Il modo in cui un prodotto viene mostrato \u00e8 la prima conversazione che ha con un possibile cliente. Si parla di qualit\u00e0, di fascia alta e di valore prima ancora di aprire un solo coperchio. Siamo lieti di presentare un'opzione espositiva che non si limita a contenere i vostri articoli, ma li eleva a opere d'arte: Il Portaoggetti cosmetico polimerico Suisuale \u00ae Gold &amp; Onyx, ora disponibile per ordini all'ingrosso.<\/p>\n<p>Sviluppato per i marchi di costo, per i rivenditori pi\u00f9 esigenti e per gli amanti del fascino, questo espositore \u00e8 una masterclass nel moderno high-end. \u00c8 pi\u00f9 di un semplice organizer: \u00e8 una fase accuratamente progettata per catturare l'attenzione, migliorare l'identificazione del marchio e creare un'esperienza notevole nel punto vendita.<\/p>\n<p><img fetchpriority=\"high\" decoding=\"async\" class=\"wp-image-1384 size-large aligncenter\" src=\"https:\/\/customacrylicproduct.com\/wp-content\/uploads\/2025\/07\/Acrylic-Cosmetic-Makeup-Products-Display-2-1024x1024.jpg\" alt=\"Esposizione acrilica dei prodotti cosmetici per il trucco (2)\" width=\"1024\" height=\"1024\" srcset=\"https:\/\/customacrylicproduct.com\/wp-content\/uploads\/2025\/07\/Acrylic-Cosmetic-Makeup-Products-Display-2-1024x1024.jpg 1024w, https:\/\/customacrylicproduct.com\/wp-content\/uploads\/2025\/07\/Acrylic-Cosmetic-Makeup-Products-Display-2-300x300.jpg 300w, https:\/\/customacrylicproduct.com\/wp-content\/uploads\/2025\/07\/Acrylic-Cosmetic-Makeup-Products-Display-2-150x150.jpg 150w, https:\/\/customacrylicproduct.com\/wp-content\/uploads\/2025\/07\/Acrylic-Cosmetic-Makeup-Products-Display-2-768x768.jpg 768w, https:\/\/customacrylicproduct.com\/wp-content\/uploads\/2025\/07\/Acrylic-Cosmetic-Makeup-Products-Display-2-1536x1536.jpg 1536w, https:\/\/customacrylicproduct.com\/wp-content\/uploads\/2025\/07\/Acrylic-Cosmetic-Makeup-Products-Display-2-600x600.jpg 600w, https:\/\/customacrylicproduct.com\/wp-content\/uploads\/2025\/07\/Acrylic-Cosmetic-Makeup-Products-Display-2-100x100.jpg 100w, https:\/\/customacrylicproduct.com\/wp-content\/uploads\/2025\/07\/Acrylic-Cosmetic-Makeup-Products-Display-2.jpg 1920w\" sizes=\"(max-width: 1024px) 100vw, 1024px\" \/><\/p>\n<h4 id=\"-a-harmony-of-materials-layout-and-looks-\"><strong>Un'armonia di materiali: Layout e look<\/strong><\/h4>\n<p>L'impatto immediato di questo espositore \u00e8 di una raffinatezza impressionante. Il suo design \u00e8 una sinfonia attentamente bilanciata di 3 prodotti distinti ma unificati, ognuno dei quali \u00e8 stato scelto per le sue caratteristiche visive e funzionali.<\/p>\n<ul>\n<li><strong>Polimero a specchio oro brillante:\u00a0<\/strong>Il cuore dello schermo \u00e8 costituito da un sistema radiante e specchiato in oro. Non si tratta di una semplice tonalit\u00e0 d'oro, ma di una superficie riflettente e brillante che cattura e si diverte con la luce ambientale, sviluppando uno straordinario effetto alone intorno ai prodotti. Questa base dorata trasmette una sensazione di opulenza e di reputazione, collegando immediatamente le cose che accetta al loro alto valore. Gli intermediari rotondi all'interno di questo strato sono lavorati con precisione e i loro bordi brillanti riflettono la luce e aggiungono luminosit\u00e0 all'insieme.<\/li>\n<li><strong>Base nera onice massiccia:\u00a0<\/strong>L'intera struttura \u00e8 sostenuta da una robusta base in acrilico nero opaco. Questo elemento offre un contrasto potente ed elegante con l'oro luminoso. Il suo rivestimento opaco o semilucido assorbe la luce, facendo apparire l'oro e i prodotti sovrastanti molto pi\u00f9 vivaci. Questo strato fondamentale aggiunge peso visivo e sicurezza, garantendo al display una sensazione di solidit\u00e0 e sicurezza. Le linee nette e pulite e gli spigoli vivi della base nera sono espressione di una sensibilit\u00e0 contemporanea e minimalista, che non ha tempo da perdere.<\/li>\n<li><strong>Polimero cristallino:\u00a0<\/strong>Gli strati superiori e il pannello posteriore protettivo sono realizzati in acrilico trasparente di altissima qualit\u00e0. Questo materiale \u00e8 stato scelto per la sua impeccabile trasparenza, che consente di vedere i prodotti da tutte le angolazioni. Lo strato superiore trasparente, con la sua collezione di aperture circolari, crea un affascinante effetto \u201cdrifting\u201d, facendo apparire i cosmetici sospesi nell'aria. I bordi sono lucidati al diamante per ottenere una finitura simile a quella del vetro, per garantire che non ci siano giunture ruvide, ma solo cambiamenti lisci e levigati che emanano la massima qualit\u00e0. Come si vede nell'immagine ravvicinata, la falegnameria \u00e8 impressionante, a testimonianza di una lavorazione superiore.<\/li>\n<\/ul>\n<p>Il pannello posteriore, anch'esso in acrilico cristallino, \u00e8 elegantemente incorniciato da una fragile cornice dorata, che collega l'intero design. Il pannello posteriore svolge numerose funzioni: fornisce una storia pulita e lineare, protegge i prodotti e rappresenta una tela privilegiata per il branding o la messaggistica promozionale.<\/p>\n<p><img decoding=\"async\" class=\"size-full wp-image-1386\" src=\"https:\/\/customacrylicproduct.com\/wp-content\/uploads\/2025\/07\/Acrylic-Cosmetic-Makeup-Products-Display-4.jpg\" alt=\"Esposizione acrilica dei prodotti cosmetici del trucco (4)\" width=\"800\" height=\"800\" srcset=\"https:\/\/customacrylicproduct.com\/wp-content\/uploads\/2025\/07\/Acrylic-Cosmetic-Makeup-Products-Display-4.jpg 800w, https:\/\/customacrylicproduct.com\/wp-content\/uploads\/2025\/07\/Acrylic-Cosmetic-Makeup-Products-Display-4-300x300.jpg 300w, https:\/\/customacrylicproduct.com\/wp-content\/uploads\/2025\/07\/Acrylic-Cosmetic-Makeup-Products-Display-4-150x150.jpg 150w, https:\/\/customacrylicproduct.com\/wp-content\/uploads\/2025\/07\/Acrylic-Cosmetic-Makeup-Products-Display-4-768x768.jpg 768w, https:\/\/customacrylicproduct.com\/wp-content\/uploads\/2025\/07\/Acrylic-Cosmetic-Makeup-Products-Display-4-600x600.jpg 600w, https:\/\/customacrylicproduct.com\/wp-content\/uploads\/2025\/07\/Acrylic-Cosmetic-Makeup-Products-Display-4-100x100.jpg 100w\" sizes=\"(max-width: 800px) 100vw, 800px\" \/><\/p>\n<h4 id=\"-engineered-for-functionality-and-flexibility-\"><strong>Progettato per funzionalit\u00e0 e flessibilit\u00e0<\/strong><\/h4>\n<p>Se la sua bellezza \u00e8 indiscutibile, questo porta-schermo \u00e8 un trionfo di ingegneria funzionale. Ogni elemento del suo design \u00e8 stato infatti attentamente studiato per soddisfare le esigenze di una vasta gamma di articoli estetici.<\/p>\n<ul>\n<li><strong>Aperture multidimensionali:\u00a0<\/strong>Il display \u00e8 dotato di una serie di proprietari rotondi tagliati con precisione di vari diametri. Questo stile flessibile gli consente di accogliere saldamente un regime completo di cura della pelle o di trucco. Come dimostrato nelle foto con gli articoli Lanc\u00f4me, pu\u00f2 ospitare comodamente qualsiasi cosa, dal sottile contenitore di un siero Advanced G\u00e9nifique al tipo pi\u00f9 ampio di un tonico Hydra Zen, fino ai vasetti pi\u00f9 piccoli di lozione per gli occhi o alle fiale campione. Questa flessibilit\u00e0 la rende una soluzione ideale per esporre linee di prodotti, collezioni regalo o una collezione curata di \u201ceditor's picks\u201d.<\/li>\n<li><strong>Stratificato per la compagnia e la presenza:\u00a0<\/strong>La struttura a pi\u00f9 livelli non \u00e8 solo una scelta estetica. Permette di suddividere e organizzare in modo chiaro i vari articoli, evitando un aspetto disordinato. I prodotti pi\u00f9 alti possono essere posizionati sul retro e quelli pi\u00f9 piccoli sul davanti, in modo che ogni prodotto sia visibile e accessibile. Questo design intelligente guida l'occhio del cliente verso la collezione in una serie razionale e attraente.<\/li>\n<li><strong>Stabilit\u00e0 e longevit\u00e0:\u00a0<\/strong>Il polimero \u00e8 rinomato per essere leggero e incredibilmente resistente, molto pi\u00f9 del vetro. Questo rende il paravento sicuro per gli ambienti di vendita ad alto traffico e molto facile da trasferire e riorganizzare. La solida base garantisce la stabilit\u00e0 su qualsiasi tipo di bancone della cucina, mentre i ritagli di precisione impediscono agli oggetti di rovesciarsi.<\/li>\n<\/ul>\n<p><img decoding=\"async\" class=\"size-full wp-image-1383\" src=\"https:\/\/customacrylicproduct.com\/wp-content\/uploads\/2025\/07\/Acrylic-Cosmetic-Makeup-Products-Display-1.jpg\" alt=\"Esposizione acrilica dei prodotti cosmetici per il trucco (1)\" width=\"800\" height=\"800\" srcset=\"https:\/\/customacrylicproduct.com\/wp-content\/uploads\/2025\/07\/Acrylic-Cosmetic-Makeup-Products-Display-1.jpg 800w, https:\/\/customacrylicproduct.com\/wp-content\/uploads\/2025\/07\/Acrylic-Cosmetic-Makeup-Products-Display-1-300x300.jpg 300w, https:\/\/customacrylicproduct.com\/wp-content\/uploads\/2025\/07\/Acrylic-Cosmetic-Makeup-Products-Display-1-150x150.jpg 150w, https:\/\/customacrylicproduct.com\/wp-content\/uploads\/2025\/07\/Acrylic-Cosmetic-Makeup-Products-Display-1-768x768.jpg 768w, https:\/\/customacrylicproduct.com\/wp-content\/uploads\/2025\/07\/Acrylic-Cosmetic-Makeup-Products-Display-1-600x600.jpg 600w, https:\/\/customacrylicproduct.com\/wp-content\/uploads\/2025\/07\/Acrylic-Cosmetic-Makeup-Products-Display-1-100x100.jpg 100w\" sizes=\"(max-width: 800px) 100vw, 800px\" \/><\/p>\n<h4 id=\"-the-ultimate-branding-and-gifting-solution-\"><strong>La soluzione definitiva per il branding e i regali<\/strong><\/h4>\n<p><strong>Per marchi e rivenditori (all'ingrosso):\u00a0<\/strong>. Questo espositore \u00e8 un efficace dispositivo di servizio. Come rivela il marchio \u201csuisuale \u00ae\u201c sulla parte anteriore, \u00e8 totalmente regolabile. Offriamo ai clienti all'ingrosso la possibilit\u00e0 di rendere questo layout unico nel suo genere.<\/p>\n<ul>\n<li><strong>Combinazione di loghi:\u00a0<\/strong>Incidete o stampate il logo del vostro marchio direttamente sulla base o sul pannello posteriore per migliorare l'identificazione del marchio.<\/li>\n<li><strong>Stili di colore e finiture personalizzate:\u00a0<\/strong>Sebbene il mix di oro e nero sia tradizionale, possiamo esplorare varianti di colore personalizzate per adattarsi completamente all'estetica del vostro marchio.<\/li>\n<li><strong>Capacit\u00e0 su misura:\u00a0<\/strong>Avete bisogno di uno schermo pi\u00f9 grande per un'intera gamma di prodotti o di uno pi\u00f9 piccolo per un articolo funzionale? Possiamo collaborare con voi per riadattare le dimensioni e i ritagli per soddisfare le vostre esigenze.<\/li>\n<\/ul>\n<p>In un ambiente di vendita al dettaglio, questo schermo funziona come un rappresentante di vendita silenzioso. Attira i consumatori, mette in evidenza la natura pregiata dei vostri articoli e incoraggia la comunicazione, favorendo le vendite. \u00c8 ideale per i banconi dei grandi magazzini, per gli scaffali delle boutique, per le aree funzionali dei saloni di bellezza e per i cubicoli delle convention specializzate.<\/p>\n<p><strong>Da regalare:\u00a0<\/strong>. Il titolo \u201cRegali per il proprietario di prodotti cosmetici acrilici per il trucco\u201d \u00e8 particolarmente adatto. Questo articolo \u00e8 il regalo supremo di lusso economico per l'amante del fascino nella vostra vita.<\/p>\n<ul>\n<li><strong>Il coordinatore perfetto:\u00a0<\/strong>Per chi ha una collezione preziosa di prodotti per la cura della pelle o per il trucco, questo paravento trasforma il disordinato vanity in un'area magnificamente curata e organizzata.<\/li>\n<li><strong>Una dichiarazione di eleganza:\u00a0<\/strong>\u00c8 un oggetto decorativo a s\u00e9 stante, che aggiunge un tocco di stile di alto livello alla camera da letto, alla doccia o al guardaroba.<\/li>\n<li><strong>Un presente riflessivo e duraturo:\u00a0<\/strong>A differenza dei cosmetici stessi, questo proprietario \u00e8 un regalo che verr\u00e0 utilizzato e apprezzato per diversi anni, un ricordo costante di un gesto premuroso.<\/li>\n<\/ul>\n<h4 id=\"-conclusion-an-investment-in-excellence-\"><strong>Conclusione: Un investimento nell'eccellenza<\/strong><\/h4>\n<p>Il portapresenze estetico Suisuale\u00ae Gold &amp; Onyx Acrylic \u00e8 molto pi\u00f9 di un semplice prodotto: \u00e8 un investimento finanziario nell'immagine del vostro marchio e nell'esperienza dei vostri clienti. \u00c8 il luogo in cui una maestria superiore si sposa con uno stile intelligente e un'estetica sontuosa. Offrendo i vostri prodotti in un supporto che rispecchia la loro alta qualit\u00e0, fate una dichiarazione forte.<\/p>\n<p>Scegliete questo schermo per trasformare la vostra area di vendita al dettaglio, per sviluppare un merchandising estetico spettacolare o per fare un regalo di stile ineguagliabile. Chiamateci oggi stesso per discutere le vostre esigenze di vendita all'ingrosso e scoprire come possiamo aiutarvi a esporre i vostri articoli nella luce che meritano.<\/p>","protected":false},"excerpt":{"rendered":"<p class=\"ng-star-inserted\"><span class=\"ng-star-inserted\">Mettete in mostra i prodotti con stile grazie a questo espositore per cosmetici in acrilico di alta qualit\u00e0. \u00c8 dotato di una lussuosa base a specchio dorata, di un'elegante cornice nera e di fessure su misura per organizzare elegantemente la cura della pelle e il trucco. Ideale per i banchi di vendita al dettaglio e le vanit\u00e0. Disponibile all'ingrosso.<\/span><\/p>","protected":false},"featured_media":1384,"template":"","meta":{"_kad_post_transparent":"default","_kad_post_title":"","_kad_post_layout":"default","_kad_post_sidebar_id":"","_kad_post_content_style":"default","_kad_post_vertical_padding":"default","_kad_post_feature":"","_kad_post_feature_position":"","_kad_post_header":false,"_kad_post_footer":false,"_kad_post_classname":""},"product_brand":[],"product_cat":[15],"product_tag":[144],"class_list":{"0":"post-1382","1":"product","2":"type-product","3":"status-publish","4":"has-post-thumbnail","6":"product_cat-custom-acrylic-displays","7":"product_tag-acrylic-cosmetic-makeup-products-display","9":"first","10":"instock","11":"shipping-taxable","12":"product-type-simple","13":"entry","14":"content-bg","15":"loop-entry"},"_links":{"self":[{"href":"https:\/\/customacrylicproduct.com\/it\/wp-json\/wp\/v2\/product\/1382","targetHints":{"allow":["GET"]}}],"collection":[{"href":"https:\/\/customacrylicproduct.com\/it\/wp-json\/wp\/v2\/product"}],"about":[{"href":"https:\/\/customacrylicproduct.com\/it\/wp-json\/wp\/v2\/types\/product"}],"wp:featuredmedia":[{"embeddable":true,"href":"https:\/\/customacrylicproduct.com\/it\/wp-json\/wp\/v2\/media\/1384"}],"wp:attachment":[{"href":"https:\/\/customacrylicproduct.com\/it\/wp-json\/wp\/v2\/media?parent=1382"}],"wp:term":[{"taxonomy":"product_brand","embeddable":true,"href":"https:\/\/customacrylicproduct.com\/it\/wp-json\/wp\/v2\/product_brand?post=1382"},{"taxonomy":"product_cat","embeddable":true,"href":"https:\/\/customacrylicproduct.com\/it\/wp-json\/wp\/v2\/product_cat?post=1382"},{"taxonomy":"product_tag","embeddable":true,"href":"https:\/\/customacrylicproduct.com\/it\/wp-json\/wp\/v2\/product_tag?post=1382"}],"curies":[{"name":"wp","href":"https:\/\/api.w.org\/{rel}","templated":true}]}}