{"id":1407,"date":"2025-07-21T04:20:16","date_gmt":"2025-07-21T04:20:16","guid":{"rendered":"https:\/\/customacrylicproduct.com\/?post_type=product&#038;p=1407"},"modified":"2025-07-21T06:29:46","modified_gmt":"2025-07-21T06:29:46","slug":"high-end-customized-acrylic-crafts-with-built-in-logo-plate","status":"publish","type":"product","link":"https:\/\/customacrylicproduct.com\/it\/high-end-customized-acrylic-crafts-with-built-in-logo-plate\/","title":{"rendered":"Mestieri acrilici personalizzati di alto livello con piastra di logo incorporata"},"content":{"rendered":"<h3 id=\"-celebrate-your-minutes-the-art-of-high-end-customized-acrylic-keepsakes-\"><strong>Celebrate Your Minutes: L'arte dei ricordi in acrilico personalizzati di alta gamma<\/strong><\/h3>\n<p>In un mondo di ricordi elettronici fugaci e di mode non riutilizzabili, cresce l'esigenza di qualcosa di tangibile, classico e profondamente individuale. Cerchiamo oggetti che non solo catturino un momento, ma che ne conservino il significato, trasformando un ricordo in una testimonianza fisica che possa essere tenuta, presentata e custodita per tutta la vita. \u00c8 da questa esigenza che nasce la nostra collezione di oggetti artigianali in acrilico su misura di alta gamma, un'eccellente combinazione di arte moderna, personalizzazione su misura ed eccezionale qualit\u00e0.<\/p>\n<p>Non si tratta di semplici scatole o contenitori, ma di scrigni cristallini per le vostre storie pi\u00f9 preziose, pensati per trasformare l'atto del regalare e del ricordare in un'arte.<\/p>\n<p><img fetchpriority=\"high\" decoding=\"async\" class=\"size-full wp-image-1409\" src=\"https:\/\/customacrylicproduct.com\/wp-content\/uploads\/2025\/07\/Customized-Acrylic-Crafts-2.jpg\" alt=\"Artigianato acrilico personalizzato (2)\" width=\"800\" height=\"800\" srcset=\"https:\/\/customacrylicproduct.com\/wp-content\/uploads\/2025\/07\/Customized-Acrylic-Crafts-2.jpg 800w, https:\/\/customacrylicproduct.com\/wp-content\/uploads\/2025\/07\/Customized-Acrylic-Crafts-2-300x300.jpg 300w, https:\/\/customacrylicproduct.com\/wp-content\/uploads\/2025\/07\/Customized-Acrylic-Crafts-2-150x150.jpg 150w, https:\/\/customacrylicproduct.com\/wp-content\/uploads\/2025\/07\/Customized-Acrylic-Crafts-2-768x768.jpg 768w, https:\/\/customacrylicproduct.com\/wp-content\/uploads\/2025\/07\/Customized-Acrylic-Crafts-2-600x600.jpg 600w, https:\/\/customacrylicproduct.com\/wp-content\/uploads\/2025\/07\/Customized-Acrylic-Crafts-2-100x100.jpg 100w\" sizes=\"(max-width: 800px) 100vw, 800px\" \/><\/p>\n<h4 id=\"-the-essence-of-modern-elegance-the-purity-of-costs-acrylic-\"><strong>L'essenza dell'eleganza moderna: La purezza dell'acrilico Costs<\/strong><\/h4>\n<p>Il cuore di ogni sviluppo \u00e8 il materiale stesso: un eccezionale grado di acrilico cristallino. Solitamente non considerato come vetro per la sua qualit\u00e0 ottica incontaminata, questo polimero costa molto di pi\u00f9. Possiede una qualit\u00e0 luminosa che registra e rifrange la luce, creando uno schermo spettacolare che migliora la bellezza di tutto ci\u00f2 che contiene. A differenza del vetro, \u00e8 resistente ai frantumi e notevolmente durevole, garantendo che il vostro ricordo rimanga perfetto per generazioni.<\/p>\n<p>Ogni pezzo \u00e8 accuratamente ricavato da un solido blocco di acrilico, che gli conferisce un peso consistente e lussuoso che si sente davvero nelle mani. I bordi non sono semplicemente tagliati, ma sono lucidati al diamante fino a ottenere un rivestimento liscio, simile a quello del vetro, eliminando ogni spigolosit\u00e0 e producendo una forma fluida e senza soluzione di continuit\u00e0. Che si scelga la grazia contemporanea e geometrica del nostro design esagonale o l'icona universale e incantevole del cuore, la forma \u00e8 realizzata con una precisione che parla di un profondo impegno artigianale.<\/p>\n<p>Questa estetica minimale \u00e8 la tela perfetta. Le sue linee pulite e la sua natura chiara non entrano in competizione con i vostri oggetti di valore, ma li incorniciano, attirando lo sguardo all'interno e ponendo l'accento sulla visione che essi rappresentano.<\/p>\n<p><img decoding=\"async\" class=\"size-full wp-image-1410\" src=\"https:\/\/customacrylicproduct.com\/wp-content\/uploads\/2025\/07\/Customized-Acrylic-Crafts-3.jpg\" alt=\"Artigianato acrilico personalizzato (3)\" width=\"800\" height=\"800\" srcset=\"https:\/\/customacrylicproduct.com\/wp-content\/uploads\/2025\/07\/Customized-Acrylic-Crafts-3.jpg 800w, https:\/\/customacrylicproduct.com\/wp-content\/uploads\/2025\/07\/Customized-Acrylic-Crafts-3-300x300.jpg 300w, https:\/\/customacrylicproduct.com\/wp-content\/uploads\/2025\/07\/Customized-Acrylic-Crafts-3-150x150.jpg 150w, https:\/\/customacrylicproduct.com\/wp-content\/uploads\/2025\/07\/Customized-Acrylic-Crafts-3-768x768.jpg 768w, https:\/\/customacrylicproduct.com\/wp-content\/uploads\/2025\/07\/Customized-Acrylic-Crafts-3-600x600.jpg 600w, https:\/\/customacrylicproduct.com\/wp-content\/uploads\/2025\/07\/Customized-Acrylic-Crafts-3-100x100.jpg 100w\" sizes=\"(max-width: 800px) 100vw, 800px\" \/><\/p>\n<h4 id=\"-the-art-of-customization-etching-your-tale-in-crystal-\"><strong>L'arte della personalizzazione: Incidere la propria storia nel cristallo<\/strong><\/h4>\n<p>La magia di questi manufatti in acrilico dipende dalla loro capacit\u00e0 di cambiare. Attraverso un'iscrizione all'avanguardia, trasformiamo un oggetto di stile in un manufatto unico e profondamente personale. \u00c8 qui che la vostra storia rivive.<\/p>\n<p><img decoding=\"async\" class=\"size-full wp-image-1408\" src=\"https:\/\/customacrylicproduct.com\/wp-content\/uploads\/2025\/07\/Customized-Acrylic-Crafts-1.jpg\" alt=\"Artigianato acrilico personalizzato (1)\" width=\"800\" height=\"800\" srcset=\"https:\/\/customacrylicproduct.com\/wp-content\/uploads\/2025\/07\/Customized-Acrylic-Crafts-1.jpg 800w, https:\/\/customacrylicproduct.com\/wp-content\/uploads\/2025\/07\/Customized-Acrylic-Crafts-1-300x300.jpg 300w, https:\/\/customacrylicproduct.com\/wp-content\/uploads\/2025\/07\/Customized-Acrylic-Crafts-1-150x150.jpg 150w, https:\/\/customacrylicproduct.com\/wp-content\/uploads\/2025\/07\/Customized-Acrylic-Crafts-1-768x768.jpg 768w, https:\/\/customacrylicproduct.com\/wp-content\/uploads\/2025\/07\/Customized-Acrylic-Crafts-1-600x600.jpg 600w, https:\/\/customacrylicproduct.com\/wp-content\/uploads\/2025\/07\/Customized-Acrylic-Crafts-1-100x100.jpg 100w\" sizes=\"(max-width: 800px) 100vw, 800px\" \/><\/p>\n<p><strong>Per le pietre miliari individuali:\u00a0<\/strong>. Immaginate una scatola per anelli che non si limiti a contenere l'anello. Come nel nostro capolavoro esagonale, pu\u00f2 contenere le parole che specificano la vostra storia d'amore: \u201cLui ha preso il suo cuore, cos\u00ec lei ha preso il suo cognome\u201d. Non si tratta di un semplice contenitore, ma della prima fase del vostro futuro comune, incisa in modo permanente. Per una cerimonia nuziale, \u00e8 un'opzione contemporanea e degna di nota rispetto al classico cuscino per le fedi. Dopo il \u201clo voglio\u201d, questo cuscino funge da custodia permanente per gli anelli o da grazioso ricordo delle vostre promesse su un comodino o un mobile.<\/p>\n<p>Le possibilit\u00e0 di personalizzazione sono illimitate:.<\/p>\n<ul>\n<li><strong>Nomi e date:\u00a0<\/strong>Onorate un matrimonio, un anniversario o una nascita con un manoscritto elegante.<\/li>\n<li><strong>Citazioni significative:\u00a0<\/strong>Incidete il verso preferito di una poesia, una citazione cinematografica o un concetto individuale.<\/li>\n<li><strong>Voti e garanzie:\u00a0<\/strong>Immortalate le promesse che vi siete fatti reciprocamente.<\/li>\n<li><strong>Iniziali facili:\u00a0<\/strong>Per un tocco di sobria eleganza senza tempo.<\/li>\n<\/ul>\n<p><strong>Per regali e riconoscimenti aziendali:\u00a0<\/strong>. L'idea della \u201cplacca di design con logo incorporato\u201d viene qui reimmaginata. Al contrario di una placca diversa e collegata, l'identificazione della vostra azienda \u00e8 incorporata direttamente nell'oggetto stesso. Un logo, un motto aziendale o un messaggio di ammirazione possono essere incisi in modo specifico sulla superficie, creando un regalo aziendale sofisticato, degno di nota e che riflette realmente la qualit\u00e0 del vostro marchio.<\/p>\n<p>Utilizzate questi mestieri come:.<\/p>\n<ul>\n<li><strong>Regali per clienti di alto livello:\u00a0<\/strong>Un fermacarte o un dispositivo da scrivania di grande effetto che mantiene il vostro marchio in primo piano.<\/li>\n<li><strong>Premi di riconoscimento per i membri del personale:\u00a0<\/strong>Un simbolo sostanziale di successo che sembra molto pi\u00f9 unico di una targa convenzionale.<\/li>\n<li><strong>Celebrazioni di svolta:\u00a0<\/strong>Festeggiate l'anniversario di matrimonio dell'azienda o un traguardo significativo dell'organizzazione.<\/li>\n<\/ul>\n<h4 id=\"-a-vessel-for-priceless-minutes-versatility-in-application-\"><strong>Un recipiente per minuti inestimabili: Versatilit\u00e0 di applicazione<\/strong><\/h4>\n<p>Sebbene siano un'ottima soluzione per le fedi nuziali, l'utilit\u00e0 di questi oggetti di artigianato in acrilico si estende a ogni minuto sostanziale della vita. Sono fatti per essere contenitori flessibili per qualsiasi piccolo ricordo caro.<\/p>\n<ul>\n<li><strong>Memento Box:\u00a0<\/strong>La prima immagine, con la sua collezione di gemme vibranti, mostra la sua funzione di bella vetrina. Utilizzatela per contenere il primo ricciolo o il dentino perso di un bambino, i petali secchi di una composizione importante, una moneta unica, la sabbia di una vacanza memorabile o qualsiasi tipo di piccolo ornamento che racchiude un universo di significato.<\/li>\n<li><strong>Scatola di gioielli di moda:\u00a0<\/strong>Oltre agli anelli, \u00e8 un'incantevole dimora per un set di gioielli preziosi, un ciondolo delicato o una preziosa collezione di gemelli. Lo stile trasparente consente di apprezzare i gioielli anche quando sono conservati.<\/li>\n<li><strong>Articolo attraente:\u00a0<\/strong>Anche quando \u00e8 vuota, la pura bellezza del tipo acrilico luminoso la rende un pezzo sorprendente dell'arredamento minimalista della casa. Pu\u00f2 essere posizionato su una pila di pubblicazioni, su un caminetto o su una moderna scrivania, aggiungendo un tocco di raffinata bellezza a qualsiasi spazio.<\/li>\n<\/ul>\n<h4 id=\"-uncompromising-high-quality-and-layout-facts-\"><strong>Alta qualit\u00e0 e layout senza compromessi<\/strong><\/h4>\n<p>Ogni elemento dei nostri prodotti artigianali in acrilico \u00e8 stato accuratamente realizzato per garantire un'esperienza individuale superiore. Il dispositivo di chiusura ne \u00e8 un esempio lampante. Come si vede nei pezzi esagonali a parte, utilizziamo piccoli e potenti magneti al neodimio incastonati senza sforzo nell'acrilico. Questo stile innovativo garantisce una chiusura sicura con un'ottima morbidezza.\u00a0<em>clicca\u00a0<\/em>, per evitare che il contenuto sia a rischio. Non ci sono cerniere scomode o chiusure visibili a disturbare l'estetica immacolata, per un design funzionale ed esteticamente puro.<\/p>\n<p>Il vano interno \u00e8 appositamente grigliato per offrire uno spazio specifico ai materiali, impedendo loro di muoversi e aggiungendo un ulteriore livello di profondit\u00e0 estetica. Questo risultato di \u201cscatola nella scatola\u201d migliora l'eleganza tridimensionale del pezzo, rendendolo accattivante da ogni angolazione.<\/p>\n<p><strong>In conclusione: Un regalo che finisce per essere un patrimonio<\/strong><\/p>\n<p>In un mondo che si muove alla velocit\u00e0 della luce, dedicare il tempo necessario a sviluppare un oggetto fisico personalizzato \u00e8 la migliore espressione di cura e premura. I nostri oggetti artigianali in acrilico personalizzati di alta gamma sono pi\u00f9 che semplici regali: sono cimeli pianificati. Sono l'affermazione che un momento, una persona o un impegno meritano di essere mantenuti in una forma chiara, forte e splendida come il sentimento che rappresenta.<\/p>\n<p>Che si tratti di suggerire l'amore della propria vita, di celebrare un anniversario di nozze d'oro, di premiare un prezioso membro del personale o semplicemente di catturare un ricordo di breve durata, queste opere d'arte in acrilico offrono un rimedio elegante e senza et\u00e0. Scegliete la vostra forma, scegliete le vostre parole e producete un oggetto sostanziale della vostra storia che sar\u00e0 sicuramente ammirato e custodito per tutti gli anni a venire.<\/p>","protected":false},"excerpt":{"rendered":"<p class=\"ng-star-inserted\"><span class=\"ng-star-inserted\">Artigianato acrilico personalizzato di alta gamma con robuste chiusure magnetiche. Perfetta come scatola personalizzata per le fedi nuziali, come sofisticato portaoggetti o come regalo aziendale di marca. Le eleganti forme a esagono e a cuore creano un'esposizione moderna e di qualit\u00e0 per gli oggetti pi\u00f9 preziosi.<\/span><\/p>","protected":false},"featured_media":1409,"template":"","meta":{"_kad_post_transparent":"default","_kad_post_title":"","_kad_post_layout":"default","_kad_post_sidebar_id":"","_kad_post_content_style":"default","_kad_post_vertical_padding":"default","_kad_post_feature":"","_kad_post_feature_position":"","_kad_post_header":false,"_kad_post_footer":false,"_kad_post_classname":""},"product_brand":[],"product_cat":[20],"product_tag":[146],"class_list":{"0":"post-1407","1":"product","2":"type-product","3":"status-publish","4":"has-post-thumbnail","6":"product_cat-custom-acrylic-crafts","7":"product_tag-customized-acrylic-crafts","9":"first","10":"instock","11":"shipping-taxable","12":"product-type-simple","13":"entry","14":"content-bg","15":"loop-entry"},"_links":{"self":[{"href":"https:\/\/customacrylicproduct.com\/it\/wp-json\/wp\/v2\/product\/1407","targetHints":{"allow":["GET"]}}],"collection":[{"href":"https:\/\/customacrylicproduct.com\/it\/wp-json\/wp\/v2\/product"}],"about":[{"href":"https:\/\/customacrylicproduct.com\/it\/wp-json\/wp\/v2\/types\/product"}],"wp:featuredmedia":[{"embeddable":true,"href":"https:\/\/customacrylicproduct.com\/it\/wp-json\/wp\/v2\/media\/1409"}],"wp:attachment":[{"href":"https:\/\/customacrylicproduct.com\/it\/wp-json\/wp\/v2\/media?parent=1407"}],"wp:term":[{"taxonomy":"product_brand","embeddable":true,"href":"https:\/\/customacrylicproduct.com\/it\/wp-json\/wp\/v2\/product_brand?post=1407"},{"taxonomy":"product_cat","embeddable":true,"href":"https:\/\/customacrylicproduct.com\/it\/wp-json\/wp\/v2\/product_cat?post=1407"},{"taxonomy":"product_tag","embeddable":true,"href":"https:\/\/customacrylicproduct.com\/it\/wp-json\/wp\/v2\/product_tag?post=1407"}],"curies":[{"name":"wp","href":"https:\/\/api.w.org\/{rel}","templated":true}]}}