{"id":1412,"date":"2025-07-21T06:47:41","date_gmt":"2025-07-21T06:47:41","guid":{"rendered":"https:\/\/customacrylicproduct.com\/?post_type=product&#038;p=1412"},"modified":"2025-07-21T06:47:41","modified_gmt":"2025-07-21T06:47:41","slug":"colorful-acrylic-rod-bar-decor-customized-accessories","status":"publish","type":"product","link":"https:\/\/customacrylicproduct.com\/it\/colorful-acrylic-rod-bar-decor-customized-accessories\/","title":{"rendered":"Colorato acrilico Rod Bar Decor accessori personalizzati"},"content":{"rendered":"<h3 id=\"unleash-your-creativity-the-clear-cut-overview-to-colorful-polymer-rods-for-present-decor-and-customized-accessories\">Liberate la vostra creativit\u00e0: Una panoramica chiara sulle aste colorate in polimero per regali, decorazioni e accessori personalizzati<\/h3>\n<p>Entrate in un mondo in cui ombra, luce e tipo si fondono per produrre oggetti di magnifica semplicit\u00e0 e innumerevoli capacit\u00e0. Siamo lieti di presentarvi la nostra collezione premium di aste e pub in polimero colorato, un mezzo funzionale e di una bellezza mozzafiato, creato per ispirare sviluppatori, musicisti, appassionati di bricolage e chiunque abbia un occhio di riguardo per le apparenze moderne. Sia che stiate ideando un pezzo unico di decorazione per la casa, sia che stiate cercando un regalo veramente personalizzato, sia che stiate cercando parti di prima qualit\u00e0 per un lavoro personalizzato, queste aste in acrilico offrono un eccellente mix di durata, bellezza e vivace individualit\u00e0.<\/p>\n<p><img fetchpriority=\"high\" decoding=\"async\" class=\"size-full wp-image-1419\" src=\"https:\/\/customacrylicproduct.com\/wp-content\/uploads\/2025\/07\/Colorful-Acrylic-Rod-3.jpg\" alt=\"Asta acrilica colorata (3)\" width=\"800\" height=\"800\" srcset=\"https:\/\/customacrylicproduct.com\/wp-content\/uploads\/2025\/07\/Colorful-Acrylic-Rod-3.jpg 800w, https:\/\/customacrylicproduct.com\/wp-content\/uploads\/2025\/07\/Colorful-Acrylic-Rod-3-300x300.jpg 300w, https:\/\/customacrylicproduct.com\/wp-content\/uploads\/2025\/07\/Colorful-Acrylic-Rod-3-150x150.jpg 150w, https:\/\/customacrylicproduct.com\/wp-content\/uploads\/2025\/07\/Colorful-Acrylic-Rod-3-768x768.jpg 768w, https:\/\/customacrylicproduct.com\/wp-content\/uploads\/2025\/07\/Colorful-Acrylic-Rod-3-600x600.jpg 600w, https:\/\/customacrylicproduct.com\/wp-content\/uploads\/2025\/07\/Colorful-Acrylic-Rod-3-100x100.jpg 100w\" sizes=\"(max-width: 800px) 100vw, 800px\" \/><\/p>\n<h4 id=\"the-intrinsic-beauty-and-prevalence-of-acrylic\">La bellezza intrinseca e la diffusione dell'acrilico<\/h4>\n<p>Prima di immergersi nella gamma di applicazioni fantasiose, \u00e8 essenziale comprendere il materiale stesso. Le nostre aste sono realizzate in polimetilmetacrilato (PMMA) di alta qualit\u00e0, pi\u00f9 comunemente noto come acrilico, plexiglass o lucite. Questo eccezionale policarbonato \u00e8 famoso per le sue propriet\u00e0 che spesso superano quelle di prodotti tipici come il vetro.<\/p>\n<p>In primo luogo \u00e8 il suo\u00a0<strong>qualit\u00e0 ottica\u00a0<\/strong>. Come si vede nelle nostre aste cristalline e con bolle d'aria, il materiale ha una trasmittanza luminosa di ben 92%, che lo rende pi\u00f9 chiaro del vetro. Ci\u00f2 consente alla luce di attraversare il materiale e di interagire con esso in modo accattivante, creando irradiazioni luminose e grandi riflessi. A differenza del vetro, che pu\u00f2 avere un colore verde, il nostro acrilico trasparente, come mostrato nella terza immagine, \u00e8 bello e incolore, fornendo una base perfetta per un colore puro e non adulterato.<\/p>\n<p>Oltre alla sua bellezza, il polimero \u00e8\u00a0<strong>estremamente resiliente\u00a0<\/strong>. \u00c8 molto pi\u00f9 resistente alla frantumazione rispetto al vetro, il che lo rende un'opzione pi\u00f9 sicura e pratica per un'ampia gamma di applicazioni, tra cui mobili, componenti edili e prodotti in luoghi ad alto traffico. Nonostante la sua resistenza, \u00e8\u00a0<strong>estremamente leggero\u00a0<\/strong>- meno della met\u00e0 del peso del vetro, il che semplifica le operazioni di movimentazione, installazione e consegna. Il materiale \u00e8 inoltre resistente agli agenti atmosferici e mantiene il suo colore e la sua chiarezza nel tempo senza ingiallire, assicurando che le vostre creazioni rimangano vivaci per molti anni.<\/p>\n<p><img decoding=\"async\" class=\"size-full wp-image-1420\" src=\"https:\/\/customacrylicproduct.com\/wp-content\/uploads\/2025\/07\/Colorful-Acrylic-Rod-4.jpg\" alt=\"Asta acrilica colorata (4)\" width=\"750\" height=\"750\" srcset=\"https:\/\/customacrylicproduct.com\/wp-content\/uploads\/2025\/07\/Colorful-Acrylic-Rod-4.jpg 750w, https:\/\/customacrylicproduct.com\/wp-content\/uploads\/2025\/07\/Colorful-Acrylic-Rod-4-300x300.jpg 300w, https:\/\/customacrylicproduct.com\/wp-content\/uploads\/2025\/07\/Colorful-Acrylic-Rod-4-150x150.jpg 150w, https:\/\/customacrylicproduct.com\/wp-content\/uploads\/2025\/07\/Colorful-Acrylic-Rod-4-600x600.jpg 600w, https:\/\/customacrylicproduct.com\/wp-content\/uploads\/2025\/07\/Colorful-Acrylic-Rod-4-100x100.jpg 100w\" sizes=\"(max-width: 750px) 100vw, 750px\" \/><\/p>\n<h4 id=\"a-cosmos-of-modification-within-your-reaches\">Un cosmo di modifiche a portata di mano<\/h4>\n<p>La magia della nostra collezione di bastoni in acrilico dipende dal suo impareggiabile potenziale di personalizzazione. Il nostro team crede che la vostra visione non debba essere limitata da articoli fuori serie. Ecco perch\u00e9 forniamo una serie dettagliata di alternative per dare vita alle vostre idee uniche.<\/p>\n<p><strong>1. Uno spettro abbagliante di stili di colore:\u00a0<\/strong>. Come mostrato nelle nostre immagini, offriamo una fantastica variet\u00e0 di colori forti e traslucidi. Da un arancione intenso e un rosso incandescente a un profondo blu zaffiro, un verde elettrico, un viola abbondante e un giallo solare, i nostri pali sono infusi di ombra all'interno. Non si tratta di una vernice superficiale o di un film economico: il pigmento viene incorporato direttamente nell'acrilico durante il processo di stesura, assicurando una tonalit\u00e0 uniforme, profonda e luminescente che non si scheggia o sbiadisce. La prima foto, con il suo programma arcobaleno di barre lunghe e sottili, illustra perfettamente la vivacit\u00e0 che si pu\u00f2 prevedere. Offriamo anche il tradizionale trasparente e un bianco opaco simile al latte per design ancora pi\u00f9 minimali o diversi. Avete bisogno di un colore particolare che si adatti all'identificazione del vostro marchio o alla vostra palette di interni? Per i progetti pi\u00f9 ampi, possiamo concordare con voi l'abbinamento personalizzato dei colori.<\/p>\n<p><strong>2. Personalizzato in base alle vostre misure:\u00a0<\/strong>. Il pensiero creativo non conosce una sola dimensione. Le immagini proposte mostrano l'adattabilit\u00e0 della forma, dalle aste lunghe ed eleganti, ideali per gli accenti decorativi, ai tubi corti e significativi della seconda foto, che possono servire come basi resistenti o blocchi scultorei. Possiamo personalizzare sia le dimensioni che la lunghezza delle aste secondo le vostre esatte indicazioni. Che abbiate bisogno di bacchette sottili e delicate per un mobile, di pilastri spessi per le gambe dei mobili o di segmenti esattamente ridotti per le parti industriali, la nostra procedura di produzione consente una precisione straordinaria.<\/p>\n<p><strong>3. Risultati interni unici per aggiungere l'elemento \u201cWow\u201d:\u00a0<\/strong>. Per chi \u00e8 alla ricerca di qualcosa di veramente straordinario, offriamo interessanti impatti interni. La nostra alternativa pi\u00f9 popolare, evidenziata nella quarta foto, \u00e8 il \u201cpalo a bolle\u201d. Introducendo abilmente bolle d'aria durante il processo di produzione, creiamo un motivo dinamico e spumeggiante all'interno dell'acrilico solido. Queste bolle catturate interagiscono con la luce, diffondendola per sviluppare un risultato scintillante e vivace che aggiunge struttura e intrigo visivo. Questo design \u00e8 eccellente per apparecchi di illuminazione, giochi d'acqua e opere d'arte in cui si desidera produrre un senso di attivit\u00e0 e giocosit\u00e0.<\/p>\n<p><img decoding=\"async\" class=\"size-full wp-image-1418\" src=\"https:\/\/customacrylicproduct.com\/wp-content\/uploads\/2025\/07\/Colorful-Acrylic-Rod-2.jpg\" alt=\"Asta acrilica colorata (2)\" width=\"750\" height=\"750\" srcset=\"https:\/\/customacrylicproduct.com\/wp-content\/uploads\/2025\/07\/Colorful-Acrylic-Rod-2.jpg 750w, https:\/\/customacrylicproduct.com\/wp-content\/uploads\/2025\/07\/Colorful-Acrylic-Rod-2-300x300.jpg 300w, https:\/\/customacrylicproduct.com\/wp-content\/uploads\/2025\/07\/Colorful-Acrylic-Rod-2-150x150.jpg 150w, https:\/\/customacrylicproduct.com\/wp-content\/uploads\/2025\/07\/Colorful-Acrylic-Rod-2-600x600.jpg 600w, https:\/\/customacrylicproduct.com\/wp-content\/uploads\/2025\/07\/Colorful-Acrylic-Rod-2-100x100.jpg 100w\" sizes=\"(max-width: 750px) 100vw, 750px\" \/><\/p>\n<h4 id=\"motivation-unleashed-a-world-of-applications-\">Motivazione scatenata: Un mondo di applicazioni<\/h4>\n<p>L'adattabilit\u00e0 di questi pali acrilici personalizzati li rende adatti a una serie quasi infinita di attivit\u00e0. Di seguito sono riportati semplicemente un paio di concetti per ottenere la trasformazione dei vostri ingranaggi immaginativi:.<\/p>\n<ul>\n<li><strong>Progettazione architettonica e di interni:\u00a0<\/strong>Elevate qualsiasi spazio con elementi acrilici personalizzati. Pensate a balaustre per scale luminescenti che catturano il sole del mattino, a vivaci divisori di aree che specificano le zone senza bloccare la luce, o a tiranti per armadietti e accessori snelli e vivaci che danno un tocco di contemporaneit\u00e0 a una cucina o a un bagno.<\/li>\n<li><strong>Design dei mobili:\u00a0<\/strong>Create arredi magnifici e contemporanei. Utilizzate aste spesse, trasparenti o colorate come gambe di tavoli che danno l'impressione di essere alla deriva. Incorporatele negli schienali delle sedie, nelle testiere o come accenti ornamentali sulle scaffalature per ottenere un aspetto di alto livello e su misura.<\/li>\n<li><strong>Vendita al dettaglio e visual merchandising:\u00a0<\/strong>Fate risaltare i vostri articoli. Queste aste sono eccellenti per sviluppare espositori di prodotti accattivanti, segnaletica su misura e allestimenti di punti vendita. I loro colori vivaci e le loro propriet\u00e0 luminose, residenziali o commerciali, attirano i clienti ed elevano il valore del prodotto.<\/li>\n<li><strong>Arte e scultura:\u00a0<\/strong>Per l'artista, questi pali sono uno strumento da sogno. \u00c8 possibile creare sculture interattive con la luce, sviluppare installazioni massicce che giocano con il colore e la trasparenza o utilizzare elementi tagliati per complesse opere in stile mosaico. I pali a bolle d'aria sono particolarmente efficaci per creare opere che stimolano le sensazioni dell'acqua, dell'aria o del cosmo.<\/li>\n<li><strong>Regali personalizzati e progetti fai-da-te:\u00a0<\/strong>\u00c8 qui che si irradia la vera personalizzazione.<\/li>\n<li><strong>Onorificenze e trofei personalizzati:\u00a0<\/strong>Create un premio unico incidendo un'asta trasparente o colorata.<\/li>\n<li><strong>Portagioie preziosi:\u00a0<\/strong>Una serie di aste corte e colorate pu\u00f2 essere posizionata su una base per produrre un grazioso e funzionale supporto per anelli e bracciali.<\/li>\n<li><strong>Parti per hobbisti:\u00a0<\/strong>Utilizzateli come impugnature per strumenti personalizzati, basi per versioni o componenti per l'arte cinetica.<\/li>\n<li><strong>Stile Wayward:\u00a0<\/strong>Create dei vivaci \u201cbastoncini magici\u201d per l'area dei bambini, sviluppate un mobile appeso o realizzate una mensola per asciugamani unica nel suo genere.<\/li>\n<\/ul>\n<h4 id=\"our-commitment-to-top-quality-\">Il nostro impegno per la massima qualit\u00e0<\/h4>\n<p>Ogni asta in acrilico che creiamo \u00e8 una testimonianza del nostro impegno per la qualit\u00e0. Utilizziamo solo PMMA vergine di prima qualit\u00e0 per garantire la massima qualit\u00e0 e resistenza. Ogni asta \u00e8 realizzata meticolosamente, sia che si tratti di una tinta unita, di una barra cristallina o di un'asta a bolle intricata. La nostra procedura di taglio \u00e8 precisa e possiamo fornire aste con un lato lucidato alla fiamma, simile al vetro, o con una finitura ordinata e opaca tagliata a sega, a seconda delle vostre esigenze.<\/p>\n<p>La vostra creativit\u00e0 \u00e8 l'unico progetto di cui avete bisogno. Siamo qui per essere i vostri partner nella produzione, fornendovi prodotti di alta qualit\u00e0 che trasformeranno i vostri principi in realt\u00e0 sostanziali e belle.<\/p>\n<p><strong>Scoprite le opportunit\u00e0 oggi stesso. Contattate il nostro gruppo per esaminare il vostro lavoro, richiedere un preventivo o ottenere un esempio. Sviluppiamo insieme qualcosa di brillante.\u00a0<\/strong>.<\/p>","protected":false},"excerpt":{"rendered":"<p class=\"ng-star-inserted\"><span class=\"ng-star-inserted\">Scoprite le aste in acrilico di alta qualit\u00e0! Scegliete tra una vasta gamma di colori vivaci, trasparenti o accattivanti disegni a bolle. Perfette per decorazioni personalizzate, accenti architettonici e progetti creativi di bricolage.<\/span><\/p>","protected":false},"featured_media":1419,"template":"","meta":{"_kad_post_transparent":"default","_kad_post_title":"","_kad_post_layout":"default","_kad_post_sidebar_id":"","_kad_post_content_style":"default","_kad_post_vertical_padding":"default","_kad_post_feature":"","_kad_post_feature_position":"","_kad_post_header":false,"_kad_post_footer":false,"_kad_post_classname":""},"product_brand":[],"product_cat":[23],"product_tag":[147],"class_list":{"0":"post-1412","1":"product","2":"type-product","3":"status-publish","4":"has-post-thumbnail","6":"product_cat-custom-acrylic-rods-tubes","7":"product_tag-colorful-acrylic-rod","9":"first","10":"instock","11":"shipping-taxable","12":"product-type-simple","13":"entry","14":"content-bg","15":"loop-entry"},"_links":{"self":[{"href":"https:\/\/customacrylicproduct.com\/it\/wp-json\/wp\/v2\/product\/1412","targetHints":{"allow":["GET"]}}],"collection":[{"href":"https:\/\/customacrylicproduct.com\/it\/wp-json\/wp\/v2\/product"}],"about":[{"href":"https:\/\/customacrylicproduct.com\/it\/wp-json\/wp\/v2\/types\/product"}],"wp:featuredmedia":[{"embeddable":true,"href":"https:\/\/customacrylicproduct.com\/it\/wp-json\/wp\/v2\/media\/1419"}],"wp:attachment":[{"href":"https:\/\/customacrylicproduct.com\/it\/wp-json\/wp\/v2\/media?parent=1412"}],"wp:term":[{"taxonomy":"product_brand","embeddable":true,"href":"https:\/\/customacrylicproduct.com\/it\/wp-json\/wp\/v2\/product_brand?post=1412"},{"taxonomy":"product_cat","embeddable":true,"href":"https:\/\/customacrylicproduct.com\/it\/wp-json\/wp\/v2\/product_cat?post=1412"},{"taxonomy":"product_tag","embeddable":true,"href":"https:\/\/customacrylicproduct.com\/it\/wp-json\/wp\/v2\/product_tag?post=1412"}],"curies":[{"name":"wp","href":"https:\/\/api.w.org\/{rel}","templated":true}]}}