{"id":1421,"date":"2025-07-21T06:58:40","date_gmt":"2025-07-21T06:58:40","guid":{"rendered":"https:\/\/customacrylicproduct.com\/?post_type=product&#038;p=1421"},"modified":"2025-07-21T06:58:41","modified_gmt":"2025-07-21T06:58:41","slug":"custom-acrylic-trophy-employee-inspirational-acrylic-sign-prizes","status":"publish","type":"product","link":"https:\/\/customacrylicproduct.com\/it\/custom-acrylic-trophy-employee-inspirational-acrylic-sign-prizes\/","title":{"rendered":"Trofeo acrilico personalizzato per i dipendenti Segno acrilico ispiratore Premi"},"content":{"rendered":"<h3 id=\"-commemorate-excellence-the-ultimate-collection-of-custom-polymer-trophies-inspirational-awards-\"><strong>Commemorare l'eccellenza: La collezione definitiva di trofei personalizzati in polimero e premi d'ispirazione<\/strong><\/h3>\n<p>Nel panorama del lavoro moderno, la moneta pi\u00f9 efficace non \u00e8 solo il compenso, ma il riconoscimento. Riconoscere lo sforzo, la dedizione e gli eccezionali successi dei vostri dipendenti \u00e8 la base di una forza lavoro favorevole, motivata e fedele. Ma come si fa a condividere questo apprezzamento in modo mirato e duraturo, qualcosa che vada oltre una semplice e-mail o un riferimento fugace in una riunione?<\/p>\n<p>Vi presentiamo la nostra prima collezione di\u00a0<strong>Trofei in acrilico personalizzati e premi per i membri del personale che ispirano\u00a0<\/strong>- un servizio avanzato, moderno e sincero sviluppato per onorare le stelle della verit\u00e0 della vostra organizzazione. Allontanatevi dai premi datati e pesanti e date il benvenuto al sofisticato e cristallino splendore dell'acrilico. Queste onorificenze sono molto pi\u00f9 che semplici premi: sono ricordi meravigliosamente realizzati che servono a testimoniare quotidianamente il valore di una persona, a testimoniare i suoi pagamenti e ad essere un'icona efficace di una societ\u00e0 aziendale che celebra i suoi individui.<\/p>\n<p><img fetchpriority=\"high\" decoding=\"async\" class=\"wp-image-1425 size-large aligncenter\" src=\"https:\/\/customacrylicproduct.com\/wp-content\/uploads\/2025\/07\/Custom-Acrylic-Trophy-4-1024x1024.jpg\" alt=\"Trofeo acrilico personalizzato (4)\" width=\"1024\" height=\"1024\" srcset=\"https:\/\/customacrylicproduct.com\/wp-content\/uploads\/2025\/07\/Custom-Acrylic-Trophy-4-1024x1024.jpg 1024w, https:\/\/customacrylicproduct.com\/wp-content\/uploads\/2025\/07\/Custom-Acrylic-Trophy-4-300x300.jpg 300w, https:\/\/customacrylicproduct.com\/wp-content\/uploads\/2025\/07\/Custom-Acrylic-Trophy-4-150x150.jpg 150w, https:\/\/customacrylicproduct.com\/wp-content\/uploads\/2025\/07\/Custom-Acrylic-Trophy-4-768x768.jpg 768w, https:\/\/customacrylicproduct.com\/wp-content\/uploads\/2025\/07\/Custom-Acrylic-Trophy-4-600x600.jpg 600w, https:\/\/customacrylicproduct.com\/wp-content\/uploads\/2025\/07\/Custom-Acrylic-Trophy-4-100x100.jpg 100w, https:\/\/customacrylicproduct.com\/wp-content\/uploads\/2025\/07\/Custom-Acrylic-Trophy-4.jpg 1500w\" sizes=\"(max-width: 1024px) 100vw, 1024px\" \/><\/p>\n<h4 id=\"-unequaled-quality-unforgettable-visibility-\"><strong>Qualit\u00e0 ineguagliabile, visibilit\u00e0 indimenticabile<\/strong><\/h4>\n<p>Ogni onore della nostra collezione inizia con un pezzo di acrilico di ultima generazione, scelto per la sua notevole qualit\u00e0 e resistenza. Questo materiale offre l'eleganza spettacolare e rifrangente del vetro di cristallo, ma con vantaggi eccezionali e contemporanei. \u00c8 resistente ai frantumi, leggero e non ingiallisce nel tempo, assicurando che il vostro gesto di ammirazione rimanga eccellente per molti anni a venire.<\/p>\n<p>Ogni pezzo \u00e8 tagliato con precisione e i suoi lati sono lucidati al diamante fino a ottenere una superficie liscia e luminosa, per un aspetto impeccabile da ogni angolazione. I messaggi motivazionali e i dettagli personalizzati vengono applicati utilizzando tecnologie avanzate di incisione laser e stampa ad alta risoluzione. Questa procedura consente di ottenere messaggi incredibilmente nitidi e grafici vividi che aderiscono in modo permanente all'acrilico, assicurando che non si sbiadiranno, non si staccheranno e non si consumeranno mai. Sostenuto da una base in acrilico robusta e perfettamente bilanciata, ogni trofeo si erge con stabilit\u00e0 e grazia, diventando cos\u00ec un'onorificenza per qualsiasi tipo di scrivania, scaffale o vetrina.<\/p>\n<p><img decoding=\"async\" class=\"wp-image-1424 size-large aligncenter\" src=\"https:\/\/customacrylicproduct.com\/wp-content\/uploads\/2025\/07\/Custom-Acrylic-Trophy-3-1-1024x1024.jpg\" alt=\"Trofeo acrilico personalizzato (3)\" width=\"1024\" height=\"1024\" srcset=\"https:\/\/customacrylicproduct.com\/wp-content\/uploads\/2025\/07\/Custom-Acrylic-Trophy-3-1-1024x1024.jpg 1024w, https:\/\/customacrylicproduct.com\/wp-content\/uploads\/2025\/07\/Custom-Acrylic-Trophy-3-1-300x300.jpg 300w, https:\/\/customacrylicproduct.com\/wp-content\/uploads\/2025\/07\/Custom-Acrylic-Trophy-3-1-150x150.jpg 150w, https:\/\/customacrylicproduct.com\/wp-content\/uploads\/2025\/07\/Custom-Acrylic-Trophy-3-1-768x768.jpg 768w, https:\/\/customacrylicproduct.com\/wp-content\/uploads\/2025\/07\/Custom-Acrylic-Trophy-3-1-600x600.jpg 600w, https:\/\/customacrylicproduct.com\/wp-content\/uploads\/2025\/07\/Custom-Acrylic-Trophy-3-1-100x100.jpg 100w, https:\/\/customacrylicproduct.com\/wp-content\/uploads\/2025\/07\/Custom-Acrylic-Trophy-3-1.jpg 1500w\" sizes=\"(max-width: 1024px) 100vw, 1024px\" \/><\/p>\n<h4 id=\"-a-design-for-each-achievement-a-design-for-every-celebrity-\"><strong>Un design per ogni risultato, un design per ogni celebrit\u00e0<\/strong><\/h4>\n<p>La nostra collezione curata offre una vasta gamma di forme e layout, consentendovi di scoprire l'onorificenza pi\u00f9 adatta a rispecchiare un determinato risultato e la personalit\u00e0 del destinatario.<\/p>\n<ul>\n<li><strong>La serie degli ottagoni tradizionali:\u00a0<\/strong>Segno di tenacia, stabilit\u00e0 e talento complesso, il trofeo ottagono \u00e8 un'opzione classica per una vasta gamma di riconoscimenti. Le sue linee pulite offrono un'ottima tela per i nostri messaggi motivazionali predefiniti, che vanno dritti al cuore del riconoscimento.<\/li>\n<li><strong>\u201d Ottimo lavoro\u201d\u00a0<\/strong>: Abbinato a un'icona di trofeo dorata e scintillante, \u00e8 l'onorificenza perfetta per riconoscere l'impegno costante, il completamento di progetti e l'efficienza affidabile.<\/li>\n<li><strong>\u201d Ben fatto!\u201d\u00a0<\/strong>: Uno stile di luce verde allegro e universalmente riconosciuto che fornisce una spinta piacevole e immediata di rinforzo positivo.<\/li>\n<li><strong>\u201d Incredibile\u201d\u00a0<\/strong>: Fissato con un banner e tre stelle radianti, questo premio \u00e8 riservato a coloro che si sono davvero spinti oltre, fornendo risultati sorprendenti.<\/li>\n<li><strong>\u201d Scuoti\u201d\u00a0<\/strong>: Un metodo sorprendente, contemporaneo e informale per celebrare un dipendente la cui mentalit\u00e0 positiva e le cui notevoli capacit\u00e0 hanno avuto un impatto reale.<\/li>\n<li><strong>\u201d Congratulazioni! Ce l'hai fatta!\u201d\u00a0<\/strong>: Con un'energia celebrativa, questo disegno \u00e8 ideale per segnare le pietre miliari pi\u00f9 importanti, per raggiungere obiettivi entusiasmanti e per raggiungere traguardi significativi.<\/li>\n<li><strong>\u201d Voi fate la differenza\u201d.\u201d\u00a0<\/strong>: Incorniciato da un'elegante corona d'alloro, questo messaggio \u00e8 profondamente significativo per riconoscere un membro del personale la cui influenza e il cui contributo sono percepiti dall'intero gruppo o dall'azienda.<\/li>\n<li><strong>Premio Celebrit\u00e0 Motivazionale:\u00a0<\/strong>Per le vere star dell'intrattenimento, cosa c'\u00e8 di meglio di un'onorificenza a loro dedicata? I nostri trofei per celebrit\u00e0, scolpiti in modo distinto, sono creati non solo per riconoscere un successo, ma anche per onorare l'individuo. Inciso con una bella costellazione di stelle pi\u00f9 piccole, porta con s\u00e9 il messaggio pi\u00f9 ampio:\u00a0<em>\u201d Che possiate essere orgogliosi del lavoro che fate, della persona che siete e della differenza che fate\u201d.\u201d\u00a0<\/em>Questa onorificenza trascende una singola occasione; \u00e8 un tributo alla personalit\u00e0, alla stabilit\u00e0 e all'impatto positivo complessivo di un lavoratore. La sua silhouette creativa e vivace lo rende un oggetto d'arte da scrivania straordinario che motiva la soddisfazione ogni giorno. Offerto separatamente o in confezioni multiple senza problemi, \u00e8 il migliore per i riconoscimenti a livello di squadra.<\/li>\n<li><strong>Lo scudo d'onore:\u00a0<\/strong>Per le distinzioni pi\u00f9 rispettate, il nostro premio a forma di scudo \u00e8 un efficace emblema di onest\u00e0, difesa e risultati differenziati. La sua presenza imponente e senza tempo lo rende il veicolo supremo per un riconoscimento totalmente personalizzato.<\/li>\n<\/ul>\n<p><img decoding=\"async\" class=\"wp-image-1423 size-large aligncenter\" src=\"https:\/\/customacrylicproduct.com\/wp-content\/uploads\/2025\/07\/Custom-Acrylic-Trophy-2-1-1024x1024.jpg\" alt=\"Trofeo acrilico personalizzato (2)\" width=\"1024\" height=\"1024\" srcset=\"https:\/\/customacrylicproduct.com\/wp-content\/uploads\/2025\/07\/Custom-Acrylic-Trophy-2-1-1024x1024.jpg 1024w, https:\/\/customacrylicproduct.com\/wp-content\/uploads\/2025\/07\/Custom-Acrylic-Trophy-2-1-300x300.jpg 300w, https:\/\/customacrylicproduct.com\/wp-content\/uploads\/2025\/07\/Custom-Acrylic-Trophy-2-1-150x150.jpg 150w, https:\/\/customacrylicproduct.com\/wp-content\/uploads\/2025\/07\/Custom-Acrylic-Trophy-2-1-768x768.jpg 768w, https:\/\/customacrylicproduct.com\/wp-content\/uploads\/2025\/07\/Custom-Acrylic-Trophy-2-1-600x600.jpg 600w, https:\/\/customacrylicproduct.com\/wp-content\/uploads\/2025\/07\/Custom-Acrylic-Trophy-2-1-100x100.jpg 100w, https:\/\/customacrylicproduct.com\/wp-content\/uploads\/2025\/07\/Custom-Acrylic-Trophy-2-1.jpg 1500w\" sizes=\"(max-width: 1024px) 100vw, 1024px\" \/><\/p>\n<h4 id=\"-the-power-of-customization-make-it-their-tale-\"><strong>Il potere della personalizzazione: Rendetelo il loro racconto<\/strong><\/h4>\n<p>Il vero cuore della nostra collezione \u00e8 la capacit\u00e0 di produrre un premio completamente diverso. Sebbene le nostre opzioni preconfezionate siano di grande impatto, un premio su misura trasforma un regalo in un caro ricordo. Il nostro premio con scudo completamente personalizzato, e altri modelli, vi permettono di creare un omaggio distintivo definendo:.<\/p>\n<ul>\n<li><strong>Premio personalizzato per il titolo:\u00a0<\/strong>Andare oltre il \u201cMembro del personale del mese\u201d. Create un titolo che specifichi e abbia uno scopo, come \u201cPremio Titano dello Sviluppo\u201d o \u201cCampione dell'Assistenza Clienti 2024\u201d.<\/li>\n<li><strong>Persona chiamata:\u00a0<\/strong>Il nome del destinatario \u00e8 ben visibile, per dargli l'onore personale che si merita.<\/li>\n<li><strong>Discusso il fattore di compensazione:\u00a0<\/strong>\u00c8 qui che avviene la magia. Piuttosto che una banale frase di circostanza, specificate il \u201cperch\u00e9\u201d. Per esempio:\u00a0<em>\u201d Per la vostra notevole gestione nel rilasciare l'incarico di Phoenix in anticipo rispetto alla tabella di marcia\u201d.\u201d\u00a0<\/em>o\u00a0<em>\u201d Per aver continuamente superato gli obiettivi di vendita e per aver fatto da mentore ai nuovi membri del team\u201d.\u201d\u00a0<\/em>Questo particolare convalida il loro contributo speciale in modo efficace.<\/li>\n<li><strong>Giorno opzionale e testo personalizzato:\u00a0<\/strong>Includere il giorno del traguardo per ricordare il minuto, oppure includere un breve messaggio individuale da parte della leadership o del team.<\/li>\n<\/ul>\n<p>Questo profondo grado di modifica garantisce che il destinatario si senta realmente visto e apprezzato, sviluppando un legame emotivo che un premio generico non pu\u00f2 riprodurre.<\/p>\n<h4 id=\"-versatile-for-any-type-of-and-every-occasion-\"><strong>Versatile per ogni tipo e occasione<\/strong><\/h4>\n<p>Queste spettacolari onorificenze in acrilico sono la scelta migliore per una vasta gamma di esigenze di riconoscimento in qualsiasi tipo di mercato o organizzazione:.<\/p>\n<ul>\n<li><strong>Lavoratore del mese, del trimestre o dell'anno\u00a0<\/strong>.<\/li>\n<li><strong>Pietre miliari delle vendite e dell'efficienza\u00a0<\/strong>.<\/li>\n<li><strong>Conclusione del lavoro e successo del gruppo\u00a0<\/strong>.<\/li>\n<li><strong>Anniversari di lavoro e anni di servizio\u00a0<\/strong>.<\/li>\n<li><strong>Vita da pensionati e tributi d'addio\u00a0<\/strong>.<\/li>\n<li><strong>Riconoscimento di gestione e mentorship\u00a0<\/strong>.<\/li>\n<li><strong>Programmi di riconoscimento Peer-to-Peer\u00a0<\/strong>.<\/li>\n<li><strong>Formalit\u00e0 di volontariato e servizio comunitario\u00a0<\/strong>.<\/li>\n<li><strong>Regali di ringraziamento per manager, colleghi e consulenti\u00a0<\/strong>.<\/li>\n<\/ul>\n<p>Che si tratti di un supervisore delle risorse umane che organizza un gala annuale di premiazione, di un leader di un gruppo che intende aumentare gli animi o di un proprietario di una piccola impresa che promuove una societ\u00e0 di riconoscenza, questi trofei sono lo strumento ideale.<\/p>\n<p><strong>Acquistate le vostre persone, un simbolo duraturo di gratitudine<\/strong><\/p>\n<p>Riconoscere i propri dipendenti \u00e8 uno degli investimenti finanziari a pi\u00f9 alto rendimento che si possano fare nella cultura, nell'interazione e nella fidelizzazione dell'azienda. Quando un membro del personale appoggia sulla propria scrivania questo splendido riconoscimento acrilico, non si limita a decorare un'area: serve a indicare in modo coerente e sostanziale che il suo lavoro \u00e8 importante, che le sue iniziative sono viste e che \u00e8 un componente prezioso di un gruppo che ci tiene.<\/p>\n<p>Non lasciate che i pagamenti straordinari svaniscano nella storia. Elevate la vostra ammirazione da un commento passeggero a un onore a lungo termine.<\/p>\n<p><strong>Ordinate oggi stesso i vostri trofei personalizzati in polimero e fornite al vostro gruppo l'icona attraente, individuale e duratura del riconoscimento che si \u00e8 guadagnato.<\/strong><\/p>","protected":false},"excerpt":{"rendered":"<p class=\"ng-star-inserted\"><span class=\"ng-star-inserted\">Riconoscete l'ottimo lavoro svolto con i nostri trofei in acrilico personalizzati. Perfetti per l'apprezzamento dei dipendenti, questi premi e riconoscimenti ispirati possono essere personalizzati con nomi, citazioni e messaggi. Un modo moderno e significativo per celebrare il successo.<\/span><\/p>","protected":false},"featured_media":1422,"template":"","meta":{"_kad_post_transparent":"default","_kad_post_title":"","_kad_post_layout":"default","_kad_post_sidebar_id":"","_kad_post_content_style":"default","_kad_post_vertical_padding":"default","_kad_post_feature":"","_kad_post_feature_position":"","_kad_post_header":false,"_kad_post_footer":false,"_kad_post_classname":""},"product_brand":[],"product_cat":[19],"product_tag":[136],"class_list":{"0":"post-1421","1":"product","2":"type-product","3":"status-publish","4":"has-post-thumbnail","6":"product_cat-custom-acrylic-trophies-awards","7":"product_tag-custom-acrylic-trophy","9":"first","10":"instock","11":"shipping-taxable","12":"product-type-simple","13":"entry","14":"content-bg","15":"loop-entry"},"_links":{"self":[{"href":"https:\/\/customacrylicproduct.com\/it\/wp-json\/wp\/v2\/product\/1421","targetHints":{"allow":["GET"]}}],"collection":[{"href":"https:\/\/customacrylicproduct.com\/it\/wp-json\/wp\/v2\/product"}],"about":[{"href":"https:\/\/customacrylicproduct.com\/it\/wp-json\/wp\/v2\/types\/product"}],"wp:featuredmedia":[{"embeddable":true,"href":"https:\/\/customacrylicproduct.com\/it\/wp-json\/wp\/v2\/media\/1422"}],"wp:attachment":[{"href":"https:\/\/customacrylicproduct.com\/it\/wp-json\/wp\/v2\/media?parent=1421"}],"wp:term":[{"taxonomy":"product_brand","embeddable":true,"href":"https:\/\/customacrylicproduct.com\/it\/wp-json\/wp\/v2\/product_brand?post=1421"},{"taxonomy":"product_cat","embeddable":true,"href":"https:\/\/customacrylicproduct.com\/it\/wp-json\/wp\/v2\/product_cat?post=1421"},{"taxonomy":"product_tag","embeddable":true,"href":"https:\/\/customacrylicproduct.com\/it\/wp-json\/wp\/v2\/product_tag?post=1421"}],"curies":[{"name":"wp","href":"https:\/\/api.w.org\/{rel}","templated":true}]}}