{"id":1426,"date":"2025-07-21T07:08:01","date_gmt":"2025-07-21T07:08:01","guid":{"rendered":"https:\/\/customacrylicproduct.com\/?post_type=product&#038;p=1426"},"modified":"2025-07-21T07:08:01","modified_gmt":"2025-07-21T07:08:01","slug":"custom-cast-acrylic-sheet-ideal-for-crafting-and-displays","status":"publish","type":"product","link":"https:\/\/customacrylicproduct.com\/it\/custom-cast-acrylic-sheet-ideal-for-crafting-and-displays\/","title":{"rendered":"Strato acrilico fuso personalizzato ideale per l'artigianato e le esposizioni"},"content":{"rendered":"<h3 id=\"-unleash-your-creativity-premium-xintao-customized-cast-acrylic-sheets-the-perfect-present-and-material-for-crafting-displays-and-style-\"><strong>Liberate la vostra creativit\u00e0: Lastre acriliche fuse personalizzate Premium XINTAO: il regalo e il materiale perfetto per l'artigianato, le esposizioni e lo stile.<\/strong><\/h3>\n<p>In un mondo in cui l'immaginazione non conosce limiti, il prodotto appropriato pu\u00f2 essere il ponte tra un concetto fugace e un capolavoro sostanziale. Vi presentiamo la tela definitiva per la vostra immaginazione creativa: la nostra collezione di costi di\u00a0<strong>Strati di polimero fuso personalizzati XINTAO\u00a0<\/strong>. Che si tratti di un artigiano che realizza gioielli preziosi su misura, di un designer che prototipa un nuovo prodotto, di un imprenditore locale che sviluppa insegne accattivanti o di un amante del fai-da-te alla ricerca del regalo personalizzato perfetto, queste lastre acriliche offrono un globo di ombra, alta qualit\u00e0 e possibilit\u00e0 illimitate.<\/p>\n<figure id=\"attachment_1429\" aria-describedby=\"caption-attachment-1429\" style=\"width: 800px\" class=\"wp-caption aligncenter\"><img fetchpriority=\"high\" decoding=\"async\" class=\"size-full wp-image-1429\" src=\"https:\/\/customacrylicproduct.com\/wp-content\/uploads\/2025\/07\/Custom-Cast-Acrylic-Sheet-3.jpg\" alt=\"Strato acrilico fuso personalizzato (3)\" width=\"800\" height=\"800\" srcset=\"https:\/\/customacrylicproduct.com\/wp-content\/uploads\/2025\/07\/Custom-Cast-Acrylic-Sheet-3.jpg 800w, https:\/\/customacrylicproduct.com\/wp-content\/uploads\/2025\/07\/Custom-Cast-Acrylic-Sheet-3-300x300.jpg 300w, https:\/\/customacrylicproduct.com\/wp-content\/uploads\/2025\/07\/Custom-Cast-Acrylic-Sheet-3-150x150.jpg 150w, https:\/\/customacrylicproduct.com\/wp-content\/uploads\/2025\/07\/Custom-Cast-Acrylic-Sheet-3-768x768.jpg 768w, https:\/\/customacrylicproduct.com\/wp-content\/uploads\/2025\/07\/Custom-Cast-Acrylic-Sheet-3-600x600.jpg 600w, https:\/\/customacrylicproduct.com\/wp-content\/uploads\/2025\/07\/Custom-Cast-Acrylic-Sheet-3-100x100.jpg 100w\" sizes=\"(max-width: 800px) 100vw, 800px\" \/><figcaption id=\"caption-attachment-1429\" class=\"wp-caption-text\">Strato acrilico fuso personalizzato (3)<strong>st Acrilico: Una base di altissima qualit\u00e0\u00a0<\/strong>.<\/figcaption><\/figure>\n<p>Non tutto l'acrilico \u00e8 equivalente. Le nostre lastre sono realizzate con\u00a0<strong>acrilico fuso\u00a0<\/strong>, \u00e8 una forma superiore di polimetilmetacrilato (PMMA) rinomata per la sua eccezionale qualit\u00e0 e flessibilit\u00e0. A differenza della sua controparte estrusa, l'acrilico colato viene creato versando il monomero liquido in uno stampo, dove polimerizza. Questo processo accurato consente di ottenere un prodotto pi\u00f9 potente, pi\u00f9 stabile e chimicamente pi\u00f9 immune, con un'eccezionale trasparenza ottica.<\/p>\n<p>Cosa significa questo per il vostro lavoro?<\/p>\n<ul>\n<li><strong>Qualit\u00e0 e lucentezza eccezionali:\u00a0<\/strong>L'acrilico fuso possiede una maggiore trasmissione della luce e una superficie abbagliante, simile al vetro, che fa risaltare i colori con una vivacit\u00e0 eccezionale. Come si vede nelle immagini, il rosso intenso e trasparente (# 102) e l'ecologico lime vibrante (# 635) catturano e si divertono con la luce in modo tale da esaltare qualsiasi design.<\/li>\n<li><strong>Lavorabilit\u00e0 superiore:\u00a0<\/strong>\u00c8 qui che l'acrilico colato irradia genuinamente gli artigiani e i produttori. \u00c8 un'opzione eccellente per il taglio e l'incisione laser. Quando viene inciso, produce un'informazione nitida e ordinata, di colore bianco ghiaccio, che si confronta magnificamente con lo sfondo colorato. Inoltre, si riduce in modo eccellente con le seghe, si fora facilmente senza sciogliersi e si pu\u00f2 piegare a caldo in forme complesse con precisione.<\/li>\n<li><strong>Spessore dell'abbigliamento e sicurezza:\u00a0<\/strong>Il processo di colata garantisce una densit\u00e0 estremamente costante in tutta la lastra, fondamentale per i lavori che richiedono un assemblaggio accurato. Inoltre, il materiale \u00e8 privo delle tensioni interne che si riscontrano nell'acrilico estruso, il che lo rende meno soggetto a spaccarsi o a scolorirsi durante la costruzione o quando viene sottoposto a solventi e colle.<\/li>\n<\/ul>\n<p><img decoding=\"async\" class=\"size-full wp-image-1428\" src=\"https:\/\/customacrylicproduct.com\/wp-content\/uploads\/2025\/07\/Custom-Cast-Acrylic-Sheet-2.jpg\" alt=\"Strato acrilico fuso personalizzato (2)\" width=\"800\" height=\"800\" srcset=\"https:\/\/customacrylicproduct.com\/wp-content\/uploads\/2025\/07\/Custom-Cast-Acrylic-Sheet-2.jpg 800w, https:\/\/customacrylicproduct.com\/wp-content\/uploads\/2025\/07\/Custom-Cast-Acrylic-Sheet-2-300x300.jpg 300w, https:\/\/customacrylicproduct.com\/wp-content\/uploads\/2025\/07\/Custom-Cast-Acrylic-Sheet-2-150x150.jpg 150w, https:\/\/customacrylicproduct.com\/wp-content\/uploads\/2025\/07\/Custom-Cast-Acrylic-Sheet-2-768x768.jpg 768w, https:\/\/customacrylicproduct.com\/wp-content\/uploads\/2025\/07\/Custom-Cast-Acrylic-Sheet-2-600x600.jpg 600w, https:\/\/customacrylicproduct.com\/wp-content\/uploads\/2025\/07\/Custom-Cast-Acrylic-Sheet-2-100x100.jpg 100w\" sizes=\"(max-width: 800px) 100vw, 800px\" \/><\/p>\n<h4 id=\"-a-kaleidoscope-of-shade-at-your-fingertips-\"><strong>Un caleidoscopio d'ombra a portata di mano<\/strong><\/h4>\n<p>La vostra visione merita uno schema eccellente. Le nostre lastre acriliche XINTAO sono disponibili in una gamma considerevole di colori mozzafiato, fatti per motivare e realizzare qualsiasi tipo di concetto creativo. Le immagini riportate offrono semplicemente un assaggio di questo mondo vibrante:.<\/p>\n<ul>\n<li><strong>Traslucidi vibranti:\u00a0<\/strong>Immaginate di realizzare magnifici acchiappasole, diffusori di luce colorata o opere d'arte divise. I nostri fogli traslucidi, come il rosso intenso, il blu profondo e il giallo brillante, lasciano passare la luce, producendo un'attraente luminosit\u00e0 colorata.<\/li>\n<li><strong>Colori fortemente opachi:\u00a0<\/strong>Per i lavori che richiedono una tonalit\u00e0 forte e d'impatto, la nostra variet\u00e0 non trasparente \u00e8 perfetta. La collezione offre una vasta gamma di colori, dal nero intenso e avanzato (# 834, P502) al bianco pulito e ordinato, dal rosso potente e senza tempo (# 100) all'ecologico ricco e verdeggiante (# 2092). Sono ottimali per insegne, stand fieristici e qualsiasi applicazione in cui si desideri che la tonalit\u00e0 sia la celebrit\u00e0.<\/li>\n<li><strong>Tinte tenui e finiture smerigliate:\u00a0<\/strong>Oltre alle tonalit\u00e0 vivaci, offriamo una variet\u00e0 di tinte tenui e opzioni ghiacciate che offrono un'estetica elegante e sofisticata, ideale per espositori per la privacy, schermi di fascia alta o versioni per edifici.<\/li>\n<\/ul>\n<p>Ogni foglio \u00e8 contrassegnato da un codice colore speciale (ad esempio, 327, 584, P9T26) e dall'anno di produzione (2023), in modo da poter riordinare con sicurezza la stessa tonalit\u00e0 per i lavori continui. Questo sistema di tinte speciali semplifica lo sviluppo di una collezione di prodotti affidabile e regolare.<\/p>\n<h4 id=\"-infinite-applications-from-pastime-to-expert-\"><strong>Applicazioni infinite: Dal passatempo all'esperto<\/strong><\/h4>\n<p>La flessibilit\u00e0 delle nostre lastre acriliche per attori le rende un materiale essenziale per una grande variet\u00e0 di applicazioni. Ecco alcuni metodi per dare vita alle vostre idee:.<\/p>\n<ul>\n<li><strong>Per gli artigiani e i gioiellieri:\u00a0<\/strong>La natura leggera ma resistente dell'acrilico lo rende ideale per lo sviluppo di gioielli personalizzati. Disegnate e tagliate al laser orecchini elaborati, ciondoli robusti, fermaseno vivaci e anelli unici, eleganti e comodi da indossare.<\/li>\n<li><strong>Per l'azienda e il negozio:\u00a0<\/strong>Fate crescere il nome del vostro marchio con aspetti personalizzati. Create splendidi schermi per il punto vendita, robusti stand per i prodotti, segnaletica professionale per il posto di lavoro, famosi portachiavi per i regali aziendali o pannelli per i menu che siano belli e facili da pulire.<\/li>\n<li><strong>Per gli amanti dell'arredamento e del fai-da-te:\u00a0<\/strong>Personalizzate il vostro spazio abitativo con uno stile su misura. Realizzate targhette speciali per le porte, vivaci tappeti a rotelle per proteggere i vostri mobili, moderne opere d'arte da parete, sofisticati divisori per scaffali o notevoli ornamenti natalizi su misura.<\/li>\n<li><strong>Per i produttori e gli appassionati di tecnologia:\u00a0<\/strong>Il polimero \u00e8 uno dei preferiti nell'area dei produttori. Sviluppate pannelli personalizzati per le custodie dei PC, progettate e tagliate piastre per tastiere uniche o create stanze e luoghi per le vostre attivit\u00e0 digitali. La precisione e la variet\u00e0 di colori consentono di realizzare progetti assolutamente unici.<\/li>\n<li><strong>Per un regalo personalizzato perfetto:\u00a0<\/strong>Non c'\u00e8 niente che dica \u201cci tengo\u201d come un regalo personalizzato. Incidete un messaggio unico su una cornice trasparente, create un set di portachiavi su misura per un gruppo di amici o create un puzzle unico. Questi fogli sono il punto di partenza ideale per regali che saranno apprezzati per anni.<\/li>\n<li><strong>Per la didattica e la prototipazione:\u00a0<\/strong>Studenti ed esperti di stile e architettura possono utilizzare questi fogli per costruire progetti approfonditi e modelli di prodotti. L'ampia gamma di tonalit\u00e0 e la facilit\u00e0 di produzione consentono una visualizzazione rapida e affidabile dei concetti.<\/li>\n<\/ul>\n<h4 id=\"-developed-for-ease-of-use-\"><strong>Sviluppato per la facilit\u00e0 d'uso<\/strong><\/h4>\n<p>Nonostante l'alta qualit\u00e0 professionale, il nostro acrilico colato XINTAO \u00e8 incredibilmente semplice. Ogni lastra \u00e8 dotata di una pellicola protettiva in carta o plastica su entrambi i lati, per evitare graffi durante la spedizione e la movimentazione. Questa pellicola si stacca rapidamente per esporre la notevole superficie lucida sottostante. Il foro preforato nei nostri articoli di dimensioni campione li rende perfetti per sviluppare anelli porta campioni, portachiavi o etichette per i materiali del vostro laboratorio.<\/p>\n<p>Sia che utilizziate un laser CO2 di alta qualit\u00e0, un router CNC o semplici dispositivi manuali, scoprirete sicuramente che questo prodotto \u00e8 un piacere da utilizzare. Reagisce in modo prevedibile al calore per la piegatura e lo sviluppo e pu\u00f2 essere incollato in modo sicuro con il cemento acrilico per ottenere cuciture forti e impercettibili.<\/p>\n<p><img decoding=\"async\" class=\"size-full wp-image-1430\" src=\"https:\/\/customacrylicproduct.com\/wp-content\/uploads\/2025\/07\/Custom-Cast-Acrylic-Sheet-4.jpg\" alt=\"Strato acrilico fuso personalizzato (4)\" width=\"800\" height=\"800\" srcset=\"https:\/\/customacrylicproduct.com\/wp-content\/uploads\/2025\/07\/Custom-Cast-Acrylic-Sheet-4.jpg 800w, https:\/\/customacrylicproduct.com\/wp-content\/uploads\/2025\/07\/Custom-Cast-Acrylic-Sheet-4-300x300.jpg 300w, https:\/\/customacrylicproduct.com\/wp-content\/uploads\/2025\/07\/Custom-Cast-Acrylic-Sheet-4-150x150.jpg 150w, https:\/\/customacrylicproduct.com\/wp-content\/uploads\/2025\/07\/Custom-Cast-Acrylic-Sheet-4-768x768.jpg 768w, https:\/\/customacrylicproduct.com\/wp-content\/uploads\/2025\/07\/Custom-Cast-Acrylic-Sheet-4-600x600.jpg 600w, https:\/\/customacrylicproduct.com\/wp-content\/uploads\/2025\/07\/Custom-Cast-Acrylic-Sheet-4-100x100.jpg 100w\" sizes=\"(max-width: 800px) 100vw, 800px\" \/><\/p>\n<h4 id=\"-order-your-innovative-gas-today-\"><strong>Ordinate oggi il vostro gas innovativo<\/strong><\/h4>\n<p>Smettete di lasciare che le vostre fantastiche idee rimangano solo concetti. Con il nostro\u00a0<strong>Strati acrilici fusi personalizzati XINTAO\u00a0<\/strong>, Il polimero fuso \u00e8 un materiale che offre l'alta qualit\u00e0, la tonalit\u00e0 e l'adattabilit\u00e0 necessarie per costruire, lavorare e produrre tutto ci\u00f2 che si pu\u00f2 immaginare. Scoprite le opportunit\u00e0 illimitate, dai fragili gioielli preziosi ai robusti schermi, e scoprite perch\u00e9 il polimero fuso \u00e8 l'opzione consigliata dai produttori di tutto il mondo.<\/p>\n<p>Selezionate i colori, scegliete le dimensioni e preparatevi a trasformare la vostra visione in una vibrante realt\u00e0. Ordinate oggi stesso la vostra collezione e iniziate a creare qualcosa di bello.<\/p>","protected":false},"excerpt":{"rendered":"<p class=\"ng-star-inserted\"><span class=\"ng-star-inserted\">Lastre acriliche fuse di alta qualit\u00e0 in una straordinaria gamma di colori vivaci. Perfette per il taglio laser, l'incisione, l'artigianato fai-da-te e gli espositori professionali. Durevoli e facili da lavorare, i nostri pannelli in plexiglass danno vita alla vostra visione creativa.<\/span><\/p>","protected":false},"featured_media":1428,"template":"","meta":{"_kad_post_transparent":"default","_kad_post_title":"","_kad_post_layout":"default","_kad_post_sidebar_id":"","_kad_post_content_style":"default","_kad_post_vertical_padding":"default","_kad_post_feature":"","_kad_post_feature_position":"","_kad_post_header":false,"_kad_post_footer":false,"_kad_post_classname":""},"product_brand":[],"product_cat":[24],"product_tag":[148],"class_list":{"0":"post-1426","1":"product","2":"type-product","3":"status-publish","4":"has-post-thumbnail","6":"product_cat-custom-acrylic-sheets","7":"product_tag-custom-cast-acrylic-sheet","9":"first","10":"instock","11":"shipping-taxable","12":"product-type-simple","13":"entry","14":"content-bg","15":"loop-entry"},"_links":{"self":[{"href":"https:\/\/customacrylicproduct.com\/it\/wp-json\/wp\/v2\/product\/1426","targetHints":{"allow":["GET"]}}],"collection":[{"href":"https:\/\/customacrylicproduct.com\/it\/wp-json\/wp\/v2\/product"}],"about":[{"href":"https:\/\/customacrylicproduct.com\/it\/wp-json\/wp\/v2\/types\/product"}],"wp:featuredmedia":[{"embeddable":true,"href":"https:\/\/customacrylicproduct.com\/it\/wp-json\/wp\/v2\/media\/1428"}],"wp:attachment":[{"href":"https:\/\/customacrylicproduct.com\/it\/wp-json\/wp\/v2\/media?parent=1426"}],"wp:term":[{"taxonomy":"product_brand","embeddable":true,"href":"https:\/\/customacrylicproduct.com\/it\/wp-json\/wp\/v2\/product_brand?post=1426"},{"taxonomy":"product_cat","embeddable":true,"href":"https:\/\/customacrylicproduct.com\/it\/wp-json\/wp\/v2\/product_cat?post=1426"},{"taxonomy":"product_tag","embeddable":true,"href":"https:\/\/customacrylicproduct.com\/it\/wp-json\/wp\/v2\/product_tag?post=1426"}],"curies":[{"name":"wp","href":"https:\/\/api.w.org\/{rel}","templated":true}]}}