{"id":1431,"date":"2025-07-21T07:17:34","date_gmt":"2025-07-21T07:17:34","guid":{"rendered":"https:\/\/customacrylicproduct.com\/?post_type=product&#038;p=1431"},"modified":"2025-07-21T07:17:34","modified_gmt":"2025-07-21T07:17:34","slug":"custom-acrylic-sign-party-wall-backdrop-background-banner","status":"publish","type":"product","link":"https:\/\/customacrylicproduct.com\/it\/custom-acrylic-sign-party-wall-backdrop-background-banner\/","title":{"rendered":"Segno acrilico personalizzato Partito muro sfondo sfondo Banner"},"content":{"rendered":"<h3 id=\"-raise-every-moment-the-ultimate-overview-to-personalized-acrylic-indicators-for-events-backdrops-and-banners-\"><strong>Sollevare ogni momento: La panoramica definitiva sugli indicatori acrilici personalizzati per eventi, fondali e striscioni<\/strong><\/h3>\n<p>In un mondo saturo di fugaci minuti elettronici, il potere di un centrotavola concreto e perfettamente realizzato per il vostro evento non pu\u00f2 essere enfatizzato oltre. \u00c8 l'ancora per le fotografie, l'elemento di discussione, il componente che trasforma una semplice celebrazione in un'esperienza indimenticabile e curata. Invitate al futuro dello stile degli eventi: l'indicatore acrilico personalizzato. Semplici, contemporanei e sempre flessibili, questi indicatori sono i regali ideali e i pezzi forti per qualsiasi tipo di festa, evento nuziale, occasione aziendale o interno di casa.<\/p>\n<p>Anche se immaginate un sensazionale striscione \u201cCompleanno Soddisfatto\u201d o un elegante cartello di benvenuto per il matrimonio, la nostra esperienza nasce sul pianeta della produzione di precisione. Le immagini che vedete mostrano il cuore delle nostre capacit\u00e0, dimostrando l'alta qualit\u00e0, la resistenza e l'interesse per le informazioni che offriamo in ogni singolo compito, dalle applicazioni commerciali all'incantevole cartello personalizzato che diventer\u00e0 sicuramente il cuore della vostra festa.<\/p>\n<p><img fetchpriority=\"high\" decoding=\"async\" class=\"size-full wp-image-1433\" src=\"https:\/\/customacrylicproduct.com\/wp-content\/uploads\/2025\/07\/Custom-Acrylic-Sign-2-2.jpg\" alt=\"Segno acrilico personalizzato (2)\" width=\"960\" height=\"960\" srcset=\"https:\/\/customacrylicproduct.com\/wp-content\/uploads\/2025\/07\/Custom-Acrylic-Sign-2-2.jpg 960w, https:\/\/customacrylicproduct.com\/wp-content\/uploads\/2025\/07\/Custom-Acrylic-Sign-2-2-300x300.jpg 300w, https:\/\/customacrylicproduct.com\/wp-content\/uploads\/2025\/07\/Custom-Acrylic-Sign-2-2-150x150.jpg 150w, https:\/\/customacrylicproduct.com\/wp-content\/uploads\/2025\/07\/Custom-Acrylic-Sign-2-2-768x768.jpg 768w, https:\/\/customacrylicproduct.com\/wp-content\/uploads\/2025\/07\/Custom-Acrylic-Sign-2-2-600x600.jpg 600w, https:\/\/customacrylicproduct.com\/wp-content\/uploads\/2025\/07\/Custom-Acrylic-Sign-2-2-100x100.jpg 100w\" sizes=\"(max-width: 960px) 100vw, 960px\" \/><\/p>\n<h4 id=\"-our-foundation-of-quality-a-take-a-look-at-our-production-prowess-\"><strong>La nostra base di qualit\u00e0: Uno sguardo alla nostra capacit\u00e0 di produzione<\/strong><\/h4>\n<p>Vediamo cosa rivelano i nostri diversi casi di produzione in merito alla qualit\u00e0 che potete aspettarvi per la vostra indicazione personalizzata per eventi:.<\/p>\n<p><strong>1. Chiarezza, tonalit\u00e0 e precisione di livello aziendale (come indicato nell'indicazione \u201cMAX \u8fc8\u65af\u201d).<\/strong><\/p>\n<p>La prima foto mostra un indicatore specializzato e marchiato per un box dimostrativo dell'innovazione. Cosa significa questo per il vostro indicatore di celebrazione?<\/p>\n<ul>\n<li><strong>Colore vivace e fedele alla realt\u00e0:\u00a0<\/strong>Il blu intenso e uniforme e il messaggio bianco nitido sono realizzati con tecniche di stampa sofisticate che assicurano che le tonalit\u00e0 scelte siano ricche, sature e completamente abbinate al motivo del vostro evento o al marchio della vostra azienda. Non ci limitiamo a stampare, ma diamo vita alla vostra combinazione di colori.<\/li>\n<li><strong>Rendering impeccabile di logo e testo:\u00a0<\/strong>Si noti la nitidezza del logo \u201cMAX\u201d e la chiarezza dei caratteri cinesi (\u8fc8\u65af). Il nostro processo di stampa ad alta risoluzione garantisce che ogni linea, curva e personalit\u00e0 del vostro design - che si tratti di un fragile stile di carattere script per un matrimonio o di un vivace design di logo per il lancio di un articolo - sia reso con una nitidezza impeccabile e senza alcuna perdita di colore.<\/li>\n<li><strong>Esperto completo:\u00a0<\/strong>Questo cartello ha un aspetto ordinato, elegante e affidabile. Portiamo lo stesso grado di professionalit\u00e0 e fiducia al vostro cartello per eventi, assicurando che abbia un aspetto eccellente, avanzato e degno del suo posto principale nel vostro design.<\/li>\n<\/ul>\n<p><img decoding=\"async\" class=\"size-full wp-image-1435\" src=\"https:\/\/customacrylicproduct.com\/wp-content\/uploads\/2025\/07\/Custom-Acrylic-Sign-4-1.jpg\" alt=\"Segno acrilico personalizzato (4)\" width=\"960\" height=\"960\" srcset=\"https:\/\/customacrylicproduct.com\/wp-content\/uploads\/2025\/07\/Custom-Acrylic-Sign-4-1.jpg 960w, https:\/\/customacrylicproduct.com\/wp-content\/uploads\/2025\/07\/Custom-Acrylic-Sign-4-1-300x300.jpg 300w, https:\/\/customacrylicproduct.com\/wp-content\/uploads\/2025\/07\/Custom-Acrylic-Sign-4-1-150x150.jpg 150w, https:\/\/customacrylicproduct.com\/wp-content\/uploads\/2025\/07\/Custom-Acrylic-Sign-4-1-768x768.jpg 768w, https:\/\/customacrylicproduct.com\/wp-content\/uploads\/2025\/07\/Custom-Acrylic-Sign-4-1-600x600.jpg 600w, https:\/\/customacrylicproduct.com\/wp-content\/uploads\/2025\/07\/Custom-Acrylic-Sign-4-1-100x100.jpg 100w\" sizes=\"(max-width: 960px) 100vw, 960px\" \/><\/p>\n<p><strong>2. Stile raffinato e longevit\u00e0 utile (come si vede nella scheda di controllo \u201cSHPW Food Warming\u201d).<\/strong><\/p>\n<p>Questa immagine di una scheda di controllo della temperatura \u00e8 una testimonianza della nostra abilit\u00e0 tecnologica nell'ingegneria di precisione.<\/p>\n<ul>\n<li><strong>Ritagli di strutture e moduli:\u00a0<\/strong>La finestra rettangolare completamente dimensionata per un display digitale e gli intermediari precisi per le luci delle insegne dimostrano la nostra capacit\u00e0 di collaborare con layout intricati. Per l'indicazione della vostra festa, questo si traduce nello sviluppo di qualsiasi forma personalizzata che possiate immaginare: da scritte e forme dettagliate a insegne con componenti stratificati o stili di ambienti avversi.<\/li>\n<li><strong>Edificio resiliente e multistrato:\u00a0<\/strong>Il pannello di controllo deve resistere all'uso costante, al calore e alla pulizia. Per questo utilizziamo materiali acrilici e policarbonati resistenti ai costi e costruiti per durare nel tempo. La vostra indicazione personalizzata non solo avr\u00e0 un aspetto sensazionale il giorno dell'occasione, ma potr\u00e0 anche essere mantenuta come un ricordo durevole o un pezzo di arredamento per diversi anni.<\/li>\n<li><strong>Potente supporto adesivo:\u00a0<\/strong>Il retro espone un foglio intero di adesivo 3M 9448A ad alte prestazioni. Si tratta di un attributo fondamentale che possiamo fornire ai vostri indicatori. Consente un'installazione facile, sicura e priva di danni su superfici murali, fondali e altre superfici lisce. Non sono necessari chiodi o attrezzature complesse per l'installazione: basta staccare e attaccare per ottenere un aspetto impeccabile e fluttuante.<\/li>\n<\/ul>\n<p><img decoding=\"async\" class=\"size-full wp-image-1434\" src=\"https:\/\/customacrylicproduct.com\/wp-content\/uploads\/2025\/07\/Custom-Acrylic-Sign-3-2.jpg\" alt=\"Segno acrilico personalizzato (3)\" width=\"960\" height=\"960\" srcset=\"https:\/\/customacrylicproduct.com\/wp-content\/uploads\/2025\/07\/Custom-Acrylic-Sign-3-2.jpg 960w, https:\/\/customacrylicproduct.com\/wp-content\/uploads\/2025\/07\/Custom-Acrylic-Sign-3-2-300x300.jpg 300w, https:\/\/customacrylicproduct.com\/wp-content\/uploads\/2025\/07\/Custom-Acrylic-Sign-3-2-150x150.jpg 150w, https:\/\/customacrylicproduct.com\/wp-content\/uploads\/2025\/07\/Custom-Acrylic-Sign-3-2-768x768.jpg 768w, https:\/\/customacrylicproduct.com\/wp-content\/uploads\/2025\/07\/Custom-Acrylic-Sign-3-2-600x600.jpg 600w, https:\/\/customacrylicproduct.com\/wp-content\/uploads\/2025\/07\/Custom-Acrylic-Sign-3-2-100x100.jpg 100w\" sizes=\"(max-width: 960px) 100vw, 960px\" \/><\/p>\n<p><strong>3. Coerenza, scala e convenienza (come si vede nei pannelli \u201cCollare educativo per cani da compagnia\u201d)<\/strong><\/p>\n<p>I numerosi pannelli di piccole dimensioni per i collari da addestramento per cani evidenziano altri due elementi essenziali del nostro servizio:.<\/p>\n<ul>\n<li><strong>Replica perfetta:\u00a0<\/strong>Sia che abbiate bisogno di un grande indicatore di benvenuto o di 150 piccole targhette personalizzate per una festa di matrimonio, garantiamo l'assoluta uniformit\u00e0 di ogni articolo. Ogni prodotto sar\u00e0 il migliore in termini di colore, dimensioni e qualit\u00e0.<\/li>\n<li><strong>Flessibilit\u00e0 di applicazione:\u00a0<\/strong>Questi piccoli pannelli dimostrano che le nostre capacit\u00e0 non si limitano ai grandi banner. Possiamo creare un'intera suite di design acrilico coordinato per la vostra occasione:.<\/li>\n<li><strong>Agitatori o identificatori di alcolici su misura\u00a0<\/strong>.<\/li>\n<li><strong>Segnaposto personalizzati\u00a0<\/strong>.<\/li>\n<li><strong>Figure della tabella\u00a0<\/strong>.<\/li>\n<li><strong>Toppers per torte\u00a0<\/strong>.<\/li>\n<li><strong>Etichette regalo o bomboniere per eventi\u00a0<\/strong>.<\/li>\n<\/ul>\n<h4 id=\"-unleash-your-creative-thinking-countless-opportunities-for-your-custom-made-sign-\"><strong>Liberate il vostro pensiero creativo: Innumerevoli opportunit\u00e0 per la vostra insegna personalizzata<\/strong><\/h4>\n<p>Attualmente, trasformiamo questa potenza produttiva in una decorazione spettacolare per la vostra prossima occasione. Le nostre insegne acriliche personalizzate sono la tela eccellente per la vostra visione.<\/p>\n<ul>\n<li><strong>Matrimoni e anniversari:\u00a0<\/strong>Immaginate uno spettacolare indicatore di benvenuto in acrilico smerigliato con calligrafia che accoglie i vostri ospiti. Immaginate eleganti numeri di tavolo in acrilico trasparente che sembrano fluttuare sopra i centrotavola, o uno splendido indicatore di selezione dei cibi del bar con i dettagli delle vostre bevande miscelate.<\/li>\n<li><strong>Compleanni e pietre miliari:\u00a0<\/strong>Fate una dichiarazione con un indicatore acrilico grande e vivace che includa il nome dell'ospite d'onore e che serva da sfondo per le foto. Da un \u201cSweet 16\u201d a un \u201cFabulous 50\u201d, possiamo registrare lo spirito della festa in un layout che si distingue.<\/li>\n<li><strong>Docce per neonati ed esposizioni di genere:\u00a0<\/strong>Rivelate la vostra gioia con un cartello \u201cOh Infant!\u201d o \u201cInvite Youngster\u201d dal design perfetto. Si tratta di ricordi preziosi che possono essere appesi nella cameretta.<\/li>\n<li><strong>Eventi aziendali e attivazioni di marchi:\u00a0<\/strong>Emozionate i clienti e ispirate i membri del personale con un'insegna abilmente realizzata con il logo della vostra azienda. Perfetto per stand fieristici, location per eventi, sfondi per interviste ed eventi d'onore.<\/li>\n<li><strong>Fondali e striscioni per eventi:\u00a0<\/strong>Sviluppate una superficie da parete degna di Instagram con un banner acrilico personalizzato. Che si tratti di una citazione divertente, di un hashtag dell'evento o di un semplice \u201cAllow's Party\u201d, sar\u00e0 l'obiettivo principale del divertimento.<\/li>\n<\/ul>\n<h4 id=\"-the-straightforward-path-to-your-perfect-indicator-\"><strong>La via pi\u00f9 semplice per ottenere l'indicatore perfetto<\/strong><\/h4>\n<p>Il nostro team crede nel rendere la procedura di personalizzazione fluida e soddisfacente come l'occasione stessa.<\/p>\n<ol>\n<li><strong>Condividete la vostra visione:\u00a0<\/strong>Informateci sulle vostre esigenze. Inviateci il testo desiderato, il design del logo, il design dei colori, lo stile dei caratteri e le misure.<\/li>\n<li><strong>Progettazione collaborativa:\u00a0<\/strong>Il nostro team di impaginazione lavorer\u00e0 con voi per sviluppare una prova digitale, assicurandosi che ogni informazione sia eccellente prima di iniziare la produzione.<\/li>\n<li><strong>Produzione di precisione:\u00a0<\/strong>Utilizzando la stessa tecnologia moderna che crea i nostri prodotti di livello industriale, realizzeremo il vostro indicatore con un trattamento accurato.<\/li>\n<li><strong>Distribuzione a domicilio:\u00a0<\/strong>La vostra indicazione finita viene esaminata meticolosamente, imballata in modo sicuro e consegnata direttamente a voi, pronta per il lancio in grande stile.<\/li>\n<\/ol>\n<p>Non optate per disegni generici e non riutilizzabili. Acquistate un'opera d'arte che rifletta il vostro stile e che rilanci il vostro evento. Permetteteci di mettere a vostra disposizione la nostra precisione industriale, la nostra esperienza tecnica e il nostro entusiasmo per la massima qualit\u00e0.<\/p>\n<p><strong>Contattateci oggi stesso per iniziare a creare l'indicazione acrilica personalizzata che trasformer\u00e0 la vostra festa speciale in un evento da cantiere.<\/strong><\/p>","protected":false},"excerpt":{"rendered":"<p class=\"ng-star-inserted\"><span class=\"ng-star-inserted\">Create insegne e pannelli acrilici personalizzati di alta qualit\u00e0 per qualsiasi esigenza. Perfetti per la sovrapposizione di prodotti, per il branding o per gli splendidi fondali delle feste. Stampa resistente, ritagli precisi e supporto adesivo resistente per un facile montaggio. Date vita al vostro design unico con una finitura professionale e lucida.<\/span><\/p>","protected":false},"featured_media":1432,"template":"","meta":{"_kad_post_transparent":"default","_kad_post_title":"","_kad_post_layout":"default","_kad_post_sidebar_id":"","_kad_post_content_style":"default","_kad_post_vertical_padding":"default","_kad_post_feature":"","_kad_post_feature_position":"","_kad_post_header":false,"_kad_post_footer":false,"_kad_post_classname":""},"product_brand":[],"product_cat":[18],"product_tag":[149],"class_list":{"0":"post-1431","1":"product","2":"type-product","3":"status-publish","4":"has-post-thumbnail","6":"product_cat-custom-acrylic-signs","7":"product_tag-custom-acrylic-sign","9":"first","10":"instock","11":"shipping-taxable","12":"product-type-simple","13":"entry","14":"content-bg","15":"loop-entry"},"_links":{"self":[{"href":"https:\/\/customacrylicproduct.com\/it\/wp-json\/wp\/v2\/product\/1431","targetHints":{"allow":["GET"]}}],"collection":[{"href":"https:\/\/customacrylicproduct.com\/it\/wp-json\/wp\/v2\/product"}],"about":[{"href":"https:\/\/customacrylicproduct.com\/it\/wp-json\/wp\/v2\/types\/product"}],"wp:featuredmedia":[{"embeddable":true,"href":"https:\/\/customacrylicproduct.com\/it\/wp-json\/wp\/v2\/media\/1432"}],"wp:attachment":[{"href":"https:\/\/customacrylicproduct.com\/it\/wp-json\/wp\/v2\/media?parent=1431"}],"wp:term":[{"taxonomy":"product_brand","embeddable":true,"href":"https:\/\/customacrylicproduct.com\/it\/wp-json\/wp\/v2\/product_brand?post=1431"},{"taxonomy":"product_cat","embeddable":true,"href":"https:\/\/customacrylicproduct.com\/it\/wp-json\/wp\/v2\/product_cat?post=1431"},{"taxonomy":"product_tag","embeddable":true,"href":"https:\/\/customacrylicproduct.com\/it\/wp-json\/wp\/v2\/product_tag?post=1431"}],"curies":[{"name":"wp","href":"https:\/\/api.w.org\/{rel}","templated":true}]}}