{"id":1436,"date":"2025-07-21T07:26:39","date_gmt":"2025-07-21T07:26:39","guid":{"rendered":"https:\/\/customacrylicproduct.com\/?post_type=product&#038;p=1436"},"modified":"2025-07-21T07:26:39","modified_gmt":"2025-07-21T07:26:39","slug":"custom-acrylic-signs-illuminated-shop-display-led-sign","status":"publish","type":"product","link":"https:\/\/customacrylicproduct.com\/it\/custom-acrylic-signs-illuminated-shop-display-led-sign\/","title":{"rendered":"Segni acrilici personalizzati Segno LED illuminato dell'esposizione del negozio"},"content":{"rendered":"<h3 id=\"-raise-your-brand-name-premium-personalized-illuminated-led-acrylic-indications-\"><strong>Innalzate il nome del vostro marchio: Indicazioni acriliche illuminate LED personalizzate Premium<\/strong><\/h3>\n<p>In un mondo saturo di suoni visivi, fare una prima impressione duratura non \u00e8 semplicemente un vantaggio, ma un'esigenza. Il design del vostro logo \u00e8 il volto del vostro marchio, l'ambasciatore silenzioso che parla prima che voi diciate una parola. Immaginatelo non solo su un display o su un biglietto da visita, ma come un'opera d'arte tangibile e luminosa che regola l'attenzione e mostra la competenza. Invitate alla massima dichiarazione di identit\u00e0 del marchio: le nostre insegne luminose personalizzate in polimero LED.<\/p>\n<p>Come mostrato nell'elegante area funzionale \u201cMYSA\u201d, queste indicazioni sono pi\u00f9 che semplici marcatori: sono punti focali. Trasformano qualsiasi tipo di spazio - dall'ingresso di un'azienda a una boutique elegante, da un salone di parrucchiere contemporaneo a un laboratorio fantasioso - in una testimonianza del vostro impegno per l'alta qualit\u00e0 e il design. Questa \u00e8 l'occasione per dare vita al vostro marchio con un bagliore radioso e sofisticato che affascina e ispira fiducia in se stessi.<\/p>\n<p><img fetchpriority=\"high\" decoding=\"async\" class=\"size-full wp-image-1439\" src=\"https:\/\/customacrylicproduct.com\/wp-content\/uploads\/2025\/07\/Custom-Acrylic-Signs-3-1.jpg\" alt=\"Segni acrilici personalizzati (3)\" width=\"800\" height=\"800\" srcset=\"https:\/\/customacrylicproduct.com\/wp-content\/uploads\/2025\/07\/Custom-Acrylic-Signs-3-1.jpg 800w, https:\/\/customacrylicproduct.com\/wp-content\/uploads\/2025\/07\/Custom-Acrylic-Signs-3-1-300x300.jpg 300w, https:\/\/customacrylicproduct.com\/wp-content\/uploads\/2025\/07\/Custom-Acrylic-Signs-3-1-150x150.jpg 150w, https:\/\/customacrylicproduct.com\/wp-content\/uploads\/2025\/07\/Custom-Acrylic-Signs-3-1-768x768.jpg 768w, https:\/\/customacrylicproduct.com\/wp-content\/uploads\/2025\/07\/Custom-Acrylic-Signs-3-1-600x600.jpg 600w, https:\/\/customacrylicproduct.com\/wp-content\/uploads\/2025\/07\/Custom-Acrylic-Signs-3-1-100x100.jpg 100w\" sizes=\"(max-width: 800px) 100vw, 800px\" \/><\/p>\n<h4 id=\"-unparalleled-workmanship-and-product-excellence-\"><strong>Lavorazione impareggiabile ed eccellenza del prodotto<\/strong><\/h4>\n<p>Il cuore di ogni indicatore \u00e8 una fusione di tecnologia moderna e innovativa e di maestria nella lavorazione. Partiamo dall'acrilico di altissima qualit\u00e0, scelto per la sua eccezionale chiarezza, longevit\u00e0 e convenienza. Questo prodotto di prima qualit\u00e0 viene poi tagliato con precisione utilizzando la moderna tecnologia laser per duplicare il vostro logo e le vostre scritte con perfetta accuratezza, registrando ogni curva, linea e informazione dettagliata del vostro layout.<\/p>\n<p>Il quadrante dell'indicatore, come testimonia la magnifica scritta in oro \u201cCUSTOMIZED LOGO STYLE\u201d, vanta una sontuosa finitura a specchio. Questa superficie lucida mostra meravigliosamente l'ambiente circostante durante il giorno, sviluppando un'estetica vibrante e di alto livello. Sebbene l'opulenta superficie dorata sia la scelta preferita per la sua classica raffinatezza, offriamo un'ampia gamma di opzioni di personalizzazione per adattarsi perfettamente allo schema del vostro marchio, tra cui:.<\/p>\n<ul>\n<li><strong>Eleganti finiture in acciaio spazzolato (argento, oro rosa, bronzo)\u00a0<\/strong>.<\/li>\n<li><strong>Colori forti e decisi (nero, bianco e corrispondenza pantone personalizzata)\u00a0<\/strong>.<\/li>\n<li><strong>Finiture opache moderne per un look pi\u00f9 sottile e avanzato\u00a0<\/strong>.<\/li>\n<\/ul>\n<p>Il corpo di ogni lettera \u00e8 realizzato in modo robusto, fornendo la profondit\u00e0 tridimensionale che fa emergere l'indicazione dalla parete. Non si tratta di un cartello stampato e piatto, ma di un pezzo scultoreo che aggiunge struttura e passione costruttiva ai vostri interni.<\/p>\n<p><img decoding=\"async\" class=\"size-full wp-image-1438\" src=\"https:\/\/customacrylicproduct.com\/wp-content\/uploads\/2025\/07\/Custom-Acrylic-Signs-2-1.jpg\" alt=\"Segni acrilici personalizzati (2)\" width=\"800\" height=\"800\" srcset=\"https:\/\/customacrylicproduct.com\/wp-content\/uploads\/2025\/07\/Custom-Acrylic-Signs-2-1.jpg 800w, https:\/\/customacrylicproduct.com\/wp-content\/uploads\/2025\/07\/Custom-Acrylic-Signs-2-1-300x300.jpg 300w, https:\/\/customacrylicproduct.com\/wp-content\/uploads\/2025\/07\/Custom-Acrylic-Signs-2-1-150x150.jpg 150w, https:\/\/customacrylicproduct.com\/wp-content\/uploads\/2025\/07\/Custom-Acrylic-Signs-2-1-768x768.jpg 768w, https:\/\/customacrylicproduct.com\/wp-content\/uploads\/2025\/07\/Custom-Acrylic-Signs-2-1-600x600.jpg 600w, https:\/\/customacrylicproduct.com\/wp-content\/uploads\/2025\/07\/Custom-Acrylic-Signs-2-1-100x100.jpg 100w\" sizes=\"(max-width: 800px) 100vw, 800px\" \/><\/p>\n<h4 id=\"-the-magic-of-halo-lighting-\"><strong>La magia dell'illuminazione a raggiera<\/strong><\/h4>\n<p>Ci\u00f2 che contraddistingue queste indicazioni \u00e8 la splendida retroilluminazione. Abbiamo integrato componenti LED ad alta efficienza energetica e di lunga durata in modo discreto dietro ogni lettera o elemento del layout. Quando viene accesa, la luce viene proiettata all'indietro sulla superficie di installazione, sviluppando un effetto \u201calone\u201d morbido e spirituale. Questo leggero bagliore delinea il vostro logo, facendolo apparire come se fluttuasse facilmente contro la parete.<\/p>\n<p>Questa illuminazione a raggiera offre numerosi vantaggi:.<\/p>\n<ul>\n<li><strong>Sofisticatezza sottile:\u00a0<\/strong>A differenza delle indicazioni severe, illuminate frontalmente, la luce retroilluminata \u00e8 elegante e invitante. Produce un'atmosfera accogliente e specialistica, eccellente per le aree rivolte ai clienti, come le reception, le sale d'attesa e le sale conferenze.<\/li>\n<li><strong>Influenza 24\/7:\u00a0<\/strong>Il vostro indicatore avr\u00e0 un aspetto straordinario durante il giorno, grazie alla sua superficie elegante, e si trasformer\u00e0 in un'insegna luminosa di sera o in ambienti poco illuminati, garantendo che il vostro marchio sia sempre visibile ed eccezionale.<\/li>\n<li><strong>Maggiore leggibilit\u00e0:\u00a0<\/strong>Il confronto creato dal risultato dell'alone rende il vostro nome e il vostro logo eccezionalmente chiari e facili da leggere da lontano, senza causare abbagliamento o pressione oculare.<\/li>\n<li><strong>Prestazioni energetiche:\u00a0<\/strong>I nostri LED di qualit\u00e0 superiore assorbono pochissima energia e hanno un'aspettativa di vita di ben 50.000 ore, rendendo la vostra indicazione un investimento finanziario bello, sostenibile ed economico.<\/li>\n<\/ul>\n<p><img decoding=\"async\" class=\"wp-image-1437 size-large aligncenter\" src=\"https:\/\/customacrylicproduct.com\/wp-content\/uploads\/2025\/07\/Custom-Acrylic-Signs-1-1-1024x1024.jpg\" alt=\"Segni acrilici personalizzati (1)\" width=\"1024\" height=\"1024\" srcset=\"https:\/\/customacrylicproduct.com\/wp-content\/uploads\/2025\/07\/Custom-Acrylic-Signs-1-1-1024x1024.jpg 1024w, https:\/\/customacrylicproduct.com\/wp-content\/uploads\/2025\/07\/Custom-Acrylic-Signs-1-1-300x300.jpg 300w, https:\/\/customacrylicproduct.com\/wp-content\/uploads\/2025\/07\/Custom-Acrylic-Signs-1-1-150x150.jpg 150w, https:\/\/customacrylicproduct.com\/wp-content\/uploads\/2025\/07\/Custom-Acrylic-Signs-1-1-768x769.jpg 768w, https:\/\/customacrylicproduct.com\/wp-content\/uploads\/2025\/07\/Custom-Acrylic-Signs-1-1-1534x1536.jpg 1534w, https:\/\/customacrylicproduct.com\/wp-content\/uploads\/2025\/07\/Custom-Acrylic-Signs-1-1-600x601.jpg 600w, https:\/\/customacrylicproduct.com\/wp-content\/uploads\/2025\/07\/Custom-Acrylic-Signs-1-1-100x100.jpg 100w, https:\/\/customacrylicproduct.com\/wp-content\/uploads\/2025\/07\/Custom-Acrylic-Signs-1-1.jpg 1918w\" sizes=\"(max-width: 1024px) 100vw, 1024px\" \/><\/p>\n<h4 id=\"-an-universe-of-applications-where-your-vision-revives-\"><strong>Un universo di applicazioni: Dove la vostra visione rivive<\/strong><\/h4>\n<p>La flessibilit\u00e0 dei nostri indicatori luminosi personalizzati non conosce limiti. Sono fatti per elevare qualsiasi atmosfera e servire un'ampia variet\u00e0 di obiettivi.<\/p>\n<ul>\n<li><strong>Ambienti di lavoro e sale d'ingresso:\u00a0<\/strong>Come nel caso dell'insegna \u201cMYSA\u201d, dichiarate immediatamente il vostro successo e la vostra stabilit\u00e0 nel momento in cui un cliente o un partner varca la soglia della vostra azienda. Un logo splendidamente illuminato dietro il bancone della reception crea un fondo di fiducia nel marchio e migliora l'immagine del vostro specialista.<\/li>\n<li><strong>Boutique e showroom al dettaglio:\u00a0<\/strong>Attirate il traffico pedonale del sito web e producete un'esperienza notevole all'interno del negozio. Un'insegna personalizzata pu\u00f2 mettere in risalto il nome del vostro marchio, un determinato reparto o fungere da splendido sfondo fotografico \u201cInstagrammable\u201d per i vostri clienti.<\/li>\n<li><strong>Parrucchieri, Spa e centri benessere:\u00a0<\/strong>Create un'atmosfera di lusso, calma ed evasione. La morbida luminosit\u00e0 dell'alone \u00e8 eccellente per creare un ambiente rilassante che si armonizza con le soluzioni offerte, facendo sentire i clienti coccolati fin dal loro arrivo.<\/li>\n<li><strong>Ristoranti, caff\u00e8 e locali notturni:\u00a0<\/strong>Crea l'atmosfera e definisce la personalit\u00e0 del vostro locale. Che si tratti di un ristorante elegante e moderno o di un bar accogliente e rustico, un'insegna luminosa personalizzata pu\u00f2 diventare un elemento caratteristico del vostro design che gli avventori ricordano e fotografano.<\/li>\n<li><strong>Studi creativi e uffici domestici:\u00a0<\/strong>Per imprenditori, artisti e sviluppatori di contenuti web, l'ufficio personale \u00e8 il proprio rifugio. Un'insegna personalizzata con il vostro marchio, il logo del canale o un'idea individuale pu\u00f2 servire come risorsa quotidiana di motivazione e come sfondo professionale per le telefonate con videoclip e la creazione di materiale.<\/li>\n<li><strong>Il perfetto regalo d'affari:\u00a0<\/strong>Siete alla ricerca di un regalo veramente distinto e mirato per un'inaugurazione, un anniversario dell'organizzazione o una promozione di un socio? Un'indicazione personalizzata con logo illuminato \u00e8 un regalo premuroso, eccezionale e pratico, che sar\u00e0 apprezzato e utilizzato per molti anni a venire.<\/li>\n<\/ul>\n<h4 id=\"-a-smooth-process-from-your-idea-to-installment-\"><strong>Un processo senza intoppi: Dalla vostra idea alla rata<\/strong><\/h4>\n<p>La nostra azienda crede che lo sviluppo della vostra insegna perfetta debba essere un'esperienza facile e sorprendente. Il nostro processo \u00e8 stato creato per essere congiunto e trasparente in ogni fase del processo.<\/p>\n<ol>\n<li><strong>Nomina e presentazione del progetto:\u00a0<\/strong>\u00c8 sufficiente inviarci i documenti di progettazione del logo (preferibilmente AI, EPS o PDF ad alta risoluzione), le dimensioni desiderate e qualsiasi tipo di rivestimento o colore particolare richiesto. Non avete un layout definitivo? Il nostro team pu\u00f2 collaborare con voi per dare vita al vostro concetto.<\/li>\n<li><strong>Prova digitale e preventivo:\u00a0<\/strong>Svilupperemo un accurato mockup elettronico della vostra indicazione, mostrandovi esattamente come apparir\u00e0 con le dimensioni e l'illuminazione specificate. Insieme a questa prova, riceverete un preventivo completo e non vincolante.<\/li>\n<li><strong>Costruzione di precisione:\u00a0<\/strong>Una volta approvata la prova, i nostri tecnici esperti entrano in funzione. Utilizzando i migliori materiali e strumenti sofisticati, realizziamo, completiamo e assembliamo la vostra indicazione, integrando l'illuminazione a LED e i circuiti.<\/li>\n<li><strong>Qualit\u00e0 superiore Ispezione e spedizione sicura:\u00a0<\/strong>Ogni indicatore viene sottoposto a un rigoroso controllo di qualit\u00e0 per garantirne la qualit\u00e0. Viene poi meticolosamente imballato con tutta la ferramenta e le linee guida necessarie prima di essere spedito alla vostra porta di casa.<\/li>\n<\/ol>\n<p>Acquistate un'identificazione che brilli. Superate la normalit\u00e0 e date al vostro marchio l'esistenza luminosa e di alto livello che gli spetta. Un'indicazione acrilica illuminata personalizzata \u00e8 molto pi\u00f9 di una semplice insegna: \u00e8 un investimento nella vostra immagine, un faro per la vostra organizzazione e una testimonianza quotidiana della vostra visione.<\/p>\n<p><strong>Contattateci oggi stesso per ottenere un preventivo gratuito e un modello digitale, e iniziamo a costruire l'indicatore che definir\u00e0 la vostra area.<\/strong><\/p>","protected":false},"excerpt":{"rendered":"<p class=\"ng-star-inserted\"><span class=\"ng-star-inserted\">Elevate il vostro marchio con una splendida insegna retroilluminata 3D. Le nostre insegne acriliche personalizzate sono caratterizzate da un sofisticato alone di luce LED e da una lussuosa finitura a specchio. Ideale per loghi aziendali, reception di uffici e vetrine. Lasciate un'impressione duratura con un display illuminato di qualit\u00e0.<\/span><\/p>","protected":false},"featured_media":1437,"template":"","meta":{"_kad_post_transparent":"default","_kad_post_title":"","_kad_post_layout":"default","_kad_post_sidebar_id":"","_kad_post_content_style":"default","_kad_post_vertical_padding":"default","_kad_post_feature":"","_kad_post_feature_position":"","_kad_post_header":false,"_kad_post_footer":false,"_kad_post_classname":""},"product_brand":[],"product_cat":[18],"product_tag":[51],"class_list":{"0":"post-1436","1":"product","2":"type-product","3":"status-publish","4":"has-post-thumbnail","6":"product_cat-custom-acrylic-signs","7":"product_tag-custom-acrylic-signs","9":"first","10":"instock","11":"shipping-taxable","12":"product-type-simple","13":"entry","14":"content-bg","15":"loop-entry"},"_links":{"self":[{"href":"https:\/\/customacrylicproduct.com\/it\/wp-json\/wp\/v2\/product\/1436","targetHints":{"allow":["GET"]}}],"collection":[{"href":"https:\/\/customacrylicproduct.com\/it\/wp-json\/wp\/v2\/product"}],"about":[{"href":"https:\/\/customacrylicproduct.com\/it\/wp-json\/wp\/v2\/types\/product"}],"wp:featuredmedia":[{"embeddable":true,"href":"https:\/\/customacrylicproduct.com\/it\/wp-json\/wp\/v2\/media\/1437"}],"wp:attachment":[{"href":"https:\/\/customacrylicproduct.com\/it\/wp-json\/wp\/v2\/media?parent=1436"}],"wp:term":[{"taxonomy":"product_brand","embeddable":true,"href":"https:\/\/customacrylicproduct.com\/it\/wp-json\/wp\/v2\/product_brand?post=1436"},{"taxonomy":"product_cat","embeddable":true,"href":"https:\/\/customacrylicproduct.com\/it\/wp-json\/wp\/v2\/product_cat?post=1436"},{"taxonomy":"product_tag","embeddable":true,"href":"https:\/\/customacrylicproduct.com\/it\/wp-json\/wp\/v2\/product_tag?post=1436"}],"curies":[{"name":"wp","href":"https:\/\/api.w.org\/{rel}","templated":true}]}}