{"id":1441,"date":"2025-07-21T07:50:23","date_gmt":"2025-07-21T07:50:23","guid":{"rendered":"https:\/\/customacrylicproduct.com\/?post_type=product&#038;p=1441"},"modified":"2025-07-21T07:50:23","modified_gmt":"2025-07-21T07:50:23","slug":"custom-transparent-acrylic-engraved-disc-simple-souvenir","status":"publish","type":"product","link":"https:\/\/customacrylicproduct.com\/it\/custom-transparent-acrylic-engraved-disc-simple-souvenir\/","title":{"rendered":"Disco inciso su misura in acrilico trasparente Souvenir semplice"},"content":{"rendered":"<h3 id=\"capture-your-tradition-in-crystal-clear-sparkle-the-custom-3d-laser-engraved-polymer-block\">Catturate la vostra tradizione con uno scintillio cristallino: Il blocco in polimero personalizzato con incisione laser 3D<\/h3>\n<p>In un mondo di minuti elettronici di breve durata e di oggetti usa e getta, c'\u00e8 un grande potere nel conservare qualcosa di sostanziale, a lungo termine e profondamente individuale. \u00c8 il potere di onorare una pietra miliare, di onorare un successo, di immortalare un ricordo o di offrire un regalo che va oltre il normale. Vi presentiamo un oggetto che non \u00e8 solo un oggetto, ma un contenitore di questi sentimenti: il blocco acrilico personalizzato con incisione laser 3D, un'opera d'arte contemporanea e su misura.<\/p>\n<p><img fetchpriority=\"high\" decoding=\"async\" class=\"size-full wp-image-1444\" src=\"https:\/\/customacrylicproduct.com\/wp-content\/uploads\/2025\/07\/Custom-Transparent-Souvenir-3.jpg\" alt=\"Souvenir trasparente personalizzato (3)\" width=\"800\" height=\"800\" srcset=\"https:\/\/customacrylicproduct.com\/wp-content\/uploads\/2025\/07\/Custom-Transparent-Souvenir-3.jpg 800w, https:\/\/customacrylicproduct.com\/wp-content\/uploads\/2025\/07\/Custom-Transparent-Souvenir-3-300x300.jpg 300w, https:\/\/customacrylicproduct.com\/wp-content\/uploads\/2025\/07\/Custom-Transparent-Souvenir-3-150x150.jpg 150w, https:\/\/customacrylicproduct.com\/wp-content\/uploads\/2025\/07\/Custom-Transparent-Souvenir-3-768x768.jpg 768w, https:\/\/customacrylicproduct.com\/wp-content\/uploads\/2025\/07\/Custom-Transparent-Souvenir-3-600x600.jpg 600w, https:\/\/customacrylicproduct.com\/wp-content\/uploads\/2025\/07\/Custom-Transparent-Souvenir-3-100x100.jpg 100w\" sizes=\"(max-width: 800px) 100vw, 800px\" \/><\/p>\n<p><strong>Un monolite in miniatura: L'arte della presenza<\/strong><\/p>\n<p>A prima vista, l'oggetto \u00e8 di una raffinatezza semplice e minimalista. Si tratta di un blocco di acrilico otticamente trasparente, lucidato fino a ottenere una superficie simile al vetro. Le sue linee pulite e il peso consistente gli conferiscono un'immediata sensazione di alta qualit\u00e0 e rilevanza. Posto su una scrivania direzionale, su un bancone o su un caminetto di casa, regola l'attenzione senza pretenderla. \u00c8 allo stesso tempo un fermacarte sofisticato e un pezzo di scultura moderna.<\/p>\n<p>Ma la sua vera magia si rivela ad un esame pi\u00f9 attento. Non si tratta di un blocco facile da incidere sulla superficie. All'interno del suo nucleo incontaminato e trasparente c'\u00e8 un globo di informazioni dettagliate, sospese nel tempo e nello spazio. Un'immagine, il disegno di un logo, un messaggio o un'intricata versione tridimensionale sono sospesi in modo etereo, relativamente creati dalla luce catturata. Come si vede nell'esempio, la parola \u201cShanghai\u201d e il suo equivalente cinese \u201c\u4e0a\u6d77\u56fd\u9645\u201d (Shanghai International) sono resi con una chiarezza spettacolare, la loro forma distintiva crea un'affascinante interazione di luce e oscurit\u00e0. Sopra di loro, l'elegante sintesi del finestrino laterale di un'automobile e un complicato elemento di design in pi\u00f9 parti, forse un ammortizzatore, sono registrati con una precisione spettacolare. Questa \u00e8 l'arte dell'incisione laser sub-superficiale, che trasforma un semplice blocco in una finestra sulla vostra storia.<\/p>\n<p><img decoding=\"async\" class=\"size-full wp-image-1443\" src=\"https:\/\/customacrylicproduct.com\/wp-content\/uploads\/2025\/07\/Custom-Transparent-Souvenir-2.jpg\" alt=\"Souvenir trasparente personalizzato (2)\" width=\"800\" height=\"800\" srcset=\"https:\/\/customacrylicproduct.com\/wp-content\/uploads\/2025\/07\/Custom-Transparent-Souvenir-2.jpg 800w, https:\/\/customacrylicproduct.com\/wp-content\/uploads\/2025\/07\/Custom-Transparent-Souvenir-2-300x300.jpg 300w, https:\/\/customacrylicproduct.com\/wp-content\/uploads\/2025\/07\/Custom-Transparent-Souvenir-2-150x150.jpg 150w, https:\/\/customacrylicproduct.com\/wp-content\/uploads\/2025\/07\/Custom-Transparent-Souvenir-2-768x768.jpg 768w, https:\/\/customacrylicproduct.com\/wp-content\/uploads\/2025\/07\/Custom-Transparent-Souvenir-2-600x600.jpg 600w, https:\/\/customacrylicproduct.com\/wp-content\/uploads\/2025\/07\/Custom-Transparent-Souvenir-2-100x100.jpg 100w\" sizes=\"(max-width: 800px) 100vw, 800px\" \/><\/p>\n<p><strong>La ricerca scientifica della magia: Rivelazione del processo di incisione laser 3D<\/strong><\/p>\n<p>Come si ottiene questo accattivante effetto tridimensionale? Il processo \u00e8 una meraviglia di innovazione e precisione. A differenza delle tipiche incisioni che graffiano la superficie, il nostro sistema laser all'avanguardia concentra un fascio di luce ad alta intensit\u00e0 in un punto specifico.\u00a0<em>all'interno\u00a0<\/em>il blocco acrilico. Il laser stesso \u00e8 innocuo per la superficie del materiale. Tuttavia, nel punto focale specifico, la sua potenza concentrata crea una piccola crepa o bolla, un piccolo punto smerigliato.<\/p>\n<p>Il nostro software regola questo laser con una precisione a livello di micron, pulsando migliaia e innumerevoli punti per costruire il vostro disegno, strato dopo strato, all'interno del blocco solido. Questi punti privati si uniscono come le celebrit\u00e0 che formano una costellazione, producendo un'immagine concreta e distintiva con una profondit\u00e0 e una dimensione autentiche. Il risultato \u00e8 un disegno che si pu\u00f2 osservare da ogni tipo di angolazione e ogni prospettiva fornisce una nuova gratitudine per l'interno e l'esterno dell'opera. L'aspetto \u201csmerigliato\u201d dell'incisione cattura magnificamente la luce, facendo risplendere l'immagine interna come se fosse illuminata dall'interno, soprattutto se posizionata vicino a una finestra di casa o sotto la luce di una scrivania.<\/p>\n<p><img decoding=\"async\" class=\"size-full wp-image-1442\" src=\"https:\/\/customacrylicproduct.com\/wp-content\/uploads\/2025\/07\/Custom-Transparent-Souvenir-1.jpg\" alt=\"Souvenir trasparente personalizzato (1)\" width=\"800\" height=\"800\" srcset=\"https:\/\/customacrylicproduct.com\/wp-content\/uploads\/2025\/07\/Custom-Transparent-Souvenir-1.jpg 800w, https:\/\/customacrylicproduct.com\/wp-content\/uploads\/2025\/07\/Custom-Transparent-Souvenir-1-300x300.jpg 300w, https:\/\/customacrylicproduct.com\/wp-content\/uploads\/2025\/07\/Custom-Transparent-Souvenir-1-150x150.jpg 150w, https:\/\/customacrylicproduct.com\/wp-content\/uploads\/2025\/07\/Custom-Transparent-Souvenir-1-768x768.jpg 768w, https:\/\/customacrylicproduct.com\/wp-content\/uploads\/2025\/07\/Custom-Transparent-Souvenir-1-600x600.jpg 600w, https:\/\/customacrylicproduct.com\/wp-content\/uploads\/2025\/07\/Custom-Transparent-Souvenir-1-100x100.jpg 100w\" sizes=\"(max-width: 800px) 100vw, 800px\" \/><\/p>\n<p><strong>L'ultima tela per la personalizzazione: La vostra visione, incapsulata<\/strong><\/p>\n<p>Questo blocco acrilico \u00e8 soprattutto una tela per la vostra immaginazione creativa. Le possibilit\u00e0 di personalizzazione sono praticamente illimitate e lo rendono l'opzione migliore per un'ampia gamma di applicazioni.<\/p>\n<ul>\n<li><strong>Eccellenza aziendale e branding:<\/strong><\/li>\n<li><strong>Onori e riconoscimenti:\u00a0<\/strong>Superate le comuni targhe. Onorate il \u201cMembro del personale dell'anno\u201d, il \u201cLeader delle vendite\u201d o gli \u201cAnni di servizio\u201d con un'onorificenza che sia tanto importante quanto il risultato stesso. Incidete in 3D il nome del destinatario, il titolo del premio e il logo dell'azienda.<\/li>\n<li><strong>Lanci di prodotti e meraviglie ingegneristiche:\u00a0<\/strong>Come mostra l'immagine di esempio, non c'\u00e8 modo migliore per mostrare un articolo nuovo di zecca o un pezzo di ingegneria complessa. Renderizzate un progetto CAD 3D della vostra riparazione, del vostro gadget o del progetto di un edificio all'interno del blocco. \u00c8 un efficace strumento di pubblicit\u00e0 e marketing e un regalo memorabile per clienti, compagni e investitori.<\/li>\n<li><strong>Regali aziendali e gettoni per eventi:\u00a0<\/strong>In occasione di seminari, mostre (come il Salone Internazionale del Veicolo di Shanghai di cui si parla nell'esempio) o anniversari aziendali, questi blocchetti fungono da ricordo di alto livello e memorabile. Sono un ricordo costante ed elegante della dedizione del vostro marchio alla massima qualit\u00e0 e al progresso.<\/li>\n<li><strong>Pietre miliari personali e ricordi cari:<\/strong><\/li>\n<li><strong>Matrimoni e anniversari:\u00a0<\/strong>Immortalate il giorno della celebrazione del matrimonio, i nomi della coppia e persino una foto renderizzata in 3D da una foto preferita. \u00c8 un ricordo classico che sar\u00e0 conservato per tutta la vita.<\/li>\n<li><strong>Lauree e risultati accademici:\u00a0<\/strong>Festeggiate un dottorato con un modello 3D di un'elica di DNA, un livello in stile con un rendering del lavoro finale del laureato, o una laurea in legge con le gamme della giustizia.<\/li>\n<li><strong>Memoriali:\u00a0<\/strong>Create un omaggio attraente e duraturo a una persona amata o a un caro animale domestico. Un nome di base, un giorno e un'icona significativa possono essere conservati per sempre in una qualit\u00e0 perfetta, con un fattore di riflessione piacevole e pacifico.<\/li>\n<li><strong>Hobby e passioni:\u00a0<\/strong>Da un'automobile d'epoca per il fanatico delle auto a una nota musicale per il musicista, ogni interesse pu\u00f2 essere trasformato in un'opera d'arte personale.<\/li>\n<\/ul>\n<p><strong>Alta qualit\u00e0 senza compromessi ed eleganza duratura<\/strong><\/p>\n<p>Utilizziamo solo la migliore qualit\u00e0 di acrilico di prima scelta, otticamente puro. A differenza delle plastiche di qualit\u00e0 inferiore, il nostro materiale viene scelto per la sua eccezionale qualit\u00e0, la resistenza all'ingiallimento nel tempo e la sua gratificante consistenza, che simula accuratamente quella di un grande cristallo. I bordi sono lucidati al diamante per essere perfettamente lisci e chiari, permettendo alla luce di entrare da tutti i lati e di illuminare l'iscrizione interna.<\/p>\n<p>Questa scelta di prodotto garantisce inoltre la resistenza. Pur possedendo la bellezza visiva del vetro, \u00e8 molto pi\u00f9 resistente ai frantumi, assicurando che il vostro caro ricordo rimanga sicuro e bello per gli anni a venire. Per prendersene cura, basta una semplice passata con un morbido tessuto in microfibra per recuperare la sua brillantezza.<\/p>\n<p><strong>Il vostro viaggio dal concetto al capolavoro<\/strong><\/p>\n<p>La creazione del vostro blocco acrilico personalizzato \u00e8 un processo comune e senza soluzione di continuit\u00e0. Basta fornirci il messaggio, il logo, l'immagine 2D o il file di design 3D che preferite. Il nostro team di designer specializzati creer\u00e0 quindi una prova digitale per la vostra approvazione, mostrandovi nello specifico come il vostro stile apparir\u00e0 all'interno del blocco. Una volta soddisfatti, i nostri maestri artigiani daranno vita alla vostra visione con una precisione senza pari.<\/p>\n<p>Non limitatevi a fare un regalo, ma offrite una tradizione. Non acquistate solo un souvenir, ma un'opera d'arte che racconta una storia. Scegliete il blocco acrilico personalizzato con incisione laser 3D e avvolgete i momenti pi\u00f9 importanti con una luminosit\u00e0 classica e cristallina.<\/p>","protected":false},"excerpt":{"rendered":"<p class=\"ng-star-inserted\"><span class=\"ng-star-inserted\">Create un ricordo senza tempo con i nostri blocchi acrilici personalizzati incisi al laser in 3D. Il vostro logo, testo o immagine viene inciso con precisione all'interno dell'acrilico cristallino, creando uno straordinario effetto fluttuante. Perfetti per premi aziendali, regali personalizzati e souvenir unici che lasciano un'impressione duratura.<\/span><\/p>","protected":false},"featured_media":1444,"template":"","meta":{"_kad_post_transparent":"default","_kad_post_title":"","_kad_post_layout":"default","_kad_post_sidebar_id":"","_kad_post_content_style":"default","_kad_post_vertical_padding":"default","_kad_post_feature":"","_kad_post_feature_position":"","_kad_post_header":false,"_kad_post_footer":false,"_kad_post_classname":""},"product_brand":[],"product_cat":[20],"product_tag":[129],"class_list":{"0":"post-1441","1":"product","2":"type-product","3":"status-publish","4":"has-post-thumbnail","6":"product_cat-custom-acrylic-crafts","7":"product_tag-acrylic-crafts","9":"first","10":"instock","11":"shipping-taxable","12":"product-type-simple","13":"entry","14":"content-bg","15":"loop-entry"},"_links":{"self":[{"href":"https:\/\/customacrylicproduct.com\/it\/wp-json\/wp\/v2\/product\/1441","targetHints":{"allow":["GET"]}}],"collection":[{"href":"https:\/\/customacrylicproduct.com\/it\/wp-json\/wp\/v2\/product"}],"about":[{"href":"https:\/\/customacrylicproduct.com\/it\/wp-json\/wp\/v2\/types\/product"}],"wp:featuredmedia":[{"embeddable":true,"href":"https:\/\/customacrylicproduct.com\/it\/wp-json\/wp\/v2\/media\/1444"}],"wp:attachment":[{"href":"https:\/\/customacrylicproduct.com\/it\/wp-json\/wp\/v2\/media?parent=1441"}],"wp:term":[{"taxonomy":"product_brand","embeddable":true,"href":"https:\/\/customacrylicproduct.com\/it\/wp-json\/wp\/v2\/product_brand?post=1441"},{"taxonomy":"product_cat","embeddable":true,"href":"https:\/\/customacrylicproduct.com\/it\/wp-json\/wp\/v2\/product_cat?post=1441"},{"taxonomy":"product_tag","embeddable":true,"href":"https:\/\/customacrylicproduct.com\/it\/wp-json\/wp\/v2\/product_tag?post=1441"}],"curies":[{"name":"wp","href":"https:\/\/api.w.org\/{rel}","templated":true}]}}