{"id":1451,"date":"2025-07-21T08:16:11","date_gmt":"2025-07-21T08:16:11","guid":{"rendered":"https:\/\/customacrylicproduct.com\/?post_type=product&#038;p=1451"},"modified":"2025-07-21T08:16:11","modified_gmt":"2025-07-21T08:16:11","slug":"office-desk-custom-clear-acrylic-desk-computer-desk","status":"publish","type":"product","link":"https:\/\/customacrylicproduct.com\/it\/office-desk-custom-clear-acrylic-desk-computer-desk\/","title":{"rendered":"Scrivania da ufficio Scrivania in acrilico trasparente personalizzata Scrivania per computer"},"content":{"rendered":"<h3 id=\"redefine-your-work-area-the-custom-made-polymer-desk-for-the-modern-visionary\">Ridefinire l'area di lavoro: La scrivania in polimero su misura per il visionario moderno<\/h3>\n<p>In un'epoca in cui la nostra vita lavorativa e quella personale sono pi\u00f9 che mai intrecciate, l'area in cui viviamo per l'immaginazione, la concentrazione e le prestazioni merita di essere pi\u00f9 che semplicemente funzionale. Deve essere un'espansione della nostra individualit\u00e0, una risorsa di ispirazione e una testimonianza di un design di grande effetto. Non ricordate le grandi scrivanie poco creative del passato: il legno massiccio, l'acciaio freddo, gli stili comuni che abitano lo spazio senza valorizzarlo. \u00c8 ora di accettare un nuovo standard di design, che favorisca la luce, l'aria e l'espressione personale.<\/p>\n<p>Introduzione al\u00a0<strong>Scrivania per computer in polimero personalizzata\u00a0<\/strong>, Un'opera d'arte dal design minimalista e dall'ingegneria moderna. Non si tratta di un semplice mobile, ma di una dichiarazione. Ricavata da un unico elemento continuo di acrilico all'avanguardia, la sua iconica silhouette a \u201ccascata\u201d scorre senza soluzione di continuit\u00e0 dalla superficie al pavimento, producendo un elemento di fascino scultoreo tanto sensibile quanto impressionante. Sia che vogliate l'eleganza eterea e scarna della trasparenza cristallina, sia che vogliate il tocco avventuroso di un colore vibrante e personalizzato, questo tavolo da lavoro \u00e8 stato creato per trasformare il vostro posto di lavoro, il vostro laboratorio o il vostro angolo creativo in un santuario di stile ed efficienza.<\/p>\n<p><img fetchpriority=\"high\" decoding=\"async\" class=\"wp-image-1452 size-large aligncenter\" src=\"https:\/\/customacrylicproduct.com\/wp-content\/uploads\/2025\/07\/Custom-Clear-Acrylic-Desk-1-1024x1024.jpg\" alt=\"Scrivania in acrilico trasparente personalizzata (1)\" width=\"1024\" height=\"1024\" srcset=\"https:\/\/customacrylicproduct.com\/wp-content\/uploads\/2025\/07\/Custom-Clear-Acrylic-Desk-1-1024x1024.jpg 1024w, https:\/\/customacrylicproduct.com\/wp-content\/uploads\/2025\/07\/Custom-Clear-Acrylic-Desk-1-300x300.jpg 300w, https:\/\/customacrylicproduct.com\/wp-content\/uploads\/2025\/07\/Custom-Clear-Acrylic-Desk-1-150x150.jpg 150w, https:\/\/customacrylicproduct.com\/wp-content\/uploads\/2025\/07\/Custom-Clear-Acrylic-Desk-1-768x768.jpg 768w, https:\/\/customacrylicproduct.com\/wp-content\/uploads\/2025\/07\/Custom-Clear-Acrylic-Desk-1-600x600.jpg 600w, https:\/\/customacrylicproduct.com\/wp-content\/uploads\/2025\/07\/Custom-Clear-Acrylic-Desk-1-100x100.jpg 100w, https:\/\/customacrylicproduct.com\/wp-content\/uploads\/2025\/07\/Custom-Clear-Acrylic-Desk-1.jpg 1500w\" sizes=\"(max-width: 1024px) 100vw, 1024px\" \/><\/p>\n<h4 id=\"-the-power-of-openness-an-illusion-of-area-and-quality-\"><strong>Il potere dell'apertura: Un'illusione di area e qualit\u00e0<\/strong><\/h4>\n<p>Immaginate uno spazio di lavoro che sia davvero aperto, ventilato e senza limiti. La variante trasparente della nostra scrivania in acrilico, come si vede nella foto iniziale, \u00e8 il sogno dei minimalisti. Il suo aspetto immacolato e cristallino crea uno spettacolare impatto \u201cfantasma\u201d, che le permette di integrarsi senza sforzo in qualsiasi tipo di arredamento e di far sembrare l'area molto pi\u00f9 grande e organizzata. \u00c8 l'opzione migliore per appartamenti o condomini di piccole dimensioni, spazi accoglienti per l'ufficio in casa o per chiunque pensi che un'area ordinata porti a una mente ordinata.<\/p>\n<p>La superficie del tavolo da lavoro sembra fluttuare a mezz'aria, offrendo una splendida piattaforma per gli strumenti essenziali. Il vostro computer portatile appare sospeso, la vostra tazza di caff\u00e8 preferita viene tenuta in alto e la vivace ecologia di una piccola succulenta diventa un punto focale rispetto allo sfondo trasparente. La luce lo attraversa senza ostacoli, disperdendosi sul pavimento e sulle pareti, eliminando il pesante impatto visivo delle scrivanie tradizionali. Questo silenzio visivo permette di mettere in primo piano la decorazione, la vista e le idee. Realizzato in acrilico di alto spessore, utilizza l'eleganza trasparente del vetro senza la sua fragilit\u00e0 o il suo peso eccessivo, garantendo una lunga durata e un'estetica elegante e raffinata per molti anni a venire.<\/p>\n<p><img decoding=\"async\" class=\"wp-image-1453 size-large aligncenter\" src=\"https:\/\/customacrylicproduct.com\/wp-content\/uploads\/2025\/07\/Custom-Clear-Acrylic-Desk-2-1024x1024.jpg\" alt=\"Scrivania in acrilico trasparente personalizzata (2)\" width=\"1024\" height=\"1024\" srcset=\"https:\/\/customacrylicproduct.com\/wp-content\/uploads\/2025\/07\/Custom-Clear-Acrylic-Desk-2-1024x1024.jpg 1024w, https:\/\/customacrylicproduct.com\/wp-content\/uploads\/2025\/07\/Custom-Clear-Acrylic-Desk-2-300x300.jpg 300w, https:\/\/customacrylicproduct.com\/wp-content\/uploads\/2025\/07\/Custom-Clear-Acrylic-Desk-2-150x150.jpg 150w, https:\/\/customacrylicproduct.com\/wp-content\/uploads\/2025\/07\/Custom-Clear-Acrylic-Desk-2-768x768.jpg 768w, https:\/\/customacrylicproduct.com\/wp-content\/uploads\/2025\/07\/Custom-Clear-Acrylic-Desk-2-600x600.jpg 600w, https:\/\/customacrylicproduct.com\/wp-content\/uploads\/2025\/07\/Custom-Clear-Acrylic-Desk-2-100x100.jpg 100w, https:\/\/customacrylicproduct.com\/wp-content\/uploads\/2025\/07\/Custom-Clear-Acrylic-Desk-2.jpg 1500w\" sizes=\"(max-width: 1024px) 100vw, 1024px\" \/><\/p>\n<h4 id=\"-a-dash-of-luster-express-yourself-with-customized-shade-\"><strong>Un pizzico di lucentezza: Esprimetevi con una tonalit\u00e0 personalizzata<\/strong><\/h4>\n<p>Per i pi\u00f9 vivaci, i pi\u00f9 fantasiosi e i pi\u00f9 espressivi, la nostra scrivania in acrilico \u00e8 disponibile in una magnifica gamma di colori personalizzati. Come dimostra il vivace design arancione, questa scrivania pu\u00f2 essere il punto focale elettrizzante della vostra area. Immaginate l'accogliente ed energico splendore dell'arancione tramonto che infonde fantasia e passione nel vostro spazio di lavoro. \u00c8 un'iniezione di adrenalina immaginativa, una fonte costante di ispirazione che trasforma il vostro ufficio in uno studio dinamico. Il colore trasparente cattura la luce, diffondendo un tono accogliente e ambientale in tutta l'area, sviluppando uno stato mentale avanzato e giocoso.<\/p>\n<p>La scrivania arancione, sia che si tratti di una postazione computer di tendenza con sedia acrilica abbinata, sia che si tratti di uno stravagante tavolino da caff\u00e8 in un salotto moderno, dimostra il potere trasformativo delle tonalit\u00e0. Ma la scelta spetta a voi. Immaginate un fantastico grigio fumo per un'atmosfera avanzata ed esperta; un blu nautico profondo per favorire la calma e la concentrazione; o un fucsia giocoso per rinvigorire uno spazio creativo. Le nostre alternative cromatiche personalizzate vi consentono di abbinare perfettamente la scrivania al vostro marchio personale, ai colori della vostra azienda o semplicemente allo stato d'animo che desiderate coltivare. Non si tratta di semplici mobili, ma di arte utile, ridipinta con la luce.<\/p>\n<p><img decoding=\"async\" class=\"wp-image-1454 size-large aligncenter\" src=\"https:\/\/customacrylicproduct.com\/wp-content\/uploads\/2025\/07\/Custom-Clear-Acrylic-Desk-3-1024x1024.jpg\" alt=\"Scrivania in acrilico trasparente personalizzata (3)\" width=\"1024\" height=\"1024\" srcset=\"https:\/\/customacrylicproduct.com\/wp-content\/uploads\/2025\/07\/Custom-Clear-Acrylic-Desk-3-1024x1024.jpg 1024w, https:\/\/customacrylicproduct.com\/wp-content\/uploads\/2025\/07\/Custom-Clear-Acrylic-Desk-3-300x300.jpg 300w, https:\/\/customacrylicproduct.com\/wp-content\/uploads\/2025\/07\/Custom-Clear-Acrylic-Desk-3-150x150.jpg 150w, https:\/\/customacrylicproduct.com\/wp-content\/uploads\/2025\/07\/Custom-Clear-Acrylic-Desk-3-768x768.jpg 768w, https:\/\/customacrylicproduct.com\/wp-content\/uploads\/2025\/07\/Custom-Clear-Acrylic-Desk-3-600x600.jpg 600w, https:\/\/customacrylicproduct.com\/wp-content\/uploads\/2025\/07\/Custom-Clear-Acrylic-Desk-3-100x100.jpg 100w, https:\/\/customacrylicproduct.com\/wp-content\/uploads\/2025\/07\/Custom-Clear-Acrylic-Desk-3.jpg 1154w\" sizes=\"(max-width: 1024px) 100vw, 1024px\" \/><\/p>\n<h4 id=\"-masterful-design-meets-uncompromising-functionality-\"><strong>Un design magistrale incontra una funzionalit\u00e0 senza compromessi<\/strong><\/h4>\n<p>Sebbene la sua estetica sia senza dubbio la funzione pi\u00f9 appariscente, la scrivania acrilica personalizzata \u00e8 stata progettata pensando all'efficienza quotidiana. La magia dello stile a cascata dipende dalla sua costruzione senza soluzione di continuit\u00e0, che elimina linee e giunture severe, dando vita a un tipo fluido e di classe con bordi splendidamente arrotondati, sicuri ed esteticamente morbidi.<\/p>\n<p>Un elemento fondamentale di questa disposizione intelligente \u00e8 il ripiano inferiore incorporato. Questo ripiano, discreto ma spazioso, \u00e8 fondamentale per mantenere una superficie di lavoro bella e priva di ingombri. \u00c8 la sede migliore per i libri di consultazione, come l'elegante quantit\u00e0 \u201cCHANEE\u201d, o per riporre la tastiera e il mouse del computer a fine giornata. \u00c8 possibile tenere a portata di mano blocchi per appunti, agende o un tablet, mantenendo l'area aperta e ordinata della scrivania principale per le attivit\u00e0 pi\u00f9 urgenti.<\/p>\n<p>Il computer da tavolo stesso offre ampie propriet\u00e0 per qualsiasi configurazione. Pu\u00f2 ospitare comodamente un computer portatile e i relativi accessori, come nella prima immagine, oppure un monitor desktop di dimensioni standard come un iMac, una tastiera e un mouse, con tanto spazio a disposizione per un blocco note, una pianta e la vostra bevanda preferita. La sua versatilit\u00e0 va oltre la postazione di lavoro: pu\u00f2 essere utilizzato come sofisticato vanity table in camera da letto, come elegante consolle all'ingresso o come sofisticata superficie per lo schermo in salotto.<\/p>\n<h4 id=\"-the-ultimate-bespoke-present-for-the-discerning-person-\"><strong>Il regalo definitivo su misura per una persona esigente<\/strong><\/h4>\n<p>In un mondo di prodotti di massa, un regalo assolutamente individuale e premuroso \u00e8 diverso. Il tavolo da lavoro in acrilico su misura \u00e8 il regalo supremo per le persone che apprezzano il design, la qualit\u00e0 e l'unicit\u00e0. \u00c8 un regalo straordinario per un neolaureato che inizia la sua professione, per un imprenditore in erba che presenta l'azienda dei suoi sogni o per una persona a lui cara che ultimamente \u00e8 passata a lavorare da casa.<\/p>\n<p>Alzate il vostro regalo sfruttando le nostre possibilit\u00e0 di personalizzazione. Selezionate le misure ideali per adattarle a una stanza speciale. Scegliete un colore che rispecchi il loro cuore, sia esso rilassante e chiaro o dinamico e audace. Per un tocco personale davvero impareggiabile, prendete in considerazione la possibilit\u00e0 di far incidere sulla superficie le iniziali, una citazione ispiratrice o il logo dell'azienda. In questo modo la scrivania si trasforma da un oggetto splendido a un patrimonio personale, un ricordo quotidiano della vostra premura e del loro potenziale.<\/p>\n<p><strong>Aumentare l'ambiente<\/strong><\/p>\n<p>Il vostro spazio di lavoro \u00e8 il luogo in cui nascono i concetti, si creano le tecniche e si costruiscono i desideri. Dovrebbe essere un luogo che vi equipaggia e vi motiva. Il tavolo da lavoro per computer in acrilico su misura \u00e8 molto pi\u00f9 di un semplice luogo in cui lavorare: \u00e8 un catalizzatore del pensiero creativo, un simbolo dello stile moderno e una chiara rappresentazione del vostro stile lungimirante. Scegliete la qualit\u00e0. Scegliete il colore. Scegliete la personalizzazione. \u00c8 il momento di creare uno spazio che amate.<\/p>","protected":false},"excerpt":{"rendered":"<p class=\"ng-star-inserted\"><span class=\"ng-star-inserted\">Trasformate il vostro spazio di lavoro con questa splendida scrivania a cascata in acrilico. Il suo design minimalista e trasparente aggiunge un tocco moderno e crea un'illusione di spazio. Disponibile in colori trasparenti o vivaci personalizzati, con un comodo ripiano portaoggetti. Perfetta per l'ufficio di casa o come elegante tavolino da toilette.<\/span><\/p>","protected":false},"featured_media":1452,"template":"","meta":{"_kad_post_transparent":"default","_kad_post_title":"","_kad_post_layout":"default","_kad_post_sidebar_id":"","_kad_post_content_style":"default","_kad_post_vertical_padding":"default","_kad_post_feature":"","_kad_post_feature_position":"","_kad_post_header":false,"_kad_post_footer":false,"_kad_post_classname":""},"product_brand":[],"product_cat":[21],"product_tag":[151],"class_list":{"0":"post-1451","1":"product","2":"type-product","3":"status-publish","4":"has-post-thumbnail","6":"product_cat-custom-acrylic-furnitures","7":"product_tag-custom-clear-acrylic-desk","9":"first","10":"instock","11":"shipping-taxable","12":"product-type-simple","13":"entry","14":"content-bg","15":"loop-entry"},"_links":{"self":[{"href":"https:\/\/customacrylicproduct.com\/it\/wp-json\/wp\/v2\/product\/1451","targetHints":{"allow":["GET"]}}],"collection":[{"href":"https:\/\/customacrylicproduct.com\/it\/wp-json\/wp\/v2\/product"}],"about":[{"href":"https:\/\/customacrylicproduct.com\/it\/wp-json\/wp\/v2\/types\/product"}],"wp:featuredmedia":[{"embeddable":true,"href":"https:\/\/customacrylicproduct.com\/it\/wp-json\/wp\/v2\/media\/1452"}],"wp:attachment":[{"href":"https:\/\/customacrylicproduct.com\/it\/wp-json\/wp\/v2\/media?parent=1451"}],"wp:term":[{"taxonomy":"product_brand","embeddable":true,"href":"https:\/\/customacrylicproduct.com\/it\/wp-json\/wp\/v2\/product_brand?post=1451"},{"taxonomy":"product_cat","embeddable":true,"href":"https:\/\/customacrylicproduct.com\/it\/wp-json\/wp\/v2\/product_cat?post=1451"},{"taxonomy":"product_tag","embeddable":true,"href":"https:\/\/customacrylicproduct.com\/it\/wp-json\/wp\/v2\/product_tag?post=1451"}],"curies":[{"name":"wp","href":"https:\/\/api.w.org\/{rel}","templated":true}]}}