{"id":1457,"date":"2025-07-21T08:29:07","date_gmt":"2025-07-21T08:29:07","guid":{"rendered":"https:\/\/customacrylicproduct.com\/?post_type=product&#038;p=1457"},"modified":"2025-07-21T08:29:07","modified_gmt":"2025-07-21T08:29:07","slug":"custom-acrylic-display-stand-acrylic-u-shape-display-stand","status":"publish","type":"product","link":"https:\/\/customacrylicproduct.com\/it\/custom-acrylic-display-stand-acrylic-u-shape-display-stand\/","title":{"rendered":"Banco di mostra acrilico personalizzato Banco di mostra acrilico a forma di U"},"content":{"rendered":"<h3 id=\"-raise-your-show-the-ultimate-customized-u-shaped-polymer-riser-stand-\"><strong>Alzate il vostro spettacolo: L'ultimo cavalletto a U personalizzato in polimero<\/strong><\/h3>\n<p>In un mondo pieno di oggetti, il modo in cui li offrite \u00e8 fondamentale quanto gli oggetti stessi. Uno scaffale in disordine, un bancone da cucina in disordine o uno schermo di esposizione al dettaglio poco brillante possono far s\u00ec che i vostri oggetti pi\u00f9 preziosi o molto popolari vengano trascurati. \u00c8 ora di cambiare la discussione da banale a spettacolare. Vi presentiamo il portaoggetti personalizzato in polimero a forma di U: uno strumento flessibile, sofisticato e potente, progettato per far risaltare i vostri oggetti, per attirare l'attenzione e per raccontare la loro storia.<\/p>\n<p>Non si tratta di un semplice supporto, ma di una fase. Realizzati in acrilico cristallino di prima qualit\u00e0, questi supporti offrono un innovativo risultato di \u201cdrifting\u201d, sviluppando un'estetica pulita e moderna che rafforza piuttosto che distrarre. Se siete un collezionista critico, un visionario della vendita al dettaglio o semplicemente una persona che apprezza una stanza ordinata e attraente, questa collezione di supporti per schermi \u00e8 la soluzione flessibile che stavate cercando.<\/p>\n<p><img fetchpriority=\"high\" decoding=\"async\" class=\"size-full wp-image-1458\" src=\"https:\/\/customacrylicproduct.com\/wp-content\/uploads\/2025\/07\/Custom-Acrylic-Display-1-1.jpg\" alt=\"Display acrilico personalizzato (1)\" width=\"750\" height=\"750\" srcset=\"https:\/\/customacrylicproduct.com\/wp-content\/uploads\/2025\/07\/Custom-Acrylic-Display-1-1.jpg 750w, https:\/\/customacrylicproduct.com\/wp-content\/uploads\/2025\/07\/Custom-Acrylic-Display-1-1-300x300.jpg 300w, https:\/\/customacrylicproduct.com\/wp-content\/uploads\/2025\/07\/Custom-Acrylic-Display-1-1-150x150.jpg 150w, https:\/\/customacrylicproduct.com\/wp-content\/uploads\/2025\/07\/Custom-Acrylic-Display-1-1-600x600.jpg 600w, https:\/\/customacrylicproduct.com\/wp-content\/uploads\/2025\/07\/Custom-Acrylic-Display-1-1-100x100.jpg 100w\" sizes=\"(max-width: 750px) 100vw, 750px\" \/><\/p>\n<h4 id=\"-unparalleled-clearness-and-superior-top-quality-\"><strong>Chiarezza senza pari e qualit\u00e0 superiore<\/strong><\/h4>\n<p>I nostri espositori a U sono costruiti in acrilico di grado A ad alta densit\u00e0, un materiale rinomato per le sue eccezionali caratteristiche costruttive. A differenza del vetro, l'acrilico \u00e8 leggero e resistente ai frantumi, il che lo rende una scelta pi\u00f9 sicura e funzionale sia per gli ambienti industriali che per quelli domestici. La sua caratteristica pi\u00f9 interessante, tuttavia, \u00e8 la chiarezza ottica. Con un tasso di trasmissione della luce superiore a quello del vetro, i nostri supporti in acrilico assicurano che i vostri oggetti vengano osservati senza alcuna sfumatura o distorsione. L'enfasi continua a essere posta sul vostro articolo, messo in mostra nelle sue sfumature pi\u00f9 vere e nelle sue informazioni migliori.<\/p>\n<p>Ogni supporto \u00e8 realizzato meticolosamente da un'unica lastra di acrilico. Utilizzando un'avanzata innovazione di curvatura a caldo, creiamo una curva a \u201ccascata\u201d senza soluzione di continuit\u00e0, che provoca la famosa forma a \"U\". Questa costruzione in un unico pezzo elimina la necessit\u00e0 di colla o giunture deboli, assicurando una resistenza e una resilienza eccellenti. I lati sono tagliati al laser e lucidati al diamante per ottenere una finitura liscia e luminosa, che riflette la luce in modo splendido e aggiunge un tocco di lusso alla presentazione totale.<\/p>\n<p><img decoding=\"async\" class=\"size-full wp-image-1459\" src=\"https:\/\/customacrylicproduct.com\/wp-content\/uploads\/2025\/07\/Custom-Acrylic-Display-2-1.jpg\" alt=\"Display acrilico personalizzato (2)\" width=\"750\" height=\"750\" srcset=\"https:\/\/customacrylicproduct.com\/wp-content\/uploads\/2025\/07\/Custom-Acrylic-Display-2-1.jpg 750w, https:\/\/customacrylicproduct.com\/wp-content\/uploads\/2025\/07\/Custom-Acrylic-Display-2-1-300x300.jpg 300w, https:\/\/customacrylicproduct.com\/wp-content\/uploads\/2025\/07\/Custom-Acrylic-Display-2-1-150x150.jpg 150w, https:\/\/customacrylicproduct.com\/wp-content\/uploads\/2025\/07\/Custom-Acrylic-Display-2-1-600x600.jpg 600w, https:\/\/customacrylicproduct.com\/wp-content\/uploads\/2025\/07\/Custom-Acrylic-Display-2-1-100x100.jpg 100w\" sizes=\"(max-width: 750px) 100vw, 750px\" \/><\/p>\n<h4 id=\"-a-world-of-versatility-from-retail-to-collectibles-\"><strong>Un mondo di versatilit\u00e0: Dalla vendita al dettaglio al collezionismo<\/strong><\/h4>\n<p>La genialit\u00e0 di queste alzate in acrilico sta nella loro incredibile versatilit\u00e0. Spesso disponibili in forma di trino annidato o in dimensioni pi\u00f9 varie (piccole, medie e grandi), possono essere installati in modo da creare un ordine estetico dinamico e multilivello. Questo effetto a pi\u00f9 livelli attira lo sguardo su tutto l'espositore, garantendo a ogni articolo il suo momento di gloria.<\/p>\n<p><strong>Per l'ambiente di vendita al dettaglio:\u00a0<\/strong>.<\/p>\n<ul>\n<li><strong>Boutique e negozi di scarpe:\u00a0<\/strong>Come mostrano le nostre immagini, questi supporti sono eccellenti per le scarpe di alta gamma. Mostrate un paio di d\u00e9collet\u00e9 nude di classe con il loro sorprendente fondo rosso o un classico paio di scarpe da cerimonia in pelle naturale nera. Le diverse altezze vi permettono di inserire un articolo protagonista o di organizzare una collezione con un ritmo estetico sofisticato.<\/li>\n<li><strong>Banchi di gioielli preziosi e accessori:\u00a0<\/strong>Immaginate le fragili collane accostate alla raffinata superficie, i panorami che catturano la luce o le borse da sviluppatore presentate come capolavori. La trasparenza del supporto fa scintillare i tesori e brillare i metalli.<\/li>\n<li><strong>Cosmetici ed eleganza:\u00a0<\/strong>Organizzate fragranze, contenitori per la cura della pelle e palette per il trucco in un espositore pulito e accogliente che parla di qualit\u00e0 e igiene.<\/li>\n<li><strong>Panetterie e caff\u00e8:\u00a0<\/strong>Create un'esposizione appetitosa per cupcake, macarons e pasticcini artigianali. Il prodotto acrilico, sicuro per gli alimenti, \u00e8 igienico e facile da pulire.<\/li>\n<li><strong>Esposizione e mostre:\u00a0<\/strong>In un contesto competitivo, distinguetevi dalla massa. Questi stand leggeri e mobili sono semplici da consegnare e da montare, e conferiscono immediatamente al vostro stand un aspetto esperto ed elegante.<\/li>\n<\/ul>\n<p><img decoding=\"async\" class=\"size-full wp-image-1460\" src=\"https:\/\/customacrylicproduct.com\/wp-content\/uploads\/2025\/07\/Custom-Acrylic-Display-3-1.jpg\" alt=\"Display acrilico personalizzato (3)\" width=\"750\" height=\"750\" srcset=\"https:\/\/customacrylicproduct.com\/wp-content\/uploads\/2025\/07\/Custom-Acrylic-Display-3-1.jpg 750w, https:\/\/customacrylicproduct.com\/wp-content\/uploads\/2025\/07\/Custom-Acrylic-Display-3-1-300x300.jpg 300w, https:\/\/customacrylicproduct.com\/wp-content\/uploads\/2025\/07\/Custom-Acrylic-Display-3-1-150x150.jpg 150w, https:\/\/customacrylicproduct.com\/wp-content\/uploads\/2025\/07\/Custom-Acrylic-Display-3-1-600x600.jpg 600w, https:\/\/customacrylicproduct.com\/wp-content\/uploads\/2025\/07\/Custom-Acrylic-Display-3-1-100x100.jpg 100w\" sizes=\"(max-width: 750px) 100vw, 750px\" \/><\/p>\n<p><strong>Per il collezionista appassionato e l'organizzatore di case:<\/strong><\/p>\n<ul>\n<li><strong>La fase del desiderio di un appassionato:\u00a0<\/strong>Questi supporti sono assolutamente indispensabili per le agenzie di collezionismo. Create una scena d'effetto con le vostre action figure preferite, come quelle dei personaggi del mondo delle meraviglie come Spider-Man, Iron Male, Hunk e Thor. Mostrate la vostra collezione di Funko Pops, come gli affascinanti numeri di Groot, o gli amati personaggi degli anime come Doraemon. I gradi permettono di dare a ogni numero, dalla prima all'ultima fila, una presenza chiara, trasformando un semplice scaffale in un diorama di qualit\u00e0 museale.<\/li>\n<li><strong>Stile di casa elegante:\u00a0<\/strong>Utilizzateli per passare davanti a oggetti d'antiquariato. Sistemateli su una libreria per sollevare piccole sculture o piante grasse in vaso. Sistemate il vostro vanity creando livelli per profumi e creme. In cucina, possono fungere da elegante portaspezie.<\/li>\n<\/ul>\n<h4 id=\"-the-power-of-personalization-created-you-\"><strong>Il potere della personalizzazione: Creati tu<\/strong><\/h4>\n<p>Sebbene le nostre collezioni tipiche siano create per un'ampia allure, siamo consapevoli che una dimensione non va bene per tutti. Ecco perch\u00e9 offriamo volentieri\u00a0<strong>Stand per regali in acrilico su misura\u00a0<\/strong>. \u00c8 qui che la vostra visione specifica si ravviva.<\/p>\n<ul>\n<li><strong>Dimensioni personalizzate:\u00a0<\/strong>Avete una statuetta anormalmente alta o un oggetto di grandi dimensioni? Siamo in grado di produrre supporti in base alle vostre precise esigenze di altezza, larghezza e profondit\u00e0, assicurandovi ogni volta la migliore vestibilit\u00e0.<\/li>\n<li><strong>Colore e fine:\u00a0<\/strong>Se il cristallo \u00e8 uno standard senza tempo, il vostro marchio o il vostro stile potrebbero richiedere qualcosa di diverso. Come si vede in una delle nostre immagini di lifestyle, questi supporti sono magnifici in solido.\u00a0<strong>acrilico nero\u00a0<\/strong>, utilizzando un confronto forte e significativo che fa risaltare gli articoli. Possiamo inoltre produrli in bianco, frozen o in una serie di altri colori per abbinarli perfettamente al vostro branding.<\/li>\n<li><strong>Branding e personalizzazione:\u00a0<\/strong>Per le aziende, questo \u00e8 un vero e proprio cambiamento. Possiamo inserire o pubblicare con competenza il logo della vostra azienda, il nome del vostro marchio o un messaggio unico direttamente sullo stand. In questo modo si trasforma un semplice schermo in un efficace strumento di branding.<\/li>\n<\/ul>\n<h4 id=\"-the-perfect-thoughtful-present-\"><strong>Il regalo perfetto per il pensiero<\/strong><\/h4>\n<p>State cercando un regalo speciale e pratico? L'espositore acrilico personalizzato \u00e8 una scelta incredibilmente ponderata per una serie di persone nella vostra vita:.<\/p>\n<ul>\n<li><strong>Per l'agenzia di riscossione:\u00a0<\/strong>Regalate loro uno splendido schermo per l'attivit\u00e0 di svago che amano. \u00c8 un regalo che dimostra che tenete conto dei loro interessi.<\/li>\n<li><strong>Per il proprietario di un'attivit\u00e0 commerciale locale:\u00a0<\/strong>Aiutate un amico o un parente a potenziare la sua piccola azienda o il suo negozio Etsy con un'opzione espositiva esperta.<\/li>\n<li><strong>Per gli amanti della moda:\u00a0<\/strong>Un mezzo elegante e di tendenza per organizzare ed esporre le calzature, le borse o i gioielli preferiti.<\/li>\n<li><strong>Per la coppia o il nuovo proprietario di casa:\u00a0<\/strong>Un regalo contemporaneo e utile che li aiuta a organizzare e abbellire il loro nuovo spazio con stile.<\/li>\n<\/ul>\n<p>Acquistate una presentazione che giustifichi i vostri articoli e i vostri entusiasmi. Superate il livello e la trascuratezza. Con l'espositore in polimero a forma di U personalizzato, potete sviluppare la profondit\u00e0, includere l'eleganza e trasformare qualsiasi superficie in una mostra curata. Ordinate oggi stesso il vostro e scoprite l'arte dell'esposizione.<\/p>","protected":false},"excerpt":{"rendered":"<p class=\"ng-star-inserted\"><span class=\"ng-star-inserted\">Elevate i vostri articoli con i nostri espositori acrilici a U personalizzati. Questo set di alzate trasparenti \u00e8 perfetto per creare splendide presentazioni a pi\u00f9 livelli per scarpe, oggetti da collezione o prodotti al dettaglio. Durevoli, eleganti e versatili per qualsiasi esigenza espositiva.<\/span><\/p>","protected":false},"featured_media":1458,"template":"","meta":{"_kad_post_transparent":"default","_kad_post_title":"","_kad_post_layout":"default","_kad_post_sidebar_id":"","_kad_post_content_style":"default","_kad_post_vertical_padding":"default","_kad_post_feature":"","_kad_post_feature_position":"","_kad_post_header":false,"_kad_post_footer":false,"_kad_post_classname":""},"product_brand":[],"product_cat":[15],"product_tag":[33],"class_list":{"0":"post-1457","1":"product","2":"type-product","3":"status-publish","4":"has-post-thumbnail","6":"product_cat-custom-acrylic-displays","7":"product_tag-custom-acrylic-display","9":"first","10":"instock","11":"shipping-taxable","12":"product-type-simple","13":"entry","14":"content-bg","15":"loop-entry"},"_links":{"self":[{"href":"https:\/\/customacrylicproduct.com\/it\/wp-json\/wp\/v2\/product\/1457","targetHints":{"allow":["GET"]}}],"collection":[{"href":"https:\/\/customacrylicproduct.com\/it\/wp-json\/wp\/v2\/product"}],"about":[{"href":"https:\/\/customacrylicproduct.com\/it\/wp-json\/wp\/v2\/types\/product"}],"wp:featuredmedia":[{"embeddable":true,"href":"https:\/\/customacrylicproduct.com\/it\/wp-json\/wp\/v2\/media\/1458"}],"wp:attachment":[{"href":"https:\/\/customacrylicproduct.com\/it\/wp-json\/wp\/v2\/media?parent=1457"}],"wp:term":[{"taxonomy":"product_brand","embeddable":true,"href":"https:\/\/customacrylicproduct.com\/it\/wp-json\/wp\/v2\/product_brand?post=1457"},{"taxonomy":"product_cat","embeddable":true,"href":"https:\/\/customacrylicproduct.com\/it\/wp-json\/wp\/v2\/product_cat?post=1457"},{"taxonomy":"product_tag","embeddable":true,"href":"https:\/\/customacrylicproduct.com\/it\/wp-json\/wp\/v2\/product_tag?post=1457"}],"curies":[{"name":"wp","href":"https:\/\/api.w.org\/{rel}","templated":true}]}}