{"id":1462,"date":"2025-07-21T08:41:38","date_gmt":"2025-07-21T08:41:38","guid":{"rendered":"https:\/\/customacrylicproduct.com\/?post_type=product&#038;p=1462"},"modified":"2025-07-21T08:41:38","modified_gmt":"2025-07-21T08:41:38","slug":"wholesale-custom-custom-acrylic-fashion-label-for-brand-logo","status":"publish","type":"product","link":"https:\/\/customacrylicproduct.com\/it\/wholesale-custom-custom-acrylic-fashion-label-for-brand-logo\/","title":{"rendered":"all'ingrosso Etichetta di modo acrilica su ordinazione per il logo di marca"},"content":{"rendered":"<h3 id=\"-elevate-your-brand-an-intro-to-costs-personalized-style-labels-\"><strong>Elevare il proprio marchio: Introduzione ai costi delle etichette di stile personalizzate<\/strong><\/h3>\n<p>In un mondo pieno di marchi, la missione di fare la differenza \u00e8 fondamentale. Ogni dettaglio \u00e8 importante, ogni punto di contatto \u00e8 un'opportunit\u00e0, e ogni elemento del vostro articolo deve collegare la vostra storia di qualit\u00e0, trattamento e identit\u00e0. L'ultima firma tattile sul vostro sviluppo \u00e8 spesso una delle pi\u00f9 durature. Vi presentiamo la nostra linea di etichette di moda personalizzate all'ingrosso in polimero e acciaio: il tocco finale che trasforma i vostri prodotti da semplici oggetti a pezzi preziosi dell'eredit\u00e0 del vostro marchio.<\/p>\n<p>Non si tratta di semplici cartellini, ma di piccoli emblemi di qualit\u00e0, realizzati con cura per sostenere il peso e la statura del vostro logo. Progettati per designer critici, artigiani, gestori di regali aziendali e marchi sviluppati, i nostri cartellini personalizzati sono il ponte tra la vostra visione e la percezione di una qualit\u00e0 ineguagliabile da parte del consumatore.<\/p>\n<p><img fetchpriority=\"high\" decoding=\"async\" class=\"size-full wp-image-1466\" src=\"https:\/\/customacrylicproduct.com\/wp-content\/uploads\/2025\/07\/Acrylic-Fashion-Label-4.jpg\" alt=\"Etichetta moda in acrilico (4)\" width=\"800\" height=\"800\" srcset=\"https:\/\/customacrylicproduct.com\/wp-content\/uploads\/2025\/07\/Acrylic-Fashion-Label-4.jpg 800w, https:\/\/customacrylicproduct.com\/wp-content\/uploads\/2025\/07\/Acrylic-Fashion-Label-4-300x300.jpg 300w, https:\/\/customacrylicproduct.com\/wp-content\/uploads\/2025\/07\/Acrylic-Fashion-Label-4-150x150.jpg 150w, https:\/\/customacrylicproduct.com\/wp-content\/uploads\/2025\/07\/Acrylic-Fashion-Label-4-768x768.jpg 768w, https:\/\/customacrylicproduct.com\/wp-content\/uploads\/2025\/07\/Acrylic-Fashion-Label-4-600x600.jpg 600w, https:\/\/customacrylicproduct.com\/wp-content\/uploads\/2025\/07\/Acrylic-Fashion-Label-4-100x100.jpg 100w\" sizes=\"(max-width: 800px) 100vw, 800px\" \/><\/p>\n<h4 id=\"-the-unspoken-power-of-a-premium-tag-\"><strong>Il potere inespresso di un'etichetta premium<\/strong><\/h4>\n<p>Prima che un cliente sperimenti l'intera qualit\u00e0 del vostro capo, della vostra borsa o del vostro accessorio, vede e sente l'etichetta. Questa interazione iniziale stabilisce il tono dell'intera esperienza del marchio. Un'etichetta leggera e pubblicata pu\u00f2 svalutare inconsciamente l'articolo, mentre un'etichetta solida ed elegantemente incisa in metallo o in acrilico lucido collega immediatamente lusso, robustezza e precisa attenzione alle informazioni.<\/p>\n<p>Le nostre etichette rappresentano un legame sostanziale con il vostro marchio. L'impressionante tocco morbido del metallo elegante, il peso sottile che parla di sostanza, l'iscrizione nitida e precisa del design del vostro logo: queste informazioni sensoriali producono un'impressione efficace e a lungo termine. Raccontano la storia di un marchio che acquista se stesso e, per estensione, la soddisfazione e il piacere dei suoi clienti. Questo piccolo ma sostanziale elemento eleva il valore considerato di qualsiasi cosa che decora, giustificando un fattore di costo e promuovendo un impegno costante per il marchio.<\/p>\n<p><img decoding=\"async\" class=\"size-full wp-image-1465\" src=\"https:\/\/customacrylicproduct.com\/wp-content\/uploads\/2025\/07\/Acrylic-Fashion-Label-3.jpg\" alt=\"Etichetta moda in acrilico (3)\" width=\"800\" height=\"800\" srcset=\"https:\/\/customacrylicproduct.com\/wp-content\/uploads\/2025\/07\/Acrylic-Fashion-Label-3.jpg 800w, https:\/\/customacrylicproduct.com\/wp-content\/uploads\/2025\/07\/Acrylic-Fashion-Label-3-300x300.jpg 300w, https:\/\/customacrylicproduct.com\/wp-content\/uploads\/2025\/07\/Acrylic-Fashion-Label-3-150x150.jpg 150w, https:\/\/customacrylicproduct.com\/wp-content\/uploads\/2025\/07\/Acrylic-Fashion-Label-3-768x768.jpg 768w, https:\/\/customacrylicproduct.com\/wp-content\/uploads\/2025\/07\/Acrylic-Fashion-Label-3-600x600.jpg 600w, https:\/\/customacrylicproduct.com\/wp-content\/uploads\/2025\/07\/Acrylic-Fashion-Label-3-100x100.jpg 100w\" sizes=\"(max-width: 800px) 100vw, 800px\" \/><\/p>\n<h4 id=\"-letting-loose-imagination-unmatched-customization-at-your-fingertips-\"><strong>Liberare l'immaginazione: Personalizzazione senza pari a portata di mano<\/strong><\/h4>\n<p>Il vostro marchio \u00e8 unico e anche la vostra etichetta deve esserlo. Abbiamo costruito la nostra soluzione su una base di totale personalizzazione, garantendo che il prodotto finale sia una rappresentazione perfetta e tangibile del vostro marchio. Ci occupiamo di voi in ogni fase, dall'ideazione alla conclusione, per dare vita alla vostra visione.<\/p>\n<p><strong>1. Una scelta di materiali prestigiosi:<\/strong><\/p>\n<p>Mentre le foto mostrano una spettacolare variet\u00e0 di superfici metalliche, le nostre capacit\u00e0 comprendono sia gli acciai senza tempo che i moderni acrilici, offrendovi uno spettro di possibilit\u00e0 estetiche.<\/p>\n<ul>\n<li><strong>Metallo (lega di zinco, ottone, acciaio inox):\u00a0<\/strong>L'opzione per eccellenza per i marchi di lusso e storici. Le nostre etichette metalliche sono disponibili in una gamma di superfici che comprende:.<\/li>\n<li><strong>Oro lucido:\u00a0<\/strong>Luminoso, classico e senza dubbio opulento. Perfetto per lo stile di alta gamma, l'abbigliamento da sposa e la pelletteria naturale di lusso.<\/li>\n<li><strong>Argento\/nichel pettinato:\u00a0<\/strong>Un rivestimento innovativo e moderno che suggerisce uno stile attuale e una precisione tecnologica.<\/li>\n<li><strong>Oro rosa:\u00a0<\/strong>Un'opzione elegante e classica che offre calore e un tocco di romanticismo.<\/li>\n<li><strong>Ottone\/bronzo antico:\u00a0<\/strong>Presenta un'atmosfera vintage e artigianale, adatta ad articoli artigianali, denim e collezioni ispirate al patrimonio.<\/li>\n<li><strong>Nero opaco:\u00a0<\/strong>Elegante, minimalista e resistente. Un'opzione potente per lo streetwear, gli accessori tecnologici e gli stili progressisti.<\/li>\n<li><strong>Metallo:\u00a0<\/strong>Una superficie scura, lunatica e industriale che emana una raffinatezza tagliente.<\/li>\n<li><strong>Polimero:\u00a0<\/strong>Per i marchi che cercano una dichiarazione moderna, leggera o vivace. L'acrilico offre una serie di vantaggi:.<\/li>\n<li><strong>Tonalit\u00e0 vivaci:\u00a0<\/strong>Disponibile in una gamma virtualmente illimitata di tonalit\u00e0 opache, trasparenti o fluorescenti per adattarsi completamente allo schema di colori del vostro marchio.<\/li>\n<li><strong>Rivestimenti a specchio:\u00a0<\/strong>Ottenete l'aspetto riflettente dell'acciaio con la leggerezza dell'acrilico in oro, argento e altri colori.<\/li>\n<li><strong>Cristallino e smerigliato:\u00a0<\/strong>Crea un sottile effetto \u201cfantasma\u201d del marchio che \u00e8 allo stesso tempo minimalista e high-tech.<\/li>\n<\/ul>\n<p><strong>2. Precisione in ogni informazione:<\/strong><\/p>\n<p>Il vostro logo \u00e8 il cuore del vostro marchio. Ci avvaliamo di tecnologie moderne e all'avanguardia per garantire che sia reso con una precisione impeccabile.<\/p>\n<ul>\n<li><strong>Iscrizione laser:\u00a0<\/strong>Offre linee straordinariamente nitide e pulite e informazioni elaborate, ideali per loghi complessi e grandi messaggi.<\/li>\n<li><strong>Pressofusione e goffratura\/depressione:\u00a0<\/strong>Produce un effetto tridimensionale, offrendo al vostro logo una texture in rilievo o incassata che accoglie il tatto e include la profondit\u00e0.<\/li>\n<li><strong>Ritagli su misura:\u00a0<\/strong>Come abbiamo visto in alcuni casi, possiamo ridurre il nome del vostro marchio o il design del logo direttamente dal materiale, sviluppando un layout unico e indimenticabile.<\/li>\n<\/ul>\n<p><strong>3. Formatura, dimensione e aggiunta:<\/strong><\/p>\n<p>Non ci limitiamo alla tipica forma rettangolare. La vostra etichetta pu\u00f2 essere di qualsiasi forma: ovale, rotonda, una forma personalizzata del vostro simbolo o un tipo geometrico speciale. Inoltre, forniamo diverse opzioni di attacco per soddisfare le vostre specifiche richieste di articoli:.<\/p>\n<ul>\n<li><strong>Fori cuciti:\u00a0<\/strong>Classico, protetto e versatile per i tessuti. Disponibile con due, quattro o fori personalizzati.<\/li>\n<li><strong>Griffe\/rivetti:\u00a0<\/strong>Perfetta per i materiali pi\u00f9 spessi come la pelle naturale, il denim e la tela, per un fissaggio robusto e industrial-chic.<\/li>\n<li><strong>Supporto adesivo:\u00a0<\/strong>Un forte adesivo 3M da applicare su superfici difficili come scatole regalo, dispositivi elettronici o quaderni.<\/li>\n<\/ul>\n<p><img decoding=\"async\" class=\"size-full wp-image-1463\" src=\"https:\/\/customacrylicproduct.com\/wp-content\/uploads\/2025\/07\/Acrylic-Fashion-Label-1.jpg\" alt=\"Etichetta moda in acrilico (1)\" width=\"800\" height=\"800\" srcset=\"https:\/\/customacrylicproduct.com\/wp-content\/uploads\/2025\/07\/Acrylic-Fashion-Label-1.jpg 800w, https:\/\/customacrylicproduct.com\/wp-content\/uploads\/2025\/07\/Acrylic-Fashion-Label-1-300x300.jpg 300w, https:\/\/customacrylicproduct.com\/wp-content\/uploads\/2025\/07\/Acrylic-Fashion-Label-1-150x150.jpg 150w, https:\/\/customacrylicproduct.com\/wp-content\/uploads\/2025\/07\/Acrylic-Fashion-Label-1-768x768.jpg 768w, https:\/\/customacrylicproduct.com\/wp-content\/uploads\/2025\/07\/Acrylic-Fashion-Label-1-600x600.jpg 600w, https:\/\/customacrylicproduct.com\/wp-content\/uploads\/2025\/07\/Acrylic-Fashion-Label-1-100x100.jpg 100w\" sizes=\"(max-width: 800px) 100vw, 800px\" \/><\/p>\n<h4 id=\"-versatile-applications-past-the-garment-\"><strong>Applicazioni versatili: Oltre l'abbigliamento<\/strong><\/h4>\n<p>Pur essendo un prodotto naturale adatto all'industria della moda, l'applicazione delle nostre etichette personalizzate \u00e8 limitata solo dalla vostra creativit\u00e0. Sono un potente strumento di branding in una moltitudine di settori:.<\/p>\n<ul>\n<li><strong>Stile Abbigliamento:\u00a0<\/strong>Si parla di cappotti, giacche sportive, abiti e abiti di alta moda.<\/li>\n<li><strong>Borse e accessori:\u00a0<\/strong>Branding per borse, tascabili, zaini, cinture e bagagli.<\/li>\n<li><strong>Jeans e capispalla:\u00a0<\/strong>Etichette in acciaio resistenti per le macchie dei jeans e gli esterni dei cappotti.<\/li>\n<li><strong>Scarpe:\u00a0<\/strong>Marchio raffinato su scarpe da tennis, stivali e calzature da abito.<\/li>\n<li><strong>Maglieria e cappelli:\u00a0<\/strong>Etichette di classe per berretti, foulard e maglioni.<\/li>\n<li><strong>Prodotti e arredi per la casa:\u00a0<\/strong>Marchio di qualit\u00e0 su cuscini, copriletto, asciugamani e persino mobili di alta gamma.<\/li>\n<li><strong>Regali aziendali:\u00a0<\/strong>Potenziate gli articoli promozionali, gli accessori tecnologici e le confezioni regalo di alta qualit\u00e0 con un marchio permanente e di alto valore.<\/li>\n<li><strong>Artigianato:\u00a0<\/strong>Aggiungete un marchio specialistico ai prodotti fatti a mano, dai dispositivi per cani da compagnia alle riviste rilegate su misura.<\/li>\n<\/ul>\n<h4 id=\"-your-wholesale-companion-in-quality-\"><strong>Il vostro compagno di qualit\u00e0 all'ingrosso<\/strong><\/h4>\n<p>Comprendiamo le esigenze della produzione e il valore di una catena di fornitura affidabile. Il nostro programma di vendita all'ingrosso \u00e8 stato concepito per essere un'esperienza senza soluzione di continuit\u00e0 e incoraggiante per la vostra attivit\u00e0. Offriamo prezzi competitivi per gli ordini all'ingrosso, quantit\u00e0 minime d'ordine (MOQ) ridotte per supportare i designer emergenti e la capacit\u00e0 di produrre su larga scala per marchi affermati. Il nostro rigoroso processo di garanzia della qualit\u00e0 assicura che ogni etichetta del vostro ordine, dalla prima alla decimillesima, mantenga gli stessi criteri di eccellenza in termini di finitura, colore e informazioni.<\/p>\n<p>Il nostro processo collettivo inizia con un appuntamento per riconoscere il vostro compito. Forniamo quindi prove di stampa elettroniche per la vostra approvazione prima di procedere con un esempio fisico, garantendovi di essere completamente soddisfatti prima dell'inizio della produzione completa.<\/p>\n<h4 id=\"-invest-in-your-brand-s-legacy-\"><strong>Investite nell'eredit\u00e0 del vostro marchio<\/strong><\/h4>\n<p>A lungo termine, un marchio \u00e8 una garanzia. \u00c8 una garanzia di alta qualit\u00e0, una garanzia di design e una garanzia di esperienza. Le nostre etichette personalizzate per la moda in acrilico e metallo sono molto pi\u00f9 di una semplice parte: sono un sintomo fisico di questa promessa. Sono un ambasciatore silenzioso e coerente del vostro marchio, che comunica la vostra dedizione alla qualit\u00e0 anche dopo la prima vendita.<\/p>\n<p>Chiamateci oggi stesso per richiedere un preventivo o per parlare con i nostri esperti di design. Permetteteci di aiutarvi a sviluppare un'etichetta che non solo identifichi il vostro prodotto, ma lo definisca. Fate del vostro marchio un segno di distinzione.<\/p>","protected":false},"excerpt":{"rendered":"<p class=\"ng-star-inserted\"><span class=\"ng-star-inserted\">Elevate il vostro marchio con etichette personalizzate con logo in metallo. Perfette per la moda, l'abbigliamento e le borse, queste etichette possono essere personalizzate con il vostro logo in una variet\u00e0 di splendide finiture come oro, argento e nero. Aggiungono un tocco di lusso e professionalit\u00e0 ai vostri prodotti. Disponibile all'ingrosso.<\/span><\/p>","protected":false},"featured_media":1466,"template":"","meta":{"_kad_post_transparent":"default","_kad_post_title":"","_kad_post_layout":"default","_kad_post_sidebar_id":"","_kad_post_content_style":"default","_kad_post_vertical_padding":"default","_kad_post_feature":"","_kad_post_feature_position":"","_kad_post_header":false,"_kad_post_footer":false,"_kad_post_classname":""},"product_brand":[],"product_cat":[18],"product_tag":[84],"class_list":{"0":"post-1462","1":"product","2":"type-product","3":"status-publish","4":"has-post-thumbnail","6":"product_cat-custom-acrylic-signs","7":"product_tag-clear-acrylic-signs","9":"first","10":"instock","11":"shipping-taxable","12":"product-type-simple","13":"entry","14":"content-bg","15":"loop-entry"},"_links":{"self":[{"href":"https:\/\/customacrylicproduct.com\/it\/wp-json\/wp\/v2\/product\/1462","targetHints":{"allow":["GET"]}}],"collection":[{"href":"https:\/\/customacrylicproduct.com\/it\/wp-json\/wp\/v2\/product"}],"about":[{"href":"https:\/\/customacrylicproduct.com\/it\/wp-json\/wp\/v2\/types\/product"}],"wp:featuredmedia":[{"embeddable":true,"href":"https:\/\/customacrylicproduct.com\/it\/wp-json\/wp\/v2\/media\/1466"}],"wp:attachment":[{"href":"https:\/\/customacrylicproduct.com\/it\/wp-json\/wp\/v2\/media?parent=1462"}],"wp:term":[{"taxonomy":"product_brand","embeddable":true,"href":"https:\/\/customacrylicproduct.com\/it\/wp-json\/wp\/v2\/product_brand?post=1462"},{"taxonomy":"product_cat","embeddable":true,"href":"https:\/\/customacrylicproduct.com\/it\/wp-json\/wp\/v2\/product_cat?post=1462"},{"taxonomy":"product_tag","embeddable":true,"href":"https:\/\/customacrylicproduct.com\/it\/wp-json\/wp\/v2\/product_tag?post=1462"}],"curies":[{"name":"wp","href":"https:\/\/api.w.org\/{rel}","templated":true}]}}