{"id":1472,"date":"2025-07-21T09:05:53","date_gmt":"2025-07-21T09:05:53","guid":{"rendered":"https:\/\/customacrylicproduct.com\/?post_type=product&#038;p=1472"},"modified":"2025-07-21T09:26:07","modified_gmt":"2025-07-21T09:26:07","slug":"custom-acrylic-trophy-custom-personalized-marble-trophy","status":"publish","type":"product","link":"https:\/\/customacrylicproduct.com\/it\/custom-acrylic-trophy-custom-personalized-marble-trophy\/","title":{"rendered":"Trofeo in acrilico personalizzato Trofeo in marmo personalizzato"},"content":{"rendered":"<h3 id=\"-elevate-recognition-with-customized-polymer-trophies-a-modern-symphony-of-shade-craft-and-customization-\"><strong>Elevate il riconoscimento con i trofei personalizzati in polimero: Una moderna sinfonia di ombra, artigianato e personalizzazione<\/strong><\/h3>\n<p>Nel mondo dei risultati e dei riconoscimenti, il segno del successo deve essere fenomenale quanto il risultato stesso. Superate i luoghi comuni e accettate un nuovo periodo di onori con la nostra magnifica collezione di trofei personalizzati in polimero. Meticolosamente creati e perfettamente eseguiti, questi premi non sono semplici oggetti; sono opere d'arte personalizzate, rappresentazioni sostanziali di dedizione, innovazione ed eccellenza. Pur possedendo la sensazione e l'importanza di prodotti standard come il marmo e il cristallo, la loro costruzione contemporanea in acrilico apre un universo di sfumature vivaci, forme dinamiche e personalizzazioni senza pari che lasceranno un impatto duraturo su ogni destinatario.<\/p>\n<p><img fetchpriority=\"high\" decoding=\"async\" class=\"size-full wp-image-1473\" src=\"https:\/\/customacrylicproduct.com\/wp-content\/uploads\/2025\/07\/Custom-Acrylic-Trophy-1-2.jpg\" alt=\"Trofeo acrilico personalizzato (1)\" width=\"800\" height=\"800\" srcset=\"https:\/\/customacrylicproduct.com\/wp-content\/uploads\/2025\/07\/Custom-Acrylic-Trophy-1-2.jpg 800w, https:\/\/customacrylicproduct.com\/wp-content\/uploads\/2025\/07\/Custom-Acrylic-Trophy-1-2-300x300.jpg 300w, https:\/\/customacrylicproduct.com\/wp-content\/uploads\/2025\/07\/Custom-Acrylic-Trophy-1-2-150x150.jpg 150w, https:\/\/customacrylicproduct.com\/wp-content\/uploads\/2025\/07\/Custom-Acrylic-Trophy-1-2-768x768.jpg 768w, https:\/\/customacrylicproduct.com\/wp-content\/uploads\/2025\/07\/Custom-Acrylic-Trophy-1-2-600x600.jpg 600w, https:\/\/customacrylicproduct.com\/wp-content\/uploads\/2025\/07\/Custom-Acrylic-Trophy-1-2-100x100.jpg 100w\" sizes=\"(max-width: 800px) 100vw, 800px\" \/><\/p>\n<h4 id=\"-a-brand-new-measurement-in-honor-layout-\"><strong>Un nuovo metro di misura per il layout dell'onore<\/strong><\/h4>\n<p>Ci\u00f2 che distingue rapidamente questi premi \u00e8 il loro affascinante layout a pi\u00f9 livelli. Ogni oggetto \u00e8 una masterclass di narrazione visiva, che combina una placca liscia e raffinata con un elemento di base vibrante e tridimensionale che racchiude profondit\u00e0, personalit\u00e0 e significato.<\/p>\n<ul>\n<li><strong>La Fondazione dinamica:\u00a0<\/strong>Osservate attentamente la base di questi premi. Invece di un semplice blocco, troverete paesaggi urbani intricati, pilastri crescenti o personaggi famosi che sparano. Questi componenti 3D non sono semplicemente decorativi, ma simbolici. Il concetto di orizzonte rappresenta la passione, la crescita e la costruzione di un successo dalle fondamenta, ideale per i risultati aziendali o le onorificenze di reparto. I pilastri a forma di stella evocano la sensazione di afferrare le stelle e di commemorare i migliori artisti. Questo pezzo d'arte fondamentale \u00e8 disponibile in una vasta gamma di stili e pu\u00f2 essere fornito in abbondanti tonalit\u00e0 coordinate (come il blu zaffiro profondo o il rosso rubino) o in una sofisticata finitura trasparente ghiacciata che contrasta meravigliosamente con la targa principale.<\/li>\n<li><strong>Una tela di colore luminescente:\u00a0<\/strong>Il testo del premio funziona come una tela dinamica. Utilizziamo un processo di miscelazione delle tonalit\u00e0 all'avanguardia su acrilico di prima qualit\u00e0, ottenendo una tonalit\u00e0 profonda e chiara che cattura e rifrange la luce con grande raffinatezza. Come si vede nelle immagini, le opzioni di tonalit\u00e0 sono audaci e sofisticate. Scegliete tra un'energizzante\u00a0<strong>Blu zaffiro\u00a0<\/strong>che le menzioni contano e la sicurezza, un appassionato\u00a0<strong>Rosso rubino\u00a0<\/strong>che rappresenta la resistenza e la gestione, un'immagine fluida e moderna.\u00a0<strong>Nero onice\u00a0<\/strong>per un tocco di classicit\u00e0, o magari per un magnifico\u00a0<strong>Pendenza arancione al tramonto\u00a0<\/strong>che incarna fantasia e dinamismo. Questo colore d'uso vi permette di raddrizzare gli onori con il marchio della vostra azienda, il tema dell'evento o la sensazione di dettaglio che desiderate trasmettere.<\/li>\n<li><strong>Forme sofisticate per ogni singolo messaggio:\u00a0<\/strong>La forma di un numero d'onore. La nostra collezione offre una selezione di forme che si adattano al tono del vostro evento di riconoscimento. Il mite\u00a0<strong>top piegato\u00a0<\/strong>offre un senso di stile e fluidit\u00e0. L'affilato,\u00a0<strong>guida asimmetrica inclinata\u00a0<\/strong>comunica una sensazione di dinamismo lungimirante e di efficienza all'avanguardia. L'intramontabile\u00a0<strong>placca a forma di rettangolo\u00a0<\/strong>offre una base magnifica e senza tempo per il vostro messaggio. Ogni forma \u00e8 tagliata con precisione e lucidata al diamante per garantire bordi perfettamente lisci e un rivestimento simile al vetro.<\/li>\n<\/ul>\n<p><img decoding=\"async\" class=\"size-full wp-image-1476\" src=\"https:\/\/customacrylicproduct.com\/wp-content\/uploads\/2025\/07\/Custom-Acrylic-Trophy-4-1.jpg\" alt=\"Trofeo acrilico personalizzato (4)\" width=\"800\" height=\"800\" srcset=\"https:\/\/customacrylicproduct.com\/wp-content\/uploads\/2025\/07\/Custom-Acrylic-Trophy-4-1.jpg 800w, https:\/\/customacrylicproduct.com\/wp-content\/uploads\/2025\/07\/Custom-Acrylic-Trophy-4-1-300x300.jpg 300w, https:\/\/customacrylicproduct.com\/wp-content\/uploads\/2025\/07\/Custom-Acrylic-Trophy-4-1-150x150.jpg 150w, https:\/\/customacrylicproduct.com\/wp-content\/uploads\/2025\/07\/Custom-Acrylic-Trophy-4-1-768x768.jpg 768w, https:\/\/customacrylicproduct.com\/wp-content\/uploads\/2025\/07\/Custom-Acrylic-Trophy-4-1-600x600.jpg 600w, https:\/\/customacrylicproduct.com\/wp-content\/uploads\/2025\/07\/Custom-Acrylic-Trophy-4-1-100x100.jpg 100w\" sizes=\"(max-width: 800px) 100vw, 800px\" \/><\/p>\n<h4 id=\"-the-heart-of-the-matter-unrivaled-personalization-\"><strong>Il cuore della questione: Personalizzazione senza pari<\/strong><\/h4>\n<p>Un premio \u00e8 tanto importante quanto il messaggio che porta con s\u00e9. \u00c8 qui che i nostri premi personalizzati si fanno notare. Offriamo un'ampia gamma di opzioni di personalizzazione per trasformare ogni trofeo in una testimonianza speciale e personale dei risultati raggiunti.<\/p>\n<ul>\n<li><strong>Testo e tipografia su misura:\u00a0<\/strong>Dal nome del destinatario al titolo del premio (\u201dBest Service\u201d, \u201cExcellent Department Award\u201d, \u201c\u5e74\u5ea6\u6700\u4f18\u79c0\u5458\u5de5\u201d - Annual Finest Employee), ogni parola viene fornita con una precisione nitida e ordinata. Avete il controllo totale sul messaggio, sui caratteri tipografici e sul design per assicurarvi che il messaggio sia chiaro, d'impatto e stilisticamente ideale.<\/li>\n<li><strong>Combinazione di logo e grafica ad alta risoluzione:\u00a0<\/strong>Il vostro marchio \u00e8 la vostra identificazione. Possiamo integrare perfettamente il logo della vostra azienda, l'insegna dell'occasione o la grafica personalizzata direttamente nel design. Come si \u00e8 visto nei casi \u201cECOWATER\u201d e \u201cDr. AHN\u201d, i loghi non vengono semplicemente inseriti in superficie, ma vengono incorporati direttamente nel visual generale, diventando parte integrante della composizione creativa dell'onore.<\/li>\n<li><strong>Commemorare le pietre miliari:\u00a0<\/strong>Contrassegnate l'evento con giorni particolari, come \u201c2024 Honor\u201d o \u201c2023-2024\u201d, assicurandovi che il ricordo del successo sia mantenuto per sempre. Che si tratti di un gala annuale, di una testimonianza trimestrale o di una conclusione di lavoro una tantum, il giorno in cui viene conferito il premio \u00e8 un momento di vittoria particolare.<\/li>\n<\/ul>\n<p>La nostra procedura di progettazione \u00e8 congiunta. Basta fornirci il messaggio, il logo e le idee di design che desiderate e il nostro gruppo collaborer\u00e0 con voi per creare una prova elettronica, permettendovi di rivedere e accettare ogni dettaglio prima dell'inizio della produzione. Il risultato \u00e8 un premio veramente su misura, realizzato esclusivamente per voi.<\/p>\n<p><img decoding=\"async\" class=\"size-full wp-image-1475\" src=\"https:\/\/customacrylicproduct.com\/wp-content\/uploads\/2025\/07\/Custom-Acrylic-Trophy-3-2.jpg\" alt=\"Trofeo acrilico personalizzato (3)\" width=\"800\" height=\"800\" srcset=\"https:\/\/customacrylicproduct.com\/wp-content\/uploads\/2025\/07\/Custom-Acrylic-Trophy-3-2.jpg 800w, https:\/\/customacrylicproduct.com\/wp-content\/uploads\/2025\/07\/Custom-Acrylic-Trophy-3-2-300x300.jpg 300w, https:\/\/customacrylicproduct.com\/wp-content\/uploads\/2025\/07\/Custom-Acrylic-Trophy-3-2-150x150.jpg 150w, https:\/\/customacrylicproduct.com\/wp-content\/uploads\/2025\/07\/Custom-Acrylic-Trophy-3-2-768x768.jpg 768w, https:\/\/customacrylicproduct.com\/wp-content\/uploads\/2025\/07\/Custom-Acrylic-Trophy-3-2-600x600.jpg 600w, https:\/\/customacrylicproduct.com\/wp-content\/uploads\/2025\/07\/Custom-Acrylic-Trophy-3-2-100x100.jpg 100w\" sizes=\"(max-width: 800px) 100vw, 800px\" \/><\/p>\n<h4 id=\"-crafted-from-costs-materials-for-long-lasting-stature-\"><strong>Realizzato con materiali costosi per durare a lungo.<\/strong><\/h4>\n<p>Anche se questi premi possono essere scambiati per delicati cristalli, sono stati progettati per un'eleganza duratura in acrilico ad alta densit\u00e0 e di qualit\u00e0 superiore. Questa opzione di prodotto fornisce il pi\u00f9 efficace di tutti i globi:.<\/p>\n<ul>\n<li><strong>Chiarezza ottica:\u00a0<\/strong>Il nostro acrilico vanta una trasparenza cristallina pari a quella del vetro pi\u00f9 pregiato, consentendo un'abbagliante trasmissione della luce e una vibrante espressione delle tonalit\u00e0.<\/li>\n<li><strong>Peso considerevole:\u00a0<\/strong>Questi trofei hanno una piacevole pesantezza e una sensazione di solidit\u00e0 eccezionale in mano, comunicando valore e pregio a chi li riceve.<\/li>\n<li><strong>Resistenza e sicurezza:\u00a0<\/strong>A differenza del vetro o del cristallo, il polimero \u00e8 resistente alla frantumazione e rappresenta quindi un'alternativa molto pi\u00f9 sicura e durevole per gli schermi in un ambiente di lavoro o domestico frenetico.<\/li>\n<li><strong>Precisione nella lavorazione:\u00a0<\/strong>Ogni trofeo nasce come un solido blocco di acrilico, che viene poi tagliato con precisione, fatto aderire con un trattamento esperto e lucidato a specchio. La stampa \u00e8 ottenuta tramite un'innovazione UV avanzata, che tratta l'inchiostro direttamente sul materiale per ottenere una superficie nitida, vibrante e resistente ai graffi, che non si staccher\u00e0 n\u00e9 scolorir\u00e0 nel tempo.<\/li>\n<\/ul>\n<h4 id=\"-the-perfect-award-for-every-single-celebration-\"><strong>Il premio perfetto per ogni singola celebrazione<\/strong><\/h4>\n<p>La grande praticit\u00e0 di questo layout lo rende l'opzione ideale per una grande variet\u00e0 di occasioni di riconoscimento:.<\/p>\n<ul>\n<li><strong>Qualit\u00e0 aziendale:\u00a0<\/strong>Premiate i vostri migliori venditori, i reparti eccellenti e i dipendenti dell'anno.<\/li>\n<li><strong>Riconoscimento della soluzione e del partner:\u00a0<\/strong>Riconoscere i fornitori del \u201cServizio migliore\u201d, i \u201cDistributori eccellenti\u201d e i partner aziendali pi\u00f9 importanti.<\/li>\n<li><strong>Leadership e innovazione:\u00a0<\/strong>Commemorare leader e gruppi visionari che stanno spingendo i confini del vostro settore.<\/li>\n<li><strong>Risultati accademici e formativi:\u00a0<\/strong>Riconoscere i principali tirocinanti e laureati dei centri per l'impiego e delle istituzioni educative.<\/li>\n<li><strong>Eventi e manifestazioni uniche:\u00a0<\/strong>Create una ricompensa indimenticabile e contemporanea per i concorrenti e le competizioni.<\/li>\n<\/ul>\n<p>Non limitatevi a fornire un'onorificenza, ma offrite un oggetto dichiarativo. Offrite un'icona di successo che sia speciale, vivida e vibrante come la persona che la riceve. I nostri trofei in polimero personalizzati sono pi\u00f9 di una ricompensa: sono un omaggio duraturo al duro lavoro, un incentivo per i successi futuri e un'opera d'arte straordinaria che sar\u00e0 esposta con soddisfazione per molti anni a venire.<\/p>\n<p>Chiamateci oggi stesso per iniziare a creare un trofeo che rispecchi veramente la qualit\u00e0 che desiderate commemorare.<\/p>","protected":false},"excerpt":{"rendered":"<p class=\"ng-star-inserted\"><span class=\"ng-star-inserted\">Riconoscete la grandezza con i nostri premi personalizzati in acrilico. Completamente personalizzati con il vostro testo e logo, questi trofei sono caratterizzati da colori vivaci e disegni dinamici in 3D. Una scelta elegante e moderna per il riconoscimento dei dipendenti, gli eventi aziendali e la celebrazione del successo.<\/span><\/p>","protected":false},"featured_media":1473,"template":"","meta":{"_kad_post_transparent":"default","_kad_post_title":"","_kad_post_layout":"default","_kad_post_sidebar_id":"","_kad_post_content_style":"default","_kad_post_vertical_padding":"default","_kad_post_feature":"","_kad_post_feature_position":"","_kad_post_header":false,"_kad_post_footer":false,"_kad_post_classname":""},"product_brand":[],"product_cat":[19],"product_tag":[136],"class_list":{"0":"post-1472","1":"product","2":"type-product","3":"status-publish","4":"has-post-thumbnail","6":"product_cat-custom-acrylic-trophies-awards","7":"product_tag-custom-acrylic-trophy","9":"first","10":"instock","11":"shipping-taxable","12":"product-type-simple","13":"entry","14":"content-bg","15":"loop-entry"},"_links":{"self":[{"href":"https:\/\/customacrylicproduct.com\/it\/wp-json\/wp\/v2\/product\/1472","targetHints":{"allow":["GET"]}}],"collection":[{"href":"https:\/\/customacrylicproduct.com\/it\/wp-json\/wp\/v2\/product"}],"about":[{"href":"https:\/\/customacrylicproduct.com\/it\/wp-json\/wp\/v2\/types\/product"}],"wp:featuredmedia":[{"embeddable":true,"href":"https:\/\/customacrylicproduct.com\/it\/wp-json\/wp\/v2\/media\/1473"}],"wp:attachment":[{"href":"https:\/\/customacrylicproduct.com\/it\/wp-json\/wp\/v2\/media?parent=1472"}],"wp:term":[{"taxonomy":"product_brand","embeddable":true,"href":"https:\/\/customacrylicproduct.com\/it\/wp-json\/wp\/v2\/product_brand?post=1472"},{"taxonomy":"product_cat","embeddable":true,"href":"https:\/\/customacrylicproduct.com\/it\/wp-json\/wp\/v2\/product_cat?post=1472"},{"taxonomy":"product_tag","embeddable":true,"href":"https:\/\/customacrylicproduct.com\/it\/wp-json\/wp\/v2\/product_tag?post=1472"}],"curies":[{"name":"wp","href":"https:\/\/api.w.org\/{rel}","templated":true}]}}