{"id":1484,"date":"2025-07-21T09:50:46","date_gmt":"2025-07-21T09:50:46","guid":{"rendered":"https:\/\/customacrylicproduct.com\/?post_type=product&#038;p=1484"},"modified":"2025-07-21T09:50:46","modified_gmt":"2025-07-21T09:50:46","slug":"custom-acrylic-clear-acrylic-plastic-sheets-transparent","status":"publish","type":"product","link":"https:\/\/customacrylicproduct.com\/it\/custom-acrylic-clear-acrylic-plastic-sheets-transparent\/","title":{"rendered":"Chiaro acrilico personalizzato Strati di plastica acrilici trasparenti"},"content":{"rendered":"<h3 id=\"unleash-your-vision-premium-customized-transparent-acrylic-sheets-for-unmatched-quality-and-convenience\">Liberate la vostra visione: Lastre acriliche trasparenti personalizzate di prima qualit\u00e0 per una qualit\u00e0 e una convenienza senza pari<\/h3>\n<p>Immaginate un prodotto con la qualit\u00e0 incontaminata del vetro pi\u00f9 fine, ma con la resistenza e la durevolezza necessarie per superare la prova del tempo. Un materiale cos\u00ec versatile da poter essere modellato in opere d'arte elaborate, schermi funzionali per le aziende o componenti domestici resistenti. Benvenuti nel mondo delle nostre lastre di plastica acrilica trasparente su misura, l'opzione migliore per i creatori, le aziende e i trend setter che richiedono l'eccellenza. Che si tratti di realizzare uno schermo per la vendita al dettaglio, di creare regali personalizzati o di eseguire un'attivit\u00e0 di costruzione su larga scala, le nostre lastre acriliche trasparenti rappresentano la base ideale per dare vita alla vostra visione con un'eccezionale qualit\u00e0 e precisione.<\/p>\n<p><img fetchpriority=\"high\" decoding=\"async\" class=\"size-full wp-image-1485\" src=\"https:\/\/customacrylicproduct.com\/wp-content\/uploads\/2025\/07\/Acrylic-Plastic-Sheets-1.jpg\" alt=\"Lastre di plastica acrilica (1)\" width=\"850\" height=\"850\" srcset=\"https:\/\/customacrylicproduct.com\/wp-content\/uploads\/2025\/07\/Acrylic-Plastic-Sheets-1.jpg 850w, https:\/\/customacrylicproduct.com\/wp-content\/uploads\/2025\/07\/Acrylic-Plastic-Sheets-1-300x300.jpg 300w, https:\/\/customacrylicproduct.com\/wp-content\/uploads\/2025\/07\/Acrylic-Plastic-Sheets-1-150x150.jpg 150w, https:\/\/customacrylicproduct.com\/wp-content\/uploads\/2025\/07\/Acrylic-Plastic-Sheets-1-768x768.jpg 768w, https:\/\/customacrylicproduct.com\/wp-content\/uploads\/2025\/07\/Acrylic-Plastic-Sheets-1-600x600.jpg 600w, https:\/\/customacrylicproduct.com\/wp-content\/uploads\/2025\/07\/Acrylic-Plastic-Sheets-1-100x100.jpg 100w\" sizes=\"(max-width: 850px) 100vw, 850px\" \/><\/p>\n<h4 id=\"deep-dive-the-core-elements-of-our-polymer\">Immersione profonda: Gli elementi fondamentali del nostro polimero<\/h4>\n<p><strong>1. Chiarezza ottica senza pari\u00a0<\/strong>. Il cuore del nostro articolo \u00e8 la sua straordinaria trasparenza. Le nostre lastre acriliche trasparenti, solitamente indicate con nomi commerciali come Plexiglas o Lucite, vantano un tasso di trasmissione della luce di circa 92%, superiore a quello del vetro standard. A differenza del vetro, che pu\u00f2 avere un colore ecologico raffinato, soprattutto nelle lastre pi\u00f9 spesse, il nostro polimero \u00e8 perfettamente chiaro, garantendo che le tonalit\u00e0 e gli oggetti controllati attraverso di esso aderiscano alla vita. Questa qualit\u00e0 cristallina \u00e8 magnificamente dimostrata in applicazioni come il moderno quadro senza cornice che ha ricevuto l'immagine, dove la pianta grassa dietro di essa viene visualizzata con informazioni nitide e non distorte. Questo lo rende l'opzione perfetta per le custodie, per le cornici di qualit\u00e0 museale e per tutte le applicazioni in cui la traslucenza del prodotto senza difetti \u00e8 fondamentale.<\/p>\n<p><strong>2. Resistenza superiore e leggerezza\u00a0<\/strong>. Mentre il suo aspetto \u00e8 delicato e simile al vetro, la sua efficienza \u00e8 tutt'altra cosa. Il polimero \u00e8 un materiale termoplastico molto resistente, con una forza d'effetto da 10 a 20 volte superiore a quella del vetro. Questa resistenza alla frantumazione lo rende un'opzione sostanzialmente pi\u00f9 sicura, soprattutto in locali pubblici, case con bambini o per applicazioni portatili. Se una lastra acrilica cade, \u00e8 molto meno probabile che si formino frammenti pericolosi. Inoltre, l'acrilico ha un'altezza inferiore alla met\u00e0 rispetto a un pannello di vetro equivalente, il che lo rende molto pi\u00f9 facile ed economico da consegnare, maneggiare e installare. Questo mix di resistenza e peso ridotto apre un mondo di possibilit\u00e0 sia per grandi allestimenti che per sviluppi delicati e leggeri.<\/p>\n<p><strong>3. Personalizzazione e costruzione senza sforzo\u00a0<\/strong>. La vera magia delle nostre lastre acriliche dipende dalla loro infinita personalizzazione. Questo materiale \u00e8 un sogno per i maker e gli amanti del fai da te. Pu\u00f2 essere tagliato con precisione con laser, seghe o router in qualsiasi forma possibile: dai semplici cerchi dai bordi netti che si vedono con il loro supporto di carta protettiva, pronti per il progetto successivo, alle parti pi\u00f9 complesse e intrecciate. Il vivace assortimento di cartellini tagliati su misura nell'immagine, tutti derivati dallo stesso prodotto di base, mostra la possibilit\u00e0 di creare lotti di oggetti speciali come portachiavi, cartellini per oggetti o ciondoli attraenti. Il nostro acrilico pu\u00f2 anche essere forato senza incrinarsi, curvato con il calore per sviluppare supporti e supporti, e incollato senza soluzione di continuit\u00e0 con speciali cementi per giunzioni solide e invisibili. Forniamo le nostre lastre con un film di sicurezza su entrambi i lati per evitare graffi durante la spedizione e la movimentazione, assicurando che arrivino in condizioni eccellenti, pronte per far funzionare la vostra magia.<\/p>\n<p><img decoding=\"async\" class=\"size-full wp-image-1486\" src=\"https:\/\/customacrylicproduct.com\/wp-content\/uploads\/2025\/07\/Acrylic-Plastic-Sheets-2.jpg\" alt=\"Lastre di plastica acrilica (2)\" width=\"800\" height=\"800\" srcset=\"https:\/\/customacrylicproduct.com\/wp-content\/uploads\/2025\/07\/Acrylic-Plastic-Sheets-2.jpg 800w, https:\/\/customacrylicproduct.com\/wp-content\/uploads\/2025\/07\/Acrylic-Plastic-Sheets-2-300x300.jpg 300w, https:\/\/customacrylicproduct.com\/wp-content\/uploads\/2025\/07\/Acrylic-Plastic-Sheets-2-150x150.jpg 150w, https:\/\/customacrylicproduct.com\/wp-content\/uploads\/2025\/07\/Acrylic-Plastic-Sheets-2-768x768.jpg 768w, https:\/\/customacrylicproduct.com\/wp-content\/uploads\/2025\/07\/Acrylic-Plastic-Sheets-2-600x600.jpg 600w, https:\/\/customacrylicproduct.com\/wp-content\/uploads\/2025\/07\/Acrylic-Plastic-Sheets-2-100x100.jpg 100w\" sizes=\"(max-width: 800px) 100vw, 800px\" \/><\/p>\n<h4 id=\"limitless-applications-a-canvas-for-every-imagination-\">Applicazioni illimitate: Una tela per ogni immaginazione<\/h4>\n<p>L'adattabilit\u00e0 delle nostre lastre acriliche trasparenti personalizzate indica che le loro applicazioni sono limitate solo dalla vostra creativit\u00e0. Siamo in grado di soddisfare un'ampia variet\u00e0 di richieste, dagli ordini commerciali di grandi dimensioni alle singole lastre per un lavoro personale.<\/p>\n<p><strong>Per esperti e aziende:\u00a0<\/strong>.<\/p>\n<ul>\n<li><strong>Cartelli ad alto impatto:\u00a0<\/strong>Producete magnifiche indicazioni per interni ed esterni, resistenti agli agenti atmosferici e che non ingialliscono al sole. Stratificate le lettere ritagliate su una storia trasparente per un impatto avanzato e fluttuante.<\/li>\n<li><strong>Espositori eleganti per la vendita al dettaglio:\u00a0<\/strong>Dai rialzi di base che sollevano i vostri prodotti alle vetrine pi\u00f9 importanti e sicure, l'acrilico offre un look di qualit\u00e0 e discreto che pone l'accento direttamente sul vostro prodotto. Il porta-indicazioni curvo nella foto \u00e8 un ottimo esempio di espositore per il punto vendita facile e affidabile.<\/li>\n<li><strong>Soluzioni di sicurezza:\u00a0<\/strong>Nel mondo di oggi, la sicurezza \u00e8 fondamentale. Le nostre lastre sono le migliori per realizzare ostacoli sanitari, protezioni per gli starnuti e divisori del posto di lavoro che utilizzano la difesa senza sacrificare la visibilit\u00e0 o la luce.<\/li>\n<li><strong>Elementi architettonici:\u00a0<\/strong>Utilizzate le nostre lastre pi\u00f9 spesse come alternativa sicura e leggera al vetro per balaustre, lucernari e pannelli a parete.<\/li>\n<\/ul>\n<p><strong>Per gli amanti del bricolage e del fai-da-te:\u00a0<\/strong>.<\/p>\n<ul>\n<li><strong>Regali e artigianato personalizzati:\u00a0<\/strong>La superficie liscia e trasparente \u00e8 un'ottima tela per le scritte, la pittura o la plastica. Create indicazioni di matrimonio personalizzate, numeri di tavolo, sottobicchieri (come i dischi trasparenti visualizzati) o portachiavi personalizzati. Le possibilit\u00e0 di realizzare oggetti speciali fatti a mano sono davvero innumerevoli.<\/li>\n<li><strong>Decorazione funzionale per la casa:\u00a0<\/strong>Create le vostre mensole galleggianti, cambiate il vetro di una cornice rotta o create una protezione su misura per il vostro tavolo da pranzo o da caff\u00e8. La sua qualit\u00e0 permette di far risplendere l'eleganza dei vostri mobili e di proteggerli da macchie e graffi.<\/li>\n<li><strong>Progetti per hobbisti:\u00a0<\/strong>Costruite involucri personalizzati per l'elettronica, coperture trasparenti per acquari e terrari o custodie per le vostre versioni pi\u00f9 preziose e gli oggetti d'antiquariato. La lavorabilit\u00e0 del prodotto rende realizzabili progetti complicati per gli hobbisti impegnati.<\/li>\n<\/ul>\n<p><img decoding=\"async\" class=\"size-full wp-image-1487\" src=\"https:\/\/customacrylicproduct.com\/wp-content\/uploads\/2025\/07\/Acrylic-Plastic-Sheets-3.jpg\" alt=\"Lastre di plastica acrilica (3)\" width=\"850\" height=\"850\" srcset=\"https:\/\/customacrylicproduct.com\/wp-content\/uploads\/2025\/07\/Acrylic-Plastic-Sheets-3.jpg 850w, https:\/\/customacrylicproduct.com\/wp-content\/uploads\/2025\/07\/Acrylic-Plastic-Sheets-3-300x300.jpg 300w, https:\/\/customacrylicproduct.com\/wp-content\/uploads\/2025\/07\/Acrylic-Plastic-Sheets-3-150x150.jpg 150w, https:\/\/customacrylicproduct.com\/wp-content\/uploads\/2025\/07\/Acrylic-Plastic-Sheets-3-768x768.jpg 768w, https:\/\/customacrylicproduct.com\/wp-content\/uploads\/2025\/07\/Acrylic-Plastic-Sheets-3-600x600.jpg 600w, https:\/\/customacrylicproduct.com\/wp-content\/uploads\/2025\/07\/Acrylic-Plastic-Sheets-3-100x100.jpg 100w\" sizes=\"(max-width: 850px) 100vw, 850px\" \/><\/p>\n<p><strong>Per musicisti e designer:<\/strong><\/p>\n<ul>\n<li><strong>Una tela moderna:\u00a0<\/strong>Molti musicisti contemporanei utilizzano le lastre acriliche trasparenti come superficie pittorica diretta, creando collaborazioni di incredibile profondit\u00e0 e luminosit\u00e0. \u00c8 anche un substrato eccellente per la stampa digitale ad alta risoluzione.<\/li>\n<li><strong>Montaggio di foto:\u00a0<\/strong>Ottenete il design \u201cface-mount\u201d, estremamente richiesto, incollando una stampa fotografica sul retro di una raffinata lastra acrilica. Questo approccio esalta il colore, include la profondit\u00e0 e offre una presentazione liscia e senza cornice.<\/li>\n<li><strong>Strumento scultoreo:\u00a0<\/strong>La capacit\u00e0 di ridurre, stratificare e incollare l'acrilico consente di realizzare sculture tridimensionali dettagliate e installazioni artistiche che si divertono con la luce, il buio e l'apertura.<\/li>\n<\/ul>\n<h4 id=\"why-select-our-custom-made-acrylic-sheets-\">Perch\u00e9 scegliere le nostre lastre acriliche su misura?<\/h4>\n<p>Quando scegliete noi, non state semplicemente acquistando un articolo di plastica, ma una possibilit\u00e0. Ci dedichiamo a fornire le migliori lastre acriliche fuse, otticamente chiare, personalizzate in base alle vostre specifiche. La nostra moderna tecnologia di taglio all'avanguardia garantisce lati lisci e ordinati e precisione dimensionale ogni volta. Ogni lastra viene esaminata meticolosamente e consegnata con la pellicola protettiva intatta, per garantire che arrivi a destinazione nel migliore dei modi. Sia che abbiate bisogno di un piccolo pezzo isolato o di un ordine di massa di forme complicate, il nostro team si dedica a offrire un'esperienza senza intoppi e un prodotto notevole che funga da fattore di partenza ideale per il vostro sforzo immaginativo o commerciale.<\/p>\n<h4 id=\"bring-your-vision-to-life-\">Dare vita alla vostra visione<\/h4>\n<p>Dalle applicazioni industriali agli interessi individuali, i nostri strati di plastica acrilica trasparente su misura forniscono la chiarezza, la robustezza e la versatilit\u00e0 richieste. Smettete di scendere a compromessi e iniziate a produrre. Esplorate le possibilit\u00e0 illimitate e acquistate oggi stesso le vostre lastre tagliate su misura per trasformare i vostri fantastici concetti in realt\u00e0 tangibili.<\/p>","protected":false},"excerpt":{"rendered":"<p class=\"ng-star-inserted\"><span class=\"ng-star-inserted\">Lastre di plastica acrilica trasparente di alta qualit\u00e0, tagliate su misura per il vostro progetto. Offriamo un taglio laser di precisione per qualsiasi forma. Disponibili in trasparenza cristallina e in una variet\u00e0 di colori pieni e vivaci. Perfette per espositori, insegne, cornici e progetti creativi di bricolage. Materiale PMMA resistente e versatile.<\/span><\/p>","protected":false},"featured_media":1485,"template":"","meta":{"_kad_post_transparent":"default","_kad_post_title":"","_kad_post_layout":"default","_kad_post_sidebar_id":"","_kad_post_content_style":"default","_kad_post_vertical_padding":"default","_kad_post_feature":"","_kad_post_feature_position":"","_kad_post_header":false,"_kad_post_footer":false,"_kad_post_classname":""},"product_brand":[],"product_cat":[24],"product_tag":[153],"class_list":{"0":"post-1484","1":"product","2":"type-product","3":"status-publish","4":"has-post-thumbnail","6":"product_cat-custom-acrylic-sheets","7":"product_tag-acrylic-plastic-sheets","9":"first","10":"instock","11":"shipping-taxable","12":"product-type-simple","13":"entry","14":"content-bg","15":"loop-entry"},"_links":{"self":[{"href":"https:\/\/customacrylicproduct.com\/it\/wp-json\/wp\/v2\/product\/1484","targetHints":{"allow":["GET"]}}],"collection":[{"href":"https:\/\/customacrylicproduct.com\/it\/wp-json\/wp\/v2\/product"}],"about":[{"href":"https:\/\/customacrylicproduct.com\/it\/wp-json\/wp\/v2\/types\/product"}],"wp:featuredmedia":[{"embeddable":true,"href":"https:\/\/customacrylicproduct.com\/it\/wp-json\/wp\/v2\/media\/1485"}],"wp:attachment":[{"href":"https:\/\/customacrylicproduct.com\/it\/wp-json\/wp\/v2\/media?parent=1484"}],"wp:term":[{"taxonomy":"product_brand","embeddable":true,"href":"https:\/\/customacrylicproduct.com\/it\/wp-json\/wp\/v2\/product_brand?post=1484"},{"taxonomy":"product_cat","embeddable":true,"href":"https:\/\/customacrylicproduct.com\/it\/wp-json\/wp\/v2\/product_cat?post=1484"},{"taxonomy":"product_tag","embeddable":true,"href":"https:\/\/customacrylicproduct.com\/it\/wp-json\/wp\/v2\/product_tag?post=1484"}],"curies":[{"name":"wp","href":"https:\/\/api.w.org\/{rel}","templated":true}]}}