{"id":1498,"date":"2025-07-22T01:14:31","date_gmt":"2025-07-22T01:14:31","guid":{"rendered":"https:\/\/customacrylicproduct.com\/?post_type=product&#038;p=1498"},"modified":"2025-07-22T01:14:31","modified_gmt":"2025-07-22T01:14:31","slug":"clear-custom-acrylic-key-holder-acrylic-key-holder","status":"publish","type":"product","link":"https:\/\/customacrylicproduct.com\/it\/clear-custom-acrylic-key-holder-acrylic-key-holder\/","title":{"rendered":"Portachiavi acrilico chiaro personalizzato Portachiavi acrilico"},"content":{"rendered":"<h3 id=\"-release-your-imagination-the-ultimate-guide-to-personalized-polymer-trick-holders-\"><strong>Liberate la vostra immaginazione: La guida definitiva ai porta trucchi in polimero personalizzati<\/strong><\/h3>\n<p>In un mondo di oggetti prodotti in serie, il potere della personalizzazione si distingue. \u00c8 la capacit\u00e0 di prendere un concetto fugace, un personaggio caro o l'identit\u00e0 di un marchio e trasformarlo in un oggetto sostanziale e di alta qualit\u00e0 che si pu\u00f2 tenere, utilizzare e condividere. Vi presentiamo i nostri porta trucchi personalizzati in acrilico trasparente, un'eccellente tela per la vostra immaginazione. Pi\u00f9 che un semplice dispositivo, questi essenziali possessori sono mini pezzi d'arte, robusti strumenti pubblicitari e autentici simboli di affetto, tutti realizzati secondo le vostre precise specifiche.<\/p>\n<p>Come dimostrano i diversi esempi, dall'amabile e multiparticolare\u00a0<em>Chiikawa\u00a0<\/em>all'iconico\u00a0<em>Doraemon\u00a0<\/em>e\u00a0<em>Ciao Cat\u00a0<\/em>bellezze, le vibranti\u00a0<em>Haikyuu!!!\u00a0<\/em>anime, e l'elegante\u00a0<em>Conan investigativo\u00a0<\/em>design, le opportunit\u00e0 sono essenzialmente illimitate. Scoprite come potete dare vita alla vostra visione con i nostri portaessenze in acrilico su misura.<\/p>\n<p><img fetchpriority=\"high\" decoding=\"async\" class=\"size-full wp-image-1501\" src=\"https:\/\/customacrylicproduct.com\/wp-content\/uploads\/2025\/07\/Custom-Acrylic-Key-Holder-3.jpg\" alt=\"Portachiavi acrilico personalizzato (3)\" width=\"1000\" height=\"1000\" srcset=\"https:\/\/customacrylicproduct.com\/wp-content\/uploads\/2025\/07\/Custom-Acrylic-Key-Holder-3.jpg 1000w, https:\/\/customacrylicproduct.com\/wp-content\/uploads\/2025\/07\/Custom-Acrylic-Key-Holder-3-300x300.jpg 300w, https:\/\/customacrylicproduct.com\/wp-content\/uploads\/2025\/07\/Custom-Acrylic-Key-Holder-3-150x150.jpg 150w, https:\/\/customacrylicproduct.com\/wp-content\/uploads\/2025\/07\/Custom-Acrylic-Key-Holder-3-768x768.jpg 768w, https:\/\/customacrylicproduct.com\/wp-content\/uploads\/2025\/07\/Custom-Acrylic-Key-Holder-3-600x600.jpg 600w, https:\/\/customacrylicproduct.com\/wp-content\/uploads\/2025\/07\/Custom-Acrylic-Key-Holder-3-100x100.jpg 100w\" sizes=\"(max-width: 1000px) 100vw, 1000px\" \/><\/p>\n<h4 id=\"-the-core-of-quality-crystal-clear-sturdy-polymer-\"><strong>Il cuore della qualit\u00e0: Polimero cristallino e robusto<\/strong><\/h4>\n<p>Il fondamento di ogni eccellente portachiavi \u00e8 il prodotto stesso. Utilizziamo un acrilico trasparente di alta qualit\u00e0, che offre il perfetto equilibrio tra robustezza e fascino visivo.<\/p>\n<ul>\n<li><strong>Chiarezza e vibrazione:\u00a0<\/strong>Il nostro acrilico \u00e8 cristallino e permette ai colori della vostra opera d'arte di risplendere con una brillantezza fenomenale. A differenza di altri materiali plastici pi\u00f9 economici, non ingiallisce gradualmente, garantendo che il vostro disegno continui a essere brillante come il giorno in cui \u00e8 stato stampato.<\/li>\n<li><strong>Leggero e resistente:\u00a0<\/strong>Nonostante la sua natura durevole e antigraffio, l'acrilico \u00e8 notevolmente leggero. Questo lo rende adatto per i portachiavi che non devono appesantire trucchi, zaini o borse, ma che possono resistere agli urti e ai graffi quotidiani della vita in movimento.<\/li>\n<li><strong>Fustellatura di precisione:\u00a0<\/strong>Il vostro layout non \u00e8 limitato a un quadrato o a un cerchio di base. Utilizzando un'avanzata tecnologia di taglio laser, possiamo ridurre l'acrilico in modo che corrisponda esattamente alla struttura della vostra opera d'arte. Che si tratti della forma elaborata di un personaggio come\u00a0<em>Doraemon\u00a0<\/em>o una forma personalizzata che si abbina al logo del vostro marchio, il risultato \u00e8 un rivestimento ordinato e specializzato che fa risaltare il vostro stile.<\/li>\n<\/ul>\n<p><img decoding=\"async\" class=\"size-full wp-image-1502\" src=\"https:\/\/customacrylicproduct.com\/wp-content\/uploads\/2025\/07\/Custom-Acrylic-Key-Holder-4.jpg\" alt=\"Portachiavi acrilico personalizzato (4)\" width=\"800\" height=\"800\" srcset=\"https:\/\/customacrylicproduct.com\/wp-content\/uploads\/2025\/07\/Custom-Acrylic-Key-Holder-4.jpg 800w, https:\/\/customacrylicproduct.com\/wp-content\/uploads\/2025\/07\/Custom-Acrylic-Key-Holder-4-300x300.jpg 300w, https:\/\/customacrylicproduct.com\/wp-content\/uploads\/2025\/07\/Custom-Acrylic-Key-Holder-4-150x150.jpg 150w, https:\/\/customacrylicproduct.com\/wp-content\/uploads\/2025\/07\/Custom-Acrylic-Key-Holder-4-768x768.jpg 768w, https:\/\/customacrylicproduct.com\/wp-content\/uploads\/2025\/07\/Custom-Acrylic-Key-Holder-4-600x600.jpg 600w, https:\/\/customacrylicproduct.com\/wp-content\/uploads\/2025\/07\/Custom-Acrylic-Key-Holder-4-100x100.jpg 100w\" sizes=\"(max-width: 800px) 100vw, 800px\" \/><\/p>\n<h4 id=\"-your-layout-your-tale-unmatched-modification-\"><strong>Il vostro layout, il vostro racconto: una modifica ineguagliabile<\/strong><\/h4>\n<p>\u00c8 qui che la vostra immaginazione diventa protagonista. La nostra procedura di stampa UV all'avanguardia lega in modo permanente l'inchiostro all'acrilico, dando vita a uno stile impermeabile, resistente allo sbiadimento e incredibilmente descritto.<\/p>\n<ul>\n<li><strong>Stampa su un solo lato o su due lati:\u00a0<\/strong>Scegliete di far pubblicare il vostro stile su un solo lato per un aspetto classico, oppure selezionate la stampa su due lati. \u00c8 possibile presentare lo stesso layout su entrambi i lati, oppure creare un'esperienza unica fronte\/retro con immagini, espressioni o messaggi diversi.<\/li>\n<li><strong>Protezione a doppia scheda:\u00a0<\/strong>Per ottenere la massima resistenza, suggeriamo la nostra struttura a doppio pannello (o \u201csandwich\u201d). La vostra opera d'arte viene stampata sul retro del pezzo di acrilico anteriore e poi fissata con un secondo pezzo di acrilico. In questo modo il layout viene incapsulato, rendendo praticamente difficile il graffio o l'usura della parte anteriore o posteriore.<\/li>\n<li><strong>Rivestimenti speciali per un aspetto \u201cWow\u201d:\u00a0<\/strong>Elevate il vostro stile oltre lo standard con la nostra variet\u00e0 di superfici speciali.<\/li>\n<li><strong>Polimero lucido:\u00a0<\/strong>Come si vede nella magnifica rosa\u00a0<em>Investigatore Conan\u00a0<\/em>bellezza, l'inserimento di glitter all'interno dell'acrilico aggiunge un incantevole e attraente bagliore che cambia con la luce.<\/li>\n<li><strong>Risultato olografico:\u00a0<\/strong>Crea un'emozionante lucentezza arcobaleno che si muove e brilla al passaggio del portachiavi. \u00c8 l'ideale per i sogni, la fantascienza o qualsiasi stile che necessiti di un ulteriore tocco di magia.<\/li>\n<li><strong>Cupola epossidica:\u00a0<\/strong>Aggiungete uno strato di resina epossidica liscia, arrotondata e lucida sul vostro disegno. In questo modo non solo si esaltano le tonalit\u00e0 e si ottiene una piacevole sensazione tattile, ma si aggiunge anche un ulteriore strato di protezione.<\/li>\n<li><strong>Colori sfumati e traslucidi:\u00a0<\/strong>Come illustrato nel\u00a0<em>Haikyuu!!!\u00a0<\/em>possiamo sviluppare bellissimi effetti sfumati o utilizzare colori trasparenti per dare profondit\u00e0 al vostro stile e un'estetica unica e moderna.<\/li>\n<\/ul>\n<p><img decoding=\"async\" class=\"size-full wp-image-1499\" src=\"https:\/\/customacrylicproduct.com\/wp-content\/uploads\/2025\/07\/Custom-Acrylic-Key-Holder-1.jpg\" alt=\"Portachiavi acrilico personalizzato (1)\" width=\"800\" height=\"800\" srcset=\"https:\/\/customacrylicproduct.com\/wp-content\/uploads\/2025\/07\/Custom-Acrylic-Key-Holder-1.jpg 800w, https:\/\/customacrylicproduct.com\/wp-content\/uploads\/2025\/07\/Custom-Acrylic-Key-Holder-1-300x300.jpg 300w, https:\/\/customacrylicproduct.com\/wp-content\/uploads\/2025\/07\/Custom-Acrylic-Key-Holder-1-150x150.jpg 150w, https:\/\/customacrylicproduct.com\/wp-content\/uploads\/2025\/07\/Custom-Acrylic-Key-Holder-1-768x768.jpg 768w, https:\/\/customacrylicproduct.com\/wp-content\/uploads\/2025\/07\/Custom-Acrylic-Key-Holder-1-600x600.jpg 600w, https:\/\/customacrylicproduct.com\/wp-content\/uploads\/2025\/07\/Custom-Acrylic-Key-Holder-1-100x100.jpg 100w\" sizes=\"(max-width: 800px) 100vw, 800px\" \/><\/p>\n<h4 id=\"-the-perfect-attachment-a-world-of-hardware-options-\"><strong>L'attacco perfetto: Un mondo di opzioni hardware<\/strong><\/h4>\n<p>Un portachiavi non \u00e8 sufficiente senza la sua attrezzatura. Offriamo una vasta scelta di accessori che si adattano allo stile, alla funzione e alla qualit\u00e0 del vostro layout.<\/p>\n<ul>\n<li><strong>Portachiavi classici:\u00a0<\/strong>L'intramontabile split ring in argento o placcato oro \u00e8 una scelta resistente e affidabile per qualsiasi collezione di segreti.<\/li>\n<li><strong>Chiusure di tendenza:\u00a0<\/strong>Optate per fermagli pi\u00f9 belli e utili, come quelli a forma di aragosta, di stella o di cuore. In questo modo \u00e8 molto facile collegare il vostro beauty a cerniere, asole delle borse e agende. Le chiusure in plastica vivace sul\u00a0<em>Chiikawa\u00a0<\/em>I portachiavi sono un esempio perfetto di abbinamento dell'hardware all'estetica del layout.<\/li>\n<li><strong>Attrezzature utili e su misura:\u00a0<\/strong>Portate il vostro stile a un livello superiore con la ferramenta personalizzata. Il\u00a0<em>Haikyuu!!!\u00a0<\/em>Il portachiavi include un moschettone personalizzato e ben noto, trasformando un semplice accessorio in un articolo di costo, utile e da collezione.<\/li>\n<li><strong>Gruppi a pi\u00f9 bracci:\u00a0<\/strong>Perch\u00e9 accontentarsi di un solo charm quando si pu\u00f2 avere un set completo? Possiamo mettere insieme diverse bellezze di dimensioni pi\u00f9 piccole su un unico oggetto di ferramenta, creando un dispositivo vibrante e tintinnante come il\u00a0<em>Chiikawa\u00a0<\/em>e\u00a0<em>Detective Conan\u00a0<\/em>istanze. Includete una piccola campana per un fascino distinto o un pezzo secondario in acrilico con un nome o un logo.<\/li>\n<\/ul>\n<h4 id=\"-applications-from-enthusiasm-projects-to-expert-promotions-\"><strong>Applicazioni: Dai progetti di entusiasmo alle promozioni di esperti<\/strong><\/h4>\n<p>I nostri portachiavi acrilici personalizzati sono estremamente flessibili e offrono una vasta scelta di obiettivi.<\/p>\n<ul>\n<li><strong>Per artisti e maker:\u00a0<\/strong>Trasformate le vostre immagini elettroniche in prodotti redditizi. Sono un punto fermo per qualsiasi tipo di tavolo di musicisti alle convention e sono eccellenti per essere offerti su Etsy, Shopify o sul vostro negozio online personale.<\/li>\n<li><strong>Per le aziende e i marchi:\u00a0<\/strong>Create prodotti pubblicitari notevoli che la gente user\u00e0 davvero. Forniteli alle fiere, regalateli con l'acquisto o offriteli come parte della linea di prodotti del vostro marchio.<\/li>\n<li><strong>Per i quartieri e i club di tifosi:\u00a0<\/strong>Create dei portachiavi per il vostro club di anime, la vostra squadra sportiva o il vostro quartiere online. Sono un mezzo fantastico per ostentare gli entusiasmi condivisi e produrre un senso di appartenenza.<\/li>\n<li><strong>Per i singoli spettacoli ed eventi:\u00a0<\/strong>Commemorate una festa unica come un matrimonio, una laurea o un compleanno con un portachiavi personalizzato. Questi prodotti producono regali o preferenze di celebrazione distinti, individuali e duraturi.<\/li>\n<\/ul>\n<h4 id=\"-retail-ready-packaging-\"><strong>Confezioni pronte per la vendita al dettaglio<\/strong><\/h4>\n<p>Problemi di presentazione. Per fornire ai vostri supporti vitali una superficie professionale e pronta per la vendita al dettaglio, offriamo soluzioni personalizzate per l'imballaggio dei prodotti. Come si \u00e8 visto con il\u00a0<em>Chiikawa\u00a0<\/em>Questo portachiavi consiste in un cartoncino stampato su misura che pu\u00f2 contenere il vostro marchio, la vostra personalit\u00e0 e i vostri social network, il tutto racchiuso in una busta trasparente.<\/p>\n<p>Da una bellezza solitaria ed elegante a un complesso assemblaggio di oggetti scintillanti e sfaccettati, i nostri portaoggetti essenziali in acrilico su misura offrono il massimo sistema di espressione. Incorporiamo materiali di alta qualit\u00e0, una produzione accurata e un'ampia scelta di personalizzazioni per garantire che la vostra visione sia perfettamente riconosciuta.\u00a0<strong>Iniziate a creare oggi stesso e trasformate i vostri concetti in dispositivi che le persone vorranno portare con s\u00e9 ovunque.\u00a0<\/strong>.<\/p>","protected":false},"excerpt":{"rendered":"<p class=\"ng-star-inserted\"><span class=\"ng-star-inserted\">Create i vostri portachiavi personalizzati in acrilico! Realizzati in resistente acrilico trasparente con una stampa vivace e di alta qualit\u00e0. Perfetti per personalizzare chiavi, borse o creare oggetti unici. Sono disponibili varie forme, dimensioni e opzioni di hardware per dare vita ai vostri progetti.<\/span><\/p>","protected":false},"featured_media":1502,"template":"","meta":{"_kad_post_transparent":"default","_kad_post_title":"","_kad_post_layout":"default","_kad_post_sidebar_id":"","_kad_post_content_style":"default","_kad_post_vertical_padding":"default","_kad_post_feature":"","_kad_post_feature_position":"","_kad_post_header":false,"_kad_post_footer":false,"_kad_post_classname":""},"product_brand":[],"product_cat":[20],"product_tag":[65],"class_list":{"0":"post-1498","1":"product","2":"type-product","3":"status-publish","4":"has-post-thumbnail","6":"product_cat-custom-acrylic-crafts","7":"product_tag-custom-acrylic-crafts","9":"first","10":"instock","11":"shipping-taxable","12":"product-type-simple","13":"entry","14":"content-bg","15":"loop-entry"},"_links":{"self":[{"href":"https:\/\/customacrylicproduct.com\/it\/wp-json\/wp\/v2\/product\/1498","targetHints":{"allow":["GET"]}}],"collection":[{"href":"https:\/\/customacrylicproduct.com\/it\/wp-json\/wp\/v2\/product"}],"about":[{"href":"https:\/\/customacrylicproduct.com\/it\/wp-json\/wp\/v2\/types\/product"}],"wp:featuredmedia":[{"embeddable":true,"href":"https:\/\/customacrylicproduct.com\/it\/wp-json\/wp\/v2\/media\/1502"}],"wp:attachment":[{"href":"https:\/\/customacrylicproduct.com\/it\/wp-json\/wp\/v2\/media?parent=1498"}],"wp:term":[{"taxonomy":"product_brand","embeddable":true,"href":"https:\/\/customacrylicproduct.com\/it\/wp-json\/wp\/v2\/product_brand?post=1498"},{"taxonomy":"product_cat","embeddable":true,"href":"https:\/\/customacrylicproduct.com\/it\/wp-json\/wp\/v2\/product_cat?post=1498"},{"taxonomy":"product_tag","embeddable":true,"href":"https:\/\/customacrylicproduct.com\/it\/wp-json\/wp\/v2\/product_tag?post=1498"}],"curies":[{"name":"wp","href":"https:\/\/api.w.org\/{rel}","templated":true}]}}