{"id":1510,"date":"2025-07-22T01:39:13","date_gmt":"2025-07-22T01:39:13","guid":{"rendered":"https:\/\/customacrylicproduct.com\/?post_type=product&#038;p=1510"},"modified":"2025-07-22T01:39:13","modified_gmt":"2025-07-22T01:39:13","slug":"acrylic-wedding-place-cards-acrylic-table-number-sign","status":"publish","type":"product","link":"https:\/\/customacrylicproduct.com\/it\/acrylic-wedding-place-cards-acrylic-table-number-sign\/","title":{"rendered":"Segnaposto matrimonio in acrilico Segnaposto numero tavolo in acrilico"},"content":{"rendered":"<h3 id=\"elevate-your-occasion-with-classic-beauty-introducing-our-premium-polymer-hexagon-signs\">Elevate la vostra occasione con la bellezza classica: Presentazione dei nostri cartelli esagonali in polimero premium<\/h3>\n<p>Nell'arte dell'organizzazione di eventi, sono i dettagli precisi che trasformano un incontro attraente in un'esperienza memorabile. \u00c8 il raffinato sussurro di eleganza nelle decorazioni, il tocco personale che fa sentire ogni ospite visto e lo stile naturale che fluisce con ogni elemento. Vi diamo il benvenuto per trovare l'accessorio migliore per il padrone di casa, il coordinatore e la sposa moderni: il nostro elegante\u00a0<strong>Schede di area esagonali in acrilico trasparente e indicazioni dei numeri di tavolo\u00a0<\/strong>.<\/p>\n<p>Realizzati per coloro che hanno un occhio critico per il layout contemporaneo e l'eleganza senza tempo, questi funzionali esagoni in acrilico sono pi\u00f9 che semplici oggetti utili: sono una tela per la vostra immaginazione e la chiave di volta di un tablecape di grande effetto. Immaginate i vostri ospiti che arrivano e trovano i loro nomi apparentemente fluttuanti in una bellezza cristallina, o che si dirigono verso i loro tavoli assistiti da numeri eleganti e minimalisti che esaltano, invece di ostacolare, i vostri deliziosi centrotavola. Questo \u00e8 il nuovo requisito del design per le occasioni, e inizia proprio qui.<\/p>\n<p><img fetchpriority=\"high\" decoding=\"async\" class=\"size-full wp-image-1511\" src=\"https:\/\/customacrylicproduct.com\/wp-content\/uploads\/2025\/07\/Table-Number-Sign-1.jpg\" alt=\"Segno del numero del tavolo (1)\" width=\"1000\" height=\"1000\" srcset=\"https:\/\/customacrylicproduct.com\/wp-content\/uploads\/2025\/07\/Table-Number-Sign-1.jpg 1000w, https:\/\/customacrylicproduct.com\/wp-content\/uploads\/2025\/07\/Table-Number-Sign-1-300x300.jpg 300w, https:\/\/customacrylicproduct.com\/wp-content\/uploads\/2025\/07\/Table-Number-Sign-1-150x150.jpg 150w, https:\/\/customacrylicproduct.com\/wp-content\/uploads\/2025\/07\/Table-Number-Sign-1-768x768.jpg 768w, https:\/\/customacrylicproduct.com\/wp-content\/uploads\/2025\/07\/Table-Number-Sign-1-600x600.jpg 600w, https:\/\/customacrylicproduct.com\/wp-content\/uploads\/2025\/07\/Table-Number-Sign-1-100x100.jpg 100w\" sizes=\"(max-width: 1000px) 100vw, 1000px\" \/><\/p>\n<h4 id=\"the-appeal-of-flawless-design-material-and-workmanship\">Il fascino di un design impeccabile: Materiali e lavorazione<\/h4>\n<p>I nostri indicatori esagonali sono tagliati con precisione in acrilico di alta qualit\u00e0, resistente e cristallino. A differenza del vetro, che pu\u00f2 essere delicato e poco sicuro, il nostro acrilico offre la stessa apertura luminosa con una notevole resistenza e una sensazione di leggerezza. Ogni articolo \u00e8 dotato di lati tagliati al laser e perfettamente brillanti, che garantiscono un rivestimento liscio, privo di rischi e affascinante, meraviglioso al tatto.<\/p>\n<p>La scelta della forma esagonale \u00e8 intenzionale e ispirata. Amato dallo stile geometrico moderno, l'esagono fornisce una spiccata eleganza architettonica che distingue la vostra occasione da quelle che utilizzano le tipiche carte rettangolari o rotonde. \u00c8 un simbolo di coerenza, di equilibrio e di legame: un'immagine eccellente per un evento di matrimonio, un anniversario di matrimonio o qualsiasi tipo di riunione che abbia lo scopo di riunire le persone tra loro. Per garantire che arrivino in condizioni eccellenti e senza graffi, ogni singolo esagono in acrilico viene spedito con una pellicola di sicurezza su entrambi i lati. Basta staccarla prima dell'uso per esporre una superficie eccellente e straordinariamente chiara, pronta per il vostro tocco personale.<\/p>\n<p><img decoding=\"async\" class=\"wp-image-1512 size-large\" src=\"https:\/\/customacrylicproduct.com\/wp-content\/uploads\/2025\/07\/Table-Number-Sign-2-1024x1024.jpg\" alt=\"Segno del numero del tavolo (2)\" width=\"1024\" height=\"1024\" srcset=\"https:\/\/customacrylicproduct.com\/wp-content\/uploads\/2025\/07\/Table-Number-Sign-2-1024x1024.jpg 1024w, https:\/\/customacrylicproduct.com\/wp-content\/uploads\/2025\/07\/Table-Number-Sign-2-300x300.jpg 300w, https:\/\/customacrylicproduct.com\/wp-content\/uploads\/2025\/07\/Table-Number-Sign-2-150x150.jpg 150w, https:\/\/customacrylicproduct.com\/wp-content\/uploads\/2025\/07\/Table-Number-Sign-2-768x768.jpg 768w, https:\/\/customacrylicproduct.com\/wp-content\/uploads\/2025\/07\/Table-Number-Sign-2-600x600.jpg 600w, https:\/\/customacrylicproduct.com\/wp-content\/uploads\/2025\/07\/Table-Number-Sign-2-100x100.jpg 100w, https:\/\/customacrylicproduct.com\/wp-content\/uploads\/2025\/07\/Table-Number-Sign-2.jpg 1500w\" sizes=\"(max-width: 1024px) 100vw, 1024px\" \/><\/p>\n<h4 id=\"a-canvas-for-your-distinct-vision-unmatched-versatility\">Una tela per la vostra visione distintiva: Versatilit\u00e0 senza pari<\/h4>\n<p>La vera magia di questi esagoni acrilici sta nella loro sconfinata versatilit\u00e0. Vengono offerti come eccellenti lavagne vuote, consentendovi di liberare la vostra immaginazione e di adattarli perfettamente allo stile e alla combinazione di colori del vostro evento.<\/p>\n<p><strong>1. Segnaposto eleganti:\u00a0<\/strong>. Trasformate i vostri posti a sedere in un capolavoro. Utilizzando un pennarello a base d'olio (nei colori oro, argento, bianco, oro maggiorato o nero), potete scrivere a mano il nome di ogni ospite in una splendida calligrafia. Il nome sembrer\u00e0 sospeso in aria, creando un impatto estetico sensazionale su qualsiasi tovaglia o piatto da portata. Come mostrato nelle immagini, potete appoggiarli direttamente sul tovagliolo di carta, posizionarli in un piccolo supporto o sovrapporli a un menu cartaceo per un aspetto ricco e multidimensionale. Non si tratta semplicemente di un segnaposto, ma di un ricordo su misura che i visitatori potranno portare a casa.<\/p>\n<p><strong>2. Figure della Tabella Chic:\u00a0<\/strong>. Dite addio agli ingombranti numeri da tavolo che bloccano la vista. I nostri esagoni in acrilico trasparente offrono un supporto chiaro senza mettere in pericolo l'arredamento. Un numero audace e di classe, applicato con vinile o vernice, attira meravigliosamente l'attenzione, mentre lo sfondo trasparente permette alle piante e ai centrotavola di rimanere la star del programma. Inseriteli in un semplice supporto di legno, acrilico o metallico (a seconda delle vostre esigenze) per inserirli senza problemi in qualsiasi stile, dal fascino rustico alla bellezza moderna.<\/p>\n<p><strong>3. Oltre il tavolo:\u00a0<\/strong>. La loro utilit\u00e0 va ben oltre l'allestimento di location e numeri di tavolo. Prendete in considerazione queste altre applicazioni fantasiose:.<\/p>\n<ul>\n<li><strong>Etichette per buffet e bar:\u00a0<\/strong>Etichettate i piatti, le prelibatezze o i formaggi in voga.<\/li>\n<li><strong>Bar e bevande alcoliche Indicazioni:\u00a0<\/strong>Presentate i vostri drink misti d'autore o elencate i vini bianchi e le birre disponibili.<\/li>\n<li><strong>Indicatori poco informativi:\u00a0<\/strong>Utilizzateli per il tavolo dei regali, per la postazione del libro dei visitatori o per esporre l'hashtag dell'evento nuziale.<\/li>\n<li><strong>\u201d Indicatori \u201dprenotati\":\u00a0<\/strong>Contrassegnano con eleganza i posti speciali per la famiglia o per la celebrazione di un evento nuziale.<\/li>\n<li><strong>Celebrazioni di matrimonio fai da te preferite:\u00a0<\/strong>Incidete o dipingete un messaggio di ringraziamento o il monogramma del vostro evento nuziale per un supporto bello e memorabile.<\/li>\n<\/ul>\n<p><img decoding=\"async\" class=\"wp-image-1513 size-large aligncenter\" src=\"https:\/\/customacrylicproduct.com\/wp-content\/uploads\/2025\/07\/Table-Number-Sign-3-1024x1024.jpg\" alt=\"Segno del numero del tavolo (3)\" width=\"1024\" height=\"1024\" srcset=\"https:\/\/customacrylicproduct.com\/wp-content\/uploads\/2025\/07\/Table-Number-Sign-3-1024x1024.jpg 1024w, https:\/\/customacrylicproduct.com\/wp-content\/uploads\/2025\/07\/Table-Number-Sign-3-300x300.jpg 300w, https:\/\/customacrylicproduct.com\/wp-content\/uploads\/2025\/07\/Table-Number-Sign-3-150x150.jpg 150w, https:\/\/customacrylicproduct.com\/wp-content\/uploads\/2025\/07\/Table-Number-Sign-3-768x768.jpg 768w, https:\/\/customacrylicproduct.com\/wp-content\/uploads\/2025\/07\/Table-Number-Sign-3-600x600.jpg 600w, https:\/\/customacrylicproduct.com\/wp-content\/uploads\/2025\/07\/Table-Number-Sign-3-100x100.jpg 100w, https:\/\/customacrylicproduct.com\/wp-content\/uploads\/2025\/07\/Table-Number-Sign-3.jpg 1500w\" sizes=\"(max-width: 1024px) 100vw, 1024px\" \/><\/p>\n<h4 id=\"perfectly-fit-for-any-theme-\">Perfettamente adatto a qualsiasi tema<\/h4>\n<p>La qualit\u00e0 minimalista e camaleontica di questi cartelli in acrilico trasparente permette loro di integrarsi perfettamente in qualsiasi tipo di estetica. Non determinano un design, ma lo elevano.<\/p>\n<ul>\n<li><strong>Moderno e minimalista:\u00a0<\/strong>Le linee ordinate e la forma geometrica si adattano naturalmente a una celebrazione moderna. Abbinate a una tipografia semplice e a dettagli in bianco e nero per un look innovativo e deciso.<\/li>\n<li><strong>Fascino e giardino:\u00a0<\/strong>Su uno sfondo di fiori lussureggianti, di verde come l'eucalipto e di luce soffusa delle candele, gli indicatori acrilici danno un tocco di magia contemporanea, catturando la luce e aggiungendo uno strato di profondit\u00e0.<\/li>\n<li><strong>All'antica e hippie:\u00a0<\/strong>Contrastate l'acrilico aerodinamico con strutture naturali. Sistemateli in portabagagli di legno grezzo, legateli con lo spago e abbinateli a fiori secchi per creare una magnifica associazione tra moderno e organico.<\/li>\n<li><strong>Glamour e Art D\u00e9co:\u00a0<\/strong>Impreziositi da calligrafie in metallo argentato o dorato e posizionati accanto a punti focali opulenti, questi indicatori emanano una bellezza deluxe e premium.<\/li>\n<\/ul>\n<h4 id=\"greater-than-a-wedding-information-\">Pi\u00f9 di un'informazione sul matrimonio<\/h4>\n<p>Perfetti per gli eventi nuziali, il fascino senza tempo di questi esagoni acrilici li rende indispensabili per un'ampia variet\u00e0 di eventi. Per elevare un sofisticato gala aziendale, per dare un tocco personale a una festa di compleanno importante, per presentare i visitatori di un matrimonio o di una festa per bambini o per dare un tocco di classe alle tavole delle feste per il Ringraziamento o il Natale. Per i proprietari di negozi, possono anche funzionare come eleganti cartellini dei prezzi o indicazioni degli articoli riciclabili.<\/p>\n<p>Acquistate un articolo che potrete utilizzare pi\u00f9 volte. Il robusto acrilico \u00e8 facile da pulire con un tessuto morbido e pu\u00f2 essere conservato e riciclato per tutti gli eventi futuri della vita.<\/p>\n<h4 id=\"your-event-your-work-of-art-\">Il vostro evento, la vostra opera d'arte<\/h4>\n<p>Avete messo il cuore nell'organizzazione di ogni dettaglio del vostro giorno speciale. Dai fiori alla musica, ogni scelta racconta una parte della vostra storia. Lasciate che il vostro tablecapes sia consultato con lo stesso grado di scopo e stile. Questi cartelli esagonali in acrilico non sono semplicemente uno strumento logistico; sono una dichiarazione di stile, un cenno al romanticismo contemporaneo e un dettaglio che i vostri ospiti apprezzeranno e ricorderanno.<\/p>\n<p>Aggiungete questo importante elemento al vostro stile e iniziate la bellissima procedura di renderlo vostro. Ottenete un aspetto coeso e di alto livello che sembri al tempo stesso individuale e sapientemente curato. Ordinate il vostro set di\u00a0<strong>Costi Indicatori esagonali in polimero\u00a0<\/strong>oggi e creare un ambiente di pura e memorabile bellezza.<\/p>","protected":false},"excerpt":{"rendered":"<p class=\"ng-star-inserted\"><span class=\"ng-star-inserted\">Elevate il vostro evento con questi eleganti cartelli esagonali in acrilico. Perfetti come eleganti segnaposto o moderni numeri di tavolo, il loro design cristallino aggiunge un tocco sofisticato e minimalista a qualsiasi matrimonio o festa. Un'opzione bella e riutilizzabile per guidare i vostri ospiti con stile.<\/span><\/p>","protected":false},"featured_media":1511,"template":"","meta":{"_kad_post_transparent":"default","_kad_post_title":"","_kad_post_layout":"default","_kad_post_sidebar_id":"","_kad_post_content_style":"default","_kad_post_vertical_padding":"default","_kad_post_feature":"","_kad_post_feature_position":"","_kad_post_header":false,"_kad_post_footer":false,"_kad_post_classname":""},"product_brand":[],"product_cat":[18],"product_tag":[51],"class_list":{"0":"post-1510","1":"product","2":"type-product","3":"status-publish","4":"has-post-thumbnail","6":"product_cat-custom-acrylic-signs","7":"product_tag-custom-acrylic-signs","9":"first","10":"instock","11":"shipping-taxable","12":"product-type-simple","13":"entry","14":"content-bg","15":"loop-entry"},"_links":{"self":[{"href":"https:\/\/customacrylicproduct.com\/it\/wp-json\/wp\/v2\/product\/1510","targetHints":{"allow":["GET"]}}],"collection":[{"href":"https:\/\/customacrylicproduct.com\/it\/wp-json\/wp\/v2\/product"}],"about":[{"href":"https:\/\/customacrylicproduct.com\/it\/wp-json\/wp\/v2\/types\/product"}],"wp:featuredmedia":[{"embeddable":true,"href":"https:\/\/customacrylicproduct.com\/it\/wp-json\/wp\/v2\/media\/1511"}],"wp:attachment":[{"href":"https:\/\/customacrylicproduct.com\/it\/wp-json\/wp\/v2\/media?parent=1510"}],"wp:term":[{"taxonomy":"product_brand","embeddable":true,"href":"https:\/\/customacrylicproduct.com\/it\/wp-json\/wp\/v2\/product_brand?post=1510"},{"taxonomy":"product_cat","embeddable":true,"href":"https:\/\/customacrylicproduct.com\/it\/wp-json\/wp\/v2\/product_cat?post=1510"},{"taxonomy":"product_tag","embeddable":true,"href":"https:\/\/customacrylicproduct.com\/it\/wp-json\/wp\/v2\/product_tag?post=1510"}],"curies":[{"name":"wp","href":"https:\/\/api.w.org\/{rel}","templated":true}]}}