{"id":1519,"date":"2025-07-22T02:10:17","date_gmt":"2025-07-22T02:10:17","guid":{"rendered":"https:\/\/customacrylicproduct.com\/?post_type=product&#038;p=1519"},"modified":"2025-07-22T02:10:17","modified_gmt":"2025-07-22T02:10:17","slug":"simplicity-custom-clear-acrylic-digital-photo-frame-standing","status":"publish","type":"product","link":"https:\/\/customacrylicproduct.com\/it\/simplicity-custom-clear-acrylic-digital-photo-frame-standing\/","title":{"rendered":"Simplicity Custom Clear Acrylic Digital Photo Frame (cornice digitale in piedi)"},"content":{"rendered":"<h3 id=\"-showcase-your-memories-in-flawless-clearness-the-simpleness-personalized-clear-polymer-image-framework-\"><strong>Mostrate i vostri ricordi con una chiarezza impeccabile: La semplicit\u00e0 del quadro d'immagine in polimero trasparente personalizzato<\/strong><\/h3>\n<p>In un mondo saturo di immagini elettroniche, in cui i nostri minuti pi\u00f9 preziosi sono spesso limitati al bagliore a breve termine di uno schermo, c'\u00e8 un potere esteso e duraturo nel far vivere una foto nel mondo reale. Una foto pubblicata \u00e8 un legame sostanziale con un ricordo, una storia congelata nel tempo. Ma come si fa a mostrare questi minuti preziosi senza allontanarsi dal loro fascino? Come riconoscere un ricordo in un modo che sia moderno e senza tempo?<\/p>\n<p>Presentare il\u00a0<strong>Cornice in polimero trasparente su misura Simplicity\u00a0<\/strong>- una masterclass nel design minimalista e l'esposizione definitiva per le fotografie, le opere d'arte e i premi pi\u00f9 cari. \u00c8 pi\u00f9 di una semplice cornice: \u00e8 un palcoscenico cristallino che innalza i vostri ricordi, consentendo loro di irradiare una lucentezza ineguagliabile e di conquistare i riflettori in qualsiasi ambiente. Trascurate i bordi ingombranti e ornati che competono per l'attenzione. La nostra cornice acrilica \u00e8 stata progettata con un unico concetto in mente: rendere la vostra foto la protagonista.<\/p>\n<p><img fetchpriority=\"high\" decoding=\"async\" class=\"size-full wp-image-1522\" src=\"https:\/\/customacrylicproduct.com\/wp-content\/uploads\/2025\/07\/Custom-Clear-Acrylic-Digital-Photo-Frame-3.jpg\" alt=\"Cornice digitale in acrilico trasparente personalizzata (3)\" width=\"800\" height=\"800\" srcset=\"https:\/\/customacrylicproduct.com\/wp-content\/uploads\/2025\/07\/Custom-Clear-Acrylic-Digital-Photo-Frame-3.jpg 800w, https:\/\/customacrylicproduct.com\/wp-content\/uploads\/2025\/07\/Custom-Clear-Acrylic-Digital-Photo-Frame-3-300x300.jpg 300w, https:\/\/customacrylicproduct.com\/wp-content\/uploads\/2025\/07\/Custom-Clear-Acrylic-Digital-Photo-Frame-3-150x150.jpg 150w, https:\/\/customacrylicproduct.com\/wp-content\/uploads\/2025\/07\/Custom-Clear-Acrylic-Digital-Photo-Frame-3-768x768.jpg 768w, https:\/\/customacrylicproduct.com\/wp-content\/uploads\/2025\/07\/Custom-Clear-Acrylic-Digital-Photo-Frame-3-600x600.jpg 600w, https:\/\/customacrylicproduct.com\/wp-content\/uploads\/2025\/07\/Custom-Clear-Acrylic-Digital-Photo-Frame-3-100x100.jpg 100w\" sizes=\"(max-width: 800px) 100vw, 800px\" \/><\/p>\n<p><strong>La purezza del design: Una finestra di casa sul vostro mondo<\/strong><\/p>\n<p>La nostra cornice \u00e8 composta da 2 pannelli acrilici spessi, di qualit\u00e0 superiore e cristallini, che racchiudono la foto o il file tra di loro. Questo ingegnoso stile senza cornice sviluppa un sensazionale impatto \u201cfluttuante\u201d, facendo apparire la foto come sospesa a mezz'aria. La luce si rifrange magnificamente attraverso i lati lucidi, creando una raffinata radiosit\u00e0 luminescente che attira lo sguardo direttamente sul cuore del display: il vostro ricordo.<\/p>\n<p>La costruzione \u00e8 una meraviglia di ingegneria sofisticata. I due pannelli sono tenuti saldamente l'uno con l'altro da stantiff blog in metallo di altissimo livello, che fanno parte dell'estetica quanto della praticit\u00e0. Questi raffinati accenti d'acciaio, disponibili in vari rivestimenti, aggiungono un tocco di classe industrial-chic. Il montaggio \u00e8 semplice: basta svitare i montanti, posizionare l'immagine tra i pannelli e fissarli nuovamente. Non ci sono fastidiose linguette metalliche da piegare o il rischio di rovinare il vetro. Modificare le foto \u00e8 una procedura semplice e piacevole che richiede pochi secondi e che vi spinge a mantenere la vostra esposizione fresca e attuale.<\/p>\n<p><img decoding=\"async\" class=\"wp-image-1523 size-large aligncenter\" src=\"https:\/\/customacrylicproduct.com\/wp-content\/uploads\/2025\/07\/Custom-Clear-Acrylic-Digital-Photo-Frame-4-1024x1024.jpg\" alt=\"Cornice digitale in acrilico trasparente personalizzata (4)\" width=\"1024\" height=\"1024\" srcset=\"https:\/\/customacrylicproduct.com\/wp-content\/uploads\/2025\/07\/Custom-Clear-Acrylic-Digital-Photo-Frame-4-1024x1024.jpg 1024w, https:\/\/customacrylicproduct.com\/wp-content\/uploads\/2025\/07\/Custom-Clear-Acrylic-Digital-Photo-Frame-4-300x300.jpg 300w, https:\/\/customacrylicproduct.com\/wp-content\/uploads\/2025\/07\/Custom-Clear-Acrylic-Digital-Photo-Frame-4-150x150.jpg 150w, https:\/\/customacrylicproduct.com\/wp-content\/uploads\/2025\/07\/Custom-Clear-Acrylic-Digital-Photo-Frame-4-768x768.jpg 768w, https:\/\/customacrylicproduct.com\/wp-content\/uploads\/2025\/07\/Custom-Clear-Acrylic-Digital-Photo-Frame-4-1536x1536.jpg 1536w, https:\/\/customacrylicproduct.com\/wp-content\/uploads\/2025\/07\/Custom-Clear-Acrylic-Digital-Photo-Frame-4-600x600.jpg 600w, https:\/\/customacrylicproduct.com\/wp-content\/uploads\/2025\/07\/Custom-Clear-Acrylic-Digital-Photo-Frame-4-100x100.jpg 100w, https:\/\/customacrylicproduct.com\/wp-content\/uploads\/2025\/07\/Custom-Clear-Acrylic-Digital-Photo-Frame-4.jpg 1920w\" sizes=\"(max-width: 1024px) 100vw, 1024px\" \/><\/p>\n<p><strong>Chiarezza e robustezza a lungo termine ineguagliabili<\/strong><\/p>\n<p>Usiamo solo il migliore, l'acrilico colato, famoso per la sua superiore chiarezza ottica, all'altezza del vetro pi\u00f9 bello, ma senza la fragilit\u00e0. A differenza dell'acrilico pi\u00f9 economico e compresso, i nostri pannelli sono immuni all'ingiallimento graduale, garantendo che il vostro display rimanga chiaro e dinamico come il giorno in cui lo avete installato per la prima volta. Inoltre, l'acrilico offre uno strato naturale di protezione dai raggi UV, contribuendo a proteggere le vostre preziose foto dallo sbiadimento dei raggi solari, preservandone le sfumature e i dettagli per molti anni a venire.<\/p>\n<p>Il notevole spessore dei pannelli conferisce alla struttura un peso gratificante e una sensazione di qualit\u00e0 superiore. Si regge in piedi da solo, sia in alto e in basso che in piano, grazie alle gambe di sostegno create in modo intelligente. Questa comodit\u00e0 consente di mostrare foto sia in verticale che in orizzontale con una semplice rotazione, rendendolo adattabile a qualsiasi tipo di foto o area.<\/p>\n<p><img decoding=\"async\" class=\"size-full wp-image-1521\" src=\"https:\/\/customacrylicproduct.com\/wp-content\/uploads\/2025\/07\/Custom-Clear-Acrylic-Digital-Photo-Frame-2.jpg\" alt=\"Cornice digitale in acrilico trasparente personalizzata (2)\" width=\"800\" height=\"800\" srcset=\"https:\/\/customacrylicproduct.com\/wp-content\/uploads\/2025\/07\/Custom-Clear-Acrylic-Digital-Photo-Frame-2.jpg 800w, https:\/\/customacrylicproduct.com\/wp-content\/uploads\/2025\/07\/Custom-Clear-Acrylic-Digital-Photo-Frame-2-300x300.jpg 300w, https:\/\/customacrylicproduct.com\/wp-content\/uploads\/2025\/07\/Custom-Clear-Acrylic-Digital-Photo-Frame-2-150x150.jpg 150w, https:\/\/customacrylicproduct.com\/wp-content\/uploads\/2025\/07\/Custom-Clear-Acrylic-Digital-Photo-Frame-2-768x768.jpg 768w, https:\/\/customacrylicproduct.com\/wp-content\/uploads\/2025\/07\/Custom-Clear-Acrylic-Digital-Photo-Frame-2-600x600.jpg 600w, https:\/\/customacrylicproduct.com\/wp-content\/uploads\/2025\/07\/Custom-Clear-Acrylic-Digital-Photo-Frame-2-100x100.jpg 100w\" sizes=\"(max-width: 800px) 100vw, 800px\" \/><\/p>\n<p><strong>Una tela per ogni racconto<\/strong><\/p>\n<p>La vera eleganza del Simpleness Polymer Framework sta nella sua incredibile praticit\u00e0. \u00c8 una tela bianca in attesa del vostro racconto.<\/p>\n<ul>\n<li><strong>Fotografie:\u00a0<\/strong>Dai ritratti di famiglia agli scatti di paesaggi sensazionali, fino alle foto spontanee scattate con il vostro dispositivo smart, questa cornice offre a ogni foto una discussione di qualit\u00e0 da galleria. La nitidezza esalta ogni dettaglio, facendo risaltare i colori e facendo sembrare le foto in bianco e nero ricche e profonde.<\/li>\n<li><strong>Opere e illustrazioni:\u00a0<\/strong>Per esporre il primo capolavoro del vostro bambino, una cartolina preferita o un'immagine stravagante (come l'accattivante anatra che vedete nell'immagine). Il design senza cornice valorizza l'integrit\u00e0 dell'opera d'arte, presentandola totalmente senza ritagliare o nascondere alcun tipo di componente della creazione.<\/li>\n<li><strong>Certificati e premi:\u00a0<\/strong>Offrite ai vostri successi guadagnati con fatica il riconoscimento che meritano. Che si tratti di una laurea, di un accreditamento specialistico o di un premio aziendale, questa cornice conferisce uno stile moderno e autorevole, rendendola un'aggiunta ideale a qualsiasi tipo di ambiente domestico o aziendale.<\/li>\n<li><strong>Ricordi:\u00a0<\/strong>Non lasciate che i vostri ricordi prendano polvere in una scatola. Utilizzate la struttura per mostrare altri premi piatti: la matrice di un biglietto di uno spettacolo che ha cambiato la vostra vita, un fiore pressato di un bouquet di nozze, un biglietto trascritto di una persona cara. I pannelli acrilici proteggono questi prodotti fragili e li mantengono perfettamente sullo schermo.<\/li>\n<\/ul>\n<p><strong>Si integra senza problemi in qualsiasi tipo di arredamento<\/strong><\/p>\n<p>L'aspetto minimalista della struttura acrilica Simpleness garantisce la valorizzazione di qualsiasi stile di arredamento.<\/p>\n<ul>\n<li><strong>Nella casa moderna:\u00a0<\/strong>Le sue linee pulite e la sua natura limpida si integrano perfettamente nel design moderno, scandinavo o commerciale. Posizionatelo su un caminetto minimalista, su una scrivania liscia o su un comodino per un tocco di sobria eleganza.<\/li>\n<li><strong>Nella sala convenzionale:\u00a0<\/strong>La struttura offre un contrappunto rinfrescante e contemporaneo in ambienti molto pi\u00f9 convenzionali. \u201cFluttuando\u201d l'immagine, evita l'ingombro estetico che pu\u00f2 accompagnare le strutture classiche e pesanti, permettendo all'immagine di prendere fiato.<\/li>\n<li><strong>Nel posto di lavoro dell'esperto:\u00a0<\/strong>Proietta un'immagine di prestazioni e design moderni. Utilizzatelo per presentare i valori aziendali, le immagini del gruppo o le onorificenze. Il suo layout pulito e poco appariscente mantiene un'atmosfera esperta, aggiungendo un tocco personale.<\/li>\n<\/ul>\n<p><strong>Il regalo perfetto, personalizzato e premuroso\u00a0<\/strong>.<\/p>\n<p>Siete alla ricerca di un regalo che sia al tempo stesso personale e di grande effetto? Non cercate oltre. La cornice in acrilico Simplicity \u00e8 una scelta fenomenale per ogni tipo di occasione: matrimoni, anniversari, lauree, compleanni, festa della mamma o come regalo di benvenuto. Precaricatela con una foto significativa per un movimento davvero autentico. \u00c8 un regalo che indica considerazione e un riconoscimento sia per la memoria che per il design.<\/p>\n<p><strong>Dal digitale allo spettacolo: Unire i vostri mondi<\/strong><\/p>\n<p>Sebbene il nostro articolo sia una struttura fisica, nello spirito lo chiamiamo \u201cstruttura per immagini digitali\u201d. \u00c8 la destinazione perfetta per le numerose e splendide immagini catturate dalle nostre fotocamere elettroniche e dai nostri dispositivi intelligenti. Offre il ponte adatto, prendendo i vostri minuti digitali ideali e trasformandoli in arte fisica a lungo termine per la vostra casa o il vostro ufficio. Vi spinge a curare la vostra vita, a scegliere quelle immagini particolari che specificano un momento, e a fornire un luogo d'onore.<\/p>\n<p>Smettete di scorrere e iniziate a mostrare. Liberate i vostri ricordi dai confini dell'unit\u00e0 disco. Lasciate che le risate di una vacanza in famiglia, il romanticismo di un giorno speciale o l'orgoglio di un traguardo raggiunto carichino la vostra area.<\/p>\n<p>Ordinate il vostro\u00a0<strong>Struttura fotografica acrilica trasparente personalizzata Simplicity\u00a0<\/strong>oggi, e offrire alle vostre storie la grande e attraente vetrina a cui hanno assolutamente diritto.<\/p>","protected":false},"excerpt":{"rendered":"<p class=\"ng-star-inserted\"><span class=\"ng-star-inserted\">Mettete in mostra i vostri ricordi con una semplicit\u00e0 moderna. La nostra cornice in piedi in acrilico trasparente conferisce a foto e certificati uno straordinario effetto \u201cfluttuante\u201d. Il design senza cornice e a doppio pannello \u00e8 perfetto per qualsiasi scrivania o scaffale.<\/span><\/p>","protected":false},"featured_media":1522,"template":"","meta":{"_kad_post_transparent":"default","_kad_post_title":"","_kad_post_layout":"default","_kad_post_sidebar_id":"","_kad_post_content_style":"default","_kad_post_vertical_padding":"default","_kad_post_feature":"","_kad_post_feature_position":"","_kad_post_header":false,"_kad_post_footer":false,"_kad_post_classname":""},"product_brand":[],"product_cat":[20],"product_tag":[65],"class_list":{"0":"post-1519","1":"product","2":"type-product","3":"status-publish","4":"has-post-thumbnail","6":"product_cat-custom-acrylic-crafts","7":"product_tag-custom-acrylic-crafts","9":"first","10":"instock","11":"shipping-taxable","12":"product-type-simple","13":"entry","14":"content-bg","15":"loop-entry"},"_links":{"self":[{"href":"https:\/\/customacrylicproduct.com\/it\/wp-json\/wp\/v2\/product\/1519","targetHints":{"allow":["GET"]}}],"collection":[{"href":"https:\/\/customacrylicproduct.com\/it\/wp-json\/wp\/v2\/product"}],"about":[{"href":"https:\/\/customacrylicproduct.com\/it\/wp-json\/wp\/v2\/types\/product"}],"wp:featuredmedia":[{"embeddable":true,"href":"https:\/\/customacrylicproduct.com\/it\/wp-json\/wp\/v2\/media\/1522"}],"wp:attachment":[{"href":"https:\/\/customacrylicproduct.com\/it\/wp-json\/wp\/v2\/media?parent=1519"}],"wp:term":[{"taxonomy":"product_brand","embeddable":true,"href":"https:\/\/customacrylicproduct.com\/it\/wp-json\/wp\/v2\/product_brand?post=1519"},{"taxonomy":"product_cat","embeddable":true,"href":"https:\/\/customacrylicproduct.com\/it\/wp-json\/wp\/v2\/product_cat?post=1519"},{"taxonomy":"product_tag","embeddable":true,"href":"https:\/\/customacrylicproduct.com\/it\/wp-json\/wp\/v2\/product_tag?post=1519"}],"curies":[{"name":"wp","href":"https:\/\/api.w.org\/{rel}","templated":true}]}}