{"id":1524,"date":"2025-07-22T02:24:38","date_gmt":"2025-07-22T02:24:38","guid":{"rendered":"https:\/\/customacrylicproduct.com\/?post_type=product&#038;p=1524"},"modified":"2025-07-22T02:24:38","modified_gmt":"2025-07-22T02:24:38","slug":"customized-acrylic-logo-signs-handy-gadget-for-work","status":"publish","type":"product","link":"https:\/\/customacrylicproduct.com\/it\/customized-acrylic-logo-signs-handy-gadget-for-work\/","title":{"rendered":"Segni acrilici personalizzati di logo Gadget pratico per il lavoro"},"content":{"rendered":"<h3 id=\"-elevate-your-workspace-with-our-premium-custom-made-polymer-indications-the-ultimate-fusion-of-clarity-longevity-and-professionalism-and-trust-\"><strong>Elevate il vostro spazio di lavoro con le nostre indicazioni in polimero su misura: La fusione definitiva di chiarezza, longevit\u00e0 e professionalit\u00e0 e fiducia<\/strong><\/h3>\n<p>In qualsiasi ambiente specialistico - sia esso un sofisticato reparto di produzione, un dinamico luogo di lavoro aziendale o un laboratorio all'avanguardia - una comunicazione chiara non \u00e8 solo una comodit\u00e0, ma \u00e8 il fondamento della sicurezza, dell'efficienza e dell'identit\u00e0 del marchio. Gli indicatori di carta leggeri si scoloriscono e si strappano, le etichette di fortuna si staccano e lasciano perplessi, e l'assenza di indicazioni chiare pu\u00f2 causare errori costosi o, peggio, rischi per la sicurezza. \u00c8 ora di sostituire il momentaneo con il lungo termine, l'incerto con il definitivo.<\/p>\n<p>Presentiamo il nostro\u00a0<strong>Segni personalizzati con logo in acrilico\u00a0<\/strong>, il pratico dispositivo essenziale per ogni ufficio moderno. Realizzati con cura in acrilico all'avanguardia, questi cartelli sono progettati per fornire dettagli importanti con una chiarezza ineguagliabile e un design duraturo. Sono pi\u00f9 che semplici etichette: sono una dichiarazione del vostro impegno per la massima qualit\u00e0, la sicurezza e la qualit\u00e0 operativa.<\/p>\n<p><img fetchpriority=\"high\" decoding=\"async\" class=\"size-full wp-image-1525\" src=\"https:\/\/customacrylicproduct.com\/wp-content\/uploads\/2025\/07\/Customized-Acrylic-Logo-Signs-1.jpg\" alt=\"Segni acrilici personalizzati con logo (1)\" width=\"800\" height=\"800\" srcset=\"https:\/\/customacrylicproduct.com\/wp-content\/uploads\/2025\/07\/Customized-Acrylic-Logo-Signs-1.jpg 800w, https:\/\/customacrylicproduct.com\/wp-content\/uploads\/2025\/07\/Customized-Acrylic-Logo-Signs-1-300x300.jpg 300w, https:\/\/customacrylicproduct.com\/wp-content\/uploads\/2025\/07\/Customized-Acrylic-Logo-Signs-1-150x150.jpg 150w, https:\/\/customacrylicproduct.com\/wp-content\/uploads\/2025\/07\/Customized-Acrylic-Logo-Signs-1-768x768.jpg 768w, https:\/\/customacrylicproduct.com\/wp-content\/uploads\/2025\/07\/Customized-Acrylic-Logo-Signs-1-600x600.jpg 600w, https:\/\/customacrylicproduct.com\/wp-content\/uploads\/2025\/07\/Customized-Acrylic-Logo-Signs-1-100x100.jpg 100w\" sizes=\"(max-width: 800px) 100vw, 800px\" \/><\/p>\n<h4 id=\"-unparalleled-high-quality-and-durability-built-to-last-\"><strong>Alta qualit\u00e0 e durata senza pari: Costruito per durare<\/strong><\/h4>\n<p>Il cuore delle nostre indicazioni \u00e8 il costo del materiale acrilico. A differenza del vetro, il polimero \u00e8 resistente ai frantumi e leggero, il che lo rende un'opzione molto pi\u00f9 sicura e utile per le aree frenetiche e ad alto traffico. A differenza della plastica economica, resiste all'ingiallimento nel tempo, garantendo che i vostri cartelli rimangano nitidi e chiari per molti anni a venire.<\/p>\n<p>La nostra procedura di produzione impiega un sofisticato metodo di stampa inversa. Il messaggio e la grafica vengono pubblicati sul retro del pannello acrilico trasparente, sotto la superficie. Questa tecnica innovativa fornisce un doppio livello di sicurezza.<\/p>\n<ol>\n<li><strong>Lucido, Fine esperto:\u00a0<\/strong>La superficie frontale rimane completamente liscia e lucida, conferendo all'indicatore un aspetto liscio e di alto livello che valorizza immediatamente l'ambiente circostante.<\/li>\n<li><strong>Sicurezza assoluta:\u00a0<\/strong>I dettagli stampati sono al riparo da graffi, scalfitture, sostanze chimiche e rappresentanti della pulizia. I vostri avvisi e cartellini vitali non si scoloriranno, non si scheggeranno e non si deterioreranno, anche in uno degli ambienti commerciali pi\u00f9 esigenti.<\/li>\n<\/ol>\n<p>Come si vede nelle immagini, questi indicatori sono costruiti per resistere alle asperit\u00e0 dell'ufficio e rappresentano un investimento finanziario intelligente e a lungo termine.<\/p>\n<p><img decoding=\"async\" class=\"size-full wp-image-1527\" src=\"https:\/\/customacrylicproduct.com\/wp-content\/uploads\/2025\/07\/Customized-Acrylic-Logo-Signs-3.jpg\" alt=\"Segni personalizzati di logo in acrilico (3)\" width=\"800\" height=\"800\" srcset=\"https:\/\/customacrylicproduct.com\/wp-content\/uploads\/2025\/07\/Customized-Acrylic-Logo-Signs-3.jpg 800w, https:\/\/customacrylicproduct.com\/wp-content\/uploads\/2025\/07\/Customized-Acrylic-Logo-Signs-3-300x300.jpg 300w, https:\/\/customacrylicproduct.com\/wp-content\/uploads\/2025\/07\/Customized-Acrylic-Logo-Signs-3-150x150.jpg 150w, https:\/\/customacrylicproduct.com\/wp-content\/uploads\/2025\/07\/Customized-Acrylic-Logo-Signs-3-768x768.jpg 768w, https:\/\/customacrylicproduct.com\/wp-content\/uploads\/2025\/07\/Customized-Acrylic-Logo-Signs-3-600x600.jpg 600w, https:\/\/customacrylicproduct.com\/wp-content\/uploads\/2025\/07\/Customized-Acrylic-Logo-Signs-3-100x100.jpg 100w\" sizes=\"(max-width: 800px) 100vw, 800px\" \/><\/p>\n<h4 id=\"-crystal-clear-interaction-information-at-a-glance-\"><strong>Interazione cristallina: Informazioni a colpo d'occhio<\/strong><\/h4>\n<p>La caratteristica principale di qualsiasi tipo di indicazione \u00e8 comunicare, e la nostra ci riesce. Utilizziamo un testo forte e ad alto contrasto - generalmente rosso vivo o nero intenso su uno sfondo bianco pulito - per garantire una leggibilit\u00e0 ottimale. Questo concetto di stile \u00e8 essenziale per:.<\/p>\n<ul>\n<li><strong>Avvertenze per la sicurezza:\u00a0<\/strong>L'indicatore \u201c\u7981\u6b62\u5408\u95f8 \u6709\u4eba\u5de5\u4f5c\u201d (J\u00ecnzh\u01d0 H\u00e9zh\u00e1, Y\u01d2ur\u00e9n G\u014dngzu\u00f2), che si trasforma in\u00a0<strong>\u201d Non chiudere l'interruttore, una persona sta funzionando\u201d.\u201d\u00a0<\/strong>ne \u00e8 un esempio lampante. In una situazione di manutenzione elettrica, le forti lettere rosse sono un segnale di arresto imperdibile, che protegge da tragici incidenti. La sua chiarezza pu\u00f2 essere un vero e proprio salvavita.<\/li>\n<li><strong>Identificazione del pericolo:\u00a0<\/strong>Il segno \u201c\u6b62\u6b65 \u9ad8\u6b65\u5371\u9669\u201d (Zh\u01d0b\u00f9, G\u0101ob\u00f9 W\u00e9ixi\u01cen), che significa\u00a0<strong>\u201d Abbandono, alto rischio d'azione\u201d.\u201d\u00a0<\/strong>o\u00a0<strong>\u201d Rischio, area alta, non continuare\u201d.\u201d\u00a0<\/strong>fornisce una segnalazione immediata e distinta di un pericolo fisico, salvaguardando il personale e i visitatori del sito da spostamenti e cadute.<\/li>\n<li><strong>Etichettatura delle apparecchiature:\u00a0<\/strong>L'indicatore \u201c\u51b7\u5242\u538b\u7f29\u673a\u542f\u52a8\u67dc 921\u201d (L\u011bngj\u00ec Y\u0101su\u014d J\u012b Q\u01d0d\u00f2ng Gu\u00ec 921), oppure\u00a0<strong>\u201d Compressore frigorifero per principianti Closet 921\u201d.\u201d\u00a0<\/strong>dimostra un'energia ideale. Consente di identificare in modo rapido e preciso le apparecchiature critiche, risparmiando tempo importante durante le procedure, gli esami e la manutenzione in situazioni di emergenza.<\/li>\n<\/ul>\n<p>Con i nostri cartelli non c'\u00e8 spazio per le false impressioni. Il messaggio viene trasmesso immediatamente e con successo.<\/p>\n<p><img decoding=\"async\" class=\"size-full wp-image-1526\" src=\"https:\/\/customacrylicproduct.com\/wp-content\/uploads\/2025\/07\/Customized-Acrylic-Logo-Signs-2.jpg\" alt=\"Segni personalizzati di logo in acrilico (2)\" width=\"800\" height=\"800\" srcset=\"https:\/\/customacrylicproduct.com\/wp-content\/uploads\/2025\/07\/Customized-Acrylic-Logo-Signs-2.jpg 800w, https:\/\/customacrylicproduct.com\/wp-content\/uploads\/2025\/07\/Customized-Acrylic-Logo-Signs-2-300x300.jpg 300w, https:\/\/customacrylicproduct.com\/wp-content\/uploads\/2025\/07\/Customized-Acrylic-Logo-Signs-2-150x150.jpg 150w, https:\/\/customacrylicproduct.com\/wp-content\/uploads\/2025\/07\/Customized-Acrylic-Logo-Signs-2-768x768.jpg 768w, https:\/\/customacrylicproduct.com\/wp-content\/uploads\/2025\/07\/Customized-Acrylic-Logo-Signs-2-600x600.jpg 600w, https:\/\/customacrylicproduct.com\/wp-content\/uploads\/2025\/07\/Customized-Acrylic-Logo-Signs-2-100x100.jpg 100w\" sizes=\"(max-width: 800px) 100vw, 800px\" \/><\/p>\n<h4 id=\"-totally-customizable-to-your-specific-specifications-\"><strong>Totalmente personalizzabile secondo le vostre specifiche<\/strong><\/h4>\n<p>Il vostro servizio \u00e8 unico e la vostra insegna deve rispecchiarlo. Offriamo un'esperienza completamente regolabile, che vi permette di creare l'insegna perfetta per qualsiasi obiettivo. Siete voi a gestire ogni aspetto della progettazione:.<\/p>\n<ul>\n<li><strong>Testo e materiale:\u00a0<\/strong>Dalle indicazioni di sicurezza alle etichette dei dispositivi, dai dettagli direzionali ai nomi dei dipendenti, possiamo pubblicare qualsiasi tipo di messaggio richiesto, in qualsiasi lingua.<\/li>\n<li><strong>Marchi e grafica:\u00a0<\/strong>Migliorate l'identit\u00e0 del vostro marchio integrando il design del vostro logo aziendale, icone personalizzate o particolari simboli di mercato.<\/li>\n<li><strong>Colori e caratteri:\u00a0<\/strong>Sebbene il nostro requisito sia il rosso o il nero ad alto contrasto, possiamo adattarci alla palette di colori del vostro marchio. Scegliete tra un'ampia gamma di font specializzati per adattarli al design della vostra azienda.<\/li>\n<li><strong>Forme e dimensioni:\u00a0<\/strong>Siamo in grado di generare cartelli di varie forme e dimensioni, dai piccoli cartellini per gli attrezzi ai pannelli direzionali di grande formato. I formati rettangolari e quadrati che abbiamo ricevuto si distinguono per il loro aspetto pulito e moderno.<\/li>\n<li><strong>Numerazione e codifica:\u00a0<\/strong>Integrate il vostro centro con numerazione consecutiva, codici QR o codici a barre per il controllo e il monitoraggio della propriet\u00e0.<\/li>\n<\/ul>\n<h4 id=\"-versatile-and-effortless-installment-\"><strong>Installazione versatile e senza sforzo<\/strong><\/h4>\n<p>Siamo consapevoli che superfici e applicazioni diverse necessitano di soluzioni di montaggio diverse. Per questo motivo offriamo due scelte pratiche:.<\/p>\n<ol>\n<li><strong>Fori preforati per un montaggio sicuro:\u00a0<\/strong>Per un'installazione robusta e a lungo termine, in particolare su apparecchiature, superfici murali o infissi esterni, le nostre indicazioni possono includere aperture di precisione in ogni angolo. Ci\u00f2 consente un montaggio molto semplice con viti, viti o rivetti, assicurando che l'indicazione rimanga saldamente in posizione.<\/li>\n<li><strong>Supporto adesivo 3M ad alta resistenza:\u00a0<\/strong>Per un aspetto pulito e liscio senza forare, scegliete il nostro supporto di colla 3M a copertura totale. Come mostrato nell'immagine dettagliata, non si tratta di un paio di strisce di nastro adesivo, ma di un efficace foglio di colla di livello industriale che copre l'intero retro dell'indicatore. Basta staccare e incollare per ottenere un'adesione solida e duratura su superfici lisce come porte, vetro, legno finito e armadi metallici. \u00c8 un servizio eccellente per luoghi di lavoro, laboratori e qualsiasi tipo di area in cui si voglia evitare di danneggiare la superficie della parete.<\/li>\n<\/ol>\n<h4 id=\"-applications-across-every-sector-\"><strong>Applicazioni in tutti i settori<\/strong><\/h4>\n<p>La flessibilit\u00e0 dei nostri indicatori polimerici personalizzati li rende un dispositivo essenziale per qualsiasi tipo di mercato:.<\/p>\n<ul>\n<li><strong>Produzione e industria:\u00a0<\/strong>Etichettare i pannelli di controllo, determinare i macchinari, affiggere le precauzioni di lockout\/tagout (LOTO) e contrassegnare le posizioni di stoccaggio dei materiali pericolosi.<\/li>\n<li><strong>Uffici commerciali:\u00a0<\/strong>Producete targhette professionali per le porte, etichettate le sale riunioni, fornite cartelli per i servizi igienici e presentate il logo della vostra azienda nel luogo della funzione.<\/li>\n<li><strong>Magazzini e logistica:\u00a0<\/strong>Contrassegnate i corridoi e le aree, fornite linee guida agli ancoraggi di carico ed etichettate i sistemi di scaffalatura per una gestione efficiente delle forniture.<\/li>\n<li><strong>Assistenza medica e laboratori:\u00a0<\/strong>Articolare metodi di igiene, etichettare strumenti delicati, determinare luoghi riservati e mostrare avvisi di rischio biologico con chiarezza e professionalit\u00e0 e affidabilit\u00e0.<\/li>\n<li><strong>Vendita al dettaglio e cordialit\u00e0:\u00a0<\/strong>Presentate i clienti con indicazioni direzionali, designate le posizioni \u201cSolo per il personale\u201d e presentate i dettagli in modo ordinato e con un marchio.<\/li>\n<li><strong>Istituzioni educative:\u00a0<\/strong>Etichettare le aule, i luoghi di lavoro e i laboratori e fornire chiare linee guida per la sicurezza nei laboratori e nei centri di ricerca scientifica.<\/li>\n<\/ul>\n<p><strong>Acquistate chiarezza. Acquistate sicurezza. Acquistate il vostro marchio.<\/strong><\/p>\n<p>Le nostre indicazioni personalizzate con logo in polimero sono molto pi\u00f9 di un semplice oggetto di plastica: sono una componente fondamentale di un'area di lavoro efficiente, priva di rischi e dall'aspetto professionale. Sono il \u201cgadget comodo\u201d che lavora silenziosamente in background, prevenendo la confusione, migliorando la sicurezza e rafforzando gli standard della vostra organizzazione ogni singolo giorno.<\/p>\n<p>Smettete di optare per soluzioni di breve durata. Passate a un sistema di comunicazione resistente e professionale come la vostra azienda. Chiamateci oggi stesso per discutere le vostre esigenze di segnaletica personalizzata e ricevere un preventivo. Permetteteci di aiutarvi a sviluppare la segnaletica ideale per informare, proteggere ed emozionare.<\/p>","protected":false},"excerpt":{"rendered":"<p class=\"ng-star-inserted\"><span class=\"ng-star-inserted\">Create cartelli acrilici professionali personalizzati per il vostro posto di lavoro. Perfetti per avvisi di sicurezza, identificazione di attrezzature e loghi. Questi cartelli durevoli sono resistenti alle intemperie e facili da installare con un adesivo resistente o con fori angolari. Garantiscono chiarezza e sicurezza con una stampa personalizzata di alta qualit\u00e0.<\/span><\/p>","protected":false},"featured_media":1525,"template":"","meta":{"_kad_post_transparent":"default","_kad_post_title":"","_kad_post_layout":"default","_kad_post_sidebar_id":"","_kad_post_content_style":"default","_kad_post_vertical_padding":"default","_kad_post_feature":"","_kad_post_feature_position":"","_kad_post_header":false,"_kad_post_footer":false,"_kad_post_classname":""},"product_brand":[],"product_cat":[18],"product_tag":[51],"class_list":{"0":"post-1524","1":"product","2":"type-product","3":"status-publish","4":"has-post-thumbnail","6":"product_cat-custom-acrylic-signs","7":"product_tag-custom-acrylic-signs","9":"first","10":"instock","11":"shipping-taxable","12":"product-type-simple","13":"entry","14":"content-bg","15":"loop-entry"},"_links":{"self":[{"href":"https:\/\/customacrylicproduct.com\/it\/wp-json\/wp\/v2\/product\/1524","targetHints":{"allow":["GET"]}}],"collection":[{"href":"https:\/\/customacrylicproduct.com\/it\/wp-json\/wp\/v2\/product"}],"about":[{"href":"https:\/\/customacrylicproduct.com\/it\/wp-json\/wp\/v2\/types\/product"}],"wp:featuredmedia":[{"embeddable":true,"href":"https:\/\/customacrylicproduct.com\/it\/wp-json\/wp\/v2\/media\/1525"}],"wp:attachment":[{"href":"https:\/\/customacrylicproduct.com\/it\/wp-json\/wp\/v2\/media?parent=1524"}],"wp:term":[{"taxonomy":"product_brand","embeddable":true,"href":"https:\/\/customacrylicproduct.com\/it\/wp-json\/wp\/v2\/product_brand?post=1524"},{"taxonomy":"product_cat","embeddable":true,"href":"https:\/\/customacrylicproduct.com\/it\/wp-json\/wp\/v2\/product_cat?post=1524"},{"taxonomy":"product_tag","embeddable":true,"href":"https:\/\/customacrylicproduct.com\/it\/wp-json\/wp\/v2\/product_tag?post=1524"}],"curies":[{"name":"wp","href":"https:\/\/api.w.org\/{rel}","templated":true}]}}