{"id":1530,"date":"2025-07-22T02:34:28","date_gmt":"2025-07-22T02:34:28","guid":{"rendered":"https:\/\/customacrylicproduct.com\/?post_type=product&#038;p=1530"},"modified":"2025-07-22T02:34:28","modified_gmt":"2025-07-22T02:34:28","slug":"led-note-board-with-colors-light-up-acrylic-message-board","status":"publish","type":"product","link":"https:\/\/customacrylicproduct.com\/it\/led-note-board-with-colors-light-up-acrylic-message-board\/","title":{"rendered":"Lavagna per appunti a LED con colori che illuminano la bacheca in acrilico"},"content":{"rendered":"<h3 id=\"illuminate-your-creative-imagination-presenting-the-led-keep-in-mind-board-with-color-changing-light\">Illuminate la vostra immaginazione creativa: Presentazione della lavagna LED Keep In Mind con luce che cambia colore<\/h3>\n<p>In un mondo pieno di avvisi elettronici di breve durata e di note adesive usa e getta, c'\u00e8 una magia speciale in un messaggio che sia personale e visivamente accattivante. Immaginate una tela dove le vostre idee, i vostri promemoria e i vostri impulsi innovativi non si limitano a riposare, ma risplendono di vita propria. Presentare il\u00a0<strong>Lavagna per appunti a LED con colori che illuminano la bacheca in acrilico\u00a0<\/strong>- una miscela rivoluzionaria di praticit\u00e0, pensiero creativo e layout ambientale che trasforma qualsiasi tipo di stanza in un centro di idee.<\/p>\n<p>Non si tratta semplicemente di una lavagna aggiuntiva per i promemoria. \u00c8 un centrotavola vivace, una leggera luce notturna, uno sbocco creativo e un messaggero individuale, tutto in un unico elegante pacchetto. Dite addio alle scrivanie disordinate e ai compiti dimenticati. \u00c8 ora di lasciare che le vostre idee si irradino, che i vostri elenchi siano illuminati da una delicata luminescenza e che i vostri messaggi d'amore si diffondano con un bagliore accogliente e vibrante.<\/p>\n<p><img fetchpriority=\"high\" decoding=\"async\" class=\"size-full wp-image-1531\" src=\"https:\/\/customacrylicproduct.com\/wp-content\/uploads\/2025\/07\/Acrylic-Message-Board-1.jpg\" alt=\"Bacheca in acrilico (1)\" width=\"800\" height=\"800\" srcset=\"https:\/\/customacrylicproduct.com\/wp-content\/uploads\/2025\/07\/Acrylic-Message-Board-1.jpg 800w, https:\/\/customacrylicproduct.com\/wp-content\/uploads\/2025\/07\/Acrylic-Message-Board-1-300x300.jpg 300w, https:\/\/customacrylicproduct.com\/wp-content\/uploads\/2025\/07\/Acrylic-Message-Board-1-150x150.jpg 150w, https:\/\/customacrylicproduct.com\/wp-content\/uploads\/2025\/07\/Acrylic-Message-Board-1-768x768.jpg 768w, https:\/\/customacrylicproduct.com\/wp-content\/uploads\/2025\/07\/Acrylic-Message-Board-1-600x600.jpg 600w, https:\/\/customacrylicproduct.com\/wp-content\/uploads\/2025\/07\/Acrylic-Message-Board-1-100x100.jpg 100w\" sizes=\"(max-width: 800px) 100vw, 800px\" \/><\/p>\n<h4 id=\"a-crystal-clear-canvas-for-your-creativity\">Una tela cristallina per la vostra creativit\u00e0<\/h4>\n<p>Il cuore della nostra lavagna per appunti a LED \u00e8 un pannello acrilico ad alta trasparenza. Quando \u00e8 buio, vanta una presenza minima, quasi invisibile, come dimostra il suo stile pulito e moderno. Si integra perfettamente in qualsiasi tipo di design, da un ambiente di lavoro movimentato a una tranquilla camera da letto. Ma questa splendida superficie aspetta solo il vostro tocco.<\/p>\n<p>Utilizzando le penne cancellabili appositamente create, potrete liberare il vostro pensiero creativo. Quando la penna scivola sull'acrilico liscio, le parole e le illustrazioni appaiono nitide e chiare. Ma il vero piacere inizia quando si attiva la luce. Istantaneamente, la base a LED illumina l'intero pannello, facendo risplendere la vostra scrittura con un bagliore spettacolare e celestiale. Ogni riga, ogni scarabocchio e ogni lettera si illumina dall'interno, trasformando una semplice nota in un'opera d'arte.<\/p>\n<p>Che si tratti di un brainstorming per un nuovo lavoro, di una rapida vignetta o di un esercizio di calligrafia, la lavagna offre una superficie ideale e riciclabile. Gli inchiostri dinamici dei pennarelli, da un arancione vibrante e ispiratore a un bianco morbido e meraviglioso o a un rosa appassionato, si distinguono brillantemente rispetto alla luce. Come si vede nella nostra immagine ravvicinata, l'effetto \u00e8 ipnotico. Il vostro \u201cordine degli affari\u201d diventa un faro di efficienza e un semplice \u201cti amo\u201d si trasforma in una dichiarazione radiosa.<\/p>\n<p><img decoding=\"async\" class=\"size-full wp-image-1534\" src=\"https:\/\/customacrylicproduct.com\/wp-content\/uploads\/2025\/07\/Acrylic-Message-Board-4.jpg\" alt=\"Bacheca in acrilico (4)\" width=\"800\" height=\"800\" srcset=\"https:\/\/customacrylicproduct.com\/wp-content\/uploads\/2025\/07\/Acrylic-Message-Board-4.jpg 800w, https:\/\/customacrylicproduct.com\/wp-content\/uploads\/2025\/07\/Acrylic-Message-Board-4-300x300.jpg 300w, https:\/\/customacrylicproduct.com\/wp-content\/uploads\/2025\/07\/Acrylic-Message-Board-4-150x150.jpg 150w, https:\/\/customacrylicproduct.com\/wp-content\/uploads\/2025\/07\/Acrylic-Message-Board-4-768x768.jpg 768w, https:\/\/customacrylicproduct.com\/wp-content\/uploads\/2025\/07\/Acrylic-Message-Board-4-600x600.jpg 600w, https:\/\/customacrylicproduct.com\/wp-content\/uploads\/2025\/07\/Acrylic-Message-Board-4-100x100.jpg 100w\" sizes=\"(max-width: 800px) 100vw, 800px\" \/><\/p>\n<h4 id=\"dynamic-lights-and-intelligent-layout\">Luci dinamiche e layout intelligente<\/h4>\n<p>Il LED Keep in mind Board \u00e8 stato progettato non solo per mostrare, ma anche per migliorare. La robusta base bianca ospita una striscia LED potente ma efficiente dal punto di vista energetico. Non si tratta di una luce estrema e abbagliante, ma di un'esperienza ambientale totalmente personalizzabile. Basta premere un pulsante e si pu\u00f2 scegliere tra uno spettro di splendide tonalit\u00e0 che si adattano al proprio stato d'animo, al design o al messaggio stesso. Scegliete un accogliente giallo tenue per un ambiente notturno confortevole e rilassante, perfetto per il comodino perch\u00e9 illumina delicatamente la stanza senza disturbare il sonno. Passate a un blu dinamico o a un rosa vivace per dare risalto a un messaggio di congratulazioni, oppure lasciate che si muova in tutte le tonalit\u00e0 per uno schermo vibrante e distintivo.<\/p>\n<p>Il supporto stesso \u00e8 una meraviglia di design. Come mostra l'immagine preliminare, \u00e8 totalmente regolabile con diversi fattori di articolazione. Ci\u00f2 consente di ruotare la lavagna all'angolazione ideale per scrivere o controllare, assicurando comodit\u00e0 e un'esposizione ottimale indipendentemente dal luogo in cui viene posizionata. La lavagna si inserisce in modo sicuro nel supporto, tenuto saldamente in posizione da un'elegante clip verticale. Alimentata da un comodo cavo USB, pu\u00f2 essere collegata a un computer portatile, a un power bank o a un normale adattatore da parete, offrendo la libert\u00e0 di posizionarla ovunque si desideri.<\/p>\n<p>Ci dedichiamo all'alta qualit\u00e0. Prima dell'utilizzo iniziale, scoprirete che il pannello acrilico \u00e8 protetto da una sottile pellicola, che garantisce che arrivi alla porta di casa vostra in condizioni ottimali e senza graffi. Staccarla, come si vede nell'immagine a lato, \u00e8 il primo passo per sbloccare il suo potenziale illimitato.<\/p>\n<p><img decoding=\"async\" class=\"size-full wp-image-1532\" src=\"https:\/\/customacrylicproduct.com\/wp-content\/uploads\/2025\/07\/Acrylic-Message-Board-2.jpg\" alt=\"Bacheca in acrilico (2)\" width=\"800\" height=\"800\" srcset=\"https:\/\/customacrylicproduct.com\/wp-content\/uploads\/2025\/07\/Acrylic-Message-Board-2.jpg 800w, https:\/\/customacrylicproduct.com\/wp-content\/uploads\/2025\/07\/Acrylic-Message-Board-2-300x300.jpg 300w, https:\/\/customacrylicproduct.com\/wp-content\/uploads\/2025\/07\/Acrylic-Message-Board-2-150x150.jpg 150w, https:\/\/customacrylicproduct.com\/wp-content\/uploads\/2025\/07\/Acrylic-Message-Board-2-768x768.jpg 768w, https:\/\/customacrylicproduct.com\/wp-content\/uploads\/2025\/07\/Acrylic-Message-Board-2-600x600.jpg 600w, https:\/\/customacrylicproduct.com\/wp-content\/uploads\/2025\/07\/Acrylic-Message-Board-2-100x100.jpg 100w\" sizes=\"(max-width: 800px) 100vw, 800px\" \/><\/p>\n<h4 id=\"a-versatile-companion-for-every-element-of-your-life\">Un compagno versatile per ogni elemento della vostra vita<\/h4>\n<p>Il fascino della lavagna LED Keep in mind Board risiede nella sua straordinaria flessibilit\u00e0. Si adatta alle vostre esigenze, diventando una parte essenziale della vostra routine quotidiana.<\/p>\n<ul>\n<li><strong>Per l'esperto motivato:\u00a0<\/strong>Cambia la tua area di lavoro. Utilizzatelo per descrivere la vostra \u201clista delle cose da fare\u201d quotidiana, per catturare fantastici momenti di \u201cilluminazione\u201d o per tenere in vista una citazione ispiratrice. Riduce il disordine della carta e funziona come un pezzo di design da scrivania pratico e alla moda, che sar\u00e0 sicuramente un argomento di conversazione durante le videochiamate.<\/li>\n<li><strong>Per chi sogna ad occhi aperti e pianifica:\u00a0<\/strong>Posizionatelo sul vostro comodino. Come si vede nella foto del nostro stile di vita, funge da luce notturna straordinaria e non invasiva. Prima di addormentarsi, \u00e8 possibile annotare i suggerimenti per il giorno successivo -\u201d Prelievo all'aeroporto\u201d, \u201cShopping\u201d, \u201cRiunioni di famiglia\u201d, garantendovi di alzarvi con una strategia chiara. Oppure, lasciate un messaggio piacevole e luminoso per il vostro compagno che lo vedr\u00e0 al mattino presto. \u00c8 un compagno silenzioso e affettuoso che custodisce le vostre idee e i vostri desideri.<\/li>\n<li><strong>Per la famiglia creativa:\u00a0<\/strong>Fatelo diventare il centro di messaggistica principale della vostra casa. Posizionatelo in cucina per mostrare il menu settimanale, in salotto per un messaggio di \u201cBentornato a casa!\u201d o nello spazio dedicato ai bambini per esercitarsi a scrivere e disegnare. \u00c8 un dispositivo interattivo che stimola l'interazione e la creativit\u00e0 per tutte le et\u00e0. La rimozione e la revisione sono facili da realizzare, il che lo rende una superficie rispettosa dell'ambiente e divertente all'infinito.<\/li>\n<li><strong>Per occasioni speciali e aziende:\u00a0<\/strong>Utilizzatelo come indicazione personalizzata e di tendenza per feste, eventi o per la vostra piccola impresa. Presentate le offerte speciali in un bar, esponete gli auguri a una festa di matrimonio o scrivete semplicemente \u201cBuon compleanno\u201d per una festa personalizzata. Il testo bello e colorato catturer\u00e0 sicuramente l'attenzione di tutti.<\/li>\n<\/ul>\n<h4 id=\"the-perfect-present-that-keeps-on-giving\">Il regalo perfetto che continua a essere regalato<\/h4>\n<p>Non riuscite a trovare un regalo unico e premuroso? Non cercate oltre. La lavagna LED Keep In Mind Board \u00e8 il miglior regalo per gli studenti che stanno per andare all'universit\u00e0, per gli artisti che cercano un nuovo strumento, per gli specialisti frenetici o per chiunque apprezzi un mix di design e funzionalit\u00e0. \u00c8 pi\u00f9 di un oggetto, \u00e8 un'esperienza. \u00c8 un regalo che incoraggia la compagnia, stimola il pensiero creativo e aggiunge un tocco di calore e individualit\u00e0 a qualsiasi ambiente.<\/p>\n<p><strong>Nella confezione troverete tutto il necessario per iniziare a lavorare:\u00a0<\/strong>la lavagna acrilica di altissimo livello, la base luminosa a LED multicolore con il suo supporto flessibile, un cavo di alimentazione USB e una collezione di penne vivaci e cancellabili.<\/p>\n<p>Non lasciate che le vostre idee ideali svaniscano su un foglio di carta. Date loro le luci della ribalta che meritano. Ordinate oggi stesso la vostra lavagna LED Keep in mind Board e iniziate a illuminare il vostro mondo, un bel messaggio alla volta.<\/p>","protected":false},"excerpt":{"rendered":"<p class=\"ng-star-inserted\"><span class=\"ng-star-inserted\">Illuminate la vostra vita con la nostra bacheca a LED in acrilico! Scrivete appunti, liste di cose da fare e scarabocchi che si illuminano di una luce calda e accogliente. Perfetta come luce notturna creativa o come lavagna per appunti da scrivania. Basta scrivere, illuminare e cancellare per poterla riutilizzare. Un regalo unico e divertente per tutti<\/span><\/p>","protected":false},"featured_media":1531,"template":"","meta":{"_kad_post_transparent":"default","_kad_post_title":"","_kad_post_layout":"default","_kad_post_sidebar_id":"","_kad_post_content_style":"default","_kad_post_vertical_padding":"default","_kad_post_feature":"","_kad_post_feature_position":"","_kad_post_header":false,"_kad_post_footer":false,"_kad_post_classname":""},"product_brand":[],"product_cat":[20],"product_tag":[129],"class_list":{"0":"post-1530","1":"product","2":"type-product","3":"status-publish","4":"has-post-thumbnail","6":"product_cat-custom-acrylic-crafts","7":"product_tag-acrylic-crafts","9":"first","10":"instock","11":"shipping-taxable","12":"product-type-simple","13":"entry","14":"content-bg","15":"loop-entry"},"_links":{"self":[{"href":"https:\/\/customacrylicproduct.com\/it\/wp-json\/wp\/v2\/product\/1530","targetHints":{"allow":["GET"]}}],"collection":[{"href":"https:\/\/customacrylicproduct.com\/it\/wp-json\/wp\/v2\/product"}],"about":[{"href":"https:\/\/customacrylicproduct.com\/it\/wp-json\/wp\/v2\/types\/product"}],"wp:featuredmedia":[{"embeddable":true,"href":"https:\/\/customacrylicproduct.com\/it\/wp-json\/wp\/v2\/media\/1531"}],"wp:attachment":[{"href":"https:\/\/customacrylicproduct.com\/it\/wp-json\/wp\/v2\/media?parent=1530"}],"wp:term":[{"taxonomy":"product_brand","embeddable":true,"href":"https:\/\/customacrylicproduct.com\/it\/wp-json\/wp\/v2\/product_brand?post=1530"},{"taxonomy":"product_cat","embeddable":true,"href":"https:\/\/customacrylicproduct.com\/it\/wp-json\/wp\/v2\/product_cat?post=1530"},{"taxonomy":"product_tag","embeddable":true,"href":"https:\/\/customacrylicproduct.com\/it\/wp-json\/wp\/v2\/product_tag?post=1530"}],"curies":[{"name":"wp","href":"https:\/\/api.w.org\/{rel}","templated":true}]}}