{"id":1535,"date":"2025-07-22T03:16:48","date_gmt":"2025-07-22T03:16:48","guid":{"rendered":"https:\/\/customacrylicproduct.com\/?post_type=product&#038;p=1535"},"modified":"2025-07-22T03:16:48","modified_gmt":"2025-07-22T03:16:48","slug":"clear-acrylic-round-rod-perspex-solid-bar-plastic-circular","status":"publish","type":"product","link":"https:\/\/customacrylicproduct.com\/it\/clear-acrylic-round-rod-perspex-solid-bar-plastic-circular\/","title":{"rendered":"Chiaro acrilico rotondo Rod Perspex barra solida plastica circolare"},"content":{"rendered":"<h3 id=\"-release-your-vision-premium-solid-polymer-round-rods-for-unmatched-clarity-color-and-creativity-\"><strong>Liberate la vostra visione: Aste rotonde in polimero solido di prima qualit\u00e0 per una chiarezza, un colore e una creativit\u00e0 senza pari<\/strong><\/h3>\n<p>Entrate in un mondo di infinite potenzialit\u00e0 stilistiche con la nostra elegante collezione di barre tonde in acrilico solido. Pi\u00f9 che un semplice pezzo di plastica, queste barre sono gli elementi fondamentali per musicisti, designer, progettisti e appassionati del fai da te per trasformare idee entusiastiche in verit\u00e0 concrete e sbalorditive. Integrando la limpidezza incontaminata del vetro con una resistenza superiore, una maneggevolezza leggera e un'incredibile gamma di possibilit\u00e0 visive, le nostre barre in acrilico, conosciute anche con il nome di Perspex, sono il materiale definitivo per le attivit\u00e0 che richiedono sia eleganza che resistenza.<\/p>\n<p><img fetchpriority=\"high\" decoding=\"async\" class=\"size-full wp-image-1536\" src=\"https:\/\/customacrylicproduct.com\/wp-content\/uploads\/2025\/07\/Acrylic-Round-Rod-1.jpg\" alt=\"Asta rotonda in acrilico (1)\" width=\"800\" height=\"800\" srcset=\"https:\/\/customacrylicproduct.com\/wp-content\/uploads\/2025\/07\/Acrylic-Round-Rod-1.jpg 800w, https:\/\/customacrylicproduct.com\/wp-content\/uploads\/2025\/07\/Acrylic-Round-Rod-1-300x300.jpg 300w, https:\/\/customacrylicproduct.com\/wp-content\/uploads\/2025\/07\/Acrylic-Round-Rod-1-150x150.jpg 150w, https:\/\/customacrylicproduct.com\/wp-content\/uploads\/2025\/07\/Acrylic-Round-Rod-1-768x768.jpg 768w, https:\/\/customacrylicproduct.com\/wp-content\/uploads\/2025\/07\/Acrylic-Round-Rod-1-600x600.jpg 600w, https:\/\/customacrylicproduct.com\/wp-content\/uploads\/2025\/07\/Acrylic-Round-Rod-1-100x100.jpg 100w\" sizes=\"(max-width: 800px) 100vw, 800px\" \/><\/p>\n<h4 id=\"-the-essence-of-pureness-crystal-clear-polymer-rods-\"><strong>L'essenza della purezza: Barre di polimeri cristallini<\/strong><\/h4>\n<p>Il cuore della nostra collezione \u00e8 l'intramontabile asta in polimero Crystal Clear. Come mostrano le immagini, questa asta offre una qualit\u00e0 ottica senza pari, vantando una trasmittanza luminosa di ben 92%. \u00c8 cos\u00ec pura che praticamente scompare, consentendo alla luce di attraversarla senza ostacoli, il che la rende una scelta notevole per le applicazioni in cui l'apertura \u00e8 fondamentale. A differenza del vetro, che pu\u00f2 avere una sfumatura verde, il nostro prodotto in polimetilmetacrilato (PMMA) di prima qualit\u00e0 garantisce un rivestimento anemico e impeccabile da un capo all'altro.<\/p>\n<p>Questa impressionante chiarezza lo rende un tubo di luce ideale, in grado di condurre l'illuminazione da una sorgente a un fattore specifico con una perdita minima. \u00c8 il materiale scelto per gli schermi dei negozi di fascia alta, per i luoghi di qualit\u00e0 museale, per i modelli di edifici e per i dispositivi scientifici. La sua superficie liscia e levigata mostra la luce con una fantastica brillantezza, aggiungendo un tocco di raffinatezza e di stile moderno a qualsiasi tipo di applicazione.<\/p>\n<p><img decoding=\"async\" class=\"size-full wp-image-1538\" src=\"https:\/\/customacrylicproduct.com\/wp-content\/uploads\/2025\/07\/Acrylic-Round-Rod-3.jpg\" alt=\"Asta rotonda in acrilico (3)\" width=\"800\" height=\"800\" srcset=\"https:\/\/customacrylicproduct.com\/wp-content\/uploads\/2025\/07\/Acrylic-Round-Rod-3.jpg 800w, https:\/\/customacrylicproduct.com\/wp-content\/uploads\/2025\/07\/Acrylic-Round-Rod-3-300x300.jpg 300w, https:\/\/customacrylicproduct.com\/wp-content\/uploads\/2025\/07\/Acrylic-Round-Rod-3-150x150.jpg 150w, https:\/\/customacrylicproduct.com\/wp-content\/uploads\/2025\/07\/Acrylic-Round-Rod-3-768x768.jpg 768w, https:\/\/customacrylicproduct.com\/wp-content\/uploads\/2025\/07\/Acrylic-Round-Rod-3-600x600.jpg 600w, https:\/\/customacrylicproduct.com\/wp-content\/uploads\/2025\/07\/Acrylic-Round-Rod-3-100x100.jpg 100w\" sizes=\"(max-width: 800px) 100vw, 800px\" \/><\/p>\n<h4 id=\"-a-harmony-of-color-and-structure-\"><strong>Un'armonia di colori e strutture<\/strong><\/h4>\n<p>Se la qualit\u00e0 \u00e8 una base, il pensiero creativo spesso richiede colore e struttura. La nostra collezione va ben oltre il trasparente, offrendo una tavolozza vivace e superfici uniche che si adattano a qualsiasi tipo di visione.<\/p>\n<ul>\n<li><strong>Traslucidi vibranti:\u00a0<\/strong>Immaginate una luminosit\u00e0 morbida e spirituale. Le nostre bacchette colorate traslucide, come i fragili rosa e i ricchi viola che si vedono nelle immagini, sono dotate di ombra pur conservando i loro edifici per il passaggio della luce. Quando vengono illuminate, non si limitano a trasferire la luce, ma diventano la fonte di un'atmosfera colorata. Sono ideali per produrre componenti di illuminazione personalizzati, balaustre decorative, sculture creative ed espositori per punti vendita distintivi che richiedono attenzione. Il colore \u00e8 costante su tutto il palo, assicurando una tonalit\u00e0 ideale anche dopo il taglio o la formatura.<\/li>\n<li><strong>Opachi eleganti e resistenti:\u00a0<\/strong>Per una dichiarazione di minimalismo moderno o un contrasto drammatico, le nostre aste opache, come il nero profondo e lucido, forniscono una superficie forte e non trasparente. Queste aste accolgono la luce, sviluppando un'estetica sobria e potente, adatta a componenti d'arredo moderni, a eleganti complementi d'arredo, a componenti di vendita al dettaglio a tema scuro e ad accenti architettonici in cui l'interpretazione e la forma sono cruciali.<\/li>\n<li><strong>Aste specializzate dinamiche:\u00a0<\/strong>.<\/li>\n<li><strong>Aste a bolle d'aria:\u00a0<\/strong>Registrate un minuto di effervescenza congelato nel tempo. Le nostre aste a bolle hanno tante piccole bolle d'aria che danzano all'interno dell'acrilico trasparente o colorato. Questo speciale attributo produce una struttura estetica emozionante che gioca con la luce in modo interessante, perfetta per gli accenti di funzione dell'acqua, per i divisori attraenti, per gli apparecchi di illuminazione e per qualsiasi tipo di oggetto destinato a far discutere.<\/li>\n<li><strong>Aste ritorte:\u00a0<\/strong>Per aggiungere un tocco di raffinatezza architettonica, le nostre aste ritorte o scanalate presentano uno stile elicoidale che rifrange e riflette la luce in modo dinamico. Quando l'angolo di spunta cambia, la luce brilla lungo la sua superficie sagomata, creando una sensazione di movimento e raffinatezza. Queste aste sono incredibilmente adatte per i fianchi delle scale, per le gambe dei mobili di alta gamma e per le colonne.<\/li>\n<li><strong>Smerigliato\/opaco Aste:\u00a0<\/strong>Con una struttura morbida e cremosa, i nostri pali smerigliati diffondono la luce in modo ottimale, fornendo un bagliore delicato anzich\u00e9 un luccichio intenso. Questa finitura \u00e8 eccezionale per ridurre l'abbagliamento, nascondere le impronte digitali e creare un'estetica raffinata e di alto livello in espositori per la privacy, diffusori di luce e componenti per spettacoli.<\/li>\n<\/ul>\n<p><img decoding=\"async\" class=\"size-full wp-image-1539\" src=\"https:\/\/customacrylicproduct.com\/wp-content\/uploads\/2025\/07\/Acrylic-Round-Rod-4.jpg\" alt=\"Asta rotonda in acrilico (4)\" width=\"800\" height=\"800\" srcset=\"https:\/\/customacrylicproduct.com\/wp-content\/uploads\/2025\/07\/Acrylic-Round-Rod-4.jpg 800w, https:\/\/customacrylicproduct.com\/wp-content\/uploads\/2025\/07\/Acrylic-Round-Rod-4-300x300.jpg 300w, https:\/\/customacrylicproduct.com\/wp-content\/uploads\/2025\/07\/Acrylic-Round-Rod-4-150x150.jpg 150w, https:\/\/customacrylicproduct.com\/wp-content\/uploads\/2025\/07\/Acrylic-Round-Rod-4-768x768.jpg 768w, https:\/\/customacrylicproduct.com\/wp-content\/uploads\/2025\/07\/Acrylic-Round-Rod-4-600x600.jpg 600w, https:\/\/customacrylicproduct.com\/wp-content\/uploads\/2025\/07\/Acrylic-Round-Rod-4-100x100.jpg 100w\" sizes=\"(max-width: 800px) 100vw, 800px\" \/><\/p>\n<h4 id=\"-superior-functions-concrete-advantages-\"><strong>Funzioni superiori, vantaggi concreti<\/strong><\/h4>\n<p>Le nostre aste in acrilico sono progettate non solo per il loro aspetto, ma anche per la loro efficienza.<\/p>\n<ul>\n<li><strong>Notevole robustezza:\u00a0<\/strong>Con una resistenza agli urti fino a 17 volte superiore a quella del vetro tradizionale, queste aste solide sono incredibilmente dure e resistenti ai frantumi, il che le rende una scelta molto pi\u00f9 sicura e affidabile per locali pubblici, case con bambini e aree ad alto traffico.<\/li>\n<li><strong>Campione dei pesi leggeri:\u00a0<\/strong>Considerati meno della met\u00e0 rispetto al vetro, i pali in acrilico sono molto pi\u00f9 facili da maneggiare, trasportare e montare, riducendo le esigenze di carico architettonico e semplificando la procedura di fabbricazione.<\/li>\n<li><strong>Facile da realizzare:\u00a0<\/strong>La vostra creativit\u00e0 non deve essere limitata dal prodotto. L'acrilico pu\u00f2 essere lavorato in modo comodo e specifico. Pu\u00f2 essere tagliato con la sega, forato, inciso, tagliato al laser, piegato a caldo e incollato in modo impeccabile con i solventi. Le estremit\u00e0 possono essere lucidate alla fiamma o smerigliate per recuperare la superficie cristallina e lucida iniziale.<\/li>\n<li><strong>Resistenza ai raggi UV e agli agenti atmosferici:\u00a0<\/strong>Creati per durare a lungo, i nostri pali in acrilico resistono all'ingiallimento e alla distruzione causati dall'esposizione prolungata ai raggi solari, rendendoli adatti ad applicazioni sia in interni che in esterni senza perdere la loro stabilit\u00e0 strutturale o il loro fascino estetico.<\/li>\n<li><strong>Eccezionale isolante termico:\u00a0<\/strong>L'acrilico \u00e8 un isolante termico molto migliore del vetro e riduce il trasferimento di calore e la condensa nelle applicazioni pi\u00f9 importanti.<\/li>\n<\/ul>\n<h4 id=\"-limitless-applications-throughout-industries-\"><strong>Applicazioni illimitate in tutti i settori<\/strong><\/h4>\n<p>La praticit\u00e0 delle nostre aste in acrilico le rende un prodotto fondamentale per una vasta serie di progetti:.<\/p>\n<ul>\n<li><strong>Stile e decorazione interna:\u00a0<\/strong>Creare balaustre spettacolari, montanti per scale, aste per tendaggi, pannelli divisori per spazi, gambe per mobili su misura e luci personalizzate.<\/li>\n<li><strong>Commercio al dettaglio e vendita al dettaglio:\u00a0<\/strong>Realizzate eleganti espositori per articoli, portagioie preziosi, espositori per punti vendita (POP), segnaletica e sistemi di scaffalatura avanzati che pongono l'attenzione sull'articolo.<\/li>\n<li><strong>Arte e scultura:\u00a0<\/strong>Un mezzo eccellente per allestimenti luminosi, sculture cinetiche e progetti intricati in cui interagiscono luce e natura.<\/li>\n<li><strong>Progetti fai da te e per appassionati:\u00a0<\/strong>Dalla realizzazione di cassetti e maniglie personalizzate alla costruzione di parti per la robotica o di istanze personalizzate per il PC, le opportunit\u00e0 per il creatore domestico sono illimitate.<\/li>\n<li><strong>Industriale e scientifico:\u00a0<\/strong>Utilizzabili come occhiali da vista, panoramiche luminose per dispositivi elettronici, tasselli non conduttivi, dispositivi di laboratorio e prototipi durevoli.<\/li>\n<\/ul>\n<h4 id=\"-your-vision-our-material-\"><strong>La vostra visione, il nostro materiale<\/strong><\/h4>\n<p>Che siate un designer che progetta un'opera d'arte moderna, un venditore che crea un'esperienza indimenticabile per il consumatore o un hobbista che d\u00e0 vita a un progetto personale, le nostre aste tonde in acrilico solido offrono la qualit\u00e0, la selezione e l'efficienza che desiderate. Ogni asta \u00e8 realizzata in base a requisiti rigorosi e accuratamente imballata per arrivare in bella forma, pronta per la lavorazione.<\/p>\n<p>Scegliete tra un'ampia selezione di diametri e dimensioni per soddisfare completamente le vostre specifiche. Scoprite la nostra gamma di opzioni trasparenti, colorate e testurizzate per trovare il prodotto perfetto che non solo soddisfer\u00e0 la sua caratteristica, ma elever\u00e0 l'intero compito. Ordinate oggi stesso e trovate la fusione ideale di tipo, caratteristiche e brillantezza.<\/p>","protected":false},"excerpt":{"rendered":"<p class=\"ng-star-inserted\"><span class=\"ng-star-inserted\">Barre rotonde in acrilico solido di alta qualit\u00e0. Le nostre barre di Perspex sono disponibili in colori cristallini e vivaci e in stili decorativi unici, come quelli attorcigliati e con bolle d'aria. Perfette per progetti di bricolage, artigianato, modellismo ed esposizioni. Durevoli e facili da lavorare per qualsiasi applicazione personalizzata.<\/span><\/p>","protected":false},"featured_media":1536,"template":"","meta":{"_kad_post_transparent":"default","_kad_post_title":"","_kad_post_layout":"default","_kad_post_sidebar_id":"","_kad_post_content_style":"default","_kad_post_vertical_padding":"default","_kad_post_feature":"","_kad_post_feature_position":"","_kad_post_header":false,"_kad_post_footer":false,"_kad_post_classname":""},"product_brand":[],"product_cat":[23],"product_tag":[63],"class_list":{"0":"post-1535","1":"product","2":"type-product","3":"status-publish","4":"has-post-thumbnail","6":"product_cat-custom-acrylic-rods-tubes","7":"product_tag-acrylic-rods","9":"first","10":"instock","11":"shipping-taxable","12":"product-type-simple","13":"entry","14":"content-bg","15":"loop-entry"},"_links":{"self":[{"href":"https:\/\/customacrylicproduct.com\/it\/wp-json\/wp\/v2\/product\/1535","targetHints":{"allow":["GET"]}}],"collection":[{"href":"https:\/\/customacrylicproduct.com\/it\/wp-json\/wp\/v2\/product"}],"about":[{"href":"https:\/\/customacrylicproduct.com\/it\/wp-json\/wp\/v2\/types\/product"}],"wp:featuredmedia":[{"embeddable":true,"href":"https:\/\/customacrylicproduct.com\/it\/wp-json\/wp\/v2\/media\/1536"}],"wp:attachment":[{"href":"https:\/\/customacrylicproduct.com\/it\/wp-json\/wp\/v2\/media?parent=1535"}],"wp:term":[{"taxonomy":"product_brand","embeddable":true,"href":"https:\/\/customacrylicproduct.com\/it\/wp-json\/wp\/v2\/product_brand?post=1535"},{"taxonomy":"product_cat","embeddable":true,"href":"https:\/\/customacrylicproduct.com\/it\/wp-json\/wp\/v2\/product_cat?post=1535"},{"taxonomy":"product_tag","embeddable":true,"href":"https:\/\/customacrylicproduct.com\/it\/wp-json\/wp\/v2\/product_tag?post=1535"}],"curies":[{"name":"wp","href":"https:\/\/api.w.org\/{rel}","templated":true}]}}