{"id":1544,"date":"2025-07-22T03:35:11","date_gmt":"2025-07-22T03:35:11","guid":{"rendered":"https:\/\/customacrylicproduct.com\/?post_type=product&#038;p=1544"},"modified":"2025-07-22T03:35:11","modified_gmt":"2025-07-22T03:35:11","slug":"acrylic-senior-special-new-design-trophy-award-custom","status":"publish","type":"product","link":"https:\/\/customacrylicproduct.com\/it\/acrylic-senior-special-new-design-trophy-award-custom\/","title":{"rendered":"Trofeo premio speciale Senior in acrilico di nuova concezione personalizzato"},"content":{"rendered":"<h3 id=\"redefining-recognition-presenting-the-apex-collection-custom-3d-polymer-trophies\">Ridefinire il riconoscimento: Presentazione dei trofei personalizzati in polimero 3D della Collezione Apex<\/h3>\n<p>In un mondo di elogi digitali fugaci, l'atto di consegnare un premio fisico continua a essere un gesto efficace e senza tempo. \u00c8 un minuto congelato nel tempo, un simbolo concreto di dedizione, qualit\u00e0 e successo significativo. Ma per molto tempo anche le onorificenze stesse sono state comuni, prevedibili e prive della vera anima del risultato che si proponevano di commemorare.<\/p>\n<p>La nostra azienda ritiene che il vero riconoscimento spetti a un monolite, non a una semplice penna. \u00c8 con questa ideologia che presentiamo con orgoglio la nostra linea di penne all'avanguardia.\u00a0<strong>Trofei personalizzati in polimero 3D\u00a0<\/strong>- una collezione in cui l'abilit\u00e0 artistica, l'innovazione innovativa e l'ampio significato si fondono per produrre un'onorificenza eccezionale come il suo destinatario.<\/p>\n<p><img fetchpriority=\"high\" decoding=\"async\" class=\"size-full wp-image-1545\" src=\"https:\/\/customacrylicproduct.com\/wp-content\/uploads\/2025\/07\/New-Design-Trophy-1.jpg\" alt=\"Trofeo New Design (1)\" width=\"900\" height=\"900\" srcset=\"https:\/\/customacrylicproduct.com\/wp-content\/uploads\/2025\/07\/New-Design-Trophy-1.jpg 900w, https:\/\/customacrylicproduct.com\/wp-content\/uploads\/2025\/07\/New-Design-Trophy-1-300x300.jpg 300w, https:\/\/customacrylicproduct.com\/wp-content\/uploads\/2025\/07\/New-Design-Trophy-1-150x150.jpg 150w, https:\/\/customacrylicproduct.com\/wp-content\/uploads\/2025\/07\/New-Design-Trophy-1-768x768.jpg 768w, https:\/\/customacrylicproduct.com\/wp-content\/uploads\/2025\/07\/New-Design-Trophy-1-600x600.jpg 600w, https:\/\/customacrylicproduct.com\/wp-content\/uploads\/2025\/07\/New-Design-Trophy-1-100x100.jpg 100w\" sizes=\"(max-width: 900px) 100vw, 900px\" \/><\/p>\n<p><strong>Una nuova altezza nel design delle onorificenze: Il motivo della collina<\/strong><\/p>\n<p>Al centro della nostra nuova collezione c'\u00e8 un disegno efficace ed evocativo: una catena montuosa di straordinaria profondit\u00e0, che sembra andare alla deriva nella limpidezza immacolata dell'acrilico. Non si tratta di un semplice elemento ornamentale, ma di una narrazione registrata in forma solida.<\/p>\n<p>La collina rappresenta l'apice della realizzazione. Significa il viaggio difficile, gli ostacoli da superare, la forza di volont\u00e0 necessaria per arrivare. Parla di resistenza, sicurezza e dell'ambizione crescente che spinge le persone e le aziende ad andare avanti. Che si tratti di onorare un \u201cCompagno dell'anno\u201d, un campione di \u201cFinest Service\u201d o un atleta di livello mondiale, il tema della collina interagisce con una storia globale di successo che trascende lingua e cultura.<\/p>\n<p>Come si vede nei diversi esempi, questo principio fondamentale \u00e8 meravigliosamente versatile. Per un'onorificenza a un partner aziendale, la montagna \u00e8 presentata in un sofisticato nero e grigio, sullo sfondo di un elegante testo in oro, che trasmette gravitas e stimata collaborazione. Per un trofeo \u201cCoppa del Mondo di Nuoto\u201d, la stessa catena montuosa galleggia meravigliosamente sopra un vivace aspetto azzurro che imita le profondit\u00e0 di un lago eccellente o la massa effettiva di un iceberg - un eccellente collegamento tematico che \u00e8 sia esteticamente sorprendente che profondamente significativo.<\/p>\n<p><img decoding=\"async\" class=\"size-full wp-image-1547\" src=\"https:\/\/customacrylicproduct.com\/wp-content\/uploads\/2025\/07\/New-Design-Trophy-3.jpg\" alt=\"Trofeo New Design (3)\" width=\"900\" height=\"900\" srcset=\"https:\/\/customacrylicproduct.com\/wp-content\/uploads\/2025\/07\/New-Design-Trophy-3.jpg 900w, https:\/\/customacrylicproduct.com\/wp-content\/uploads\/2025\/07\/New-Design-Trophy-3-300x300.jpg 300w, https:\/\/customacrylicproduct.com\/wp-content\/uploads\/2025\/07\/New-Design-Trophy-3-150x150.jpg 150w, https:\/\/customacrylicproduct.com\/wp-content\/uploads\/2025\/07\/New-Design-Trophy-3-768x768.jpg 768w, https:\/\/customacrylicproduct.com\/wp-content\/uploads\/2025\/07\/New-Design-Trophy-3-600x600.jpg 600w, https:\/\/customacrylicproduct.com\/wp-content\/uploads\/2025\/07\/New-Design-Trophy-3-100x100.jpg 100w\" sizes=\"(max-width: 900px) 100vw, 900px\" \/><\/p>\n<p><strong>Artigianato e purezza del prodotto senza pari<\/strong><\/p>\n<p>Uno stile straordinario richiede un mezzo straordinario. I nostri trofei sono realizzati in acrilico ottico di altissima qualit\u00e0 o, su richiesta, in cristallo K9. Questo prodotto viene scelto per la sua qualit\u00e0 perfetta, il peso significativo e la fenomenale capacit\u00e0 di rifrangere la luce. A differenza del comune acrilico, \u00e8 privo delle imperfezioni e dell'ingiallimento che possono diminuire la statura di un'onorificenza nel tempo. Il risultato \u00e8 un pezzo con l'incredibile scintillio del vetro, ma con una longevit\u00e0 superiore.<\/p>\n<p>Ogni premio \u00e8 la testimonianza di un processo in pi\u00f9 fasi, guidato dalla precisione:.<\/p>\n<ol>\n<li><strong>Iscrizione laser interna 3D:\u00a0<\/strong>La magia della montagna \u201cgalleggiante\u201d \u00e8 ottenuta grazie a una sofisticata strategia di incisione laser sottosuperficiale. La nostra sofisticata attrezzatura concentra fasci di luce laser ad alta intensit\u00e0 per sviluppare centinaia di complesse microfratture all'interno del solido blocco di acrilico. L'insieme di questi punti d\u00e0 vita a un paesaggio montano tridimensionale e completo, con altezze imponenti e valli ombrose, il tutto sospeso in modo impossibile all'interno del nucleo del trofeo.<\/li>\n<li><strong>Stampa UV ad alta risoluzione:\u00a0<\/strong>Le tonalit\u00e0 vivaci, la nitidezza dei loghi e la nitidezza dei messaggi sono applicati grazie all'avanzata innovazione della stampa UV. Questo processo rimedia prontamente all'inchiostro con la luce ultravioletta, dando vita a un prodotto durevole e resistente ai graffi, con una straordinaria integrit\u00e0 delle tonalit\u00e0. Ci\u00f2 consente di ottenere i ricchi blu dell'acqua, l'oro abbagliante dei titoli e la riproduzione ideale del marchio aziendale.<\/li>\n<li><strong>Finitura artigianale:\u00a0<\/strong>La tecnologia \u00e8 solo una parte del racconto. Ogni premio \u00e8 sottoposto a un'accurata procedura di finitura da parte di artigiani esperti. I lati sono lucidati al diamante fino a raggiungere una lucentezza a specchio, assicurandosi che non vi siano spigoli vivi e che l'oggetto catturi e rifletta la luce da ogni angolazione. Le strutture, come la base della montagna scintillante e impregnata di glitter o l'incisione smerigliata di una mappa del mondo, sono utilizzate con precisione per aggiungere un ulteriore strato di ricchezza sensoriale.<\/li>\n<\/ol>\n<p><img decoding=\"async\" class=\"size-full wp-image-1548\" src=\"https:\/\/customacrylicproduct.com\/wp-content\/uploads\/2025\/07\/New-Design-Trophy-4.jpg\" alt=\"Trofeo New Design (4)\" width=\"900\" height=\"900\" srcset=\"https:\/\/customacrylicproduct.com\/wp-content\/uploads\/2025\/07\/New-Design-Trophy-4.jpg 900w, https:\/\/customacrylicproduct.com\/wp-content\/uploads\/2025\/07\/New-Design-Trophy-4-300x300.jpg 300w, https:\/\/customacrylicproduct.com\/wp-content\/uploads\/2025\/07\/New-Design-Trophy-4-150x150.jpg 150w, https:\/\/customacrylicproduct.com\/wp-content\/uploads\/2025\/07\/New-Design-Trophy-4-768x768.jpg 768w, https:\/\/customacrylicproduct.com\/wp-content\/uploads\/2025\/07\/New-Design-Trophy-4-600x600.jpg 600w, https:\/\/customacrylicproduct.com\/wp-content\/uploads\/2025\/07\/New-Design-Trophy-4-100x100.jpg 100w\" sizes=\"(max-width: 900px) 100vw, 900px\" \/><\/p>\n<p><strong>Il potere della modifica infinita<\/strong><\/p>\n<p>Il vostro risultato \u00e8 distinto. Anche il vostro premio dovrebbe esserlo. La nostra piattaforma si basa sul concetto di personalizzazione profonda e mirata, che consente di creare un trofeo che sia un vero capolavoro unico.<\/p>\n<ul>\n<li><strong>Formazione e gentilezza:\u00a0<\/strong>Sebbene l'intramontabile blocco rettangolare abbia un'impronta classica e sostanziale e il \u201cdisco\u201d rotondo rappresenti una scelta moderna ed elegante, non siamo limitati dalle convenzioni. Il nostro team di stilisti pu\u00f2 lavorare con voi per sviluppare una forma personalizzata che mostri l'identit\u00e0 del vostro marchio o il tema dell'evento.<\/li>\n<li><strong>Immagini e video su misura:\u00a0<\/strong>Le possibilit\u00e0 di design sono illimitate. Come si vede in una sensazionale variante, possiamo incorporare nella storia un mappamondo sottilmente inciso, con una stella che determina un luogo significativo. Possiamo incidere singoli marchi per un tocco davvero speciale, oppure incorporare motivi e icone elaborate, come le delicate stelle che adornano il lato del premio di servizio.<\/li>\n<li><strong>Testo e marchio personalizzati:\u00a0<\/strong>Ogni parola \u00e8 importante. Possiamo realizzare qualsiasi messaggio, dal nome e titolo del destinatario alla data dell'evento e a un messaggio sincero, in una selezione di caratteri e rivestimenti, come l'elegante foglio di alluminio dorato, il classico nero o il bianco nitido. I loghi aziendali, come quelli di \u201cEco-Green Group\u201d o \u201cBoehringer Ingelheim\u201d, sono ricreati con la precisione ideale per mantenere l'integrit\u00e0 del marchio.<\/li>\n<li><strong>Palette di tonalit\u00e0 tematiche:\u00a0<\/strong>Il vivace elemento blu \u00e8 solo l'inizio. Possiamo personalizzare la combinazione di colori per adattarla al marchio aziendale, alle tonalit\u00e0 dell'evento o allo stato d'animo preferito. Immaginate un rosso intenso per un premio alle vendite, un ecologico intenso per un premio ecologico, o un elegante argento metallico per un moderno trendsetter della tecnologia.<\/li>\n<\/ul>\n<p><strong>L'ultimo tocco: Una presentazione indimenticabile<\/strong><\/p>\n<p>L'esperienza di ricevere un premio inizia nel momento in cui viene consegnato. Per questo motivo, ognuno dei nostri trofei personalizzati \u00e8 contenuto in un'elegante scatola da regalo di alta qualit\u00e0. La scatola in bronzo-oro, robusta e strutturata, che si vede nell'immagine, \u00e8 stata sviluppata per proteggere l'onorificenza ed elevare l'intera discussione. Aprire la scatola per rivelare il premio scintillante e sostanzioso che vi si trova \u00e8 un'esperienza in s\u00e9, che collega valore, stima e profondo riconoscimento prima ancora di ricevere l'onorificenza.<\/p>\n<p><strong>Un onore per ogni occasione:<\/strong><\/p>\n<p>Questo stile versatile \u00e8 la scelta ideale per una vasta gamma di occasioni di riconoscimento:.<\/p>\n<ul>\n<li><strong>Riconoscimento aziendale:\u00a0<\/strong>Lavoratore del mese, Top Performer, Servizio ideale, Onorificenze della direzione.<\/li>\n<li><strong>Partnership e ammirazione dei clienti:\u00a0<\/strong>Partner dell'anno, premi ai fornitori, anniversari dei clienti.<\/li>\n<li><strong>Occasioni sportive:\u00a0<\/strong>Trofei dei campioni, premi MVP, targhe celebrative.<\/li>\n<li><strong>Pietre miliari e anniversari:\u00a0<\/strong>Anniversari di matrimonio, Giornate della struttura aziendale, Pensionati, Presente di vita.<\/li>\n<li><strong>Accademici e non profit:\u00a0<\/strong>Riconoscimento dei donatori, borse di studio per i risultati raggiunti, volontario dell'anno.<\/li>\n<\/ul>\n<p>Superate l'ordinario. Scegliete un premio che racconta, motiva la meraviglia e sar\u00e0 conservato per tutta la vita. Scegliete il premio in acrilico 3D su misura della serie Pinnacle, dove il vostro riconoscimento raggiunge l'apice.<\/p>\n<p><strong>Contattateci oggi stesso per iniziare una consulenza con il nostro team di impaginazione e creare un'importante eredit\u00e0 di successo.<\/strong><\/p>","protected":false},"excerpt":{"rendered":"<p>Riconoscete l'eccellenza con i nostri nuovi trofei personalizzati in acrilico. Caratterizzati da uno splendido paesaggio montano in 3D, catturato in acrilico cristallino, questi premi sono completamente personalizzabili. Perfetti per le onorificenze aziendali, gli eventi sportivi e la celebrazione dei migliori risultati con un premio unico e prestigioso.<\/p>","protected":false},"featured_media":1545,"template":"","meta":{"_kad_post_transparent":"default","_kad_post_title":"","_kad_post_layout":"default","_kad_post_sidebar_id":"","_kad_post_content_style":"default","_kad_post_vertical_padding":"default","_kad_post_feature":"","_kad_post_feature_position":"","_kad_post_header":false,"_kad_post_footer":false,"_kad_post_classname":""},"product_brand":[],"product_cat":[19],"product_tag":[145],"class_list":{"0":"post-1544","1":"product","2":"type-product","3":"status-publish","4":"has-post-thumbnail","6":"product_cat-custom-acrylic-trophies-awards","7":"product_tag-acrylic-custom-trophy","9":"first","10":"instock","11":"shipping-taxable","12":"product-type-simple","13":"entry","14":"content-bg","15":"loop-entry"},"_links":{"self":[{"href":"https:\/\/customacrylicproduct.com\/it\/wp-json\/wp\/v2\/product\/1544","targetHints":{"allow":["GET"]}}],"collection":[{"href":"https:\/\/customacrylicproduct.com\/it\/wp-json\/wp\/v2\/product"}],"about":[{"href":"https:\/\/customacrylicproduct.com\/it\/wp-json\/wp\/v2\/types\/product"}],"wp:featuredmedia":[{"embeddable":true,"href":"https:\/\/customacrylicproduct.com\/it\/wp-json\/wp\/v2\/media\/1545"}],"wp:attachment":[{"href":"https:\/\/customacrylicproduct.com\/it\/wp-json\/wp\/v2\/media?parent=1544"}],"wp:term":[{"taxonomy":"product_brand","embeddable":true,"href":"https:\/\/customacrylicproduct.com\/it\/wp-json\/wp\/v2\/product_brand?post=1544"},{"taxonomy":"product_cat","embeddable":true,"href":"https:\/\/customacrylicproduct.com\/it\/wp-json\/wp\/v2\/product_cat?post=1544"},{"taxonomy":"product_tag","embeddable":true,"href":"https:\/\/customacrylicproduct.com\/it\/wp-json\/wp\/v2\/product_tag?post=1544"}],"curies":[{"name":"wp","href":"https:\/\/api.w.org\/{rel}","templated":true}]}}