{"id":1549,"date":"2025-07-22T03:45:23","date_gmt":"2025-07-22T03:45:23","guid":{"rendered":"https:\/\/customacrylicproduct.com\/?post_type=product&#038;p=1549"},"modified":"2025-07-22T03:45:23","modified_gmt":"2025-07-22T03:45:23","slug":"clear-acrylic-storage-drawer-bins-multipurpose-organizers","status":"publish","type":"product","link":"https:\/\/customacrylicproduct.com\/it\/clear-acrylic-storage-drawer-bins-multipurpose-organizers\/","title":{"rendered":"Contenitori acrilici trasparenti per cassetti di stoccaggio Organizzatori multiuso"},"content":{"rendered":"<h3 id=\"-change-your-turmoil-into-calmness-the-ultimate-clear-acrylic-stackable-storage-organizers-\"><strong>Trasformare l'agitazione in calma: Gli organizzatori di stoccaggio impilabili in acrilico trasparente per eccellenza<\/strong><\/h3>\n<p>Siete stanchi di cercare ogni giorno il vostro rossetto preferito, la batteria della misura giusta o quella particolare bustina di t\u00e8? Considerate il vostro piano d'appoggio, il vanity o la scrivania e vedete un paesaggio di disordine che aggiunge stress e ansia alla vostra giornata? \u00c8 ora di smettere di lasciare che il disordine determini la vostra zona e il vostro umore. \u00c8 ora di portare chiarezza, ordine ed eleganza in ogni angolo della vostra casa.<\/p>\n<p>Presentare il\u00a0<strong>Contenitori impilabili in acrilico chiaro per armadietti di stoccaggio\u00a0<\/strong>- il rimedio sofisticato, funzionale ed eccezionalmente pratico realizzato per portare armonia e prestazioni nella vostra vita. Non si tratta di semplici scatole di plastica, ma di un sistema organizzativo completo, progettato con cura per trasformare gli spazi disordinati in vetrine di tranquillit\u00e0 e stile. Per vedere i vostri oggetti, proteggerli dallo sporco e dai danni e sviluppare un sistema di archiviazione personalizzato che si adatta perfettamente alle vostre esigenze e alla vostra stanza.<\/p>\n<p><img fetchpriority=\"high\" decoding=\"async\" class=\"wp-image-1552 size-large aligncenter\" src=\"https:\/\/customacrylicproduct.com\/wp-content\/uploads\/2025\/07\/Acrylic-Storage-Drawer-3-1024x1024.jpg\" alt=\"Cassetto portaoggetti in acrilico (3)\" width=\"1024\" height=\"1024\" srcset=\"https:\/\/customacrylicproduct.com\/wp-content\/uploads\/2025\/07\/Acrylic-Storage-Drawer-3-1024x1024.jpg 1024w, https:\/\/customacrylicproduct.com\/wp-content\/uploads\/2025\/07\/Acrylic-Storage-Drawer-3-300x300.jpg 300w, https:\/\/customacrylicproduct.com\/wp-content\/uploads\/2025\/07\/Acrylic-Storage-Drawer-3-150x150.jpg 150w, https:\/\/customacrylicproduct.com\/wp-content\/uploads\/2025\/07\/Acrylic-Storage-Drawer-3-768x768.jpg 768w, https:\/\/customacrylicproduct.com\/wp-content\/uploads\/2025\/07\/Acrylic-Storage-Drawer-3-1536x1536.jpg 1536w, https:\/\/customacrylicproduct.com\/wp-content\/uploads\/2025\/07\/Acrylic-Storage-Drawer-3-600x600.jpg 600w, https:\/\/customacrylicproduct.com\/wp-content\/uploads\/2025\/07\/Acrylic-Storage-Drawer-3-100x100.jpg 100w, https:\/\/customacrylicproduct.com\/wp-content\/uploads\/2025\/07\/Acrylic-Storage-Drawer-3.jpg 1920w\" sizes=\"(max-width: 1024px) 100vw, 1024px\" \/><\/p>\n<h4 id=\"-the-power-of-crystal-clear-exposure-\"><strong>Il potere di un'esposizione cristallina<\/strong><\/h4>\n<p>L'attributo principale di questi organizer \u00e8 la loro magnifica trasparenza cristallina. Realizzati in acrilico di prima qualit\u00e0 e all'avanguardia, questi armadietti consentono di vedere senza ostacoli il loro contenuto. Sono finiti i giorni in cui bisognava aprire e cercare in pi\u00f9 contenitori opachi, nel tentativo di trovare ci\u00f2 che si cercava. Con i nostri organizer \u00e8 possibile eseguire un rapido inventario visivo con un solo sguardo.<\/p>\n<p>Immaginate la vostra routine mattutina: invece di rovistare in una borsa per il trucco disordinata, individuate facilmente il colore specifico del fondotinta, la palette di ombretti che intendete utilizzare e il fermaglio per capelli ideale per completare il vostro aspetto. Questa presenza immediata non solo vi fa risparmiare tempo e fatica, ma vi aiuta anche a riscoprire e utilizzare oggetti che avevate dimenticato di avere. L'aspetto liscio e simile al vetro migliora l'aspetto di qualsiasi stanza, trasformando i vostri oggetti quotidiani in uno splendido display curato.<\/p>\n<p><img decoding=\"async\" class=\"size-full wp-image-1550\" src=\"https:\/\/customacrylicproduct.com\/wp-content\/uploads\/2025\/07\/Acrylic-Storage-Drawer-1.jpg\" alt=\"Cassetto portaoggetti in acrilico (1)\" width=\"800\" height=\"800\" srcset=\"https:\/\/customacrylicproduct.com\/wp-content\/uploads\/2025\/07\/Acrylic-Storage-Drawer-1.jpg 800w, https:\/\/customacrylicproduct.com\/wp-content\/uploads\/2025\/07\/Acrylic-Storage-Drawer-1-300x300.jpg 300w, https:\/\/customacrylicproduct.com\/wp-content\/uploads\/2025\/07\/Acrylic-Storage-Drawer-1-150x150.jpg 150w, https:\/\/customacrylicproduct.com\/wp-content\/uploads\/2025\/07\/Acrylic-Storage-Drawer-1-768x768.jpg 768w, https:\/\/customacrylicproduct.com\/wp-content\/uploads\/2025\/07\/Acrylic-Storage-Drawer-1-600x600.jpg 600w, https:\/\/customacrylicproduct.com\/wp-content\/uploads\/2025\/07\/Acrylic-Storage-Drawer-1-100x100.jpg 100w\" sizes=\"(max-width: 800px) 100vw, 800px\" \/><\/p>\n<h4 id=\"-infinitely-modular-perfectly-stackable-your-area-your-guidelines-\"><strong>Infinitamente modulare, perfettamente impilabile: La vostra area, le vostre linee guida<\/strong><\/h4>\n<p>Le vostre esigenze di spazio sono uniche e anche il vostro organizer deve esserlo. Questa \u00e8 l'ideologia alla base del nostro layout modulare. Ogni cassetto \u00e8 un dispositivo indipendente che pu\u00f2 essere utilizzato da solo, ma la sua vera potenza si sprigiona quando li si combina. La parte superiore e la base di ogni contenitore sono progettate con scanalature raffinate e di precisione che consentono di bloccarle in modo sicuro quando sono impilate. Questo garantisce una torre stabile e priva di oscillazioni, sia che li impiliate a 2, 3 o addirittura a 4.<\/p>\n<ul>\n<li><strong>Potenza verticale:\u00a0<\/strong>Recuperate il prezioso spazio del bancone e dello scaffale della cucina costruendo verso l'alto. Create una torre alta e sottile per il lavabo del bagno o una pila compatta per la scrivania dell'ufficio.<\/li>\n<li><strong>Coerenza orizzontale:\u00a0<\/strong>Posizionateli uno accanto all'altro per creare un vasto e poco appariscente seno di stoccaggio. La configurazione 2\u00d72, come si vede nelle foto, \u00e8 eccellente per la compagnia sotto il lavello o per rivestire uno scaffale pi\u00f9 grande nella dispensa o nel ripostiglio.<\/li>\n<\/ul>\n<p>Questa modularit\u00e0 significa che il sistema si espande e si adatta con voi. Iniziate con un set di 4 pezzi e aggiungetene facilmente altri man mano che la vostra collezione si espande. Riconfigurateli ogni volta che vi trasferite, che ristrutturate o che semplicemente avete voglia di cambiare. Da un monolocale a una casa spaziosa, questi organizer offrono un rimedio su misura per qualsiasi tipo di ambiente.<\/p>\n<p><img decoding=\"async\" class=\"wp-image-1553 size-large aligncenter\" src=\"https:\/\/customacrylicproduct.com\/wp-content\/uploads\/2025\/07\/Acrylic-Storage-Drawer-4-1024x1024.jpg\" alt=\"Cassetto portaoggetti in acrilico (4)\" width=\"1024\" height=\"1024\" srcset=\"https:\/\/customacrylicproduct.com\/wp-content\/uploads\/2025\/07\/Acrylic-Storage-Drawer-4-1024x1024.jpg 1024w, https:\/\/customacrylicproduct.com\/wp-content\/uploads\/2025\/07\/Acrylic-Storage-Drawer-4-300x300.jpg 300w, https:\/\/customacrylicproduct.com\/wp-content\/uploads\/2025\/07\/Acrylic-Storage-Drawer-4-150x150.jpg 150w, https:\/\/customacrylicproduct.com\/wp-content\/uploads\/2025\/07\/Acrylic-Storage-Drawer-4-768x768.jpg 768w, https:\/\/customacrylicproduct.com\/wp-content\/uploads\/2025\/07\/Acrylic-Storage-Drawer-4-1536x1536.jpg 1536w, https:\/\/customacrylicproduct.com\/wp-content\/uploads\/2025\/07\/Acrylic-Storage-Drawer-4-600x600.jpg 600w, https:\/\/customacrylicproduct.com\/wp-content\/uploads\/2025\/07\/Acrylic-Storage-Drawer-4-100x100.jpg 100w, https:\/\/customacrylicproduct.com\/wp-content\/uploads\/2025\/07\/Acrylic-Storage-Drawer-4.jpg 1600w\" sizes=\"(max-width: 1024px) 100vw, 1024px\" \/><\/p>\n<h4 id=\"-uncompromising-top-quality-resilience-\"><strong>Massima qualit\u00e0 e resilienza senza compromessi<\/strong><\/h4>\n<p>Questi coordinatori sono costruiti per durare. Utilizziamo solo acrilico vergine 100%, privo di BPA e infrangibile, che offre il perfetto equilibrio tra leggerezza e robustezza. A differenza delle plastiche pi\u00f9 economiche e fragili, che con il tempo possono fratturarsi, deformarsi o ingiallire, il nostro acrilico di prima qualit\u00e0 mantiene la sua eccellente chiarezza e onest\u00e0 strutturale per anni di utilizzo affidabile.<\/p>\n<p>La superficie liscia e non porosa \u00e8 incredibilmente facile da pulire. Le fuoriuscite di trucco, creme o bucce di caff\u00e8 si eliminano facilmente con un panno bagnato e un tocco di sapone neutro, mantenendo il vostro spazio di archiviazione come nuovo. La struttura robusta protegge i vostri oggetti, dalle delicate palette per il trucco ai preziosi prodotti artigianali, da sporco, umidit\u00e0 e urti involontari.<\/p>\n<h4 id=\"-smooth-capability-elegant-design-\"><strong>Funzionalit\u00e0 fluida, design elegante<\/strong><\/h4>\n<p>Ogni dettaglio \u00e8 stato pensato per garantire al cliente un'esperienza superiore. I cassetti sono progettati per scorrere all'interno e all'esterno con un'attivit\u00e0 fluida e gratificante, senza incastrarsi o bloccarsi. Il piano d'appoggio incorporato \u00e8 un capolavoro di layout minimalista. \u00c8 modellata senza sforzo nella parte anteriore del mobile, offrendo una presa comoda e sicura senza maniglie o ferramenta estensibili che potrebbero rompersi o interferire con le linee ordinate. Questa maniglia liscia e integrata esalta l'aspetto moderno e rende l'accesso ai prodotti una vera soddisfazione.<\/p>\n<h3 id=\"-a-multi-purpose-marvel-limitless-possibilities-for-each-area-\"><strong>Una meraviglia polivalente: possibilit\u00e0 illimitate per ogni area<\/strong><\/h3>\n<p>Il vero fascino di questi organizer sta nella loro infinita praticit\u00e0. Ecco alcuni dei modi in cui \u00e8 possibile utilizzarli per dominare il disordine in casa:.<\/p>\n<p><strong>1. Il luogo dell'eleganza (bagno con doccia e vanit\u00e0):\u00a0<\/strong>. Come si vede nelle immagini, questi cassetti sono un sogno che diventa realt\u00e0 per le amanti del make-up e della cura della pelle.<\/p>\n<ul>\n<li><strong>Cassetti superiori:\u00a0<\/strong>Conservate gli oggetti di uso quotidiano, come i flaconi di fondotinta, i sieri, le guide e i correttori, in posizione verticale per facilitarne l'accesso.<\/li>\n<li><strong>Cassetti centrali:\u00a0<\/strong>Organizzare gli accessori per capelli. Sono la dimensione migliore per fermagli, fermagli per capelli, forcine e cerchietti.<\/li>\n<li><strong>Cassetti della base:\u00a0<\/strong>Stendete palette di ombretti, fard e bronzer in piano per evitare che si danneggino. Tenere in ordine e contenere i dischetti di cotone, i cotton fioc e le spugnette per il trucco.<\/li>\n<\/ul>\n<p><strong>2. L'Ufficio efficiente (Office):\u00a0<\/strong>. Trasformate la vostra scrivania da un disordine di carta in un centro di efficacia.<\/p>\n<ul>\n<li>Sistemate penne, matite, evidenziatori e penne.<\/li>\n<li>Tenete ordinati i piccoli oggetti di cancelleria come graffette, fermagli e note adesive.<\/li>\n<li>Per domare l'ingombro tecnologico, risparmiate la fatturazione di televisori con cavo, unit\u00e0 USB, adattatori e auricolari.<\/li>\n<\/ul>\n<p><strong>3. La struttura di comando culinaria (area cucina e cucina):\u00a0<\/strong>. Portate ordine nel cuore della vostra casa. L'acrilico, sicuro per gli alimenti e privo di BPA, li rende perfetti per la cucina.<\/p>\n<ul>\n<li>Creare un terminale per caff\u00e8 e t\u00e8 per le tazze K, le bustine di t\u00e8, le bustine di zucchero e gli agitatori.<\/li>\n<li>Organizzate le confezioni di aromi, i dadi da brodo e le piccole forniture da forno come i coloranti alimentari e gli spray.<\/li>\n<li>Ripulite il vostro armadietto dei dolci con barrette di muesli, dolcetti alla frutta e pacchetti di frutta secca.<\/li>\n<\/ul>\n<p><strong>4. L'angolo dell'innovazione (spazio per l'artigianato):\u00a0<\/strong>. Per gli artigiani, i musicisti o gli appassionati, questi armadi sono importanti.<\/p>\n<ul>\n<li>Scegliete perline, interruttori e braccialetti in base al colore o alla dimensione.<\/li>\n<li>Mantenere districati e visibili rocchetti di spago, bobine e nastri.<\/li>\n<li>Organizzate tubetti di vernice, rotoli di washi tape, timbri e tamponi d'inchiostro.<\/li>\n<\/ul>\n<p><strong>5. E quindi molto di pi\u00f9 ...<\/strong><\/p>\n<ul>\n<li><strong>Sotto il lavello:\u00a0<\/strong>Domare il caos di detersivi, spugne e contenitori per i pasti.<\/li>\n<li><strong>Asilo nido:\u00a0<\/strong>Acquistate ciucci, lozioni per la rottura del pannolino, calzini per bambini e piccoli giochi.<\/li>\n<li><strong>Armadio per medicinali:\u00a0<\/strong>Organizzate bende, unguenti e farmaci per potervi accedere facilmente in caso di necessit\u00e0.<\/li>\n<li><strong>Armadio:\u00a0<\/strong>Perfetto per cinture, orologi, gioielli e altri piccoli accessori.<\/li>\n<\/ul>\n<p><strong>Acquistate chiarezza. Investite nella calma.<\/strong><\/p>\n<p>Smettete di lasciare che il disordine controlli la vostra vita. Questi contenitori per cassetti impilabili in acrilico trasparente sono pi\u00f9 di un semplice acquisto: sono un investimento in tranquillit\u00e0. Sono il primo passo verso una casa organizzata, utile e bella.<\/p>\n<p>Provate la felicit\u00e0 di sapere esattamente dove si trova ogni cosa. Godetevi l'estetica ordinata e moderna che valorizza qualsiasi tipo di arredamento. Abbracciate la libert\u00e0 di un sistema totalmente regolabile che lavora per voi.<\/p>\n<p><strong>Fate clic su \u2018Includi nel carrello\u2019 e fate il primo passo verso una vita perfettamente organizzata. Il vostro spazio sereno e libero dal disordine vi aspetta.<\/strong><\/p>","protected":false},"excerpt":{"rendered":"<p class=\"ng-star-inserted\"><span class=\"ng-star-inserted\">Semplificate la vostra casa con i cassetti acrilici impilabili. Perfetti per il trucco, la cura della pelle o le forniture per l'ufficio, il design cristallino permette di vedere il contenuto a colpo d'occhio. Mescolate, abbinate e impilate per creare un'organizzazione personalizzata per ogni spazio. Moderni, resistenti e meravigliosamente versatili.<\/span><\/p>","protected":false},"featured_media":1550,"template":"","meta":{"_kad_post_transparent":"default","_kad_post_title":"","_kad_post_layout":"default","_kad_post_sidebar_id":"","_kad_post_content_style":"default","_kad_post_vertical_padding":"default","_kad_post_feature":"","_kad_post_feature_position":"","_kad_post_header":false,"_kad_post_footer":false,"_kad_post_classname":""},"product_brand":[],"product_cat":[17],"product_tag":[45],"class_list":{"0":"post-1549","1":"product","2":"type-product","3":"status-publish","4":"has-post-thumbnail","6":"product_cat-custom-acrylic-boxes","7":"product_tag-customized-acrylic-boxes","9":"first","10":"instock","11":"shipping-taxable","12":"product-type-simple","13":"entry","14":"content-bg","15":"loop-entry"},"_links":{"self":[{"href":"https:\/\/customacrylicproduct.com\/it\/wp-json\/wp\/v2\/product\/1549","targetHints":{"allow":["GET"]}}],"collection":[{"href":"https:\/\/customacrylicproduct.com\/it\/wp-json\/wp\/v2\/product"}],"about":[{"href":"https:\/\/customacrylicproduct.com\/it\/wp-json\/wp\/v2\/types\/product"}],"wp:featuredmedia":[{"embeddable":true,"href":"https:\/\/customacrylicproduct.com\/it\/wp-json\/wp\/v2\/media\/1550"}],"wp:attachment":[{"href":"https:\/\/customacrylicproduct.com\/it\/wp-json\/wp\/v2\/media?parent=1549"}],"wp:term":[{"taxonomy":"product_brand","embeddable":true,"href":"https:\/\/customacrylicproduct.com\/it\/wp-json\/wp\/v2\/product_brand?post=1549"},{"taxonomy":"product_cat","embeddable":true,"href":"https:\/\/customacrylicproduct.com\/it\/wp-json\/wp\/v2\/product_cat?post=1549"},{"taxonomy":"product_tag","embeddable":true,"href":"https:\/\/customacrylicproduct.com\/it\/wp-json\/wp\/v2\/product_tag?post=1549"}],"curies":[{"name":"wp","href":"https:\/\/api.w.org\/{rel}","templated":true}]}}