{"id":1554,"date":"2025-07-22T06:19:11","date_gmt":"2025-07-22T06:19:11","guid":{"rendered":"https:\/\/customacrylicproduct.com\/?post_type=product&#038;p=1554"},"modified":"2025-07-22T06:19:11","modified_gmt":"2025-07-22T06:19:11","slug":"custom-clear-acrylic-bubble-rod-cast-solid-acrylic-rods","status":"publish","type":"product","link":"https:\/\/customacrylicproduct.com\/it\/custom-clear-acrylic-bubble-rod-cast-solid-acrylic-rods\/","title":{"rendered":"Chiaro acrilico su ordinazione della bolla Rod Rods acrilico solido del getto"},"content":{"rendered":"<h3 id=\"presenting-the-exquisite-custom-made-clear-polymer-radiance-rod-a-world-of-sparkle-for-your-layouts\">Vi presentiamo lo squisito bastone su misura in polimero trasparente Radiance: Un mondo di scintille per i vostri layout<\/h3>\n<p>Nel mondo del design e della produzione, i prodotti sono il linguaggio che utilizziamo per raccontare. Siete alla ricerca di un prodotto che trascenda la normalit\u00e0, che parli di eleganza moderna, di lusso brioso e di immaginazione senza limiti? Vi invitiamo a scoprire i nostri\u00a0<strong>Bacchette glitterate in polimero trasparente su misura\u00a0<\/strong>- una spettacolare fusione di eccellente chiarezza e scintillio accattivante, realizzata per aumentare le vostre attivit\u00e0 da notevoli a straordinarie.<\/p>\n<p>Sebbene siano spesso classificati come \u201cpali a bolle\u201d per le loro aggiunte ornamentali, queste aste in acrilico fuso massiccio sostituiscono le tradizionali bolle d'aria con una galassia di lucentezza simile all'arcobaleno, creando un risultato visivo ancora pi\u00f9 vibrante e avanzato. Ogni palo \u00e8 un universo di luce autoportante, testimonianza di una produzione precisa e di una disposizione fantasiosa.<\/p>\n<p><img fetchpriority=\"high\" decoding=\"async\" class=\"size-full wp-image-1555\" src=\"https:\/\/customacrylicproduct.com\/wp-content\/uploads\/2025\/07\/Acrylic-Bubble-Rod-1.jpg\" alt=\"Asta a bolle d&#039;aria in acrilico (1)\" width=\"800\" height=\"800\" srcset=\"https:\/\/customacrylicproduct.com\/wp-content\/uploads\/2025\/07\/Acrylic-Bubble-Rod-1.jpg 800w, https:\/\/customacrylicproduct.com\/wp-content\/uploads\/2025\/07\/Acrylic-Bubble-Rod-1-300x300.jpg 300w, https:\/\/customacrylicproduct.com\/wp-content\/uploads\/2025\/07\/Acrylic-Bubble-Rod-1-150x150.jpg 150w, https:\/\/customacrylicproduct.com\/wp-content\/uploads\/2025\/07\/Acrylic-Bubble-Rod-1-768x768.jpg 768w, https:\/\/customacrylicproduct.com\/wp-content\/uploads\/2025\/07\/Acrylic-Bubble-Rod-1-600x600.jpg 600w, https:\/\/customacrylicproduct.com\/wp-content\/uploads\/2025\/07\/Acrylic-Bubble-Rod-1-100x100.jpg 100w\" sizes=\"(max-width: 800px) 100vw, 800px\" \/><\/p>\n<h4 id=\"the-significance-of-sparkle-product-and-looks\">L'importanza dello scintillio: Prodotto e aspetto<\/h4>\n<p>Il cuore del nostro articolo \u00e8 il miglior acrilico colato, noto anche come polimetilmetacrilato (PMMA). A differenza della sua controparte estrusa, l'acrilico colato offre una notevole qualit\u00e0 ottica, che rivaleggia e in genere supera quella del vetro. \u00c8 perfettamente trasparente e permette alla luce di attraversarlo senza ostacoli, il che \u00e8 cruciale per mettere in mostra le aggiunte pi\u00f9 brillanti al suo interno. Questo prodotto non \u00e8 solo bello, ma anche straordinariamente robusto, con un'ottima resistenza agli agenti atmosferici, ai raggi UV e un'elevata proporzione forza-peso. \u00c8 molto pi\u00f9 resistente alla frantumazione e pi\u00f9 leggero del vetro, il che lo rende una scelta molto pi\u00f9 sicura e flessibile per una vasta gamma di applicazioni.<\/p>\n<p>La magia della verit\u00e0, tuttavia, esiste sospesa in questo mezzo cristallino. Centinaia di particelle di radiosit\u00e0, scelte diligentemente, sono disperse in modo impeccabile nel palo durante il processo di fusione. Non si tratta di una terapia di superficie: lo scintillio \u00e8 parte integrante dell'asta stessa. Quando la luce entra nell'asta, viene rifratta dagli aspetti esagonali lucidati e successivamente colpisce questi numerosi piccoli specchi, disperdendosi in uno schermo dinamico e multicolore. Il risultato \u00e8 vibrante e mutevole, in risposta alla luce ambientale e all'angolazione del pubblico. In condizioni di luce ridotta, fornisce un luccichio raffinato e innovativo. Sotto i riflettori diretti, esplode in uno spettacolo brillante ed effervescente.<\/p>\n<p>Il profilo esagonale del palo \u00e8 una scelta stilistica intenzionale. Mentre i pali rotondi tradizionali sono attraenti, le 6 facce piatte delle nostre aste esagonali producono linee geometriche ordinate che offrono una sensazione di costruzione contemporanea. Queste sfaccettature funzionano come finestre e prismi individuali, esaltando i giochi di luce e offrendo un'esperienza tattile speciale. Inoltre, le facce piatte offrono vantaggi sensibili, come la protezione dal rotolamento e una superficie stabile per l'installazione o l'integrazione in gruppi pi\u00f9 grandi.<\/p>\n<p><img decoding=\"async\" class=\"size-full wp-image-1559\" src=\"https:\/\/customacrylicproduct.com\/wp-content\/uploads\/2025\/07\/Acrylic-Bubble-Rod-5.jpg\" alt=\"Asta a bolle d&#039;aria in acrilico (5)\" width=\"800\" height=\"800\" srcset=\"https:\/\/customacrylicproduct.com\/wp-content\/uploads\/2025\/07\/Acrylic-Bubble-Rod-5.jpg 800w, https:\/\/customacrylicproduct.com\/wp-content\/uploads\/2025\/07\/Acrylic-Bubble-Rod-5-300x300.jpg 300w, https:\/\/customacrylicproduct.com\/wp-content\/uploads\/2025\/07\/Acrylic-Bubble-Rod-5-150x150.jpg 150w, https:\/\/customacrylicproduct.com\/wp-content\/uploads\/2025\/07\/Acrylic-Bubble-Rod-5-768x768.jpg 768w, https:\/\/customacrylicproduct.com\/wp-content\/uploads\/2025\/07\/Acrylic-Bubble-Rod-5-600x600.jpg 600w, https:\/\/customacrylicproduct.com\/wp-content\/uploads\/2025\/07\/Acrylic-Bubble-Rod-5-100x100.jpg 100w\" sizes=\"(max-width: 800px) 100vw, 800px\" \/><\/p>\n<h4 id=\"a-canvas-for-imagination-unparalleled-applications\">Una tela per l'immaginazione: Applicazioni senza precedenti<\/h4>\n<p>L'adattabilit\u00e0 delle nostre bacchette acriliche trasparenti su misura \u00e8 limitata solo dalla vostra immaginazione. Le loro speciali propriet\u00e0 visive e fisiche robuste ne fanno una scelta ottimale per una variet\u00e0 di mercati e imprese innovative:<\/p>\n<ul>\n<li><strong>Progettazione architettonica e di interni:\u00a0<\/strong>Trasformate componenti pratici in attributi magnifici. Pensate a questi pali come eleganti balaustre per le scale, maniglie di classe per le porte o accattivanti divisori di ambienti. Possono essere utilizzati per creare superfici murali caratteristiche che si divertono con la luce e aggiungono un senso di profondit\u00e0 e bellezza a qualsiasi tipo di spazio, dalle case di lusso ai resort boutique e agli ingressi aziendali.<\/li>\n<li><strong>Produzione di mobili:\u00a0<\/strong>Date un tocco d'autore al vostro arredamento. Utilizzate queste aste come gambe per tavoli, per un risultato celestiale, o come eleganti tiranti per cassetti e maniglie per armadi, che fungono da preziosi gioielli per i vostri mobili. Il risultato \u00e8 un mobile che non \u00e8 semplicemente pratico, ma una vera e propria opera d'arte.<\/li>\n<li><strong>Presenta il commercio al dettaglio e i punti vendita (POS):\u00a0<\/strong>In un ambiente di vendita al dettaglio competitivo, catturare l'interesse del cliente \u00e8 fondamentale. Le nostre aste luminose sono ideali per la realizzazione di schermi espositivi per articoli di alta qualit\u00e0, alzatine e insegne che attirano l'attenzione. Lo splendore di fondo \u00e8 un'idea di valore e di lusso, che li rende ideali per esporre cosmetici, gioielli, prodotti elettronici e altri prodotti di costo.<\/li>\n<li><strong>Design delle luci:\u00a0<\/strong>Questi pali sono il sogno di ogni progettista di illuminazione. Integrate in lampadari personalizzati, luci a sospensione o applique. L'asta stessa diventa un componente dell'illuminazione, catturando la luce dalla sorgente e rifrangendola in un motivo sorprendente, sviluppando un impatto ambientale che nessun prodotto medio pu\u00f2 riprodurre.<\/li>\n<li><strong>Arte e scultura:\u00a0<\/strong>Per i musicisti e gli scultori, questi pali sono uno strumento speciale e stimolante. Le loro case ottiche e il loro luccichio interno possono essere utilizzati per scoprire motivi di luce, spazio e comprensione, dando vita a sculture visivamente sorprendenti e concettualmente ricche.<\/li>\n<li><strong>Progetti artigianali e personalizzati:\u00a0<\/strong>Dalla gestione personalizzata delle lame e degli spazi per le penne ai bastoncini decorativi e al modellismo, le possibilit\u00e0 per gli appassionati e gli artigiani sono illimitate. Il materiale \u00e8 molto facile da lavorare, tagliare, forare e lucidare, consentendo una personalizzazione complessa.<\/li>\n<\/ul>\n<p><img decoding=\"async\" class=\"size-full wp-image-1558\" src=\"https:\/\/customacrylicproduct.com\/wp-content\/uploads\/2025\/07\/Acrylic-Bubble-Rod-4.jpg\" alt=\"Asta a bolle d&#039;aria in acrilico (4)\" width=\"800\" height=\"800\" srcset=\"https:\/\/customacrylicproduct.com\/wp-content\/uploads\/2025\/07\/Acrylic-Bubble-Rod-4.jpg 800w, https:\/\/customacrylicproduct.com\/wp-content\/uploads\/2025\/07\/Acrylic-Bubble-Rod-4-300x300.jpg 300w, https:\/\/customacrylicproduct.com\/wp-content\/uploads\/2025\/07\/Acrylic-Bubble-Rod-4-150x150.jpg 150w, https:\/\/customacrylicproduct.com\/wp-content\/uploads\/2025\/07\/Acrylic-Bubble-Rod-4-768x768.jpg 768w, https:\/\/customacrylicproduct.com\/wp-content\/uploads\/2025\/07\/Acrylic-Bubble-Rod-4-600x600.jpg 600w, https:\/\/customacrylicproduct.com\/wp-content\/uploads\/2025\/07\/Acrylic-Bubble-Rod-4-100x100.jpg 100w\" sizes=\"(max-width: 800px) 100vw, 800px\" \/><\/p>\n<h4 id=\"the-power-of-customization-tailored-to-your-vision\">Il potere della personalizzazione: Su misura per la vostra visione<\/h4>\n<p>Siamo consapevoli che ogni attivit\u00e0 ha esigenze diverse. Per questo motivo offriamo notevoli possibilit\u00e0 di modifica per garantire che le nostre aste in acrilico siano perfettamente in linea con la vostra visione innovativa.<\/p>\n<ul>\n<li><strong>Dimensioni:\u00a0<\/strong>Siamo in grado di generare barre in un'ampia variet\u00e0 di dimensioni e di misure personalizzate per adattarsi alle vostre specifiche precise, riducendo al minimo gli sprechi e i tempi di costruzione.<\/li>\n<li><strong>Opzioni di lucentezza:\u00a0<\/strong>La vostra visione, la vostra tonalit\u00e0. Sebbene la tradizionale lucentezza argento\/iridescente sia una scelta importante, possiamo lavorare con voi per incorporare vari colori di glitter, dimensioni e spessore per ottenere un determinato aspetto, da un raffinato e sporadico effetto starlight a un denso e super saturo luccichio.<\/li>\n<li><strong>Profili:\u00a0<\/strong>Sebbene l'asta esagonale sia il nostro marchio di fabbrica, possiamo scoprire anche altri profili, come quello quadrato, rotondo o attorcigliato, a seconda delle esigenze del compito.<\/li>\n<li><strong>Finitura:\u00a0<\/strong>Il nostro servizio non si esaurisce con la produzione. Possiamo consegnare i pali ridotti a lunghezze esatte, con le estremit\u00e0 ravvivate fino a ottenere una superficie simile al vetro, oppure forati e toccati per facilitare l'installazione.<\/li>\n<\/ul>\n<h4 id=\"your-partner-in-technology\">Il vostro partner nella tecnologia<\/h4>\n<p>I nostri bastoncini glitterati personalizzati in polimero trasparente sono molto pi\u00f9 di un semplice oggetto: sono una componente della motivazione. Offrono un'opportunit\u00e0 unica di infondere ai compiti luce, lusso e una personalit\u00e0 distintiva. Scegliendo le nostre bacchette in acrilico per attori, acquistate un'alta qualit\u00e0 superiore, un fascino visivo ineguagliabile e la flessibilit\u00e0 di una modifica completa.<\/p>\n<p>Permetteteci di aiutarvi a dare vita ai vostri concetti pi\u00f9 entusiasmanti. Che siate un architetto che progetta una struttura, un produttore di mobili che produce una collezione nuova di zecca o un musicista che si spinge oltre i confini del proprio mezzo, questi pali offrono una struttura di scintille.<\/p>\n<p>Chiamateci oggi stesso per discutere le vostre esigenze di progetto, richiedere un campione e scoprire come le nostre bacchette personalizzate in acrilico trasparente possono illuminare il vostro prossimo sviluppo. La vostra visione \u00e8 il progetto; noi vi offriamo il luccichio.<\/p>","protected":false},"excerpt":{"rendered":"<p class=\"ng-star-inserted\"><span class=\"ng-star-inserted\">Valorizzate i vostri progetti con le nostre bacchette personalizzate in acrilico trasparente. Queste aste esagonali solide e fuse sono riempite di glitter scintillanti per una finitura abbagliante e di alto livello. Perfette per accenti decorativi, esposizioni e progetti creativi.<\/span><\/p>","protected":false},"featured_media":1555,"template":"","meta":{"_kad_post_transparent":"default","_kad_post_title":"","_kad_post_layout":"default","_kad_post_sidebar_id":"","_kad_post_content_style":"default","_kad_post_vertical_padding":"default","_kad_post_feature":"","_kad_post_feature_position":"","_kad_post_header":false,"_kad_post_footer":false,"_kad_post_classname":""},"product_brand":[],"product_cat":[23],"product_tag":[61],"class_list":{"0":"post-1554","1":"product","2":"type-product","3":"status-publish","4":"has-post-thumbnail","6":"product_cat-custom-acrylic-rods-tubes","7":"product_tag-custom-acrylic-rods","9":"first","10":"instock","11":"shipping-taxable","12":"product-type-simple","13":"entry","14":"content-bg","15":"loop-entry"},"_links":{"self":[{"href":"https:\/\/customacrylicproduct.com\/it\/wp-json\/wp\/v2\/product\/1554","targetHints":{"allow":["GET"]}}],"collection":[{"href":"https:\/\/customacrylicproduct.com\/it\/wp-json\/wp\/v2\/product"}],"about":[{"href":"https:\/\/customacrylicproduct.com\/it\/wp-json\/wp\/v2\/types\/product"}],"wp:featuredmedia":[{"embeddable":true,"href":"https:\/\/customacrylicproduct.com\/it\/wp-json\/wp\/v2\/media\/1555"}],"wp:attachment":[{"href":"https:\/\/customacrylicproduct.com\/it\/wp-json\/wp\/v2\/media?parent=1554"}],"wp:term":[{"taxonomy":"product_brand","embeddable":true,"href":"https:\/\/customacrylicproduct.com\/it\/wp-json\/wp\/v2\/product_brand?post=1554"},{"taxonomy":"product_cat","embeddable":true,"href":"https:\/\/customacrylicproduct.com\/it\/wp-json\/wp\/v2\/product_cat?post=1554"},{"taxonomy":"product_tag","embeddable":true,"href":"https:\/\/customacrylicproduct.com\/it\/wp-json\/wp\/v2\/product_tag?post=1554"}],"curies":[{"name":"wp","href":"https:\/\/api.w.org\/{rel}","templated":true}]}}