{"id":1564,"date":"2025-07-22T06:36:07","date_gmt":"2025-07-22T06:36:07","guid":{"rendered":"https:\/\/customacrylicproduct.com\/?post_type=product&#038;p=1564"},"modified":"2025-07-22T06:36:07","modified_gmt":"2025-07-22T06:36:07","slug":"custom-color-printing-square-shape-acrylic-trophy-awards","status":"publish","type":"product","link":"https:\/\/customacrylicproduct.com\/it\/custom-color-printing-square-shape-acrylic-trophy-awards\/","title":{"rendered":"Premi acrilici del trofeo di forma quadrata di stampa di colore su ordinazione"},"content":{"rendered":"<h3 id=\"elevate-recognition-the-exceptional-style-of-custom-made-color-printing-square-shape-acrylic-trophy-honors\">Elevare il riconoscimento: Lo stile eccezionale dei trofei in acrilico di forma quadrata con stampa a colori su misura<\/h3>\n<p>In un mondo di raccomandazioni elettroniche fugaci, l'atto di offrire un'onorificenza fisica continua a essere un movimento esteso e duraturo. \u00c8 un'icona tangibile di un risultato, un ricordo duraturo di una svolta e un'efficace dichiarazione di valore. Presentiamo la nostra prima linea di\u00a0<strong>Personalizzato colore stampa piazza formando trofeo acrilico onorificenze\u00a0<\/strong>- un'opzione moderna, dinamica e sofisticata creata per trasformare il riconoscimento in un'opera d'arte. Questi riconoscimenti vanno oltre i tipici premi, utilizzando una tela luminescente dove il vostro marchio, il vostro messaggio e il vostro evento rivivono con una qualit\u00e0 e una tonalit\u00e0 impressionanti.<\/p>\n<p><img fetchpriority=\"high\" decoding=\"async\" class=\"size-full wp-image-1565\" src=\"https:\/\/customacrylicproduct.com\/wp-content\/uploads\/2025\/07\/Acrylic-Trophy-Awards-1.jpg\" alt=\"Premi per trofei in acrilico (1)\" width=\"800\" height=\"800\" srcset=\"https:\/\/customacrylicproduct.com\/wp-content\/uploads\/2025\/07\/Acrylic-Trophy-Awards-1.jpg 800w, https:\/\/customacrylicproduct.com\/wp-content\/uploads\/2025\/07\/Acrylic-Trophy-Awards-1-300x300.jpg 300w, https:\/\/customacrylicproduct.com\/wp-content\/uploads\/2025\/07\/Acrylic-Trophy-Awards-1-150x150.jpg 150w, https:\/\/customacrylicproduct.com\/wp-content\/uploads\/2025\/07\/Acrylic-Trophy-Awards-1-768x768.jpg 768w, https:\/\/customacrylicproduct.com\/wp-content\/uploads\/2025\/07\/Acrylic-Trophy-Awards-1-600x600.jpg 600w, https:\/\/customacrylicproduct.com\/wp-content\/uploads\/2025\/07\/Acrylic-Trophy-Awards-1-100x100.jpg 100w\" sizes=\"(max-width: 800px) 100vw, 800px\" \/><\/p>\n<p><strong>Il medium moderno: Il potere e la purezza dell'acrilico<\/strong><\/p>\n<p>Alla base di questi premi eccezionali c'\u00e8 la scelta del materiale: acrilico cristallino di prima qualit\u00e0. Apprezzato per la sua trasparenza ottica, pari a quella del vetro pi\u00f9 fine, l'acrilico offre una serie di vantaggi superiori. Possiede un'alta qualit\u00e0 brillante e luminescente che cattura e rifrange la luce, conferendo a qualsiasi stile un'innata sensazione di eminenza e importanza.<\/p>\n<p>A differenza del vetro, il polimero \u00e8 molto pi\u00f9 leggero e resistente ai frantumi, garantendo che il vostro segno di riconoscimento sia al tempo stesso splendido e resistente. Questa resistenza lo rende perfetto per le consegne, per le offerte in occasione di grandi eventi e per essere esposto con orgoglio per molti anni senza il rischio di subire danni. Le linee pulite e decise e la sensazione di solidit\u00e0 del blocco acrilico producono un'estetica moderna e classica al tempo stesso. La sua notevole superficie non porosa \u00e8 la struttura ideale per la spettacolare innovazione di stampa che contraddistingue queste onorificenze.<\/p>\n<p><img decoding=\"async\" class=\"size-full wp-image-1566\" src=\"https:\/\/customacrylicproduct.com\/wp-content\/uploads\/2025\/07\/Acrylic-Trophy-Awards-2.jpg\" alt=\"Premi per trofei in acrilico (2)\" width=\"800\" height=\"800\" srcset=\"https:\/\/customacrylicproduct.com\/wp-content\/uploads\/2025\/07\/Acrylic-Trophy-Awards-2.jpg 800w, https:\/\/customacrylicproduct.com\/wp-content\/uploads\/2025\/07\/Acrylic-Trophy-Awards-2-300x300.jpg 300w, https:\/\/customacrylicproduct.com\/wp-content\/uploads\/2025\/07\/Acrylic-Trophy-Awards-2-150x150.jpg 150w, https:\/\/customacrylicproduct.com\/wp-content\/uploads\/2025\/07\/Acrylic-Trophy-Awards-2-768x768.jpg 768w, https:\/\/customacrylicproduct.com\/wp-content\/uploads\/2025\/07\/Acrylic-Trophy-Awards-2-600x600.jpg 600w, https:\/\/customacrylicproduct.com\/wp-content\/uploads\/2025\/07\/Acrylic-Trophy-Awards-2-100x100.jpg 100w\" sizes=\"(max-width: 800px) 100vw, 800px\" \/><\/p>\n<p><strong>Una rivoluzione nel riconoscimento: Editoria a colori con profondit\u00e0 tridimensionale<\/strong><\/p>\n<p>Ci\u00f2 che veramente specifica questi onori \u00e8 il processo di stampa a colori all'avanguardia. Ci avvaliamo di una tecnologia di stampa diretta UV all'avanguardia, che utilizza l'inchiostro direttamente sul retro del blocco acrilico. Questa tecnica \u00e8 rivoluzionaria per una serie di fattori:.<\/p>\n<ol>\n<li><strong>Colore vivace e ricco:\u00a0<\/strong>I colori non sono solo in superficie, ma sono fissati dietro uno spesso strato trasparente di acrilico. Questo crea un'incredibile sensazione di profondit\u00e0 e vivacit\u00e0. L'acrilico agisce come una lente, moltiplicando lo splendore delle tonalit\u00e0 e fissando l'opera d'arte. Come si vede nelle immagini, ci\u00f2 consente di creare design straordinari: dagli accoglienti gradienti giallo-arancio baciati dal sole di un premio per il 10\u00b0 anniversario al blu freddo e commerciale di una targa di qualifica professionale.<\/li>\n<li><strong>Informazioni e precisione incredibili:\u00a0<\/strong>La nostra procedura di stampa \u00e8 in grado di riprodurre loghi complicati, motivi intricati, testi sottili e persino foto con un'integrit\u00e0 sensazionale. Ogni linea \u00e8 nitida, ogni sfumatura \u00e8 omogenea e ogni tonalit\u00e0 \u00e8 fedele all'identit\u00e0 del vostro marchio. I sottili motivi a punti e la grafica divisa visibili nel premio \u201cChina Coffee Cup\u201d dimostrano il grado di informazione che si pu\u00f2 ottenere, compresa una struttura avanzata del design.<\/li>\n<li><strong>Un senso di profondit\u00e0 e di sospensione:\u00a0<\/strong>Pubblicando sul retro, il layout sembra fluttuare all'interno del blocco acrilico. In questo modo si ottiene un risultato tridimensionale accattivante che invita il visitatore a guardare meglio. Il gioco di luce con il blocco stimola il design, rendendolo un pezzo dinamico e interessante. Questa profondit\u00e0 estetica trasforma un semplice premio in un'accattivante scultura per computer da tavolo.<\/li>\n<\/ol>\n<p><img decoding=\"async\" class=\"size-full wp-image-1568\" src=\"https:\/\/customacrylicproduct.com\/wp-content\/uploads\/2025\/07\/Acrylic-Trophy-Awards-4.jpg\" alt=\"Premi per trofei in acrilico (4)\" width=\"800\" height=\"800\" srcset=\"https:\/\/customacrylicproduct.com\/wp-content\/uploads\/2025\/07\/Acrylic-Trophy-Awards-4.jpg 800w, https:\/\/customacrylicproduct.com\/wp-content\/uploads\/2025\/07\/Acrylic-Trophy-Awards-4-300x300.jpg 300w, https:\/\/customacrylicproduct.com\/wp-content\/uploads\/2025\/07\/Acrylic-Trophy-Awards-4-150x150.jpg 150w, https:\/\/customacrylicproduct.com\/wp-content\/uploads\/2025\/07\/Acrylic-Trophy-Awards-4-768x768.jpg 768w, https:\/\/customacrylicproduct.com\/wp-content\/uploads\/2025\/07\/Acrylic-Trophy-Awards-4-600x600.jpg 600w, https:\/\/customacrylicproduct.com\/wp-content\/uploads\/2025\/07\/Acrylic-Trophy-Awards-4-100x100.jpg 100w\" sizes=\"(max-width: 800px) 100vw, 800px\" \/><\/p>\n<p><strong>La forma quadrata: Un'icona di sicurezza, onest\u00e0 ed eccellenza<\/strong><\/p>\n<p>L'opzione di un blocco quadrato o rettangolare \u00e8 intenzionale e simbolica. Questo tipo geometrico senza tempo rappresenta la stabilit\u00e0, la forza e le solide fondamenta, qualit\u00e0 intrinseche a qualsiasi tipo di realizzazione importante. Le sue linee ordinate e simmetriche forniscono una tela perfetta e priva di ostacoli per la vostra visione innovativa, assicurando che l'attenzione resti concentrata sul messaggio e sul layout all'interno.<\/p>\n<p>La natura significativa e autoportante del blocco gli conferisce una presenza imponente su qualsiasi scrivania, scaffale o caminetto. Non necessita di una base separata, utilizzando un account minimale ed elegante. Gli spessi bordi lucidati al diamante sono lisci al tatto e creano splendidi elementi riflettenti che migliorano la brillantezza totale del premio.<\/p>\n<p><strong>Personalizzazione illimitata per ogni celebrazione<\/strong><\/p>\n<p>Queste onorificenze in acrilico sono una tabula rasa per le vostre esigenze di riconoscimento. Il potere di modifica completa vi permette di produrre una onorificenza distinta e profondamente personale per qualsiasi evento o momento di svolta. Come dimostrano i diversi esempi, le opportunit\u00e0 sono infinite:.<\/p>\n<ul>\n<li><strong>Anniversari aziendali:\u00a0<\/strong>Memorizzate anni di dedizione e successo, come il \u201c10\u00b0 onore 2013-2023\u201d, con giornate personalizzate, slogan aziendali (\u201d\u5171\u751f|\u5171\u521b|\u5171\u4eab|\u5171\u8d62\" - Sinergia, Co-creazione, Condivisione, Vincere-Vincere) e combinazioni di colori di alta qualit\u00e0.<\/li>\n<li><strong>Riconoscimento del dipendente:\u00a0<\/strong>Festeggiate i principali intrattenitori, il \u201cmembro del personale del mese\u201d o la qualit\u00e0 del management con nomi, giorni e messaggi di apprezzamento personalizzati.<\/li>\n<li><strong>Premi per le vendite e il successo:\u00a0<\/strong>Incoraggiate i vostri team identificando le cifre di vendita pi\u00f9 alte, i progetti completati o i punti di riferimento per lo sviluppo con layout audaci e d'impatto.<\/li>\n<li><strong>Premi per occasioni e conferenze:\u00a0<\/strong>Sviluppate dei takeaway memorabili per i relatori audio, gli sponsor o i campioni delle competizioni. Il premio svedese \u201cLLB EXPO 2022 - PRIS F\u00d6R B\u00c4STA MONTER\u201d (Premio per lo stand pi\u00f9 bello) \u00e8 un ottimo esempio di trofeo alla moda e specifico per un evento.<\/li>\n<li><strong>Riconoscimento dei compagni e dei clienti:\u00a0<\/strong>Rafforzate le relazioni commerciali fornendo un regalo di alta qualit\u00e0 che indichi una partnership apprezzata.<\/li>\n<li><strong>Targhe di accreditamento e formazione:\u00a0<\/strong>Definite il completamento di un programma, come il \u201cCCT China Coffee Taster \u57f9\u8bad\u8ba4\u8bc1\u9879\u76ee\u201d (Training Qualification Program), con una targa dall'aspetto professionale e autorevole.<\/li>\n<\/ul>\n<p><strong>L'arte della presentazione<\/strong><\/p>\n<p>Un premio straordinario merita una presentazione altrettanto straordinaria. Come si vede nell'immagine iniziale, i nostri trofei in acrilico possono essere abbinati a un'elegante scatola di discussione personalizzata. Queste eleganti scatole nere sono caratterizzate da una superficie distintiva e da una rifinitura innovativa, che garantiscono una lussuosa esperienza di unboxing. Il morbido rivestimento interno non solo protegge il premio durante il trasporto, ma lo struttura magnificamente al momento dell'apertura, elevando il momento della presentazione e sottolineando l'importanza dell'onorificenza conferita.<\/p>\n<p><strong>Perch\u00e9 scegliere i nostri trofei acrilici personalizzati?<\/strong><\/p>\n<ul>\n<li><strong>Sofisticatezza moderna:\u00a0<\/strong>Una scelta contemporanea rispetto ai tipici premi in vetro o metallo.<\/li>\n<li><strong>Impatto visivo ineguagliabile:\u00a0<\/strong>La stampa a colori e ad alta definizione sviluppa disegni sensazionali e dinamici con un impatto 3D unico.<\/li>\n<li><strong>Durata superiore:\u00a0<\/strong>Realizzato in acrilico infrangibile con stampa anti-sbiadimento e anti-graffio.<\/li>\n<li><strong>Personalizzazione completa:\u00a0<\/strong>Il vostro logo, le vostre tonalit\u00e0, il vostro testo. Create un premio che rappresenti fedelmente il nome del vostro marchio e il risultato che celebra.<\/li>\n<li><strong>Impatto duraturo:\u00a0<\/strong>\u00c8 pi\u00f9 di un trofeo: \u00e8 un'opera d'arte che serve a ricordare costantemente il successo e il riconoscimento.<\/li>\n<\/ul>\n<p>Festeggiate il vostro prossimo traguardo non solo con un premio, ma con una dichiarazione. Una dichiarazione di qualit\u00e0, una dichiarazione di creativit\u00e0 e una dichiarazione di reale ammirazione. Scegliete il trofeo in acrilico a forma quadrata con stampa a colori personalizzata Honor e fate un regalo fantastico come il successo stesso.<\/p>","protected":false},"excerpt":{"rendered":"<p class=\"ng-star-inserted\"><span class=\"ng-star-inserted\">Celebrate il successo con i nostri premi quadrati personalizzati in acrilico. Caratterizzati da una vibrante stampa a colori che mette in risalto il vostro logo e il vostro messaggio. Questi moderni trofei a blocchi sono perfetti per il riconoscimento aziendale, l'apprezzamento dei dipendenti e gli eventi speciali. Un modo elegante e memorabile per onorare i risultati ottenuti.<\/span><\/p>","protected":false},"featured_media":1565,"template":"","meta":{"_kad_post_transparent":"default","_kad_post_title":"","_kad_post_layout":"default","_kad_post_sidebar_id":"","_kad_post_content_style":"default","_kad_post_vertical_padding":"default","_kad_post_feature":"","_kad_post_feature_position":"","_kad_post_header":false,"_kad_post_footer":false,"_kad_post_classname":""},"product_brand":[],"product_cat":[19],"product_tag":[96,145],"class_list":{"0":"post-1564","1":"product","2":"type-product","3":"status-publish","4":"has-post-thumbnail","6":"product_cat-custom-acrylic-trophies-awards","7":"product_tag-acrylic-awards","8":"product_tag-acrylic-custom-trophy","10":"first","11":"instock","12":"shipping-taxable","13":"product-type-simple","14":"entry","15":"content-bg","16":"loop-entry"},"_links":{"self":[{"href":"https:\/\/customacrylicproduct.com\/it\/wp-json\/wp\/v2\/product\/1564","targetHints":{"allow":["GET"]}}],"collection":[{"href":"https:\/\/customacrylicproduct.com\/it\/wp-json\/wp\/v2\/product"}],"about":[{"href":"https:\/\/customacrylicproduct.com\/it\/wp-json\/wp\/v2\/types\/product"}],"wp:featuredmedia":[{"embeddable":true,"href":"https:\/\/customacrylicproduct.com\/it\/wp-json\/wp\/v2\/media\/1565"}],"wp:attachment":[{"href":"https:\/\/customacrylicproduct.com\/it\/wp-json\/wp\/v2\/media?parent=1564"}],"wp:term":[{"taxonomy":"product_brand","embeddable":true,"href":"https:\/\/customacrylicproduct.com\/it\/wp-json\/wp\/v2\/product_brand?post=1564"},{"taxonomy":"product_cat","embeddable":true,"href":"https:\/\/customacrylicproduct.com\/it\/wp-json\/wp\/v2\/product_cat?post=1564"},{"taxonomy":"product_tag","embeddable":true,"href":"https:\/\/customacrylicproduct.com\/it\/wp-json\/wp\/v2\/product_tag?post=1564"}],"curies":[{"name":"wp","href":"https:\/\/api.w.org\/{rel}","templated":true}]}}