{"id":1569,"date":"2025-07-22T06:45:36","date_gmt":"2025-07-22T06:45:36","guid":{"rendered":"https:\/\/customacrylicproduct.com\/?post_type=product&#038;p=1569"},"modified":"2025-07-22T06:45:36","modified_gmt":"2025-07-22T06:45:36","slug":"acrylic-round-candy-box-candy-container-candy-box-odorless","status":"publish","type":"product","link":"https:\/\/customacrylicproduct.com\/it\/acrylic-round-candy-box-candy-container-candy-box-odorless\/","title":{"rendered":"Scatola di caramelle rotonda in acrilico Contenitore di caramelle Scatola di caramelle inodore"},"content":{"rendered":"<h3 id=\"unveil-the-art-of-discussion-the-ultimate-acrylic-round-sweet-storage-box\">Svelate l'arte della discussione: L'ultimo contenitore rotondo in acrilico per dolci e oggetti da conservare<\/h3>\n<p>In un mondo in cui l'eleganza sta nei dettagli, il modo in cui conserviamo e offriamo le nostre piccole cose pi\u00f9 preziose \u00e8 un problema. Immaginate un contenitore che non si limiti a nascondere i vostri oggetti, ma li celebri. Un contenitore che trasforma gli oggetti di uso quotidiano in una vetrina curata e le semplici prelibatezze in un'offerta elegante. Vi invitiamo a scoprire questa soluzione con il nostro\u00a0<strong>Scatola rotonda per dolci in polimero\u00a0<\/strong>, Un capolavoro di chiarezza, funzionalit\u00e0 e design minimale. Non si tratta di una semplice scatola, ma di una finestra sul vostro mondo, realizzata con cura per portare ordine, fascino e classe in ogni spazio.<\/p>\n<p><img fetchpriority=\"high\" decoding=\"async\" class=\"wp-image-1571 size-large aligncenter\" src=\"https:\/\/customacrylicproduct.com\/wp-content\/uploads\/2025\/07\/Acrylic-Round-Candy-Box-2-1024x1024.jpg\" alt=\"Scatola per caramelle rotonda in acrilico (2)\" width=\"1024\" height=\"1024\" srcset=\"https:\/\/customacrylicproduct.com\/wp-content\/uploads\/2025\/07\/Acrylic-Round-Candy-Box-2-1024x1024.jpg 1024w, https:\/\/customacrylicproduct.com\/wp-content\/uploads\/2025\/07\/Acrylic-Round-Candy-Box-2-300x300.jpg 300w, https:\/\/customacrylicproduct.com\/wp-content\/uploads\/2025\/07\/Acrylic-Round-Candy-Box-2-150x150.jpg 150w, https:\/\/customacrylicproduct.com\/wp-content\/uploads\/2025\/07\/Acrylic-Round-Candy-Box-2-768x768.jpg 768w, https:\/\/customacrylicproduct.com\/wp-content\/uploads\/2025\/07\/Acrylic-Round-Candy-Box-2-600x600.jpg 600w, https:\/\/customacrylicproduct.com\/wp-content\/uploads\/2025\/07\/Acrylic-Round-Candy-Box-2-100x100.jpg 100w, https:\/\/customacrylicproduct.com\/wp-content\/uploads\/2025\/07\/Acrylic-Round-Candy-Box-2.jpg 1200w\" sizes=\"(max-width: 1024px) 100vw, 1024px\" \/><\/p>\n<h4 id=\"a-symphony-of-clarity-and-design\">Una sinfonia di chiarezza e design<\/h4>\n<p>Il primo aspetto che noterete di questi contenitori \u00e8 la loro trasparenza mozzafiato. Realizzata in acrilico ad alta purezza, ogni scatola vanta un rivestimento cristallino che \u00e8 pari allo scintillio del vetro, ma senza la sua fragilit\u00e0. Questa limpidezza incontaminata non ha solo un valore estetico: \u00e8 un'opzione di design di base che offre diversi obiettivi. Permette alle tonalit\u00e0 dinamiche dei vostri dolci - i tenui pastelli delle mandorle Jordan, il caldo arancione dei baci di meringa, i ricchi colori dei cioccolatini fatti a mano - di risplendere, creando un irresistibile banchetto visivo. Per i gioielli e l'artigianato, questa apertura rende semplice l'identificazione. Non \u00e8 pi\u00f9 necessario aprire molte scatole non trasparenti per trovare una particolare perla o un set di gioielli. Con un solo sguardo, l'intera collezione \u00e8 visibile e accessibile, come i preziosi manufatti in un museo individuale.<\/p>\n<p>Il design \u00e8 elegantemente semplice ma ingegnosamente pratico. Le linee ordinate e la migliore forma cilindrica offrono un'immagine moderna che si adatta a qualsiasi tipo di stile, dal moderno minimalista al tradizionale senza tempo. Ogni contenitore \u00e8 dotato di una base perfettamente sagomata e di un coperchio aderente, che garantisce la protezione dei componenti da sporco, umidit\u00e0 e aria, mantenendone la freschezza e la stabilit\u00e0.<\/p>\n<p><img decoding=\"async\" class=\"size-full wp-image-1570\" src=\"https:\/\/customacrylicproduct.com\/wp-content\/uploads\/2025\/07\/Acrylic-Round-Candy-Box-1.jpg\" alt=\"Scatola per caramelle rotonda in acrilico (1)\" width=\"1000\" height=\"1000\" srcset=\"https:\/\/customacrylicproduct.com\/wp-content\/uploads\/2025\/07\/Acrylic-Round-Candy-Box-1.jpg 1000w, https:\/\/customacrylicproduct.com\/wp-content\/uploads\/2025\/07\/Acrylic-Round-Candy-Box-1-300x300.jpg 300w, https:\/\/customacrylicproduct.com\/wp-content\/uploads\/2025\/07\/Acrylic-Round-Candy-Box-1-150x150.jpg 150w, https:\/\/customacrylicproduct.com\/wp-content\/uploads\/2025\/07\/Acrylic-Round-Candy-Box-1-768x768.jpg 768w, https:\/\/customacrylicproduct.com\/wp-content\/uploads\/2025\/07\/Acrylic-Round-Candy-Box-1-600x600.jpg 600w, https:\/\/customacrylicproduct.com\/wp-content\/uploads\/2025\/07\/Acrylic-Round-Candy-Box-1-100x100.jpg 100w\" sizes=\"(max-width: 1000px) 100vw, 1000px\" \/><\/p>\n<h4 id=\"the-magic-of-modularity-stack-store-and-save-space\">La magia della modularit\u00e0: Impilare, conservare e risparmiare spazio<\/h4>\n<p>Forse una delle funzioni pi\u00f9 innovative delle nostre scatole rotonde per dolci in polimero \u00e8 la loro ingegnosa disposizione impilabile. La base di ogni contenitore \u00e8 progettata per inserirsi in modo sicuro e perfetto nel coperchio di quello sottostante. Ci\u00f2 consente di creare torri di stoccaggio sicure ed eleganti, trasformando le disordinate superfici orizzontali in schermi verticali organizzati.<\/p>\n<p>Immaginate il vostro vanity, prima disseminato di prodotti minuscoli, ora comprensivo di un'elegante torre a pi\u00f9 livelli che tiene anelli, gioielli e bracciali in aree separate e ben visibili. Immaginate il vostro tavolo da lavoro, dove perline, interruttori e paillettes non sono pi\u00f9 in disordine, ma ordinatamente ordinati e impilati, a sostegno del vostro pensiero creativo. Nella dispensa della cucina, questi contenitori possono creare una vivace colonna di spray, condimenti o dolci squisiti, conservando una preziosa superficie di scaffale e dando al contempo un tocco di compagnia specialistica. Questo sistema modulare \u00e8 completamente regolabile: impilate 2, 3, 4 o anche di pi\u00f9 per creare un servizio di stoccaggio perfettamente adatto alle vostre esigenze. Quando non \u00e8 impilata, ogni scatola funziona come un attraente contenitore indipendente, perfetto per regali specifici o per essere collocato in casa.<\/p>\n<p><img decoding=\"async\" class=\"size-full wp-image-1574\" src=\"https:\/\/customacrylicproduct.com\/wp-content\/uploads\/2025\/07\/Acrylic-Round-Candy-Box-5.jpg\" alt=\"Scatola per caramelle rotonda in acrilico (5)\" width=\"1000\" height=\"1000\" srcset=\"https:\/\/customacrylicproduct.com\/wp-content\/uploads\/2025\/07\/Acrylic-Round-Candy-Box-5.jpg 1000w, https:\/\/customacrylicproduct.com\/wp-content\/uploads\/2025\/07\/Acrylic-Round-Candy-Box-5-300x300.jpg 300w, https:\/\/customacrylicproduct.com\/wp-content\/uploads\/2025\/07\/Acrylic-Round-Candy-Box-5-150x150.jpg 150w, https:\/\/customacrylicproduct.com\/wp-content\/uploads\/2025\/07\/Acrylic-Round-Candy-Box-5-768x768.jpg 768w, https:\/\/customacrylicproduct.com\/wp-content\/uploads\/2025\/07\/Acrylic-Round-Candy-Box-5-600x600.jpg 600w, https:\/\/customacrylicproduct.com\/wp-content\/uploads\/2025\/07\/Acrylic-Round-Candy-Box-5-100x100.jpg 100w\" sizes=\"(max-width: 1000px) 100vw, 1000px\" \/><\/p>\n<h4 id=\"uncompromising-quality-food-safe-sturdy-and-odorless\">Qualit\u00e0 senza compromessi: Sicuro per gli alimenti, robusto e inodore<\/h4>\n<p>Quando si tratta di risparmiare sui materiali di consumo, l'alta qualit\u00e0 e la sicurezza non sono negoziabili. Le nostre scatole rotonde per dolci in polimero sono realizzate in plastica all'avanguardia, priva di BPA e sicura per gli alimenti. Questo materiale non solo \u00e8 durevole e resistente ai frantumi, il che lo rende una scelta pi\u00f9 sicura rispetto al vetro, soprattutto nelle case con bambini piccoli, ma \u00e8 anche interamente\u00a0<strong>inodore e non poroso\u00a0<\/strong>.<\/p>\n<p>Si tratta di un attributo essenziale che contraddistingue i nostri contenitori. Le materie plastiche di qualit\u00e0 inferiore possono spesso presentare un leggero odore o sapore chimico al loro contenuto, alterando il fragile profilo gustativo di squisiti cioccolatini o caramelle. Il nostro materiale acrilico \u00e8 inerte, il che significa che non si aggancia n\u00e9 altera i prodotti conservati al suo interno. Le vostre delicate meringhe alla vaniglia sapranno solo di vaniglia, le vostre mentine da matrimonio rimarranno semplicemente rinfrescanti e i vostri dolci pi\u00f9 belli saranno conservati nel loro stato originale. L'impeccabile purezza del materiale garantisce che ci\u00f2 che viene inserito all'interno sia esattamente ci\u00f2 che viene estratto.<\/p>\n<h4 id=\"an-universe-of-opportunities-beyond-the-sweet\">Un universo di opportunit\u00e0: Oltre il dolce<\/h4>\n<p>Anche se si chiamano \u201cscatole per dolci\u201d, la loro utilit\u00e0 va ben oltre il regno dei dessert. La loro disposizione funzionale e le dimensioni ideali le rendono un importante strumento di organizzazione per ogni stanza della casa.<\/p>\n<p><strong>Per il musicista pasticcere e il panettiere casalingo:\u00a0<\/strong>. Mettete in mostra le vostre creazioni culinarie con l'eleganza che meritano. Queste scatole sono eccellenti per regalare tartufi fatti in casa, macarons, noci ricoperte di cioccolato o dolci difficili e vivaci. Utilizzatele come sofisticate bomboniere per matrimoni, docce per bambini e compleanni, caricate con dolcetti adatti al vostro tema. La natura multiuso della scatola stessa diventa parte del regalo.<\/p>\n<p><strong>Per gli appassionati di gioielli di moda:\u00a0<\/strong>. Proteggete i vostri preziosi accessori da grovigli, sporco e perdite. I singoli scomparti sono ideali per sistemare anelli, gioielli con borchie, catene fragili e appelli. L'impilabilit\u00e0 consente di creare un portagioie personalizzato che cresce con la vostra collezione, mentre la visuale chiara rende piacevole scegliere il pezzo perfetto per il vostro abbigliamento.<\/p>\n<p><strong>Per gli amanti dell'artigianato:\u00a0<\/strong>. Mettete ordine in un disordine innovativo. Sistemate le perline in base al colore, classificate le paillettes e i brillantini, tenete in ordine gli interruttori e i fusi delle corde o acquistate piccoli abbellimenti per lo scrapbooking. I coperchi protetti evitano fastidiose fuoriuscite e la disposizione chiara aiuta a trovare esattamente ci\u00f2 che serve al centro di un progetto.<\/p>\n<p><strong>Per l'organizzatore del lavoro e della casa:\u00a0<\/strong>. Declutterate la vostra scrivania e i vostri armadietti con stile. Questi contenitori sono la dimensione perfetta per graffette, puntine, piccoli fermagli, elastici e persino segreti di riserva o schede SD. Nella toilette, utilizzateli per i batuffoli di cotone, i cotton fioc, le bombe da bagno o i raccordi per capelli, mantenendo il piano di lavoro fresco e igienico.<\/p>\n<h4 id=\"the-perfect-present-the-perfect-discussion-\">Il presente perfetto, la discussione perfetta.<\/h4>\n<p>La nostra scatola rotonda per dolci in acrilico \u00e8 pi\u00f9 di un semplice oggetto: \u00e8 un'esperienza. \u00c8 il piacere di vedere le vostre cose preferite organizzate in modo eccellente. \u00c8 la sicurezza di fare un regalo che esiste con idea e stile. \u00c8 la semplice soddisfazione di portare un ordine moderno e ordinato nella vostra vita.<\/p>\n<p>Che siate pasticceri esperti alla ricerca di confezioni costose, spose che pianificano una festa di matrimonio perfetta, artigiani alla ricerca di un sistema aziendale migliore o semplicemente persone che apprezzano l'armonia tra forma e funzionalit\u00e0, questi contenitori sono stati creati per voi.<\/p>\n<p>Elevate il vostro spazio di archiviazione, perfezionate la vostra discussione e riscoprite l'eleganza delle piccole cose. Investite in un servizio funzionale, durevole e bello come gli oggetti che riporrete al suo interno. Ordinate oggi stesso le vostre scatole rotonde per dolci in polimero e iniziate il vostro viaggio verso un mondo molto pi\u00f9 ordinato e sofisticato.<\/p>","protected":false},"excerpt":{"rendered":"<p class=\"ng-star-inserted\"><span class=\"ng-star-inserted\">Presentate le vostre caramelle e bomboniere in modo splendido nelle nostre scatole acriliche trasparenti. Realizzate in materiale inodore e sicuro per gli alimenti, espongono perfettamente i dolcetti colorati. Il design versatile e impilabile \u00e8 ottimo anche per organizzare gioielli e piccoli oggetti di artigianato. Una soluzione elegante e pratica per conservare e regalare.<\/span><\/p>","protected":false},"featured_media":1573,"template":"","meta":{"_kad_post_transparent":"default","_kad_post_title":"","_kad_post_layout":"default","_kad_post_sidebar_id":"","_kad_post_content_style":"default","_kad_post_vertical_padding":"default","_kad_post_feature":"","_kad_post_feature_position":"","_kad_post_header":false,"_kad_post_footer":false,"_kad_post_classname":""},"product_brand":[],"product_cat":[17],"product_tag":[45],"class_list":{"0":"post-1569","1":"product","2":"type-product","3":"status-publish","4":"has-post-thumbnail","6":"product_cat-custom-acrylic-boxes","7":"product_tag-customized-acrylic-boxes","9":"first","10":"instock","11":"shipping-taxable","12":"product-type-simple","13":"entry","14":"content-bg","15":"loop-entry"},"_links":{"self":[{"href":"https:\/\/customacrylicproduct.com\/it\/wp-json\/wp\/v2\/product\/1569","targetHints":{"allow":["GET"]}}],"collection":[{"href":"https:\/\/customacrylicproduct.com\/it\/wp-json\/wp\/v2\/product"}],"about":[{"href":"https:\/\/customacrylicproduct.com\/it\/wp-json\/wp\/v2\/types\/product"}],"wp:featuredmedia":[{"embeddable":true,"href":"https:\/\/customacrylicproduct.com\/it\/wp-json\/wp\/v2\/media\/1573"}],"wp:attachment":[{"href":"https:\/\/customacrylicproduct.com\/it\/wp-json\/wp\/v2\/media?parent=1569"}],"wp:term":[{"taxonomy":"product_brand","embeddable":true,"href":"https:\/\/customacrylicproduct.com\/it\/wp-json\/wp\/v2\/product_brand?post=1569"},{"taxonomy":"product_cat","embeddable":true,"href":"https:\/\/customacrylicproduct.com\/it\/wp-json\/wp\/v2\/product_cat?post=1569"},{"taxonomy":"product_tag","embeddable":true,"href":"https:\/\/customacrylicproduct.com\/it\/wp-json\/wp\/v2\/product_tag?post=1569"}],"curies":[{"name":"wp","href":"https:\/\/api.w.org\/{rel}","templated":true}]}}