{"id":1575,"date":"2025-07-22T06:55:20","date_gmt":"2025-07-22T06:55:20","guid":{"rendered":"https:\/\/customacrylicproduct.com\/?post_type=product&#038;p=1575"},"modified":"2025-07-22T06:55:20","modified_gmt":"2025-07-22T06:55:20","slug":"custom-acrylic-clear-plastic-tube-tubing-round-pipe","status":"publish","type":"product","link":"https:\/\/customacrylicproduct.com\/it\/custom-acrylic-clear-plastic-tube-tubing-round-pipe\/","title":{"rendered":"Tubo rotondo su ordinazione della tubazione di plastica della radura dell'acrilico"},"content":{"rendered":"<h3 id=\"-custom-made-polymer-clear-plastic-tube-the-perfect-blend-of-quality-durability-and-flexibility-\"><strong>Tubo di plastica trasparente polimerico su misura: La miscela perfetta di qualit\u00e0, durata e flessibilit\u00e0<\/strong><\/h3>\n<p>Scoprite l'opzione migliore per le vostre attivit\u00e0 fantasiose, industriali e commerciali con i nostri tubi di plastica acrilica trasparente personalizzati. Progettato per prestazioni fenomenali e fascino visivo, questo tubo rotondo flessibile offre l'eccellente trasparenza simile al vetro che desiderate, integrata con la resistenza, la leggerezza e la lavorabilit\u00e0 di alto livello dell'acrilico (PMMA). Che siate ingegneri che sviluppano un sistema di fluidi avanzato, designer che concepiscono un moderno componente di illuminazione, venditori che producono schermi attraenti o fanatici del fai-da-te che costruiscono la propria opera d'arte, i nostri tubi acrilici personalizzati sono il prodotto fondamentale che dar\u00e0 vita alla vostra visione.<\/p>\n<p><img fetchpriority=\"high\" decoding=\"async\" class=\"size-full wp-image-1579\" src=\"https:\/\/customacrylicproduct.com\/wp-content\/uploads\/2025\/07\/Acrylic-Clear-Plastic-Tube-4.jpg\" alt=\"Tubo di plastica trasparente acrilico (4)\" width=\"800\" height=\"800\" srcset=\"https:\/\/customacrylicproduct.com\/wp-content\/uploads\/2025\/07\/Acrylic-Clear-Plastic-Tube-4.jpg 800w, https:\/\/customacrylicproduct.com\/wp-content\/uploads\/2025\/07\/Acrylic-Clear-Plastic-Tube-4-300x300.jpg 300w, https:\/\/customacrylicproduct.com\/wp-content\/uploads\/2025\/07\/Acrylic-Clear-Plastic-Tube-4-150x150.jpg 150w, https:\/\/customacrylicproduct.com\/wp-content\/uploads\/2025\/07\/Acrylic-Clear-Plastic-Tube-4-768x768.jpg 768w, https:\/\/customacrylicproduct.com\/wp-content\/uploads\/2025\/07\/Acrylic-Clear-Plastic-Tube-4-600x600.jpg 600w, https:\/\/customacrylicproduct.com\/wp-content\/uploads\/2025\/07\/Acrylic-Clear-Plastic-Tube-4-100x100.jpg 100w\" sizes=\"(max-width: 800px) 100vw, 800px\" \/><\/p>\n<h4 id=\"-unparalleled-optical-clearness-aesthetic-purity-\"><strong>Chiarezza ottica e purezza estetica senza precedenti<\/strong><\/h4>\n<p>La prima cosa che noterete dei nostri tubi acrilici \u00e8 la loro impressionante chiarezza. Come mostrano le immagini, ogni tubo possiede una qualit\u00e0 luminosa e cristallina che rivaleggia con il miglior vetro ottico. Questa trasparenza ineccepibile garantisce una visione senza ostacoli di qualsiasi cosa si trovi all'interno o dietro il tubo, rendendolo la scelta perfetta per le applicazioni in cui la presenza \u00e8 fondamentale.<\/p>\n<p>A differenza di altre materie plastiche, che possono avere una tonalit\u00e0 opaca o bluastra, i nostri tubi in PMMA sono prodotti secondo un requisito di purezza ottica. Ci\u00f2 consente una trasmissione ottimale della luce, rendendolo adatto ad applicazioni di illuminazione, occhiali da vista e dispositivi scientifici. Utilizzato per schermi di vendita al dettaglio o rivestimenti di musei, protegge e mette in mostra gli oggetti senza distrarli, consentendo agli oggetti stessi di essere la celebrit\u00e0 dello spettacolo. La superficie liscia e lucida riflette magnificamente la luce, conferendo un tocco di eleganza e professionalit\u00e0 a qualsiasi allestimento.<\/p>\n<p><img decoding=\"async\" class=\"size-full wp-image-1576\" src=\"https:\/\/customacrylicproduct.com\/wp-content\/uploads\/2025\/07\/Acrylic-Clear-Plastic-Tube-1.jpg\" alt=\"Tubo di plastica trasparente acrilico (1)\" width=\"800\" height=\"800\" srcset=\"https:\/\/customacrylicproduct.com\/wp-content\/uploads\/2025\/07\/Acrylic-Clear-Plastic-Tube-1.jpg 800w, https:\/\/customacrylicproduct.com\/wp-content\/uploads\/2025\/07\/Acrylic-Clear-Plastic-Tube-1-300x300.jpg 300w, https:\/\/customacrylicproduct.com\/wp-content\/uploads\/2025\/07\/Acrylic-Clear-Plastic-Tube-1-150x150.jpg 150w, https:\/\/customacrylicproduct.com\/wp-content\/uploads\/2025\/07\/Acrylic-Clear-Plastic-Tube-1-768x768.jpg 768w, https:\/\/customacrylicproduct.com\/wp-content\/uploads\/2025\/07\/Acrylic-Clear-Plastic-Tube-1-600x600.jpg 600w, https:\/\/customacrylicproduct.com\/wp-content\/uploads\/2025\/07\/Acrylic-Clear-Plastic-Tube-1-100x100.jpg 100w\" sizes=\"(max-width: 800px) 100vw, 800px\" \/><\/p>\n<h4 id=\"-the-prevalence-of-acrylic-stamina-fulfills-lightweight-design-\"><strong>La prevalenza dell'acrilico: La resistenza del design leggero<\/strong><\/h4>\n<p>Mentre il suo aspetto imita il vetro, la sua efficienza lo supera di gran lunga. I nostri tubi acrilici sono realizzati in polimetilmetacrilato (PMMA), un materiale termoplastico che si distingue per la sua straordinaria resilienza e resistenza.<\/p>\n<ul>\n<li><strong>Resistenza agli effetti:\u00a0<\/strong>L'acrilico \u00e8 circa 10-20 volte pi\u00f9 resistente alla frantumazione rispetto al vetro. Questa resistenza fondamentale lo rende un'opzione molto pi\u00f9 sicura e affidabile per sale pubbliche, ambienti commerciali e qualsiasi tipo di applicazione in cui la rottura \u00e8 un problema. Le cadute o gli urti accidentali che rovinerebbero un tubo di vetro lasceranno di solito intatti i nostri tubi acrilici.<\/li>\n<li><strong>Leggero:\u00a0<\/strong>Considerando meno del 50% dell'altezza del vetro, i tubi acrilici sono molto pi\u00f9 semplici da trattare, trasportare e montare. Questo riduce i costi di consegna e i requisiti di carico architettonico, rendendolo una scelta pratica per progetti architettonici su larga scala, schermi portatili e allestimenti complessi.<\/li>\n<li><strong>Resistenza agli agenti atmosferici e ai raggi UV:\u00a0<\/strong>I nostri tubi acrilici sono naturalmente immuni ai danni della luce ultravioletta (UV) e delle condizioni atmosferiche estreme. Non ingialliscono, non si sbiadiscono e non diventano fragili se sottoposti alla luce del sole per lunghi periodi, garantendo chiarezza e onest\u00e0 architettonica durature per applicazioni esterne come insegne, componenti di edifici o giochi d'acqua in giardino.<\/li>\n<\/ul>\n<p><img decoding=\"async\" class=\"size-full wp-image-1577\" src=\"https:\/\/customacrylicproduct.com\/wp-content\/uploads\/2025\/07\/Acrylic-Clear-Plastic-Tube-2.jpg\" alt=\"Tubo di plastica trasparente acrilico (2)\" width=\"800\" height=\"800\" srcset=\"https:\/\/customacrylicproduct.com\/wp-content\/uploads\/2025\/07\/Acrylic-Clear-Plastic-Tube-2.jpg 800w, https:\/\/customacrylicproduct.com\/wp-content\/uploads\/2025\/07\/Acrylic-Clear-Plastic-Tube-2-300x300.jpg 300w, https:\/\/customacrylicproduct.com\/wp-content\/uploads\/2025\/07\/Acrylic-Clear-Plastic-Tube-2-150x150.jpg 150w, https:\/\/customacrylicproduct.com\/wp-content\/uploads\/2025\/07\/Acrylic-Clear-Plastic-Tube-2-768x768.jpg 768w, https:\/\/customacrylicproduct.com\/wp-content\/uploads\/2025\/07\/Acrylic-Clear-Plastic-Tube-2-600x600.jpg 600w, https:\/\/customacrylicproduct.com\/wp-content\/uploads\/2025\/07\/Acrylic-Clear-Plastic-Tube-2-100x100.jpg 100w\" sizes=\"(max-width: 800px) 100vw, 800px\" \/><\/p>\n<h4 id=\"-accuracy-engineered-for-flawless-efficiency-\"><strong>Precisione progettata per un'efficienza impeccabile<\/strong><\/h4>\n<p>L'alta qualit\u00e0 non riguarda solo la materia prima, ma anche la procedura di produzione. I nostri tubi acrilici sono prodotti con una moderna procedura di estrusione che garantisce una sicurezza dimensionale e un'uniformit\u00e0 fenomenali.<\/p>\n<ul>\n<li><strong>Abbigliamento Densit\u00e0 della superficie della parete:\u00a0<\/strong>Ogni tubo presenta una densit\u00e0 di parete assolutamente costante per tutta la sua lunghezza. Ci\u00f2 \u00e8 importante per le applicazioni che richiedono pressioni regolari, onest\u00e0 strutturale e un aspetto estetico perfetto senza distorsioni.<\/li>\n<li><strong>Resistenze strette:\u00a0<\/strong>Manteniamo un controllo rigoroso sia sul diametro interno (ID) che sulla dimensione esterna (OD), assicurando che i nostri tubi soddisfino specifiche precise. Questa uniformit\u00e0 \u00e8 importante per produrre accoppiamenti stretti con altri componenti, O-ring e connettori, proteggendo dalle perdite e garantendo una combinazione perfetta con le vostre impostazioni.<\/li>\n<li><strong>Finitura pulita e liscia:\u00a0<\/strong>I tubi vengono forniti con lati lisci e tagliati di netto, come si vede nelle immagini ravvicinate. Questa superficie professionale consente di risparmiare fatica e tempo nella post-elaborazione e attende di essere utilizzata rapidamente in applicazioni di alto livello.<\/li>\n<\/ul>\n<h4 id=\"-the-power-of-modification-your-vision-our-tubing-\"><strong>Il potere della modifica: La vostra visione, il nostro tubo<\/strong><\/h4>\n<p>\u201d La \u201dtaglia unica\" raramente si adatta a compiti innovativi. Ecco perch\u00e9 forniamo ampie possibilit\u00e0 di modifica per assicurarvi il tubo preciso di cui avete bisogno.<\/p>\n<ul>\n<li><strong>Diametri e spessore della parete personalizzati:\u00a0<\/strong>Specificate le dimensioni esterne (OD) e il diametro interno (ID) necessari per il vostro progetto. Se avete bisogno di un tubo a parete sottile e fragile per un progetto o di un tubo a parete spessa e resistente per un flusso ad alta pressione, possiamo produrlo secondo le vostre specifiche.<\/li>\n<li><strong>Lunghezze di taglio:\u00a0<\/strong>Non sprecate tempo e materiale per ridurre le dimensioni convenzionali. Offriamo un servizio di taglio preciso su misura, fornendo tubi pronti per essere integrati direttamente nel vostro progetto, risparmiando manodopera e assicurando tagli perfettamente squadrati e ordinati ogni singola volta.<\/li>\n<li><strong>Alternative alla fine:\u00a0<\/strong>Oltre ai tagli di base, possiamo fornire soluzioni di finitura aggiuntive come la lucidatura a fiamma per ottenere bordi simili al vetro, fori per il posizionamento o il flusso e la fresatura di precisione per le esigenze pi\u00f9 complesse.<\/li>\n<\/ul>\n<h4 id=\"-an-universe-of-applications-\"><strong>Un universo di applicazioni<\/strong><\/h4>\n<p>La versatilit\u00e0 dei nostri tubi acrilici trasparenti \u00e8 limitata solo dalla vostra immaginazione creativa. \u00c8 un prodotto di fiducia per specialisti e hobbisti in molti settori:.<\/p>\n<ul>\n<li><strong>Industriale e di design:\u00a0<\/strong>Sistemi di trasporto dei fluidi, misuratori di circolazione, involucri di sicurezza per unit\u00e0 di rilevamento ed elettronica sensibili, sistemi di trasporto pneumatico e vetri di visualizzazione resilienti per il controllo dei gradi del liquido.<\/li>\n<li><strong>Architettura e design:\u00a0<\/strong>Corrimano e balaustre moderne, componenti di illuminazione distinti, giochi d'acqua, elementi di interior design e componenti architettonici in mobili d'avanguardia.<\/li>\n<li><strong>Vendita al dettaglio e punto vendita:\u00a0<\/strong>Schermi espositivi per articoli eleganti, portagioie, coordinatori estetici, portaindicazioni e sistemi di alzate che aumentano la merce senza bloccare la vista.<\/li>\n<li><strong>Fai da te, Progetti per hobbisti e creativi:\u00a0<\/strong>Circuiti di raffreddamento ad acqua per PC personalizzati, realizzazione di versioni, terrari, formicai, mangiatoie per uccelli e alloggiamenti per progetti di dispositivi elettronici personalizzati, come consigliato dalla foto che include un pavimento da taglio.<\/li>\n<li><strong>Scientifico e di laboratorio:\u00a0<\/strong>Controllare le provette, le colonne cromatografiche, gli elementi per le apparecchiature di laboratorio e gli immobili per gli allestimenti sperimentali.<\/li>\n<li><strong>Arti e Mestieri:\u00a0<\/strong>Utilizzato in sculture, allestimenti artistici a tecnica mista e come elemento per opere d'arte cinetica.<\/li>\n<\/ul>\n<h4 id=\"-easy-to-produce-and-deal-with-\"><strong>Facile da produrre e da gestire<\/strong><\/h4>\n<p>Per il progettista pratico, il nostro tubo acrilico \u00e8 un piacere da trattare. Pu\u00f2 essere comodamente tagliato, forato e lavorato con i tipici strumenti da officina. Si lega molto bene con l'uso di calcestruzzi acrilici a base di solventi, creando giunzioni forti, chiare e quasi impercettibili. Inoltre, l'acrilico pu\u00f2 essere termoformato o piegato a caldo, consentendo di creare curve dolci e forme speciali per progetti davvero personalizzati.<\/p>\n<h3 id=\"-order-your-customized-polymer-tubes-today-\"><strong>Ordinate oggi i vostri tubi polimerici personalizzati!<\/strong><\/h3>\n<p>Lasciatevi alle spalle i materiali ordinari e scegliete la chiarezza, la resistenza e la flessibilit\u00e0 premium della nostra tubazione acrilica personalizzata. Lasciateci fornire la base di massima qualit\u00e0 per il successo del vostro prossimo lavoro. Chiamate il nostro team oggi stesso per discutere le vostre esigenze particolari, ottenere un preventivo personalizzato e scoprire come i nostri tubi di precisione possono trasformare i vostri concetti in realt\u00e0.<\/p>","protected":false},"excerpt":{"rendered":"<p class=\"ng-star-inserted\"><span class=\"ng-star-inserted\">Scoprite i nostri tubi acrilici cristallini di alta qualit\u00e0. Questi tubi in plastica rigida e resistente agli urti sono un'alternativa duratura e infrangibile al vetro. \u00c8 perfetto per progetti di bricolage, modelli, esposizioni e uso industriale. Disponibili in vari diametri e lunghezze personalizzate per adattarsi alle vostre esigenze.<\/span><\/p>","protected":false},"featured_media":1576,"template":"","meta":{"_kad_post_transparent":"default","_kad_post_title":"","_kad_post_layout":"default","_kad_post_sidebar_id":"","_kad_post_content_style":"default","_kad_post_vertical_padding":"default","_kad_post_feature":"","_kad_post_feature_position":"","_kad_post_header":false,"_kad_post_footer":false,"_kad_post_classname":""},"product_brand":[],"product_cat":[23],"product_tag":[63],"class_list":{"0":"post-1575","1":"product","2":"type-product","3":"status-publish","4":"has-post-thumbnail","6":"product_cat-custom-acrylic-rods-tubes","7":"product_tag-acrylic-rods","9":"first","10":"instock","11":"shipping-taxable","12":"product-type-simple","13":"entry","14":"content-bg","15":"loop-entry"},"_links":{"self":[{"href":"https:\/\/customacrylicproduct.com\/it\/wp-json\/wp\/v2\/product\/1575","targetHints":{"allow":["GET"]}}],"collection":[{"href":"https:\/\/customacrylicproduct.com\/it\/wp-json\/wp\/v2\/product"}],"about":[{"href":"https:\/\/customacrylicproduct.com\/it\/wp-json\/wp\/v2\/types\/product"}],"wp:featuredmedia":[{"embeddable":true,"href":"https:\/\/customacrylicproduct.com\/it\/wp-json\/wp\/v2\/media\/1576"}],"wp:attachment":[{"href":"https:\/\/customacrylicproduct.com\/it\/wp-json\/wp\/v2\/media?parent=1575"}],"wp:term":[{"taxonomy":"product_brand","embeddable":true,"href":"https:\/\/customacrylicproduct.com\/it\/wp-json\/wp\/v2\/product_brand?post=1575"},{"taxonomy":"product_cat","embeddable":true,"href":"https:\/\/customacrylicproduct.com\/it\/wp-json\/wp\/v2\/product_cat?post=1575"},{"taxonomy":"product_tag","embeddable":true,"href":"https:\/\/customacrylicproduct.com\/it\/wp-json\/wp\/v2\/product_tag?post=1575"}],"curies":[{"name":"wp","href":"https:\/\/api.w.org\/{rel}","templated":true}]}}