{"id":1580,"date":"2025-07-22T07:08:14","date_gmt":"2025-07-22T07:08:14","guid":{"rendered":"https:\/\/customacrylicproduct.com\/?post_type=product&#038;p=1580"},"modified":"2025-07-22T07:08:14","modified_gmt":"2025-07-22T07:08:14","slug":"custom-acrylic-prismatic-acrylic-sheet-various-style","status":"publish","type":"product","link":"https:\/\/customacrylicproduct.com\/it\/custom-acrylic-prismatic-acrylic-sheet-various-style\/","title":{"rendered":"Strato acrilico prismatico su ordinazione di vario stile"},"content":{"rendered":"<h3 id=\"-customized-acrylic-prismatic-polymer-sheet-a-kaleidoscope-of-color-and-style-for-your-vision-\"><strong>Lastra polimerica acrilica prismatica personalizzata: Un caleidoscopio di colori e stile per la vostra visione<\/strong><\/h3>\n<p>In un mondo guidato dall'aspetto e dallo sviluppo, i materiali che scegliete sono la struttura della vostra creazione. Sono gli scrittori silenziosi che comunicano alta qualit\u00e0, emozione e scopo. Vi diamo il benvenuto in un universo di sconfinata capacit\u00e0 creativa con la nostra prima collezione di materiali per l'edilizia.\u00a0<strong>Lastre acriliche prismatiche e design assortiti personalizzati\u00a0<\/strong>. Come testimoniano la vivida ruota dei colori e gli esempi ben allestiti, non si tratta di un semplice prodotto, ma di una combinazione per la vostra immaginazione, che offre una gamma ineguagliabile di tonalit\u00e0, superfici e stili per portare qualsiasi tipo di attivit\u00e0 da un'idea a una realt\u00e0 impressionante.<\/p>\n<p><img fetchpriority=\"high\" decoding=\"async\" class=\"size-full wp-image-1581\" src=\"https:\/\/customacrylicproduct.com\/wp-content\/uploads\/2025\/07\/Acrylic-Sheet-1-2.jpg\" alt=\"Foglio acrilico (1)\" width=\"900\" height=\"900\" srcset=\"https:\/\/customacrylicproduct.com\/wp-content\/uploads\/2025\/07\/Acrylic-Sheet-1-2.jpg 900w, https:\/\/customacrylicproduct.com\/wp-content\/uploads\/2025\/07\/Acrylic-Sheet-1-2-300x300.jpg 300w, https:\/\/customacrylicproduct.com\/wp-content\/uploads\/2025\/07\/Acrylic-Sheet-1-2-150x150.jpg 150w, https:\/\/customacrylicproduct.com\/wp-content\/uploads\/2025\/07\/Acrylic-Sheet-1-2-768x768.jpg 768w, https:\/\/customacrylicproduct.com\/wp-content\/uploads\/2025\/07\/Acrylic-Sheet-1-2-600x600.jpg 600w, https:\/\/customacrylicproduct.com\/wp-content\/uploads\/2025\/07\/Acrylic-Sheet-1-2-100x100.jpg 100w\" sizes=\"(max-width: 900px) 100vw, 900px\" \/><\/p>\n<h4 id=\"-an-unparalleled-spectrum-of-shade-\"><strong>Uno spettro d'ombra ineguagliabile<\/strong><\/h4>\n<p>Al centro della nostra collezione c'\u00e8 il potere del colore. Le immagini mostrano una magnifica variet\u00e0 di tonalit\u00e0 accuratamente curate, preparate sia come un pratico mazzo di seguaci che come sofisticate file, che dimostrano la vastit\u00e0 delle alternative. La nostra collezione di colori \u00e8 stata sviluppata per motivare ed equipaggiare, affrontando ogni linguaggio di layout e percezione visiva.<\/p>\n<ul>\n<li><strong>Vibrante e vibrante:\u00a0<\/strong>Studiate una selezione di colori chiave e secondari di grande effetto. Pensate a brillanti rossi fuoco, profondi blu cobalto, gialli solari e lussureggianti smeraldi amici dell'ambiente. Queste tonalit\u00e0 sono ideali per fare una dichiarazione, produrre una segnaletica accattivante, creare oggetti vivaci o aggiungere un tocco di forza a qualsiasi tipo di spazio. La loro ricca saturazione e il tono regolare assicurano che il vostro ultimo pezzo sia d'impatto e notevole.<\/li>\n<li><strong>Pastelli sottili e sofisticati:\u00a0<\/strong>Per i lavori che richiedono un tocco pi\u00f9 morbido e di classe, scoprite la nostra gamma completa di colori pastello. Dalla fragile lavanda e dal tranquillo verde menta all'accogliente rosa blush e all'affascinante latticello, questi colori mostrano una bellezza moderna e avanzata. Sono eccellenti per esposizioni al dettaglio di alta qualit\u00e0, arredi moderni, decorazioni per eventi nuziali e lavori di stile minimale in cui la sottigliezza \u00e8 fondamentale.<\/li>\n<li><strong>Toni ricchi e terrosi:\u00a0<\/strong>Mettete a terra i vostri progetti con la nostra collezione di toni profondi, naturali e neutri. Scoprite accoglienti ocra, bordeaux profondi, beige innovativi e una serie di grigi che vanno dall'ardesia chiara al carbone profondo. Questi colori offrono un fascino senza tempo, ideale per gli aspetti architettonici, il branding aziendale e le confezioni di articoli di lusso.<\/li>\n<li><strong>Neutri essenziali:\u00a0<\/strong>Nessuna tavolozza \u00e8 completa senza i principi. Offriamo i bianchi pi\u00f9 nitidi e opachi e i neri pi\u00f9 profondi e lucidi, offrendo la migliore tela o confronto per il vostro lavoro.<\/li>\n<\/ul>\n<p>Ogni colore \u00e8 realizzato per garantire armonia e vivacit\u00e0, garantendo che il campione in possesso sia una rappresentazione reale del foglio completo che riceverete.<\/p>\n<p><img decoding=\"async\" class=\"wp-image-1582 size-large aligncenter\" src=\"https:\/\/customacrylicproduct.com\/wp-content\/uploads\/2025\/07\/Acrylic-Sheet-2-2-1024x576.jpg\" alt=\"Foglio acrilico (2)\" width=\"1024\" height=\"576\" srcset=\"https:\/\/customacrylicproduct.com\/wp-content\/uploads\/2025\/07\/Acrylic-Sheet-2-2-1024x576.jpg 1024w, https:\/\/customacrylicproduct.com\/wp-content\/uploads\/2025\/07\/Acrylic-Sheet-2-2-300x169.jpg 300w, https:\/\/customacrylicproduct.com\/wp-content\/uploads\/2025\/07\/Acrylic-Sheet-2-2-768x432.jpg 768w, https:\/\/customacrylicproduct.com\/wp-content\/uploads\/2025\/07\/Acrylic-Sheet-2-2-1536x864.jpg 1536w, https:\/\/customacrylicproduct.com\/wp-content\/uploads\/2025\/07\/Acrylic-Sheet-2-2-600x338.jpg 600w, https:\/\/customacrylicproduct.com\/wp-content\/uploads\/2025\/07\/Acrylic-Sheet-2-2.jpg 1920w\" sizes=\"(max-width: 1024px) 100vw, 1024px\" \/><\/p>\n<h4 id=\"-beyond-color-exploring-a-world-of-various-design-\"><strong>Oltre il colore: esplorare il mondo del \u201cdesign vario\u201d.\u201d<\/strong><\/h4>\n<p>Il nostro impegno per le modifiche va ben oltre la tavolozza dei colori. Il \u201cNumerous Design\u201d del nostro nome rappresenta una gamma di rivestimenti e risultati che consentono di personalizzare l'aspetto, l'apertura e la comunicazione del materiale con la luce.<\/p>\n<ul>\n<li><strong>Lucentezza tradizionale:\u00a0<\/strong>L'opzione pi\u00f9 importante \u00e8 la finitura lucida, che offre una superficie elegante, contemporanea e riflettente, che fa risaltare le tonalit\u00e0. Come si vede in molti campioni, questa superficie \u00e8 flessibile, facile da pulire e ideale per un look lucido e professionale.<\/li>\n<li><strong>Elegantemente opaco e smerigliato:\u00a0<\/strong>Per una sensazione di maggiore soppressione e modernit\u00e0, scegliete un rivestimento opaco o smerigliato. L'acrilico opaco riduce i riflessi e nasconde le impronte digitali, offrendo una texture morbida e vellutata. L'acrilico smerigliato offre un'eccezionale diffusione della luce, rendendolo una scelta eccezionale per gli espositori personali per la privacy, per le applicazioni di illuminazione e per gli espositori sofisticati.<\/li>\n<li><strong>La magia di Prismatic:\u00a0<\/strong>La scelta \u201cPrismatico\u201d \u00e8 quella che cambia veramente il nostro acrilico. Queste lastre presentano una superficie finemente strutturata, tipicamente con un motivo micropiramidale o lineare. Questa struttura cattura e rifrange magistralmente la luce ambientale, diffondendola in un sorprendente effetto arcobaleno che cambia e brilla al variare dell'angolo di osservazione. Il polimero prismatico \u00e8 uno spettacolo, perfetto per pareti funzionali, pannelli attraenti, apparecchi di illuminazione, installazioni artistiche e qualsiasi tipo di progetto progettato per affascinare e incuriosire.<\/li>\n<li><strong>Modelli ed effetti speciali:\u00a0<\/strong>Come si evince dal delizioso esempio di puntini nelle foto, offriamo una variet\u00e0 di design specializzati. Immaginatevi lenzuola con pezzi scintillanti per un tocco di glamour, lenzuola perlate che brillano con una luminosit\u00e0 opalescente o motivi marmorizzati che imitano la bellezza senza tempo della roccia naturale. Possiamo collaborare con voi per sviluppare motivi, aspetti e impatti radicati su misura per rendere il vostro progetto davvero distintivo.<\/li>\n<\/ul>\n<p><img decoding=\"async\" class=\"wp-image-1584 size-large aligncenter\" src=\"https:\/\/customacrylicproduct.com\/wp-content\/uploads\/2025\/07\/Acrylic-Sheet-4-1-1024x576.jpg\" alt=\"Foglio acrilico (4)\" width=\"1024\" height=\"576\" srcset=\"https:\/\/customacrylicproduct.com\/wp-content\/uploads\/2025\/07\/Acrylic-Sheet-4-1-1024x576.jpg 1024w, https:\/\/customacrylicproduct.com\/wp-content\/uploads\/2025\/07\/Acrylic-Sheet-4-1-300x169.jpg 300w, https:\/\/customacrylicproduct.com\/wp-content\/uploads\/2025\/07\/Acrylic-Sheet-4-1-768x432.jpg 768w, https:\/\/customacrylicproduct.com\/wp-content\/uploads\/2025\/07\/Acrylic-Sheet-4-1-1536x864.jpg 1536w, https:\/\/customacrylicproduct.com\/wp-content\/uploads\/2025\/07\/Acrylic-Sheet-4-1-600x338.jpg 600w, https:\/\/customacrylicproduct.com\/wp-content\/uploads\/2025\/07\/Acrylic-Sheet-4-1.jpg 1920w\" sizes=\"(max-width: 1024px) 100vw, 1024px\" \/><\/p>\n<h4 id=\"-the-prevalence-of-acrylic-high-quality-you-can-build-on-\"><strong>La prevalenza dell'acrilico: Alta qualit\u00e0 su cui costruire<\/strong><\/h4>\n<p>Le nostre lastre sono realizzate in polimetilmetacrilato (PMMA) di prima qualit\u00e0, un prodotto rinomato per le sue straordinarie propriet\u00e0 residenziali o commerciali.<\/p>\n<ul>\n<li><strong>Leggero e resistente alle influenze:\u00a0<\/strong>Il polimero \u00e8 molto pi\u00f9 leggero del vetro, ma vanta una resistenza agli effetti fino a 17 volte superiore, il che lo rende molto pi\u00f9 sicuro e meno complicato da gestire, trasportare e installare.<\/li>\n<li><strong>Fabbricazione senza sforzo:\u00a0<\/strong>Materiale da sogno per designer e creatori, l'acrilico pu\u00f2 essere facilmente tagliato, forato, inciso, piegato a caldo e lucidato fino a ottenere un lato cristallino. \u00c8 totalmente adatto alle frese laser, che consentono di ottenere modelli complessi e forme precise.<\/li>\n<li><strong>Qualit\u00e0 ottica e resistenza agli agenti atmosferici:\u00a0<\/strong>Il nostro acrilico offre un'eccellente trasmissione della luce e chiarezza ottica. \u00c8 naturalmente stabile ai raggi UV, per cui non ingiallisce e non si indebolisce quando viene utilizzato in applicazioni esterne.<\/li>\n<\/ul>\n<h4 id=\"-limitless-applications-the-only-limit-is-your-creative-imagination-\"><strong>Applicazioni illimitate: L'unico limite \u00e8 la vostra immaginazione creativa<\/strong><\/h4>\n<p>L'adattabilit\u00e0 delle nostre lastre acriliche personalizzate le rende il prodotto ottimale per un elenco illimitato di applicazioni in molti settori.<\/p>\n<ul>\n<li><strong>Architetti e designer d'interni:\u00a0<\/strong>Create sensazionali superfici murali, divisori di lunga durata, mobili personalizzati, schienali alla moda e componenti luminosi distinti.<\/li>\n<li><strong>Rivenditori e visual merchandiser:\u00a0<\/strong>Realizzate espositori per punti vendita, espositori per articoli, insegne di marca e componenti per negozi che migliorano l'identificazione del vostro marchio.<\/li>\n<li><strong>Artisti e creatori:\u00a0<\/strong>Progettate gioielli preziosi e dettagliati, portachiavi vivaci (come i nostri campioni!), prodotti per la casa, sculture e oggetti artistici a tecnica mista.<\/li>\n<li><strong>Pianificatori di occasioni:\u00a0<\/strong>Realizzate insegne personalizzate, componenti attraenti, numeri di tavolo e fondali unici per matrimoni, eventi aziendali e convention commerciali.<\/li>\n<li><strong>Progettisti e ingegneri di prodotto:\u00a0<\/strong>Prototipare e produrre rivestimenti, frontalini e parti pratiche durevoli ed esteticamente gradevoli.<\/li>\n<\/ul>\n<h4 id=\"-your-vision-personalized-\"><strong>La vostra visione, personalizzata<\/strong><\/h4>\n<p>La nostra azienda crede in una procedura collettiva. I campioni visualizzati nelle foto sono pi\u00f9 di un semplice catalogo, sono un dispositivo. Permettono di vedere e sentire i colori e le superfici, garantendo l'abbinamento ideale e la selezione del prodotto prima di effettuare un ordine pi\u00f9 consistente. Forniamo le nostre lastre acriliche in una variet\u00e0 di spessori e dimensioni standard e ci concentriamo sugli ordini personalizzati. Che abbiate bisogno di un pantone specifico, di un taglio di dimensioni uniche o di un modello personalizzato, il nostro gruppo \u00e8 qui per aiutarvi a trasformare le vostre richieste specifiche in un prodotto concreto.<\/p>\n<p>Liberate la vostra creativit\u00e0 e migliorate i vostri lavori con un materiale che sfrutta sia il fascino che le prestazioni. Esplorate il nostro caleidoscopio di tonalit\u00e0, sperimentate i nostri diversi design e scoprite la differenza che i costi dell'acrilico personalizzato possono fare.\u00a0<strong>Contattateci oggi stesso per richiedere un esempio di confezione o per esaminare le esigenze particolari del vostro prossimo progetto.<\/strong><\/p>","protected":false},"excerpt":{"rendered":"<p class=\"ng-star-inserted\"><span class=\"ng-star-inserted\">Esplorate le nostre lastre acriliche personalizzate, disponibili in un arcobaleno di colori vivaci, finiture e stili prismatici. Perfette per il taglio laser, la segnaletica, gli espositori e i progetti creativi. Tagliamo secondo le vostre esatte specifiche.<\/span><\/p>","protected":false},"featured_media":1581,"template":"","meta":{"_kad_post_transparent":"default","_kad_post_title":"","_kad_post_layout":"default","_kad_post_sidebar_id":"","_kad_post_content_style":"default","_kad_post_vertical_padding":"default","_kad_post_feature":"","_kad_post_feature_position":"","_kad_post_header":false,"_kad_post_footer":false,"_kad_post_classname":""},"product_brand":[],"product_cat":[24],"product_tag":[74],"class_list":{"0":"post-1580","1":"product","2":"type-product","3":"status-publish","4":"has-post-thumbnail","6":"product_cat-custom-acrylic-sheets","7":"product_tag-custom-acrylic-sheets","9":"first","10":"instock","11":"shipping-taxable","12":"product-type-simple","13":"entry","14":"content-bg","15":"loop-entry"},"_links":{"self":[{"href":"https:\/\/customacrylicproduct.com\/it\/wp-json\/wp\/v2\/product\/1580","targetHints":{"allow":["GET"]}}],"collection":[{"href":"https:\/\/customacrylicproduct.com\/it\/wp-json\/wp\/v2\/product"}],"about":[{"href":"https:\/\/customacrylicproduct.com\/it\/wp-json\/wp\/v2\/types\/product"}],"wp:featuredmedia":[{"embeddable":true,"href":"https:\/\/customacrylicproduct.com\/it\/wp-json\/wp\/v2\/media\/1581"}],"wp:attachment":[{"href":"https:\/\/customacrylicproduct.com\/it\/wp-json\/wp\/v2\/media?parent=1580"}],"wp:term":[{"taxonomy":"product_brand","embeddable":true,"href":"https:\/\/customacrylicproduct.com\/it\/wp-json\/wp\/v2\/product_brand?post=1580"},{"taxonomy":"product_cat","embeddable":true,"href":"https:\/\/customacrylicproduct.com\/it\/wp-json\/wp\/v2\/product_cat?post=1580"},{"taxonomy":"product_tag","embeddable":true,"href":"https:\/\/customacrylicproduct.com\/it\/wp-json\/wp\/v2\/product_tag?post=1580"}],"curies":[{"name":"wp","href":"https:\/\/api.w.org\/{rel}","templated":true}]}}