{"id":1585,"date":"2025-07-22T07:18:09","date_gmt":"2025-07-22T07:18:09","guid":{"rendered":"https:\/\/customacrylicproduct.com\/?post_type=product&#038;p=1585"},"modified":"2025-07-22T07:18:10","modified_gmt":"2025-07-22T07:18:10","slug":"color-crystal-trophy-custom-color-acrylic-trophy-awards","status":"publish","type":"product","link":"https:\/\/customacrylicproduct.com\/it\/color-crystal-trophy-custom-color-acrylic-trophy-awards\/","title":{"rendered":"Trofeo di cristallo a colori Premi in acrilico a colori personalizzati"},"content":{"rendered":"<h3 id=\"-celebrate-excellence-in-dazzling-shade-the-pinnacle-collection-personalized-crystal-and-polymer-prize-\"><strong>Celebrate l'eccellenza in un'ombra abbagliante: La Collezione Pinnacle Premio personalizzato in cristallo e polimero<\/strong><\/h3>\n<p>In tutto il mondo, alcuni momenti richiedono pi\u00f9 di una normale targa o di una comune coppa. Richiedono una dichiarazione, un'opera d'arte che sia speciale, vivace e sostanziale come il successo che rappresenta. Ecco il Trofeo in cristallo e polimero su misura Peak Series, un premio magistralmente realizzato per catturare il significato dei punti di riferimento, onorare la dedizione e commemorare il successo con dettagli mozzafiato.<\/p>\n<p>Non si tratta di un semplice trofeo, ma di una tela per il vostro racconto. \u00c8 l'incarnazione fisica del rispetto, la rappresentazione concreta di un viaggio e un segno di eccellenza a lungo termine che sar\u00e0 sicuramente mostrato con piacere e apprezzato per tutta la vita.<\/p>\n<p><img fetchpriority=\"high\" decoding=\"async\" class=\"size-full wp-image-1586\" src=\"https:\/\/customacrylicproduct.com\/wp-content\/uploads\/2025\/07\/Acrylic-Trophy-Awards-1-1.jpg\" alt=\"Premi per trofei in acrilico (1)\" width=\"800\" height=\"800\" srcset=\"https:\/\/customacrylicproduct.com\/wp-content\/uploads\/2025\/07\/Acrylic-Trophy-Awards-1-1.jpg 800w, https:\/\/customacrylicproduct.com\/wp-content\/uploads\/2025\/07\/Acrylic-Trophy-Awards-1-1-300x300.jpg 300w, https:\/\/customacrylicproduct.com\/wp-content\/uploads\/2025\/07\/Acrylic-Trophy-Awards-1-1-150x150.jpg 150w, https:\/\/customacrylicproduct.com\/wp-content\/uploads\/2025\/07\/Acrylic-Trophy-Awards-1-1-768x768.jpg 768w, https:\/\/customacrylicproduct.com\/wp-content\/uploads\/2025\/07\/Acrylic-Trophy-Awards-1-1-600x600.jpg 600w, https:\/\/customacrylicproduct.com\/wp-content\/uploads\/2025\/07\/Acrylic-Trophy-Awards-1-1-100x100.jpg 100w\" sizes=\"(max-width: 800px) 100vw, 800px\" \/><\/p>\n<h4 id=\"-a-symphony-of-modern-design-and-classic-elegance-\"><strong>Una sinfonia di design moderno ed eleganza classica<\/strong><\/h4>\n<p>La prima impressione del premio Pinnacle \u00e8 quella di una raffinatezza dinamica e contemporanea. La sua forma unica e costruttiva lo distingue rapidamente dai tipici premi. Lo stile \u00e8 una grande fusione di due componenti unici, che produce un effetto multistrato e tridimensionale di grande impatto estetico e profondamente simbolico.<\/p>\n<ol>\n<li><strong>Il numero della corona:\u00a0<\/strong>Nella parte superiore, il trofeo include un numero forte ed elegante (ad esempio, \u201c5\u00b0\u201d, \u201c10\u00b0\u201d, \u201c20\u00b0\u201d) che funge da identificatore immediato del punto di svolta. Realizzato con un carattere dinamico, stile pennellata, e inserito in una storia d'argento dalla texture discreta, questo componente sembra fluttuare sopra il testo. Rappresenta l'apice della realizzazione, il culmine di anni di iniziative e lo specifico anniversario di matrimonio o i punti commemorati.<\/li>\n<li><strong>Il corpo prismatico:\u00a0<\/strong>Il corpo principale dell'onore \u00e8 un aereo elegante e angolare in acrilico di ultima generazione, tagliato con precisione e con un'inclinazione notevole. \u00c8 qui che la magia della personalizzazione prende vita. A differenza dell'incisione standard, utilizziamo l'innovazione della stampa UV a colori per infondere all'acrilico un magnifico sfondo grafico ad alta risoluzione. Come si pu\u00f2 vedere negli esempi, questo sfondo pu\u00f2 variare da un blu intenso e commerciale che indica sicurezza e fiducia (come per l'onorificenza per il 20\u00b0 anniversario di SONAX), a un intenso gradiente di arancione e verde acqua che indica un viaggio comune (per l'onorificenza per il 5\u00b0 \u201cIn viaggio l'uno con l'altro\u201d), o a una vibrante nebulosa di magenta, oro e viola per l'onorificenza per il \u201cContributo eccezionale\u201d, che mostra creativit\u00e0 e forza vibrante. Questo sfondo non \u00e8 semplicemente decorativo, ma stabilisce il tono psicologico dell'intera opera.<\/li>\n<li><strong>La Fondazione Cristallina:\u00a0<\/strong>Ogni meraviglioso successo \u00e8 costruito su solide fondamenta e questo trofeo non \u00e8 da meno. L'intera struttura \u00e8 ancorata a una notevole base di cristallo K9, perfettamente trasparente. Conosciuto per la sua fenomenale purezza, lucentezza e peso soddisfacente, il cristallo K9 offre una sensazione di qualit\u00e0 superiore e un appoggio sicuro. I suoi bordi diligentemente diagonali catturano e rifrangono la luce, sviluppando una visualizzazione stupefacente da ogni angolazione e aggiungendo un tocco di classico, intramontabile high-end al layout moderno.<\/li>\n<\/ol>\n<p><img decoding=\"async\" class=\"size-full wp-image-1589\" src=\"https:\/\/customacrylicproduct.com\/wp-content\/uploads\/2025\/07\/Acrylic-Trophy-Awards-4-1.jpg\" alt=\"Premi per trofei in acrilico (4)\" width=\"800\" height=\"800\" srcset=\"https:\/\/customacrylicproduct.com\/wp-content\/uploads\/2025\/07\/Acrylic-Trophy-Awards-4-1.jpg 800w, https:\/\/customacrylicproduct.com\/wp-content\/uploads\/2025\/07\/Acrylic-Trophy-Awards-4-1-300x300.jpg 300w, https:\/\/customacrylicproduct.com\/wp-content\/uploads\/2025\/07\/Acrylic-Trophy-Awards-4-1-150x150.jpg 150w, https:\/\/customacrylicproduct.com\/wp-content\/uploads\/2025\/07\/Acrylic-Trophy-Awards-4-1-768x768.jpg 768w, https:\/\/customacrylicproduct.com\/wp-content\/uploads\/2025\/07\/Acrylic-Trophy-Awards-4-1-600x600.jpg 600w, https:\/\/customacrylicproduct.com\/wp-content\/uploads\/2025\/07\/Acrylic-Trophy-Awards-4-1-100x100.jpg 100w\" sizes=\"(max-width: 800px) 100vw, 800px\" \/><\/p>\n<h4 id=\"-the-unmatched-power-of-modification-\"><strong>Il potere ineguagliabile della modifica<\/strong><\/h4>\n<p>Il valore della serie Apex dipende dalla sua capacit\u00e0 quasi illimitata di personalizzazione. La nostra azienda ritiene che un premio debba parlare il linguaggio particolare della vostra organizzazione, evento o partnership. Il nostro processo di progettazione collettiva vi permette di personalizzare ogni elemento del trofeo per produrre un capolavoro unico.<\/p>\n<ul>\n<li><strong>Commemorare qualsiasi tipo di svolta:\u00a0<\/strong>Mentre le foto mostrano il 5\u00b0, 10\u00b0 e 20\u00b0 anniversario, il numero di coronamento pu\u00f2 essere personalizzato per qualsiasi tipo di occasione, dal 1\u00b0 anniversario al 50\u00b0 anniversario e oltre.<\/li>\n<li><strong>Informare il racconto con il testo:\u00a0<\/strong>Il volto del trofeo \u00e8 la vostra bacheca.<\/li>\n<li><strong>Titolo del premio:\u00a0<\/strong>Chiamate l'onorificenza con chiarezza e impatto, come ad esempio \u201cPremio per il contributo superiore (\u6770\u51fa\u8d21\u732e\u5956)\u201d, \u201cPremio per la fedelt\u00e0 (\u4e00\u8def\u540c\u884c\u5956)\u201d o \u201cPioniere dell'anno\u201d.<\/li>\n<li><strong>Nome del destinatario:\u00a0<\/strong>Offrire un riconoscimento personale allo specifico o al gruppo festeggiato.<\/li>\n<li><strong>Messaggio o slogan ispiratore:\u00a0<\/strong>Includete un motto aziendale come \u201cTHINK HARD FUNCTION SMART\u201d o un messaggio di tutto cuore come \u201cIn marcia da vent'anni senza mollare, verso un nuovo capitolo di onore reciproco\u201d.<\/li>\n<li><strong>Date, informazioni e fatti:\u00a0<\/strong>Cronicizzare il giorno della realizzazione o il periodo di servizio per segnare per sempre il momento nel tempo.<\/li>\n<li><strong>Integrare l'identificazione del marchio:\u00a0<\/strong>Integrate perfettamente il logo della vostra azienda, universit\u00e0 o occasione nel design. Come si vede negli esempi \u201cSONAX\u201d e \u201cXilin College\u201d, il logo diventa parte integrante dell'identificazione del premio, rafforzando l'orgoglio e l'appartenenza al marchio.<\/li>\n<li><strong>Una tavolozza di opportunit\u00e0:\u00a0<\/strong>Il colore dello sfondo e il design sono completamente regolabili. Potete abbinare i colori della vostra azienda, evocare lo stile di un evento o scegliere uno stile che rifletta l'individualit\u00e0 del destinatario. Il nostro team di impaginazione pu\u00f2 lavorare con voi per creare una storia personalizzata che sia allo stesso tempo bella e utile.<\/li>\n<\/ul>\n<p><img decoding=\"async\" class=\"size-full wp-image-1588\" src=\"https:\/\/customacrylicproduct.com\/wp-content\/uploads\/2025\/07\/Acrylic-Trophy-Awards-3-1.jpg\" alt=\"Premi in acrilico per trofei (3)\" width=\"800\" height=\"800\" srcset=\"https:\/\/customacrylicproduct.com\/wp-content\/uploads\/2025\/07\/Acrylic-Trophy-Awards-3-1.jpg 800w, https:\/\/customacrylicproduct.com\/wp-content\/uploads\/2025\/07\/Acrylic-Trophy-Awards-3-1-300x300.jpg 300w, https:\/\/customacrylicproduct.com\/wp-content\/uploads\/2025\/07\/Acrylic-Trophy-Awards-3-1-150x150.jpg 150w, https:\/\/customacrylicproduct.com\/wp-content\/uploads\/2025\/07\/Acrylic-Trophy-Awards-3-1-768x768.jpg 768w, https:\/\/customacrylicproduct.com\/wp-content\/uploads\/2025\/07\/Acrylic-Trophy-Awards-3-1-600x600.jpg 600w, https:\/\/customacrylicproduct.com\/wp-content\/uploads\/2025\/07\/Acrylic-Trophy-Awards-3-1-100x100.jpg 100w\" sizes=\"(max-width: 800px) 100vw, 800px\" \/><\/p>\n<h4 id=\"-workmanship-that-withstands-\"><strong>Una lavorazione che resiste<\/strong><\/h4>\n<p>Ogni trofeo Pinnacle \u00e8 il risultato di un'attenta lavorazione e di una sofisticata innovazione. Il polimero di grado ottico \u00e8 stato scelto per la sua resilienza e resistenza alla rovina, garantendo che il premio rimanga immacolato per anni. Il nostro innovativo processo di stampa UV polimerizza l'inchiostro direttamente sulla superficie, creando un rivestimento vivace, resistente allo sbiadimento e leggermente strutturato che si pu\u00f2 vedere e sentire. La base in cristallo K9 \u00e8 lucidata a mano per ottenere una lucentezza impeccabile, simile a quella dei diamanti. L'assemblaggio di questi elementi \u00e8 accurato, in modo da garantire un prodotto finale liscio e strutturalmente solido, che si senta davvero eccellente nella mano cos\u00ec come lo si vede sullo scaffale.<\/p>\n<h4 id=\"-versatile-for-each-occasion-of-quality-\"><strong>Versatile per ogni occasione di qualit\u00e0<\/strong><\/h4>\n<p>Il premio della Collezione Apex \u00e8 la scelta migliore per un'ampia gamma di occasioni e riconoscimenti illustri:.<\/p>\n<ul>\n<li><strong>Anniversari aziendali e pietre miliari:\u00a0<\/strong>Onorate la tradizione della vostra azienda e i dipendenti che l'hanno resa possibile.<\/li>\n<li><strong>Programmi di riconoscimento dei lavoratori:\u00a0<\/strong>Festeggiate i migliori intrattenitori, i campioni delle vendite, i colleghi che vanno in pensione e il \u201cdipendente del mese\u201d con un'onorificenza che dimostri il loro valore.<\/li>\n<li><strong>Companion e apprezzamento dei clienti:\u00a0<\/strong>Ringraziate i partner essenziali, gli iscritti e i clienti fedeli con un regalo sofisticato che rafforza il vostro legame con gli specialisti.<\/li>\n<li><strong>Onorificenze accademiche e istituzionali:\u00a0<\/strong>Riconoscere docenti eccezionali, ex alunni differenziati, innovazioni negli studi e risultati dei tirocinanti.<\/li>\n<li><strong>Premi Non-Profit e Area:\u00a0<\/strong>Riconoscere il contributo vitale di volontari, donatori e leader della comunit\u00e0.<\/li>\n<li><strong>Celebrazioni personali:\u00a0<\/strong>Memorizzate gli anniversari e i traguardi personali con un ricordo speciale e duraturo.<\/li>\n<\/ul>\n<p>Pi\u00f9 che un semplice premio, il trofeo personalizzato in cristallo e acrilico della serie Apex \u00e8 una testimonianza dell'idea che i risultati ottenuti meritano di essere visti, commemorati e ricordati in modo completo, con una tonalit\u00e0 meravigliosa. \u00c8 un investimento finanziario in spirito, un evento storico e un efficace incentivo per il futuro.<\/p>\n<p>Contattateci oggi stesso per iniziare a realizzare un premio personalizzato che racconti la vostra storia unica di successo.<\/p>","protected":false},"excerpt":{"rendered":"<p class=\"ng-star-inserted\"><span class=\"ng-star-inserted\">Onorate l'eccellenza con i nostri splendidi trofei in cristallo e acrilico a colori. Completamente personalizzabili con il vostro logo, testo e disegni unici grazie alla stampa a colori. Il premio moderno perfetto per eventi aziendali, anniversari e risultati speciali. Eleganti, durevoli e davvero memorabili.<\/span><\/p>","protected":false},"featured_media":1586,"template":"","meta":{"_kad_post_transparent":"default","_kad_post_title":"","_kad_post_layout":"default","_kad_post_sidebar_id":"","_kad_post_content_style":"default","_kad_post_vertical_padding":"default","_kad_post_feature":"","_kad_post_feature_position":"","_kad_post_header":false,"_kad_post_footer":false,"_kad_post_classname":""},"product_brand":[],"product_cat":[19],"product_tag":[96,136],"class_list":{"0":"post-1585","1":"product","2":"type-product","3":"status-publish","4":"has-post-thumbnail","6":"product_cat-custom-acrylic-trophies-awards","7":"product_tag-acrylic-awards","8":"product_tag-custom-acrylic-trophy","10":"first","11":"instock","12":"shipping-taxable","13":"product-type-simple","14":"entry","15":"content-bg","16":"loop-entry"},"_links":{"self":[{"href":"https:\/\/customacrylicproduct.com\/it\/wp-json\/wp\/v2\/product\/1585","targetHints":{"allow":["GET"]}}],"collection":[{"href":"https:\/\/customacrylicproduct.com\/it\/wp-json\/wp\/v2\/product"}],"about":[{"href":"https:\/\/customacrylicproduct.com\/it\/wp-json\/wp\/v2\/types\/product"}],"wp:featuredmedia":[{"embeddable":true,"href":"https:\/\/customacrylicproduct.com\/it\/wp-json\/wp\/v2\/media\/1586"}],"wp:attachment":[{"href":"https:\/\/customacrylicproduct.com\/it\/wp-json\/wp\/v2\/media?parent=1585"}],"wp:term":[{"taxonomy":"product_brand","embeddable":true,"href":"https:\/\/customacrylicproduct.com\/it\/wp-json\/wp\/v2\/product_brand?post=1585"},{"taxonomy":"product_cat","embeddable":true,"href":"https:\/\/customacrylicproduct.com\/it\/wp-json\/wp\/v2\/product_cat?post=1585"},{"taxonomy":"product_tag","embeddable":true,"href":"https:\/\/customacrylicproduct.com\/it\/wp-json\/wp\/v2\/product_tag?post=1585"}],"curies":[{"name":"wp","href":"https:\/\/api.w.org\/{rel}","templated":true}]}}