{"id":467,"date":"2025-07-02T10:22:19","date_gmt":"2025-07-02T10:22:19","guid":{"rendered":"https:\/\/customacrylicproduct.com\/?post_type=product&#038;p=467"},"modified":"2025-07-03T02:18:01","modified_gmt":"2025-07-03T02:18:01","slug":"custom-acrylic-bluetooth-headset-display-stands-supplier","status":"publish","type":"product","link":"https:\/\/customacrylicproduct.com\/it\/custom-acrylic-bluetooth-headset-display-stands-supplier\/","title":{"rendered":"Fornitore acrilico su ordinazione dei supporti dell'esposizione della cuffia avricolare di Bluetooth"},"content":{"rendered":"<h3 id=\"-beyond-package-crafting-bespoke-acrylic-display-stands-to-make-your-bluetooth-headsets-memorable-\"><strong>Oltre la confezione: Realizzazione di espositori in acrilico su misura per rendere memorabili le vostre cuffie Bluetooth\u00a0<\/strong><\/h3>\n<p>Nel mondo saturo dei dispositivi elettronici per i clienti, un articolo di qualit\u00e0 \u00e8 solo met\u00e0 della battaglia. Le vostre cuffie Bluetooth possono avere un'integrit\u00e0 audio senza pari, una cancellazione del rumore innovativa e un layout ergonomico, ma su uno scaffale di vendita al dettaglio affollato rischiano di essere ignorate. Il momento critico della decisione per un cliente avviene di solito nella minoranza di secondi che trascorre scrutando un display. Come si fa a catturare la loro attenzione, a comunicare un valore superiore e a coinvolgerli con il vostro marchio?<\/p>\n<p>La soluzione non sta semplicemente nell'articolo, ma nella sua presentazione. A <a href=\"https:\/\/customacrylicproduct.com\/it\/factory-price-uv-printing-cosmetic-custom-acrylic-display\/\">supporto per schermo acrilico personalizzato<\/a> \u00e8 pi\u00f9 di un supporto: \u00e8 una propriet\u00e0 fondamentale. \u00c8 l'ambasciatore fisico del vostro marchio, un venditore silenzioso che lavora incessantemente per far passare il vostro articolo da prodotto a oggetto di desiderio.<\/p>\n<p>In qualit\u00e0 di fornitore leader e specialista, collaboriamo con marchi di dispositivi elettronici ingegnosi, venditori internazionali e agenzie pubblicitarie intelligenti per creare servizi di schermi su misura. Siamo consapevoli che un espositore per schermi \u00e8 un punto di contatto critico nel viaggio del cliente, uno strumento efficace progettato per bloccare il traffico pedonale sul sito web, mostrare l'alta qualit\u00e0 e, in ultima analisi, guidare le vendite.<\/p>\n<p>Benvenuti nella vostra panoramica definitiva su come possiamo collaborare per creare un'opzione di schermo che sia unica e meticolosamente realizzata come i prodotti che vendete.<\/p>\n<figure id=\"attachment_468\" aria-describedby=\"caption-attachment-468\" style=\"width: 800px\" class=\"wp-caption aligncenter\"><a href=\"https:\/\/customacrylicproduct.com\/it\/custom-acrylic-displays\/\"><img fetchpriority=\"high\" decoding=\"async\" class=\"wp-image-468 size-full\" src=\"https:\/\/customacrylicproduct.com\/wp-content\/uploads\/2025\/07\/Custom-Acrylic-Display-Stands-1.jpg\" alt=\"Espositori acrilici personalizzati\" width=\"800\" height=\"800\" srcset=\"https:\/\/customacrylicproduct.com\/wp-content\/uploads\/2025\/07\/Custom-Acrylic-Display-Stands-1.jpg 800w, https:\/\/customacrylicproduct.com\/wp-content\/uploads\/2025\/07\/Custom-Acrylic-Display-Stands-1-300x300.jpg 300w, https:\/\/customacrylicproduct.com\/wp-content\/uploads\/2025\/07\/Custom-Acrylic-Display-Stands-1-150x150.jpg 150w, https:\/\/customacrylicproduct.com\/wp-content\/uploads\/2025\/07\/Custom-Acrylic-Display-Stands-1-768x768.jpg 768w, https:\/\/customacrylicproduct.com\/wp-content\/uploads\/2025\/07\/Custom-Acrylic-Display-Stands-1-12x12.jpg 12w, https:\/\/customacrylicproduct.com\/wp-content\/uploads\/2025\/07\/Custom-Acrylic-Display-Stands-1-600x600.jpg 600w, https:\/\/customacrylicproduct.com\/wp-content\/uploads\/2025\/07\/Custom-Acrylic-Display-Stands-1-100x100.jpg 100w\" sizes=\"(max-width: 800px) 100vw, 800px\" \/><\/a><figcaption id=\"caption-attachment-468\" class=\"wp-caption-text\">Espositori acrilici personalizzati<\/figcaption><\/figure>\n<h3 id=\"-your-vision-our-know-how-the-power-of-unrestricted-modification-\"><strong>La vostra visione, il nostro know-how: Il potere della modifica senza restrizioni\u00a0<\/strong>.<\/h3>\n<p>La nostra azienda ritiene che il vero posizionamento del marchio possa essere ottenuto solo attraverso opzioni personalizzate. Il metodo \u201cone-size-fits-all\u201d non riesce a cogliere l'essenza unica del vostro marchio e il linguaggio specifico dei vostri prodotti. La nostra garanzia fondamentale \u00e8 quella di fornire espositori in acrilico completamente personalizzati, dandovi un controllo innovativo su ogni informazione.<\/p>\n<p>La nostra procedura di personalizzazione congiunta vi permette di definire:.<\/p>\n<ul>\n<li><strong>Design su misura:\u00a0<\/strong>La vostra immaginazione creativa \u00e8 l'unico limite. Che abbiate bisogno di uno zoccolo minimalista ed elegante per una sola cuffia di punta o di uno schermo interattivo dinamico a pi\u00f9 unit\u00e0 per un'intera famiglia di prodotti, i nostri team di progettazione e stile possono realizzare la vostra visione. Possiamo lavorare su file CAD specifici o creare un'idea a partire da un semplice schizzo, tenendo sempre in considerazione fattori cruciali come gli angoli di controllo, la sicurezza degli articoli, il design funzionale del cliente e la praticit\u00e0 in negozio.<\/li>\n<li><strong>Dimensioni e capacit\u00e0 su misura:\u00a0<\/strong>Un'ottima vestibilit\u00e0 non \u00e8 negoziabile. Un supporto poco aderente ha un aspetto poco professionale e pu\u00f2 anche non proteggere correttamente il prodotto. Realizziamo ogni supporto in base alle specifiche precise del design delle vostre cuffie Bluetooth, assicurandovi una discussione comoda, protetta e visivamente notevole. Dai piccoli dispositivi da banco progettati per sfruttare al massimo l'impatto delle casse ai grandi ed eccellenti espositori da pavimento per i negozi monomarca, l'adattamento sar\u00e0 sempre perfetto.<\/li>\n<li><strong>Uno spettro di stili di colore personalizzati:\u00a0<\/strong>Il colore \u00e8 un tipo di comunicazione efficace e immediata del marchio. Offriamo una vasta gamma di combinazioni che si adattano completamente all'identificazione della vostra azienda. Scegliete un acrilico otticamente puro e cristallino per offrire ai vostri prodotti un effetto \u201cfluttuante\u201d; optate per il classico nero o bianco per una raffinatezza senza et\u00e0; oppure scegliete una tonalit\u00e0 forte e dinamica per attirare l'attenzione in uno spazio di vendita frenetico. Per i marchi che richiedono un'uniformit\u00e0 assoluta, possiamo promuovere la corrispondenza dei colori Pantone su ordini qualificati.<\/li>\n<li><strong>Design integrato del logo e del marchio:\u00a0<\/strong>Trasformate il vostro espositore da semplice proprietario a potente strumento pubblicitario. Offriamo numerosi metodi di branding ad alta fedelt\u00e0 per incorporare il vostro logo e il vostro messaggio:.<\/li>\n<li><strong>Stampa digitale UV:\u00a0<\/strong>Per design di logo vibranti e a colori, immagini di prodotto fotorealistiche e richiami tecnici approfonditi. Questo approccio garantisce una durata eccezionale e uno splendore estetico.<\/li>\n<li><strong>Serigrafia:\u00a0<\/strong>L'opzione eccellente per loghi e testi nitidi e opachi in diversi colori forti. Offre una superficie robusta e specializzata, molto efficiente dal punto di vista dei costi per le grandi tirature.<\/li>\n<li><strong>Incisione laser:\u00a0<\/strong>Per un risultato di branding sottile, tattile e senza dubbio premium. Un logo inciso interagisce con il lusso e la permanenza, includendo un tocco innovativo che i clienti possono vedere e sentire.<\/li>\n<\/ul>\n<h3 id=\"-more-than-a-stand-a-versatile-multifunctional-present-solution-\"><strong>Pi\u00f9 di un supporto: Una soluzione di presentazione versatile e multifunzionale\u00a0<\/strong>.<\/h3>\n<p>Creiamo i nostri espositori per schermi per essere molto pi\u00f9 di un semplice oggetto di plastica. Li progettiamo per essere rimedi intelligenti e flessibili che aggiungono valore in diversi contesti, dal negozio al dettaglio alla casa dell'utente finale.<\/p>\n<ul>\n<li><strong>Adattamento universale ed efficacia della stanza:\u00a0<\/strong>Anche se ogni stand \u00e8 costruito su misura, l'ideologia del design enfatizza le prestazioni intelligenti. I nostri stand sono realizzati per\u00a0<strong>si adattano a cuffie di varie dimensioni e forme\u00a0<\/strong>, Le versioni on-ear e over-ear garantiscono la flessibilit\u00e0 di tutta la linea di prodotti. In particolare, questi display sono progettati per\u00a0<strong>aiutano a risparmiare spazio prezioso su scrivanie e scaffali\u00a0<\/strong>. Il loro impatto minimo permette di sfruttare al massimo l'influenza estetica senza produrre disordine, consentendo un merchandising pi\u00f9 pulito ed efficiente.<\/li>\n<li><strong>Design elegante per qualsiasi ambiente:\u00a0<\/strong>Realizzati in acrilico, i nostri supporti sono caratterizzati da un\u00a0<strong>layout moderno e di classe\u00a0<\/strong>. Questa estetica \u00e8 volutamente versatile. \u00c8 sufficientemente professionale per essere il fulcro di un evento.\u00a0<strong>centro espositivo\u00a0<\/strong>o una cabina espositiva, ma sufficientemente elegante da poter essere considerato un grazioso articolo di\u00a0<strong>arredamento per la casa\u00a0<\/strong>. Questa duplice attrattiva comporta un considerevole valore visualizzato per il cliente di completamento.<\/li>\n<li><strong>Il proprietario intelligente e multifunzionale:\u00a0<\/strong>Siamo consapevoli che i consumatori contemporanei possiedono una comunit\u00e0 di strumenti. Ecco perch\u00e9 i nostri layout sono tipicamente multifunzionali. Questo gancio per auricolari non \u00e8 solo un alloggio semplice e comodo per le cuffie pi\u00f9 amate, ma \u00e8 anche in grado di\u00a0<strong>servire da supporto per posizionare un telefono cellulare, un orologio e altri gadget\u00a0<\/strong>. In questo modo lo schermo si trasforma da prodotto monouso in un \u201ctech valet\u201d o in un organizer da scrivania, una funzione che ha un forte impatto su un pubblico esperto di tecnologia e fornisce un fattore di coinvolgimento che spinge il cliente a conservare lo schermo per molto tempo dopo l'acquisto.<\/li>\n<li><strong>Portatile e pratico per un mondo dinamico:\u00a0<\/strong>I nostri dispositivi per cuffie sono realizzati per essere\u00a0<strong>sottili e leggeri, che li rendono molto facili da trasportare\u00a0<\/strong>. Si tratta di un grande vantaggio per i gruppi di marketing che gestiscono negozi pop-up, partecipano a fiere o effettuano promozioni in occasione di eventi. La trasportabilit\u00e0 garantisce che la discussione sul vostro marchio premium possa essere diffusa costantemente e facilmente, ovunque incontriate i vostri clienti.<\/li>\n<\/ul>\n<h3 id=\"-the-foundation-of-quality-premium-polymer-material-\"><strong>La base della qualit\u00e0: Materiale polimerico premium\u00a0<\/strong>.<\/h3>\n<p>La qualit\u00e0 superiore di un <a href=\"https:\/\/customacrylicproduct.com\/it\/factory-price-uv-printing-cosmetic-custom-acrylic-display\/\">supporto per schermi<\/a> inizia con l'alta qualit\u00e0 dei suoi prodotti. Costruiamo tutti i nostri prodotti con acrilico di qualit\u00e0 superiore, noto in commercio con nomi come\u00a0<strong>Perspex, plexiglass, PMMA o lucite\u00a0<\/strong>. Questo prodotto \u00e8 la scelta indiscussa per le applicazioni di vendita al dettaglio di alta qualit\u00e0 grazie alla sua combinazione di case:.<\/p>\n<ul>\n<li><strong>Chiarezza ottica ineguagliabile:\u00a0<\/strong>Con una trasmittanza luminosa superiore a 92%, il polimero premium \u00e8 pi\u00f9 chiaro del vetro convenzionale e garantisce che lo stile e le informazioni del prodotto siano visibili senza distorsioni o sfumature.<\/li>\n<li><strong>Notevole longevit\u00e0:\u00a0<\/strong>Pur avendo il fascino del vetro, l'acrilico \u00e8 molto pi\u00f9 resistente agli urti e ai frantumi, il che lo rende un'opzione pi\u00f9 sicura e affidabile per i punti vendita pubblici.<\/li>\n<li><strong>Estetica elegante e moderna:\u00a0<\/strong>Le linee pulite e la superficie impeccabile dell'acrilico proiettano un'immagine moderna, sofisticata ed esperta che aumenta il valore visivo dei dispositivi elettronici che presenta.<\/li>\n<li><strong>Edificio leggero:\u00a0<\/strong>Il polimero pesa circa la met\u00e0 del vetro, il che si traduce in una riduzione dei prezzi di spedizione e in una maggiore facilit\u00e0 di gestione per i rivenditori.<\/li>\n<\/ul>\n<figure id=\"attachment_469\" aria-describedby=\"caption-attachment-469\" style=\"width: 800px\" class=\"wp-caption aligncenter\"><a href=\"https:\/\/customacrylicproduct.com\/it\/best-quality-wholesale-customized-acrylic-storage-boxes\/\"><img decoding=\"async\" class=\"wp-image-469 size-full\" src=\"https:\/\/customacrylicproduct.com\/wp-content\/uploads\/2025\/07\/Custom-Acrylic-Display-Stands-2.jpg\" alt=\"Espositori acrilici personalizzati\" width=\"800\" height=\"800\" srcset=\"https:\/\/customacrylicproduct.com\/wp-content\/uploads\/2025\/07\/Custom-Acrylic-Display-Stands-2.jpg 800w, https:\/\/customacrylicproduct.com\/wp-content\/uploads\/2025\/07\/Custom-Acrylic-Display-Stands-2-300x300.jpg 300w, https:\/\/customacrylicproduct.com\/wp-content\/uploads\/2025\/07\/Custom-Acrylic-Display-Stands-2-150x150.jpg 150w, https:\/\/customacrylicproduct.com\/wp-content\/uploads\/2025\/07\/Custom-Acrylic-Display-Stands-2-768x768.jpg 768w, https:\/\/customacrylicproduct.com\/wp-content\/uploads\/2025\/07\/Custom-Acrylic-Display-Stands-2-12x12.jpg 12w, https:\/\/customacrylicproduct.com\/wp-content\/uploads\/2025\/07\/Custom-Acrylic-Display-Stands-2-600x600.jpg 600w, https:\/\/customacrylicproduct.com\/wp-content\/uploads\/2025\/07\/Custom-Acrylic-Display-Stands-2-100x100.jpg 100w\" sizes=\"(max-width: 800px) 100vw, 800px\" \/><\/a><figcaption id=\"caption-attachment-469\" class=\"wp-caption-text\">Espositori acrilici personalizzati<\/figcaption><\/figure>\n<h3 id=\"-a-collaboration-improved-quality-and-speed-our-b2b-refine-\"><strong>Una collaborazione che migliora qualit\u00e0 e velocit\u00e0: Il nostro perfezionamento B2B\u00a0<\/strong>.<\/h3>\n<p>Abbiamo ottimizzato il nostro intero flusso di lavoro per essere trasparenti, efficaci e incentrati sul cliente. Siamo consapevoli che nel settore dell'elettronica, che \u00e8 molto impegnato, la velocit\u00e0 e l'affidabilit\u00e0 non sono negoziabili.<\/p>\n<h4 id=\"-action-1-inquiry-and-our-quick-quote-warranty-\"><strong>Azione 1: Richiesta e garanzia di preventivo rapido\u00a0<\/strong>.<\/h4>\n<p>Il viaggio inizia con la vostra richiesta. Proponeteci i vostri principi di layout, le dimensioni, i requisiti di quantit\u00e0 e le linee guida del branding e il nostro team si metter\u00e0 al lavoro. Apprezziamo il vostro tempo e vi garantiamo un preventivo chiaro e approfondito.\u00a0<strong>entro 1-8 ore\u00a0<\/strong>.<\/p>\n<h4 id=\"-step-2-validation-with-our-fast-example-program-\"><strong>Fase 2: Convalida con il nostro programma di esempio rapido\u00a0<\/strong>.<\/h4>\n<p>Vogliamo che siate sicuri di voi stessi prima di impegnarvi in una produzione completa. Ecco perch\u00e9 forniamo un'accurata\u00a0<strong>esempio di programma di accessibilit\u00e0\u00a0<\/strong>. Un prototipo fisico permette di testare la vestibilit\u00e0, valutare l'alta qualit\u00e0 e proteggere l'autorizzazione degli stakeholder interni. La nostra dedizione alla velocit\u00e0 \u00e8 incrollabile:\u00a0<strong>lo sviluppo del campione richiede circa 3-5 giorni lavorativi\u00a0<\/strong>. Con tempi di consegna tipici di una settimana per la maggior parte delle localit\u00e0, potete avere un prototipo fisico nelle vostre mani in tempi sorprendentemente brevi.<\/p>\n<h4 id=\"-step-3-available-manufacturing-with-flexible-moqs-\"><strong>Fase 3: Produzione disponibile con MOQ flessibili\u00a0<\/strong>.<\/h4>\n<p>Una volta accettato l'esempio, procediamo alla produzione completa. Per sostenere le aziende di tutte le dimensioni, dalle startup nascenti ai leader di mercato affermati, i nostri\u00a0<strong>la quantit\u00e0 minima d'ordine (MOQ) parte da soli 100 articoli\u00a0<\/strong>. Questo fattore d'ingresso rende possibili rimedi personalizzati per lanci di prodotti mirati, edizioni minime o progetti di pubblicit\u00e0 e marketing specifici per un evento.<\/p>\n<h3 id=\"-your-global-companion-worldwide-shipping-and-logistics-\"><strong>Il vostro compagno globale: Spedizioni e logistica in tutto il mondo\u00a0<\/strong>.<\/h3>\n<p>La nostra clientela \u00e8 globale, cos\u00ec come la nostra capacit\u00e0 funzionale. Offriamo un servizio affidabile ed efficiente in termini di costi\u00a0<strong>soluzioni di spedizione in tutto il mondo\u00a0<\/strong>, garantendo che i vostri supporti per schermi personalizzati arrivino in modo sicuro e tempestivo, indipendentemente da dove si trovino i vostri mercati. Utilizziamo una rete di vettori di fiducia per fornirvi alternative versatili:.<\/p>\n<ul>\n<li><strong>Via mare:\u00a0<\/strong>Per il trasporto pi\u00f9 economico di ordini grandi e non urgenti.<\/li>\n<li><strong>In aereo:\u00a0<\/strong>Per un'opzione molto pi\u00f9 veloce che bilancia tasso e spese.<\/li>\n<li><strong>Per espresso (DHL, FedEx, ecc.):\u00a0<\/strong>Per la consegna pi\u00f9 rapida di esempi e di ordini critici in termini di tempo.<\/li>\n<\/ul>\n<h3 id=\"-why-pick-us-your-success-is-our-criteria-\"><strong>Perch\u00e9 scegliere noi? Il vostro successo \u00e8 il nostro criterio.\u00a0<\/strong>.<\/h3>\n<ul>\n<li><strong>Versatilit\u00e0 senza pari:\u00a0<\/strong>Non forniamo semplicemente stand, ma rimedi espositivi multifunzionali che includono valore in ogni fase.<\/li>\n<li><strong>Impegno per la qualit\u00e0:\u00a0<\/strong>Dai costi acrilici all'ingegneria di precisione, la nostra attenzione per l'alta qualit\u00e0 \u00e8 assoluta.<\/li>\n<li><strong>Valore diretto in fabbrica:\u00a0<\/strong>In qualit\u00e0 di fornitore, forniamo prezzi competitivi eliminando gli intermediari non necessari.<\/li>\n<li><strong>Velocit\u00e0 e integrit\u00e0:\u00a0<\/strong>La nostra stima rapida dei prezzi, la produzione rapida di esempi e la logistica affidabile consentono di mantenere i vostri progetti nei tempi previsti.<\/li>\n<li><strong>Una vera collaborazione:\u00a0<\/strong>Siamo professionisti qualificati, dediti alla produzione di schermi che migliorano il nome del vostro marchio e aumentano i vostri profitti.<\/li>\n<\/ul>\n<h3 id=\"-ready-to-raise-your-brand-name-allow-s-start-\"><strong>Pronti ad aumentare il nome del vostro marchio? Cominciamo.\u00a0<\/strong>.<\/h3>\n<p>Le vostre cuffie Bluetooth rappresentano l'apice dell'innovazione e del layout audio. \u00c8 ora che la loro visibilit\u00e0 al dettaglio sia all'altezza di questo criterio di qualit\u00e0.<\/p>\n<p>Contattate il nostro team oggi stesso per iniziare la discussione. Sviluppiamo un progetto di grande effetto <a href=\"https:\/\/customacrylicproduct.com\/it\/factory-price-uv-printing-cosmetic-custom-acrylic-display\/\">display acrilico personalizzato<\/a> che si tratti di un servizio di schermo, in grado di bloccare i clienti e di trasformare l'interesse passeggero in una vendita convalidata.<\/p>\n<p><strong>Richiedete subito il vostro preventivo gratuito e senza impegno e riceverete una proposta approfondita entro 1-8 ore.\u00a0<\/strong>.<\/p>","protected":false},"excerpt":{"rendered":"<p>Elevate il vostro marchio con i nostri supporti per cuffie in acrilico. Offriamo design personalizzati OEM\/ODM con il vostro logo per un impatto di vendita al dettaglio straordinario. In qualit\u00e0 di fornitore diretto, garantiamo una qualit\u00e0 superiore e prezzi competitivi. Richiedete oggi stesso un preventivo per la vostra soluzione espositiva su misura.<\/p>","protected":false},"featured_media":468,"template":"","meta":{"_kad_post_transparent":"default","_kad_post_title":"","_kad_post_layout":"default","_kad_post_sidebar_id":"","_kad_post_content_style":"default","_kad_post_vertical_padding":"default","_kad_post_feature":"","_kad_post_feature_position":"","_kad_post_header":false,"_kad_post_footer":false,"_kad_post_classname":""},"product_brand":[],"product_cat":[15],"product_tag":[47,33,46],"class_list":{"0":"post-467","1":"product","2":"type-product","3":"status-publish","4":"has-post-thumbnail","6":"product_cat-custom-acrylic-displays","7":"product_tag-acrylic-bluetooth-headset-display-stands","8":"product_tag-custom-acrylic-display","9":"product_tag-custom-acrylic-display-stands","11":"first","12":"instock","13":"shipping-taxable","14":"product-type-simple","15":"entry","16":"content-bg","17":"loop-entry"},"_links":{"self":[{"href":"https:\/\/customacrylicproduct.com\/it\/wp-json\/wp\/v2\/product\/467","targetHints":{"allow":["GET"]}}],"collection":[{"href":"https:\/\/customacrylicproduct.com\/it\/wp-json\/wp\/v2\/product"}],"about":[{"href":"https:\/\/customacrylicproduct.com\/it\/wp-json\/wp\/v2\/types\/product"}],"wp:featuredmedia":[{"embeddable":true,"href":"https:\/\/customacrylicproduct.com\/it\/wp-json\/wp\/v2\/media\/468"}],"wp:attachment":[{"href":"https:\/\/customacrylicproduct.com\/it\/wp-json\/wp\/v2\/media?parent=467"}],"wp:term":[{"taxonomy":"product_brand","embeddable":true,"href":"https:\/\/customacrylicproduct.com\/it\/wp-json\/wp\/v2\/product_brand?post=467"},{"taxonomy":"product_cat","embeddable":true,"href":"https:\/\/customacrylicproduct.com\/it\/wp-json\/wp\/v2\/product_cat?post=467"},{"taxonomy":"product_tag","embeddable":true,"href":"https:\/\/customacrylicproduct.com\/it\/wp-json\/wp\/v2\/product_tag?post=467"}],"curies":[{"name":"wp","href":"https:\/\/api.w.org\/{rel}","templated":true}]}}