{"id":473,"date":"2025-07-03T02:26:55","date_gmt":"2025-07-03T02:26:55","guid":{"rendered":"https:\/\/customacrylicproduct.com\/?post_type=product&#038;p=473"},"modified":"2025-07-03T03:02:44","modified_gmt":"2025-07-03T03:02:44","slug":"manufacture-custom-logo-acrylic-watch-display-stands","status":"publish","type":"product","link":"https:\/\/customacrylicproduct.com\/it\/manufacture-custom-logo-acrylic-watch-display-stands\/","title":{"rendered":"Produzione di espositori per orologi in acrilico con logo personalizzato"},"content":{"rendered":"<h2 id=\"the-art-of-discussion-boost-your-watches-with-our-custom-made-logo-acrylic-watch-present-stands\">L'arte di discutere: Date un impulso ai vostri orologi con i nostri espositori in acrilico per orologi con logo personalizzato<\/h2>\n<p>In tutto il mondo dell'orologeria, un orologio non \u00e8 mai semplicemente un dispositivo per leggere l'ora. \u00c8 una dichiarazione di design individuale, una meraviglia del design, un oggetto d'arte da indossare e, in genere, un caro cimelio tramandato di generazione in generazione. Ogni apparecchiatura, ogni superficie levigata e ogni ticchettio intenzionale dell'orologio precedentemente posseduto racconta una storia di precisione, entusiasmo e tradizione. Quindi, perch\u00e9 permettere che un tale capolavoro sia presentato su qualcosa di meno che un supporto degno della sua statura?<\/p>\n<p>Nel paesaggio dinamico e accessibile del retail contemporaneo, o anche nel tranquillo rifugio di una collezione esclusiva, la discussione \u00e8 tutto. Un grande orologio merita di pi\u00f9 che essere semplicemente riposto in un astuccio o nascosto in una scatola. Deve essere messo in mostra, celebrato e ammirato da ogni angolazione. Questa \u00e8 la filosofia che ci guida. In qualit\u00e0 di professionisti del mercato per quanto riguarda i supporti per schermi da orologio in acrilico, siamo consapevoli che il palcoscenico \u00e8 altrettanto vitale quanto la celebrit\u00e0. Non ci limitiamo a sviluppare proprietari, ma creiamo esperienze.<\/p>\n<p>Benvenuti alla soluzione definitiva per la discussione sugli orologi: i nostri supporti per schermi di orologi in acrilico su misura e totalmente personalizzati. \u00c8 qui che l'identificazione del vostro marchio incontra la nostra qualit\u00e0 di produzione per produrre una dichiarazione visiva che affascina, coinvolge e converte.<\/p>\n<h3 id=\"the-challenge-of-the-modern-industry-cutting-through-the-noise\">La sfida dell'industria moderna: Districarsi tra i rumori<\/h3>\n<p>Immaginate un ambiente di vendita al dettaglio di lusso. \u00c8 un'armonia di stimoli: gioielli di moda scintillanti, schermi dinamici, marchi completi e un flusso continuo di clienti. Ci sono molti altri articoli e rumori che si contendono l'attenzione del cliente. In questo mare di uniformit\u00e0, come si fa a scoprire il vostro marchio di orologi? Come si fa a fermare un potenziale cliente e ad attirarlo nel mondo dettagliato dei vostri orologi? Uno schermo standard non \u00e8 sufficiente. \u00c8 un sussurro in una gara di urla.<\/p>\n<p>Desiderate catturarli e trasformarli in acquirenti. Per farlo, \u00e8 necessario un espositore che non si limiti a tenere l'orologio. Avete bisogno di un rappresentante silenzioso, di un ambasciatore del marchio e di un autore, tutto in uno. Il nostro gruppo vi aiuter\u00e0 a raggiungere questo obiettivo. I paraventi personalizzati sono necessari se desiderate che la vostra marca di orologi si distingua in modo assoluto, comunichi il suo particolare valore suggerito e crei un legame memorabile con il cliente.<\/p>\n<p><a href=\"https:\/\/customacrylicproduct.com\/it\/custom-acrylic-displays\/\"><img fetchpriority=\"high\" decoding=\"async\" class=\"aligncenter wp-image-475 size-full\" src=\"https:\/\/customacrylicproduct.com\/wp-content\/uploads\/2025\/07\/Custom-Acrylic-Watch-Display-2.jpg\" alt=\"Espositore per orologi in acrilico personalizzato\" width=\"800\" height=\"800\" srcset=\"https:\/\/customacrylicproduct.com\/wp-content\/uploads\/2025\/07\/Custom-Acrylic-Watch-Display-2.jpg 800w, https:\/\/customacrylicproduct.com\/wp-content\/uploads\/2025\/07\/Custom-Acrylic-Watch-Display-2-300x300.jpg 300w, https:\/\/customacrylicproduct.com\/wp-content\/uploads\/2025\/07\/Custom-Acrylic-Watch-Display-2-150x150.jpg 150w, https:\/\/customacrylicproduct.com\/wp-content\/uploads\/2025\/07\/Custom-Acrylic-Watch-Display-2-768x768.jpg 768w, https:\/\/customacrylicproduct.com\/wp-content\/uploads\/2025\/07\/Custom-Acrylic-Watch-Display-2-12x12.jpg 12w, https:\/\/customacrylicproduct.com\/wp-content\/uploads\/2025\/07\/Custom-Acrylic-Watch-Display-2-600x600.jpg 600w, https:\/\/customacrylicproduct.com\/wp-content\/uploads\/2025\/07\/Custom-Acrylic-Watch-Display-2-100x100.jpg 100w\" sizes=\"(max-width: 800px) 100vw, 800px\" \/><\/a><\/p>\n<h3 id=\"the-polymer-advantage-clearness-durability-and-unmatched-sophistication\">Il vantaggio dei polimeri: Chiarezza, durevolezza e sofisticatezza ineguagliabile<\/h3>\n<p>Il nostro materiale preferito \u00e8 l'acrilico di prima qualit\u00e0, e per un ottimo motivo. \u00c8 la tela ideale su cui costruire la discussione del vostro marchio. Utilizziamo materiali di prima qualit\u00e0\u00a0<strong>prodotti acrilici per realizzare questo supporto, che \u00e8 privo di rischi e pu\u00f2 essere utilizzato con fiducia.\u00a0<\/strong>Questo impegno per un prodotto di alta qualit\u00e0 si traduce in una serie di vantaggi che rendono i nostri stand eccezionali.<\/p>\n<p><strong>1. Chiarezza cristallina:\u00a0<\/strong>L'acrilico di ultima generazione offre una chiarezza ottica pari a quella dei cristalli pi\u00f9 costosi. A differenza del vetro, ha una luminescenza del tutto naturale che non produce una tinta ecologica o alterata, assicurando che le sfumature della verit\u00e0 e i dettagli elaborati del quadrante, dell'istanza e del cinturino dell'orologio esistano con assoluta integrit\u00e0. La trasparenza del nostro\u00a0<strong>supporti per orologi trasparenti\u00a0<\/strong>permette all'orologio di galleggiare relativamente, sviluppando un senso di preziosit\u00e0 e di attenzione che attira immediatamente lo sguardo. Il supporto diventa una cornice raffinata e sofisticata, che non sovrasta mai l'arte che \u00e8 fatta per mostrare.<\/p>\n<p><strong>2. Sicurezza e resilienza superiori:\u00a0<\/strong>In qualsiasi tipo di ambiente pubblico, la sicurezza \u00e8 estremamente importante. La natura stessa degli oggetti\u00a0<strong>realizzato in acrilico pu\u00f2 utilizzare questo supporto per il display dell'orologio in modo pi\u00f9 sicuro e conveniente\u00a0<\/strong>rispetto a quelli realizzati in vetro. L'acrilico \u00e8 molto pi\u00f9 resistente agli urti rispetto al vetro, riducendo drasticamente il pericolo di rovina e di possibili lesioni in un'attivit\u00e0 di vendita al dettaglio o durante il trasporto. Questa natura robusta fa s\u00ec che l'investimento finanziario in un espositore di alta qualit\u00e0 sia duraturo, resistente a fratture, schegge e alle asperit\u00e0 dell'uso quotidiano. Questo \u00e8 il\u00a0<strong>godere di una base di coordinatori\u00a0<\/strong>che offre fascino e comfort.<\/p>\n<p><strong>3. Leggero e mobile:\u00a0<\/strong>Nonostante la sua resistenza, l'acrilico \u00e8 straordinariamente leggero. Questo particolare rende il nostro\u00a0<strong>presente supporto per orologio\u00a0<\/strong>incredibilmente flessibile. Con la sua\u00a0<strong>leggero e di dimensioni corrette, facile da richiedere in qualsiasi tipo di area\u00a0<\/strong>, Per una fiera, un pop-up store o un evento unico all'interno del punto vendita, \u00e8 facile riconfigurare gli schermi con facilit\u00e0, adattandoli a nuove collezioni o campagne di marketing senza i problemi logistici legati a materiali pi\u00f9 pesanti e vulnerabili. Gli schermi possono essere riconfigurati facilmente, adattandosi a nuove collezioni o campagne di marketing senza i problemi logistici legati a materiali pi\u00f9 pesanti e vulnerabili. Non si tratta di semplici componenti fissi, ma di vivaci dispositivi pubblicitari.<\/p>\n<p><a href=\"https:\/\/customacrylicproduct.com\/it\/custom-acrylic-displays\/\"><img decoding=\"async\" class=\"aligncenter wp-image-474 size-full\" src=\"https:\/\/customacrylicproduct.com\/wp-content\/uploads\/2025\/07\/Custom-Acrylic-Watch-Display-1.jpg\" alt=\"Espositore per orologi in acrilico personalizzato\" width=\"800\" height=\"800\" srcset=\"https:\/\/customacrylicproduct.com\/wp-content\/uploads\/2025\/07\/Custom-Acrylic-Watch-Display-1.jpg 800w, https:\/\/customacrylicproduct.com\/wp-content\/uploads\/2025\/07\/Custom-Acrylic-Watch-Display-1-300x300.jpg 300w, https:\/\/customacrylicproduct.com\/wp-content\/uploads\/2025\/07\/Custom-Acrylic-Watch-Display-1-150x150.jpg 150w, https:\/\/customacrylicproduct.com\/wp-content\/uploads\/2025\/07\/Custom-Acrylic-Watch-Display-1-768x768.jpg 768w, https:\/\/customacrylicproduct.com\/wp-content\/uploads\/2025\/07\/Custom-Acrylic-Watch-Display-1-12x12.jpg 12w, https:\/\/customacrylicproduct.com\/wp-content\/uploads\/2025\/07\/Custom-Acrylic-Watch-Display-1-600x600.jpg 600w, https:\/\/customacrylicproduct.com\/wp-content\/uploads\/2025\/07\/Custom-Acrylic-Watch-Display-1-100x100.jpg 100w\" sizes=\"(max-width: 800px) 100vw, 800px\" \/><\/a><\/p>\n<h3 id=\"the-power-of-real-customization-your-vision-brought-to-life\">Il potere della personalizzazione reale: La vostra visione, portata in vita<\/h3>\n<p>\u00c8 qui che ci distinguiamo come leader indiscussi del settore. Il nostro team ritiene che un espositore debba essere un'estensione del DNA del vostro marchio. Ecco perch\u00e9 non offriamo una soluzione unica. Piuttosto, forniamo un viaggio collaborativo.\u00a0<strong>Personalizziamo il vostro espositore per orologi in acrilico in base ai vostri desideri,\u00a0<\/strong>garantendo che il prodotto finale rifletta perfettamente la vostra visione e i vostri valori.<\/p>\n<p>Le alternative di modifica sono praticamente illimitate:<\/p>\n<ul>\n<li><strong>Marca la tua identit\u00e0 con un logo:\u00a0<\/strong>Il vostro logo \u00e8 la vostra firma. Siamo in grado di gestire in modo completo\u00a0<strong>Date un nome al vostro schermo con un logo di design\u00a0<\/strong>utilizzando una serie di strategie sofisticate, tra cui la precisione delle iscrizioni al laser, la vivacit\u00e0 della stampa a colori e persino un sofisticato testo tridimensionale. In questo modo lo stand si trasforma da semplice contenitore a efficace strumento di branding, rafforzando il richiamo del marchio e irradiando un'aria di esclusivit\u00e0 e competenza.<\/li>\n<li><strong>Incorporare la tecnologia interattiva moderna:\u00a0<\/strong>Nell'odierna era digitale, gli schermi statici stanno diventando un ricordo del passato. Possiamo portare la vostra discussione nel 21\u00b0 secolo. Immaginate un consumatore che si avvicina al vostro display. Possiamo\u00a0<strong>inserire i display touch\u00a0<\/strong>direttamente nella base acrilica, consentendo loro di entrare in contatto con voi. Possono esplorare le specifiche complete dell'orologio, vedere varie combinazioni di cinturini, vedere la storia del vostro marchio o iscriversi a una e-newsletter. Questo trasforma la visione passiva in un coinvolgimento attivo, aumentando drasticamente il tempo di permanenza e il tasso di interesse dei clienti.<\/li>\n<li><strong>Narrazione visiva dinamica:\u00a0<\/strong>Volete evidenziare l'impermeabilit\u00e0 del vostro nuovissimo orologio da immersione o l'intricata attivit\u00e0 del vostro cronografo automatico? Possiamo\u00a0<strong>posizionare piccoli display per videoclip\u00a0<\/strong>che mostrano le caratteristiche speciali dei vostri orologi in un'emozionante scappatoia. Mostrate la vostra abilit\u00e0 artigianale con filmati di produzione dietro le quinte, condividete testimonianze radiose, o mostrate le informazioni sulle tariffe e qualsiasi altra informazione vogliate condividere. Questo aspetto vibrante \u00e8 una calamita per l'attenzione e racconta una storia abbondante che un semplice cartello non potrebbe mai raccontare.<\/li>\n<li><strong>Voi siete il progettista della forma e della funzione:\u00a0<\/strong>Il nome del vostro marchio ha un aspetto unico e il vostro display deve riconoscerlo.\u00a0<strong>Potete anche scegliere la tonalit\u00e0, la forma e le dimensioni del vostro supporto.\u00a0<\/strong>Avete in mente uno stand elegante e minimalista a forma di C in nero per la vostra collezione moderna e progressista? Oppure una serie di piattaforme trasparenti a pi\u00f9 livelli per esporre un'intera famiglia di orologi? Dalla curvatura accurata del proprietario dell'orologio alle dimensioni della base, ogni aspetto \u00e8 sotto il vostro controllo. Possiamo creare singoli\u00a0<strong>Porta orologi in acrilico\u00a0<\/strong>per opere d'arte individuali o di grandi dimensioni\u00a0<strong>visualizzare il proprietario dello spazio di archiviazione sullo schermo\u00a0<\/strong>sistemi per intere collezioni.<\/li>\n<\/ul>\n<p><a href=\"https:\/\/customacrylicproduct.com\/it\/custom-acrylic-displays\/\"><img decoding=\"async\" class=\"aligncenter wp-image-476 size-full\" src=\"https:\/\/customacrylicproduct.com\/wp-content\/uploads\/2025\/07\/Custom-Acrylic-Watch-Display-3.jpg\" alt=\"Espositore per orologi in acrilico personalizzato\" width=\"800\" height=\"800\" srcset=\"https:\/\/customacrylicproduct.com\/wp-content\/uploads\/2025\/07\/Custom-Acrylic-Watch-Display-3.jpg 800w, https:\/\/customacrylicproduct.com\/wp-content\/uploads\/2025\/07\/Custom-Acrylic-Watch-Display-3-300x300.jpg 300w, https:\/\/customacrylicproduct.com\/wp-content\/uploads\/2025\/07\/Custom-Acrylic-Watch-Display-3-150x150.jpg 150w, https:\/\/customacrylicproduct.com\/wp-content\/uploads\/2025\/07\/Custom-Acrylic-Watch-Display-3-768x768.jpg 768w, https:\/\/customacrylicproduct.com\/wp-content\/uploads\/2025\/07\/Custom-Acrylic-Watch-Display-3-12x12.jpg 12w, https:\/\/customacrylicproduct.com\/wp-content\/uploads\/2025\/07\/Custom-Acrylic-Watch-Display-3-600x600.jpg 600w, https:\/\/customacrylicproduct.com\/wp-content\/uploads\/2025\/07\/Custom-Acrylic-Watch-Display-3-100x100.jpg 100w\" sizes=\"(max-width: 800px) 100vw, 800px\" \/><\/a><\/p>\n<p><strong>Siate certi che vi otterremo proprio quello di cui avete bisogno.\u00a0<\/strong>Il nostro obiettivo \u00e8 equiparare il significato del vostro marchio a un tipo fisico che regoli l'attenzione e la considerazione.<\/p>\n<h3 id=\"our-collaborative-style-process-a-collaboration-in-excellence\">Il nostro processo di stile collaborativo: Una collaborazione all'insegna dell'eccellenza<\/h3>\n<p>Il nostro team ritiene che la produzione del videoterminale ideale sia una collaborazione. La nostra procedura \u00e8 creata per essere chiara, collettiva e totalmente incentrata sulla vostra soddisfazione.<\/p>\n<p><strong>Azione 1: l'esame.\u00a0<\/strong>Inizia con una discussione.\u00a0<strong>I nostri professionisti vi assisteranno nell'individuazione di un supporto per schermo di orologio in acrilico che corrisponda alle vostre esigenze.\u00a0<\/strong>Presteremo attenzione ai vostri obiettivi, conosceremo l'identificazione del vostro marchio, capiremo il vostro pubblico di riferimento e analizzeremo l'ambiente in cui il display vivr\u00e0.<\/p>\n<p><strong>Fase 2: il piano.\u00a0<\/strong>Sulla base della nostra consultazione,\u00a0<strong>Successivamente, realizzeremo un'illustrazione di ci\u00f2 che avete scelto e ve la invieremo.\u00a0<\/strong>Non si tratta di una semplice illustrazione: utilizziamo un software innovativo per creare mockup completi in 2D e rendering in 3D, consentendovi di immaginare esattamente l'aspetto del vostro stand, completo del design del logo e di qualsiasi tipo di integrazione tecnica.<\/p>\n<p><strong>Azione 3: Il prototipo e il miglioramento.\u00a0<\/strong>Vedere per credere. Per ordini pi\u00f9 grandi,\u00a0<strong>avrete sicuramente l'opportunit\u00e0 di controllare il modello prima di iniziare a trattare il vostro stand.\u00a0<\/strong>Questa \u00e8 una fase cruciale. Potrete sentire l'alta qualit\u00e0 dell'acrilico, vedere l'accuratezza del marchio e assicurarvi che le misure siano perfette. Questa \u00e8 la possibilit\u00e0 di\u00a0<strong>apportare modifiche allo stile per assicurarsi di ottenere esattamente ci\u00f2 che si desidera.\u00a0<\/strong>Accogliamo con piacere le vostre risposte e perfezioneremo il progetto fino a soddisfare la vostra assoluta autorizzazione.<\/p>\n<h3 id=\"beyond-the-retail-counter-a-stand-for-every-event\">Oltre il banco di vendita al dettaglio: Uno stand per ogni evento<\/h3>\n<p>Sebbene sia il migliore per la vendita al dettaglio, l'applicazione del nostro\u00a0<strong>visualizzare i proprietari dello schermo\u00a0<\/strong>si estende molto oltre la facciata del negozio.<\/p>\n<ul>\n<li><strong>Per il collezionista esigente:\u00a0<\/strong>Questo\u00a0<strong>enjoy storage space stand \u00e8 prodotto per i proprietari di orologi che riconoscono che un orologio, un supporto per la vista o un dispositivo per la conservazione degli orologi \u00e8 essenziale.\u00a0<\/strong>Per chi ha curato una collezione di orologi di pregio, i nostri supporti offrono uno schermo espositivo di qualit\u00e0 museale per la casa o l'ufficio. Proteggono il vostro investimento finanziario da cima a fondo e lo mettono in mostra come un'opera d'arte.<\/li>\n<li><strong>Il regalo perfetto:\u00a0<\/strong>Un supporto per orologi in acrilico su misura \u00e8\u00a0<strong>un regalo meraviglioso per i membri della famiglia, gli amanti, gli amici, i familiari e gli associati per farvi stupire ancora di pi\u00f9.\u00a0<\/strong>Si tratta di un regalo elegante e personale per qualsiasi tipo di fanatico degli orologi, che dimostra di apprezzare il suo interesse e la sua preferenza.<\/li>\n<\/ul>\n<p>Il vostro orologio racconta di lavorazione e precisione. Permetteteci di aiutarvi a dare a questa storia il giusto risalto. Mettetevi in contatto con il nostro gruppo di esperti oggi stesso e iniziamo il processo di collaborazione per lo sviluppo di un espositore per orologi in acrilico personalizzato che non si limiter\u00e0 a mostrare i vostri orologi, ma elever\u00e0 il vostro intero marchio.<\/p>","protected":false},"excerpt":{"rendered":"<p>Fate risaltare il vostro marchio con un espositore per orologi in acrilico personalizzato. Con il vostro logo, possiamo aggiungere schermi video interattivi per una soluzione di vendita al dettaglio straordinaria. Scegliete voi il colore, la forma e le dimensioni. I nostri esperti vi aiuteranno a progettare uno stand che catturi l'attenzione e trasformi i clienti in acquirenti.<\/p>","protected":false},"featured_media":475,"template":"","meta":{"_kad_post_transparent":"default","_kad_post_title":"","_kad_post_layout":"default","_kad_post_sidebar_id":"","_kad_post_content_style":"default","_kad_post_vertical_padding":"default","_kad_post_feature":"","_kad_post_feature_position":"","_kad_post_header":false,"_kad_post_footer":false,"_kad_post_classname":""},"product_brand":[],"product_cat":[15],"product_tag":[48,33,46],"class_list":{"0":"post-473","1":"product","2":"type-product","3":"status-publish","4":"has-post-thumbnail","6":"product_cat-custom-acrylic-displays","7":"product_tag-acrylic-watch-display-stands","8":"product_tag-custom-acrylic-display","9":"product_tag-custom-acrylic-display-stands","11":"first","12":"instock","13":"shipping-taxable","14":"product-type-simple","15":"entry","16":"content-bg","17":"loop-entry"},"_links":{"self":[{"href":"https:\/\/customacrylicproduct.com\/it\/wp-json\/wp\/v2\/product\/473","targetHints":{"allow":["GET"]}}],"collection":[{"href":"https:\/\/customacrylicproduct.com\/it\/wp-json\/wp\/v2\/product"}],"about":[{"href":"https:\/\/customacrylicproduct.com\/it\/wp-json\/wp\/v2\/types\/product"}],"wp:featuredmedia":[{"embeddable":true,"href":"https:\/\/customacrylicproduct.com\/it\/wp-json\/wp\/v2\/media\/475"}],"wp:attachment":[{"href":"https:\/\/customacrylicproduct.com\/it\/wp-json\/wp\/v2\/media?parent=473"}],"wp:term":[{"taxonomy":"product_brand","embeddable":true,"href":"https:\/\/customacrylicproduct.com\/it\/wp-json\/wp\/v2\/product_brand?post=473"},{"taxonomy":"product_cat","embeddable":true,"href":"https:\/\/customacrylicproduct.com\/it\/wp-json\/wp\/v2\/product_cat?post=473"},{"taxonomy":"product_tag","embeddable":true,"href":"https:\/\/customacrylicproduct.com\/it\/wp-json\/wp\/v2\/product_tag?post=473"}],"curies":[{"name":"wp","href":"https:\/\/api.w.org\/{rel}","templated":true}]}}