{"id":479,"date":"2025-07-03T03:28:21","date_gmt":"2025-07-03T03:28:21","guid":{"rendered":"https:\/\/customacrylicproduct.com\/?post_type=product&#038;p=479"},"modified":"2025-07-03T06:43:32","modified_gmt":"2025-07-03T06:43:32","slug":"private-label-colored-acrylic-gift-storage-square-boxes","status":"publish","type":"product","link":"https:\/\/customacrylicproduct.com\/it\/private-label-colored-acrylic-gift-storage-square-boxes\/","title":{"rendered":"Etichetta privata Scatole quadrate acriliche colorate per lo stoccaggio dei regali"},"content":{"rendered":"<h3 id=\"-unbox-radiance-presenting-our-private-tag-colored-polymer-present-storage-space-boxes-where-clarity-fulfills-creative-thinking-\"><strong>Unbox Radiance: Presentiamo la nostra etichetta privata di scatole per regali e spazi di archiviazione in polimero colorato, dove la chiarezza si traduce in pensiero creativo.\u00a0<\/strong>.<\/h3>\n<p>In un mondo saturo di mode effimere e di oggetti non riutilizzabili, si sta espandendo il desiderio di oggetti che non siano solo utili, ma anche belli, duraturi e profondamente personali. Cerchiamo di mettere ordine nel nostro caos, di elevare i nostri rituali quotidiani e di offrire i nostri regali e prodotti pi\u00f9 preziosi in un modo che rispecchi veramente il loro valore. \u00c8 da questa esigenza che nasce la nostra collezione leader di etichette personali in polimero colorato. <a href=\"https:\/\/customacrylicproduct.com\/it\/best-quality-wholesale-customized-acrylic-storage-boxes\/\">Spazio di archiviazione Scatole quadrate<\/a> una sinfonia di colori, chiarezza e maestria artigianale progettata per trasformare il normale in straordinario.<\/p>\n<p>Che siate un marchio che cerca di produrre un packaging straordinario per un prodotto, un negozio che cura un paravento innovativo o uno specifico design che organizza un rifugio personale, i nostri <a href=\"https:\/\/customacrylicproduct.com\/it\/best-quality-wholesale-customized-acrylic-storage-boxes\/\">scatole in acrilico<\/a> offrono una tela per il vostro pensiero creativo. Sono una dichiarazione di alta qualit\u00e0, un impegno all'eleganza e un utile rimedio alle moderne sfide di spazio e presentazione. Scoprite insieme a noi le eccezionali qualit\u00e0 che fanno dei nostri <a href=\"https:\/\/customacrylicproduct.com\/it\/best-quality-wholesale-customized-acrylic-storage-boxes\/\">scatole in acrilico<\/a> la scelta pi\u00f9 chiara per chi non vuole scendere a compromessi sul design o sui materiali.<\/p>\n<h4 id=\"-1-the-essence-of-excellence-the-unequaled-top-quality-of-our-polymer-\"><strong>1. L'essenza dell'eccellenza: L'ineguagliabile qualit\u00e0 del nostro polimero\u00a0<\/strong>.<\/h4>\n<p>Il fondamento di ogni prodotto straordinario sta nel suo materiale. Abbiamo scelto l'acrilico di prima qualit\u00e0 per il suo mix unico di eleganza visiva e robustezza, per garantire che ogni scatola sia un investimento finanziario di qualit\u00e0 duraturo.<\/p>\n<ul>\n<li><strong>Trasparenza cristallina ed efficienza delle sfumature:\u00a0<\/strong>Il cuore del fascino del nostro acrilico \u00e8 la sua qualit\u00e0 mozzafiato. Con un tasso di trasmittanza luminosa superiore a 92%, \u00e8 pari alla purezza del vetro ottico e consente alla luce di danzare attraverso la sua struttura. L'impatto \u00e8 un bagliore morbido e luminoso che illumina i materiali all'interno, mostrandoli nel loro aspetto pi\u00f9 autentico senza distorsioni. Tuttavia, la chiarezza \u00e8 solo met\u00e0 della storia. Grazie a un preciso processo di tintura, si apre un vibrante spettro di possibilit\u00e0. Da un rosso ardente e passionale a un blu pacifico e rilassante, da un verde energico a un viola regale, la nostra gamma di tonalit\u00e0 \u00e8 varia quanto la vostra creativit\u00e0. Questa duplice capacit\u00e0 ha un duplice obiettivo: offrire un immediato piacere estetico e fornire un sistema utile per l'organizzazione del codice colore, rendendo semplice la classificazione di tutto, dalle tonalit\u00e0 del rossetto alle forniture per ufficio.<\/li>\n<li><strong>Una resilienza senza pari per una sicurezza duratura:\u00a0<\/strong>Le nostre scatole in acrilico sono progettate per resistere ai rigori della vita quotidiana. Vantano una resistenza all'influenza\u00a0<strong>16 volte superiore a quello del vetro comune\u00a0<\/strong>, utilizzano un'opzione antisfondamento che \u00e8 al tempo stesso sicura e affidabile. Questa durabilit\u00e0 li rende ideali per le atmosfere movimentate dei negozi, per le famiglie attive e persino per le aree pubbliche. Inoltre, il nostro acrilico \u00e8 incredibilmente resistente all'usura e dimostra una difesa superiore contro i comuni agenti corrosivi come acidi e alcali. A differenza dei materiali inferiori che ingialliscono, si deformano o si indeboliscono gradualmente, le nostre scatole mantengono la loro onest\u00e0 strutturale e il loro bell'aspetto per diversi anni, rendendole ideali per applicazioni sia in interni che in esterni, senza il rischio che si distruggano.<\/li>\n<li><strong>Leggero naturalmente, responsabile deliberatamente:\u00a0<\/strong>Nonostante la sua natura resistente, l'acrilico \u00e8 straordinariamente leggero, valutando solo la met\u00e0 del vetro. Questo riduce significativamente il problema e il prezzo del trasporto e della spedizione, un vantaggio vitale per i nostri clienti. Per l'utente finale, significa che le nostre scatole sono semplici da gestire, spostare e riorganizzare. In un periodo di crescente consapevolezza ambientale, siamo orgogliosi che il nostro polimero sia un prodotto completamente riciclabile. Scegliendo i nostri prodotti, optate per una raffinatezza duratura, un rimedio bello e in linea con l'impegno a proteggere il nostro mondo.<\/li>\n<\/ul>\n<p><a href=\"https:\/\/customacrylicproduct.com\/it\/private-label-colored-acrylic-gift-storage-square-boxes\/\"><img fetchpriority=\"high\" decoding=\"async\" class=\"wp-image-483 size-full aligncenter\" src=\"https:\/\/customacrylicproduct.com\/wp-content\/uploads\/2025\/07\/Colored-Acrylic-Boxes-4.jpg\" alt=\"Scatole acriliche colorate\" width=\"800\" height=\"800\" srcset=\"https:\/\/customacrylicproduct.com\/wp-content\/uploads\/2025\/07\/Colored-Acrylic-Boxes-4.jpg 800w, https:\/\/customacrylicproduct.com\/wp-content\/uploads\/2025\/07\/Colored-Acrylic-Boxes-4-300x300.jpg 300w, https:\/\/customacrylicproduct.com\/wp-content\/uploads\/2025\/07\/Colored-Acrylic-Boxes-4-150x150.jpg 150w, https:\/\/customacrylicproduct.com\/wp-content\/uploads\/2025\/07\/Colored-Acrylic-Boxes-4-768x768.jpg 768w, https:\/\/customacrylicproduct.com\/wp-content\/uploads\/2025\/07\/Colored-Acrylic-Boxes-4-12x12.jpg 12w, https:\/\/customacrylicproduct.com\/wp-content\/uploads\/2025\/07\/Colored-Acrylic-Boxes-4-600x600.jpg 600w, https:\/\/customacrylicproduct.com\/wp-content\/uploads\/2025\/07\/Colored-Acrylic-Boxes-4-100x100.jpg 100w\" sizes=\"(max-width: 800px) 100vw, 800px\" \/><\/a><\/p>\n<h4 id=\"-2-from-principle-to-creation-the-art-of-bespoke-style-\"><strong>2. Dal principio alla creazione: L'arte dello stile su misura\u00a0<\/strong>.<\/h4>\n<p>Una scatola non \u00e8 mai semplicemente una scatola. \u00c8 una forma di costruzione, un pezzo di layout che deve essere unico come i prodotti che contiene o il marchio che rappresenta. I nostri sofisticati processi di produzione vi permettono di superare le forme comuni e di sviluppare un prodotto realmente personalizzato.<\/p>\n<ul>\n<li><strong>Versatilit\u00e0 strutturale illimitata:\u00a0<\/strong>La vostra visione \u00e8 il nostro progetto. Sfruttando tecnologie moderne e all'avanguardia come la precisione\u00a0<strong>Taglio laser, flessione morbida e calda e strato protettivo UV\u00a0<\/strong>, possiamo dare vita anche a uno degli stili pi\u00f9 complessi. Mentre l'intramontabile tipo quadrato fornisce un fascino senza tempo, siamo in grado di realizzare strutture elaborate e personalizzate in base a richieste particolari. Immaginate un coordinatore a pi\u00f9 livelli e a gradini che presenta una collezione di rossetti come una tribuna, una scatola liscia a forma di capsula per preziosi gioielli di moda, o un vassoio a scomparti con fessure fresate su misura per pennelli e strumenti per il trucco. L'unico limite \u00e8 la vostra creativit\u00e0.<\/li>\n<li><strong>Una sinfonia di trattamenti di superficie:\u00a0<\/strong>La consistenza tattile ed estetica di un oggetto influisce notevolmente sul suo valore percepito. Forniamo una serie di trattamenti della superficie per migliorare l'estetica e creare un'esperienza multisensoriale.<\/li>\n<li><strong>Elegante:\u00a0<\/strong>La nostra tipica finitura lucida \u00e8 perfettamente liscia e trasparente, creando un risultato simile al vetro che sfrutta al meglio la trasparenza e riflette magnificamente la luce.<\/li>\n<li><strong>Smerigliato:\u00a0<\/strong>Per un tocco di sobria eleganza, la nostra superficie smerigliata offre una struttura vaporosa e soft-focus. Copre parzialmente il contenuto, creando un senso di aura e diffondendo perfettamente la luce.<\/li>\n<li><strong>Texture:\u00a0<\/strong>Per aggiungere una misura artistica distintiva, possiamo incorporare direttamente nella superficie acrilica eleganti motivi a strisce o un moderno aspetto a nido d'ape, sviluppando un vibrante gioco di luci e ombre che chiede di essere toccato.<\/li>\n<li><strong>Integrazione ponderata degli accessori:\u00a0<\/strong>Il vero lusso si trova nelle informazioni. Abbiamo pensato a ogni aspetto della funzionalit\u00e0, includendo una collezione di accessori funzionali. Scegliete un\u00a0<strong>coperchio flip-cover antipolvere\u00a0<\/strong>per fissare i materiali utili, alcuni con chiusure magnetiche e silenziose. Optate per\u00a0<strong>guide di scorrimento scorrevoli per cassetti\u00a0<\/strong>per un'accessibilit\u00e0 senza sforzo negli organizer a pi\u00f9 livelli. E per garantire la stabilit\u00e0, possiamo aggiungere un discreto\u00a0<strong>pattini antisdrucciolo in gomma\u00a0<\/strong>alla base, garantendo che la scatola rimanga in posizione sicura su qualsiasi tipo di superficie.<\/li>\n<\/ul>\n<p><a href=\"https:\/\/customacrylicproduct.com\/it\/private-label-colored-acrylic-gift-storage-square-boxes\/\"><img decoding=\"async\" class=\"aligncenter wp-image-480 size-full\" src=\"https:\/\/customacrylicproduct.com\/wp-content\/uploads\/2025\/07\/Colored-Acrylic-Boxes-1.jpg\" alt=\"Scatole acriliche colorate\" width=\"800\" height=\"800\" srcset=\"https:\/\/customacrylicproduct.com\/wp-content\/uploads\/2025\/07\/Colored-Acrylic-Boxes-1.jpg 800w, https:\/\/customacrylicproduct.com\/wp-content\/uploads\/2025\/07\/Colored-Acrylic-Boxes-1-300x300.jpg 300w, https:\/\/customacrylicproduct.com\/wp-content\/uploads\/2025\/07\/Colored-Acrylic-Boxes-1-150x150.jpg 150w, https:\/\/customacrylicproduct.com\/wp-content\/uploads\/2025\/07\/Colored-Acrylic-Boxes-1-768x768.jpg 768w, https:\/\/customacrylicproduct.com\/wp-content\/uploads\/2025\/07\/Colored-Acrylic-Boxes-1-12x12.jpg 12w, https:\/\/customacrylicproduct.com\/wp-content\/uploads\/2025\/07\/Colored-Acrylic-Boxes-1-600x600.jpg 600w, https:\/\/customacrylicproduct.com\/wp-content\/uploads\/2025\/07\/Colored-Acrylic-Boxes-1-100x100.jpg 100w\" sizes=\"(max-width: 800px) 100vw, 800px\" \/><\/a><\/p>\n<h4 id=\"-3-past-package-infinite-opportunities-for-organization-show-\"><strong>3. Pacchetto passato: infinite opportunit\u00e0 per l'organizzazione e l'esposizione\u00a0<\/strong>.<\/h4>\n<p>La comodit\u00e0 del nostro <a href=\"https:\/\/customacrylicproduct.com\/it\/best-quality-wholesale-customized-acrylic-storage-boxes\/\">scatole in acrilico<\/a> li rende uno strumento importante in un'ampia gamma di applicazioni, combinando in modo impeccabile l'energia con un'estetica di alto livello.<\/p>\n<ul>\n<li><strong>La soluzione definitiva per l'archiviazione e l'organizzazione:\u00a0<\/strong>Trasformate il disordine in una collezione curata. Le nostre scatole sono ampiamente riconosciute come la scelta migliore per sistemare piccoli oggetti di valore inestimabile. Per i fanatici del fascino, sono una magnifica dimora per\u00a0<strong>cosmetici\u00a0<\/strong>, Per i professionisti, le palette di ombretti, i rossetti e i fondotinta sono un elemento di ordine. Per i professionisti, mettono ordine\u00a0<strong>cancelleria\u00a0<\/strong>, penne e dispositivi da tavolo. Per l'agenzia di riscossione, forniscono un deposito privo di rischi e di grande impatto per i documenti.\u00a0<strong>gioielli preziosi\u00a0<\/strong>, orologi e souvenir. I design chiari o colorati eliminano la frenesia della ricerca, trasformando la routine quotidiana di trovare ci\u00f2 che serve in un minuto di semplice calma.<\/li>\n<li><strong>Spettacolo emozionante e costi di imballaggio:\u00a0<\/strong>La prima impressione \u00e8 fondamentale. La fenomenale trasmittanza della luce del nostro acrilico lo rende il prodotto adatto per\u00a0<strong>confezioni per prodotti da esposizione\u00a0<\/strong>. I commercianti possono elevare il loro prodotto, trasformando un semplice oggetto in una cosa di alto valore. Un gioiello prezioso racchiuso in una scatola di polimeri colorati diventa un capolavoro. Una statuetta da collezione trova una vetrina di qualit\u00e0 museale. Un regalo di lusso non viene semplicemente offerto, ma offerto in modo cerimonioso. Le nostre scatole aumentano la qualit\u00e0 dei vostri prodotti, affascinando i clienti e stimolando le vendite.<\/li>\n<li><strong>Ottimizzazione ingegnosa dell'area:\u00a0<\/strong>Nell'abitare contemporaneo, la superficie \u00e8 un elemento di spicco. I nostri modelli sono progettati per aiutarvi a sfruttare ogni centimetro quadrato. La forma uniforme e modulare delle nostre scatole quadrate permette di\u00a0<strong>accatastamento costante\u00a0<\/strong>, sviluppando eleganti torri verticali di stoccaggio su un tavolo o uno scaffale per abiti. Progettiamo inoltre\u00a0<strong>versioni montabili a parete\u00a0<\/strong>, Come gli eleganti copri scatole per fazzoletti o le mensole di comando a pulsante, che liberano preziose superfici d'appoggio in ambienti piccoli come bagni, ingressi e luoghi di lavoro.<\/li>\n<\/ul>\n<h4 id=\"-4-precision-in-every-measurement-customizing-to-your-exact-demands-\"><strong>4. Precisione in ogni misura: Personalizzazione in base alle vostre esatte esigenze\u00a0<\/strong>.<\/h4>\n<p>Siamo consapevoli che una dimensione non va bene per tutti. Il nostro impegno per la personalizzazione raggiunge le specifiche tecniche di ogni scatola, garantendo un'eccellente adattabilit\u00e0 al vostro progetto.<\/p>\n<ul>\n<li><strong>Dimensione e densit\u00e0 regolabili:\u00a0<\/strong>Forniamo una serie sostanziale di densit\u00e0 di prodotto, da un delicato\u00a0<strong>1 mm\u00a0<\/strong>per le applicazioni leggere ad una significativa\u00a0<strong>50 mm\u00a0<\/strong>per un'estetica decisa e robusta. Per progetti speciali, spessori personalizzati di circa\u00a0<strong>100 mm\u00a0<\/strong>pu\u00f2 essere raggiunta. Lavoriamo con grandi tavole convenzionali (ad es,\u00a0<strong>1220 \u00d7 2440 mm, 2050 \u00d7 3050 mm\u00a0<\/strong>), che ci permette di generare scatole complete di qualsiasi dimensione, da una piccola scatola per anelli a una grande scatola per dischi.<\/li>\n<li><strong>Un mondo di colori e luci:\u00a0<\/strong>Il nostro sistema di colori \u00e8 stato sviluppato per garantire la massima flessibilit\u00e0 immaginativa. Scegliete tra\u00a0<strong>trasparenti, trasparenti (semiopachi) e completamente opachi\u00a0<\/strong>alternative. Scoprite il nostro\u00a0<strong>sistemi monocolore e bicolore\u00a0<\/strong>, o di fare una dichiarazione davvero unica con i polimeri ad effetto speciale che contengono\u00a0<strong>bit fluorescenti\u00a0<\/strong>o mostrare un'incantevole\u00a0<strong>variazioni di tonalit\u00e0 sfumate\u00a0<\/strong>. Ci\u00f2 consente di abbinare perfettamente l'identificazione del marchio, l'arredamento o il design personale.<\/li>\n<li><strong>Progettato per sostenere il carico e la sicurezza:\u00a0<\/strong>Oltre alla sua eleganza, l'acrilico \u00e8 un polimero ad alte prestazioni. La sua robustezza integrale gli permette di sopportare pesi importanti senza ansia o contorsioni. Inoltre, nell'improbabile caso di un forte impatto che provochi un danno, l'acrilico \u00e8 in grado di sopportare un peso significativo senza ansia o contorsioni.\u00a0<strong>non si rovina in frammenti taglienti e pericolosi\u00a0<\/strong>come il vetro. Questa funzione di sicurezza rende le nostre scatole un'opzione eccezionale per ambienti con bambini, luoghi pubblici ad alto traffico e negozi in cui la sicurezza dei clienti \u00e8 estremamente importante.<\/li>\n<\/ul>\n<h4 id=\"-5-uncomplicated-beauty-a-seamless-user-experience-\"><strong>5. Bellezza senza complicazioni: Un'esperienza utente senza soluzione di continuit\u00e0\u00a0<\/strong>.<\/h4>\n<p>Un oggetto ha successo solo se \u00e8 piacevole da usare. Abbiamo realizzato meticolosamente le nostre scatole in acrilico per essere tanto semplici e senza manutenzione quanto belle.<\/p>\n<ul>\n<li><strong>Facile da usare:\u00a0<\/strong>I nostri progetti sono incentrati sui vostri rituali quotidiani. A\u00a0<strong>scatola a cassetti\u00a0<\/strong>si apre con uno scorrimento fluido e soddisfacente. A\u00a0<strong>coperchio flip-top\u00a0<\/strong>si apre e si chiude con praticit\u00e0, garantendo un accesso immediato e proteggendo il contenuto. Le superfici sono estremamente\u00a0<strong>semplice da pulire\u00a0<\/strong>; Per rimuovere polvere e impronte digitali \u00e8 sufficiente una semplice pulizia con un panno morbido e umido, per ripristinare in pochi secondi la sua immacolata brillantezza.<\/li>\n<li><strong>Risolvere i problemi del mondo reale:\u00a0<\/strong>Le nostre scatole sono create per essere rimediate. Il\u00a0<strong>a prova di polvere e umidit\u00e0\u00a0<\/strong>Le custodie offrono uno scudo protettivo per i vostri oggetti di valore, dai cosmetici costosi ai dispositivi elettronici sensibili, dai file essenziali ai ricordi pi\u00f9 preziosi. La natura trasparente del prodotto\u00a0<strong>riduce notevolmente il tempo di navigazione\u00a0<\/strong>, aumentando le prestazioni quotidiane e riducendo l'irritazione. Si tratta di un piccolo cambiamento che ha un grande effetto sulla qualit\u00e0 della vita.<\/li>\n<li><strong>Prendersi cura del proprio investimento:\u00a0<\/strong>Per garantire una bellezza a vita, consigliamo un paio di semplici misure di sicurezza. Evitare di mettere le scatole in ambienti ad alta temperatura, poich\u00e9 il polimero pu\u00f2 deformarsi se esposto a calore estremo. Proteggere la superficie fin dalla prima pagina, evitando il contatto con oggetti taglienti o abrasivi. Sebbene il nostro acrilico sia dotato di protezione contro i raggi UV, un'esposizione diretta e prolungata ai raggi solari intensi potrebbe causare lo sbiadimento di alcune tonalit\u00e0.<\/li>\n<\/ul>\n<p><a href=\"https:\/\/customacrylicproduct.com\/it\/private-label-colored-acrylic-gift-storage-square-boxes\/\"><img decoding=\"async\" class=\"aligncenter wp-image-482 size-full\" src=\"https:\/\/customacrylicproduct.com\/wp-content\/uploads\/2025\/07\/Colored-Acrylic-Boxes-3.jpg\" alt=\"Scatole acriliche colorate\" width=\"800\" height=\"800\" srcset=\"https:\/\/customacrylicproduct.com\/wp-content\/uploads\/2025\/07\/Colored-Acrylic-Boxes-3.jpg 800w, https:\/\/customacrylicproduct.com\/wp-content\/uploads\/2025\/07\/Colored-Acrylic-Boxes-3-300x300.jpg 300w, https:\/\/customacrylicproduct.com\/wp-content\/uploads\/2025\/07\/Colored-Acrylic-Boxes-3-150x150.jpg 150w, https:\/\/customacrylicproduct.com\/wp-content\/uploads\/2025\/07\/Colored-Acrylic-Boxes-3-768x768.jpg 768w, https:\/\/customacrylicproduct.com\/wp-content\/uploads\/2025\/07\/Colored-Acrylic-Boxes-3-12x12.jpg 12w, https:\/\/customacrylicproduct.com\/wp-content\/uploads\/2025\/07\/Colored-Acrylic-Boxes-3-600x600.jpg 600w, https:\/\/customacrylicproduct.com\/wp-content\/uploads\/2025\/07\/Colored-Acrylic-Boxes-3-100x100.jpg 100w\" sizes=\"(max-width: 800px) 100vw, 800px\" \/><\/a><\/p>\n<h4 id=\"-6-your-brand-name-brilliantly-stood-for-our-personal-label-partnership-\"><strong>6. Il nome del vostro marchio, brillantemente rappresentato: La nostra partnership con le etichette personali\u00a0<\/strong>.<\/h4>\n<p>Siamo pi\u00f9 di un distributore: siamo il vostro partner strategico nella produzione di prodotti notevoli. La nostra soluzione di personal label \u00e8 stata sviluppata per portare l'identificazione del vostro marchio all'avanguardia con una qualit\u00e0 e una modifica senza pari.<\/p>\n<ul>\n<li><strong>Destinato a un pubblico esigente:\u00a0<\/strong>Ci rivolgiamo a clienti che apprezzano la qualit\u00e0 e il design. Il nostro pubblico di riferimento \u00e8 composto da\u00a0<strong>famiglie giovani e moderne\u00a0<\/strong>si \u00e8 concentrata sulla produzione di soluzioni di archiviazione efficaci e di tendenza;\u00a0<strong>commercianti di beni lungimiranti\u00a0<\/strong>e i marchi dell'e-commerce che riconoscono che il costo del packaging dei prodotti spinge le vendite; e\u00a0<strong>progettisti culturali e creativi visionari\u00a0<\/strong>che richiedono uno strumento di alto livello per le loro espressioni fantasiose.<\/li>\n<li><strong>Modifica completa per il vostro marchio:\u00a0<\/strong>Il nome del vostro marchio \u00e8 speciale e anche la vostra confezione dovrebbe esserlo. Forniamo modifiche di livello aziendale per garantire che il vostro articolo sia inconfondibilmente vostro. Questo include\u00a0<strong>stampa o incisione di precisione del logo\u00a0<\/strong>, stampato su misura\u00a0<strong>grafiche e modelli\u00a0<\/strong>, e stili di scatole completamente personalizzati. Per rendere disponibili le nostre soluzioni premium, il nostro\u00a0<strong>l'importo minimo dell'ordine (MOQ) pu\u00f2 essere di soli 100 pezzi\u00a0<\/strong>. Allo stesso modo diamo\u00a0<strong>servizi campione\u00a0<\/strong>, permettendovi di vedere e toccare con mano la massima qualit\u00e0 prima di dedicarvi a un ordine pi\u00f9 consistente.<\/li>\n<li><strong>Straordinaria efficacia dei costi e valore a lungo termine:\u00a0<\/strong>Sebbene il primo investimento in acrilico possa essere pi\u00f9 elevato rispetto alla plastica o al vetro comune, il suo valore a lungo termine \u00e8 decisamente eccezionale. L'eccezionale longevit\u00e0 suggerisce una vita del prodotto molto pi\u00f9 lunga, senza bisogno di continue sostituzioni. L'estetica classica garantisce che non passer\u00e0 mai di moda. Per i marchi, si tratta di un investimento nella comprensione del marchio, nell'impegno del cliente e in un'esperienza di unboxing eccezionale. Non si tratta solo di un prezzo, ma di un possesso che paga in termini di qualit\u00e0 e differenza.<\/li>\n<\/ul>\n<p><strong>Iniziate il vostro viaggio con noi oggi stesso. Chiamate i nostri consulenti di stile per esaminare la vostra visione, richiedere un esempio personalizzato e scoprire come le nostre scatole in polimeri colorati Private Tag possono incorniciare i vostri oggetti, organizzare la vostra vita e raccontare la vostra storia con colori brillanti e vivi.\u00a0<\/strong>.<\/p>","protected":false},"excerpt":{"rendered":"<p class=\"ng-star-inserted\"><span class=\"ng-star-inserted\">Elevate il vostro marchio con le nostre scatole quadrate in acrilico a marchio privato. Realizzate in acrilico colorato da 3 mm di alta qualit\u00e0, offrono una conservazione durevole ed elegante per regali, cosmetici e altro ancora. Una soluzione versatile e di qualit\u00e0 per far risaltare i vostri prodotti. Personalizzate con il vostro logo e i colori del vostro marchio.<\/span><\/p>","protected":false},"featured_media":481,"template":"","meta":{"_kad_post_transparent":"default","_kad_post_title":"","_kad_post_layout":"default","_kad_post_sidebar_id":"","_kad_post_content_style":"default","_kad_post_vertical_padding":"default","_kad_post_feature":"","_kad_post_feature_position":"","_kad_post_header":false,"_kad_post_footer":false,"_kad_post_classname":""},"product_brand":[],"product_cat":[17],"product_tag":[44,49,45],"class_list":{"0":"post-479","1":"product","2":"type-product","3":"status-publish","4":"has-post-thumbnail","6":"product_cat-custom-acrylic-boxes","7":"product_tag-acrylic-storage-boxes","8":"product_tag-colored-acrylic-boxes","9":"product_tag-customized-acrylic-boxes","11":"first","12":"instock","13":"shipping-taxable","14":"product-type-simple","15":"entry","16":"content-bg","17":"loop-entry"},"_links":{"self":[{"href":"https:\/\/customacrylicproduct.com\/it\/wp-json\/wp\/v2\/product\/479","targetHints":{"allow":["GET"]}}],"collection":[{"href":"https:\/\/customacrylicproduct.com\/it\/wp-json\/wp\/v2\/product"}],"about":[{"href":"https:\/\/customacrylicproduct.com\/it\/wp-json\/wp\/v2\/types\/product"}],"wp:featuredmedia":[{"embeddable":true,"href":"https:\/\/customacrylicproduct.com\/it\/wp-json\/wp\/v2\/media\/481"}],"wp:attachment":[{"href":"https:\/\/customacrylicproduct.com\/it\/wp-json\/wp\/v2\/media?parent=479"}],"wp:term":[{"taxonomy":"product_brand","embeddable":true,"href":"https:\/\/customacrylicproduct.com\/it\/wp-json\/wp\/v2\/product_brand?post=479"},{"taxonomy":"product_cat","embeddable":true,"href":"https:\/\/customacrylicproduct.com\/it\/wp-json\/wp\/v2\/product_cat?post=479"},{"taxonomy":"product_tag","embeddable":true,"href":"https:\/\/customacrylicproduct.com\/it\/wp-json\/wp\/v2\/product_tag?post=479"}],"curies":[{"name":"wp","href":"https:\/\/api.w.org\/{rel}","templated":true}]}}