{"id":486,"date":"2025-07-03T06:59:27","date_gmt":"2025-07-03T06:59:27","guid":{"rendered":"https:\/\/customacrylicproduct.com\/?post_type=product&#038;p=486"},"modified":"2025-07-03T07:35:22","modified_gmt":"2025-07-03T07:35:22","slug":"custom-printed-engraved-led-luminous-acrylic-signs-supplier","status":"publish","type":"product","link":"https:\/\/customacrylicproduct.com\/it\/custom-printed-engraved-led-luminous-acrylic-signs-supplier\/","title":{"rendered":"Personalizzato stampato inciso LED luminoso acrilico segni fornitore"},"content":{"rendered":"<h3 id=\"-illuminate-your-vision-the-definitive-overview-to-custom-engraved-printed-led-acrylic-indications-\"><strong>Illuminate la vostra visione: La panoramica definitiva sulle indicazioni acriliche a LED incise e stampate su misura\u00a0<\/strong>.<\/h3>\n<p>In un mondo saturo di rumori visivi, per catturare l'attenzione occorre qualcosa di pi\u00f9 di un semplice messaggio: \u00e8 necessario uno strumento che sia grande e vibrante come il vostro marchio. La segnaletica standard ha una sua funzione, ma per attirare davvero l'attenzione, creare un'atmosfera degna di nota ed entrare in contatto con il pubblico a livello emotivo, \u00e8 necessario il potere accattivante della luce.<\/p>\n<p>Entriamo nel futuro dell'illuminazione:\u00a0<strong>Stampati e incisi su misura <a href=\"https:\/\/customacrylicproduct.com\/it\/custom-printed-engraved-led-luminous-acrylic-signs-supplier\/\">Insegne in polimero luminescente a LED<\/a>\u00a0<\/strong>. In qualit\u00e0 di fornitore leader, siamo specializzati nel trasformare i vostri loghi, disegni e messaggi in capolavori sensazionali che risplendono con la loro funzionalit\u00e0. Unendo tecnologia all'avanguardia e lavorazione su misura, le nostre insegne utilizzano un'opzione innovativa, duratura ed efficiente dal punto di vista energetico rispetto alle scelte tipiche, consentendovi di illuminare il vostro mondo, sempre e ovunque.<\/p>\n<h4 id=\"-the-modern-advancement-beyond-conventional-glass-neon-\"><strong>Il progresso moderno: Oltre il neon di vetro convenzionale\u00a0<\/strong>.<\/h4>\n<p>Per anni, l'intramontabile ronzio e il bagliore delle indicazioni al neon in vetro sono stati sinonimo di una vivace vita notturna e di un'audace pubblicit\u00e0 e marketing. Tuttavia, questo fascino classico presenta notevoli svantaggi: delicatezza, elevato consumo di energia, problemi di sicurezza legati all'alta tensione e manutenzione costosa.<\/p>\n<p>Il nostro <a href=\"https:\/\/customacrylicproduct.com\/it\/custom-printed-engraved-led-luminous-acrylic-signs-supplier\/\">Acrilico luminoso a LED<\/a> Gli indicatori sono realizzati per offrire tutta l'influenza visiva del neon senza alcuna delle sue limitazioni. Questo \u00e8 il nuovo criterio per un'illuminazione brillante, priva di rischi e duratura.<\/p>\n<ul>\n<li><strong>Una resistenza ineguagliabile:\u00a0<\/strong>Invece di tubi di vetro che si rompono, i nostri cartelli sono realizzati con un pannello posteriore in acrilico di alta qualit\u00e0, resistente ai frantumi. Questo li rende estremamente resistenti e sicuri per l'uso in luoghi ad alto traffico, dai negozi pi\u00f9 frequentati agli eventi pi\u00f9 dinamici.<\/li>\n<li><strong>Maggiore sicurezza e protezione:\u00a0<\/strong>Grazie all'ingresso USB a bassa tensione, le nostre insegne sono incredibili al tatto ed eliminano i rischi legati ai trasformatori ad alta tensione e ai vetri fragili. Sono un'opzione molto pi\u00f9 sicura per le case, le aziende e le aree pubbliche, in particolare dove potrebbero esserci dei giovani.<\/li>\n<li><strong>Eco-compatibile e a basso consumo energetico:\u00a0<\/strong>Utilizziamo la tecnologia dei tubi LED di nuova generazione incorporati nel silicone elegante o che illuminano direttamente l'acrilico. I LED consumano una parte dell'energia dei neon tradizionali, riducendo notevolmente le spese per l'energia elettrica e l'impronta di carbonio. Con un'aspettativa di vita di oltre 50.000 ore, queste insegne sono un investimento sostenibile a lungo termine.<\/li>\n<li><strong>Funzionamento silenzioso e impeccabile:\u00a0<\/strong>Trascurate il costante ronzio e lo sfarfallio delle vecchie indicazioni. La nostra tecnologia LED fornisce una luce pura, silenziosa e regolare che valorizza l'ambiente senza distrarre dal rumore o dal calore.<\/li>\n<\/ul>\n<p><a href=\"https:\/\/customacrylicproduct.com\/it\/custom-printed-engraved-led-luminous-acrylic-signs-supplier\/\"><img fetchpriority=\"high\" decoding=\"async\" class=\"aligncenter wp-image-487 size-full\" src=\"https:\/\/customacrylicproduct.com\/wp-content\/uploads\/2025\/07\/Custom-Acrylic-Signs-1.jpg\" alt=\"Segni acrilici personalizzati\" width=\"800\" height=\"800\" srcset=\"https:\/\/customacrylicproduct.com\/wp-content\/uploads\/2025\/07\/Custom-Acrylic-Signs-1.jpg 800w, https:\/\/customacrylicproduct.com\/wp-content\/uploads\/2025\/07\/Custom-Acrylic-Signs-1-300x300.jpg 300w, https:\/\/customacrylicproduct.com\/wp-content\/uploads\/2025\/07\/Custom-Acrylic-Signs-1-150x150.jpg 150w, https:\/\/customacrylicproduct.com\/wp-content\/uploads\/2025\/07\/Custom-Acrylic-Signs-1-768x768.jpg 768w, https:\/\/customacrylicproduct.com\/wp-content\/uploads\/2025\/07\/Custom-Acrylic-Signs-1-12x12.jpg 12w, https:\/\/customacrylicproduct.com\/wp-content\/uploads\/2025\/07\/Custom-Acrylic-Signs-1-600x600.jpg 600w, https:\/\/customacrylicproduct.com\/wp-content\/uploads\/2025\/07\/Custom-Acrylic-Signs-1-100x100.jpg 100w\" sizes=\"(max-width: 800px) 100vw, 800px\" \/><\/a><\/p>\n<h4 id=\"-your-vision-brilliantly-understood-the-power-of-personalization-\"><strong>La vostra visione, brillantemente compresa: Il potere della personalizzazione\u00a0<\/strong>.<\/h4>\n<p>Il cuore del nostro servizio \u00e8 la dedizione alla personalizzazione. Non vendiamo semplicemente un prodotto, ma forniamo una tela per la vostra creativit\u00e0. Sia che abbiate bisogno di un singolo pezzo di richiamo o di un ordine in blocco per un'attivit\u00e0 in franchising, la nostra procedura \u00e8 sviluppata per dare vita alla vostra visione distinta con precisione ed estro.<\/p>\n<p><strong>1. Iscrizione laser di precisione:\u00a0<\/strong>. Questa strategia \u00e8 la migliore per sviluppare design nitidi, eleganti e innovativi. I nostri laser ad alta precisione incidono il vostro logo, testo o opera d'arte direttamente sulla superficie del pannello acrilico cristallino. Quando i LED montati sui bordi vengono attivati, la luce viaggia con l'acrilico e si rifrange magnificamente all'interno delle linee incise, facendo risplendere il vostro stile mentre il resto del pannello continua a essere trasparente. In questo modo si ottiene un risultato sensazionale di \u201cdrifting\u201d, come si vede nelle indicazioni dinamiche blu ed ecologiche di \u201cFruit\u201d.<\/p>\n<ul>\n<li><strong>Il migliore per:\u00a0<\/strong>Logo design minimale, indicazioni testuali, wayfinding architettonico, design di luoghi di lavoro professionali e line art dettagliate.<\/li>\n<\/ul>\n<p><strong>2. Stampa UV dinamica:\u00a0<\/strong>. Per gli stili che richiedono sfumature complete, gradienti o informazioni fotografiche, la nostra innovativa tecnologia di stampa UV \u00e8 l'opzione migliore. Possiamo pubblicare la vostra opera d'arte direttamente sulla superficie acrilica con inchiostri che vengono immediatamente polimerizzati dalla luce UV, dando vita a una foto resiliente, resistente ai graffi ed eccezionalmente vibrante. Quando vengono retroilluminate dai nostri potenti LED, le tonalit\u00e0 risultano estremamente luminose, dando vita a un'indicazione che \u00e8 al tempo stesso uno strumento di informazione e un'opera d'arte.<\/p>\n<ul>\n<li><strong>Il migliore per:\u00a0<\/strong>Loghi aziendali a colori, mascotte di alta qualit\u00e0, grafica accurata, schermi pubblicitari e installazioni creative.<\/li>\n<\/ul>\n<p><strong>3. Uno spettro di luce:\u00a0<\/strong>. Scegliete il colore che si adatta perfettamente all'identificazione del vostro marchio o allo stato d'animo preferito. Dal tono freddo e specialistico dell'indicatore celeste alla sensazione fresca e organica dell'ecologico, forniamo un'ampia gamma di alternative di tonalit\u00e0 fisse. Forniamo anche servizi di illuminazione dinamica RGB, che consentono di modificare le tonalit\u00e0, creare effetti di dissolvenza o lampeggiare al ritmo delle canzoni, rendendo la vostra indicazione il punto focale in qualsiasi occasione.<\/p>\n<p><a href=\"https:\/\/customacrylicproduct.com\/it\/custom-printed-engraved-led-luminous-acrylic-signs-supplier\/\"><img decoding=\"async\" class=\"aligncenter wp-image-488 size-full\" src=\"https:\/\/customacrylicproduct.com\/wp-content\/uploads\/2025\/07\/Custom-Acrylic-Signs-2.jpg\" alt=\"Segni acrilici personalizzati\" width=\"800\" height=\"800\" srcset=\"https:\/\/customacrylicproduct.com\/wp-content\/uploads\/2025\/07\/Custom-Acrylic-Signs-2.jpg 800w, https:\/\/customacrylicproduct.com\/wp-content\/uploads\/2025\/07\/Custom-Acrylic-Signs-2-300x300.jpg 300w, https:\/\/customacrylicproduct.com\/wp-content\/uploads\/2025\/07\/Custom-Acrylic-Signs-2-150x150.jpg 150w, https:\/\/customacrylicproduct.com\/wp-content\/uploads\/2025\/07\/Custom-Acrylic-Signs-2-768x768.jpg 768w, https:\/\/customacrylicproduct.com\/wp-content\/uploads\/2025\/07\/Custom-Acrylic-Signs-2-12x12.jpg 12w, https:\/\/customacrylicproduct.com\/wp-content\/uploads\/2025\/07\/Custom-Acrylic-Signs-2-600x600.jpg 600w, https:\/\/customacrylicproduct.com\/wp-content\/uploads\/2025\/07\/Custom-Acrylic-Signs-2-100x100.jpg 100w\" sizes=\"(max-width: 800px) 100vw, 800px\" \/><\/a><\/p>\n<h4 id=\"-superior-deliberately-materials-and-craftsmanship-\"><strong>Superiore deliberatamente: Materiali e artigianato\u00a0<\/strong>.<\/h4>\n<p>Un indicatore \u00e8 paragonabile solo ai materiali con cui \u00e8 realizzato. Noi utilizziamo solo componenti di prima qualit\u00e0 per essere certi che ogni indicatore che produciamo sia un capolavoro di qualit\u00e0 e longevit\u00e0.<\/p>\n<ul>\n<li><strong>Pannello in polimero di grado ottico:\u00a0<\/strong>Utilizziamo un acrilico spesso e cristallino che garantisce una trasmissione e una diffusione della luce superiori. \u00c8 leggero, ma pi\u00f9 potente e molto pi\u00f9 resistente agli urti del vetro, per garantire che la vostra insegna continui a essere eccellente per molti anni a venire. I raffinati bordi sono abilmente rifiniti per sfruttare al massimo la luminosit\u00e0 dei bordi.<\/li>\n<li><strong>Struttura elegante e leggera in alluminio:\u00a0<\/strong>L'indicazione \u00e8 alloggiata in una moderna struttura in alluminio anodizzato leggero. Questa struttura non solo offre integrit\u00e0 strutturale e protegge i componenti LED, ma aggiunge anche un'estetica snella e contemporanea che si integra con qualsiasi design. Il suo stile minimalista garantisce che l'attenzione rimanga sul messaggio illuminato.<\/li>\n<li><strong>Comodo sistema di aggancio:\u00a0<\/strong>Nella struttura in alluminio sono integrati fattori di installazione discreti ma solidi, come i ganci ad occhiello visibili nelle immagini. In questo modo l'installazione \u00e8 semplice, sia che si tratti di sospenderlo al soffitto, sia che si tratti di montarlo a parete o di inserirlo in una vetrina.<\/li>\n<\/ul>\n<h4 id=\"-effortless-integration-easy-procedure-and-installation-\"><strong>Integrazione senza sforzo: Procedura e installazione semplici\u00a0<\/strong>.<\/h4>\n<p>Crediamo che una tecnologia efficace debba essere eccezionalmente facile da usare. Le nostre insegne a LED in acrilico sono state sviluppate per garantire una vera facilit\u00e0 plug-and-play.<\/p>\n<p>Alimentato da un cavo USB standard, l'installazione \u00e8 facile come collegarlo a qualsiasi tipo di porta compatibile, sia essa un computer, un portatile, un istituto di credito o un tipico adattatore USB a parete. Questo sistema a bassa tensione elimina la necessit\u00e0 di cablaggi complessi o di esperti elettrici professionisti, offrendovi la libert\u00e0 di posizionare o spostare l'indicatore in qualsiasi punto vi serva. Questa versatilit\u00e0 rende i nostri indicatori perfetti per esposizioni, negozi pop-up e occasioni in cui la configurazione e lo smontaggio rapidi sono essenziali.<\/p>\n<p><a href=\"https:\/\/customacrylicproduct.com\/it\/custom-acrylic-signs\/\"><img decoding=\"async\" class=\"aligncenter wp-image-489 size-full\" src=\"https:\/\/customacrylicproduct.com\/wp-content\/uploads\/2025\/07\/Custom-Acrylic-Signs-3.jpg\" alt=\"Segni acrilici personalizzati\" width=\"800\" height=\"800\" srcset=\"https:\/\/customacrylicproduct.com\/wp-content\/uploads\/2025\/07\/Custom-Acrylic-Signs-3.jpg 800w, https:\/\/customacrylicproduct.com\/wp-content\/uploads\/2025\/07\/Custom-Acrylic-Signs-3-300x300.jpg 300w, https:\/\/customacrylicproduct.com\/wp-content\/uploads\/2025\/07\/Custom-Acrylic-Signs-3-150x150.jpg 150w, https:\/\/customacrylicproduct.com\/wp-content\/uploads\/2025\/07\/Custom-Acrylic-Signs-3-768x768.jpg 768w, https:\/\/customacrylicproduct.com\/wp-content\/uploads\/2025\/07\/Custom-Acrylic-Signs-3-12x12.jpg 12w, https:\/\/customacrylicproduct.com\/wp-content\/uploads\/2025\/07\/Custom-Acrylic-Signs-3-600x600.jpg 600w, https:\/\/customacrylicproduct.com\/wp-content\/uploads\/2025\/07\/Custom-Acrylic-Signs-3-100x100.jpg 100w\" sizes=\"(max-width: 800px) 100vw, 800px\" \/><\/a><\/p>\n<h4 id=\"-change-any-kind-of-area-endless-applications-\"><strong>Modificare qualsiasi tipo di area: Infinite applicazioni\u00a0<\/strong>.<\/h4>\n<p>Il design unico e l'affascinante bagliore delle nostre insegne LED personalizzate le rendono uno strumento flessibile per aggiungere individualit\u00e0, professionalit\u00e0 e un tocco di magia a qualsiasi tipo di ambiente.<\/p>\n<ul>\n<li><strong>Per le aziende e il commercio al dettaglio:\u00a0<\/strong>Elevate l'esistenza del vostro marchio all'interno del punto vendita. Utilizzateli come indicatori primari del logo, come segnali di orientamento (\u201dArea frutta\u201d, \u201cServizi igienici\u201d, \u201cAssistenza clienti\u201d) o per evidenziare promozioni uniche in espositori e ristoranti. Sono eccellenti per bar, caff\u00e8, saloni di bellezza e luoghi di lavoro che cercano un look moderno e di alto livello.<\/li>\n<li><strong>Per occasioni ed eventi:\u00a0<\/strong>Create un ambiente magnifico e romantico in occasione di matrimoni e ricevimenti con un'insegna di benvenuto o un monogramma personalizzato. Illuminate le feste di compleanno, le occasioni di lavoro e i lanci di prodotto con un centrotavola personalizzato che gli ospiti ameranno fotografare e condividere.<\/li>\n<li><strong>Per le singole aree:\u00a0<\/strong>Rendete la vostra vita molto pi\u00f9 intrigante. Cambiate un ufficio, una zona giorno, una stanza o una sala giochi con un'indicazione su misura. Presentate la vostra citazione preferita, la vostra etichetta di giocatore o un'opera d'arte unica. \u00c8 un oggetto notevole per gli streamer, gli sviluppatori di contenuti web e tutti coloro che desiderano creare un grande sfondo per le immagini.<\/li>\n<\/ul>\n<h4 id=\"-partner-with-a-leading-provider-why-pick-united-states-\"><strong>Collaborare con un fornitore leader: Perch\u00e9 scegliere la Cina? <\/strong>.<\/h4>\n<p>In qualit\u00e0 di fornitore dedicato, offriamo pi\u00f9 di un semplice articolo: forniamo una collaborazione. Collaboriamo con clienti privati, progettisti, designer e aziende di ogni dimensione per fornire servizi di illuminazione scalabili e di alta qualit\u00e0.<\/p>\n<ul>\n<li><strong>Affinamento del layout collaborativo:\u00a0<\/strong>Il nostro gruppo di professionisti si occuper\u00e0 di perfezionare il vostro layout, garantendo che venga valorizzato per l'incisione o la pubblicazione per ottenere il massimo impatto estetico possibile.<\/li>\n<li><strong>Dedizione all'alta qualit\u00e0:\u00a0<\/strong>Prima di lasciare il nostro centro, ogni indicatore viene sottoposto a un rigoroso processo di controllo della qualit\u00e0 per garantire iscrizioni perfette, tonalit\u00e0 vivaci e illuminazione ideale.<\/li>\n<li><strong>Soluzioni scalabili:\u00a0<\/strong>Sia che abbiate bisogno di un singolo cartello su misura per la vostra casa o di centinaia di cartelli simili per una vendita al dettaglio nazionale, abbiamo la capacit\u00e0 produttiva per soddisfare le vostre richieste in modo tempestivo e nel rispetto del budget.<\/li>\n<li><strong>Supporto dedicato:\u00a0<\/strong>Dal primo concetto all'ultima spedizione, il nostro gruppo di assistenza clienti \u00e8 qui per garantire un'esperienza fluida, trasparente e piacevole.<\/li>\n<\/ul>\n<p><strong>Illuminate il vostro marchio. Illumina la tua area. Sviluppate il vostro minuto.\u00a0<\/strong>.<\/p>\n<p>Scoprite le possibilit\u00e0 illimitate di indicatori acrilici luminescenti a LED personalizzati. Contattateci oggi stesso per esaminare il vostro lavoro, ottenere un preventivo gratuito e lasciare che vi aiutiamo a portare alla luce la vostra visione.<\/p>","protected":false},"excerpt":{"rendered":"<p class=\"ng-star-inserted\"><span class=\"ng-star-inserted\">Elevate il vostro spazio con le nostre insegne acriliche a LED incise su misura. In qualit\u00e0 di fornitore leader, creiamo insegne luminose e vibranti, perfette per loghi aziendali, esposizioni al dettaglio e indicazioni stradali. Grazie all'elegante cornice in alluminio e ai LED ad alta efficienza energetica, portiamo il vostro marchio alla luce. Richiedete oggi stesso un preventivo personalizzato.<\/span><\/p>","protected":false},"featured_media":489,"template":"","meta":{"_kad_post_transparent":"default","_kad_post_title":"","_kad_post_layout":"default","_kad_post_sidebar_id":"","_kad_post_content_style":"default","_kad_post_vertical_padding":"default","_kad_post_feature":"","_kad_post_feature_position":"","_kad_post_header":false,"_kad_post_footer":false,"_kad_post_classname":""},"product_brand":[],"product_cat":[18],"product_tag":[52,51],"class_list":{"0":"post-486","1":"product","2":"type-product","3":"status-publish","4":"has-post-thumbnail","6":"product_cat-custom-acrylic-signs","7":"product_tag-acrylic-sign-luminous","8":"product_tag-custom-acrylic-signs","10":"first","11":"instock","12":"shipping-taxable","13":"product-type-simple","14":"entry","15":"content-bg","16":"loop-entry"},"_links":{"self":[{"href":"https:\/\/customacrylicproduct.com\/it\/wp-json\/wp\/v2\/product\/486","targetHints":{"allow":["GET"]}}],"collection":[{"href":"https:\/\/customacrylicproduct.com\/it\/wp-json\/wp\/v2\/product"}],"about":[{"href":"https:\/\/customacrylicproduct.com\/it\/wp-json\/wp\/v2\/types\/product"}],"wp:featuredmedia":[{"embeddable":true,"href":"https:\/\/customacrylicproduct.com\/it\/wp-json\/wp\/v2\/media\/489"}],"wp:attachment":[{"href":"https:\/\/customacrylicproduct.com\/it\/wp-json\/wp\/v2\/media?parent=486"}],"wp:term":[{"taxonomy":"product_brand","embeddable":true,"href":"https:\/\/customacrylicproduct.com\/it\/wp-json\/wp\/v2\/product_brand?post=486"},{"taxonomy":"product_cat","embeddable":true,"href":"https:\/\/customacrylicproduct.com\/it\/wp-json\/wp\/v2\/product_cat?post=486"},{"taxonomy":"product_tag","embeddable":true,"href":"https:\/\/customacrylicproduct.com\/it\/wp-json\/wp\/v2\/product_tag?post=486"}],"curies":[{"name":"wp","href":"https:\/\/api.w.org\/{rel}","templated":true}]}}