{"id":492,"date":"2025-07-03T08:51:34","date_gmt":"2025-07-03T08:51:34","guid":{"rendered":"https:\/\/customacrylicproduct.com\/?post_type=product&#038;p=492"},"modified":"2025-07-03T12:49:41","modified_gmt":"2025-07-03T12:49:41","slug":"custom-acrylic-podiums-transparent-acrylic-lecterns","status":"publish","type":"product","link":"https:\/\/customacrylicproduct.com\/it\/custom-acrylic-podiums-transparent-acrylic-lecterns\/","title":{"rendered":"Podio acrilico personalizzato Leggio acrilico trasparente"},"content":{"rendered":"<h3 id=\"-command-the-stage-the-ultimate-overview-to-personalized-polymer-podiums-and-lecterns-\"><strong>Comandare il palco: La panoramica definitiva sui podi e i leggii in acrilico personalizzati <\/strong>.<\/h3>\n<p>In ogni luogo in cui \u00e8 necessario far sentire la propria voce - che si tratti di una sala conferenze aziendale, di una grande sala riunioni, di un'aula universitaria o di un luogo di culto spirituale - la pedana su cui si parla \u00e8 pi\u00f9 di un semplice arredo. \u00c8 un segno di autorit\u00e0, un punto focale di attenzione e un partner silenzioso nella comunicazione. Il miglior leggio \u00e8 in grado di posizionare l'oratore, di focalizzare il mercato di riferimento e di migliorare la potenza del messaggio.<\/p>\n<p>Per molto tempo, la scelta \u00e8 stata tra i pesanti leggii tradizionali in legno e quelli freddi e commerciali in acciaio. Oggi vi proponiamo un'opzione moderna, di classe e di grande utilit\u00e0: il <a href=\"https:\/\/customacrylicproduct.com\/it\/custom-acrylic-podiums-transparent-acrylic-lecterns\/\">Podio acilico personalizzato<\/a>. In qualit\u00e0 di fornitore leader, abbiamo sviluppato l'arte di creare leggii che utilizzano una fusione omogenea di stile avanzato, prestazioni ineguagliabili e personalizzazione su misura. Sia che desideriate la raffinatezza eterea e \u201cfluttuante\u201d di un leggio trasparente, sia che desideriate l'audace visibilit\u00e0 architettonica di un design a tinta unita come quello illustrato, i nostri prodotti sono in grado di soddisfare le vostre esigenze. <a href=\"https:\/\/customacrylicproduct.com\/it\/custom-acrylic-podiums-transparent-acrylic-lecterns\/\">podi in acrilico<\/a> sono stati creati per potenziare la vostra presenza e la vostra voce.<\/p>\n<p><a href=\"https:\/\/customacrylicproduct.com\/it\/custom-acrylic-podiums-transparent-acrylic-lecterns\/\"><img fetchpriority=\"high\" decoding=\"async\" class=\"wp-image-496 size-full aligncenter\" src=\"https:\/\/customacrylicproduct.com\/wp-content\/uploads\/2025\/07\/Custom-Acrylic-Podiums.jpg\" alt=\"Podi acrilici personalizzati\" width=\"800\" height=\"800\" srcset=\"https:\/\/customacrylicproduct.com\/wp-content\/uploads\/2025\/07\/Custom-Acrylic-Podiums.jpg 800w, https:\/\/customacrylicproduct.com\/wp-content\/uploads\/2025\/07\/Custom-Acrylic-Podiums-300x300.jpg 300w, https:\/\/customacrylicproduct.com\/wp-content\/uploads\/2025\/07\/Custom-Acrylic-Podiums-150x150.jpg 150w, https:\/\/customacrylicproduct.com\/wp-content\/uploads\/2025\/07\/Custom-Acrylic-Podiums-768x768.jpg 768w, https:\/\/customacrylicproduct.com\/wp-content\/uploads\/2025\/07\/Custom-Acrylic-Podiums-12x12.jpg 12w, https:\/\/customacrylicproduct.com\/wp-content\/uploads\/2025\/07\/Custom-Acrylic-Podiums-600x600.jpg 600w, https:\/\/customacrylicproduct.com\/wp-content\/uploads\/2025\/07\/Custom-Acrylic-Podiums-100x100.jpg 100w\" sizes=\"(max-width: 800px) 100vw, 800px\" \/><\/a><\/p>\n<h4 id=\"-engineered-for-excellence-the-core-concepts-of-our-layout-\"><strong>Progettato per l'eccellenza: I concetti fondamentali del nostro layout\u00a0<\/strong>.<\/h4>\n<p>Ogni podio che produciamo \u00e8 costruito su una struttura di principi di design ponderati, che risolvono le esigenze reali dei relatori audio e dei coordinatori di eventi. Non costruiamo semplicemente leggii, ma rimedi artigianali.<\/p>\n<p><strong>1. Stabilit\u00e0 incrollabile: La vostra struttura di base\u00a0<\/strong>. L'affidabilit\u00e0 di un diffusore audio pu\u00f2 essere sottilmente indebolita da un sistema instabile o poco stabile. Noi abbiamo eliminato completamente questa preoccupazione. Il fondamento del nostro podio \u00e8 il suo\u00a0<strong>elevata stabilit\u00e0\u00a0<\/strong>, ottenuto grazie a un'accurata progettazione. La base \u00e8 stata infatti significativamente\u00a0<strong>ispessito ed espanso\u00a0<\/strong>, creando un centro di massa basso e un ingombro significativo. Questo design assicura che il podio rimanga ben saldo, senza alcun tipo di oscillazione o vibrazione, anche su palcoscenici con un intenso traffico pedonale o in atmosfere vivaci. Appoggiatevi ad esso, appoggiate i vostri prodotti con fiducia e gestite con entusiasmo: il vostro podio continuer\u00e0 ad essere un supporto solido e affidabile, permettendovi di concentrarvi completamente sulla vostra presentazione.<\/p>\n<p><strong>2. Sofisticatezza di lunga durata: La promessa di una grande robustezza\u00a0<\/strong>. Un investimento finanziario in strumenti professionali dovrebbe essere un investimento a lungo termine. Le nostre piattaforme sono costruite da\u00a0<strong>acrilico di alta qualit\u00e0 e di prima scelta\u00a0<\/strong>, un materiale scelto per la sua notevole combinazione di robustezza e fascino. Pur essendo\u00a0<strong>meno della met\u00e0 del peso del vetro\u00a0<\/strong>, La sua struttura molecolare offre una straordinaria tenacit\u00e0 e resistenza agli effetti, rendendola molto pi\u00f9 semplice da trasportare e riorganizzare.<\/p>\n<p>Inoltre, il nostro polimero \u00e8 specificamente formulato per essere\u00a0<strong>molto meno vulnerabile alle macchie o all'ingiallimento\u00a0<\/strong>nel tempo, anche se esposto alla luce del sole o alle forti luci interne. A differenza di materiali plastici inferiori, conserva la sua apertura cristallina o la sua eccellente tonalit\u00e0 solida per molti anni a venire, garantendo alla vostra fase un aspetto sempre professionale e raffinato. Non si tratta di un componente momentaneo, ma di una solida chiave di volta del vostro kit di strumenti di discussione.<\/p>\n<p><a href=\"https:\/\/customacrylicproduct.com\/it\/custom-acrylic-furnitures\/\"><img decoding=\"async\" class=\"wp-image-494 size-full aligncenter\" src=\"https:\/\/customacrylicproduct.com\/wp-content\/uploads\/2025\/07\/Custom-Acrylic-Podiums-2.jpg\" alt=\"Podi acrilici personalizzati\" width=\"800\" height=\"800\" srcset=\"https:\/\/customacrylicproduct.com\/wp-content\/uploads\/2025\/07\/Custom-Acrylic-Podiums-2.jpg 800w, https:\/\/customacrylicproduct.com\/wp-content\/uploads\/2025\/07\/Custom-Acrylic-Podiums-2-300x300.jpg 300w, https:\/\/customacrylicproduct.com\/wp-content\/uploads\/2025\/07\/Custom-Acrylic-Podiums-2-150x150.jpg 150w, https:\/\/customacrylicproduct.com\/wp-content\/uploads\/2025\/07\/Custom-Acrylic-Podiums-2-768x768.jpg 768w, https:\/\/customacrylicproduct.com\/wp-content\/uploads\/2025\/07\/Custom-Acrylic-Podiums-2-12x12.jpg 12w, https:\/\/customacrylicproduct.com\/wp-content\/uploads\/2025\/07\/Custom-Acrylic-Podiums-2-600x600.jpg 600w, https:\/\/customacrylicproduct.com\/wp-content\/uploads\/2025\/07\/Custom-Acrylic-Podiums-2-100x100.jpg 100w\" sizes=\"(max-width: 800px) 100vw, 800px\" \/><\/a><\/p>\n<p><strong>3. Sicurezza intenzionale: Fiducia in ogni dettaglio\u00a0<\/strong>. In un'area pubblica, la sicurezza \u00e8 estremamente importante. Riteniamo che uno stile attento si estenda alla protezione dell'utente e del pubblico. Per questo motivo abbiamo implementato\u00a0<strong>forti funzioni di sicurezza\u00a0<\/strong>nei nostri podi. Il\u00a0<strong>I quattro angoli della superficie di testa della piattaforma sono stati abilmente arrotondati e levigati.\u00a0<\/strong>. Questo dettaglio relativamente piccolo ha un'influenza notevole. Elimina gli spigoli vivi, in modo da\u00a0<strong>non devono preoccuparsi dei danni o delle lesioni provocati da urti involontari\u00a0<\/strong>. Questo garantisce un comfort indispensabile in ambienti dinamici come fiere, auditorium scolastici o sale per eventi in cui le persone si muovono frequentemente.<\/p>\n<h4 id=\"-developed-for-the-audio-speaker-a-masterclass-in-practicality-\"><strong>Sviluppato per il relatore audio: Una masterclass in praticit\u00e0\u00a0<\/strong>.<\/h4>\n<p>Il vero valore di un podio \u00e8 determinato da quanto \u00e8 utile alla persona che lo sostiene. Abbiamo incorporato caratteristiche che aumentano la convenienza, la facilit\u00e0 e le prestazioni.<\/p>\n<p><strong>Elevata utilit\u00e0 in ogni angolo:\u00a0<\/strong>. La superficie di lettura dei tasti comprende una superficie delicata,\u00a0<strong>Piano del tavolo inclinato in modo ergonomico\u00a0<\/strong>. Si tratta di una scelta progettuale fondamentale che rende\u00a0<strong>semplificare la revisione dei documenti da parte degli utenti\u00a0<\/strong>, senza allungare il collo o interrompere il contatto visivo con il pubblico. Questo motiva una migliore presa di posizione, riduce lo stress durante le lunghe discussioni e facilita un modo di parlare pi\u00f9 naturale e interessante.<\/p>\n<p><strong>Contenitori integrati per una stanza senza disordine:\u00a0<\/strong>. All'interno della struttura del podio si trova un ampio spazio per il\u00a0<strong>pannello o cremagliera per lo spazio di archiviazione interno\u00a0<\/strong>. Questa funzione \u00e8 l'epitome dello stile utile, in quanto fornisce un'area comoda e fuori dalla vista per contenere tutte le cose fondamentali. Che si tratti di un bicchiere d'acqua, di un microfono di riserva, della Bibbia o di un messaggio religioso, di un taccuino per annotare le idee o dei telecomandi per le presentazioni, questo portaoggetti mantiene in ordine e senza ingombri la vostra superficie di conversazione principale. Ci\u00f2 consente un aspetto pi\u00f9 specialistico e garantisce che tutto ci\u00f2 che serve sia a portata di mano, ma nascosto alla vista del pubblico.<\/p>\n<h4 id=\"-the-power-of-choice-transparent-vs-solid-color-podiums-\"><strong>Il potere della scelta: podi trasparenti e podi in tinta unita\u00a0<\/strong>.<\/h4>\n<p>Sebbene tutti i nostri leggii siano sviluppati con gli stessi concetti fondamentali di sicurezza, longevit\u00e0 e funzionalit\u00e0, offriamo scelte visive uniche per adattarsi perfettamente al vostro ambiente e al vostro marchio.<\/p>\n<ul>\n<li><strong>Il leggio in polimero trasparente:\u00a0<\/strong>La piattaforma \u201cghost\u201d \u00e8 la massima espressione del minimalismo moderno. La sua struttura cristallina crea un'impressione di visibilit\u00e0, concentrando l'attenzione sul diffusore audio. Si integra perfettamente con qualsiasi tipo di decorazione, facendo sembrare lo spazio pi\u00f9 ampio e meno caotico. Questo stile \u00e8 estremamente popolare nelle chiese contemporanee, nelle conferenze tecnologiche, nelle gallerie d'arte e nelle cerimonie nuziali, dove si desidera un look discreto ma elegante.<\/li>\n<li><strong>Il podio in polimero a tinta unita (come da foto):\u00a0<\/strong>La piattaforma bianca, snella e non trasparente, mostrata nell'immagine, offre un effetto diverso. Fornisce una presenza forte e decisa e un tipo di edificio pulito. Questo stile funziona come la migliore tela per\u00a0<strong>marchio personalizzato\u00a0<\/strong>. Il logo della vostra azienda, pubblicato in colori vivaci e completi, si distingue con una chiarezza fenomenale rispetto all'eccellente storia bianca, trasformando rapidamente il leggio in un potente dispositivo di branding. Sono eccellenti per le occasioni aziendali, le universit\u00e0, le organizzazioni del governo federale e qualsiasi tipo di azienda che voglia fare una solida dichiarazione visiva.<\/li>\n<\/ul>\n<p><a href=\"https:\/\/customacrylicproduct.com\/it\/custom-acrylic-furnitures\/\"><img decoding=\"async\" class=\"wp-image-493 size-full aligncenter\" src=\"https:\/\/customacrylicproduct.com\/wp-content\/uploads\/2025\/07\/Custom-Acrylic-Podiums-1.jpg\" alt=\"Podi acrilici personalizzati\" width=\"800\" height=\"800\" srcset=\"https:\/\/customacrylicproduct.com\/wp-content\/uploads\/2025\/07\/Custom-Acrylic-Podiums-1.jpg 800w, https:\/\/customacrylicproduct.com\/wp-content\/uploads\/2025\/07\/Custom-Acrylic-Podiums-1-300x300.jpg 300w, https:\/\/customacrylicproduct.com\/wp-content\/uploads\/2025\/07\/Custom-Acrylic-Podiums-1-150x150.jpg 150w, https:\/\/customacrylicproduct.com\/wp-content\/uploads\/2025\/07\/Custom-Acrylic-Podiums-1-768x768.jpg 768w, https:\/\/customacrylicproduct.com\/wp-content\/uploads\/2025\/07\/Custom-Acrylic-Podiums-1-12x12.jpg 12w, https:\/\/customacrylicproduct.com\/wp-content\/uploads\/2025\/07\/Custom-Acrylic-Podiums-1-600x600.jpg 600w, https:\/\/customacrylicproduct.com\/wp-content\/uploads\/2025\/07\/Custom-Acrylic-Podiums-1-100x100.jpg 100w\" sizes=\"(max-width: 800px) 100vw, 800px\" \/><\/a><\/p>\n<h4 id=\"-a-stage-for-every-single-event-unequaled-flexibility-\"><strong>Un palco per ogni singolo evento: Flessibilit\u00e0 senza pari\u00a0<\/strong>.<\/h4>\n<p>Le linee pulite e l'aspetto specialistico dei nostri <a href=\"https:\/\/customacrylicproduct.com\/it\/custom-acrylic-podiums-transparent-acrylic-lecterns\/\">leggii in acrilico<\/a> li rendono incredibilmente funzionali. I nostri podi hanno regolato l'attenzione in una vasta gamma di luoghi ed eventi:.<\/p>\n<ul>\n<li><strong>Conferenze e lezioni:\u00a0<\/strong>Trasmettere un'immagine di autorit\u00e0, professionalit\u00e0 e fiducia contemporanea.<\/li>\n<li><strong>Fiere della professione:\u00a0<\/strong>Portate i visitatori nel vostro cubicolo e offrite un sistema di marca per le dimostrazioni dei prodotti.<\/li>\n<li><strong>Chiese e luoghi di preghiera:\u00a0<\/strong>Utilizzate un pulpito in acrilico trasparente per dare un senso di visibilit\u00e0 e connessione, oppure uno robusto per una visibilit\u00e0 pi\u00f9 standard. Il portaoggetti interno \u00e8 perfetto per contenere le Scritture e gli appunti del sermone.<\/li>\n<li><strong>Matrimoni e banchetti:\u00a0<\/strong>Offrono un centrotavola di classe e di tendenza per discorsi, brindisi e parolacce.<\/li>\n<li><strong>Scuole e universit\u00e0:\u00a0<\/strong>Fornite un leggio robusto, sicuro ed esperto per le impostazioni e le conferenze.<\/li>\n<li><strong>Ristoranti e alberghi:\u00a0<\/strong>Utilizzabile come raffinato stand per accogliere gli ospiti.<\/li>\n<\/ul>\n<h4 id=\"-a-dedication-to-a-better-future-great-material-accountable-choice-\"><strong>Un impegno per un futuro migliore: Grande materiale, scelta responsabile\u00a0<\/strong>.<\/h4>\n<p>L'acrilico che utilizziamo non \u00e8 solo robusto e bello da vedere, ma \u00e8 anche una scelta responsabile. \u00c8 un\u00a0<strong>ottimo prodotto che va d'accordo sia con le persone che con l'ambientazione\u00a0<\/strong>. \u00c8 atossico e privo di sostanze chimiche pericolose, il che lo rende sicuro per qualsiasi tipo di ambiente interno. Inoltre, l'acrilico \u00e8 un prodotto riciclabile, in linea con gli obiettivi di sostenibilit\u00e0 delle aziende moderne.<\/p>\n<p><strong>Alzare la voce. Definite il vostro palcoscenico.\u00a0<\/strong>.<\/p>\n<p>Scegliere uno dei nostri <a href=\"https:\/\/customacrylicproduct.com\/it\/custom-acrylic-podiums-transparent-acrylic-lecterns\/\">piattaforme acriliche personalizzate<\/a> \u00e8 scegliere di investire in alta qualit\u00e0, sicurezza e design. \u00c8 una dichiarazione di valore per una comunicazione chiara e una foto specializzata. \u00c8 uno strumento creato per darvi potere, offrendovi una piattaforma stabile, funzionale e bella dove condividere il vostro messaggio con il mondo.<\/p>\n<p>Chiamateci oggi stesso per discutere le vostre esigenze specifiche. Permetteteci di aiutarvi a scegliere il design, le dimensioni e le scelte di branding pi\u00f9 adatte a voi, per creare un leggio che sia decisamente vostro.<\/p>","protected":false},"excerpt":{"rendered":"<p>Migliorate la vostra presenza sul palco con i nostri podi acrilici personalizzati. Disponibili in versione trasparente o a tinta unita, come questo moderno modello bianco, i nostri leggii offrono stabilit\u00e0 e un aspetto professionale. Aggiungete il logo della vostra organizzazione per un tocco personalizzato. Perfetti per conferenze, scuole ed eventi.<\/p>","protected":false},"featured_media":496,"template":"","meta":{"_kad_post_transparent":"default","_kad_post_title":"","_kad_post_layout":"default","_kad_post_sidebar_id":"","_kad_post_content_style":"default","_kad_post_vertical_padding":"default","_kad_post_feature":"","_kad_post_feature_position":"","_kad_post_header":false,"_kad_post_footer":false,"_kad_post_classname":""},"product_brand":[],"product_cat":[21],"product_tag":[53,54,55],"class_list":{"0":"post-492","1":"product","2":"type-product","3":"status-publish","4":"has-post-thumbnail","6":"product_cat-custom-acrylic-furnitures","7":"product_tag-custom-acrylic-podiums","8":"product_tag-transparent-acrylic-lecterns","9":"product_tag-transparent-acrylic-podiums","11":"first","12":"instock","13":"shipping-taxable","14":"product-type-simple","15":"entry","16":"content-bg","17":"loop-entry"},"_links":{"self":[{"href":"https:\/\/customacrylicproduct.com\/it\/wp-json\/wp\/v2\/product\/492","targetHints":{"allow":["GET"]}}],"collection":[{"href":"https:\/\/customacrylicproduct.com\/it\/wp-json\/wp\/v2\/product"}],"about":[{"href":"https:\/\/customacrylicproduct.com\/it\/wp-json\/wp\/v2\/types\/product"}],"wp:featuredmedia":[{"embeddable":true,"href":"https:\/\/customacrylicproduct.com\/it\/wp-json\/wp\/v2\/media\/496"}],"wp:attachment":[{"href":"https:\/\/customacrylicproduct.com\/it\/wp-json\/wp\/v2\/media?parent=492"}],"wp:term":[{"taxonomy":"product_brand","embeddable":true,"href":"https:\/\/customacrylicproduct.com\/it\/wp-json\/wp\/v2\/product_brand?post=492"},{"taxonomy":"product_cat","embeddable":true,"href":"https:\/\/customacrylicproduct.com\/it\/wp-json\/wp\/v2\/product_cat?post=492"},{"taxonomy":"product_tag","embeddable":true,"href":"https:\/\/customacrylicproduct.com\/it\/wp-json\/wp\/v2\/product_tag?post=492"}],"curies":[{"name":"wp","href":"https:\/\/api.w.org\/{rel}","templated":true}]}}