{"id":497,"date":"2025-07-03T09:28:13","date_gmt":"2025-07-03T09:28:13","guid":{"rendered":"https:\/\/customacrylicproduct.com\/?post_type=product&#038;p=497"},"modified":"2025-07-03T12:48:41","modified_gmt":"2025-07-03T12:48:41","slug":"custom-clear-acrylic-fruit-trays-maker-perspex-acrylic-tray","status":"publish","type":"product","link":"https:\/\/customacrylicproduct.com\/it\/custom-clear-acrylic-fruit-trays-maker-perspex-acrylic-tray\/","title":{"rendered":"Chiaro vassoio di frutta acrilico personalizzato Vassoio acrilico del produttore del perspex"},"content":{"rendered":"<h3 id=\"-the-art-of-discussion-custom-crafted-perspex-polymer-trays-display-solutions-\"><strong>L'arte di discutere: Vassoi e soluzioni espositive in polimero Perspex\u00ae realizzate su misura\u00a0<\/strong>.<\/h3>\n<p>Nel mondo della vendita al dettaglio di alto livello, della cordialit\u00e0 deluxe e degli spazi personali curati, la discussione non \u00e8 solo un dettaglio, ma l'intera esperienza. Il modo in cui un oggetto viene tenuto, presentato e fornito ne collega il valore molto prima che si legga un costo o si assapori un gusto. Noi riconosciamo perfettamente questo principio. In qualit\u00e0 di produttori leader di vassoi in acrilico Perspex\u00ae e soluzioni espositive personalizzate, non creiamo semplicemente contenitori, ma esperienze. Sviluppiamo il palcoscenico invisibile che rende i vostri prodotti la star del programma.<\/p>\n<p>Il nostro <a href=\"https:\/\/customacrylicproduct.com\/it\/custom-clear-acrylic-fruit-trays-maker-perspex-acrylic-tray\/\">vassoi personalizzati,<\/a> come il modello blu elegantemente contemporaneo raffigurato, sono la personificazione di una classe minima e di prestazioni ineguagliabili. Sono stati sviluppati per clienti esigenti che richiedono alta qualit\u00e0, chiarezza e modifiche, trasformando qualsiasi display da normale a straordinario.<\/p>\n<h4 id=\"-the-product-of-option-the-unmatched-prevalence-of-perspex-polymer-\"><strong>Il prodotto dell'opzione: L'ineguagliabile prevalenza del polimero Perspex \u00ae\u00a0<\/strong>.<\/h4>\n<p>Il fondamento di ogni opera d'arte \u00e8 il prodotto in cui nasce. Utilizziamo esclusivamente acrilico Perspex\u00ae di prima qualit\u00e0, un materiale rinomato per la sua purezza ottica e le sue prestazioni durature, che supera di gran lunga i materiali tradizionali come il vetro in ogni aspetto cruciale.<\/p>\n<p><strong>1. Qualit\u00e0 ottica assoluta:\u00a0<\/strong>. I nostri vassoi sono\u00a0<strong>in acrilico Perspex\u00ae cristallino\u00a0<\/strong>, un prodotto che \u00e8\u00a0<strong>otticamente pi\u00f9 chiaro del vetro\u00a0<\/strong>. Mentre il vetro di base ha spesso una raffinata tinta ecologica che pu\u00f2 distorcere la reale tonalit\u00e0 degli articoli che contiene, il nostro polimero \u00e8 praticamente invisibile. Questa limpidezza incontaminata garantisce che i vostri oggetti siano visti esattamente come sono stati concepiti, con colori vivaci e informazioni dettagliate pienamente visibili da ogni angolazione. Non si limita a contenere i vostri oggetti, ma li valorizza.<\/p>\n<p><strong>2. Una guardia contro il tempo: Sicurezza UV fondamentale:\u00a0<\/strong>. La luce del sole e l'illuminazione artificiale sono rischi silenziosi per i beni di valore, in quanto provocano lo scolorimento dei colori e la rottura dei prodotti nel tempo. Il nostro acrilico di alta qualit\u00e0 funziona come un potente scudo, fornendo un\u00a0<strong>alto livello di difesa dai raggi UV\u00a0<\/strong>. Questa qualit\u00e0 integrale rimuove una parte significativa dei raggi ultravioletti pericolosi, assicurando che gli alimenti delicati non si macchino, che i gioielli preziosi non perdano il loro splendore e che l'integrit\u00e0 di oggetti antichi e manufatti sia protetta.<\/p>\n<p><strong>3. Sicurezza e praticit\u00e0 integrate:\u00a0<\/strong>. In qualsiasi tipo di ambiente pubblico o ad alto traffico, la sicurezza non \u00e8 negoziabile. Le nostre soluzioni in acrilico offrono una profonda soddisfazione.\u00a0<strong>Molto pi\u00f9 sicuro del vetro\u00a0<\/strong>, L'acrilico \u00e8 incredibilmente resistente ai frantumi. Una caduta o un urto involontario hanno molte meno probabilit\u00e0 di provocare una pericolosa confusione di frammenti taglienti. Inoltre, l'acrilico \u00e8\u00a0<strong>meno della met\u00e0 del peso del vetro\u00a0<\/strong>, che rendono i nostri vassoi straordinariamente facili da gestire, trasportare e riorganizzare, un vantaggio importante per il personale che si occupa di occasioni, per i commercianti al dettaglio e per gli artisti a domicilio.<\/p>\n<p><a href=\"https:\/\/customacrylicproduct.com\/it\/custom-clear-acrylic-fruit-trays-maker-perspex-acrylic-tray\/\"><img fetchpriority=\"high\" decoding=\"async\" class=\"aligncenter wp-image-499 size-full\" src=\"https:\/\/customacrylicproduct.com\/wp-content\/uploads\/2025\/07\/Custom-Acrylic-Trays-2.jpg\" alt=\"Vassoi acrilici personalizzati\" width=\"800\" height=\"800\" srcset=\"https:\/\/customacrylicproduct.com\/wp-content\/uploads\/2025\/07\/Custom-Acrylic-Trays-2.jpg 800w, https:\/\/customacrylicproduct.com\/wp-content\/uploads\/2025\/07\/Custom-Acrylic-Trays-2-300x300.jpg 300w, https:\/\/customacrylicproduct.com\/wp-content\/uploads\/2025\/07\/Custom-Acrylic-Trays-2-150x150.jpg 150w, https:\/\/customacrylicproduct.com\/wp-content\/uploads\/2025\/07\/Custom-Acrylic-Trays-2-768x768.jpg 768w, https:\/\/customacrylicproduct.com\/wp-content\/uploads\/2025\/07\/Custom-Acrylic-Trays-2-12x12.jpg 12w, https:\/\/customacrylicproduct.com\/wp-content\/uploads\/2025\/07\/Custom-Acrylic-Trays-2-600x600.jpg 600w, https:\/\/customacrylicproduct.com\/wp-content\/uploads\/2025\/07\/Custom-Acrylic-Trays-2-100x100.jpg 100w\" sizes=\"(max-width: 800px) 100vw, 800px\" \/><\/a><\/p>\n<h4 id=\"-craftsmanship-in-every-line-the-appeal-of-seamless-building-and-construction-\"><strong>Artigianato in ogni linea: Il fascino dell'edilizia e delle costruzioni senza soluzione di continuit\u00e0\u00a0<\/strong>.<\/h4>\n<p>Il vero high-end sta nei dettagli della costruzione. Il nostro processo di produzione \u00e8 improntato all'accuratezza, per ottenere un prodotto che sia davvero bello quanto l'aspetto.<\/p>\n<p>Uno degli attributi pi\u00f9 evidenti dei nostri vassoi e delle nostre custodie \u00e8 la loro estetica pulita e priva di fronzoli. Questo risultato \u00e8 ottenuto grazie all'utilizzo di\u00a0<strong>pannelli acrilici giuntati di testa\u00a0<\/strong>, una tecnica che consente\u00a0<strong>viste ordinate senza una terribile struttura d'acciaio a coprire la visuale\u00a0<\/strong>. A differenza di articoli di qualit\u00e0 inferiore tenuti insieme da staffe o attrezzature evidenti, i nostri articoli sembrano ricavati da un blocco unico e resistente di acrilico. Questa disposizione monolitica crea una sensazione di qualit\u00e0 museale avanzata che aumenta il valore visivo di tutto ci\u00f2 che \u00e8 composto. I bordi delicatamente arrotondati, come quelli del vassoio blu, sono stati accuratamente curvati a caldo e rifiniti, garantendo un aspetto liscio e fluido, elegante alla vista e piacevole al tatto.<\/p>\n<h4 id=\"-beyond-the-tray-the-globe-of-customization-and-enclosed-displays-\"><strong>Oltre il vassoio: Il mondo della personalizzazione e dei display chiusi\u00a0<\/strong>.<\/h4>\n<p>Sebbene i nostri vassoi aperti siano un punto fermo di raffinatezza, riconosciamo che la vera sicurezza in alcuni casi richiede un servizio pi\u00f9 dettagliato. Il nostro know-how di produttori personalizzati ci permette di prolungare questo approccio stilistico a scatole e vetrine in acrilico completamente chiuse.<\/p>\n<p>Un\u00a0<strong><a href=\"https:\/\/customacrylicproduct.com\/it\/custom-clear-acrylic-fruit-trays-maker-perspex-acrylic-tray\/\">forniture per scatole acriliche<\/a> un contenitore a 6 lati\u00a0<\/strong>che \u00e8 perfetto per quando si ha bisogno di\u00a0<strong>per tenere i vostri oggetti in ordine, asciutti e al riparo da visitatori indesiderati!\u00a0<\/strong>\u00c8 il servizio ottimale per proteggere i pani fragili dalla sporcizia, per proteggere gli utili gioielli di moda dalla manipolazione o per archiviare manufatti essenziali.<\/p>\n<p>Per garantire una vestibilit\u00e0 ideale e protetta, le nostre valigie sono\u00a0<strong>con base in acrilico ribattuta da 6 mm.\u00a0<\/strong>. Questo stile \u00e8 caratterizzato da un piccolo lato a gradini fresato nella base, che permette al coperchio a 5 lati di\u00a0<strong>tenere saldamente pronto\u00a0<\/strong>. Protegge la copertura dallo scivolamento, garantendo sicurezza e protezione, pur mantenendo l'aspetto elegante e senza cornice.<\/p>\n<p>La vostra visione \u00e8 il nostro progetto. Siamo in grado di creare soluzioni personalizzate in base alle vostre esigenze. Il nostro <a href=\"https:\/\/customacrylicproduct.com\/it\/custom-acrylic-trays\/\">vassoi acilici personalizzati<\/a> e le istanze possono essere <strong>su misura in un'ampia serie di dimensioni e tonalit\u00e0\u00a0<\/strong>. Se avete bisogno di un vassoio che si adatti a una specifica dimensione dello scaffale, di una custodia nel colore del vostro marchio o di una forma unica per fare una dichiarazione forte, il nostro gruppo di artigiani pu\u00f2 dargli vita.<\/p>\n<p><a href=\"https:\/\/customacrylicproduct.com\/it\/custom-clear-acrylic-fruit-trays-maker-perspex-acrylic-tray\/\"><img decoding=\"async\" class=\"aligncenter wp-image-498 size-full\" src=\"https:\/\/customacrylicproduct.com\/wp-content\/uploads\/2025\/07\/Custom-Acrylic-Trays-1.jpg\" alt=\"Vassoi acrilici personalizzati\" width=\"800\" height=\"800\" srcset=\"https:\/\/customacrylicproduct.com\/wp-content\/uploads\/2025\/07\/Custom-Acrylic-Trays-1.jpg 800w, https:\/\/customacrylicproduct.com\/wp-content\/uploads\/2025\/07\/Custom-Acrylic-Trays-1-300x300.jpg 300w, https:\/\/customacrylicproduct.com\/wp-content\/uploads\/2025\/07\/Custom-Acrylic-Trays-1-150x150.jpg 150w, https:\/\/customacrylicproduct.com\/wp-content\/uploads\/2025\/07\/Custom-Acrylic-Trays-1-768x768.jpg 768w, https:\/\/customacrylicproduct.com\/wp-content\/uploads\/2025\/07\/Custom-Acrylic-Trays-1-12x12.jpg 12w, https:\/\/customacrylicproduct.com\/wp-content\/uploads\/2025\/07\/Custom-Acrylic-Trays-1-600x600.jpg 600w, https:\/\/customacrylicproduct.com\/wp-content\/uploads\/2025\/07\/Custom-Acrylic-Trays-1-100x100.jpg 100w\" sizes=\"(max-width: 800px) 100vw, 800px\" \/><\/a><\/p>\n<h4 id=\"-elevating-the-present-creating-measurement-and-style-\"><strong>Elevare il presente: Creare misura e stile\u00a0<\/strong>.<\/h4>\n<p>Uno schermo di livello pu\u00f2 essere un'occasione persa. Per aiutarvi a produrre presentazioni davvero vivaci e accattivanti, vi forniamo una serie di dispositivi compatibili con lo schermo.\u00a0<strong>Il nostro <a href=\"https:\/\/customacrylicproduct.com\/it\/custom-acrylic-trays\/\">espositore in acrilico<\/a> Ponti, gradini e blocchi possono essere utilizzati all'interno della vetrina rettangolare in acrilico per aggiungere design e misure ai vostri espositori.\u00a0<\/strong>.<\/p>\n<p>Immaginate uno schermo espositivo per gioielli di moda in cui un ciondolo \u00e8 elegantemente sospeso su un ponte, con gioielli abbinati che poggiano su piccoli blocchi, il tutto racchiuso in una custodia protetta e trasparente. Oppure immaginate un vassoio per dolci in cui i macarons sono disposti su un display a pi\u00f9 livelli, creando un paesaggio esteticamente magnifico di delizie. Questi dispositivi semplici e chiari si integrano senza sforzo, permettendovi di divertirvi con l'elevazione e la profondit\u00e0 per dirigere l'occhio del pubblico e informare un racconto visivo molto pi\u00f9 coinvolgente.<\/p>\n<h4 id=\"-a-world-of-applications-where-beauty-fulfills-function-\"><strong>Un mondo di applicazioni: Dove la bellezza si trasforma in funzione\u00a0<\/strong>.<\/h4>\n<p>La flessibilit\u00e0 e l'estetica avanzata dei nostri vassoi e custodie in acrilico su misura ne fanno un'opzione eccellente per una variet\u00e0 quasi illimitata di applicazioni.<\/p>\n<ul>\n<li><strong>Cibo presente:\u00a0<\/strong>Dalla presentazione di dinamici piani di frutta e decadenti pasticcini in un buffet d'albergo alla presentazione di antipasti in un'occasione di catering o all'organizzazione di condimenti in un caff\u00e8 moderno, i nostri vassoi a prova di cibo sono sia igienici che spettacolari.<\/li>\n<li><strong>Gioielli e vendita al dettaglio di alta gamma:\u00a0<\/strong>Creare un'atmosfera di esclusivit\u00e0 premium. Presentate orologi, ciondoli, anelli e grandi dispositivi in modo da metterne in risalto la lavorazione senza distrazioni. L'opzione della custodia con coperchio offre un necessario livello di sicurezza.<\/li>\n<li><strong>Vetrine e pubblicit\u00e0 in negozio:\u00a0<\/strong>Catturate l'interesse dei passanti con una vetrina pulita, brillante e moderna. I nostri vassoi e le nostre situazioni sono eccellenti per creare un'attenzione particolare al lancio di nuovi articoli, alle promozioni stagionali e agli articoli in evidenza.<\/li>\n<li><strong>Musei e gallerie:\u00a0<\/strong>Presentate manufatti, modelli e oggetti d'antiquariato con la qualit\u00e0 e la protezione che meritano. La difesa dai raggi UV e la visuale libera sono necessarie per le funzioni di archivio e per gli eventi.<\/li>\n<li><strong>Casa e luogo di lavoro:\u00a0<\/strong>Sistemate il vostro vanity con un elegante vassoio per i profumi e i cosmetici, sviluppate un sofisticato piatto da portata per intrattenere i visitatori, oppure utilizzate un vassoio personalizzato come coordinatore avanzato della postazione di lavoro o come \u201cportaoggetti\u201d all'ingresso.<\/li>\n<\/ul>\n<p><a href=\"https:\/\/customacrylicproduct.com\/it\/custom-acrylic-trays\/\"><img decoding=\"async\" class=\"aligncenter wp-image-500 size-full\" src=\"https:\/\/customacrylicproduct.com\/wp-content\/uploads\/2025\/07\/Custom-Acrylic-Trays-3.jpg\" alt=\"Vassoi acrilici personalizzati\" width=\"800\" height=\"800\" srcset=\"https:\/\/customacrylicproduct.com\/wp-content\/uploads\/2025\/07\/Custom-Acrylic-Trays-3.jpg 800w, https:\/\/customacrylicproduct.com\/wp-content\/uploads\/2025\/07\/Custom-Acrylic-Trays-3-300x300.jpg 300w, https:\/\/customacrylicproduct.com\/wp-content\/uploads\/2025\/07\/Custom-Acrylic-Trays-3-150x150.jpg 150w, https:\/\/customacrylicproduct.com\/wp-content\/uploads\/2025\/07\/Custom-Acrylic-Trays-3-768x768.jpg 768w, https:\/\/customacrylicproduct.com\/wp-content\/uploads\/2025\/07\/Custom-Acrylic-Trays-3-12x12.jpg 12w, https:\/\/customacrylicproduct.com\/wp-content\/uploads\/2025\/07\/Custom-Acrylic-Trays-3-600x600.jpg 600w, https:\/\/customacrylicproduct.com\/wp-content\/uploads\/2025\/07\/Custom-Acrylic-Trays-3-100x100.jpg 100w\" sizes=\"(max-width: 800px) 100vw, 800px\" \/><\/a><\/p>\n<p><strong>Collaborate con un produttore che comprende la qualit\u00e0.\u00a0<\/strong>.<\/p>\n<p>Quando scegliete noi, non ricevete solo un articolo, ma collaborate con un produttore dedicato alla qualit\u00e0. Incorporiamo una tecnologia moderna all'avanguardia con una lavorazione classica per offrire servizi tanto duraturi quanto attraenti. Mettetevi in contatto con noi oggi stesso per discutere del vostro compito e permetteteci di aiutarvi a realizzare il miglior rimedio per schermi acrilici per rafforzare il vostro marchio e mostrare i vostri prodotti nella loro migliore luce possibile.<\/p>","protected":false},"excerpt":{"rendered":"<p>L'arte di discutere: Vassoi e soluzioni espositive in polimero Perspex\u00ae su misura. Nel mondo della vendita al dettaglio di alto livello, della cordialit\u00e0 deluxe e degli spazi personali curati, la discussione non \u00e8 solo un dettaglio, ma l'intera esperienza. Il modo in cui un oggetto viene tenuto, presentato e messo a disposizione ne determina il valore molto prima che venga letto un costo o...<\/p>","protected":false},"featured_media":501,"template":"","meta":{"_kad_post_transparent":"default","_kad_post_title":"","_kad_post_layout":"default","_kad_post_sidebar_id":"","_kad_post_content_style":"default","_kad_post_vertical_padding":"default","_kad_post_feature":"","_kad_post_feature_position":"","_kad_post_header":false,"_kad_post_footer":false,"_kad_post_classname":""},"product_brand":[],"product_cat":[22],"product_tag":[56,57],"class_list":{"0":"post-497","1":"product","2":"type-product","3":"status-publish","4":"has-post-thumbnail","6":"product_cat-custom-acrylic-trays","7":"product_tag-custom-acrylic-trays","8":"product_tag-perspex-acrylic-tray","10":"first","11":"instock","12":"shipping-taxable","13":"product-type-simple","14":"entry","15":"content-bg","16":"loop-entry"},"_links":{"self":[{"href":"https:\/\/customacrylicproduct.com\/it\/wp-json\/wp\/v2\/product\/497","targetHints":{"allow":["GET"]}}],"collection":[{"href":"https:\/\/customacrylicproduct.com\/it\/wp-json\/wp\/v2\/product"}],"about":[{"href":"https:\/\/customacrylicproduct.com\/it\/wp-json\/wp\/v2\/types\/product"}],"wp:featuredmedia":[{"embeddable":true,"href":"https:\/\/customacrylicproduct.com\/it\/wp-json\/wp\/v2\/media\/501"}],"wp:attachment":[{"href":"https:\/\/customacrylicproduct.com\/it\/wp-json\/wp\/v2\/media?parent=497"}],"wp:term":[{"taxonomy":"product_brand","embeddable":true,"href":"https:\/\/customacrylicproduct.com\/it\/wp-json\/wp\/v2\/product_brand?post=497"},{"taxonomy":"product_cat","embeddable":true,"href":"https:\/\/customacrylicproduct.com\/it\/wp-json\/wp\/v2\/product_cat?post=497"},{"taxonomy":"product_tag","embeddable":true,"href":"https:\/\/customacrylicproduct.com\/it\/wp-json\/wp\/v2\/product_tag?post=497"}],"curies":[{"name":"wp","href":"https:\/\/api.w.org\/{rel}","templated":true}]}}