{"id":509,"date":"2025-07-03T13:06:02","date_gmt":"2025-07-03T13:06:02","guid":{"rendered":"https:\/\/customacrylicproduct.com\/?post_type=product&#038;p=509"},"modified":"2025-07-03T13:17:42","modified_gmt":"2025-07-03T13:17:42","slug":"custom-coloured-acrylic-rods-tubes-china-manufacturer","status":"publish","type":"product","link":"https:\/\/customacrylicproduct.com\/it\/custom-coloured-acrylic-rods-tubes-china-manufacturer\/","title":{"rendered":"Tubi acrilici colorati su misura di Rods China Manufacturer"},"content":{"rendered":"<h3 id=\"-custom-coloured-polymer-rods-tubes-a-range-of-infinite-possibility-direct-from-the-resource-\"><strong>Barre e tubi di polimeri colorati personalizzati: Una gamma di possibilit\u00e0 infinite, direttamente dalla risorsa\u00a0<\/strong>.<\/h3>\n<p>In tutto il mondo, tra layout, arte e tecnologia, il prodotto appropriato non \u00e8 semplicemente un componente, ma \u00e8 la tela su cui il pensiero creativo prende vita. Vi invitiamo a scoprire il potere di trasformazione dei nostri tubi e barre di polimeri colorati personalizzati. In qualit\u00e0 di produttore leader con sede in Cina, ci concentriamo sulla trasformazione del polimetilmetacrilato (PMMA) di qualit\u00e0 superiore in uno spettro abbagliante di barre solide che fungono da base per i vostri compiti pi\u00f9 ambiziosi. Dalle installazioni architettoniche che ridefiniscono l'area ai complessi gioielli artigianali che raccontano una storia, le nostre aste in acrilico offrono una fusione unica di tonalit\u00e0 vivaci, brillantezza ottica e infinite possibilit\u00e0 di personalizzazione.<\/p>\n<h4 id=\"-the-significance-of-the-material-a-symphony-of-colour-and-light-\"><strong>Il significato del materiale: Una sinfonia di colori e luci\u00a0<\/strong>.<\/h4>\n<p>Lo spirito del nostro prodotto risiede nella sua composizione. Utilizziamo solo acrilico di prima qualit\u00e0, un materiale rinomato per la sua eccezionale chiarezza e resilienza, per creare un oggetto magnifico sia dal punto di vista visivo che strutturale.<\/p>\n<p><strong>Purezza materiale e gentilezza:\u00a0<\/strong>. Ogni asta \u00e8 realizzata in robusto PMMA di prima qualit\u00e0, per garantire uno spessore regolare e un peso gratificante. Il tipo standard \u00e8 un cilindro ideale con una sezione trasversale ordinata e circolare, disponibile in diametri che variano da pochi fragili millimetri a dimensioni molto pi\u00f9 considerevoli. Questa fondamentale purezza geometrica rende le nostre canne incredibilmente flessibili, prestandosi a stili sia naturali che strutturati. Grazie a una particolare compattezza integrale, sono sufficientemente resistenti per l'uso strutturale, ma continuano a essere semplici da tagliare, modellare e lucidare, offrendo il meglio di entrambi i mondi.<\/p>\n<p><strong>Espressione estetica e scintillio ottico:\u00a0<\/strong>. La vera magia delle nostre aste in acrilico si rivela nella loro estetica.<\/p>\n<ul>\n<li><strong>Un caleidoscopio di colori:\u00a0<\/strong>La nostra tavolozza di colori \u00e8 assolutamente spettacolare. Offriamo una collezione sostanziale di colori vivaci e saturi, tra cui, ma non solo, il blu cristallino, il giallo solare, l'arancione infuocato, il rosso entusiasta, lo smeraldo ecologico e il rosa vivace. Il colore non \u00e8 un semplice rivestimento superficiale, ma \u00e8 integrato in tutto il materiale, assicurando un tono abbondante e coerente da ogni angolazione e anche quando viene ridotto.<\/li>\n<li><strong>L'arte della giuntura a due colori:\u00a0<\/strong>Superando i confini dello stile convenzionale, offriamo una procedura di giunzione bicolore unica e molto apprezzata. Questo metodo sofisticato integra senza sforzo due tonalit\u00e0 distinte all'interno di un'unica barra. Il risultato pu\u00f2 essere una linea netta e decisa, per un risultato audace e visivo, oppure un passaggio morbido e naturale che sviluppa un'attraente sfumatura ombr\u00e9. Questa ingegnosa funzione moltiplica enormemente le opportunit\u00e0 di stile, consentendo una profondit\u00e0 e una complessit\u00e0 visiva senza pari.<\/li>\n<li><strong>Una danza di luce:\u00a0<\/strong>Con un grado di trasparenza pari a quello del cristallo fine, le nostre aste in acrilico sono padrone della luce. Possiedono straordinarie propriet\u00e0 residenziali di trasmissione della luce, consentendo alla luce di passare attraverso e di fare un viaggio con l'asta, esaltando il colore interno e rendendolo radioso dall'interno. Sotto l'illuminazione naturale o sintetica, la superficie presenta una struttura abbagliante e lucida, risultando intensamente brillante e cristallina. Questa comunicazione con la luce produce un effetto estetico bello, sapiente e dinamico, in grado di trasformare qualsiasi tipo di ambiente o oggetto.<\/li>\n<li><strong>Notevole aspetto superficiale:\u00a0<\/strong>Ogni asta che produciamo ha una superficie perfettamente liscia e fragile al tatto. Le linee laterali sono nitide, ordinate e completamente definite, a testimonianza della nostra dedizione alla produzione accurata e al controllo di qualit\u00e0.<\/li>\n<\/ul>\n<p><a href=\"https:\/\/customacrylicproduct.com\/it\/custom-coloured-acrylic-rods-tubes-china-manufacturer\/\"><img fetchpriority=\"high\" decoding=\"async\" class=\"alignnone wp-image-512 size-full\" src=\"https:\/\/customacrylicproduct.com\/wp-content\/uploads\/2025\/07\/Custom-Acrylic-Rods-3.jpg\" alt=\"Aste acriliche personalizzate\" width=\"1000\" height=\"1000\" srcset=\"https:\/\/customacrylicproduct.com\/wp-content\/uploads\/2025\/07\/Custom-Acrylic-Rods-3.jpg 1000w, https:\/\/customacrylicproduct.com\/wp-content\/uploads\/2025\/07\/Custom-Acrylic-Rods-3-300x300.jpg 300w, https:\/\/customacrylicproduct.com\/wp-content\/uploads\/2025\/07\/Custom-Acrylic-Rods-3-150x150.jpg 150w, https:\/\/customacrylicproduct.com\/wp-content\/uploads\/2025\/07\/Custom-Acrylic-Rods-3-768x768.jpg 768w, https:\/\/customacrylicproduct.com\/wp-content\/uploads\/2025\/07\/Custom-Acrylic-Rods-3-12x12.jpg 12w, https:\/\/customacrylicproduct.com\/wp-content\/uploads\/2025\/07\/Custom-Acrylic-Rods-3-600x600.jpg 600w, https:\/\/customacrylicproduct.com\/wp-content\/uploads\/2025\/07\/Custom-Acrylic-Rods-3-100x100.jpg 100w\" sizes=\"(max-width: 1000px) 100vw, 1000px\" \/><\/a><\/p>\n<h4 id=\"-releasing-imagination-core-functions-and-limitless-uses-\"><strong>Liberare l'immaginazione: Funzioni principali e usi illimitati\u00a0<\/strong>.<\/h4>\n<p>Il nostro <a href=\"https:\/\/customacrylicproduct.com\/it\/custom-coloured-acrylic-rods-tubes-china-manufacturer\/\">aste in acrilico<\/a> sono pi\u00f9 di un semplice materiale di base: sono uno stimolo per il pensiero creativo. Le loro propriet\u00e0 uniche, residenziali o commerciali, li rendono adatti a una variet\u00e0 sorprendentemente ampia di applicazioni, incoraggiando sviluppatori, musicisti, hobbisti e aziende.<\/p>\n<p><strong>1. Applicazioni decorative ed edilizie:\u00a0<\/strong>. Nelle mani di un architetto o di un progettista di interni, questi pali diventano dispositivi efficaci per regolare lo spazio, la luce e l'ambiente. La loro capacit\u00e0 di essere disposti, appesi o incastrati consente lo sviluppo di:.<\/p>\n<ul>\n<li><strong>Partizioni dinamiche:\u00a0<\/strong>Creare schermi semitrasparenti o divisori di spazi che definiscono gli spazi senza bloccare la luce, producendo confini fluidi e vivaci.<\/li>\n<li><strong>Installazioni artistiche:\u00a0<\/strong>Sviluppate allestimenti di soffitti sospesi su larga scala o affascinanti opere d'arte a parete che giocano con le ombre, le penombre e i punti di vista.<\/li>\n<li><strong>Decorazioni d'atmosfera:\u00a0<\/strong>Utilizzateli negli schermi delle vetrine dei negozi, nei cubicoli delle mostre o negli ambienti dell'ospitalit\u00e0 per creare un'esperienza coinvolgente con il marchio e attirare l'attenzione.<\/li>\n<\/ul>\n<p><strong>2. Fabbricazione di bricolage e invenzioni:\u00a0<\/strong>. Per l'artigiano, il produttore e lo spirito creativo, le nostre aste sono il prodotto del desiderio. La loro facilit\u00e0 di lavorazione - facile da tagliare, forare, levigare e incollare - le rende ideali per:.<\/p>\n<ul>\n<li><strong>Gioielli di moda su misura:\u00a0<\/strong>Create orecchini, bracciali, grani e ciondoli unici nel loro genere. La giuntura bicolore offre straordinarie possibilit\u00e0 di creare pezzi speciali e distintivi.<\/li>\n<li><strong>Creazione di versioni e miniature:\u00a0<\/strong>Includere informazioni chiare e vivide per la costruzione di modelli, piccoli paesaggi e diorami.<\/li>\n<li><strong>Luci personalizzate:\u00a0<\/strong>Producete basi per lampade, tonalit\u00e0 o apparecchi di illuminazione decorativi unici nel loro genere che diffondono la luce in modo attraente e vivace.<\/li>\n<li><strong>Giocattoli fantasiosi e cancelleria:\u00a0<\/strong>Create giochi fantasiosi per bambini che insegnino a conoscere le ombre e la luce, oppure realizzate portapenne di alto design, coordinatori di scrivanie e altri oggetti personalizzati.<\/li>\n<\/ul>\n<p><strong>3. Insegne e display per il punto vendita (POP):\u00a0<\/strong>. Superate le insegne piatte e noiose. Le nostre aste in acrilico possono essere utilizzate per creare piccole insegne tridimensionali, barre informative o come componenti architettonici dinamici all'interno di stand di prodotti pi\u00f9 grandi, per dare un tocco di colore e raffinatezza che attiri l'attenzione del cliente.<\/p>\n<p><strong>4. Componenti di guida della luce:\u00a0<\/strong>. In allestimenti specializzati, questi pali possono fungere da efficienti panoramiche luminose. La loro elevata trasparenza consente di convogliare la luce da una risorsa LED all'altra, producendo fattori di luce o linee illuminate per modelli tecnici, progetti elettronici e luci ornamentali d'impatto.<\/p>\n<p><a href=\"https:\/\/customacrylicproduct.com\/it\/custom-acrylic-rods-tubes\/\"><img decoding=\"async\" class=\"alignnone wp-image-513 size-full\" src=\"https:\/\/customacrylicproduct.com\/wp-content\/uploads\/2025\/07\/Custom-Acrylic-Rods-4.jpg\" alt=\"Aste acriliche personalizzate\" width=\"1000\" height=\"1000\" srcset=\"https:\/\/customacrylicproduct.com\/wp-content\/uploads\/2025\/07\/Custom-Acrylic-Rods-4.jpg 1000w, https:\/\/customacrylicproduct.com\/wp-content\/uploads\/2025\/07\/Custom-Acrylic-Rods-4-300x300.jpg 300w, https:\/\/customacrylicproduct.com\/wp-content\/uploads\/2025\/07\/Custom-Acrylic-Rods-4-150x150.jpg 150w, https:\/\/customacrylicproduct.com\/wp-content\/uploads\/2025\/07\/Custom-Acrylic-Rods-4-768x768.jpg 768w, https:\/\/customacrylicproduct.com\/wp-content\/uploads\/2025\/07\/Custom-Acrylic-Rods-4-12x12.jpg 12w, https:\/\/customacrylicproduct.com\/wp-content\/uploads\/2025\/07\/Custom-Acrylic-Rods-4-600x600.jpg 600w, https:\/\/customacrylicproduct.com\/wp-content\/uploads\/2025\/07\/Custom-Acrylic-Rods-4-100x100.jpg 100w\" sizes=\"(max-width: 1000px) 100vw, 1000px\" \/><\/a><\/p>\n<h4 id=\"-the-maker-s-edge-design-highlights-and-personalization-\"><strong>The Maker's Edge: Design di spicco e personalizzazione\u00a0<\/strong>.<\/h4>\n<p>In qualit\u00e0 di produttore diretto, offriamo un controllo impareggiabile sul prodotto finale, assicurandoci che ci\u00f2 che immaginate sia ci\u00f2 che otterrete.<\/p>\n<p><strong>Approccio progettuale:\u00a0<\/strong>. Il tipo di palo rotondo, semplice e puro, si allinea perfettamente a un'estetica moderna e minimalista. Questa semplicit\u00e0 integrale consente di utilizzarli in progetti complessi senza vanificare lo stile. Le loro forme e dimensioni standard sono ideali per lo sviluppo di schiere fresche, schemi ritmici e composizioni a griglia che sfruttano la bellezza dell'ordine e della ripetizione.<\/p>\n<p><strong>Evidenza del processo: Il vantaggio della giunzione a due colori:\u00a0<\/strong>. \u00c8 qui che si evidenziano le nostre conoscenze tecniche. Questo processo avanzato di coestrusione o incollaggio \u00e8 una funzione fondamentale che distingue il nostro prodotto. Fondendo completamente 2 diverse tonalit\u00e0 di acrilico in una barra unica e coesa, offriamo agli sviluppatori uno strumento per produrre risultati altrimenti impossibili o eccessivamente costosi, aprendo nuove opportunit\u00e0 di espressione estetica.<\/p>\n<p><strong>Il potere della personalizzazione completa:\u00a0<\/strong>. Il vostro progetto \u00e8 unico e anche i vostri prodotti devono esserlo. Forniamo un'accurata personalizzazione per soddisfare i vostri requisiti specifici:.<\/p>\n<ul>\n<li><strong>Colore:\u00a0<\/strong>Scegliete dal nostro vasto schema comune, richiedete un abbinamento di tonalit\u00e0 personalizzato (soggetto a MOQ) o create il vostro mix di giunzioni bicolore unico.<\/li>\n<li><strong>Dimensioni:\u00a0<\/strong>Tagliamo le dimensioni necessarie con grande precisione, riducendo gli scarti e garantendo che i vostri elementi siano pronti per un uso immediato.<\/li>\n<li><strong>Dimensioni:\u00a0<\/strong>Forniamo un'ampia gamma di diametri standard e possiamo realizzare misure personalizzate per ordini di grandi volumi.<\/li>\n<li><strong>Finitura:\u00a0<\/strong>Sebbene la nostra superficie standard sia lucida, possiamo scegliere tra rivestimenti opachi o smerigliati per particolari esigenze di progetto.<\/li>\n<\/ul>\n<h4 id=\"-real-world-ideas-application-situation-examples-\"><strong>Idee del mondo reale: Esempi di situazioni applicative\u00a0<\/strong>.<\/h4>\n<ul>\n<li><strong>In casa:\u00a0<\/strong>In una casa a tema costiero, immaginate una sensazionale parete divisoria che trasmette luce, realizzata con una serie di aste blu e ecologiche. Immaginate un vivace mobile di aste rosa e gialle appese nella stanza dei bambini, o una base luminosa personalizzata realizzata con un palo bicolore nero e chiaro in una ricerca moderna.<\/li>\n<li><strong>Nei locali commerciali:\u00a0<\/strong>Immaginate la vetrina di un negozio di alta gamma con una cascata di pali scintillanti e multicolori. Immaginate un ristorante alla moda che li utilizzi come componenti attraenti dei suoi apparecchi di illuminazione o come vivaci ed eleganti elementi di selezione dei cibi. Immaginate una galleria d'arte che li utilizza per un allestimento interattivo su larga scala.<\/li>\n<li><strong>In Educazione, apprendimento e creativit\u00e0:\u00a0<\/strong>Queste aste sono materiali adatti per i corsi d'arte scolastici e i laboratori STEM, per insegnare i concetti di luce, ombra e costruzione. Sono una fonte eccellente per i laboratori di invenzione degli esperti e una fonte di innumerevoli motivazioni per il gioco innovativo dei bambini.<\/li>\n<li><strong>In Regali e produzione artigianale:\u00a0<\/strong>Producono regali assolutamente su misura, da portachiavi personalizzati e gioielli alla moda a piccoli ornamenti scultorei. Per i produttori di versioni, funzionano come i migliori pezzi d'effetto unici e dettagliati, che conferiscono un aspetto realistico e una vivacit\u00e0 ineguagliabili a tavoli di sabbia architettonici o a piccoli cortili.<\/li>\n<\/ul>\n<p><a href=\"https:\/\/customacrylicproduct.com\/it\/custom-acrylic-rods-tubes\/\"><img decoding=\"async\" class=\"wp-image-510 size-full aligncenter\" src=\"https:\/\/customacrylicproduct.com\/wp-content\/uploads\/2025\/07\/Custom-Acrylic-Rods-1.jpg\" alt=\"Aste acriliche personalizzate\" width=\"1000\" height=\"1000\" srcset=\"https:\/\/customacrylicproduct.com\/wp-content\/uploads\/2025\/07\/Custom-Acrylic-Rods-1.jpg 1000w, https:\/\/customacrylicproduct.com\/wp-content\/uploads\/2025\/07\/Custom-Acrylic-Rods-1-300x300.jpg 300w, https:\/\/customacrylicproduct.com\/wp-content\/uploads\/2025\/07\/Custom-Acrylic-Rods-1-150x150.jpg 150w, https:\/\/customacrylicproduct.com\/wp-content\/uploads\/2025\/07\/Custom-Acrylic-Rods-1-768x768.jpg 768w, https:\/\/customacrylicproduct.com\/wp-content\/uploads\/2025\/07\/Custom-Acrylic-Rods-1-12x12.jpg 12w, https:\/\/customacrylicproduct.com\/wp-content\/uploads\/2025\/07\/Custom-Acrylic-Rods-1-600x600.jpg 600w, https:\/\/customacrylicproduct.com\/wp-content\/uploads\/2025\/07\/Custom-Acrylic-Rods-1-100x100.jpg 100w\" sizes=\"(max-width: 1000px) 100vw, 1000px\" \/><\/a><\/p>\n<h4 id=\"-our-core-advantages-why-select-united-states-\"><strong>I nostri principali vantaggi: Perch\u00e9 scegliere gli Stati Uniti?\u00a0<\/strong>.<\/h4>\n<p>Collaborare con noi significa scegliere qualit\u00e0, adattabilit\u00e0 e valore.<\/p>\n<ol>\n<li><strong>Caratteristiche ottiche eccellenti:\u00a0<\/strong>Trasparenza e saturazione delle ombre senza pari per effetti visivi di grande impatto.<\/li>\n<li><strong>Ricca selezione di colori e stili:\u00a0<\/strong>Un'enorme serie di colori puri e bicolori all'avanguardia per alimentare la vostra creativit\u00e0.<\/li>\n<li><strong>Efficienza di lavorazione superiore:\u00a0<\/strong>Un materiale adatto al fai-da-te, facile da tagliare, modellare, lucidare e incollare.<\/li>\n<li><strong>Materiale sicuro e robusto:\u00a0<\/strong>Il PMMA di alta qualit\u00e0 offre un'eccellente resistenza all'invecchiamento e al clima, assicurando un aspetto eccellente per molti anni.<\/li>\n<li><strong>Sicurezza e Responsabilit\u00e0 ambientale:\u00a0<\/strong>Il nostro prodotto sicuro e inodore \u00e8 adatto a tutti gli ambienti interni, in particolare ai prodotti per bambini.<\/li>\n<li><strong>Efficienza ad alto costo:\u00a0<\/strong>Ottenere un impatto stravagante, simile a quello del cristallo, \u00e8 pi\u00f9 leggero, pi\u00f9 resistente e pi\u00f9 conveniente del vetro, il che lo rende perfetto per le applicazioni su larga scala.<\/li>\n<li><strong>Direttamente dal produttore Vale:\u00a0<\/strong>In qualit\u00e0 di fornitore con sede in Cina, offriamo prezzi competitivi, una logistica semplificata e la possibilit\u00e0 di effettuare ordini in grandi volumi, il tutto mantenendo una rigorosa garanzia di qualit\u00e0.<\/li>\n<\/ol>\n<p>Che siate un designer alla ricerca del miglior materiale d'accento, un servizio che desidera creare schermi memorabili o un creatore alla ricerca di una fornitura artigianale di alta qualit\u00e0, le nostre bacchette acriliche colorate personalizzate sono la vostra soluzione.\u00a0<strong>Chiamateci oggi stesso per esaminare il vostro progetto, richiedere un pacchetto di esempi e ottenere un preventivo diretto all'ingrosso. Costruiamo insieme qualcosa di straordinario.\u00a0<\/strong>.<\/p>","protected":false},"excerpt":{"rendered":"<p class=\"ng-star-inserted\"><span class=\"ng-star-inserted\">In qualit\u00e0 di produttore leader in Cina, produciamo aste e tubi acrilici colorati personalizzati. Scegliete tra una gamma di colori vivaci, traslucidi o opachi, tagliati al diametro e alla lunghezza desiderati. Ideali per espositori POP, illuminazione e progetti di design. Richiedete oggi stesso il vostro preventivo diretto all'ingrosso.<\/span><\/p>","protected":false},"featured_media":515,"template":"","meta":{"_kad_post_transparent":"default","_kad_post_title":"","_kad_post_layout":"default","_kad_post_sidebar_id":"","_kad_post_content_style":"default","_kad_post_vertical_padding":"default","_kad_post_feature":"","_kad_post_feature_position":"","_kad_post_header":false,"_kad_post_footer":false,"_kad_post_classname":""},"product_brand":[],"product_cat":[23],"product_tag":[63,62,61],"class_list":{"0":"post-509","1":"product","2":"type-product","3":"status-publish","4":"has-post-thumbnail","6":"product_cat-custom-acrylic-rods-tubes","7":"product_tag-acrylic-rods","8":"product_tag-coloured-acrylic-rods","9":"product_tag-custom-acrylic-rods","11":"first","12":"instock","13":"shipping-taxable","14":"product-type-simple","15":"entry","16":"content-bg","17":"loop-entry"},"_links":{"self":[{"href":"https:\/\/customacrylicproduct.com\/it\/wp-json\/wp\/v2\/product\/509","targetHints":{"allow":["GET"]}}],"collection":[{"href":"https:\/\/customacrylicproduct.com\/it\/wp-json\/wp\/v2\/product"}],"about":[{"href":"https:\/\/customacrylicproduct.com\/it\/wp-json\/wp\/v2\/types\/product"}],"wp:featuredmedia":[{"embeddable":true,"href":"https:\/\/customacrylicproduct.com\/it\/wp-json\/wp\/v2\/media\/515"}],"wp:attachment":[{"href":"https:\/\/customacrylicproduct.com\/it\/wp-json\/wp\/v2\/media?parent=509"}],"wp:term":[{"taxonomy":"product_brand","embeddable":true,"href":"https:\/\/customacrylicproduct.com\/it\/wp-json\/wp\/v2\/product_brand?post=509"},{"taxonomy":"product_cat","embeddable":true,"href":"https:\/\/customacrylicproduct.com\/it\/wp-json\/wp\/v2\/product_cat?post=509"},{"taxonomy":"product_tag","embeddable":true,"href":"https:\/\/customacrylicproduct.com\/it\/wp-json\/wp\/v2\/product_tag?post=509"}],"curies":[{"name":"wp","href":"https:\/\/api.w.org\/{rel}","templated":true}]}}