{"id":693,"date":"2025-07-06T04:56:29","date_gmt":"2025-07-06T04:56:29","guid":{"rendered":"https:\/\/customacrylicproduct.com\/?post_type=product&#038;p=693"},"modified":"2025-07-06T05:02:23","modified_gmt":"2025-07-06T05:02:23","slug":"acrylic-vases-customization-for-florist-use-bulk-wholesale","status":"publish","type":"product","link":"https:\/\/customacrylicproduct.com\/it\/acrylic-vases-customization-for-florist-use-bulk-wholesale\/","title":{"rendered":"Personalizzazione dei vasi acrilici per l'uso del fiorista all'ingrosso di massa"},"content":{"rendered":"<h3 id=\"-custom-acrylic-vases-for-florists-designers-your-vision-crafted-for-wholesale-\"><strong>Vasi acrilici personalizzati per fioristi e designer: La vostra visione, realizzata per la vendita all'ingrosso\u00a0<\/strong>.<\/h3>\n<p>Nel mondo della floricoltura, dell'organizzazione di eventi e dell'interior design, il vaso \u00e8 essenziale quanto il fiore. \u00c8 il partner silenzioso di ogni progetto, la cornice che eleva l'arte. Per troppo tempo la scelta \u00e8 stata limitata: vetro vulnerabile e pesante o plastica generica e priva di fantasia. Noi siamo qui per trasformare questa situazione.<\/p>\n<p>Benvenuti nel futuro della presentazione dei fiori. Offriamo una linea innovativa di\u00a0<a href=\"https:\/\/customacrylicproduct.com\/it\/acrylic-vases-customization-for-florist-use-bulk-wholesale\/\"><strong>portafiori acrilici personalizzati\u00a0<\/strong><\/a>, offerto per\u00a0<strong>vendita all'ingrosso di massa\u00a0<\/strong>, realizzati appositamente per gli esperti della fantasia. Non si tratta di semplici contenitori, ma di tele per la vostra immaginazione creativa, di strumenti per la costruzione del marchio e di soluzioni durevoli ed eleganti che combinano un virtuosismo impressionante con un'utilit\u00e0 senza pari.<\/p>\n<h4 id=\"-section-1-the-product-that-redefines-sophistication-and-functionality-\"><strong>Sezione 1: Il prodotto che ridefinisce sofisticazione e funzionalit\u00e0\u00a0<\/strong>.<\/h4>\n<p>Il cuore della nostra collezione \u00e8 l'acrilico, un materiale scelto per le sue notevoli qualit\u00e0 che liberano il fiorista e il designer moderno dai vincoli dei prodotti convenzionali.<\/p>\n<ul>\n<li><strong>Resistente agli urti Longevit\u00e0:\u00a0<\/strong>Dite addio all'ansia di rotture durante il trasporto, l'allestimento e gli eventi ad alto traffico. I nostri vasi in acrilico utilizzano l'immacolata trasparenza del vetro senza la sua fragilit\u00e0. Questa resistenza intrinseca li rende un investimento economico conveniente e duraturo per qualsiasi azienda floreale, societ\u00e0 di eventi o area di vendita al dettaglio. Sono leggeri, semplici da maneggiare e decisamente pi\u00f9 sicuri sia per il vostro team che per i vostri clienti.<\/li>\n<li><strong>Qualit\u00e0 incontaminata e tocco materico:\u00a0<\/strong>Realizzati in acrilico all'avanguardia, i nostri vasi vantano un rivestimento cristallino e non ingiallente che permette di far risplendere i colori veri dei vostri fiori. Oltre alla limpidezza, molti dei nostri modelli hanno un aspetto sottile e avanzato, con una dimensione tattile che invita al tatto e a un'ispezione pi\u00f9 ravvicinata.<\/li>\n<li><strong>Facile manutenzione:\u00a0<\/strong>La semplicit\u00e0 \u00e8 un'alta gamma. I nostri portafiori in acrilico sono incredibilmente\u00a0<strong>facile da riordinare\u00a0<\/strong>. Basta un semplice risciacquo con acqua e sapone per mantenerli immacolati, risparmiando tempo e lavoro. La superficie non porosa resiste alle macchie e agli odori, assicurando che siano sempre pronti per il piano successivo.<\/li>\n<li><strong>Versatile per natura:\u00a0<\/strong>Il fascino di questi portafiori risiede nella loro flessibilit\u00e0. Sono ideali per contenere l'acqua per\u00a0<strong>fiori freschi\u00a0<\/strong>, Tuttavia, la loro utilit\u00e0 va ben oltre. Utilizzateli per produrre schermi di grande effetto con\u00a0<strong>fiori fabbricati\u00a0<\/strong>, rami secchi o un minimo di erba della pampa. Riempitele con colori vivaci e\u00a0<strong>pietre preziose, pietre di fiume brillantate o sabbia.\u00a0<\/strong>per fissare un motivo. Sono inoltre perfettamente adatti a fungere da diffusori di stile per\u00a0<strong>bastoncini per aromaterapia in rattan\u00a0<\/strong>, che li rende un pezzo di stile multifunzionale per qualsiasi tipo di ambiente.<\/li>\n<\/ul>\n<p><a href=\"https:\/\/customacrylicproduct.com\/it\/acrylic-vases-customization-for-florist-use-bulk-wholesale\/\"><img fetchpriority=\"high\" decoding=\"async\" class=\"aligncenter wp-image-696 size-full\" src=\"https:\/\/customacrylicproduct.com\/wp-content\/uploads\/2025\/07\/Acrylic-Vases-4.jpg\" alt=\"Vasi in acrilico\" width=\"800\" height=\"800\" srcset=\"https:\/\/customacrylicproduct.com\/wp-content\/uploads\/2025\/07\/Acrylic-Vases-4.jpg 800w, https:\/\/customacrylicproduct.com\/wp-content\/uploads\/2025\/07\/Acrylic-Vases-4-300x300.jpg 300w, https:\/\/customacrylicproduct.com\/wp-content\/uploads\/2025\/07\/Acrylic-Vases-4-150x150.jpg 150w, https:\/\/customacrylicproduct.com\/wp-content\/uploads\/2025\/07\/Acrylic-Vases-4-768x768.jpg 768w, https:\/\/customacrylicproduct.com\/wp-content\/uploads\/2025\/07\/Acrylic-Vases-4-12x12.jpg 12w, https:\/\/customacrylicproduct.com\/wp-content\/uploads\/2025\/07\/Acrylic-Vases-4-600x600.jpg 600w, https:\/\/customacrylicproduct.com\/wp-content\/uploads\/2025\/07\/Acrylic-Vases-4-100x100.jpg 100w\" sizes=\"(max-width: 800px) 100vw, 800px\" \/><\/a><\/p>\n<h4 id=\"-section-2-inspiring-design-for-the-modern-aesthetic-\"><strong>Sezione 2: Design d'ispirazione per l'estetica moderna\u00a0<\/strong>.<\/h4>\n<p>La nostra collezione comune nasce dall'amore per il\u00a0<strong>design nordico di base\u00a0<\/strong>e un interesse per l'espressione fantasiosa. Ogni portafiori \u00e8 un oggetto di grande effetto, creato per valorizzare le vostre creazioni floreali, non per sostituirle.<\/p>\n<ul>\n<li><strong>Forme geometriche creative:\u00a0<\/strong>Superate il tubo cilindrico. I nostri stili esplorano un mondo di\u00a0<strong>tipi geometrici innovativi\u00a0<\/strong>- archi, onde, forme rettangolari sfaccettate e forme asimmetriche. Queste forme creano interesse estetico e linee vivaci, trasformando un semplice bouquet in un capolavoro scultoreo. Questa intrinseca\u00a0<strong>senso immaginativo\u00a0<\/strong>rende ogni portafiori un oggetto attraente a s\u00e9 stante.<\/li>\n<li><strong>Una combinazione di colori alimentari zuccherati:\u00a0<\/strong>Se il cristallo \u00e8 un classico intramontabile, il nostro schema di\u00a0<strong>tonalit\u00e0 meravigliose e di classe\u00a0<\/strong>aggiunge uno strato di calore e individualit\u00e0. Assumete rosa tenui, salvia pacificamente amica dell'ambiente e grigi fum\u00e9 avanzati. Queste tonalit\u00e0 sono state scelte accuratamente per armonizzarsi con le moderne mode degli interni e con una vasta gamma di schemi floreali.<\/li>\n<li><strong>Il perfetto complemento d'arredo:\u00a0<\/strong>Da soli o riempiti di fiori, i nostri portafiori valorizzano qualsiasi spazio. Diventano il perfetto\u00a0<strong>portafiori ornamentali sul davanzale\u00a0<\/strong>, che catturano la luce del pomeriggio. Aggiungono un tocco di eleganza contemporanea a un\u00a0<strong>una credenza per bicchieri di vino o un punto focale del tavolo da pranzo\u00a0<\/strong>. Posizionato su un\u00a0<strong>ponte, sul caminetto, o in un negozio di fiori esperto presente\u00a0<\/strong>, I prodotti sono stati realizzati con un tocco di romanticismo e uno stile raffinato, a dimostrazione del fatto che i prodotti floreali utili possono essere anche un design di alto livello.<\/li>\n<\/ul>\n<h4 id=\"-section-3-the-ultimate-in-personalization-your-vision-our-knowledge-\"><strong>Sezione 3: Il massimo della personalizzazione: la vostra visione, la nostra conoscenza\u00a0<\/strong>.<\/h4>\n<p>\u00c8 qui che vi incoraggiamo a diventare i designer. Il nostro programma di vendita all'ingrosso si basa su una profonda dedizione alle modifiche, che vi consente di creare un prodotto unico e perfettamente in linea con il nome del vostro marchio o evento.<\/p>\n<ul>\n<li><strong>1. Capacit\u00e0 su misura e dimensionamento flessibile:\u00a0<\/strong>. Non ci sono due progetti che coincidono, e nemmeno i vostri portafiori dovrebbero coincidere. Forniamo un controllo completo sulle dimensioni.\u00a0<strong>Personalizzate le specifiche come l'altezza (da 10 cm a 50 cm), il diametro e lo spessore delle pareti.\u00a0<\/strong>per soddisfare le vostre esigenze. Immaginate una serie di vasi alti e sottili per sofisticati steli solitari a una serata di gala, o vasi ridotti e larghi per sontuosi centrotavola a una festa di matrimonio. Siamo in grado di produrre secondo le vostre esatte specifiche.<\/li>\n<li><strong>2. Colore esclusivo e coerenza del marchio:\u00a0<\/strong>. Shade \u00e8 il cuore di un marchio e il cuore di un tema. Con la nostra personalizzazione, l'ombra \u00e8 illimitata.\u00a0<strong>Assistenza per la corrispondenza dei numeri di colore Pantone\u00a0<\/strong>garantite che i vostri portafiori siano perfettamente in linea con il vostro marchio aziendale, con lo schema dell'evento nuziale o con il sistema di decorazione degli interni. Andate oltre con i nostri\u00a0<strong>rimedi per la giunzione a due colori\u00a0<\/strong>, combinando liberamente i colori per creare risultati spettacolari e bicromatici, difficili da trovare in commercio.<\/li>\n<li><strong>3. Forma ingegnosa e identificazione del marchio:\u00a0<\/strong>. Lasciate il segno con un modulo che informi la vostra storia. Possiamo assistervi\u00a0<strong>sviluppare stili di contenitori personalizzati\u00a0<\/strong>. Vasi per quadri con luce delicata\u00a0<strong>motivi ondulati\u00a0<\/strong>che stimolano una sensazione di calma o di acutezza,\u00a0<strong>riduzione sfaccettata\u00a0<\/strong>che gioca con la luce come una pietra preziosa tagliata. \u00c8 incredibile che possiamo sviluppare muffe e muffe per\u00a0<strong>logo in rilievo\u00a0<\/strong>, incorporando in modo permanente ed elegante l'identificazione del vostro marchio direttamente nel vaso stesso. Questo \u00e8 il massimo del regalo aziendale personalizzato e della decorazione di alta qualit\u00e0.<\/li>\n<li><strong>4. Funzionalit\u00e0 ampliate e valore aggiunto:\u00a0<\/strong>. Il nostro processo di impaginazione tiene conto sia della forma che delle caratteristiche. Possiamo\u00a0<strong>aggiungere progetti a valore aggiunto\u00a0<\/strong>per migliorare l'esperienza del cliente e produrre un elemento \u201cwow\u201d. Questo include:.<\/li>\n<li><strong>Basi a tenuta stagna:\u00a0<\/strong>Progettato per la massima soddisfazione.<\/li>\n<li><strong>Strisce luminose a LED integrate:\u00a0<\/strong>Trasformate le vostre composizioni in allestimenti illuminati, ideali per le occasioni notturne o per creare un'illuminazione d'atmosfera.<\/li>\n<li><strong>Quadri appesi:\u00a0<\/strong>I portafiori in stile sono pensati per essere sospesi e per creare esposizioni floreali galleggianti di grande effetto e uniche nel loro genere.<\/li>\n<\/ul>\n<p><a href=\"https:\/\/customacrylicproduct.com\/it\/custom-acrylic-crafts\/\"><img decoding=\"async\" class=\"aligncenter wp-image-694 size-full\" src=\"https:\/\/customacrylicproduct.com\/wp-content\/uploads\/2025\/07\/Acrylic-Vases-2.jpg\" alt=\"Vasi per fiori in acrilico\" width=\"800\" height=\"800\" srcset=\"https:\/\/customacrylicproduct.com\/wp-content\/uploads\/2025\/07\/Acrylic-Vases-2.jpg 800w, https:\/\/customacrylicproduct.com\/wp-content\/uploads\/2025\/07\/Acrylic-Vases-2-300x300.jpg 300w, https:\/\/customacrylicproduct.com\/wp-content\/uploads\/2025\/07\/Acrylic-Vases-2-150x150.jpg 150w, https:\/\/customacrylicproduct.com\/wp-content\/uploads\/2025\/07\/Acrylic-Vases-2-768x768.jpg 768w, https:\/\/customacrylicproduct.com\/wp-content\/uploads\/2025\/07\/Acrylic-Vases-2-12x12.jpg 12w, https:\/\/customacrylicproduct.com\/wp-content\/uploads\/2025\/07\/Acrylic-Vases-2-600x600.jpg 600w, https:\/\/customacrylicproduct.com\/wp-content\/uploads\/2025\/07\/Acrylic-Vases-2-100x100.jpg 100w\" sizes=\"(max-width: 800px) 100vw, 800px\" \/><\/a><\/p>\n<h4 id=\"-area-4-scenario-based-application-bringing-your-ideas-to-life-\"><strong>Area 4: Applicazione basata su scenari - Dare vita alle idee\u00a0<\/strong>.<\/h4>\n<p>Il nostro <a href=\"https:\/\/customacrylicproduct.com\/it\/custom-acrylic-crafts\/\">vasi acrilici personalizzati<\/a> non sono solo oggetti, ma anche opzioni. Ecco come forniscono un valore eccezionale in diverse situazioni:.<\/p>\n<ul>\n<li><strong>Produrre ambienti straordinari:\u00a0<\/strong>.<\/li>\n<li><strong>La zona giorno in stile nordico:\u00a0<\/strong>Immaginate la casa di un cliente migliorata da uno dei vostri progetti. A\u00a0<strong>portafiori in acrilico intrecciato rosa e trasparente\u00a0<\/strong>tenere dei tulipani freschi solleva istantaneamente l'ambiente, aumentando il senso di calore e di moderna raffinatezza.<\/li>\n<li><strong>La mostra o la galleria d'arte:\u00a0<\/strong>Superare gli stand tradizionali. Un\u00a0<strong>serie di portafiori trasparenti e sfaccettati\u00a0<\/strong>di diverse altezze possono essere utilizzati per creare una configurazione immersiva di luce e buio, collegandosi con l'illuminazione della galleria per diventare parte dell'arte stessa.<\/li>\n<li><strong>Lavorare come un potente fornitore di servizi visivi di marca:\u00a0<\/strong>.<\/li>\n<li><strong>Regali aziendali e luoghi di lavoro:\u00a0<\/strong>Pagamento di una serie di portafiori con il vostro\u00a0<strong>Il logo dell'azienda \u00e8 sottilmente in rilievo\u00a0<\/strong>sul lato. Grazie a un'impostazione essenziale ed elegante, diventa un regalo organizzativo di qualit\u00e0 che rimane sulla scrivania del cliente anche dopo che i fiori si sono scoloriti, fungendo da indicatore coerente del marchio.<\/li>\n<li><strong>Commercio al dettaglio e ospitalit\u00e0:\u00a0<\/strong>Utilizzo\u00a0<strong>portafiori fluorescenti o di marca\u00a0<\/strong>nei vostri negozi al dettaglio o nelle hall degli hotel per presentare prodotti o fiori freschi. In questo modo si crea un'identificazione visiva coesa e potente che aumenta il riconoscimento del marchio e sviluppa un'esperienza indimenticabile per il cliente.<\/li>\n<li><strong>Impregnare i prodotti di stile emozionale:\u00a0<\/strong>.<\/li>\n<li><strong>Matrimoni e anniversari:\u00a0<\/strong>Un flower designer pu\u00f2 utilizzare un servizio davvero superiore commissionando portafiori nei colori unici dell'evento nuziale della coppia. Per un anniversario di matrimonio,\u00a0<strong>creare un portafiori su misura con un abbinamento di colore unico\u00a0<\/strong>del loro giorno speciale, conferendo al prodotto un profondo valore emotivo e trasformando un regalo attraente in un ricordo prezioso.<\/li>\n<\/ul>\n<p><a href=\"https:\/\/customacrylicproduct.com\/it\/acrylic-vases-customization-for-florist-use-bulk-wholesale\/\"><img decoding=\"async\" class=\"wp-image-695 size-full aligncenter\" src=\"https:\/\/customacrylicproduct.com\/wp-content\/uploads\/2025\/07\/Acrylic-Vases-3.jpg\" alt=\"Vasi in acrilico\" width=\"800\" height=\"800\" srcset=\"https:\/\/customacrylicproduct.com\/wp-content\/uploads\/2025\/07\/Acrylic-Vases-3.jpg 800w, https:\/\/customacrylicproduct.com\/wp-content\/uploads\/2025\/07\/Acrylic-Vases-3-300x300.jpg 300w, https:\/\/customacrylicproduct.com\/wp-content\/uploads\/2025\/07\/Acrylic-Vases-3-150x150.jpg 150w, https:\/\/customacrylicproduct.com\/wp-content\/uploads\/2025\/07\/Acrylic-Vases-3-768x768.jpg 768w, https:\/\/customacrylicproduct.com\/wp-content\/uploads\/2025\/07\/Acrylic-Vases-3-12x12.jpg 12w, https:\/\/customacrylicproduct.com\/wp-content\/uploads\/2025\/07\/Acrylic-Vases-3-600x600.jpg 600w, https:\/\/customacrylicproduct.com\/wp-content\/uploads\/2025\/07\/Acrylic-Vases-3-100x100.jpg 100w\" sizes=\"(max-width: 800px) 100vw, 800px\" \/><\/a><\/p>\n<h4 id=\"-area-5-the-perfect-gift-the-smartest-collaboration-\"><strong>Area 5: Il regalo perfetto e la collaborazione pi\u00f9 intelligente\u00a0<\/strong>.<\/h4>\n<p>Come elemento a s\u00e9 stante, questo\u00a0<strong>un piccolo vaso adorabile e speciale che rende semplice e divertente l'allestimento dei fiori\u00a0<\/strong>, un regalo perfetto per ogni tipo di celebrazione:\u00a0<strong>Compleanni, anniversari, inaugurazione della casa, matrimoni, festa della mamma, Natale o Ringraziamento.\u00a0<\/strong>.<\/p>\n<p>Ai nostri partner all'ingrosso offriamo molto di pi\u00f9 di un semplice articolo. Offriamo una collaborazione. Scegliendoci come fornitore, avrete accesso a prezzi di fabbrica, a un rigoroso controllo di qualit\u00e0 e a un team dedicato a dare vita ai vostri progetti creativi pi\u00f9 ambiziosi.<\/p>\n<p>Smettete di scegliere la media. Elevate il vostro virtuosismo, valorizzate il vostro marchio ed entusiasmate i vostri clienti con portafiori in acrilico personalizzati, unici, duraturi e belli come i vostri progetti.<\/p>\n<p><strong>Contattateci oggi stesso per discutere del vostro progetto, richiedere un preventivo e iniziare il viaggio verso la creazione della vostra linea di prodotti unici. <a href=\"https:\/\/customacrylicproduct.com\/it\/acrylic-vases-customization-for-florist-use-bulk-wholesale\/\">vasi in acrilico.\u00a0<\/a><\/strong>.<\/p>","protected":false},"excerpt":{"rendered":"<p>Elevate i vostri progetti floreali con i nostri vasi acrilici personalizzati. Una scelta moderna, durevole e infrangibile per i fioristi professionisti. Offriamo prezzi all'ingrosso e personalizzazione del logo per far risaltare le vostre composizioni. Perfetti per eventi e vendita al dettaglio.<\/p>","protected":false},"featured_media":697,"template":"","meta":{"_kad_post_transparent":"default","_kad_post_title":"","_kad_post_layout":"default","_kad_post_sidebar_id":"","_kad_post_content_style":"default","_kad_post_vertical_padding":"default","_kad_post_feature":"","_kad_post_feature_position":"","_kad_post_header":false,"_kad_post_footer":false,"_kad_post_classname":""},"product_brand":[],"product_cat":[20],"product_tag":[66,64,65],"class_list":{"0":"post-693","1":"product","2":"type-product","3":"status-publish","4":"has-post-thumbnail","6":"product_cat-custom-acrylic-crafts","7":"product_tag-acrylic-flower-vase","8":"product_tag-acrylic-vases","9":"product_tag-custom-acrylic-crafts","11":"first","12":"instock","13":"shipping-taxable","14":"product-type-simple","15":"entry","16":"content-bg","17":"loop-entry"},"_links":{"self":[{"href":"https:\/\/customacrylicproduct.com\/it\/wp-json\/wp\/v2\/product\/693","targetHints":{"allow":["GET"]}}],"collection":[{"href":"https:\/\/customacrylicproduct.com\/it\/wp-json\/wp\/v2\/product"}],"about":[{"href":"https:\/\/customacrylicproduct.com\/it\/wp-json\/wp\/v2\/types\/product"}],"wp:featuredmedia":[{"embeddable":true,"href":"https:\/\/customacrylicproduct.com\/it\/wp-json\/wp\/v2\/media\/697"}],"wp:attachment":[{"href":"https:\/\/customacrylicproduct.com\/it\/wp-json\/wp\/v2\/media?parent=693"}],"wp:term":[{"taxonomy":"product_brand","embeddable":true,"href":"https:\/\/customacrylicproduct.com\/it\/wp-json\/wp\/v2\/product_brand?post=693"},{"taxonomy":"product_cat","embeddable":true,"href":"https:\/\/customacrylicproduct.com\/it\/wp-json\/wp\/v2\/product_cat?post=693"},{"taxonomy":"product_tag","embeddable":true,"href":"https:\/\/customacrylicproduct.com\/it\/wp-json\/wp\/v2\/product_tag?post=693"}],"curies":[{"name":"wp","href":"https:\/\/api.w.org\/{rel}","templated":true}]}}