{"id":716,"date":"2025-07-07T10:34:44","date_gmt":"2025-07-07T10:34:44","guid":{"rendered":"https:\/\/customacrylicproduct.com\/?post_type=product&#038;p=716"},"modified":"2025-07-07T10:49:44","modified_gmt":"2025-07-07T10:49:44","slug":"bespoke-acrylic-photo-frames-magnetic-photo-frame-wholesaler","status":"publish","type":"product","link":"https:\/\/customacrylicproduct.com\/it\/bespoke-acrylic-photo-frames-magnetic-photo-frame-wholesaler\/","title":{"rendered":"Grossista di cornici fotografiche magnetiche in acrilico su misura"},"content":{"rendered":"<h3 id=\"-title-crystal-clear-moments-bespoke-magnetic-acrylic-image-frames-the-premier-choice-for-home-and-wholesale-\"><strong>Titolo: Momenti cristallini: Cornici magnetiche per immagini in acrilico su misura - La scelta principale per la casa e l'ingrosso\u00a0<\/strong>.<\/h3>\n<p>In un mondo pieno di immagini digitali, l'atto di pubblicare una foto \u00e8 divenuto una scelta deliberata e mirata. \u00c8 un'affermazione che un minuto specifico vale pi\u00f9 di un'occhiata fugace su un display: merita di essere conservato, presentato e custodito. Ma un ricordo inestimabile ha diritto a una casa altrettanto speciale. Cornici vecchie, ingombranti o generiche possono sminuire l'immagine, creando una barriera tra la foto e il cliente.<\/p>\n<p>Crediamo che una struttura non debba essere un confine, ma un ponte. Dovrebbe migliorare, proteggere ed elevare la memoria che contiene.<\/p>\n<p>In qualit\u00e0 di venditore e rivenditore leader, siamo orgogliosi di presentare la nostra collezione di\u00a0<a href=\"https:\/\/customacrylicproduct.com\/it\/bespoke-acrylic-photo-frames-magnetic-photo-frame-wholesaler\/\"><strong>Cornici acriliche su misura\u00a0<\/strong><\/a>. Combinando una bellezza minimale con modifiche eccezionali, queste cornici sono state create per il mondo moderno. Utilizzano un eccellente schermo fluttuante che rende la vostra foto la celebrit\u00e0 indiscussa, trasformandola da una semplice immagine in un'opera d'arte personale. Che si tratti della vostra casa, di un vero e proprio regalo o di un'esigenza della grande distribuzione o dell'azienda, i nostri <a href=\"https:\/\/customacrylicproduct.com\/it\/bespoke-acrylic-photo-frames-magnetic-photo-frame-wholesaler\/\">strutture acriliche<\/a> sono i momenti pi\u00f9 belli della nave per sempre.<\/p>\n<h3 id=\"-area-1-the-pureness-of-the-material-the-unrivaled-high-quality-of-polymer-\"><strong>Area 1: La purezza del materiale - L'impareggiabile alta qualit\u00e0 del polimero\u00a0<\/strong>.<\/h3>\n<p>Il fondamento di una struttura d'immagine davvero straordinaria \u00e8 il materiale con cui viene realizzata. Utilizziamo solo acrilico di prima qualit\u00e0 e ad alta trasparenza, scelto per le sue eccezionali caratteristiche ottiche, di sicurezza e di durata.<\/p>\n<ul>\n<li><strong>Apertura eccezionale, dettaglio senza compromessi:\u00a0<\/strong>Il nostro acrilico offre un passaggio di luce paragonabile a quello del miglior vetro ottico. Ci\u00f2 significa che non ci sono tinte verdi, distorsioni o opacit\u00e0, ma solo una chiarezza pura e cristallina. Le immagini vengono presentate con un'intensit\u00e0 impressionante, una vivace fedelt\u00e0 cromatica e dettagli impeccabili. Si sviluppa un magnifico impatto \u201cfluttuante\u201d, come se la foto fosse sospesa in un blocco di luce pura, permettendo al cliente di collegarsi direttamente al momento senza interruzioni.<\/li>\n<li><strong>Resistenza leggera e sicurezza superiore:\u00a0<\/strong>Sebbene sia all'altezza del vetro in termini di chiarezza, l'acrilico lo supera di gran lunga in termini di sicurezza e praticit\u00e0. \u00c8 sostanzialmente pi\u00f9 leggero, il che lo rende facile da maneggiare, da appendere alle pareti o da appoggiare senza problemi su superfici delicate. Inoltre, \u00e8 molto resistente agli urti e ai frantumi. A differenza del vetro, che pu\u00f2 rompersi in pericolosi frammenti, l'acrilico offre una tranquillit\u00e0 inestimabile, rendendolo la scelta eccellente per le famiglie con bambini, cani da compagnia o luoghi ad alto traffico. Potrete esporre i vostri ricordi senza la preoccupazione di subire danni accidentali.<\/li>\n<li><strong>Qualit\u00e0 d'archivio e sicurezza chimica:\u00a0<\/strong>Una foto \u00e8 un artefatto fragile. Le nostre cornici acriliche fungono da protezione, preservando i vostri ricordi per tutta la vita. Il prodotto ha un'eccezionale sicurezza chimica, il che significa che non reagisce con la carta o l'inchiostro dell'immagine. \u00c8 naturalmente immune al bagnato e all'umidit\u00e0, impedendo che le vostre immagini si deformino, rimangano sulla superficie o vengano danneggiate dagli aspetti ambientali. Questa protezione di qualit\u00e0 archivistica garantisce che le vostre immagini pi\u00f9 care rimangano vivaci ed eccellenti come il giorno in cui sono state stampate.<\/li>\n<\/ul>\n<p><a href=\"https:\/\/customacrylicproduct.com\/it\/bespoke-acrylic-photo-frames-magnetic-photo-frame-wholesaler\/\"><img fetchpriority=\"high\" decoding=\"async\" class=\"aligncenter wp-image-720 size-full\" src=\"https:\/\/customacrylicproduct.com\/wp-content\/uploads\/2025\/07\/Acrylic-Photo-Frames.jpg\" alt=\"Cornici per foto in acrilico\" width=\"800\" height=\"800\" srcset=\"https:\/\/customacrylicproduct.com\/wp-content\/uploads\/2025\/07\/Acrylic-Photo-Frames.jpg 800w, https:\/\/customacrylicproduct.com\/wp-content\/uploads\/2025\/07\/Acrylic-Photo-Frames-300x300.jpg 300w, https:\/\/customacrylicproduct.com\/wp-content\/uploads\/2025\/07\/Acrylic-Photo-Frames-150x150.jpg 150w, https:\/\/customacrylicproduct.com\/wp-content\/uploads\/2025\/07\/Acrylic-Photo-Frames-768x768.jpg 768w, https:\/\/customacrylicproduct.com\/wp-content\/uploads\/2025\/07\/Acrylic-Photo-Frames-12x12.jpg 12w, https:\/\/customacrylicproduct.com\/wp-content\/uploads\/2025\/07\/Acrylic-Photo-Frames-600x600.jpg 600w, https:\/\/customacrylicproduct.com\/wp-content\/uploads\/2025\/07\/Acrylic-Photo-Frames-100x100.jpg 100w\" sizes=\"(max-width: 800px) 100vw, 800px\" \/><\/a><\/p>\n<h3 id=\"-section-2-the-art-of-appearance-minimal-style-optimum-effect-\"><strong>Sezione 2: L'arte dell'apparire: stile minimo, effetto ottimale\u00a0<\/strong>.<\/h3>\n<p>La nostra ideologia stilistica \u00e8 semplice: la cornice deve abbinarsi, mai competere con la fotografia. Il fascino integrale dell'acrilico ci permette di sviluppare schermi che sono allo stesso tempo sottili e sorprendenti.<\/p>\n<ul>\n<li><strong>Una visione della modernit\u00e0:\u00a0<\/strong>La disposizione a blocchi senza cornice \u00e8 l'epitome dell'eleganza contemporanea. Le sue linee pulite e il suo corpo chiaro sviluppano una sensazione di leggerezza e ventilazione che si integra perfettamente in qualsiasi tipo di stile decorativo, da quello minimalista e contemporaneo a quello eclettico e senza tempo. Che sia appeso a una parete o posizionato sul piano di un tavolo, il quadro aggiunge un tocco di raffinatezza, creando un ambiente fragile e curato.<\/li>\n<li><strong>Uno spettro di colori personalizzati:\u00a0<\/strong>Mentre la bellezza dell'acrilico trasparente \u00e8 senza tempo, noi offriamo un mondo di opportunit\u00e0 di colore per soddisfare la vostra visione. Potete scegliere un blocco di tonalit\u00e0 forti, come il delicato e trendy mix di viola chiaro e trasparente mostrato nell'esempio, per aggiungere un tocco di carattere. Possiamo anche creare magnifici effetti di sfumatura che passano da un colore all'altro, o integrare la stampa UV a colori per trasformare la cornice stessa in una tela. Questa comodit\u00e0 consente di ottenere una struttura semplice e discreta, oppure forte e personalizzata.<\/li>\n<\/ul>\n<h3 id=\"-section-3-the-power-of-customization-modification-without-limits-\"><strong>Sezione 3: Il potere della personalizzazione - Modifica senza limiti\u00a0<\/strong>.<\/h3>\n<p>Ogni fotografia racconta una storia diversa e la sua cornice deve essere altrettanto speciale. Le nostre capacit\u00e0 di produzione su misura vi permettono di realizzare una struttura perfettamente personalizzata in base alle vostre specifiche esigenze.<\/p>\n<ul>\n<li><strong>Dimensionamento flessibile e preciso:\u00a0<\/strong>Offriamo la massima libert\u00e0 nella personalizzazione delle dimensioni. Da una piccola foto d'identit\u00e0 o da un ricordo in formato medaglione a una stampa di base 4\u00d76, a un'immagine ufficiale 8\u00d710 o a un capolavoro di grande formato per i membri della famiglia, possiamo realizzare una cornice secondo le vostre esatte misure. Questa precisione garantisce un'ottima vestibilit\u00e0 per ogni foto, eliminando spazi vuoti o ritagli imbarazzanti e offrendo la vostra immagine proprio come \u00e8 stata progettata.<\/li>\n<li><strong>Forme diverse e significative:\u00a0<\/strong>Rompete le righe senza la forma rettangolare convenzionale. Vi diamo la possibilit\u00e0 di scegliere una forma che includa un ulteriore livello di implicazione nella vostra memoria. Un cerchio senza tempo pu\u00f2 simboleggiare l'unit\u00e0 e il tempo infinito. Una cornice a forma di cuore \u00e8 il contenitore ideale e romantico per la foto di un matrimonio o di un anniversario. Possiamo anche produrre forme speciali e personalizzate per onorare un evento particolare: una stella per un traguardo raggiunto da un bambino, la sagoma di un animale per un animale domestico amato o persino una forma che si abbina al logo di un'azienda per un premio famoso. La forma entra nella narrazione.<\/li>\n<\/ul>\n<p><a href=\"https:\/\/customacrylicproduct.com\/it\/bespoke-acrylic-photo-frames-magnetic-photo-frame-wholesaler\/\"><img decoding=\"async\" class=\"aligncenter wp-image-719 size-full\" src=\"https:\/\/customacrylicproduct.com\/wp-content\/uploads\/2025\/07\/Acrylic-Photo-Frames-3.jpg\" alt=\"Cornici per foto in acrilico\" width=\"800\" height=\"800\" srcset=\"https:\/\/customacrylicproduct.com\/wp-content\/uploads\/2025\/07\/Acrylic-Photo-Frames-3.jpg 800w, https:\/\/customacrylicproduct.com\/wp-content\/uploads\/2025\/07\/Acrylic-Photo-Frames-3-300x300.jpg 300w, https:\/\/customacrylicproduct.com\/wp-content\/uploads\/2025\/07\/Acrylic-Photo-Frames-3-150x150.jpg 150w, https:\/\/customacrylicproduct.com\/wp-content\/uploads\/2025\/07\/Acrylic-Photo-Frames-3-768x768.jpg 768w, https:\/\/customacrylicproduct.com\/wp-content\/uploads\/2025\/07\/Acrylic-Photo-Frames-3-12x12.jpg 12w, https:\/\/customacrylicproduct.com\/wp-content\/uploads\/2025\/07\/Acrylic-Photo-Frames-3-600x600.jpg 600w, https:\/\/customacrylicproduct.com\/wp-content\/uploads\/2025\/07\/Acrylic-Photo-Frames-3-100x100.jpg 100w\" sizes=\"(max-width: 800px) 100vw, 800px\" \/><\/a><\/p>\n<h3 id=\"-section-4-ingenious-by-design-performance-meets-creativity-\"><strong>Sezione 4: Genialit\u00e0 del design: le prestazioni incontrano la creativit\u00e0\u00a0<\/strong>.<\/h3>\n<p>Uno stile fantastico non \u00e8 solo l'aspetto, ma anche il funzionamento. Abbiamo incorporato attributi brillanti che rendono le nostre strutture un piacere da usare e personalizzare.<\/p>\n<ul>\n<li><strong>Montaggio magnetico semplice e facile:\u00a0<\/strong>Dite addio alle linguette fragili e ai supporti complessi. Molti dei nostri modelli sono dotati di un efficace sistema di chiusura magnetica o a scatto. La struttura contiene due blocchi acrilici tenuti insieme da piccoli e incredibilmente solidi magneti incorporati nei bordi. In questo modo \u00e8 possibile aprire la struttura, inserire la foto e chiuderla in pochi secondi. Trasformare le immagini \u00e8 semplicissimo e consente di mantenere il display fresco di nuovi ricordi ogni volta che lo si desidera.<\/li>\n<li><strong>Personalizzazione illimitata con stampa e iscrizione:\u00a0<\/strong>\u00c8 qui che una splendida cornice diventa un ricordo straordinario. Grazie all'utilizzo di tecnologie moderne all'avanguardia, possiamo aggiungere un ultimo livello di personalizzazione.<\/li>\n<li><strong>Stampa UV:\u00a0<\/strong>Possiamo stampare qualsiasi immagine, motivo o layout ad alta risoluzione direttamente sull'acrilico. Pu\u00f2 trattarsi dell'emblema di una famiglia, di un fragile motivo floreale o della sagoma di un cane domestico.<\/li>\n<li><strong>Iscrizione laser:\u00a0<\/strong>Per un tocco raffinato, elegante e duraturo, possiamo incidere al laser testi o loghi. Includete il giorno della celebrazione del matrimonio, un verso di una filastrocca, il nome e la data di nascita di un bambino o una vera e propria benedizione di cuore. In questo modo la cornice diventa un oggetto davvero speciale e profondamente personale.<\/li>\n<\/ul>\n<h3 id=\"-section-5-where-memories-live-perfect-for-each-situation-\"><strong>Sezione 5: Dove vivono i ricordi - Perfetto per ogni situazione\u00a0<\/strong>.<\/h3>\n<p>La convenienza e la raffinatezza dei nostri <a href=\"https:\/\/customacrylicproduct.com\/it\/custom-acrylic-crafts\/\">cornici in acrilico<\/a> li rendono perfetti per un'ampia variet\u00e0 di utilizzi.<\/p>\n<ul>\n<li><strong>Per il design della casa:\u00a0<\/strong>Incorporate senza problemi i vostri ricordi pi\u00f9 preziosi nel vostro spazio vitale. Realizzate una spettacolare galleria murale in salotto che racconti la storia della vostra famiglia. Mettete un minuto di calore sul comodino della camera da letto. Preparate una serie di immagini di viaggio sulla scrivania del vostro ufficio. Lo stile trasparente e minimalista fa s\u00ec che le cornici valorizzino qualsiasi tipo di design interno senza creare disordine visivo.<\/li>\n<li><strong>Il Front Runner per il presente:\u00a0<\/strong>Quando avete bisogno di un regalo che sia allo stesso tempo attraente e profondamente individuale, una cornice in acrilico personalizzata \u00e8 la soluzione eccellente. Compensate una cornice a forma di cuore per l'immagine del matrimonio di un amico. Create una collezione di cornici che registrino il primo anno di crescita di un bambino per i nuovi genitori. Incidete una data unica per un regalo di anniversario. Si tratta di un gesto unico e premuroso che trasmette amore e celebrazione come nessun prodotto standard pu\u00f2 fare.<\/li>\n<\/ul>\n<p><a href=\"https:\/\/customacrylicproduct.com\/it\/bespoke-acrylic-photo-frames-magnetic-photo-frame-wholesaler\/\"><img decoding=\"async\" class=\"aligncenter wp-image-718 size-full\" src=\"https:\/\/customacrylicproduct.com\/wp-content\/uploads\/2025\/07\/Acrylic-Photo-Frames-2.jpg\" alt=\"Cornici per foto in acrilico\" width=\"800\" height=\"800\" srcset=\"https:\/\/customacrylicproduct.com\/wp-content\/uploads\/2025\/07\/Acrylic-Photo-Frames-2.jpg 800w, https:\/\/customacrylicproduct.com\/wp-content\/uploads\/2025\/07\/Acrylic-Photo-Frames-2-300x300.jpg 300w, https:\/\/customacrylicproduct.com\/wp-content\/uploads\/2025\/07\/Acrylic-Photo-Frames-2-150x150.jpg 150w, https:\/\/customacrylicproduct.com\/wp-content\/uploads\/2025\/07\/Acrylic-Photo-Frames-2-768x768.jpg 768w, https:\/\/customacrylicproduct.com\/wp-content\/uploads\/2025\/07\/Acrylic-Photo-Frames-2-12x12.jpg 12w, https:\/\/customacrylicproduct.com\/wp-content\/uploads\/2025\/07\/Acrylic-Photo-Frames-2-600x600.jpg 600w, https:\/\/customacrylicproduct.com\/wp-content\/uploads\/2025\/07\/Acrylic-Photo-Frames-2-100x100.jpg 100w\" sizes=\"(max-width: 800px) 100vw, 800px\" \/><\/a><\/p>\n<h3 id=\"-the-dealer-s-advantage-your-companion-in-costs-presentation-\"><strong>Il vantaggio del concessionario: Il vostro compagno nella presentazione dei costi\u00a0<\/strong>.<\/h3>\n<p>Come distributori diretti, siamo in una posizione privilegiata per offrire ai nostri clienti B2B, tra cui rivenditori, clienti di regali aziendali, fotografi professionisti e organizzatori di occasioni.<\/p>\n<ul>\n<li><strong>Per i rivenditori:\u00a0<\/strong>Offrite ai vostri clienti un articolo costoso e ad alto margine di guadagno che si distingue dai modelli di base. Forniamo tariffe di massa accattivanti e possiamo sviluppare stili esclusivi per il vostro marchio.<\/li>\n<li><strong>Per i regali aziendali:\u00a0<\/strong>Emozionate i clienti e incentivate i dipendenti con un regalo avanzato e di marca. Possiamo incidere il logo della vostra azienda e un messaggio di apprezzamento su ogni cornice per onorificenze, regali di Natale o omaggi per eventi.<\/li>\n<li><strong>Per i fotografi:\u00a0<\/strong>Aumentate le vostre discussioni e offrite ai clienti un pacchetto di qualit\u00e0 superiore. Le nostre strutture offrono un modo spettacolare e di qualit\u00e0 archivistica per mostrare il vostro lavoro, aggiungendo un valore considerevole ai vostri servizi.<\/li>\n<\/ul>\n<h3 id=\"-area-6-easy-maintenance-and-enduring-luster-\"><strong>Area 6: Manutenzione semplice e lucentezza duratura\u00a0<\/strong>.<\/h3>\n<p>La nostra azienda crede che valorizzare i ricordi debba essere una soddisfazione, non una fatica. Le nostre strutture in acrilico sono sviluppate per una vita di fascino senza complicazioni.<\/p>\n<ul>\n<li><strong>Semplice da pulire:\u00a0<\/strong>La superficie liscia e non porosa resiste allo sporco e alle macchie. Quando \u00e8 necessario pulirla, basta una semplice pulizia con un asciugamano morbido, asciutto o leggermente bagnato per ripristinare la sua fantastica lucentezza. Non sono necessari prodotti chimici o detergenti speciali.<\/li>\n<li><strong>Eccellente resistenza agli agenti atmosferici e all'invecchiamento:\u00a0<\/strong>Il nostro acrilico di alta qualit\u00e0 \u00e8 formulato per resistere agli impatti del tempo e della luce. Non ingiallisce, non si annebbia e non si scolorisce, anche dopo anni di esposizione interna. Protegge le vostre foto dagli aspetti e garantisce che sia l'immagine che il suo splendido involucro rimangano in condizioni ideali per decenni.<\/li>\n<\/ul>\n<p><strong>Chiamateci oggi stesso per iniziare a creare il vostro <a href=\"https:\/\/customacrylicproduct.com\/it\/bespoke-acrylic-photo-frames-magnetic-photo-frame-wholesaler\/\">cornice personalizzata in acrilico<\/a>, o per esaminare le vostre richieste di vendita all'ingrosso. Permetteteci di aiutarvi a conservare e offrire i vostri momenti pi\u00f9 preziosi con la chiarezza, la raffinatezza e la massima qualit\u00e0 che meritano.\u00a0<\/strong>.<\/p>","protected":false},"excerpt":{"rendered":"<p>Principale grossista di moderne cornici magnetiche in acrilico. Offriamo servizi completamente su misura per dimensioni, forme e logo personalizzati. Le nostre cornici cristalline e resistenti sono la soluzione perfetta per rivenditori, regali aziendali e fotografi professionisti. Contattateci per un preventivo competitivo!<\/p>","protected":false},"featured_media":720,"template":"","meta":{"_kad_post_transparent":"default","_kad_post_title":"","_kad_post_layout":"default","_kad_post_sidebar_id":"","_kad_post_content_style":"default","_kad_post_vertical_padding":"default","_kad_post_feature":"","_kad_post_feature_position":"","_kad_post_header":false,"_kad_post_footer":false,"_kad_post_classname":""},"product_brand":[],"product_cat":[20],"product_tag":[70,65],"class_list":{"0":"post-716","1":"product","2":"type-product","3":"status-publish","4":"has-post-thumbnail","6":"product_cat-custom-acrylic-crafts","7":"product_tag-acrylic-photo-frames","8":"product_tag-custom-acrylic-crafts","10":"first","11":"instock","12":"shipping-taxable","13":"product-type-simple","14":"entry","15":"content-bg","16":"loop-entry"},"_links":{"self":[{"href":"https:\/\/customacrylicproduct.com\/it\/wp-json\/wp\/v2\/product\/716","targetHints":{"allow":["GET"]}}],"collection":[{"href":"https:\/\/customacrylicproduct.com\/it\/wp-json\/wp\/v2\/product"}],"about":[{"href":"https:\/\/customacrylicproduct.com\/it\/wp-json\/wp\/v2\/types\/product"}],"wp:featuredmedia":[{"embeddable":true,"href":"https:\/\/customacrylicproduct.com\/it\/wp-json\/wp\/v2\/media\/720"}],"wp:attachment":[{"href":"https:\/\/customacrylicproduct.com\/it\/wp-json\/wp\/v2\/media?parent=716"}],"wp:term":[{"taxonomy":"product_brand","embeddable":true,"href":"https:\/\/customacrylicproduct.com\/it\/wp-json\/wp\/v2\/product_brand?post=716"},{"taxonomy":"product_cat","embeddable":true,"href":"https:\/\/customacrylicproduct.com\/it\/wp-json\/wp\/v2\/product_cat?post=716"},{"taxonomy":"product_tag","embeddable":true,"href":"https:\/\/customacrylicproduct.com\/it\/wp-json\/wp\/v2\/product_tag?post=716"}],"curies":[{"name":"wp","href":"https:\/\/api.w.org\/{rel}","templated":true}]}}