{"id":721,"date":"2025-07-07T10:51:32","date_gmt":"2025-07-07T10:51:32","guid":{"rendered":"https:\/\/customacrylicproduct.com\/?post_type=product&#038;p=721"},"modified":"2025-07-07T12:38:24","modified_gmt":"2025-07-07T12:38:24","slug":"personalized-multi-layer-acrylic-display-stands-storage-rack","status":"publish","type":"product","link":"https:\/\/customacrylicproduct.com\/it\/personalized-multi-layer-acrylic-display-stands-storage-rack\/","title":{"rendered":"Personalizzato multistrato acrilico Display Stands Storage Rack"},"content":{"rendered":"<h3 id=\"-title-release-your-collection-the-personalized-multi-layer-polymer-show-stand-storage-space-shelf-\"><strong>Titolo: Libera la tua collezione: Lo scaffale personalizzato multistrato per esposizioni di polimeri e spazio di archiviazione\u00a0<\/strong>.<\/h3>\n<p>Ogni collezione racconta una storia. \u00c8 una storia di passione, impegno e piacere dell'esplorazione. Che si tratti di un esercito di numeri accuratamente compilati, di una selezione curata di giocattoli dinamici e alla moda, di un vinile d'arte non comune o di una pregiata gamma di cosmetici di lusso, questi prodotti sono pi\u00f9 che semplici oggetti: sono espansioni della vostra personalit\u00e0 e una testimonianza delle vostre preferenze. Eppure, spesso questi premi sono nascosti in scatole, ammassati su scaffali comuni o nascosti nel disordine della vita quotidiana.<\/p>\n<p>E se poteste trasformare questo disordine in un evento curato? E se poteste offrire alla vostra collezione le luci della ribalta che le spettano, trasformando qualsiasi angolo della vostra casa o del vostro negozio in una spettacolare esposizione in stile galleria?<\/p>\n<p>Presentiamo il massimo servizio per le agenzie di riscossione e i negozi di costi esigenti: il\u00a0<a href=\"https:\/\/customacrylicproduct.com\/it\/personalized-multi-layer-acrylic-display-stands-storage-rack\/\"><strong>Espositore personalizzato in polimeri multistrato\u00a0<\/strong><\/a>. Non si tratta di un semplice portaoggetti, ma di un palcoscenico architettonico, di un sistema modulare realizzato per bellezza e di un santuario cristallino creato per salvaguardare, sistemare e valorizzare gli oggetti che amate. Superate la semplice conservazione e iniziate l'arte della presentazione.<\/p>\n<h3 id=\"-area-1-the-heart-of-the-stand-uncompromising-product-pureness-\"><strong>Area 1: Il cuore dello stand - Purezza del prodotto senza compromessi\u00a0<\/strong>.<\/h3>\n<p>La qualit\u00e0 di un espositore inizia dalla purezza dei suoi prodotti. Abbiamo selezionato con cura il miglior acrilico ad alta purezza per garantire che la vostra collezione sia presentata senza compromessi e protetta per molti anni a venire.<\/p>\n<ul>\n<li><strong>Brillantezza cristallina:\u00a0<\/strong>Realizzati in acrilico ad alta purezza di grado archivistico, i nostri supporti offrono un passaggio di luce chiaro e trasparente come il cristallo. Questa straordinaria chiarezza garantisce che ogni informazione dettagliata, ogni sfumatura raffinata e ogni fragile consistenza degli oggetti presentati venga recuperata e presentata nella sua forma pi\u00f9 autentica. A differenza delle plastiche di qualit\u00e0 inferiore, che possono avere una tonalit\u00e0 torbida o blu, il nostro materiale permette alla luce di passare senza ostacoli, immergendo la vostra collezione in uno splendore luminescente che ne esalta il fascino estetico.<\/li>\n<li><strong>Progettato per garantire longevit\u00e0 e resistenza:\u00a0<\/strong>Un supporto per schermi deve essere un guardiano inflessibile. Il nostro acrilico ha una consistenza forte e robusta, notevolmente resistente alle cadute e all'usura quotidiana. \u00c8 realizzato per resistere a deformazioni o fratture, mantenendo le sue belle condizioni anche sotto il peso di una collezione completa e dopo un uso prolungato. Questa robustezza offre una piattaforma stabile e protetta per ospitare i vostri prodotti pi\u00f9 preziosi.<\/li>\n<li><strong>Un impegno per la sicurezza e la conservazione:\u00a0<\/strong>La vostra collezione non ha prezzo. Il nostro materiale acrilico \u00e8 completamente atossico e rispettoso dell'ambiente, e garantisce che non dannegger\u00e0 mai, non scolorir\u00e0 mai e non si impegner\u00e0 chimicamente con le figure presentate, i giocattoli di tendenza o altri oggetti da collezione sensibili. Funziona come una barriera neutra e protettiva, proteggendo il vostro investimento da elementi non sicuri e garantendovi la massima sicurezza.<\/li>\n<\/ul>\n<p><a href=\"https:\/\/customacrylicproduct.com\/it\/personalized-multi-layer-acrylic-display-stands-storage-rack\/\"><img fetchpriority=\"high\" decoding=\"async\" class=\"aligncenter wp-image-723 size-full\" src=\"https:\/\/customacrylicproduct.com\/wp-content\/uploads\/2025\/07\/Multi-Layer-Acrylic-Display-Stand-2.jpg\" alt=\"Espositori acrilici multistrato\" width=\"800\" height=\"800\" srcset=\"https:\/\/customacrylicproduct.com\/wp-content\/uploads\/2025\/07\/Multi-Layer-Acrylic-Display-Stand-2.jpg 800w, https:\/\/customacrylicproduct.com\/wp-content\/uploads\/2025\/07\/Multi-Layer-Acrylic-Display-Stand-2-300x300.jpg 300w, https:\/\/customacrylicproduct.com\/wp-content\/uploads\/2025\/07\/Multi-Layer-Acrylic-Display-Stand-2-150x150.jpg 150w, https:\/\/customacrylicproduct.com\/wp-content\/uploads\/2025\/07\/Multi-Layer-Acrylic-Display-Stand-2-768x768.jpg 768w, https:\/\/customacrylicproduct.com\/wp-content\/uploads\/2025\/07\/Multi-Layer-Acrylic-Display-Stand-2-12x12.jpg 12w, https:\/\/customacrylicproduct.com\/wp-content\/uploads\/2025\/07\/Multi-Layer-Acrylic-Display-Stand-2-600x600.jpg 600w, https:\/\/customacrylicproduct.com\/wp-content\/uploads\/2025\/07\/Multi-Layer-Acrylic-Display-Stand-2-100x100.jpg 100w\" sizes=\"(max-width: 800px) 100vw, 800px\" \/><\/a><\/p>\n<h3 id=\"-section-2-architectural-liberty-the-genius-of-modular-design-\"><strong>Sezione 2: Libert\u00e0 architettonica - Il genio del design modulare\u00a0<\/strong>.<\/h3>\n<p>Il nostro team ritiene che il vostro paravento debba adattarsi alla vostra collezione, e non viceversa. Il nostro stile intelligente e modulare si avvale di una versatilit\u00e0 senza pari, consentendovi di creare uno schermo espositivo che si adatti perfettamente alla vostra area e ai vostri prodotti.<\/p>\n<ul>\n<li><strong>Il vostro presente, le vostre politiche: Il potere della modularit\u00e0:\u00a0<\/strong>La nostra ingegnosa struttura modulare di giunzione vi libera dai vincoli dei mobili a design fisso. Vi permette di diventare il designer del vostro schermo, combinando liberamente la variet\u00e0 di strati di cui avete bisogno e dettando la disposizione di ogni livello. Potete creare una configurazione quadrata tradizionale, una disposizione sfalsata dinamica e irregolare o qualsiasi combinazione che si adatti alla vostra estetica. Man mano che la vostra collezione cresce, il vostro supporto pu\u00f2 espandersi con essa, semplicemente aggiungendo altri componenti.<\/li>\n<li><strong>Scintillio verticale: Massimizzare lo spazio con raffinatezza:\u00a0<\/strong>Lo stile multistrato \u00e8 un'ottima opzione per ampliare la capacit\u00e0 dello schermo senza occupare spazio prezioso sul pavimento. Sviluppandosi in verticale, \u00e8 possibile ospitare una collezione significativa in un ingombro ridotto. Possiamo scegliere razionalmente l'altezza di ogni strato per soddisfare le specifiche esigenze espositive di oggetti d'antiquariato di diverse dimensioni, dai piccoli numeri dettagliati alle sculture alte e imponenti.<\/li>\n<li><strong>Sviluppare il ritmo estetico e la misura:\u00a0<\/strong>Regolando l'intervallo tra gli strati, \u00e8 possibile sviluppare un magnifico effetto estetico a gradini o a ribalta. In questo modo non ci si limita a sistemare, ma si sviluppa una sensazione di profondit\u00e0 e gerarchia, dirigendo l'occhio del cliente lungo tutta la collezione. Questa presentazione tridimensionale evita l'opacit\u00e0 visiva e trasforma un semplice gruppo di articoli in un'esposizione vivace e coinvolgente.<\/li>\n<\/ul>\n<h3 id=\"-section-3-the-art-of-the-individual-unmatched-modification-\"><strong>Sezione 3: L'arte dell'individuo - Modifica ineguagliabile\u00a0<\/strong>.<\/h3>\n<p>\u00c8 qui che la vostra visione si ravviva davvero. Per noi la \u201cpersonalizzazione\u201d non \u00e8 un ripensamento, ma il cuore del nostro approccio. Lavoriamo con voi per creare un espositore che sia un vero e proprio sviluppo distintivo.<\/p>\n<ul>\n<li><strong>Dimensioni su misura per la precisione:\u00a0<\/strong>Comunicateci le dimensioni della vostra area - che si tratti di uno scaffale, di un piano d'appoggio o di una postazione di vendita al dettaglio - e la variet\u00e0 di oggetti della vostra collezione. Noi imposteremo in modo appropriato la lunghezza, la larghezza e l'altezza totale dell'espositore per creare un adattamento ideale e senza soluzione di continuit\u00e0.<\/li>\n<li><strong>Una combinazione di possibilit\u00e0:\u00a0<\/strong>Sebbene il design standard chiaro sia sempre preferito per la sua capacit\u00e0 di rendere la collezione protagonista, offriamo una variet\u00e0 di scelte cromatiche per integrare perfettamente lo stand nello stile della vostra casa o del vostro negozio.<\/li>\n<li><strong>Acrilico smerigliato:\u00a0<\/strong>Offre un aspetto morbido, diffuso e contemporaneo che riduce il bagliore e include un tocco di sottile raffinatezza.<\/li>\n<li><strong>Acrilico colorato:\u00a0<\/strong>Scegliete tra uno spettro di tonalit\u00e0, dal bianco o nero pi\u00f9 semplice ai colori pi\u00f9 dinamici, per abbinare il vostro marchio o il vostro design interno.<\/li>\n<li><strong>Il tocco del marchio: Iscrizione laser personalizzata:\u00a0<\/strong>\u00c8 l'ultima rifinitura che trasforma il vostro espositore da un mobile attraente a un manufatto personale. Possiamo utilizzare la precisione dell'incisione laser sui bordi, sulla base o sui piatti frontali per aggiungere disegni esclusivi di loghi, motivi tematici, il nome della vostra collezione o un giorno significativo. Ci\u00f2 \u00e8 ottimale per il branding in un ambiente di vendita al dettaglio o per aggiungere un tocco profondamente individuale a una collezione domestica.<\/li>\n<\/ul>\n<p><a href=\"https:\/\/customacrylicproduct.com\/it\/personalized-multi-layer-acrylic-display-stands-storage-rack\/\"><img decoding=\"async\" class=\"aligncenter wp-image-724 size-full\" src=\"https:\/\/customacrylicproduct.com\/wp-content\/uploads\/2025\/07\/Multi-Layer-Acrylic-Display-Stand-3.jpg\" alt=\"Espositori acrilici multistrato\" width=\"800\" height=\"800\" srcset=\"https:\/\/customacrylicproduct.com\/wp-content\/uploads\/2025\/07\/Multi-Layer-Acrylic-Display-Stand-3.jpg 800w, https:\/\/customacrylicproduct.com\/wp-content\/uploads\/2025\/07\/Multi-Layer-Acrylic-Display-Stand-3-300x300.jpg 300w, https:\/\/customacrylicproduct.com\/wp-content\/uploads\/2025\/07\/Multi-Layer-Acrylic-Display-Stand-3-150x150.jpg 150w, https:\/\/customacrylicproduct.com\/wp-content\/uploads\/2025\/07\/Multi-Layer-Acrylic-Display-Stand-3-768x768.jpg 768w, https:\/\/customacrylicproduct.com\/wp-content\/uploads\/2025\/07\/Multi-Layer-Acrylic-Display-Stand-3-12x12.jpg 12w, https:\/\/customacrylicproduct.com\/wp-content\/uploads\/2025\/07\/Multi-Layer-Acrylic-Display-Stand-3-600x600.jpg 600w, https:\/\/customacrylicproduct.com\/wp-content\/uploads\/2025\/07\/Multi-Layer-Acrylic-Display-Stand-3-100x100.jpg 100w\" sizes=\"(max-width: 800px) 100vw, 800px\" \/><\/a><\/p>\n<h3 id=\"-section-4-the-art-of-presentation-the-unrivaled-show-impact-\"><strong>Sezione 4: L'arte della presentazione - L'impatto impareggiabile dello spettacolo\u00a0<\/strong>.<\/h3>\n<p>Uno stand ben progettato non si limita a contenere i prodotti, ma li valorizza, creando un'esperienza per il cliente.<\/p>\n<ul>\n<li><strong>Un teatro a tutto tondo:\u00a0<\/strong>Il prodotto molto trasparente permette di apprezzare la vostra collezione a 360 gradi, senza angoli morti. Il pubblico pu\u00f2 apprezzare ogni elemento dei vostri oggetti d'antiquariato, dalle informazioni frontali ai complessi layout sul retro e sui lati.<\/li>\n<li><strong>La danza della luce e delle tenebre:\u00a0<\/strong>Quando la luce ambientale o dedicata passa attraverso l'acrilico cristallino, proietta eleganti effetti di luce e oscurit\u00e0 sugli articoli. Questa interazione di luce conferisce allo schermo un aspetto professionale e museale, migliorando notevolmente l'esperienza di acquisto e rendendo ogni articolo pi\u00f9 vivo.<\/li>\n<li><strong>Chiarezza curata: La vostra \u201cpiccola sala eventi\u201d:\u00a0<\/strong>Lo stile multistrato e suddiviso \u00e8 il migliore per la classificazione. Organizzate la vostra collezione per collezione, motivo, musicista o tonalit\u00e0. Questa strategia chiara e ben organizzata non \u00e8 solo soddisfacente dal punto di vista estetico, ma rende anche molto facile per gli spettatori identificare e valutare immediatamente le diverse parti della vostra collezione. Trasforma una semplice variet\u00e0 in una \u201cpiccola sala eventi\u201d attentamente curata che racconta una storia significativa.<\/li>\n<\/ul>\n<h3 id=\"-area-5-from-home-shelter-to-retail-showcase-versatile-circumstances-\"><strong>Area 5: Da rifugio domestico a vetrina per la vendita al dettaglio - Circostanze versatili\u00a0<\/strong>.<\/h3>\n<p>La raffinatezza e la versatilit\u00e0 dei nostri stand li rendono perfettamente adatti a un'ampia gamma di applicazioni.<\/p>\n<ul>\n<li><strong>Per l'Agenzia di riscossione a domicilio:\u00a0<\/strong>Trasformate un angolo del soggiorno, dello studio o della camera da letto in un angolo dedicato alla \u201ccollezione di schermi\u201d. Questo stand diventa una dichiarazione d'onore del vostro entusiasmo e un punto di riferimento spettacolare che mette in mostra il vostro gusto personale. \u00c8 un punto di partenza per le discussioni e una fonte di felicit\u00e0 quotidiana quando si apprezza la propria collezione ben disposta.<\/li>\n<li><strong>Per il venditore specializzato:\u00a0<\/strong>In un negozio di giocattoli, uno studio di numeri o un negozio alla moda, la discussione \u00e8 fondamentale. I nostri stand fungono da efficaci \u201cvenditori silenziosi\u201d. Forniscono chiaramente il fascino e i dettagli del prodotto, attirando l'interesse del cliente e sviluppando un'atmosfera premium e organizzata per il vostro negozio. Uno schermo di classe eleva il valore percepito dei vostri prodotti e contribuisce a migliorare l'esperienza del consumatore e a incrementare le vendite.<\/li>\n<\/ul>\n<p><a href=\"https:\/\/customacrylicproduct.com\/it\/custom-acrylic-displays\/\"><img decoding=\"async\" class=\"aligncenter wp-image-722 size-full\" src=\"https:\/\/customacrylicproduct.com\/wp-content\/uploads\/2025\/07\/Multi-Layer-Acrylic-Display-Stand-1.jpg\" alt=\"Espositori acrilici multistrato\" width=\"800\" height=\"800\" srcset=\"https:\/\/customacrylicproduct.com\/wp-content\/uploads\/2025\/07\/Multi-Layer-Acrylic-Display-Stand-1.jpg 800w, https:\/\/customacrylicproduct.com\/wp-content\/uploads\/2025\/07\/Multi-Layer-Acrylic-Display-Stand-1-300x300.jpg 300w, https:\/\/customacrylicproduct.com\/wp-content\/uploads\/2025\/07\/Multi-Layer-Acrylic-Display-Stand-1-150x150.jpg 150w, https:\/\/customacrylicproduct.com\/wp-content\/uploads\/2025\/07\/Multi-Layer-Acrylic-Display-Stand-1-768x768.jpg 768w, https:\/\/customacrylicproduct.com\/wp-content\/uploads\/2025\/07\/Multi-Layer-Acrylic-Display-Stand-1-12x12.jpg 12w, https:\/\/customacrylicproduct.com\/wp-content\/uploads\/2025\/07\/Multi-Layer-Acrylic-Display-Stand-1-600x600.jpg 600w, https:\/\/customacrylicproduct.com\/wp-content\/uploads\/2025\/07\/Multi-Layer-Acrylic-Display-Stand-1-100x100.jpg 100w\" sizes=\"(max-width: 800px) 100vw, 800px\" \/><\/a><\/p>\n<h3 id=\"-area-6-simpleness-in-type-and-function-easy-installment-upkeep-\"><strong>Area 6: Semplicit\u00e0 nel tipo e nella funzione - facilit\u00e0 di installazione e manutenzione\u00a0<\/strong>.<\/h3>\n<p>Crediamo che un layout sofisticato debba essere accompagnato da una semplicit\u00e0 immediata.<\/p>\n<ul>\n<li><strong>Impostazione intuitiva e senza attrezzi:\u00a0<\/strong>La struttura modulare di giunzione \u00e8 stata sviluppata per un'impostazione rapida e semplice. Non sono necessari strumenti complessi o abilit\u00e0 tecnologiche. Seguendo le semplici istruzioni, gli elementi si agganciano in modo sicuro, consentendo di montare o smontare il supporto in pochi minuti. In questo modo \u00e8 possibile spostare, pulire o riconfigurare lo schermo in base alle proprie esigenze in modo estremamente semplice.<\/li>\n<li><strong>Lucentezza a lungo termine, facilit\u00e0 di manutenzione:\u00a0<\/strong>Mantenere un aspetto cristallino \u00e8 semplice. La superficie acrilica liscia e non porosa non nasconde la polvere. Per la manutenzione quotidiana, \u00e8 sufficiente una leggera passata con un panno morbido e completamente asciutto per eliminare polvere e impronte digitali. Il supporto rimarr\u00e0 trasparente e pulito, garantendo l'effetto espositivo della vostra collezione sempre in rete e sempre notevole.<\/li>\n<\/ul>\n<p><strong>Smettete di nascondere la vostra collezione. Iniziate a commemorarla. Chiamateci oggi stesso per iniziare a progettare la vostra collezione personalizzata. <a href=\"https:\/\/customacrylicproduct.com\/it\/custom-acrylic-displays\/\">espositore in acrilico multistrato<\/a> e produrre la sala per eventi speciali che vi interessa.\u00a0<\/strong>.<\/p>","protected":false},"excerpt":{"rendered":"<p>Elevate la vostra collezione con un espositore acrilico multistrato personalizzato. Realizziamo livelli di dimensioni personalizzate per esporre perfettamente figure, cosmetici o articoli di vendita al dettaglio. Ottenete un look durevole, moderno e privo di ingombri per la vostra casa o azienda. Progettate il vostro espositore ideale e richiedete un preventivo oggi stesso!<\/p>","protected":false},"featured_media":726,"template":"","meta":{"_kad_post_transparent":"default","_kad_post_title":"","_kad_post_layout":"default","_kad_post_sidebar_id":"","_kad_post_content_style":"default","_kad_post_vertical_padding":"default","_kad_post_feature":"","_kad_post_feature_position":"","_kad_post_header":false,"_kad_post_footer":false,"_kad_post_classname":""},"product_brand":[],"product_cat":[15],"product_tag":[72,46,71],"class_list":{"0":"post-721","1":"product","2":"type-product","3":"status-publish","4":"has-post-thumbnail","6":"product_cat-custom-acrylic-displays","7":"product_tag-acrylic-display-stand","8":"product_tag-custom-acrylic-display-stands","9":"product_tag-multi-layer-acrylic-display-stand","11":"first","12":"instock","13":"shipping-taxable","14":"product-type-simple","15":"entry","16":"content-bg","17":"loop-entry"},"_links":{"self":[{"href":"https:\/\/customacrylicproduct.com\/it\/wp-json\/wp\/v2\/product\/721","targetHints":{"allow":["GET"]}}],"collection":[{"href":"https:\/\/customacrylicproduct.com\/it\/wp-json\/wp\/v2\/product"}],"about":[{"href":"https:\/\/customacrylicproduct.com\/it\/wp-json\/wp\/v2\/types\/product"}],"wp:featuredmedia":[{"embeddable":true,"href":"https:\/\/customacrylicproduct.com\/it\/wp-json\/wp\/v2\/media\/726"}],"wp:attachment":[{"href":"https:\/\/customacrylicproduct.com\/it\/wp-json\/wp\/v2\/media?parent=721"}],"wp:term":[{"taxonomy":"product_brand","embeddable":true,"href":"https:\/\/customacrylicproduct.com\/it\/wp-json\/wp\/v2\/product_brand?post=721"},{"taxonomy":"product_cat","embeddable":true,"href":"https:\/\/customacrylicproduct.com\/it\/wp-json\/wp\/v2\/product_cat?post=721"},{"taxonomy":"product_tag","embeddable":true,"href":"https:\/\/customacrylicproduct.com\/it\/wp-json\/wp\/v2\/product_tag?post=721"}],"curies":[{"name":"wp","href":"https:\/\/api.w.org\/{rel}","templated":true}]}}